{"id":11262,"date":"2015-08-03T09:52:27","date_gmt":"2015-08-03T02:52:27","guid":{"rendered":"https:\/\/www.easydayphuket.com\/de\/phuket-inselhuepfen-ausfluege\/"},"modified":"2024-05-23T10:41:44","modified_gmt":"2024-05-23T03:41:44","slug":"phuket-inselhuepfen","status":"publish","type":"page","link":"https:\/\/www.easydayphuket.com\/de\/phuket-inselhuepfen\/","title":{"rendered":"Phuket Inselh\u00fcpfen"},"content":{"rendered":"\n<p>Phuket Inselh\u00fcpfen &#8211; Ausfl\u00fcge mit Easy Day Phuket. Kommen Sie an Bord und besuchen Sie die sch\u00f6nsten Inseln und Buchten rund um Phuket. Wir veranstalten private Ausfl\u00fcge genauso wie wir Ausfl\u00fcge mit festen Terminen im Angebot haben.<\/p>\n\n\n\n<h2 class=\"wp-block-heading\">Phuket Inselh\u00fcpfen &#8211; Ausfl\u00fcge mit dem Schnellboot<\/h2>\n\n\n\n<figure class=\"wp-block-image alignleft\"><a href=\"https:\/\/www.easydayphuket.com\/wp-content\/uploads\/2014\/05\/Speedboat-Island-hopping.jpg\"><img loading=\"lazy\" decoding=\"async\" width=\"150\" height=\"150\" src=\"https:\/\/www.easydayphuket.com\/wp-content\/uploads\/2014\/05\/Speedboat-Island-hopping-150x150.jpg\" alt=\"Privates Phuket Inselh\u00fcpfen mit dem speedboot\" class=\"wp-image-5091\"\/><\/a><figcaption class=\"wp-element-caption\">Phuket Inselh\u00fcpfen<\/figcaption><\/figure>\n\n\n\n<h3 class=\"wp-block-heading\"><a title=\"Half Day Phuket Island Hopping\" href=\"https:\/\/www.easydayphuket.com\/de\/phuket-inselhuepfen\/phuket-inselhuepfen-halbtages-ausflug\/\">Privater Phuket Halbtagesausflug<\/a><\/h3>\n\n\n\n<p>Privates Inselh\u00fcpfen von Phuket nach Coral Island, Koh Keaw, Kon Bon und Koh Hae. Tolle M\u00f6glichkeit f\u00fcr G\u00e4ste mit wenig Zeit oder f\u00fcr Kurzentschlossene.<\/p>\n\n\n<ul>\n<li>Morgens &amp; Nachmittags Abfahrten.<\/li>\n<li>Privates Inselh\u00fcpfen!<\/li>\n<li>Perfekt bei Zeitmangel.<\/li>\n<\/ul>\n\n\n\n<p class=\"has-text-align-right\"><a title=\"Half Day Phuket Island Hopping\" href=\"https:\/\/www.easydayphuket.com\/de\/phuket-inselhuepfen\/phuket-inselhuepfen-halbtages-ausflug\/\">Mehr Infos&#8230;<\/a><\/p>\n\n\n<div class=\"divider\"><\/div>\n\n\n\n<figure class=\"wp-block-image alignleft\"><a href=\"https:\/\/www.easydayphuket.com\/wp-content\/uploads\/2013\/07\/Snorkeling-Tours-Phuket-Thailand.jpg\"><img loading=\"lazy\" decoding=\"async\" width=\"150\" height=\"150\" src=\"https:\/\/www.easydayphuket.com\/wp-content\/uploads\/2013\/07\/Snorkeling-Tours-Phuket-Thailand-150x150.jpg\" alt=\"Schnorcheln Ausfl\u00fcge Phuket Thailand\" class=\"wp-image-10983\"\/><\/a><figcaption class=\"wp-element-caption\">Schnorcheln Raya Yai<\/figcaption><\/figure>\n\n\n\n<h3 class=\"wp-block-heading\"><a title=\"Private Phuket Island Hopping by Speedboat\" href=\"https:\/\/www.easydayphuket.com\/de\/phuket-inselhuepfen\/privates-phuket-inselhuepfen\/\">Privates Phuket Inselh\u00fcpfen &#8211; Tagesausflug <\/a><\/h3>\n\n\n\n<p>Phuket Inselh\u00fcpfen den ganzen Tag lang von Phuket nach Racha Yai &amp; Koh Hae. Gute Schnorchelpl\u00e4tze und schneewei\u00dfe Str\u00e4nde erden Ihnen einen unvergesslichen Tag bescheren.<\/p>\n\n\n<ul>\n<li>Flexible Abfahrtzeiten!<\/li>\n<li>Privater Ausflug nach Racha Yai!<\/li>\n<li>Abseits der Massen!<\/li>\n<\/ul>\n\n\n\n<p class=\"has-text-align-right\"><a title=\"Private Phuket Island Hopping\" href=\"https:\/\/www.easydayphuket.com\/de\/phuket-inselhuepfen\/privates-phuket-inselhuepfen\/\">Mehr Infos&#8230;<\/a><\/p>\n\n\n<div class=\"divider\"><\/div>\n\n\n\n<figure class=\"wp-block-image alignleft\"><a href=\"https:\/\/www.easydayphuket.com\/wp-content\/uploads\/2014\/05\/Speedboat-Island-hopping-snorkeling.jpg\"><img loading=\"lazy\" decoding=\"async\" width=\"150\" height=\"150\" src=\"https:\/\/www.easydayphuket.com\/wp-content\/uploads\/2014\/05\/Speedboat-Island-hopping-snorkeling-150x150.jpg\" alt=\"Phuket Inselh\u00fcpfen mit Speedboat nach Racha Noi\" class=\"wp-image-5092\"\/><\/a><figcaption class=\"wp-element-caption\">Schnorcheln Phuket<\/figcaption><\/figure>\n\n\n\n<h3 class=\"wp-block-heading\"><a title=\"Island Hopping Beyond Paradise\" href=\"https:\/\/www.easydayphuket.com\/de\/phuket-inselhuepfen\/phuket-inselhuepfen-ins-paradies\/\">Ausflug ins Paradies Racha Noi<\/a><\/h3>\n\n\n\n<p>Ein Menschenleeres Paradies erwartet Sie in Racha Noi. Etwas abgelegen daf\u00fcr aber einsam und wundersch\u00f6n, ein Strand und kristallklares Wasser wie auf Postkarten.<\/p>\n\n\n<ul>\n<li>Fr\u00fche Abfahrt!<\/li>\n<li>Racha Noi &#8211; Sch\u00f6n wie Similan Island<\/li>\n<li>Robinson Crusoe Gef\u00fchl!<\/li>\n<\/ul>\n\n\n\n<p class=\"has-text-align-right\"><a title=\"Island Hopping Beyond Paradise\" href=\"https:\/\/www.easydayphuket.com\/de\/phuket-inselhuepfen\/phuket-inselhuepfen-ins-paradies\/\">Mehr Infos&#8230;<\/a><\/p>\n\n\n<div class=\"divider\"><\/div>\n\n\n\n<figure class=\"wp-block-image alignleft\"><a href=\"https:\/\/www.easydayphuket.com\/de\/phuket-inselhuepfen\/inselhopping-phi-phi-island\/\"><img loading=\"lazy\" decoding=\"async\" width=\"150\" height=\"150\" src=\"https:\/\/www.easydayphuket.com\/wp-content\/uploads\/2013\/07\/Speed-boats-at-Phi-Phi-Island-150x150.jpg\" alt=\"Speedboot nach Phi Phi Island\" class=\"wp-image-5719\"\/><\/a><figcaption class=\"wp-element-caption\">Speedboot nach Phi Phi Island<\/figcaption><\/figure>\n\n\n\n<h3 class=\"wp-block-heading\"><a href=\"https:\/\/www.easydayphuket.com\/de\/phuket-inselhuepfen\/inselhopping-phi-phi-island\/\">Phi Phi Island Inselh\u00fcpfen<\/a><\/h3>\n\n\n\n<p>Privater Ausflug zum Phuket Inselh\u00fcpfen nach Phi Phi Island. Besuchen Sie die bekannte Maya Bay und entdecken Sie die Viking H\u00f6hle zu einer Zeit bevor die anderen G\u00e4ste ankommen.<\/p>\n\n\n<ul>\n<li>Besuchen Sie\u00a0 Phi Phi Island!<\/li>\n<li>Fr\u00fche Abfahrt, daf\u00fcr der Erste!<\/li>\n<li>Wundersch\u00f6nes Schnorcheln.<\/li>\n<\/ul>\n\n\n\n<p class=\"has-text-align-right\"><a title=\"Island Hopping Beyond Paradise\" href=\"https:\/\/www.easydayphuket.com\/de\/phuket-inselhuepfen\/inselhopping-phi-phi-island\/\">Mehr Infos&#8230;<\/a><\/p>\n\n\n\n<p class=\"has-text-align-left\"><div class=\"divider\"><\/div><\/p>\n\n\n\n<h2 class=\"wp-block-heading\">Phuket Inselh\u00fcpfen mit \u00dcbernachtung<\/h2>\n\n\n\n<figure class=\"wp-block-image alignleft\"><a href=\"https:\/\/www.easydayphuket.com\/de\/phuket-inselhuepfen\/privater-phuket-bootsausflug\/\"><img loading=\"lazy\" decoding=\"async\" width=\"150\" height=\"150\" src=\"https:\/\/www.easydayphuket.com\/wp-content\/uploads\/2014\/05\/Phuket-Island-Cruises-150x150.jpg\" alt=\"Phuket Island Cruises\" class=\"wp-image-11247\"\/><\/a><figcaption class=\"wp-element-caption\">Phuket Island Cruises<\/figcaption><\/figure>\n\n\n\n<h3 class=\"wp-block-heading\"><a title=\"Private Phuket Island Cruises\" href=\"https:\/\/www.easydayphuket.com\/de\/phuket-inselhuepfen\/privater-phuket-bootsausflug\/\">Privater Inselausflug \u00fcber Nacht<\/a><\/h3>\n\n\n\n<p>Ein entspannter und flexibler Ausflug zu den Inseln Koh Keaw Yai, Koh Bon &amp; Koh Hae. Schwimmen &amp; Schnorcheln in paradiesisch klaren Wasser und ein Abendessen bei Sonnenuntergang.<\/p>\n\n\n\n<p class=\"has-text-align-right\"><a title=\"Private Phuket Island Cruises\" href=\"https:\/\/www.easydayphuket.com\/de\/phuket-inselhuepfen\/privater-phuket-bootsausflug\/\">Mehr Infos&#8230;<\/a><\/p>\n\n\n<div class=\"divider\"><\/div>\n\n\n\n<h3 class=\"wp-block-heading\">&nbsp;<\/h3>\n\n\n\n<h2 class=\"wp-block-heading\">Kontakt zum Phuket Inselh\u00fcpfen<\/h2>\n\n\n\n<script charset=\"utf-8\" type=\"text\/javascript\" src=\"\/\/js.hsforms.net\/forms\/embed\/v2.js\"><\/script>\n<script>\n  hbspt.forms.create({\n    region: \"na1\",\n    portalId: \"3413662\",\n    formId: \"59765d47-ffdf-4452-a315-11081d03c004\"\n  });\n<\/script>\n","protected":false},"excerpt":{"rendered":"<p>Phuket Inselh\u00fcpfen &#8211; Ausfl\u00fcge mit Easy Day Phuket. Kommen Sie an Bord und besuchen Sie die sch\u00f6nsten Inseln und Buchten rund um Phuket. Wir veranstalten private Ausfl\u00fcge genauso wie wir Ausfl\u00fcge mit festen Terminen im Angebot haben. Phuket Inselh\u00fcpfen &#8211; Ausfl\u00fcge mit dem Schnellboot Privater Phuket Halbtagesausflug Privates Inselh\u00fcpfen von Phuket nach Coral Island, Koh [&hellip;]<\/p>\n","protected":false},"author":4,"featured_media":33140,"parent":0,"menu_order":0,"comment_status":"closed","ping_status":"open","template":"template-fullwidth.php","meta":{"_acf_changed":false,"_et_pb_use_builder":"","_et_pb_old_content":"","_et_gb_content_width":"","footnotes":""},"class_list":["post-11262","page","type-page","status-publish","has-post-thumbnail","hentry"],"acf":[],"yoast_head":"<!-- This site is optimized with the Yoast SEO plugin v25.1 - https:\/\/yoast.com\/wordpress\/plugins\/seo\/ -->\n<title>Phuket Inselh\u00fcpfen - Private &amp; Termin Ausfl\u00fcge<\/title>\n<meta name=\"description\" content=\"Phuket Inselh\u00fcpfen - Private und Termin Ausfl\u00fcge zu den sch\u00f6nsten Inseln rund um Phuket. Kommen Sie an Bord und erkunden den S\u00fcden Thailands.\" \/>\n<meta name=\"robots\" content=\"index, follow, max-snippet:-1, max-image-preview:large, max-video-preview:-1\" \/>\n<link rel=\"canonical\" href=\"https:\/\/www.easydayphuket.com\/de\/phuket-inselhuepfen\/\" \/>\n<meta property=\"og:locale\" content=\"de_DE\" \/>\n<meta property=\"og:type\" content=\"article\" \/>\n<meta property=\"og:title\" content=\"Phuket Inselh\u00fcpfen - Private &amp; Termin Ausfl\u00fcge\" \/>\n<meta property=\"og:description\" content=\"Phuket Inselh\u00fcpfen - Private und Termin Ausfl\u00fcge zu den sch\u00f6nsten Inseln rund um Phuket. Kommen Sie an Bord und erkunden den S\u00fcden Thailands.\" \/>\n<meta property=\"og:url\" content=\"https:\/\/www.easydayphuket.com\/de\/phuket-inselhuepfen\/\" \/>\n<meta property=\"og:site_name\" content=\"Easy Day Phuket\" \/>\n<meta property=\"article:publisher\" content=\"https:\/\/www.facebook.com\/Easydayinthailand\/\" \/>\n<meta property=\"article:modified_time\" content=\"2024-05-23T03:41:44+00:00\" \/>\n<meta property=\"og:image\" content=\"https:\/\/www.easydayphuket.com\/wp-content\/uploads\/2020\/04\/Racha-Island-Tour-Phuket.jpg\" \/>\n\t<meta property=\"og:image:width\" content=\"550\" \/>\n\t<meta property=\"og:image:height\" content=\"310\" \/>\n\t<meta property=\"og:image:type\" content=\"image\/jpeg\" \/>\n<meta name=\"twitter:label1\" content=\"Gesch\u00e4tzte Lesezeit\" \/>\n\t<meta name=\"twitter:data1\" content=\"3\u00a0Minuten\" \/>\n<script type=\"application\/ld+json\" class=\"yoast-schema-graph\">{\"@context\":\"https:\/\/schema.org\",\"@graph\":[{\"@type\":\"WebPage\",\"@id\":\"https:\/\/www.easydayphuket.com\/de\/phuket-inselhuepfen\/\",\"url\":\"https:\/\/www.easydayphuket.com\/de\/phuket-inselhuepfen\/\",\"name\":\"Phuket Inselh\u00fcpfen - Private & Termin Ausfl\u00fcge\",\"isPartOf\":{\"@id\":\"https:\/\/www.easydayphuket.com\/#website\"},\"primaryImageOfPage\":{\"@id\":\"https:\/\/www.easydayphuket.com\/de\/phuket-inselhuepfen\/#primaryimage\"},\"image\":{\"@id\":\"https:\/\/www.easydayphuket.com\/de\/phuket-inselhuepfen\/#primaryimage\"},\"thumbnailUrl\":\"https:\/\/www.easydayphuket.com\/wp-content\/uploads\/2020\/04\/Racha-Island-Tour-Phuket.jpg\",\"datePublished\":\"2015-08-03T02:52:27+00:00\",\"dateModified\":\"2024-05-23T03:41:44+00:00\",\"description\":\"Phuket Inselh\u00fcpfen - Private und Termin Ausfl\u00fcge zu den sch\u00f6nsten Inseln rund um Phuket. Kommen Sie an Bord und erkunden den S\u00fcden Thailands.\",\"breadcrumb\":{\"@id\":\"https:\/\/www.easydayphuket.com\/de\/phuket-inselhuepfen\/#breadcrumb\"},\"inLanguage\":\"de\",\"potentialAction\":[{\"@type\":\"ReadAction\",\"target\":[\"https:\/\/www.easydayphuket.com\/de\/phuket-inselhuepfen\/\"]}]},{\"@type\":\"ImageObject\",\"inLanguage\":\"de\",\"@id\":\"https:\/\/www.easydayphuket.com\/de\/phuket-inselhuepfen\/#primaryimage\",\"url\":\"https:\/\/www.easydayphuket.com\/wp-content\/uploads\/2020\/04\/Racha-Island-Tour-Phuket.jpg\",\"contentUrl\":\"https:\/\/www.easydayphuket.com\/wp-content\/uploads\/2020\/04\/Racha-Island-Tour-Phuket.jpg\",\"width\":550,\"height\":310},{\"@type\":\"BreadcrumbList\",\"@id\":\"https:\/\/www.easydayphuket.com\/de\/phuket-inselhuepfen\/#breadcrumb\",\"itemListElement\":[{\"@type\":\"ListItem\",\"position\":1,\"name\":\"Home\",\"item\":\"https:\/\/www.easydayphuket.com\/de\/\"},{\"@type\":\"ListItem\",\"position\":2,\"name\":\"Phuket Inselh\u00fcpfen\"}]},{\"@type\":\"WebSite\",\"@id\":\"https:\/\/www.easydayphuket.com\/#website\",\"url\":\"https:\/\/www.easydayphuket.com\/\",\"name\":\"Easy Day Phuket\",\"description\":\"Ihr Phuket Tour & Reise Partner\",\"publisher\":{\"@id\":\"https:\/\/www.easydayphuket.com\/#organization\"},\"potentialAction\":[{\"@type\":\"SearchAction\",\"target\":{\"@type\":\"EntryPoint\",\"urlTemplate\":\"https:\/\/www.easydayphuket.com\/?s={search_term_string}\"},\"query-input\":{\"@type\":\"PropertyValueSpecification\",\"valueRequired\":true,\"valueName\":\"search_term_string\"}}],\"inLanguage\":\"de\"},{\"@type\":\"Organization\",\"@id\":\"https:\/\/www.easydayphuket.com\/#organization\",\"name\":\"Easy Day Thailand\",\"url\":\"https:\/\/www.easydayphuket.com\/\",\"logo\":{\"@type\":\"ImageObject\",\"inLanguage\":\"de\",\"@id\":\"https:\/\/www.easydayphuket.com\/#\/schema\/logo\/image\/\",\"url\":\"https:\/\/www.easydayphuket.com\/wp-content\/uploads\/2013\/07\/Sun-Thaiflag_booking12.gif\",\"contentUrl\":\"https:\/\/www.easydayphuket.com\/wp-content\/uploads\/2013\/07\/Sun-Thaiflag_booking12.gif\",\"width\":100,\"height\":94,\"caption\":\"Easy Day Thailand\"},\"image\":{\"@id\":\"https:\/\/www.easydayphuket.com\/#\/schema\/logo\/image\/\"},\"sameAs\":[\"https:\/\/www.facebook.com\/Easydayinthailand\/\",\"https:\/\/www.instagram.com\/easydaythailand\/\"]}]}<\/script>\n<!-- \/ Yoast SEO plugin. -->","yoast_head_json":{"title":"Phuket Inselh\u00fcpfen - Private & Termin Ausfl\u00fcge","description":"Phuket Inselh\u00fcpfen - Private und Termin Ausfl\u00fcge zu den sch\u00f6nsten Inseln rund um Phuket. Kommen Sie an Bord und erkunden den S\u00fcden Thailands.","robots":{"index":"index","follow":"follow","max-snippet":"max-snippet:-1","max-image-preview":"max-image-preview:large","max-video-preview":"max-video-preview:-1"},"canonical":"https:\/\/www.easydayphuket.com\/de\/phuket-inselhuepfen\/","og_locale":"de_DE","og_type":"article","og_title":"Phuket Inselh\u00fcpfen - Private & Termin Ausfl\u00fcge","og_description":"Phuket Inselh\u00fcpfen - Private und Termin Ausfl\u00fcge zu den sch\u00f6nsten Inseln rund um Phuket. Kommen Sie an Bord und erkunden den S\u00fcden Thailands.","og_url":"https:\/\/www.easydayphuket.com\/de\/phuket-inselhuepfen\/","og_site_name":"Easy Day Phuket","article_publisher":"https:\/\/www.facebook.com\/Easydayinthailand\/","article_modified_time":"2024-05-23T03:41:44+00:00","og_image":[{"width":550,"height":310,"url":"https:\/\/www.easydayphuket.com\/wp-content\/uploads\/2020\/04\/Racha-Island-Tour-Phuket.jpg","type":"image\/jpeg"}],"twitter_misc":{"Gesch\u00e4tzte Lesezeit":"3\u00a0Minuten"},"schema":{"@context":"https:\/\/schema.org","@graph":[{"@type":"WebPage","@id":"https:\/\/www.easydayphuket.com\/de\/phuket-inselhuepfen\/","url":"https:\/\/www.easydayphuket.com\/de\/phuket-inselhuepfen\/","name":"Phuket Inselh\u00fcpfen - Private & Termin Ausfl\u00fcge","isPartOf":{"@id":"https:\/\/www.easydayphuket.com\/#website"},"primaryImageOfPage":{"@id":"https:\/\/www.easydayphuket.com\/de\/phuket-inselhuepfen\/#primaryimage"},"image":{"@id":"https:\/\/www.easydayphuket.com\/de\/phuket-inselhuepfen\/#primaryimage"},"thumbnailUrl":"https:\/\/www.easydayphuket.com\/wp-content\/uploads\/2020\/04\/Racha-Island-Tour-Phuket.jpg","datePublished":"2015-08-03T02:52:27+00:00","dateModified":"2024-05-23T03:41:44+00:00","description":"Phuket Inselh\u00fcpfen - Private und Termin Ausfl\u00fcge zu den sch\u00f6nsten Inseln rund um Phuket. Kommen Sie an Bord und erkunden den S\u00fcden Thailands.","breadcrumb":{"@id":"https:\/\/www.easydayphuket.com\/de\/phuket-inselhuepfen\/#breadcrumb"},"inLanguage":"de","potentialAction":[{"@type":"ReadAction","target":["https:\/\/www.easydayphuket.com\/de\/phuket-inselhuepfen\/"]}]},{"@type":"ImageObject","inLanguage":"de","@id":"https:\/\/www.easydayphuket.com\/de\/phuket-inselhuepfen\/#primaryimage","url":"https:\/\/www.easydayphuket.com\/wp-content\/uploads\/2020\/04\/Racha-Island-Tour-Phuket.jpg","contentUrl":"https:\/\/www.easydayphuket.com\/wp-content\/uploads\/2020\/04\/Racha-Island-Tour-Phuket.jpg","width":550,"height":310},{"@type":"BreadcrumbList","@id":"https:\/\/www.easydayphuket.com\/de\/phuket-inselhuepfen\/#breadcrumb","itemListElement":[{"@type":"ListItem","position":1,"name":"Home","item":"https:\/\/www.easydayphuket.com\/de\/"},{"@type":"ListItem","position":2,"name":"Phuket Inselh\u00fcpfen"}]},{"@type":"WebSite","@id":"https:\/\/www.easydayphuket.com\/#website","url":"https:\/\/www.easydayphuket.com\/","name":"Easy Day Phuket","description":"Ihr Phuket Tour & Reise Partner","publisher":{"@id":"https:\/\/www.easydayphuket.com\/#organization"},"potentialAction":[{"@type":"SearchAction","target":{"@type":"EntryPoint","urlTemplate":"https:\/\/www.easydayphuket.com\/?s={search_term_string}"},"query-input":{"@type":"PropertyValueSpecification","valueRequired":true,"valueName":"search_term_string"}}],"inLanguage":"de"},{"@type":"Organization","@id":"https:\/\/www.easydayphuket.com\/#organization","name":"Easy Day Thailand","url":"https:\/\/www.easydayphuket.com\/","logo":{"@type":"ImageObject","inLanguage":"de","@id":"https:\/\/www.easydayphuket.com\/#\/schema\/logo\/image\/","url":"https:\/\/www.easydayphuket.com\/wp-content\/uploads\/2013\/07\/Sun-Thaiflag_booking12.gif","contentUrl":"https:\/\/www.easydayphuket.com\/wp-content\/uploads\/2013\/07\/Sun-Thaiflag_booking12.gif","width":100,"height":94,"caption":"Easy Day Thailand"},"image":{"@id":"https:\/\/www.easydayphuket.com\/#\/schema\/logo\/image\/"},"sameAs":["https:\/\/www.facebook.com\/Easydayinthailand\/","https:\/\/www.instagram.com\/easydaythailand\/"]}]}},"_links":{"self":[{"href":"https:\/\/www.easydayphuket.com\/de\/wp-json\/wp\/v2\/pages\/11262","targetHints":{"allow":["GET"]}}],"collection":[{"href":"https:\/\/www.easydayphuket.com\/de\/wp-json\/wp\/v2\/pages"}],"about":[{"href":"https:\/\/www.easydayphuket.com\/de\/wp-json\/wp\/v2\/types\/page"}],"author":[{"embeddable":true,"href":"https:\/\/www.easydayphuket.com\/de\/wp-json\/wp\/v2\/users\/4"}],"replies":[{"embeddable":true,"href":"https:\/\/www.easydayphuket.com\/de\/wp-json\/wp\/v2\/comments?post=11262"}],"version-history":[{"count":0,"href":"https:\/\/www.easydayphuket.com\/de\/wp-json\/wp\/v2\/pages\/11262\/revisions"}],"wp:featuredmedia":[{"embeddable":true,"href":"https:\/\/www.easydayphuket.com\/de\/wp-json\/wp\/v2\/media\/33140"}],"wp:attachment":[{"href":"https:\/\/www.easydayphuket.com\/de\/wp-json\/wp\/v2\/media?parent=11262"}],"curies":[{"name":"wp","href":"https:\/\/api.w.org\/{rel}","templated":true}]}}