{"id":11259,"date":"2015-08-02T15:02:47","date_gmt":"2015-08-02T08:02:47","guid":{"rendered":"https:\/\/www.easydayphuket.com\/de\/phuket-inselhuepfen-halbtages-ausflug\/"},"modified":"2024-05-23T10:57:04","modified_gmt":"2024-05-23T03:57:04","slug":"phuket-inselhuepfen-halbtages-ausflug","status":"publish","type":"page","link":"https:\/\/www.easydayphuket.com\/de\/phuket-inselhuepfen\/phuket-inselhuepfen-halbtages-ausflug\/","title":{"rendered":"Phuket Inselh\u00fcpfen &#8211; Halbtages Ausflug"},"content":{"rendered":"\n<figure class=\"wp-block-image alignright\"><a href=\"https:\/\/www.easydayphuket.com\/wp-content\/uploads\/2014\/05\/Speedboat-Island-hopping.jpg\"><img loading=\"lazy\" decoding=\"async\" width=\"300\" height=\"225\" src=\"https:\/\/www.easydayphuket.com\/wp-content\/uploads\/2014\/05\/Speedboat-Island-hopping-300x225.jpg\" alt=\"Private Half Day Phuket Island Hopping Tour with Prapaht Sea Adventure\" class=\"wp-image-5091\" srcset=\"https:\/\/www.easydayphuket.com\/wp-content\/uploads\/2014\/05\/Speedboat-Island-hopping-300x225.jpg 300w, https:\/\/www.easydayphuket.com\/wp-content\/uploads\/2014\/05\/Speedboat-Island-hopping-73x55.jpg 73w, https:\/\/www.easydayphuket.com\/wp-content\/uploads\/2014\/05\/Speedboat-Island-hopping.jpg 1024w\" sizes=\"(max-width: 300px) 100vw, 300px\" \/><\/a><\/figure>\n\n\n\n<p>Ein sch\u00f6ner <strong>privater Halbtages Ausflug<\/strong> zum Inselh\u00fcpfen in Phuket. F\u00fcr G\u00e4ste die zeitlich eingeschr\u00e4nkt sind haben wir von Easy Day eine neue Tour in Programm aufgenommen. Der wohl zeitlich flexibelste Ausflug zu Inselh\u00fcpfen Phuket der auf der Insel angeboten wird.<\/p>\n\n\n\n<ul class=\"wp-block-list\">\n<li><strong>Allein mit Freunden &amp; Familie.<\/strong><\/li>\n\n\n\n<li>Flexible Abfahrt &#8211;<strong> Morgens oder Nachmittags.<\/strong><\/li>\n\n\n\n<li><strong>Schnorchelausr\u00fcstung.<\/strong><\/li>\n\n\n\n<li><strong>Entspannen im Paradies.<\/strong><\/li>\n\n\n\n<li><strong>Super Spa\u00df f\u00fcr Kinder.<\/strong><\/li>\n<\/ul>\n\n\n<p> Preise in Thai Baht pro Gruppe: 1-6 Erwachsene 18,000 | Extra Person 2,000<br \/>\n<\/strong>Kinder unter 5 Jahren kostenlos und zwischen\u00a0 5-11 Jahren Thai Baht 1,000 pro Kind.<strong> <a title=\"Easy Day Contact Form\" href=\"#form\">&gt;&gt; Kostenloses Angebot! <\/a><\/p>\n\n\n\n<p><strong>T<\/strong><strong>our Inklusive :<\/strong><\/p>\n\n\n<ul>\n<li>Hoteltransfer im klimatisierten Minibus.<\/li>\n<li>Erfahrener freundlicher Tourleiter.<\/li>\n<li>Schwimmwesten zum Schnorcheln.<\/li>\n<li>An Bord Erfrischungen &#8211; Lokales Bier, Alkoholfreie Getr\u00e4nke und Fr\u00fcchte.<\/li>\n<li>Schorchelausr\u00fcstung.<\/li>\n<\/ul>\n\n\n\n<p class=\"has-text-align-right\"><a href='#form' class='small-button smallblue'>Buchen \/ Kontakt<\/a><\/p>\n\n\n\n<h2 class=\"wp-block-heading\">Phuket Inselh\u00fcpfen &#8211; Halbtages Ausflug<\/h2>\n\n\n\n<figure class=\"wp-block-gallery has-nested-images columns-3 is-cropped wp-block-gallery-1 is-layout-flex wp-block-gallery-is-layout-flex\">\n\n\n\n<\/figure>\n\n\n\n<h2 class=\"wp-block-heading\">Phuket Halbtages Ausflug Tour Plan<\/h2>\n\n\n\n<ul class=\"wp-block-list\">\n<li>08.00 &#8211; Hotelabholung im Hotel von unserem Team und Transfer zum Chalong Hafen, im S\u00fcden von Phuket<\/li>\n\n\n\n<li>08.30 &#8211; Auskunft zur Tour und Sicherheitsfragen vom Tour Leiter. Anprobieren der Schnorchel Ausr\u00fcstung.<\/li>\n\n\n\n<li>09.00 &#8211; \u00dcberfahrt mit dem Schnellboot zur umliegenden Insel, Dauer ca. 15 &#8211; 20 Minuten.<\/li>\n\n\n\n<li>09.15 &#8211; Schwimmen &amp; Schnorchel an der Koh Hae Insel.<\/li>\n\n\n\n<li>10.00 &#8211; Mehr Schwimmen &amp; Schnorcheln and der Koh Aeo Insel<\/li>\n\n\n\n<li>11.00 &#8211; Noch mehr Spa\u00df beim Schnorcheln, Schwimmen und Strandbesuch bei der Insel Koh Lon<\/li>\n\n\n\n<li>12.00 &#8211; R\u00fcckfahrt mit dem Schnellboot nach Chalong, Phuket.<\/li>\n\n\n\n<li>12.15 &#8211; Ankunft in Chalong und R\u00fcckfahrt zu ihrem Hotel in Phuket<\/li>\n<\/ul>\n\n\n\n<p>* Der hier aufgef\u00fchrte Tour Plan des Phuket Inselh\u00fcpfen Halbtags kann sich auf Grund des Wetters oder schlechter Bedingungen \u00e4ndern.<\/p>\n\n\n\n<h2 class=\"wp-block-heading\" id=\"form\">Kontakt zum Phuket Inselh\u00fcpfen &#8211; Halbtages Ausflug<\/h2>\n\n\n\n<script charset=\"utf-8\" type=\"text\/javascript\" src=\"\/\/js.hsforms.net\/forms\/embed\/v2.js\"><\/script>\n<script>\n  hbspt.forms.create({\n    region: \"na1\",\n    portalId: \"3413662\",\n    formId: \"59765d47-ffdf-4452-a315-11081d03c004\"\n  });\n<\/script>\n","protected":false},"excerpt":{"rendered":"<p>Ein sch\u00f6ner privater Halbtages Ausflug zum Inselh\u00fcpfen in Phuket. F\u00fcr G\u00e4ste die zeitlich eingeschr\u00e4nkt sind haben wir von Easy Day eine neue Tour in Programm aufgenommen. Der wohl zeitlich flexibelste Ausflug zu Inselh\u00fcpfen Phuket der auf der Insel angeboten wird. Tour Inklusive : Phuket Inselh\u00fcpfen &#8211; Halbtages Ausflug Phuket Halbtages Ausflug Tour Plan * Der [&hellip;]<\/p>\n","protected":false},"author":4,"featured_media":0,"parent":11262,"menu_order":0,"comment_status":"closed","ping_status":"open","template":"","meta":{"_acf_changed":false,"_et_pb_use_builder":"","_et_pb_old_content":"","_et_gb_content_width":"","footnotes":""},"class_list":["post-11259","page","type-page","status-publish","hentry"],"acf":[],"yoast_head":"<!-- This site is optimized with the Yoast SEO plugin v25.1 - https:\/\/yoast.com\/wordpress\/plugins\/seo\/ -->\n<title>Phuket Inselh\u00fcpfen - Halbtages Ausflug<\/title>\n<meta name=\"description\" content=\"Phuket Inselh\u00fcpfen - Halbtages Ausflug mit Easy Day Phuket zu den sch\u00f6nsten Str\u00e4nden s\u00fcdlich von Phuket. Spa\u00df f\u00fcr die ganze Familie!\" \/>\n<meta name=\"robots\" content=\"index, follow, max-snippet:-1, max-image-preview:large, max-video-preview:-1\" \/>\n<link rel=\"canonical\" href=\"https:\/\/www.easydayphuket.com\/de\/phuket-inselhuepfen\/phuket-inselhuepfen-halbtages-ausflug\/\" \/>\n<meta property=\"og:locale\" content=\"de_DE\" \/>\n<meta property=\"og:type\" content=\"article\" \/>\n<meta property=\"og:title\" content=\"Phuket Inselh\u00fcpfen - Halbtages Ausflug\" \/>\n<meta property=\"og:description\" content=\"Phuket Inselh\u00fcpfen - Halbtages Ausflug mit Easy Day Phuket zu den sch\u00f6nsten Str\u00e4nden s\u00fcdlich von Phuket. Spa\u00df f\u00fcr die ganze Familie!\" \/>\n<meta property=\"og:url\" content=\"https:\/\/www.easydayphuket.com\/de\/phuket-inselhuepfen\/phuket-inselhuepfen-halbtages-ausflug\/\" \/>\n<meta property=\"og:site_name\" content=\"Easy Day Phuket\" \/>\n<meta property=\"article:publisher\" content=\"https:\/\/www.facebook.com\/Easydayinthailand\/\" \/>\n<meta property=\"article:modified_time\" content=\"2024-05-23T03:57:04+00:00\" \/>\n<meta property=\"og:image\" content=\"https:\/\/www.easydayphuket.com\/wp-content\/uploads\/2014\/05\/Speedboat-Island-hopping-300x225.jpg\" \/>\n<meta name=\"twitter:label1\" content=\"Gesch\u00e4tzte Lesezeit\" \/>\n\t<meta name=\"twitter:data1\" content=\"2\u00a0Minuten\" \/>\n<script type=\"application\/ld+json\" class=\"yoast-schema-graph\">{\"@context\":\"https:\/\/schema.org\",\"@graph\":[{\"@type\":\"WebPage\",\"@id\":\"https:\/\/www.easydayphuket.com\/de\/phuket-inselhuepfen\/phuket-inselhuepfen-halbtages-ausflug\/\",\"url\":\"https:\/\/www.easydayphuket.com\/de\/phuket-inselhuepfen\/phuket-inselhuepfen-halbtages-ausflug\/\",\"name\":\"Phuket Inselh\u00fcpfen - Halbtages Ausflug\",\"isPartOf\":{\"@id\":\"https:\/\/www.easydayphuket.com\/#website\"},\"primaryImageOfPage\":{\"@id\":\"https:\/\/www.easydayphuket.com\/de\/phuket-inselhuepfen\/phuket-inselhuepfen-halbtages-ausflug\/#primaryimage\"},\"image\":{\"@id\":\"https:\/\/www.easydayphuket.com\/de\/phuket-inselhuepfen\/phuket-inselhuepfen-halbtages-ausflug\/#primaryimage\"},\"thumbnailUrl\":\"https:\/\/www.easydayphuket.com\/wp-content\/uploads\/2014\/05\/Speedboat-Island-hopping-300x225.jpg\",\"datePublished\":\"2015-08-02T08:02:47+00:00\",\"dateModified\":\"2024-05-23T03:57:04+00:00\",\"description\":\"Phuket Inselh\u00fcpfen - Halbtages Ausflug mit Easy Day Phuket zu den sch\u00f6nsten Str\u00e4nden s\u00fcdlich von Phuket. Spa\u00df f\u00fcr die ganze Familie!\",\"breadcrumb\":{\"@id\":\"https:\/\/www.easydayphuket.com\/de\/phuket-inselhuepfen\/phuket-inselhuepfen-halbtages-ausflug\/#breadcrumb\"},\"inLanguage\":\"de\",\"potentialAction\":[{\"@type\":\"ReadAction\",\"target\":[\"https:\/\/www.easydayphuket.com\/de\/phuket-inselhuepfen\/phuket-inselhuepfen-halbtages-ausflug\/\"]}]},{\"@type\":\"ImageObject\",\"inLanguage\":\"de\",\"@id\":\"https:\/\/www.easydayphuket.com\/de\/phuket-inselhuepfen\/phuket-inselhuepfen-halbtages-ausflug\/#primaryimage\",\"url\":\"https:\/\/www.easydayphuket.com\/wp-content\/uploads\/2014\/05\/Speedboat-Island-hopping-300x225.jpg\",\"contentUrl\":\"https:\/\/www.easydayphuket.com\/wp-content\/uploads\/2014\/05\/Speedboat-Island-hopping-300x225.jpg\"},{\"@type\":\"BreadcrumbList\",\"@id\":\"https:\/\/www.easydayphuket.com\/de\/phuket-inselhuepfen\/phuket-inselhuepfen-halbtages-ausflug\/#breadcrumb\",\"itemListElement\":[{\"@type\":\"ListItem\",\"position\":1,\"name\":\"Home\",\"item\":\"https:\/\/www.easydayphuket.com\/de\/\"},{\"@type\":\"ListItem\",\"position\":2,\"name\":\"Phuket Inselh\u00fcpfen\",\"item\":\"https:\/\/www.easydayphuket.com\/de\/phuket-inselhuepfen\/\"},{\"@type\":\"ListItem\",\"position\":3,\"name\":\"Phuket Inselh\u00fcpfen &#8211; Halbtages Ausflug\"}]},{\"@type\":\"WebSite\",\"@id\":\"https:\/\/www.easydayphuket.com\/#website\",\"url\":\"https:\/\/www.easydayphuket.com\/\",\"name\":\"Easy Day Phuket\",\"description\":\"Ihr Phuket Tour & Reise Partner\",\"publisher\":{\"@id\":\"https:\/\/www.easydayphuket.com\/#organization\"},\"potentialAction\":[{\"@type\":\"SearchAction\",\"target\":{\"@type\":\"EntryPoint\",\"urlTemplate\":\"https:\/\/www.easydayphuket.com\/?s={search_term_string}\"},\"query-input\":{\"@type\":\"PropertyValueSpecification\",\"valueRequired\":true,\"valueName\":\"search_term_string\"}}],\"inLanguage\":\"de\"},{\"@type\":\"Organization\",\"@id\":\"https:\/\/www.easydayphuket.com\/#organization\",\"name\":\"Easy Day Thailand\",\"url\":\"https:\/\/www.easydayphuket.com\/\",\"logo\":{\"@type\":\"ImageObject\",\"inLanguage\":\"de\",\"@id\":\"https:\/\/www.easydayphuket.com\/#\/schema\/logo\/image\/\",\"url\":\"https:\/\/www.easydayphuket.com\/wp-content\/uploads\/2013\/07\/Sun-Thaiflag_booking12.gif\",\"contentUrl\":\"https:\/\/www.easydayphuket.com\/wp-content\/uploads\/2013\/07\/Sun-Thaiflag_booking12.gif\",\"width\":100,\"height\":94,\"caption\":\"Easy Day Thailand\"},\"image\":{\"@id\":\"https:\/\/www.easydayphuket.com\/#\/schema\/logo\/image\/\"},\"sameAs\":[\"https:\/\/www.facebook.com\/Easydayinthailand\/\",\"https:\/\/www.instagram.com\/easydaythailand\/\"]}]}<\/script>\n<!-- \/ Yoast SEO plugin. -->","yoast_head_json":{"title":"Phuket Inselh\u00fcpfen - Halbtages Ausflug","description":"Phuket Inselh\u00fcpfen - Halbtages Ausflug mit Easy Day Phuket zu den sch\u00f6nsten Str\u00e4nden s\u00fcdlich von Phuket. Spa\u00df f\u00fcr die ganze Familie!","robots":{"index":"index","follow":"follow","max-snippet":"max-snippet:-1","max-image-preview":"max-image-preview:large","max-video-preview":"max-video-preview:-1"},"canonical":"https:\/\/www.easydayphuket.com\/de\/phuket-inselhuepfen\/phuket-inselhuepfen-halbtages-ausflug\/","og_locale":"de_DE","og_type":"article","og_title":"Phuket Inselh\u00fcpfen - Halbtages Ausflug","og_description":"Phuket Inselh\u00fcpfen - Halbtages Ausflug mit Easy Day Phuket zu den sch\u00f6nsten Str\u00e4nden s\u00fcdlich von Phuket. Spa\u00df f\u00fcr die ganze Familie!","og_url":"https:\/\/www.easydayphuket.com\/de\/phuket-inselhuepfen\/phuket-inselhuepfen-halbtages-ausflug\/","og_site_name":"Easy Day Phuket","article_publisher":"https:\/\/www.facebook.com\/Easydayinthailand\/","article_modified_time":"2024-05-23T03:57:04+00:00","og_image":[{"url":"https:\/\/www.easydayphuket.com\/wp-content\/uploads\/2014\/05\/Speedboat-Island-hopping-300x225.jpg","type":"","width":"","height":""}],"twitter_misc":{"Gesch\u00e4tzte Lesezeit":"2\u00a0Minuten"},"schema":{"@context":"https:\/\/schema.org","@graph":[{"@type":"WebPage","@id":"https:\/\/www.easydayphuket.com\/de\/phuket-inselhuepfen\/phuket-inselhuepfen-halbtages-ausflug\/","url":"https:\/\/www.easydayphuket.com\/de\/phuket-inselhuepfen\/phuket-inselhuepfen-halbtages-ausflug\/","name":"Phuket Inselh\u00fcpfen - Halbtages Ausflug","isPartOf":{"@id":"https:\/\/www.easydayphuket.com\/#website"},"primaryImageOfPage":{"@id":"https:\/\/www.easydayphuket.com\/de\/phuket-inselhuepfen\/phuket-inselhuepfen-halbtages-ausflug\/#primaryimage"},"image":{"@id":"https:\/\/www.easydayphuket.com\/de\/phuket-inselhuepfen\/phuket-inselhuepfen-halbtages-ausflug\/#primaryimage"},"thumbnailUrl":"https:\/\/www.easydayphuket.com\/wp-content\/uploads\/2014\/05\/Speedboat-Island-hopping-300x225.jpg","datePublished":"2015-08-02T08:02:47+00:00","dateModified":"2024-05-23T03:57:04+00:00","description":"Phuket Inselh\u00fcpfen - Halbtages Ausflug mit Easy Day Phuket zu den sch\u00f6nsten Str\u00e4nden s\u00fcdlich von Phuket. Spa\u00df f\u00fcr die ganze Familie!","breadcrumb":{"@id":"https:\/\/www.easydayphuket.com\/de\/phuket-inselhuepfen\/phuket-inselhuepfen-halbtages-ausflug\/#breadcrumb"},"inLanguage":"de","potentialAction":[{"@type":"ReadAction","target":["https:\/\/www.easydayphuket.com\/de\/phuket-inselhuepfen\/phuket-inselhuepfen-halbtages-ausflug\/"]}]},{"@type":"ImageObject","inLanguage":"de","@id":"https:\/\/www.easydayphuket.com\/de\/phuket-inselhuepfen\/phuket-inselhuepfen-halbtages-ausflug\/#primaryimage","url":"https:\/\/www.easydayphuket.com\/wp-content\/uploads\/2014\/05\/Speedboat-Island-hopping-300x225.jpg","contentUrl":"https:\/\/www.easydayphuket.com\/wp-content\/uploads\/2014\/05\/Speedboat-Island-hopping-300x225.jpg"},{"@type":"BreadcrumbList","@id":"https:\/\/www.easydayphuket.com\/de\/phuket-inselhuepfen\/phuket-inselhuepfen-halbtages-ausflug\/#breadcrumb","itemListElement":[{"@type":"ListItem","position":1,"name":"Home","item":"https:\/\/www.easydayphuket.com\/de\/"},{"@type":"ListItem","position":2,"name":"Phuket Inselh\u00fcpfen","item":"https:\/\/www.easydayphuket.com\/de\/phuket-inselhuepfen\/"},{"@type":"ListItem","position":3,"name":"Phuket Inselh\u00fcpfen &#8211; Halbtages Ausflug"}]},{"@type":"WebSite","@id":"https:\/\/www.easydayphuket.com\/#website","url":"https:\/\/www.easydayphuket.com\/","name":"Easy Day Phuket","description":"Ihr Phuket Tour & Reise Partner","publisher":{"@id":"https:\/\/www.easydayphuket.com\/#organization"},"potentialAction":[{"@type":"SearchAction","target":{"@type":"EntryPoint","urlTemplate":"https:\/\/www.easydayphuket.com\/?s={search_term_string}"},"query-input":{"@type":"PropertyValueSpecification","valueRequired":true,"valueName":"search_term_string"}}],"inLanguage":"de"},{"@type":"Organization","@id":"https:\/\/www.easydayphuket.com\/#organization","name":"Easy Day Thailand","url":"https:\/\/www.easydayphuket.com\/","logo":{"@type":"ImageObject","inLanguage":"de","@id":"https:\/\/www.easydayphuket.com\/#\/schema\/logo\/image\/","url":"https:\/\/www.easydayphuket.com\/wp-content\/uploads\/2013\/07\/Sun-Thaiflag_booking12.gif","contentUrl":"https:\/\/www.easydayphuket.com\/wp-content\/uploads\/2013\/07\/Sun-Thaiflag_booking12.gif","width":100,"height":94,"caption":"Easy Day Thailand"},"image":{"@id":"https:\/\/www.easydayphuket.com\/#\/schema\/logo\/image\/"},"sameAs":["https:\/\/www.facebook.com\/Easydayinthailand\/","https:\/\/www.instagram.com\/easydaythailand\/"]}]}},"_links":{"self":[{"href":"https:\/\/www.easydayphuket.com\/de\/wp-json\/wp\/v2\/pages\/11259","targetHints":{"allow":["GET"]}}],"collection":[{"href":"https:\/\/www.easydayphuket.com\/de\/wp-json\/wp\/v2\/pages"}],"about":[{"href":"https:\/\/www.easydayphuket.com\/de\/wp-json\/wp\/v2\/types\/page"}],"author":[{"embeddable":true,"href":"https:\/\/www.easydayphuket.com\/de\/wp-json\/wp\/v2\/users\/4"}],"replies":[{"embeddable":true,"href":"https:\/\/www.easydayphuket.com\/de\/wp-json\/wp\/v2\/comments?post=11259"}],"version-history":[{"count":0,"href":"https:\/\/www.easydayphuket.com\/de\/wp-json\/wp\/v2\/pages\/11259\/revisions"}],"up":[{"embeddable":true,"href":"https:\/\/www.easydayphuket.com\/de\/wp-json\/wp\/v2\/pages\/11262"}],"wp:attachment":[{"href":"https:\/\/www.easydayphuket.com\/de\/wp-json\/wp\/v2\/media?parent=11259"}],"curies":[{"name":"wp","href":"https:\/\/api.w.org\/{rel}","templated":true}]}}