{"id":11257,"date":"2015-08-02T13:01:08","date_gmt":"2015-08-02T06:01:08","guid":{"rendered":"https:\/\/www.easydayphuket.com\/de\/inselhopping-phi-phi-island\/"},"modified":"2024-05-23T10:46:49","modified_gmt":"2024-05-23T03:46:49","slug":"inselhopping-phi-phi-island","status":"publish","type":"page","link":"https:\/\/www.easydayphuket.com\/de\/phuket-inselhuepfen\/inselhopping-phi-phi-island\/","title":{"rendered":"Inselspringen Phi Phi Island"},"content":{"rendered":"\n<figure class=\"wp-block-image alignright\"><a href=\"https:\/\/www.easydayphuket.com\/wp-content\/uploads\/2013\/07\/Speed-boats-at-Phi-Phi-Island.jpg\"><img loading=\"lazy\" decoding=\"async\" width=\"300\" height=\"187\" src=\"https:\/\/www.easydayphuket.com\/wp-content\/uploads\/2013\/07\/Speed-boats-at-Phi-Phi-Island-300x187.jpg\" alt=\"Inselspringen Phi Phi Island\" class=\"wp-image-5719\" srcset=\"https:\/\/www.easydayphuket.com\/wp-content\/uploads\/2013\/07\/Speed-boats-at-Phi-Phi-Island-300x187.jpg 300w, https:\/\/www.easydayphuket.com\/wp-content\/uploads\/2013\/07\/Speed-boats-at-Phi-Phi-Island-88x55.jpg 88w, https:\/\/www.easydayphuket.com\/wp-content\/uploads\/2013\/07\/Speed-boats-at-Phi-Phi-Island.jpg 800w\" sizes=\"(max-width: 300px) 100vw, 300px\" \/><\/a><figcaption class=\"wp-element-caption\">Inselspringen Phi Phi Island<\/figcaption><\/figure>\n\n\n\n<p>Inselspringen Phi Phi Island &#8211; Ein privater Ausflug mit dem Schnellboot von Phuket zu den bekannten Inseln von <a href=\"https:\/\/www.easydayphuket.com\/koh-phi-phi-island-juwel-krabi-province\/\" target=\"_blank\" rel=\"noopener\">Phi Phi Island<\/a>. Eine sagenhafte Tour abseits der Massen f\u00fcr die ganze Familie und Freunde.<\/p>\n\n\n\n<ul class=\"wp-block-list\">\n<li><strong>Flexible Abfahrzeiten.<br><\/strong><\/li>\n\n\n\n<li><strong>Flexibler Tourplan.<\/strong><\/li>\n\n\n\n<li><strong>Schnorchelausr\u00fcstung.<\/strong><\/li>\n\n\n\n<li><b>Maya Bay, Bamboo, Viking H\u00f6hle&#8230;<\/b><\/li>\n<\/ul>\n\n\n<p> Preise in Thai Baht pro Gruppe: 1-6 Erwachsene 28,000 | Extra Person 2,100\u00a0<\/strong>Kinder unter 5 Jahren kostenlos und zwischen 5-11 Jahren Thai Baht 1,200 pro Kind.<strong> <a title=\"Easy Day Contact Form\" href=\"#form\">&gt;&gt; Kostenloses Angebot! <\/a><\/p>\n\n\n\n<p><strong>T<\/strong><strong>our Inklusive :<\/strong><\/p>\n\n\n<ul>\n<li>Hoteltransfer im klimatisierten Minibus.<\/li>\n<li>Schwimmwesten zum Schnorcheln.<\/li>\n<li>Erfahrener Tourleiter &amp; Schnorchel Begleiter.<\/li>\n<li>Beer, alkoholfreie Getr\u00e4nke und Fr\u00fcchte<\/li>\n<li>Leckeres Mittagessen in Phi Phi Island oder Picknick am Strand.<\/li>\n<li>Schnorchelausr\u00fcstung.<\/li>\n<\/ul>\n\n\n\n<p><strong>Nicht Inklusive:<\/strong><\/p>\n\n\n<ul>\n<li>Nationalpark-Geb\u00fchr (400 Thai Baht per Person)<\/li>\n<\/ul>\n\n\n\n<p class=\"has-text-align-right\"><a href='#form' class='small-button smallblue'>Buchen \/ Kontakt<\/a><\/p>\n\n\n\n<h2 class=\"wp-block-heading\">Inselspringen Phi Phi Island &#8211; Schnorcheln &amp; Spass<\/h2>\n\n\n\n<figure class=\"wp-block-gallery has-nested-images columns-3 is-cropped wp-block-gallery-1 is-layout-flex wp-block-gallery-is-layout-flex\">\n<figure class=\"wp-block-image size-large\"><img loading=\"lazy\" decoding=\"async\" width=\"800\" height=\"533\" data-id=\"10153\" src=\"https:\/\/www.easydayphuket.com\/wp-content\/uploads\/2013\/07\/Maya-Bay-Phi-Phi-Island.jpg\" alt=\"Phi Phi Speedboat Ausflug\" class=\"wp-image-10153\" srcset=\"https:\/\/www.easydayphuket.com\/wp-content\/uploads\/2013\/07\/Maya-Bay-Phi-Phi-Island.jpg 800w, https:\/\/www.easydayphuket.com\/wp-content\/uploads\/2013\/07\/Maya-Bay-Phi-Phi-Island-300x199.jpg 300w, https:\/\/www.easydayphuket.com\/wp-content\/uploads\/2013\/07\/Maya-Bay-Phi-Phi-Island-82x55.jpg 82w, https:\/\/www.easydayphuket.com\/wp-content\/uploads\/2013\/07\/Maya-Bay-Phi-Phi-Island-180x120.jpg 180w\" sizes=\"(max-width: 800px) 100vw, 800px\" \/><\/figure>\n\n\n\n<figure class=\"wp-block-image size-large\"><img loading=\"lazy\" decoding=\"async\" width=\"800\" height=\"500\" data-id=\"10156\" src=\"https:\/\/www.easydayphuket.com\/wp-content\/uploads\/2013\/07\/Phi-Phi-Island-views.jpg\" alt=\"Phi Phi Speedboat Ausflug\" class=\"wp-image-10156\" srcset=\"https:\/\/www.easydayphuket.com\/wp-content\/uploads\/2013\/07\/Phi-Phi-Island-views.jpg 800w, https:\/\/www.easydayphuket.com\/wp-content\/uploads\/2013\/07\/Phi-Phi-Island-views-300x187.jpg 300w, https:\/\/www.easydayphuket.com\/wp-content\/uploads\/2013\/07\/Phi-Phi-Island-views-88x55.jpg 88w\" sizes=\"(max-width: 800px) 100vw, 800px\" \/><\/figure>\n\n\n\n<figure class=\"wp-block-image size-large\"><img loading=\"lazy\" decoding=\"async\" width=\"608\" height=\"430\" data-id=\"10172\" src=\"https:\/\/www.easydayphuket.com\/wp-content\/uploads\/2014\/08\/Snorkeling-Phi-Phi-Island.jpg\" alt=\"Phuket Ausfl\u00fcge\" class=\"wp-image-10172\" srcset=\"https:\/\/www.easydayphuket.com\/wp-content\/uploads\/2014\/08\/Snorkeling-Phi-Phi-Island.jpg 608w, https:\/\/www.easydayphuket.com\/wp-content\/uploads\/2014\/08\/Snorkeling-Phi-Phi-Island-300x212.jpg 300w, https:\/\/www.easydayphuket.com\/wp-content\/uploads\/2014\/08\/Snorkeling-Phi-Phi-Island-77x55.jpg 77w\" sizes=\"(max-width: 608px) 100vw, 608px\" \/><\/figure>\n<\/figure>\n\n\n\n<h2 class=\"wp-block-heading\">Inselspringen Phi Phi Island &#8211;\u00a0 Tour Plan<\/h2>\n\n\n\n<ul class=\"wp-block-list\">\n<li>07.00 &#8211; Hotelabholung im klimatisierten Minibus und Transfer zum Hafen von Chalong.<\/li>\n\n\n\n<li>07.30 &#8211; Tour &amp; Sicherheitsbesprechung am Treffpunkt von Easy Day Phuket in Chalong.<\/li>\n\n\n\n<li>07.45 &#8211; \u00dcberfahrt mit dem Schnellboot nach Phi Phi Island, dauer ca. 1:20 Std.<\/li>\n\n\n\n<li>09.00 &#8211; Schwimmen, Schnorcheln &amp; Besichtigung im S\u00fcden der Phi Phi Inseln, inklusive Maya Bay.<\/li>\n\n\n\n<li>12.00 &#8211; Leckeres thail\u00e4ndisches Mittagessen im Restaurant der Tonsai Bay oder ein Picknick am Strand. Plus genug Zeit um sich zu entspannen oder im Dorf spazieren zu gehen.<\/li>\n\n\n\n<li>13.30 &#8211; Abfahrt zum Strand der Affen und Bamboo Island.<\/li>\n\n\n\n<li>15.00 &#8211; Abfahrt von Phi Phi Zur\u00fcck nach Phuket Chalong.<\/li>\n\n\n\n<li>16.15 &#8211; Ankunft in Phuket Chalong und Transfer zur\u00fcck zum Hotel.<\/li>\n<\/ul>\n\n\n\n<p>*&nbsp; Der hier aufgef\u00fchrte Tour Ablauf ist nur ein Beispiel wie man das Inselhopping Phi Phi Phi Island durchf\u00fchren k\u00f6nnte. Unser Team von Easy Day Phuket stellt sich auf die Bed\u00fcrfnisse des Einzelnen ein und wird den Tour Ablauf auch nach Ihren W\u00fcnschen organisieren. Was wir allerdings ber\u00fccksichtigen ist das Wetter, sollte es deshalb \u00c4nderungen des Tour Verlaufes geben, m\u00f6chten wir uns daf\u00fcr entschuldigen.<\/p>\n\n\n\n<h2 class=\"wp-block-heading\" id=\"form\">Kontakt zum Inselspringen Phi Phi Island<\/h2>\n\n\n\n<script charset=\"utf-8\" type=\"text\/javascript\" src=\"\/\/js.hsforms.net\/forms\/embed\/v2.js\"><\/script>\n<script>\n  hbspt.forms.create({\n    region: \"na1\",\n    portalId: \"3413662\",\n    formId: \"59765d47-ffdf-4452-a315-11081d03c004\"\n  });\n<\/script>\n","protected":false},"excerpt":{"rendered":"<p>Inselspringen Phi Phi Island &#8211; Ein privater Ausflug mit dem Schnellboot von Phuket zu den bekannten Inseln von Phi Phi Island. Eine sagenhafte Tour abseits der Massen f\u00fcr die ganze Familie und Freunde. Tour Inklusive : Nicht Inklusive: Inselspringen Phi Phi Island &#8211; Schnorcheln &amp; Spass Inselspringen Phi Phi Island &#8211;\u00a0 Tour Plan *&nbsp; Der [&hellip;]<\/p>\n","protected":false},"author":4,"featured_media":28573,"parent":11262,"menu_order":0,"comment_status":"closed","ping_status":"open","template":"","meta":{"_acf_changed":false,"_et_pb_use_builder":"","_et_pb_old_content":"","_et_gb_content_width":"","footnotes":""},"class_list":["post-11257","page","type-page","status-publish","has-post-thumbnail","hentry"],"acf":[],"yoast_head":"<!-- This site is optimized with the Yoast SEO plugin v25.1 - https:\/\/yoast.com\/wordpress\/plugins\/seo\/ -->\n<title>Inselspringen Phi Phi Island - Easy Day Phuket Ausfl\u00fcge<\/title>\n<meta name=\"description\" content=\"Zum Inselspringen Phi Phi Island mit Easy Day Phuket. Ein privater Ausflug zu den sch\u00f6nsten Str\u00e4nden rund um Phi Phi Island .\" \/>\n<meta name=\"robots\" content=\"index, follow, max-snippet:-1, max-image-preview:large, max-video-preview:-1\" \/>\n<link rel=\"canonical\" href=\"https:\/\/www.easydayphuket.com\/de\/phuket-inselhuepfen\/inselhopping-phi-phi-island\/\" \/>\n<meta property=\"og:locale\" content=\"de_DE\" \/>\n<meta property=\"og:type\" content=\"article\" \/>\n<meta property=\"og:title\" content=\"Inselspringen Phi Phi Island - Easy Day Phuket Ausfl\u00fcge\" \/>\n<meta property=\"og:description\" content=\"Zum Inselspringen Phi Phi Island mit Easy Day Phuket. Ein privater Ausflug zu den sch\u00f6nsten Str\u00e4nden rund um Phi Phi Island .\" \/>\n<meta property=\"og:url\" content=\"https:\/\/www.easydayphuket.com\/de\/phuket-inselhuepfen\/inselhopping-phi-phi-island\/\" \/>\n<meta property=\"og:site_name\" content=\"Easy Day Phuket\" \/>\n<meta property=\"article:publisher\" content=\"https:\/\/www.facebook.com\/Easydayinthailand\/\" \/>\n<meta property=\"article:modified_time\" content=\"2024-05-23T03:46:49+00:00\" \/>\n<meta property=\"og:image\" content=\"https:\/\/www.easydayphuket.com\/wp-content\/uploads\/2018\/08\/Phi-Phi-Island-Tour-Speedboat-at-Maya-Bay.jpg\" \/>\n\t<meta property=\"og:image:width\" content=\"550\" \/>\n\t<meta property=\"og:image:height\" content=\"310\" \/>\n\t<meta property=\"og:image:type\" content=\"image\/jpeg\" \/>\n<meta name=\"twitter:label1\" content=\"Gesch\u00e4tzte Lesezeit\" \/>\n\t<meta name=\"twitter:data1\" content=\"3\u00a0Minuten\" \/>\n<script type=\"application\/ld+json\" class=\"yoast-schema-graph\">{\"@context\":\"https:\/\/schema.org\",\"@graph\":[{\"@type\":\"WebPage\",\"@id\":\"https:\/\/www.easydayphuket.com\/de\/phuket-inselhuepfen\/inselhopping-phi-phi-island\/\",\"url\":\"https:\/\/www.easydayphuket.com\/de\/phuket-inselhuepfen\/inselhopping-phi-phi-island\/\",\"name\":\"Inselspringen Phi Phi Island - Easy Day Phuket Ausfl\u00fcge\",\"isPartOf\":{\"@id\":\"https:\/\/www.easydayphuket.com\/#website\"},\"primaryImageOfPage\":{\"@id\":\"https:\/\/www.easydayphuket.com\/de\/phuket-inselhuepfen\/inselhopping-phi-phi-island\/#primaryimage\"},\"image\":{\"@id\":\"https:\/\/www.easydayphuket.com\/de\/phuket-inselhuepfen\/inselhopping-phi-phi-island\/#primaryimage\"},\"thumbnailUrl\":\"https:\/\/www.easydayphuket.com\/wp-content\/uploads\/2018\/08\/Phi-Phi-Island-Tour-Speedboat-at-Maya-Bay.jpg\",\"datePublished\":\"2015-08-02T06:01:08+00:00\",\"dateModified\":\"2024-05-23T03:46:49+00:00\",\"description\":\"Zum Inselspringen Phi Phi Island mit Easy Day Phuket. Ein privater Ausflug zu den sch\u00f6nsten Str\u00e4nden rund um Phi Phi Island .\",\"breadcrumb\":{\"@id\":\"https:\/\/www.easydayphuket.com\/de\/phuket-inselhuepfen\/inselhopping-phi-phi-island\/#breadcrumb\"},\"inLanguage\":\"de\",\"potentialAction\":[{\"@type\":\"ReadAction\",\"target\":[\"https:\/\/www.easydayphuket.com\/de\/phuket-inselhuepfen\/inselhopping-phi-phi-island\/\"]}]},{\"@type\":\"ImageObject\",\"inLanguage\":\"de\",\"@id\":\"https:\/\/www.easydayphuket.com\/de\/phuket-inselhuepfen\/inselhopping-phi-phi-island\/#primaryimage\",\"url\":\"https:\/\/www.easydayphuket.com\/wp-content\/uploads\/2018\/08\/Phi-Phi-Island-Tour-Speedboat-at-Maya-Bay.jpg\",\"contentUrl\":\"https:\/\/www.easydayphuket.com\/wp-content\/uploads\/2018\/08\/Phi-Phi-Island-Tour-Speedboat-at-Maya-Bay.jpg\",\"width\":550,\"height\":310,\"caption\":\"Private Phuket Tours\"},{\"@type\":\"BreadcrumbList\",\"@id\":\"https:\/\/www.easydayphuket.com\/de\/phuket-inselhuepfen\/inselhopping-phi-phi-island\/#breadcrumb\",\"itemListElement\":[{\"@type\":\"ListItem\",\"position\":1,\"name\":\"Home\",\"item\":\"https:\/\/www.easydayphuket.com\/de\/\"},{\"@type\":\"ListItem\",\"position\":2,\"name\":\"Phuket Inselh\u00fcpfen\",\"item\":\"https:\/\/www.easydayphuket.com\/de\/phuket-inselhuepfen\/\"},{\"@type\":\"ListItem\",\"position\":3,\"name\":\"Inselspringen Phi Phi Island\"}]},{\"@type\":\"WebSite\",\"@id\":\"https:\/\/www.easydayphuket.com\/#website\",\"url\":\"https:\/\/www.easydayphuket.com\/\",\"name\":\"Easy Day Phuket\",\"description\":\"Ihr Phuket Tour & Reise Partner\",\"publisher\":{\"@id\":\"https:\/\/www.easydayphuket.com\/#organization\"},\"potentialAction\":[{\"@type\":\"SearchAction\",\"target\":{\"@type\":\"EntryPoint\",\"urlTemplate\":\"https:\/\/www.easydayphuket.com\/?s={search_term_string}\"},\"query-input\":{\"@type\":\"PropertyValueSpecification\",\"valueRequired\":true,\"valueName\":\"search_term_string\"}}],\"inLanguage\":\"de\"},{\"@type\":\"Organization\",\"@id\":\"https:\/\/www.easydayphuket.com\/#organization\",\"name\":\"Easy Day Thailand\",\"url\":\"https:\/\/www.easydayphuket.com\/\",\"logo\":{\"@type\":\"ImageObject\",\"inLanguage\":\"de\",\"@id\":\"https:\/\/www.easydayphuket.com\/#\/schema\/logo\/image\/\",\"url\":\"https:\/\/www.easydayphuket.com\/wp-content\/uploads\/2013\/07\/Sun-Thaiflag_booking12.gif\",\"contentUrl\":\"https:\/\/www.easydayphuket.com\/wp-content\/uploads\/2013\/07\/Sun-Thaiflag_booking12.gif\",\"width\":100,\"height\":94,\"caption\":\"Easy Day Thailand\"},\"image\":{\"@id\":\"https:\/\/www.easydayphuket.com\/#\/schema\/logo\/image\/\"},\"sameAs\":[\"https:\/\/www.facebook.com\/Easydayinthailand\/\",\"https:\/\/www.instagram.com\/easydaythailand\/\"]}]}<\/script>\n<!-- \/ Yoast SEO plugin. -->","yoast_head_json":{"title":"Inselspringen Phi Phi Island - Easy Day Phuket Ausfl\u00fcge","description":"Zum Inselspringen Phi Phi Island mit Easy Day Phuket. Ein privater Ausflug zu den sch\u00f6nsten Str\u00e4nden rund um Phi Phi Island .","robots":{"index":"index","follow":"follow","max-snippet":"max-snippet:-1","max-image-preview":"max-image-preview:large","max-video-preview":"max-video-preview:-1"},"canonical":"https:\/\/www.easydayphuket.com\/de\/phuket-inselhuepfen\/inselhopping-phi-phi-island\/","og_locale":"de_DE","og_type":"article","og_title":"Inselspringen Phi Phi Island - Easy Day Phuket Ausfl\u00fcge","og_description":"Zum Inselspringen Phi Phi Island mit Easy Day Phuket. Ein privater Ausflug zu den sch\u00f6nsten Str\u00e4nden rund um Phi Phi Island .","og_url":"https:\/\/www.easydayphuket.com\/de\/phuket-inselhuepfen\/inselhopping-phi-phi-island\/","og_site_name":"Easy Day Phuket","article_publisher":"https:\/\/www.facebook.com\/Easydayinthailand\/","article_modified_time":"2024-05-23T03:46:49+00:00","og_image":[{"width":550,"height":310,"url":"https:\/\/www.easydayphuket.com\/wp-content\/uploads\/2018\/08\/Phi-Phi-Island-Tour-Speedboat-at-Maya-Bay.jpg","type":"image\/jpeg"}],"twitter_misc":{"Gesch\u00e4tzte Lesezeit":"3\u00a0Minuten"},"schema":{"@context":"https:\/\/schema.org","@graph":[{"@type":"WebPage","@id":"https:\/\/www.easydayphuket.com\/de\/phuket-inselhuepfen\/inselhopping-phi-phi-island\/","url":"https:\/\/www.easydayphuket.com\/de\/phuket-inselhuepfen\/inselhopping-phi-phi-island\/","name":"Inselspringen Phi Phi Island - Easy Day Phuket Ausfl\u00fcge","isPartOf":{"@id":"https:\/\/www.easydayphuket.com\/#website"},"primaryImageOfPage":{"@id":"https:\/\/www.easydayphuket.com\/de\/phuket-inselhuepfen\/inselhopping-phi-phi-island\/#primaryimage"},"image":{"@id":"https:\/\/www.easydayphuket.com\/de\/phuket-inselhuepfen\/inselhopping-phi-phi-island\/#primaryimage"},"thumbnailUrl":"https:\/\/www.easydayphuket.com\/wp-content\/uploads\/2018\/08\/Phi-Phi-Island-Tour-Speedboat-at-Maya-Bay.jpg","datePublished":"2015-08-02T06:01:08+00:00","dateModified":"2024-05-23T03:46:49+00:00","description":"Zum Inselspringen Phi Phi Island mit Easy Day Phuket. Ein privater Ausflug zu den sch\u00f6nsten Str\u00e4nden rund um Phi Phi Island .","breadcrumb":{"@id":"https:\/\/www.easydayphuket.com\/de\/phuket-inselhuepfen\/inselhopping-phi-phi-island\/#breadcrumb"},"inLanguage":"de","potentialAction":[{"@type":"ReadAction","target":["https:\/\/www.easydayphuket.com\/de\/phuket-inselhuepfen\/inselhopping-phi-phi-island\/"]}]},{"@type":"ImageObject","inLanguage":"de","@id":"https:\/\/www.easydayphuket.com\/de\/phuket-inselhuepfen\/inselhopping-phi-phi-island\/#primaryimage","url":"https:\/\/www.easydayphuket.com\/wp-content\/uploads\/2018\/08\/Phi-Phi-Island-Tour-Speedboat-at-Maya-Bay.jpg","contentUrl":"https:\/\/www.easydayphuket.com\/wp-content\/uploads\/2018\/08\/Phi-Phi-Island-Tour-Speedboat-at-Maya-Bay.jpg","width":550,"height":310,"caption":"Private Phuket Tours"},{"@type":"BreadcrumbList","@id":"https:\/\/www.easydayphuket.com\/de\/phuket-inselhuepfen\/inselhopping-phi-phi-island\/#breadcrumb","itemListElement":[{"@type":"ListItem","position":1,"name":"Home","item":"https:\/\/www.easydayphuket.com\/de\/"},{"@type":"ListItem","position":2,"name":"Phuket Inselh\u00fcpfen","item":"https:\/\/www.easydayphuket.com\/de\/phuket-inselhuepfen\/"},{"@type":"ListItem","position":3,"name":"Inselspringen Phi Phi Island"}]},{"@type":"WebSite","@id":"https:\/\/www.easydayphuket.com\/#website","url":"https:\/\/www.easydayphuket.com\/","name":"Easy Day Phuket","description":"Ihr Phuket Tour & Reise Partner","publisher":{"@id":"https:\/\/www.easydayphuket.com\/#organization"},"potentialAction":[{"@type":"SearchAction","target":{"@type":"EntryPoint","urlTemplate":"https:\/\/www.easydayphuket.com\/?s={search_term_string}"},"query-input":{"@type":"PropertyValueSpecification","valueRequired":true,"valueName":"search_term_string"}}],"inLanguage":"de"},{"@type":"Organization","@id":"https:\/\/www.easydayphuket.com\/#organization","name":"Easy Day Thailand","url":"https:\/\/www.easydayphuket.com\/","logo":{"@type":"ImageObject","inLanguage":"de","@id":"https:\/\/www.easydayphuket.com\/#\/schema\/logo\/image\/","url":"https:\/\/www.easydayphuket.com\/wp-content\/uploads\/2013\/07\/Sun-Thaiflag_booking12.gif","contentUrl":"https:\/\/www.easydayphuket.com\/wp-content\/uploads\/2013\/07\/Sun-Thaiflag_booking12.gif","width":100,"height":94,"caption":"Easy Day Thailand"},"image":{"@id":"https:\/\/www.easydayphuket.com\/#\/schema\/logo\/image\/"},"sameAs":["https:\/\/www.facebook.com\/Easydayinthailand\/","https:\/\/www.instagram.com\/easydaythailand\/"]}]}},"_links":{"self":[{"href":"https:\/\/www.easydayphuket.com\/de\/wp-json\/wp\/v2\/pages\/11257","targetHints":{"allow":["GET"]}}],"collection":[{"href":"https:\/\/www.easydayphuket.com\/de\/wp-json\/wp\/v2\/pages"}],"about":[{"href":"https:\/\/www.easydayphuket.com\/de\/wp-json\/wp\/v2\/types\/page"}],"author":[{"embeddable":true,"href":"https:\/\/www.easydayphuket.com\/de\/wp-json\/wp\/v2\/users\/4"}],"replies":[{"embeddable":true,"href":"https:\/\/www.easydayphuket.com\/de\/wp-json\/wp\/v2\/comments?post=11257"}],"version-history":[{"count":0,"href":"https:\/\/www.easydayphuket.com\/de\/wp-json\/wp\/v2\/pages\/11257\/revisions"}],"up":[{"embeddable":true,"href":"https:\/\/www.easydayphuket.com\/de\/wp-json\/wp\/v2\/pages\/11262"}],"wp:featuredmedia":[{"embeddable":true,"href":"https:\/\/www.easydayphuket.com\/de\/wp-json\/wp\/v2\/media\/28573"}],"wp:attachment":[{"href":"https:\/\/www.easydayphuket.com\/de\/wp-json\/wp\/v2\/media?parent=11257"}],"curies":[{"name":"wp","href":"https:\/\/api.w.org\/{rel}","templated":true}]}}