{"id":11024,"date":"2015-07-06T13:39:04","date_gmt":"2015-07-06T06:39:04","guid":{"rendered":"https:\/\/www.easydayphuket.com\/de\/phuket-boot-charter\/adamo\/"},"modified":"2024-05-15T01:07:16","modified_gmt":"2024-05-14T18:07:16","slug":"adamo","status":"publish","type":"page","link":"https:\/\/www.easydayphuket.com\/de\/phuket-boot-charter\/adamo\/","title":{"rendered":"Adamo"},"content":{"rendered":"\n<figure class=\"wp-block-image alignright size-full wp-image-4259\"><img loading=\"lazy\" decoding=\"async\" width=\"240\" height=\"160\" src=\"https:\/\/www.easydayphuket.com\/wp-content\/uploads\/2014\/01\/Adamo-e1391142001239.jpg\" alt=\"Adamo\" class=\"wp-image-4259\"\/><figcaption class=\"wp-element-caption\">Adamo<\/figcaption><\/figure>\n\n\n\n<p>Wer den Luxus bei einen Yacht Charter Phuket geniessen will, sollte sich einen Ausflug mit Adamo k\u00f6nnen. Die Adamo bietet \u00dcbernachtungsm\u00f6glicheiten f\u00fcr 6 Personen und verf\u00fcgt \u00fcber einen absoluten Komfort, den Sie sich bei einer bis zu 14t\u00e4gigen Kreutzfahrt nicht entgehen lassen sollten.<\/p>\n\n\n\n<ul class=\"wp-block-list\">\n<li><strong>Gebaut in den Emiraten<br><\/strong><\/li>\n\n\n\n<li><strong>Ideal <\/strong>f\u00fcr Unterhaltung &amp; Freizeit<\/li>\n\n\n\n<li>Sehr Ger\u00e4umig<\/li>\n\n\n\n<li><strong>Komfortable Kabinen<br><\/strong><\/li>\n<\/ul>\n\n\n<p><strong>Preise in Thai Baht ab [bc_adamo_halfday] <\/strong><a title=\"Easy Day Contact Form\" href=\"#form\">&gt;&gt; Buchen \/ Kontakt<\/a> <\/p>\n\n\n<ul>\n<li>Phuket Hoteltransfer<\/li>\n<li>5 Std. mit der Adamo in die Phang Nga Bay bei max. 2.5 Std Motorbetrieb.<\/li>\n<li>Gourmet Mittagessen<\/li>\n<li>Wein (1\/2 Fl. pro Person)<\/li>\n<li>Bier (6 Fl. pro Person)<\/li>\n<li>Alkoholfreie Getr\u00e4nke<\/li>\n<li>Schnorchelausr\u00fcstung<\/li>\n<\/ul>\n\n\n\n<p class=\"has-text-align-right\"><a href='#form' class='small-button smallblue'>Buchen \/ Kontakt<\/a><\/p>\n\n\n\n<h2 class=\"wp-block-heading\">Adamo &#8211; Halbtages Tourplan<\/h2>\n\n\n\n<ul class=\"wp-block-list\">\n<li>08.30 &#8211; Phuket Hoteltransfer und fahrt zum Ao Por Grand Marina Hafen.<\/li>\n\n\n\n<li>09.00 &#8211; Willkommen an Bord der Adamo und Aussfahrt in die Phang Nga Bay.<\/li>\n\n\n\n<li>09.15 &#8211; Inselrundfahrt in der Phang Nga Bay.<\/li>\n\n\n\n<li>12.00 &#8211; Gourmet Mittagessen an Bord.<\/li>\n\n\n\n<li>14.00 &#8211; Ankunft im Ao Por Grand Marina Hafen und R\u00fcckfahrt zum Phuket Hotel.<\/li>\n<\/ul>\n\n\n\n<p class=\"has-text-align-right\"><a href='#form' class='small-button smallblue'>Buchen \/ Kontakt<\/a><\/p>\n\n\n\n<h2 class=\"wp-block-heading\">Adamo Galerie &#8211; Yacht Charter Phuket<\/h2>\n\n\n<p>[wzslider autoplay=&#8220;true&#8220; info=&#8220;true&#8220;]<\/p>\n\n\n\n<h2 class=\"wp-block-heading\">Adamo Ausstattung<\/h2>\n\n\n<p>[twocol_one]<\/p>\n<ul>\n<li>Gro\u00dfz\u00fcgiger Wohnbereich<\/li>\n<li>Gro\u00dfes Deck<\/li>\n<li>Erfahrene Besatzung<\/li>\n<li>Bequeme Polster<\/li>\n<\/ul>\n<p>[\/twocol_one]<\/p>\n\n\n\n<p> [twocol_one_last]<\/p>\n\n\n\n<ul class=\"wp-block-list\">\n<li>Max. 16 G\u00e4ste<\/li>\n\n\n\n<li>Lederausstattung<\/li>\n\n\n\n<li>Sch\u00f6nes Sonnendeck<\/li>\n\n\n\n<li>Bar<\/li>\n<\/ul>\n\n\n<br clear=\"all\" \/><a name=\"form\"><\/a>\n\n\n\n<p>Hersteller\/Model &nbsp;&nbsp; Integrity 55 Flybridge<\/p>\n\n\n\n<ul class=\"wp-block-list\">\n<li>L\u00e4nge: 16.70 m (55 ft)<\/li>\n\n\n\n<li>Baujahr: 2009<\/li>\n\n\n\n<li>Besatzung: 3<\/li>\n\n\n\n<li>Tagestour: 16 G\u00e4ste<\/li>\n\n\n\n<li>\u00dcbernacht: 6 G\u00e4ste<\/li>\n\n\n\n<li>3 Kabinen: 2 Doppel und 1 Zweibett-Kabine<\/li>\n<\/ul>\n\n\n\n<h2 class=\"wp-block-heading\">Adamo Unterbringung<\/h2>\n\n\n<p>[twocol_one]<\/p>\n\n\n\n<p>Die Adamo verf\u00fcgt \u00fcber 3 Kabinen, 2 Doppel und 1 Zweibett-Kabine. Die Kaninen bieten Platz f\u00fcr 6 G\u00e4ste und verf\u00fcgen jeweils \u00fcber ein eigenes Bad, WC und einer reg. Klimaanlage. Bei einer Phuket Tagestour finden 16 G\u00e4ste bequem Platz und haben auch ein extra WC.<\/p>\n\n\n\n<h2 class=\"wp-block-heading\">Adamo &#8211; Allgemeine Informationen<\/h2>\n\n\n\n<p><span id=\"result_box\" class=\"\" lang=\"de\"><span class=\"hps\">Adamo<\/span> <span class=\"hps\">ist eine au\u00dfergew\u00f6hnliche<\/span> <span class=\"hps\">Yacht und<\/span> <span class=\"hps\">bietet Ihnen<\/span> <span class=\"hps\">alle Annehmlichkeiten<\/span><span class=\"\">, die Sie f\u00fcr<\/span> <span class=\"hps\">einen Tag<\/span> <span class=\"hps\">oder eine<\/span> <span class=\"hps\">mehrt\u00e4gige<\/span> <span class=\"hps\">Reise ben\u00f6tigen.<\/span><\/span><\/p>\n\n\n\n<p><span class=\"hps atn\">Die Marke &#8222;<\/span>Integrit\u00e4t&#8220; <span class=\"hps\">ist eine Signatur<\/span>-Serie von <span class=\"hps\">Riviera<\/span> <span class=\"hps\">Booten<\/span> <span class=\"hps\">in<\/span> <span class=\"hps\">den Vereinigten Arabischen Emiraten<\/span>. <span class=\"hps\">Diese<\/span> <span class=\"hps\">Reihe von luxuri\u00f6sen<\/span> <span class=\"hps\">Motoryachten<\/span> <span class=\"hps\">sind so konzipiert und<\/span> <span class=\"hps\">gebaut, um<\/span> <span class=\"hps\">einen sehr hohen Standard<\/span> <span class=\"hps\">und<\/span> <span class=\"hps\">eine \u00dcbereinstimmung<\/span> <span class=\"hps\">f\u00fcr eine der<\/span> <span class=\"hps\">besser<\/span> <span class=\"hps\">bekannten Markennamen<\/span>. Die <span class=\"hps\">Verarbeitungsqualit\u00e4t<\/span> <span class=\"hps\">ist sehr hoch<\/span> <span class=\"hps\">und die<\/span> <span class=\"hps\">Design<\/span> <span class=\"hps\">und Ausstattung<\/span> <span class=\"hps\">sind perfekt f\u00fcr die<\/span> <span class=\"hps\">tropische Region<\/span> <span class=\"hps\">von<\/span> <span class=\"hps\">Phuket.<\/span><\/p>\n\n\n\n<h2 class=\"wp-block-heading\">Kontakt f\u00fcr Ihren Yacht Charter Phuket<\/h2>\n\n\n\n<script charset=\"utf-8\" type=\"text\/javascript\" src=\"\/\/js.hsforms.net\/forms\/embed\/v2.js\"><\/script>\n<script>\n  hbspt.forms.create({\n    region: \"na1\",\n    portalId: \"3413662\",\n    formId: \"59765d47-ffdf-4452-a315-11081d03c004\"\n  });\n<\/script>\n","protected":false},"excerpt":{"rendered":"<p>Wer den Luxus bei einen Yacht Charter Phuket geniessen will, sollte sich einen Ausflug mit Adamo k\u00f6nnen. Die Adamo bietet \u00dcbernachtungsm\u00f6glicheiten f\u00fcr 6 Personen und verf\u00fcgt \u00fcber einen absoluten Komfort, den Sie sich bei einer bis zu 14t\u00e4gigen Kreutzfahrt nicht entgehen lassen sollten. Adamo &#8211; Halbtages Tourplan Adamo Galerie &#8211; Yacht Charter Phuket Adamo Ausstattung [&hellip;]<\/p>\n","protected":false},"author":4,"featured_media":0,"parent":10516,"menu_order":0,"comment_status":"closed","ping_status":"open","template":"","meta":{"_acf_changed":false,"_et_pb_use_builder":"","_et_pb_old_content":"","_et_gb_content_width":"","footnotes":""},"class_list":["post-11024","page","type-page","status-publish","hentry"],"acf":[],"yoast_head":"<!-- This site is optimized with the Yoast SEO plugin v25.1 - https:\/\/yoast.com\/wordpress\/plugins\/seo\/ -->\n<title>Adamo<\/title>\n<meta name=\"description\" content=\"Adamo\" \/>\n<meta name=\"robots\" content=\"index, follow, max-snippet:-1, max-image-preview:large, max-video-preview:-1\" \/>\n<link rel=\"canonical\" href=\"https:\/\/www.easydayphuket.com\/de\/phuket-boot-charter\/adamo\/\" \/>\n<meta property=\"og:locale\" content=\"de_DE\" \/>\n<meta property=\"og:type\" content=\"article\" \/>\n<meta property=\"og:title\" content=\"Adamo\" \/>\n<meta property=\"og:description\" content=\"Adamo\" \/>\n<meta property=\"og:url\" content=\"https:\/\/www.easydayphuket.com\/de\/phuket-boot-charter\/adamo\/\" \/>\n<meta property=\"og:site_name\" content=\"Easy Day Phuket\" \/>\n<meta property=\"article:publisher\" content=\"https:\/\/www.facebook.com\/Easydayinthailand\/\" \/>\n<meta property=\"article:modified_time\" content=\"2024-05-14T18:07:16+00:00\" \/>\n<meta property=\"og:image\" content=\"https:\/\/www.easydayphuket.com\/wp-content\/uploads\/2014\/01\/Adamo-e1391142001239.jpg\" \/>\n<meta name=\"twitter:label1\" content=\"Gesch\u00e4tzte Lesezeit\" \/>\n\t<meta name=\"twitter:data1\" content=\"2\u00a0Minuten\" \/>\n<script type=\"application\/ld+json\" class=\"yoast-schema-graph\">{\"@context\":\"https:\/\/schema.org\",\"@graph\":[{\"@type\":\"WebPage\",\"@id\":\"https:\/\/www.easydayphuket.com\/de\/phuket-boot-charter\/adamo\/\",\"url\":\"https:\/\/www.easydayphuket.com\/de\/phuket-boot-charter\/adamo\/\",\"name\":\"Adamo\",\"isPartOf\":{\"@id\":\"https:\/\/www.easydayphuket.com\/#website\"},\"primaryImageOfPage\":{\"@id\":\"https:\/\/www.easydayphuket.com\/de\/phuket-boot-charter\/adamo\/#primaryimage\"},\"image\":{\"@id\":\"https:\/\/www.easydayphuket.com\/de\/phuket-boot-charter\/adamo\/#primaryimage\"},\"thumbnailUrl\":\"https:\/\/www.easydayphuket.com\/wp-content\/uploads\/2014\/01\/Adamo-e1391142001239.jpg\",\"datePublished\":\"2015-07-06T06:39:04+00:00\",\"dateModified\":\"2024-05-14T18:07:16+00:00\",\"description\":\"Adamo\",\"breadcrumb\":{\"@id\":\"https:\/\/www.easydayphuket.com\/de\/phuket-boot-charter\/adamo\/#breadcrumb\"},\"inLanguage\":\"de\",\"potentialAction\":[{\"@type\":\"ReadAction\",\"target\":[\"https:\/\/www.easydayphuket.com\/de\/phuket-boot-charter\/adamo\/\"]}]},{\"@type\":\"ImageObject\",\"inLanguage\":\"de\",\"@id\":\"https:\/\/www.easydayphuket.com\/de\/phuket-boot-charter\/adamo\/#primaryimage\",\"url\":\"https:\/\/www.easydayphuket.com\/wp-content\/uploads\/2014\/01\/Adamo-e1391142001239.jpg\",\"contentUrl\":\"https:\/\/www.easydayphuket.com\/wp-content\/uploads\/2014\/01\/Adamo-e1391142001239.jpg\"},{\"@type\":\"BreadcrumbList\",\"@id\":\"https:\/\/www.easydayphuket.com\/de\/phuket-boot-charter\/adamo\/#breadcrumb\",\"itemListElement\":[{\"@type\":\"ListItem\",\"position\":1,\"name\":\"Home\",\"item\":\"https:\/\/www.easydayphuket.com\/de\/\"},{\"@type\":\"ListItem\",\"position\":2,\"name\":\"Phuket Boot Charter\",\"item\":\"https:\/\/www.easydayphuket.com\/de\/phuket-boot-charter\/\"},{\"@type\":\"ListItem\",\"position\":3,\"name\":\"Adamo\"}]},{\"@type\":\"WebSite\",\"@id\":\"https:\/\/www.easydayphuket.com\/#website\",\"url\":\"https:\/\/www.easydayphuket.com\/\",\"name\":\"Easy Day Phuket\",\"description\":\"Ihr Phuket Tour & Reise Partner\",\"publisher\":{\"@id\":\"https:\/\/www.easydayphuket.com\/#organization\"},\"potentialAction\":[{\"@type\":\"SearchAction\",\"target\":{\"@type\":\"EntryPoint\",\"urlTemplate\":\"https:\/\/www.easydayphuket.com\/?s={search_term_string}\"},\"query-input\":{\"@type\":\"PropertyValueSpecification\",\"valueRequired\":true,\"valueName\":\"search_term_string\"}}],\"inLanguage\":\"de\"},{\"@type\":\"Organization\",\"@id\":\"https:\/\/www.easydayphuket.com\/#organization\",\"name\":\"Easy Day Thailand\",\"url\":\"https:\/\/www.easydayphuket.com\/\",\"logo\":{\"@type\":\"ImageObject\",\"inLanguage\":\"de\",\"@id\":\"https:\/\/www.easydayphuket.com\/#\/schema\/logo\/image\/\",\"url\":\"https:\/\/www.easydayphuket.com\/wp-content\/uploads\/2013\/07\/Sun-Thaiflag_booking12.gif\",\"contentUrl\":\"https:\/\/www.easydayphuket.com\/wp-content\/uploads\/2013\/07\/Sun-Thaiflag_booking12.gif\",\"width\":100,\"height\":94,\"caption\":\"Easy Day Thailand\"},\"image\":{\"@id\":\"https:\/\/www.easydayphuket.com\/#\/schema\/logo\/image\/\"},\"sameAs\":[\"https:\/\/www.facebook.com\/Easydayinthailand\/\",\"https:\/\/www.instagram.com\/easydaythailand\/\"]}]}<\/script>\n<!-- \/ Yoast SEO plugin. -->","yoast_head_json":{"title":"Adamo","description":"Adamo","robots":{"index":"index","follow":"follow","max-snippet":"max-snippet:-1","max-image-preview":"max-image-preview:large","max-video-preview":"max-video-preview:-1"},"canonical":"https:\/\/www.easydayphuket.com\/de\/phuket-boot-charter\/adamo\/","og_locale":"de_DE","og_type":"article","og_title":"Adamo","og_description":"Adamo","og_url":"https:\/\/www.easydayphuket.com\/de\/phuket-boot-charter\/adamo\/","og_site_name":"Easy Day Phuket","article_publisher":"https:\/\/www.facebook.com\/Easydayinthailand\/","article_modified_time":"2024-05-14T18:07:16+00:00","og_image":[{"url":"https:\/\/www.easydayphuket.com\/wp-content\/uploads\/2014\/01\/Adamo-e1391142001239.jpg","type":"","width":"","height":""}],"twitter_misc":{"Gesch\u00e4tzte Lesezeit":"2\u00a0Minuten"},"schema":{"@context":"https:\/\/schema.org","@graph":[{"@type":"WebPage","@id":"https:\/\/www.easydayphuket.com\/de\/phuket-boot-charter\/adamo\/","url":"https:\/\/www.easydayphuket.com\/de\/phuket-boot-charter\/adamo\/","name":"Adamo","isPartOf":{"@id":"https:\/\/www.easydayphuket.com\/#website"},"primaryImageOfPage":{"@id":"https:\/\/www.easydayphuket.com\/de\/phuket-boot-charter\/adamo\/#primaryimage"},"image":{"@id":"https:\/\/www.easydayphuket.com\/de\/phuket-boot-charter\/adamo\/#primaryimage"},"thumbnailUrl":"https:\/\/www.easydayphuket.com\/wp-content\/uploads\/2014\/01\/Adamo-e1391142001239.jpg","datePublished":"2015-07-06T06:39:04+00:00","dateModified":"2024-05-14T18:07:16+00:00","description":"Adamo","breadcrumb":{"@id":"https:\/\/www.easydayphuket.com\/de\/phuket-boot-charter\/adamo\/#breadcrumb"},"inLanguage":"de","potentialAction":[{"@type":"ReadAction","target":["https:\/\/www.easydayphuket.com\/de\/phuket-boot-charter\/adamo\/"]}]},{"@type":"ImageObject","inLanguage":"de","@id":"https:\/\/www.easydayphuket.com\/de\/phuket-boot-charter\/adamo\/#primaryimage","url":"https:\/\/www.easydayphuket.com\/wp-content\/uploads\/2014\/01\/Adamo-e1391142001239.jpg","contentUrl":"https:\/\/www.easydayphuket.com\/wp-content\/uploads\/2014\/01\/Adamo-e1391142001239.jpg"},{"@type":"BreadcrumbList","@id":"https:\/\/www.easydayphuket.com\/de\/phuket-boot-charter\/adamo\/#breadcrumb","itemListElement":[{"@type":"ListItem","position":1,"name":"Home","item":"https:\/\/www.easydayphuket.com\/de\/"},{"@type":"ListItem","position":2,"name":"Phuket Boot Charter","item":"https:\/\/www.easydayphuket.com\/de\/phuket-boot-charter\/"},{"@type":"ListItem","position":3,"name":"Adamo"}]},{"@type":"WebSite","@id":"https:\/\/www.easydayphuket.com\/#website","url":"https:\/\/www.easydayphuket.com\/","name":"Easy Day Phuket","description":"Ihr Phuket Tour & Reise Partner","publisher":{"@id":"https:\/\/www.easydayphuket.com\/#organization"},"potentialAction":[{"@type":"SearchAction","target":{"@type":"EntryPoint","urlTemplate":"https:\/\/www.easydayphuket.com\/?s={search_term_string}"},"query-input":{"@type":"PropertyValueSpecification","valueRequired":true,"valueName":"search_term_string"}}],"inLanguage":"de"},{"@type":"Organization","@id":"https:\/\/www.easydayphuket.com\/#organization","name":"Easy Day Thailand","url":"https:\/\/www.easydayphuket.com\/","logo":{"@type":"ImageObject","inLanguage":"de","@id":"https:\/\/www.easydayphuket.com\/#\/schema\/logo\/image\/","url":"https:\/\/www.easydayphuket.com\/wp-content\/uploads\/2013\/07\/Sun-Thaiflag_booking12.gif","contentUrl":"https:\/\/www.easydayphuket.com\/wp-content\/uploads\/2013\/07\/Sun-Thaiflag_booking12.gif","width":100,"height":94,"caption":"Easy Day Thailand"},"image":{"@id":"https:\/\/www.easydayphuket.com\/#\/schema\/logo\/image\/"},"sameAs":["https:\/\/www.facebook.com\/Easydayinthailand\/","https:\/\/www.instagram.com\/easydaythailand\/"]}]}},"_links":{"self":[{"href":"https:\/\/www.easydayphuket.com\/de\/wp-json\/wp\/v2\/pages\/11024","targetHints":{"allow":["GET"]}}],"collection":[{"href":"https:\/\/www.easydayphuket.com\/de\/wp-json\/wp\/v2\/pages"}],"about":[{"href":"https:\/\/www.easydayphuket.com\/de\/wp-json\/wp\/v2\/types\/page"}],"author":[{"embeddable":true,"href":"https:\/\/www.easydayphuket.com\/de\/wp-json\/wp\/v2\/users\/4"}],"replies":[{"embeddable":true,"href":"https:\/\/www.easydayphuket.com\/de\/wp-json\/wp\/v2\/comments?post=11024"}],"version-history":[{"count":0,"href":"https:\/\/www.easydayphuket.com\/de\/wp-json\/wp\/v2\/pages\/11024\/revisions"}],"up":[{"embeddable":true,"href":"https:\/\/www.easydayphuket.com\/de\/wp-json\/wp\/v2\/pages\/10516"}],"wp:attachment":[{"href":"https:\/\/www.easydayphuket.com\/de\/wp-json\/wp\/v2\/media?parent=11024"}],"curies":[{"name":"wp","href":"https:\/\/api.w.org\/{rel}","templated":true}]}}