{"id":10844,"date":"2015-06-27T11:07:23","date_gmt":"2015-06-27T04:07:23","guid":{"rendered":"https:\/\/www.easydayphuket.com\/de\/phuket-boot-charter\/phuket-boat-charter\/"},"modified":"2024-05-15T01:12:45","modified_gmt":"2024-05-14T18:12:45","slug":"my-anurak","status":"publish","type":"page","link":"https:\/\/www.easydayphuket.com\/de\/phuket-boot-charter\/my-anurak\/","title":{"rendered":"MY Anurak"},"content":{"rendered":"\n<figure class=\"wp-block-image alignright\"><a href=\"https:\/\/www.easydayphuket.com\/wp-content\/uploads\/2014\/05\/MY-Anurak1-e1399950055715.jpg\"><img loading=\"lazy\" decoding=\"async\" width=\"240\" height=\"160\" src=\"https:\/\/www.easydayphuket.com\/wp-content\/uploads\/2014\/05\/MY-Anurak1-e1399950055715.jpg\" alt=\"MY Anurak - Phuket Boat Charter Motor yacht\" class=\"wp-image-5117\"\/><\/a><figcaption class=\"wp-element-caption\">MY Anurak<\/figcaption><\/figure>\n\n\n\n<p>Phuket Boat Charter &#8211; Die MY Anurak ist eine vollausgestattete Yacht die sich hervorragend f\u00fcr Ausfl\u00fcge mit \u00dcbernachtung eignet. Ein wirklich sehr schnelles Boot was perfekt ist f\u00fcr Ausfl\u00fcge nach Phi Phi Island, Racha Island oder in die Phang Nga Bay zum James Bond Felsen.<\/p>\n\n\n\n<ul class=\"wp-block-list\">\n<li><strong>Sehr schnelles Boot.<br><\/strong><\/li>\n\n\n\n<li><strong>Optimal f\u00fcr Tagestouren <\/strong>zum Schnorcheln.<\/li>\n\n\n\n<li>Internationale<strong> Sicherheitsausr\u00fcstung.<br><\/strong><\/li>\n\n\n\n<li><strong>Perfekt f\u00fcr <a title=\"Raya Island\" href=\"https:\/\/www.easydayphuket.com\/de\/raya-island\/\" target=\"_blank\" rel=\"noopener\">Racha Yai<\/a> &amp; <a title=\"Koh Phi Phi Island \u2013 The Jewel of Krabi Province\" href=\"https:\/\/www.easydayphuket.com\/koh-phi-phi-island-juwel-krabi-province\/\" target=\"_blank\" rel=\"noopener\">Phi Phi Islands<\/a><br><\/strong><\/li>\n<\/ul>\n\n\n<p><strong>Preise in Thai Baht ab [bc_anurak_raya_fullday] <\/strong><a title=\"Easy Day Contact Form\" href=\"#form\">&gt;&gt; Buchen\/ Kontakt\u00a0<\/a> <\/p>\n\n\n\n<p><strong>Tour inklusive<\/strong>:<\/p>\n\n\n<ul>\n<li>Phuket Hoteltransfer.<\/li>\n<li>Tagestouren zu den Inseln.<\/li>\n<li>Englischsprechende Besatzung.<\/li>\n<li>Mittagessen.<\/li>\n<li>Alkoholfreie Getr\u00e4nke.<\/li>\n<li>Lokales Bier.<\/li>\n<li>Steuer und Versicherung.<\/li>\n<\/ul>\n\n\n\n<p class=\"has-text-align-right\"><a href='#form' class='small-button smallblue'>Buchen \/ Kontakt<\/a><\/p>\n\n\n\n<h2 class=\"wp-block-heading\">MY Anurak &#8211; Phuket Boat Charter &#8211; Tourablauf<\/h2>\n\n\n\n<ul class=\"wp-block-list\">\n<li>08.30 &#8211; Hotelabholung und fahrt nach Chalong.<\/li>\n\n\n\n<li>09.00 &#8211; Willkommen an Bord.<\/li>\n\n\n\n<li>09.15 &#8211; Fahrt zu den umliegenden Inseln.<\/li>\n\n\n\n<li>12.00 &#8211; Mittagessen an Bord.<\/li>\n\n\n\n<li>16.00 &#8211; Ankunft Chalong und R\u00fcckfahrt zum Hotel.<\/li>\n<\/ul>\n\n\n\n<p class=\"has-text-align-right\"><a href='#form' class='small-button smallblue'>Buchen \/ Kontakt<\/a><\/p>\n\n\n\n<h2 class=\"wp-block-heading\">MY Anurak&nbsp;Gallery<\/h2>\n\n\n\n<figure class=\"wp-block-embed is-type-video is-provider-youtube wp-block-embed-youtube wp-embed-aspect-16-9 wp-has-aspect-ratio\"><div class=\"wp-block-embed__wrapper\">\n<iframe loading=\"lazy\" title=\"Anurak HD\" width=\"1080\" height=\"608\" src=\"https:\/\/www.youtube.com\/embed\/ygeYdCgGDnM?feature=oembed\"  allow=\"accelerometer; autoplay; clipboard-write; encrypted-media; gyroscope; picture-in-picture; web-share\" referrerpolicy=\"strict-origin-when-cross-origin\" allowfullscreen><\/iframe>\n<\/div><\/figure>\n\n\n<p>[wzslider autoplay=&#8220;true&#8220;]<\/p>\n\n\n\n<h2 class=\"wp-block-heading\">MY Anurak&nbsp;Galerie<\/h2>\n\n\n<p>[twocol_one]<\/p>\n<ul>\n<li><strong>Schnelles Boot.<\/strong><\/li>\n<li>Tauchdeck.<\/li>\n<li>Aufmerksame Besatzung.<\/li>\n<li><strong>Sonnendeck.<\/strong><\/li>\n<\/ul>\n<p>[\/twocol_one]<\/p>\n\n\n\n<p> [twocol_one_last]<\/p>\n\n\n\n<ul class=\"wp-block-list\">\n<li><strong>Wasserski.<\/strong><\/li>\n\n\n\n<li>Neue Ausr\u00fcstung.<\/li>\n\n\n\n<li>Schwimmwesten.<\/li>\n\n\n\n<li>Versicherung.<\/li>\n<\/ul>\n\n\n<p>[twocol_one]<\/p>\n\n\n\n<h2 class=\"wp-block-heading\" id=\"form\">Kontakt f\u00fcr Ihren Yacht Charter Phuket<\/h2>\n\n\n\n<script charset=\"utf-8\" type=\"text\/javascript\" src=\"\/\/js.hsforms.net\/forms\/embed\/v2.js\"><\/script>\n<script>\n  hbspt.forms.create({\n    region: \"na1\",\n    portalId: \"3413662\",\n    formId: \"59765d47-ffdf-4452-a315-11081d03c004\"\n  });\n<\/script>\n\n\n\n<h2 class=\"wp-block-heading\">MY Anurak &#8211; Ausstattung<\/h2>\n\n\n\n<ul class=\"wp-block-list\">\n<li>Fieberglassboot.<\/li>\n\n\n\n<li>Thailand registriert.<\/li>\n\n\n\n<li>L\u00e4nge &#8211;\u00a0 11 Meter.<\/li>\n\n\n\n<li>Breite \u2013 3 Meter.<\/li>\n\n\n\n<li>Motoren \u2013 2 x 300 PS Mercury Verado.<\/li>\n\n\n\n<li>Generator \u2013 Kohler.<\/li>\n\n\n\n<li>Strom \u2013 220v.<\/li>\n\n\n\n<li>Treibstoff \u2013 1000 Liter.<\/li>\n\n\n\n<li>Reichweite\u00a0 \u2013 550 Km.<\/li>\n\n\n\n<li>Frischwasser \u2013 250 Liter.<\/li>\n\n\n\n<li>Kommunikations System \u2013 VHF Radio \/ CB radio \/ Mobile Phone.<\/li>\n\n\n\n<li>Navigation System \u2013 GPS \/ Tiefenmesser \/ Kompass.<\/li>\n\n\n\n<li>Reisegeschwindigkeit &#8211; 25 knoten.<\/li>\n\n\n\n<li>H\u00f6chstgeschwindigkeit \u2013 35 knoten.<\/li>\n\n\n\n<li>Sicherheitsausr\u00fcstung \u2013 Rettungswesten\/Rettungsbojen\/Feuerl\u00f6scher.<\/li>\n\n\n\n<li>Einrichtung \u2013 K\u00fcche\/Dusche\/Badezimmer-WC\/Salon\/DeLuxe Kabine.<\/li>\n\n\n\n<li>Wassersport \u2013 Wasserski\/Wakeboard\/Schnorcheln\/Tauchen.<\/li>\n<\/ul>\n\n\n\n<h2 class=\"wp-block-heading\">&nbsp;Zus\u00e4tzliche Informationen<\/h2>\n\n\n\n<p>Luxury Phuket Boat Charter MY Anurak ist ein 11m langes Boot mit Platz f\u00fcr 8 Personen. Ausgestattet nach internationalen Sicherheitsstandard, verf\u00fcgt das Boot \u00fcber <span id=\"result_box\" class=\"\" lang=\"de\">zwei kleine <span class=\"hps\">Schwimmplattformen<\/span>, <span class=\"hps\">ein<\/span> <span class=\"hps\">Sonnendeck<\/span>, <span class=\"hps\">eine klimatisierte<\/span> <span class=\"hps\">Doppelkabine,<\/span> <span class=\"hps\">ein Badezimmer<\/span> <span class=\"hps\">mit WC und Dusche<\/span> <span class=\"hps\">sowie<\/span> <span class=\"hps\">einem komfortablen<\/span> <span class=\"hps\">AC<\/span> <span class=\"hps\">Salon<\/span>.<\/span><\/p>\n\n\n\n<p>Das Boot ankert in der Chalong Bay, im S\u00fcden von Phuket. Ein idealer Ausgangspunkt f\u00fcr Tagestouren zu den bekannten Inseln wie Phi Phi Island, Racha Island oder in die Phang Nga Bay. Mit einer H\u00f6chstgeschwindigkeit bis zu 35 knoten erm\u00f6glicht es dem Boot auch weiter entfernte Ziele, wie zb. Similan Island, anzusteuern.<\/p>\n","protected":false},"excerpt":{"rendered":"<p>Phuket Boat Charter &#8211; Die MY Anurak ist eine vollausgestattete Yacht die sich hervorragend f\u00fcr Ausfl\u00fcge mit \u00dcbernachtung eignet. Ein wirklich sehr schnelles Boot was perfekt ist f\u00fcr Ausfl\u00fcge nach Phi Phi Island, Racha Island oder in die Phang Nga Bay zum James Bond Felsen. Tour inklusive: MY Anurak &#8211; Phuket Boat Charter &#8211; Tourablauf [&hellip;]<\/p>\n","protected":false},"author":4,"featured_media":0,"parent":10516,"menu_order":0,"comment_status":"closed","ping_status":"closed","template":"template-fullwidth.php","meta":{"_acf_changed":false,"_et_pb_use_builder":"","_et_pb_old_content":"","_et_gb_content_width":"","footnotes":""},"class_list":["post-10844","page","type-page","status-publish","hentry"],"acf":[],"yoast_head":"<!-- This site is optimized with the Yoast SEO plugin v25.1 - https:\/\/yoast.com\/wordpress\/plugins\/seo\/ -->\n<title>Phuket Boat Charter - MY Anurak Easy Day Phuket<\/title>\n<meta name=\"description\" content=\"Der Phuket Boat Charter hat viele sch\u00f6ne und interessante Angebote. Die MY Anurak ist eines der schnellsten und am besten ausgestattesten Boote Phukets.\" \/>\n<meta name=\"robots\" content=\"index, follow, max-snippet:-1, max-image-preview:large, max-video-preview:-1\" \/>\n<link rel=\"canonical\" href=\"https:\/\/www.easydayphuket.com\/de\/phuket-boot-charter\/my-anurak\/\" \/>\n<meta property=\"og:locale\" content=\"de_DE\" \/>\n<meta property=\"og:type\" content=\"article\" \/>\n<meta property=\"og:title\" content=\"Phuket Boat Charter - MY Anurak Easy Day Phuket\" \/>\n<meta property=\"og:description\" content=\"Der Phuket Boat Charter hat viele sch\u00f6ne und interessante Angebote. Die MY Anurak ist eines der schnellsten und am besten ausgestattesten Boote Phukets.\" \/>\n<meta property=\"og:url\" content=\"https:\/\/www.easydayphuket.com\/de\/phuket-boot-charter\/my-anurak\/\" \/>\n<meta property=\"og:site_name\" content=\"Easy Day Phuket\" \/>\n<meta property=\"article:publisher\" content=\"https:\/\/www.facebook.com\/Easydayinthailand\/\" \/>\n<meta property=\"article:modified_time\" content=\"2024-05-14T18:12:45+00:00\" \/>\n<meta property=\"og:image\" content=\"https:\/\/www.easydayphuket.com\/wp-content\/uploads\/2014\/05\/MY-Anurak1-e1399950055715.jpg\" \/>\n<meta name=\"twitter:label1\" content=\"Gesch\u00e4tzte Lesezeit\" \/>\n\t<meta name=\"twitter:data1\" content=\"2\u00a0Minuten\" \/>\n<script type=\"application\/ld+json\" class=\"yoast-schema-graph\">{\"@context\":\"https:\/\/schema.org\",\"@graph\":[{\"@type\":\"WebPage\",\"@id\":\"https:\/\/www.easydayphuket.com\/de\/phuket-boot-charter\/my-anurak\/\",\"url\":\"https:\/\/www.easydayphuket.com\/de\/phuket-boot-charter\/my-anurak\/\",\"name\":\"Phuket Boat Charter - MY Anurak Easy Day Phuket\",\"isPartOf\":{\"@id\":\"https:\/\/www.easydayphuket.com\/#website\"},\"primaryImageOfPage\":{\"@id\":\"https:\/\/www.easydayphuket.com\/de\/phuket-boot-charter\/my-anurak\/#primaryimage\"},\"image\":{\"@id\":\"https:\/\/www.easydayphuket.com\/de\/phuket-boot-charter\/my-anurak\/#primaryimage\"},\"thumbnailUrl\":\"https:\/\/www.easydayphuket.com\/wp-content\/uploads\/2014\/05\/MY-Anurak1-e1399950055715.jpg\",\"datePublished\":\"2015-06-27T04:07:23+00:00\",\"dateModified\":\"2024-05-14T18:12:45+00:00\",\"description\":\"Der Phuket Boat Charter hat viele sch\u00f6ne und interessante Angebote. Die MY Anurak ist eines der schnellsten und am besten ausgestattesten Boote Phukets.\",\"breadcrumb\":{\"@id\":\"https:\/\/www.easydayphuket.com\/de\/phuket-boot-charter\/my-anurak\/#breadcrumb\"},\"inLanguage\":\"de\",\"potentialAction\":[{\"@type\":\"ReadAction\",\"target\":[\"https:\/\/www.easydayphuket.com\/de\/phuket-boot-charter\/my-anurak\/\"]}]},{\"@type\":\"ImageObject\",\"inLanguage\":\"de\",\"@id\":\"https:\/\/www.easydayphuket.com\/de\/phuket-boot-charter\/my-anurak\/#primaryimage\",\"url\":\"https:\/\/www.easydayphuket.com\/wp-content\/uploads\/2014\/05\/MY-Anurak1-e1399950055715.jpg\",\"contentUrl\":\"https:\/\/www.easydayphuket.com\/wp-content\/uploads\/2014\/05\/MY-Anurak1-e1399950055715.jpg\"},{\"@type\":\"BreadcrumbList\",\"@id\":\"https:\/\/www.easydayphuket.com\/de\/phuket-boot-charter\/my-anurak\/#breadcrumb\",\"itemListElement\":[{\"@type\":\"ListItem\",\"position\":1,\"name\":\"Home\",\"item\":\"https:\/\/www.easydayphuket.com\/de\/\"},{\"@type\":\"ListItem\",\"position\":2,\"name\":\"Phuket Boot Charter\",\"item\":\"https:\/\/www.easydayphuket.com\/de\/phuket-boot-charter\/\"},{\"@type\":\"ListItem\",\"position\":3,\"name\":\"MY Anurak\"}]},{\"@type\":\"WebSite\",\"@id\":\"https:\/\/www.easydayphuket.com\/#website\",\"url\":\"https:\/\/www.easydayphuket.com\/\",\"name\":\"Easy Day Phuket\",\"description\":\"Ihr Phuket Tour & Reise Partner\",\"publisher\":{\"@id\":\"https:\/\/www.easydayphuket.com\/#organization\"},\"potentialAction\":[{\"@type\":\"SearchAction\",\"target\":{\"@type\":\"EntryPoint\",\"urlTemplate\":\"https:\/\/www.easydayphuket.com\/?s={search_term_string}\"},\"query-input\":{\"@type\":\"PropertyValueSpecification\",\"valueRequired\":true,\"valueName\":\"search_term_string\"}}],\"inLanguage\":\"de\"},{\"@type\":\"Organization\",\"@id\":\"https:\/\/www.easydayphuket.com\/#organization\",\"name\":\"Easy Day Thailand\",\"url\":\"https:\/\/www.easydayphuket.com\/\",\"logo\":{\"@type\":\"ImageObject\",\"inLanguage\":\"de\",\"@id\":\"https:\/\/www.easydayphuket.com\/#\/schema\/logo\/image\/\",\"url\":\"https:\/\/www.easydayphuket.com\/wp-content\/uploads\/2013\/07\/Sun-Thaiflag_booking12.gif\",\"contentUrl\":\"https:\/\/www.easydayphuket.com\/wp-content\/uploads\/2013\/07\/Sun-Thaiflag_booking12.gif\",\"width\":100,\"height\":94,\"caption\":\"Easy Day Thailand\"},\"image\":{\"@id\":\"https:\/\/www.easydayphuket.com\/#\/schema\/logo\/image\/\"},\"sameAs\":[\"https:\/\/www.facebook.com\/Easydayinthailand\/\",\"https:\/\/www.instagram.com\/easydaythailand\/\"]}]}<\/script>\n<!-- \/ Yoast SEO plugin. -->","yoast_head_json":{"title":"Phuket Boat Charter - MY Anurak Easy Day Phuket","description":"Der Phuket Boat Charter hat viele sch\u00f6ne und interessante Angebote. Die MY Anurak ist eines der schnellsten und am besten ausgestattesten Boote Phukets.","robots":{"index":"index","follow":"follow","max-snippet":"max-snippet:-1","max-image-preview":"max-image-preview:large","max-video-preview":"max-video-preview:-1"},"canonical":"https:\/\/www.easydayphuket.com\/de\/phuket-boot-charter\/my-anurak\/","og_locale":"de_DE","og_type":"article","og_title":"Phuket Boat Charter - MY Anurak Easy Day Phuket","og_description":"Der Phuket Boat Charter hat viele sch\u00f6ne und interessante Angebote. Die MY Anurak ist eines der schnellsten und am besten ausgestattesten Boote Phukets.","og_url":"https:\/\/www.easydayphuket.com\/de\/phuket-boot-charter\/my-anurak\/","og_site_name":"Easy Day Phuket","article_publisher":"https:\/\/www.facebook.com\/Easydayinthailand\/","article_modified_time":"2024-05-14T18:12:45+00:00","og_image":[{"url":"https:\/\/www.easydayphuket.com\/wp-content\/uploads\/2014\/05\/MY-Anurak1-e1399950055715.jpg","type":"","width":"","height":""}],"twitter_misc":{"Gesch\u00e4tzte Lesezeit":"2\u00a0Minuten"},"schema":{"@context":"https:\/\/schema.org","@graph":[{"@type":"WebPage","@id":"https:\/\/www.easydayphuket.com\/de\/phuket-boot-charter\/my-anurak\/","url":"https:\/\/www.easydayphuket.com\/de\/phuket-boot-charter\/my-anurak\/","name":"Phuket Boat Charter - MY Anurak Easy Day Phuket","isPartOf":{"@id":"https:\/\/www.easydayphuket.com\/#website"},"primaryImageOfPage":{"@id":"https:\/\/www.easydayphuket.com\/de\/phuket-boot-charter\/my-anurak\/#primaryimage"},"image":{"@id":"https:\/\/www.easydayphuket.com\/de\/phuket-boot-charter\/my-anurak\/#primaryimage"},"thumbnailUrl":"https:\/\/www.easydayphuket.com\/wp-content\/uploads\/2014\/05\/MY-Anurak1-e1399950055715.jpg","datePublished":"2015-06-27T04:07:23+00:00","dateModified":"2024-05-14T18:12:45+00:00","description":"Der Phuket Boat Charter hat viele sch\u00f6ne und interessante Angebote. Die MY Anurak ist eines der schnellsten und am besten ausgestattesten Boote Phukets.","breadcrumb":{"@id":"https:\/\/www.easydayphuket.com\/de\/phuket-boot-charter\/my-anurak\/#breadcrumb"},"inLanguage":"de","potentialAction":[{"@type":"ReadAction","target":["https:\/\/www.easydayphuket.com\/de\/phuket-boot-charter\/my-anurak\/"]}]},{"@type":"ImageObject","inLanguage":"de","@id":"https:\/\/www.easydayphuket.com\/de\/phuket-boot-charter\/my-anurak\/#primaryimage","url":"https:\/\/www.easydayphuket.com\/wp-content\/uploads\/2014\/05\/MY-Anurak1-e1399950055715.jpg","contentUrl":"https:\/\/www.easydayphuket.com\/wp-content\/uploads\/2014\/05\/MY-Anurak1-e1399950055715.jpg"},{"@type":"BreadcrumbList","@id":"https:\/\/www.easydayphuket.com\/de\/phuket-boot-charter\/my-anurak\/#breadcrumb","itemListElement":[{"@type":"ListItem","position":1,"name":"Home","item":"https:\/\/www.easydayphuket.com\/de\/"},{"@type":"ListItem","position":2,"name":"Phuket Boot Charter","item":"https:\/\/www.easydayphuket.com\/de\/phuket-boot-charter\/"},{"@type":"ListItem","position":3,"name":"MY Anurak"}]},{"@type":"WebSite","@id":"https:\/\/www.easydayphuket.com\/#website","url":"https:\/\/www.easydayphuket.com\/","name":"Easy Day Phuket","description":"Ihr Phuket Tour & Reise Partner","publisher":{"@id":"https:\/\/www.easydayphuket.com\/#organization"},"potentialAction":[{"@type":"SearchAction","target":{"@type":"EntryPoint","urlTemplate":"https:\/\/www.easydayphuket.com\/?s={search_term_string}"},"query-input":{"@type":"PropertyValueSpecification","valueRequired":true,"valueName":"search_term_string"}}],"inLanguage":"de"},{"@type":"Organization","@id":"https:\/\/www.easydayphuket.com\/#organization","name":"Easy Day Thailand","url":"https:\/\/www.easydayphuket.com\/","logo":{"@type":"ImageObject","inLanguage":"de","@id":"https:\/\/www.easydayphuket.com\/#\/schema\/logo\/image\/","url":"https:\/\/www.easydayphuket.com\/wp-content\/uploads\/2013\/07\/Sun-Thaiflag_booking12.gif","contentUrl":"https:\/\/www.easydayphuket.com\/wp-content\/uploads\/2013\/07\/Sun-Thaiflag_booking12.gif","width":100,"height":94,"caption":"Easy Day Thailand"},"image":{"@id":"https:\/\/www.easydayphuket.com\/#\/schema\/logo\/image\/"},"sameAs":["https:\/\/www.facebook.com\/Easydayinthailand\/","https:\/\/www.instagram.com\/easydaythailand\/"]}]}},"_links":{"self":[{"href":"https:\/\/www.easydayphuket.com\/de\/wp-json\/wp\/v2\/pages\/10844","targetHints":{"allow":["GET"]}}],"collection":[{"href":"https:\/\/www.easydayphuket.com\/de\/wp-json\/wp\/v2\/pages"}],"about":[{"href":"https:\/\/www.easydayphuket.com\/de\/wp-json\/wp\/v2\/types\/page"}],"author":[{"embeddable":true,"href":"https:\/\/www.easydayphuket.com\/de\/wp-json\/wp\/v2\/users\/4"}],"replies":[{"embeddable":true,"href":"https:\/\/www.easydayphuket.com\/de\/wp-json\/wp\/v2\/comments?post=10844"}],"version-history":[{"count":0,"href":"https:\/\/www.easydayphuket.com\/de\/wp-json\/wp\/v2\/pages\/10844\/revisions"}],"up":[{"embeddable":true,"href":"https:\/\/www.easydayphuket.com\/de\/wp-json\/wp\/v2\/pages\/10516"}],"wp:attachment":[{"href":"https:\/\/www.easydayphuket.com\/de\/wp-json\/wp\/v2\/media?parent=10844"}],"curies":[{"name":"wp","href":"https:\/\/api.w.org\/{rel}","templated":true}]}}