{"id":10521,"date":"2015-06-16T15:13:29","date_gmt":"2015-06-16T08:13:29","guid":{"rendered":"https:\/\/www.easydayphuket.com\/de\/?page_id=10521"},"modified":"2024-05-15T01:28:00","modified_gmt":"2024-05-14T18:28:00","slug":"the-racha","status":"publish","type":"page","link":"https:\/\/www.easydayphuket.com\/de\/phuket-hotels\/insel-resorts-phuket\/the-racha\/","title":{"rendered":"The Racha"},"content":{"rendered":"\n<figure class=\"wp-block-image alignright\"><a href=\"https:\/\/www.easydayphuket.com\/wp-content\/uploads\/2014\/01\/View6.jpg\"><img loading=\"lazy\" decoding=\"async\" width=\"240\" height=\"181\" src=\"https:\/\/www.easydayphuket.com\/wp-content\/uploads\/2014\/01\/View6-e1390804140805.jpg\" alt=\"The Racha\" class=\"wp-image-4053\"\/><\/a><figcaption class=\"wp-element-caption\">The Racha<\/figcaption><\/figure>\n\n\n\n<p>The Racha befindet sich auf der sch\u00f6nen Insel Racha Yai und bietet den perfekten Strandurlaub. Schneewei\u00dfe Str\u00e4nde und kristalklares Wasser garantieren Ihnen einen erholsamen und entspannten Urlaub in einem einzigartigen Resort.<\/p>\n\n\n\n<ul class=\"wp-block-list\">\n<li><strong>Schneewei\u00dfe Str\u00e4nde.<\/strong><\/li>\n\n\n\n<li><strong>Privates <\/strong>Schnorchelgebiet.<\/li>\n\n\n\n<li><strong>Paradies<\/strong>, umgeben von 5 Str\u00e4nden in n\u00e4herer Umgebung.<\/li>\n\n\n\n<li>Wundersch\u00f6ner <strong>Swimming Pool<\/strong><\/li>\n\n\n\n<li><strong>Perfekte Natur <\/strong>zum spazieren.<\/li>\n<\/ul>\n\n\n<p><strong><span style=\"color: #ff0000;\"> 3 Tage \/ 2 N\u00e4chte<\/span> &#8211; Preise in <\/strong><strong>Thai Baht <\/strong><strong>pro Person ab <\/strong><strong>12,500 <a title=\"Easy Day Contact Form\" href=\"#form\">&gt;&gt; kostenloses Angebot!<\/a><\/strong> <\/p>\n\n\n\n<p><strong>Hotelpakete<\/strong><strong> Inklusive : <\/strong><strong><br><\/strong><\/p>\n\n\n<ul>\n<li>Phuket Flughafentransfer.<\/li>\n<li>Schnellboottransfer Phuket &#8211; Racha &#8211; Phuket.<\/li>\n<li>2 N\u00e4chte in Zwei oder Doppelbett <strong>Deluxe Villa.<\/strong><\/li>\n<li>Fr\u00fchst\u00fcck.<\/li>\n<li>Steuern und Versicherung.<\/li>\n<\/ul>\n\n\n\n<p class=\"has-text-align-right\"><a href='#form' class='small-button smallblue'>Check rates!<\/a><\/p>\n\n\n\n<h2 class=\"wp-block-heading\">The Racha&nbsp;Resort Galerie<\/h2>\n\n\n\n<figure class=\"wp-block-gallery has-nested-images columns-3 is-cropped wp-block-gallery-1 is-layout-flex wp-block-gallery-is-layout-flex\">\n<figure class=\"wp-block-image size-large\"><img loading=\"lazy\" decoding=\"async\" width=\"312\" height=\"235\" data-id=\"7071\" src=\"https:\/\/www.easydayphuket.com\/wp-content\/uploads\/2014\/01\/2Bedroom-Grand-Pool-Suite.jpg\" alt=\"The Racha\" class=\"wp-image-7071\" srcset=\"https:\/\/www.easydayphuket.com\/wp-content\/uploads\/2014\/01\/2Bedroom-Grand-Pool-Suite.jpg 312w, https:\/\/www.easydayphuket.com\/wp-content\/uploads\/2014\/01\/2Bedroom-Grand-Pool-Suite-300x225.jpg 300w, https:\/\/www.easydayphuket.com\/wp-content\/uploads\/2014\/01\/2Bedroom-Grand-Pool-Suite-73x55.jpg 73w\" sizes=\"(max-width: 312px) 100vw, 312px\" \/><\/figure>\n\n\n\n<figure class=\"wp-block-image size-large\"><img loading=\"lazy\" decoding=\"async\" width=\"312\" height=\"235\" data-id=\"7074\" src=\"https:\/\/www.easydayphuket.com\/wp-content\/uploads\/2014\/01\/Junior-Pool-Suite.jpg\" alt=\"The Racha\" class=\"wp-image-7074\" srcset=\"https:\/\/www.easydayphuket.com\/wp-content\/uploads\/2014\/01\/Junior-Pool-Suite.jpg 312w, https:\/\/www.easydayphuket.com\/wp-content\/uploads\/2014\/01\/Junior-Pool-Suite-300x225.jpg 300w, https:\/\/www.easydayphuket.com\/wp-content\/uploads\/2014\/01\/Junior-Pool-Suite-73x55.jpg 73w\" sizes=\"(max-width: 312px) 100vw, 312px\" \/><\/figure>\n\n\n\n<figure class=\"wp-block-image size-large\"><img loading=\"lazy\" decoding=\"async\" width=\"312\" height=\"235\" data-id=\"7077\" src=\"https:\/\/www.easydayphuket.com\/wp-content\/uploads\/2014\/01\/Pool6.jpg\" alt=\"The Racha\" class=\"wp-image-7077\" srcset=\"https:\/\/www.easydayphuket.com\/wp-content\/uploads\/2014\/01\/Pool6.jpg 312w, https:\/\/www.easydayphuket.com\/wp-content\/uploads\/2014\/01\/Pool6-300x225.jpg 300w, https:\/\/www.easydayphuket.com\/wp-content\/uploads\/2014\/01\/Pool6-73x55.jpg 73w\" sizes=\"(max-width: 312px) 100vw, 312px\" \/><\/figure>\n<\/figure>\n\n\n\n<h2 class=\"wp-block-heading\">The Racha &#8211; Einrichtung<\/h2>\n\n\n<p>[twocol_one]<\/p>\n<ul>\n<li>Privates Badezimmer<\/li>\n<li>Fitnesscenter<\/li>\n<li>Swimming Pool<\/li>\n<li>Zimmerservice<\/li>\n<\/ul>\n<p>[\/twocol_one]<\/p>\n\n\n<p>[twocol_one_last]<\/p>\n<ul>\n<li>Strandbar<\/li>\n<li>Kanus<\/li>\n<li>Restaurant und Bar<\/li>\n<li>Tennis<\/li>\n<\/ul>\n<p>[\/twocol_one_last]<\/p>\n\n\n\n<h3 class=\"wp-block-heading\" id=\"form\">Phuket Urlaubspakete &#8211; inklusive Ihrem Phuket Hotel<\/h3>\n\n\n\n<p><strong>Die besten Angebote f\u00fcr Ihren Urlaub<\/strong> &#8211; Ihre gew\u00fcnschte Unterkunft mit privatem Flughafen Transfer und ausgew\u00e4hlten Ausfl\u00fcgen auf Phuket, alles in einem. Lassen Sie sich ein <strong>kostenloses Angebot<\/strong> zukommen.<\/p>\n\n\n\n<script charset=\"utf-8\" type=\"text\/javascript\" src=\"\/\/js.hsforms.net\/forms\/embed\/v2.js\"><\/script>\n<script>\n  hbspt.forms.create({\n    region: \"na1\",\n    portalId: \"3413662\",\n    formId: \"59765d47-ffdf-4452-a315-11081d03c004\"\n  });\n<\/script>\n\n\n\n<h2 class=\"wp-block-heading\">The Racha &#8211; Anreise<\/h2>\n\n\n\n<p>Die Anreise zum Resort auf Racha Yai geht von Chalong los und beinhaltet eine 30 min\u00fctige Schnellbootfahrt. T\u00e4glich finden mehere Transfers von und nach Racha statt, die Zeiten sind unten aufgef\u00fchrt. Bitte beachten Sie das die Zeiten sich aufgrund des Wetters oder Meeresbedingungen verschieben k\u00f6nnen.<\/p>\n\n\n\n<p>Von Phuket (Chalong Bay) nach Racha Yai um 12:00, 14:00 &amp; 17:00 Uhr.<br>Von Racha Yai nach Phuket (Chalong Bay) um 09:00, 11:30 &amp; 16:00 Uhr.<\/p>\n\n\n\n<p>Die Transfer von Phuket &#8211; Racha Yai &#8211; Phuket sind in unseren Paketen inklusive.<\/p>\n\n\n\n<p><strong> Hinweis: <\/strong>F\u00fcr G\u00e4ste die nach 15.30 Uhr in Phuket landen, k\u00f6nnen nicht am selben Tag mit dem Schnellboot nach Racha Yai \u00fcbersetzen. Da die Boote nicht mehr fahren sobald es dunkel wird, m\u00fcssten Sie eine Nacht in Phuket bleiben. In solch einem Fall k\u00f6nnen wir Ihnen gerne behilflich sein, sind aber bei versp\u00e4teten Fl\u00fcgen oder Verz\u00f6gerungen nicht haftbar.<\/p>\n\n\n\n<h2 class=\"wp-block-heading\">The Racha&nbsp;&#8211; Allgemeine Informationen<\/h2>\n\n\n\n<p>The Racha gelegen auf der Insel Racha Yai, ist nur 18 km s\u00fcdlich von Phuket und z\u00e4hlt zu den sch\u00f6nsten Inseln der Region. Bekannt durch seine nat\u00fcrliche Sch\u00f6nheit und das kristalklare Wasser, ist es f\u00fcr Wassersportler ein wirkliches El Dorado. Was die Insel so einmalig macht ist, die Vielfalt an Aktivit\u00e4ten was man hier erleben kann. Sollte Sie sich f\u00fcr das <a href=\"https:\/\/www.tauchen-in-thailand.de\/\">Tauchen<\/a> interessieren, sind Sie hier genau richtig.<\/p>\n\n\n\n<p>Das Resort bietet eine sehr angnehme und entspannte Atmosph\u00e4re, geniessen Sie den Tag am Strand und Abends den Sonneuntergang an der Strandbar des Hotels.<\/p>\n\n\n\n<ul class=\"wp-block-list\">\n<li><strong>Check in:<\/strong> 14.00 Uhr<\/li>\n\n\n\n<li><strong>Check out:<\/strong> 12.00 Uhr<\/li>\n\n\n\n<li><strong>Fr\u00fcher check in \/ Sp\u00e4ter check out: <\/strong>Aufgrund des Boottransfers auf Anfrage.<\/li>\n\n\n\n<li><strong>Kinder:<\/strong> -Zwischen 4 und 12 Jahren erhalten 50% Erm\u00e4\u00dfigung. Kinder unter 4 Jahren sind kostenlos.<\/li>\n\n\n\n<li><strong>Obligatorisches Abedessen<\/strong>: Am 24. Dez und 31. Dez.<\/li>\n<\/ul>\n","protected":false},"excerpt":{"rendered":"<p>The Racha befindet sich auf der sch\u00f6nen Insel Racha Yai und bietet den perfekten Strandurlaub. Schneewei\u00dfe Str\u00e4nde und kristalklares Wasser garantieren Ihnen einen erholsamen und entspannten Urlaub in einem einzigartigen Resort. Hotelpakete Inklusive : The Racha&nbsp;Resort Galerie The Racha &#8211; Einrichtung Phuket Urlaubspakete &#8211; inklusive Ihrem Phuket Hotel Die besten Angebote f\u00fcr Ihren Urlaub &#8211; [&hellip;]<\/p>\n","protected":false},"author":4,"featured_media":0,"parent":10518,"menu_order":0,"comment_status":"closed","ping_status":"open","template":"","meta":{"_acf_changed":false,"_et_pb_use_builder":"","_et_pb_old_content":"","_et_gb_content_width":"","footnotes":""},"class_list":["post-10521","page","type-page","status-publish","hentry"],"acf":[],"yoast_head":"<!-- This site is optimized with the Yoast SEO plugin v25.1 - https:\/\/yoast.com\/wordpress\/plugins\/seo\/ -->\n<title>The Racha - Sehr modernes und edles Hotel auf Koh Racha Yai<\/title>\n<meta name=\"description\" content=\"The Racha lieh#gt auf einer paradiesischen Insel s\u00fcdlich von Phuket. Die Insel Racha Yai ist bekannt f\u00fcr wei\u00dfe Str\u00e4nde und klares Wasser.\" \/>\n<meta name=\"robots\" content=\"index, follow, max-snippet:-1, max-image-preview:large, max-video-preview:-1\" \/>\n<link rel=\"canonical\" href=\"https:\/\/www.easydayphuket.com\/de\/phuket-hotels\/insel-resorts-phuket\/the-racha\/\" \/>\n<meta property=\"og:locale\" content=\"de_DE\" \/>\n<meta property=\"og:type\" content=\"article\" \/>\n<meta property=\"og:title\" content=\"The Racha - Sehr modernes und edles Hotel auf Koh Racha Yai\" \/>\n<meta property=\"og:description\" content=\"The Racha lieh#gt auf einer paradiesischen Insel s\u00fcdlich von Phuket. Die Insel Racha Yai ist bekannt f\u00fcr wei\u00dfe Str\u00e4nde und klares Wasser.\" \/>\n<meta property=\"og:url\" content=\"https:\/\/www.easydayphuket.com\/de\/phuket-hotels\/insel-resorts-phuket\/the-racha\/\" \/>\n<meta property=\"og:site_name\" content=\"Easy Day Phuket\" \/>\n<meta property=\"article:publisher\" content=\"https:\/\/www.facebook.com\/Easydayinthailand\/\" \/>\n<meta property=\"article:modified_time\" content=\"2024-05-14T18:28:00+00:00\" \/>\n<meta property=\"og:image\" content=\"https:\/\/www.easydayphuket.com\/wp-content\/uploads\/2014\/01\/View6-e1390804140805.jpg\" \/>\n<meta name=\"twitter:label1\" content=\"Gesch\u00e4tzte Lesezeit\" \/>\n\t<meta name=\"twitter:data1\" content=\"3\u00a0Minuten\" \/>\n<script type=\"application\/ld+json\" class=\"yoast-schema-graph\">{\"@context\":\"https:\/\/schema.org\",\"@graph\":[{\"@type\":\"WebPage\",\"@id\":\"https:\/\/www.easydayphuket.com\/de\/phuket-hotels\/insel-resorts-phuket\/the-racha\/\",\"url\":\"https:\/\/www.easydayphuket.com\/de\/phuket-hotels\/insel-resorts-phuket\/the-racha\/\",\"name\":\"The Racha - Sehr modernes und edles Hotel auf Koh Racha Yai\",\"isPartOf\":{\"@id\":\"https:\/\/www.easydayphuket.com\/#website\"},\"primaryImageOfPage\":{\"@id\":\"https:\/\/www.easydayphuket.com\/de\/phuket-hotels\/insel-resorts-phuket\/the-racha\/#primaryimage\"},\"image\":{\"@id\":\"https:\/\/www.easydayphuket.com\/de\/phuket-hotels\/insel-resorts-phuket\/the-racha\/#primaryimage\"},\"thumbnailUrl\":\"https:\/\/www.easydayphuket.com\/wp-content\/uploads\/2014\/01\/View6-e1390804140805.jpg\",\"datePublished\":\"2015-06-16T08:13:29+00:00\",\"dateModified\":\"2024-05-14T18:28:00+00:00\",\"description\":\"The Racha lieh#gt auf einer paradiesischen Insel s\u00fcdlich von Phuket. Die Insel Racha Yai ist bekannt f\u00fcr wei\u00dfe Str\u00e4nde und klares Wasser.\",\"breadcrumb\":{\"@id\":\"https:\/\/www.easydayphuket.com\/de\/phuket-hotels\/insel-resorts-phuket\/the-racha\/#breadcrumb\"},\"inLanguage\":\"de\",\"potentialAction\":[{\"@type\":\"ReadAction\",\"target\":[\"https:\/\/www.easydayphuket.com\/de\/phuket-hotels\/insel-resorts-phuket\/the-racha\/\"]}]},{\"@type\":\"ImageObject\",\"inLanguage\":\"de\",\"@id\":\"https:\/\/www.easydayphuket.com\/de\/phuket-hotels\/insel-resorts-phuket\/the-racha\/#primaryimage\",\"url\":\"https:\/\/www.easydayphuket.com\/wp-content\/uploads\/2014\/01\/View6-e1390804140805.jpg\",\"contentUrl\":\"https:\/\/www.easydayphuket.com\/wp-content\/uploads\/2014\/01\/View6-e1390804140805.jpg\"},{\"@type\":\"BreadcrumbList\",\"@id\":\"https:\/\/www.easydayphuket.com\/de\/phuket-hotels\/insel-resorts-phuket\/the-racha\/#breadcrumb\",\"itemListElement\":[{\"@type\":\"ListItem\",\"position\":1,\"name\":\"Home\",\"item\":\"https:\/\/www.easydayphuket.com\/de\/\"},{\"@type\":\"ListItem\",\"position\":2,\"name\":\"Phuket Hotel\",\"item\":\"https:\/\/www.easydayphuket.com\/de\/phuket-hotels\/\"},{\"@type\":\"ListItem\",\"position\":3,\"name\":\"Insel Resorts Phuket\",\"item\":\"https:\/\/www.easydayphuket.com\/de\/phuket-hotels\/insel-resorts-phuket\/\"},{\"@type\":\"ListItem\",\"position\":4,\"name\":\"The Racha\"}]},{\"@type\":\"WebSite\",\"@id\":\"https:\/\/www.easydayphuket.com\/#website\",\"url\":\"https:\/\/www.easydayphuket.com\/\",\"name\":\"Easy Day Phuket\",\"description\":\"Ihr Phuket Tour & Reise Partner\",\"publisher\":{\"@id\":\"https:\/\/www.easydayphuket.com\/#organization\"},\"potentialAction\":[{\"@type\":\"SearchAction\",\"target\":{\"@type\":\"EntryPoint\",\"urlTemplate\":\"https:\/\/www.easydayphuket.com\/?s={search_term_string}\"},\"query-input\":{\"@type\":\"PropertyValueSpecification\",\"valueRequired\":true,\"valueName\":\"search_term_string\"}}],\"inLanguage\":\"de\"},{\"@type\":\"Organization\",\"@id\":\"https:\/\/www.easydayphuket.com\/#organization\",\"name\":\"Easy Day Thailand\",\"url\":\"https:\/\/www.easydayphuket.com\/\",\"logo\":{\"@type\":\"ImageObject\",\"inLanguage\":\"de\",\"@id\":\"https:\/\/www.easydayphuket.com\/#\/schema\/logo\/image\/\",\"url\":\"https:\/\/www.easydayphuket.com\/wp-content\/uploads\/2013\/07\/Sun-Thaiflag_booking12.gif\",\"contentUrl\":\"https:\/\/www.easydayphuket.com\/wp-content\/uploads\/2013\/07\/Sun-Thaiflag_booking12.gif\",\"width\":100,\"height\":94,\"caption\":\"Easy Day Thailand\"},\"image\":{\"@id\":\"https:\/\/www.easydayphuket.com\/#\/schema\/logo\/image\/\"},\"sameAs\":[\"https:\/\/www.facebook.com\/Easydayinthailand\/\",\"https:\/\/www.instagram.com\/easydaythailand\/\"]}]}<\/script>\n<!-- \/ Yoast SEO plugin. -->","yoast_head_json":{"title":"The Racha - Sehr modernes und edles Hotel auf Koh Racha Yai","description":"The Racha lieh#gt auf einer paradiesischen Insel s\u00fcdlich von Phuket. Die Insel Racha Yai ist bekannt f\u00fcr wei\u00dfe Str\u00e4nde und klares Wasser.","robots":{"index":"index","follow":"follow","max-snippet":"max-snippet:-1","max-image-preview":"max-image-preview:large","max-video-preview":"max-video-preview:-1"},"canonical":"https:\/\/www.easydayphuket.com\/de\/phuket-hotels\/insel-resorts-phuket\/the-racha\/","og_locale":"de_DE","og_type":"article","og_title":"The Racha - Sehr modernes und edles Hotel auf Koh Racha Yai","og_description":"The Racha lieh#gt auf einer paradiesischen Insel s\u00fcdlich von Phuket. Die Insel Racha Yai ist bekannt f\u00fcr wei\u00dfe Str\u00e4nde und klares Wasser.","og_url":"https:\/\/www.easydayphuket.com\/de\/phuket-hotels\/insel-resorts-phuket\/the-racha\/","og_site_name":"Easy Day Phuket","article_publisher":"https:\/\/www.facebook.com\/Easydayinthailand\/","article_modified_time":"2024-05-14T18:28:00+00:00","og_image":[{"url":"https:\/\/www.easydayphuket.com\/wp-content\/uploads\/2014\/01\/View6-e1390804140805.jpg","type":"","width":"","height":""}],"twitter_misc":{"Gesch\u00e4tzte Lesezeit":"3\u00a0Minuten"},"schema":{"@context":"https:\/\/schema.org","@graph":[{"@type":"WebPage","@id":"https:\/\/www.easydayphuket.com\/de\/phuket-hotels\/insel-resorts-phuket\/the-racha\/","url":"https:\/\/www.easydayphuket.com\/de\/phuket-hotels\/insel-resorts-phuket\/the-racha\/","name":"The Racha - Sehr modernes und edles Hotel auf Koh Racha Yai","isPartOf":{"@id":"https:\/\/www.easydayphuket.com\/#website"},"primaryImageOfPage":{"@id":"https:\/\/www.easydayphuket.com\/de\/phuket-hotels\/insel-resorts-phuket\/the-racha\/#primaryimage"},"image":{"@id":"https:\/\/www.easydayphuket.com\/de\/phuket-hotels\/insel-resorts-phuket\/the-racha\/#primaryimage"},"thumbnailUrl":"https:\/\/www.easydayphuket.com\/wp-content\/uploads\/2014\/01\/View6-e1390804140805.jpg","datePublished":"2015-06-16T08:13:29+00:00","dateModified":"2024-05-14T18:28:00+00:00","description":"The Racha lieh#gt auf einer paradiesischen Insel s\u00fcdlich von Phuket. Die Insel Racha Yai ist bekannt f\u00fcr wei\u00dfe Str\u00e4nde und klares Wasser.","breadcrumb":{"@id":"https:\/\/www.easydayphuket.com\/de\/phuket-hotels\/insel-resorts-phuket\/the-racha\/#breadcrumb"},"inLanguage":"de","potentialAction":[{"@type":"ReadAction","target":["https:\/\/www.easydayphuket.com\/de\/phuket-hotels\/insel-resorts-phuket\/the-racha\/"]}]},{"@type":"ImageObject","inLanguage":"de","@id":"https:\/\/www.easydayphuket.com\/de\/phuket-hotels\/insel-resorts-phuket\/the-racha\/#primaryimage","url":"https:\/\/www.easydayphuket.com\/wp-content\/uploads\/2014\/01\/View6-e1390804140805.jpg","contentUrl":"https:\/\/www.easydayphuket.com\/wp-content\/uploads\/2014\/01\/View6-e1390804140805.jpg"},{"@type":"BreadcrumbList","@id":"https:\/\/www.easydayphuket.com\/de\/phuket-hotels\/insel-resorts-phuket\/the-racha\/#breadcrumb","itemListElement":[{"@type":"ListItem","position":1,"name":"Home","item":"https:\/\/www.easydayphuket.com\/de\/"},{"@type":"ListItem","position":2,"name":"Phuket Hotel","item":"https:\/\/www.easydayphuket.com\/de\/phuket-hotels\/"},{"@type":"ListItem","position":3,"name":"Insel Resorts Phuket","item":"https:\/\/www.easydayphuket.com\/de\/phuket-hotels\/insel-resorts-phuket\/"},{"@type":"ListItem","position":4,"name":"The Racha"}]},{"@type":"WebSite","@id":"https:\/\/www.easydayphuket.com\/#website","url":"https:\/\/www.easydayphuket.com\/","name":"Easy Day Phuket","description":"Ihr Phuket Tour & Reise Partner","publisher":{"@id":"https:\/\/www.easydayphuket.com\/#organization"},"potentialAction":[{"@type":"SearchAction","target":{"@type":"EntryPoint","urlTemplate":"https:\/\/www.easydayphuket.com\/?s={search_term_string}"},"query-input":{"@type":"PropertyValueSpecification","valueRequired":true,"valueName":"search_term_string"}}],"inLanguage":"de"},{"@type":"Organization","@id":"https:\/\/www.easydayphuket.com\/#organization","name":"Easy Day Thailand","url":"https:\/\/www.easydayphuket.com\/","logo":{"@type":"ImageObject","inLanguage":"de","@id":"https:\/\/www.easydayphuket.com\/#\/schema\/logo\/image\/","url":"https:\/\/www.easydayphuket.com\/wp-content\/uploads\/2013\/07\/Sun-Thaiflag_booking12.gif","contentUrl":"https:\/\/www.easydayphuket.com\/wp-content\/uploads\/2013\/07\/Sun-Thaiflag_booking12.gif","width":100,"height":94,"caption":"Easy Day Thailand"},"image":{"@id":"https:\/\/www.easydayphuket.com\/#\/schema\/logo\/image\/"},"sameAs":["https:\/\/www.facebook.com\/Easydayinthailand\/","https:\/\/www.instagram.com\/easydaythailand\/"]}]}},"_links":{"self":[{"href":"https:\/\/www.easydayphuket.com\/de\/wp-json\/wp\/v2\/pages\/10521","targetHints":{"allow":["GET"]}}],"collection":[{"href":"https:\/\/www.easydayphuket.com\/de\/wp-json\/wp\/v2\/pages"}],"about":[{"href":"https:\/\/www.easydayphuket.com\/de\/wp-json\/wp\/v2\/types\/page"}],"author":[{"embeddable":true,"href":"https:\/\/www.easydayphuket.com\/de\/wp-json\/wp\/v2\/users\/4"}],"replies":[{"embeddable":true,"href":"https:\/\/www.easydayphuket.com\/de\/wp-json\/wp\/v2\/comments?post=10521"}],"version-history":[{"count":0,"href":"https:\/\/www.easydayphuket.com\/de\/wp-json\/wp\/v2\/pages\/10521\/revisions"}],"up":[{"embeddable":true,"href":"https:\/\/www.easydayphuket.com\/de\/wp-json\/wp\/v2\/pages\/10518"}],"wp:attachment":[{"href":"https:\/\/www.easydayphuket.com\/de\/wp-json\/wp\/v2\/media?parent=10521"}],"curies":[{"name":"wp","href":"https:\/\/api.w.org\/{rel}","templated":true}]}}