{"id":10517,"date":"2015-06-16T13:45:43","date_gmt":"2015-06-16T06:45:43","guid":{"rendered":"https:\/\/www.easydayphuket.com\/de\/?page_id=10517"},"modified":"2024-05-15T01:13:53","modified_gmt":"2024-05-14T18:13:53","slug":"phuket-hotels","status":"publish","type":"page","link":"https:\/\/www.easydayphuket.com\/de\/phuket-hotels\/","title":{"rendered":"Phuket Hotel"},"content":{"rendered":"\n<p>Phuket Hotels,&nbsp; ausgew\u00e4hlt und empfohlen von unseren G\u00e4sten. Wenn Sie nicht sicher sind welches Hotel f\u00fcr Sie das Richtige ist, lassen Sie es uns wissen und wir werden Sie nach besten Empfehlungen beraten. Phuket hat viele Hotels und Resorts, es ist nicht immer einfach f\u00fcr was man sich entscheiden soll, will ich am Strand wohnen oder vielleicht doch mehr in einem Ort wo das Nachtleben ist.<\/p>\n\n\n\n<p>Wir haben hier mal ein paar Phuket Hotels oder Resorts aufgef\u00fchrt die sich \u00fcber die ganze Insel verteilen, st\u00f6bern Sie ein bi\u00dfchen in den Seiten und wenn Sie zus\u00e4tzliche Infos ben\u00f6tigen, schreiben Sie uns.<\/p>\n\n\n\n<figure class=\"wp-block-image alignleft\"><a href=\"https:\/\/www.easydayphuket.com\/wp-content\/uploads\/2013\/12\/on-on.jpg\"><img loading=\"lazy\" decoding=\"async\" width=\"150\" height=\"150\" src=\"https:\/\/www.easydayphuket.com\/wp-content\/uploads\/2013\/12\/on-on-150x150.jpg\" alt=\"On On Hotel Phuket Town - Ausgw\u00e4hlt von Easy Day Phuket\" class=\"wp-image-3330\"\/><\/a><figcaption class=\"wp-element-caption\">On On Hotel Phuket Town<\/figcaption><\/figure>\n\n\n\n<h2 class=\"wp-block-heading\"><a title=\"Phuket Town Hotels\" href=\"https:\/\/www.easydayphuket.com\/de\/phuket-hotels\/phuket-town-hotels\/\">Phuket Town Hotels<\/a><\/h2>\n\n\n<ul>\n<li><a title=\"On On Hotel Phuket Town\" href=\"https:\/\/www.easydayphuket.com\/de\/phuket-hotels\/phuket-town-hotels\/on-on-hotel-phuket-town\/\">Memory at On On Hotel<\/a><\/li>\n<li><a title=\"Sino House Phuket Hotel\" href=\"https:\/\/www.easydayphuket.com\/de\/phuket-hotels\/phuket-town-hotels\/sino-house-phuket-hotel\/\">Sino House &#8211; Hotel &amp; Apartment<\/a><\/li>\n<li><a title=\"Sino Imperial Design Hotel\" href=\"https:\/\/www.easydayphuket.com\/de\/phuket-hotels\/phuket-town-hotels\/sino-imperial-design-hotel\/\">Sino Imperial<\/a><\/li>\n<\/ul>\n\n\n\n<p>Phuket Stadt ist was f\u00fcr G\u00e4ste die sich gerne das alte und urspr\u00fcngliche Phuket anschauen m\u00f6chten. Hier gibt es Hotels f\u00fcr R\u00fccksacktouristen bis hin zum 5 Sterne Hotel.<\/p>\n\n\n\n<p class=\"has-text-align-right\"><strong><a title=\"Phuket Town Hotels\" href=\"https:\/\/www.easydayphuket.com\/de\/phuket-hotels\/phuket-town-hotels\/\">Mehr Infos&#8230;<\/a><\/strong><\/p>\n\n\n<div class=\"divider\"><\/div>\n\n\n\n<figure class=\"wp-block-image alignleft\"><a href=\"https:\/\/www.easydayphuket.com\/de\/phuket-hotels\/insel-resorts-phuket\/rayaburi-resort\/\"><img loading=\"lazy\" decoding=\"async\" width=\"150\" height=\"150\" src=\"https:\/\/www.easydayphuket.com\/wp-content\/uploads\/2014\/01\/Pool21-150x150.jpg\" alt=\"Rayaburi Resort - Phuket Hotels von Easy Day Phuket\" class=\"wp-image-4041\"\/><\/a><figcaption class=\"wp-element-caption\">Rayaburi Resort<\/figcaption><\/figure>\n\n\n\n<h2 class=\"wp-block-heading\"><a title=\"Island Resorts near Phuket\" href=\"https:\/\/www.easydayphuket.com\/de\/phuket-hotels\/insel-resorts-phuket\/\">Phuket Hotels auf n\u00e4heren Inseln<\/a><\/h2>\n\n\n<ul>\n<li><a title=\"The Racha\" href=\"https:\/\/www.easydayphuket.com\/de\/phuket-hotels\/insel-resorts-phuket\/the-racha\/\">The Racha<\/a><\/li>\n<li><a href=\"#form\">Baan Raya Resort<\/a><\/li>\n<li><a title=\"Rayaburi Resort\" href=\"https:\/\/www.easydayphuket.com\/de\/phuket-hotels\/insel-resorts-phuket\/rayaburi-resort\/\">Rayaburi Resort<\/a><\/li>\n<\/ul>\n\n\n\n<p>Mit dem Schnellboot sind es ca. 30 min bis zur Insel Racha Yai, eine Insel die s\u00fcdlich von Phuket liegt und wunderbare Str\u00e4nde hat. Eine Insel f\u00fcr den perfekten Strandurlaub.<\/p>\n\n\n\n<p class=\"has-text-align-right\"><strong><a title=\"Island Resorts near Phuket\" href=\"https:\/\/www.easydayphuket.com\/de\/phuket-hotels\/insel-resorts-phuket\/\">Mehr Infos&#8230;<\/a><\/strong><\/p>\n\n\n<div class=\"divider\"><\/div>\n\n\n\n<figure class=\"wp-block-image alignleft\"><a href=\"https:\/\/www.easydayphuket.com\/de\/phuket-hotels\/kamala-beach-hotels\/maphrao-beach-resort\/\"><img loading=\"lazy\" decoding=\"async\" width=\"150\" height=\"150\" src=\"https:\/\/www.easydayphuket.com\/wp-content\/uploads\/2013\/07\/maphrao-beach-resort-restaurant-150x150.jpg\" alt=\"Maphrao Beach Resort, Kamala Beach - Ausgw\u00e4hlt von Easy Day Phuket\" class=\"wp-image-3040\"\/><\/a><figcaption class=\"wp-element-caption\">Maphrao Beach Resort<\/figcaption><\/figure>\n\n\n\n<h2 class=\"wp-block-heading\"><a title=\"Kamala Beach Hotels\" href=\"https:\/\/www.easydayphuket.com\/de\/phuket-hotels\/kamala-beach-hotels\/\">Kamala Beach Hotels<\/a><\/h2>\n\n\n<ul>\n<li><a title=\"Maphrao Beach Resort\" href=\"https:\/\/www.easydayphuket.com\/de\/phuket-hotels\/kamala-beach-hotels\/maphrao-beach-resort\/\">Maphrao Beach Resort<\/a><\/li>\n<li><a title=\"The Palms Resort Kamala\" href=\"https:\/\/www.easydayphuket.com\/de\/phuket-hotels\/kamala-beach-hotels\/palms-resort-kamala\/\" target=\"_blank\" rel=\"noopener noreferrer\">The Palms Resort Kamala<\/a><\/li>\n<\/ul>\n\n\n\n<p>An der Westk\u00fcste und n\u00f6rdlich von Patong Beach liegt der Kamala Beach, ein Ort der in den letzten Jahren immer mehr an popularit\u00e4t gewonnen hat.<\/p>\n\n\n\n<p class=\"has-text-align-right\"><strong><a title=\"Kamala Beach Hotels\" href=\"https:\/\/www.easydayphuket.com\/de\/phuket-hotels\/kamala-beach-hotels\/\">Mehr Infos&#8230;<\/a><\/strong><\/p>\n\n\n<div class=\"divider\"><\/div>\n\n\n\n<figure class=\"wp-block-image alignleft\"><a href=\"https:\/\/www.easydayphuket.com\/de\/phuket-hotels\/karon-beach-hotels\/the-old-phuket-karon\/\"><img loading=\"lazy\" decoding=\"async\" width=\"150\" height=\"150\" src=\"https:\/\/www.easydayphuket.com\/wp-content\/uploads\/2013\/07\/View1-150x150.jpg\" alt=\"The Old Phuket Karon Beach - Ausgw\u00e4hlt von Easy Day Phuket\" class=\"wp-image-2564\"\/><\/a><figcaption class=\"wp-element-caption\">The Old Phuket Karon<\/figcaption><\/figure>\n\n\n\n<h2 class=\"wp-block-heading\"><a title=\"Karon Beach Hotels\" href=\"https:\/\/www.easydayphuket.com\/de\/phuket-hotels\/karon-beach-hotels\/\">Karon Beach Hotels<\/a><\/h2>\n\n\n<ul>\n<li><a title=\"The Old Phuket by Easy Day Phuket\" href=\"https:\/\/www.easydayphuket.com\/de\/phuket-hotels\/karon-beach-hotels\/the-old-phuket-karon\/\">The Old Phuket Karon<\/a><\/li>\n<li><a title=\"Sugar Palm Karon\" href=\"https:\/\/www.easydayphuket.com\/de\/phuket-hotels\/karon-beach-hotels\/sugar-marina-art\/\">Sugar Palm Karon Resort<\/a><\/li>\n<li><a title=\"Secret Cliff Villa\" href=\"https:\/\/www.easydayphuket.com\/de\/phuket-hotels\/karon-beach-hotels\/secret-cliff-villa\/\">Secret Cliff Villas<\/a><\/li>\n<\/ul>\n\n\n\n<p>Karon Beach ist einer der l\u00e4ngsten Str\u00e4nde von Phuket, hier gibt es eine gute Mischung aus Strand, Restaurants und vielen interessanten Einkaufsm\u00f6glichkeiten.<\/p>\n\n\n\n<p class=\"has-text-align-right\"><strong> <a title=\"Karon Beach Hotels\" href=\"https:\/\/www.easydayphuket.com\/de\/phuket-hotels\/karon-beach-hotels\/\">Mehr Infos&#8230;<\/a><\/strong><\/p>\n\n\n<div class=\"divider\"><\/div>\n\n\n\n<figure class=\"wp-block-image alignleft\"><a href=\"https:\/\/www.easydayphuket.com\/de\/phuket-hotels\/kata-beach-hotels\/katathani-beach-resort\/\"><img loading=\"lazy\" decoding=\"async\" width=\"150\" height=\"150\" src=\"https:\/\/www.easydayphuket.com\/wp-content\/uploads\/2014\/01\/Pool3-150x150.jpg\" alt=\"Kata Thani - Phuket Hotels von Easy Day Phuket\" class=\"wp-image-3925\"\/><\/a><figcaption class=\"wp-element-caption\">Kata Thani<\/figcaption><\/figure>\n\n\n\n<h2 class=\"wp-block-heading\"><a title=\"Kata Beach Hotels\" href=\"https:\/\/www.easydayphuket.com\/de\/phuket-hotels\/kata-beach-hotels\/\">Kata Beach Hotels<\/a><\/h2>\n\n\n<ul>\n<li><a title=\"Sugar Marina Fashion\" href=\"https:\/\/www.easydayphuket.com\/de\/phuket-hotels\/kata-beach-hotels\/sugar-marina-fashion\/\">Sugar Marina Fashion Hotel<\/a><\/li>\n<li><a title=\"Katathani Beach Resort\" href=\"https:\/\/www.easydayphuket.com\/de\/phuket-hotels\/kata-beach-hotels\/katathani-beach-resort\/\">Katathani Beach Resort &amp; Spa<\/a><\/li>\n<li><a title=\"Malisa Villa Suites \u2013 Kata Beach\" href=\"https:\/\/www.easydayphuket.com\/de\/phuket-hotels\/kata-beach-hotels\/malisa-villa-suites-kata-beach\/\">Malisa Villa Suites<\/a><\/li>\n<\/ul>\n\n\n\n<p>Kata Beach ist in der N\u00e4he vom Karon Beach und bietet ebenfalls viele Restaurants und Einkaufsm\u00f6glichkeiten. Hier findet man ein gro\u00dfes Angebot an verschiedenen Wassersportaktivit\u00e4ten.<\/p>\n\n\n\n<p class=\"has-text-align-right\"><strong><a title=\"Kata Beach Hotels\" href=\"https:\/\/www.easydayphuket.com\/de\/phuket-hotels\/kata-beach-hotels\/\">Mehr Infos&#8230;<\/a><\/strong><\/p>\n\n\n<div class=\"divider\"><\/div>\n\n\n\n<figure class=\"wp-block-image alignleft\"><a href=\"https:\/\/www.easydayphuket.com\/de\/phuket-hotels\/patong-beach-hotels\/the-nap-patong-beach\/\"><img loading=\"lazy\" decoding=\"async\" width=\"150\" height=\"150\" src=\"https:\/\/www.easydayphuket.com\/wp-content\/uploads\/2013\/07\/The-Nap-Moonlight-Deluxe-150x150.jpg\" alt=\"Moonlight Deluxe im The Nap Patong Beach - Ausgw\u00e4hlt von Easy Day Phuket\" class=\"wp-image-1108\"\/><\/a><figcaption class=\"wp-element-caption\">Moonlight Deluxe<\/figcaption><\/figure>\n\n\n\n<h2 class=\"wp-block-heading\"><a title=\"Patong Beach Hotel\" href=\"https:\/\/www.easydayphuket.com\/de\/phuket-hotels\/patong-beach-hotels\/\">Patong Beach Hotels<\/a><\/h2>\n\n\n<ul>\n<li><a title=\"The Nap Patong Beach Hotel\" href=\"https:\/\/www.easydayphuket.com\/de\/phuket-hotels\/patong-beach-hotels\/the-nap-patong-beach\/\">The Nap Patong<\/a><\/li>\n<li><a title=\"Hyton Leelavadee Resort Phuket\" href=\"https:\/\/www.easydayphuket.com\/phuket-hotels\/patong-beach-hotel\/\">Hyton Leelavadee Resort<\/a><\/li>\n<li><a title=\"The Allano Phuket Hotel\" href=\"https:\/\/www.easydayphuket.com\/de\/phuket-hotels\/patong-beach-hotels\/the-allano-phuket-hotel\/\">The Allano Phuket<\/a><\/li>\n<\/ul>\n\n\n\n<p>Patong Beach ist der wohl bekannteste und meistbesuchteste Ort auf der Insel Phuket. Hier finden Sie wirklich alles was Sie f\u00fcr einen abwechslungsreichen Urlaub ben\u00f6tigen. Angefangen vom gro\u00dfen Shoppingcenter \u00fcber zahlreiche Restaurants, Diskotheken und Bierbars, finden Sie auch einen wundersch\u00f6nen Strand.<\/p>\n\n\n\n<p class=\"has-text-align-right\"><strong><a title=\"Patong Beach Hotel\" href=\"https:\/\/www.easydayphuket.com\/de\/phuket-hotels\/patong-beach-hotels\/\">Mehr Infos&#8230;<\/a><\/strong><\/p>\n\n\n<div class=\"divider\"><\/div>\n\n\n\n<figure class=\"wp-block-image alignleft\"><a href=\"https:\/\/www.easydayphuket.com\/de\/phuket-hotels\/chalong-bay-hotels\/ao-chalong-villa-spa-phuket\/\"><img loading=\"lazy\" decoding=\"async\" width=\"150\" height=\"150\" src=\"https:\/\/www.easydayphuket.com\/wp-content\/uploads\/2013\/09\/Seaview-Villa-Balcony-150x150.jpg\" alt=\"Seaview Villa Balkon - Phuket Hotels von Easy Day Phuket\" class=\"wp-image-2619\"\/><\/a><figcaption class=\"wp-element-caption\">Ao Chalong Villa View<\/figcaption><\/figure>\n\n\n\n<h2 class=\"wp-block-heading\"><a title=\"Chalong Bay Hotels\" href=\"https:\/\/www.easydayphuket.com\/de\/phuket-hotels\/chalong-bay-hotels\/\">Chalong Bay Hotels<\/a><\/h2>\n\n\n<ul>\n<li><a title=\"Ao Chalong Villa &amp; Spa Phuket\" href=\"https:\/\/www.easydayphuket.com\/de\/phuket-hotels\/chalong-bay-hotels\/ao-chalong-villa-spa-phuket\/\">Ao Chalong Villa Resort &amp; Spa<\/a><\/li>\n<li><a title=\"Chalong Chalet Resort\" href=\"https:\/\/www.easydayphuket.com\/de\/phuket-hotels\/chalong-bay-hotels\/chalong-chalet-resort\/\">Chalong Chalet Resort<\/a><\/li>\n<li><a title=\"Pier 42 Chalong Phuket\" href=\"https:\/\/www.easydayphuket.com\/de\/phuket-hotels\/chalong-bay-hotels\/pier-42-chalong-phuket\/\">Pier Fourty Two<\/a><\/li>\n<\/ul>\n\n\n\n<p>Ein Ort der sich in inzwischen mehr und mehr etabliert hat. Chalong liegt im S\u00fcden von Phuket und verf\u00fcgt \u00fcber einen Hafen, von wo die Transfer und <a href=\"https:\/\/www.tauchen-in-thailand.de\/\" target=\"_blank\" rel=\"noopener noreferrer\">Tauchboote<\/a> zu den umliegenden Inseln fahren.<\/p>\n\n\n\n<p class=\"has-text-align-right\"><strong><a title=\"Chalong Bay Hotels\" href=\"https:\/\/www.easydayphuket.com\/de\/phuket-hotels\/chalong-bay-hotels\/\">Mehr Infos&#8230;<\/a><\/strong><\/p>\n\n\n<div class=\"divider\"><\/div>\n\n\n\n<figure class=\"wp-block-image alignleft\"><a href=\"https:\/\/www.easydayphuket.com\/de\/phuket-hotels\/rawai-nai-harn-beach-hotels\/baan-krating-resort\/\"><img loading=\"lazy\" decoding=\"async\" width=\"150\" height=\"150\" src=\"https:\/\/www.easydayphuket.com\/wp-content\/uploads\/2014\/01\/Deluxe-Pavillion2-150x150.jpg\" alt=\"Bann Krating Pavilion - Ausgw\u00e4hlt von Easy Day Phuket\" class=\"wp-image-3705\"\/><\/a><figcaption class=\"wp-element-caption\">Bann Krating Pavilion<\/figcaption><\/figure>\n\n\n\n<h2 class=\"wp-block-heading\"><a title=\"Rawai and Nai Harn Beach Hotels\" href=\"https:\/\/www.easydayphuket.com\/de\/phuket-hotels\/rawai-nai-harn-beach-hotels\/\">Rawai &amp; Nai Harn Hotels<\/a><\/h2>\n\n\n<ul>\n<li><a title=\"Happy Elephant Phuket Resort\" href=\"https:\/\/www.easydayphuket.com\/de\/phuket-hotels\/rawai-nai-harn-beach-hotels\/happy-elephant-phuket-resort\/\">Happy Elephant Bungalow Resort<\/a><\/li>\n<li><a title=\"Baan Krating Resort\" href=\"https:\/\/www.easydayphuket.com\/de\/phuket-hotels\/rawai-nai-harn-beach-hotels\/baan-krating-resort\/\">Baan Krating Resort<\/a><\/li>\n<\/ul>\n\n\n\n<p>Rawai und Nai Harn Beach galten fr\u00fcher als eine sehr ruhige Gegend, in den letzten Jahren wurden hier mehr und mehr Resorts und wundersch\u00f6ne Hotels angesiedelt.<\/p>\n\n\n\n<p class=\"has-text-align-right\"><strong><a title=\"Rawai and Nai Harn Beach Hotels\" href=\"https:\/\/www.easydayphuket.com\/de\/phuket-hotels\/rawai-nai-harn-beach-hotels\/\">Mehr Infos&#8230;<\/a><\/strong><\/p>\n\n\n<div class=\"divider\"><\/div>\n\n\n\n<figure class=\"wp-block-image alignleft\"><a href=\"https:\/\/www.easydayphuket.com\/de\/phuket-hotels\/cape-panwa-hotels\/\"><img loading=\"lazy\" decoding=\"async\" width=\"150\" height=\"150\" src=\"https:\/\/www.easydayphuket.com\/wp-content\/uploads\/2013\/07\/by-the-sea-deluxe-150x150.jpg\" alt=\"By The Sea Deluxe Zimmer - Ausgw\u00e4hlt von Easy Day Phuket\" class=\"wp-image-3013\"\/><\/a><figcaption class=\"wp-element-caption\">By The Sea Deluxe Zimmer<\/figcaption><\/figure>\n\n\n\n<h2 class=\"wp-block-heading\"><a title=\"Cape Panwa Hotels\" href=\"https:\/\/www.easydayphuket.com\/de\/phuket-hotels\/cape-panwa-hotels\/\">Cape Panwa Hotel<\/a><\/h2>\n\n\n<ul>\n<li><a title=\"By The Sea Phuket\" href=\"https:\/\/www.easydayphuket.com\/de\/phuket-hotels\/cape-panwa-hotels\/by-the-sea-phuket\/\">By The Sea Phuket Beach Resort<\/a><\/li>\n<\/ul>\n\n\n\n<p>Cape Panwa liegt im s\u00fcdosten Phukets und ist genau der richtige Ort f\u00fcr G\u00e4ste die einen wirklich entspannenden Urlaub machen wollen.<\/p>\n\n\n\n<p class=\"has-text-align-right\"><strong><a title=\"Cape Panwa Hotels\" href=\"https:\/\/www.easydayphuket.com\/de\/phuket-hotels\/cape-panwa-hotels\/\">Mehr Infos&#8230;<\/a><\/strong><\/p>\n\n\n<div class=\"divider\"><\/div>\n\n\n\n<h3 class=\"wp-block-heading\">Phuket Urlaubspakete &#8211; inklusive Ihrem Phuket Hotels<\/h3>\n\n\n\n<p><strong>Die besten Angebote f\u00fcr Ihren Urlaub<\/strong> &#8211; Ihre gew\u00fcnschte Unterkunft mit privatem Flughafen Transfer und ausgew\u00e4hlten Ausfl\u00fcgen auf Phuket, alles in einem. Lassen Sie sich ein <strong>kostenloses Angebot<\/strong> zukommen.<\/p>\n\n\n\n<script charset=\"utf-8\" type=\"text\/javascript\" src=\"\/\/js.hsforms.net\/forms\/embed\/v2.js\"><\/script>\n<script>\n  hbspt.forms.create({\n    region: \"na1\",\n    portalId: \"3413662\",\n    formId: \"59765d47-ffdf-4452-a315-11081d03c004\"\n  });\n<\/script>\n\n\n\n<p><strong>Mehr \u00fcber Hotels an anderen Urlaubsorten Thailands:<\/strong><\/p>\n\n\n\n<ul class=\"wp-block-list\">\n<li><a title=\"Khao Lak Hotels by Easy Day Thailand\" href=\"https:\/\/www.easydaykhaolak.com\/khao-lak-hotels\/\" target=\"_blank\" rel=\"noopener noreferrer\">Khao Lak Hotels<\/a><\/li>\n\n\n\n<li><a title=\"Hotels in Koh Samui, Koh Tao &amp; Koh Phangan\" href=\"https:\/\/www.easydaysamui.com\/samui-phangan-koh-tao-hotels\/\" target=\"_blank\" rel=\"noopener noreferrer\">Hotels in Koh Samui, Koh Tao &amp; Koh Phangan<\/a><\/li>\n<\/ul>\n","protected":false},"excerpt":{"rendered":"<p>Phuket Hotels,&nbsp; ausgew\u00e4hlt und empfohlen von unseren G\u00e4sten. Wenn Sie nicht sicher sind welches Hotel f\u00fcr Sie das Richtige ist, lassen Sie es uns wissen und wir werden Sie nach besten Empfehlungen beraten. Phuket hat viele Hotels und Resorts, es ist nicht immer einfach f\u00fcr was man sich entscheiden soll, will ich am Strand wohnen [&hellip;]<\/p>\n","protected":false},"author":4,"featured_media":0,"parent":0,"menu_order":0,"comment_status":"closed","ping_status":"closed","template":"","meta":{"_acf_changed":false,"_et_pb_use_builder":"","_et_pb_old_content":"","_et_gb_content_width":"","footnotes":""},"class_list":["post-10517","page","type-page","status-publish","hentry"],"acf":[],"yoast_head":"<!-- This site is optimized with the Yoast SEO plugin v25.1 - https:\/\/yoast.com\/wordpress\/plugins\/seo\/ -->\n<title>Phuket Hotels - Kamala, Patong, Karon und Kata Beach<\/title>\n<meta name=\"description\" content=\"Phuket Hotels gehen durch alle Preisklassen und sind rund um die Insel verteilt. Es gibt welche f\u00fcr die Ruhe und andere f\u00fcr den aktiven Phuket Urlaub.\" \/>\n<meta name=\"robots\" content=\"index, follow, max-snippet:-1, max-image-preview:large, max-video-preview:-1\" \/>\n<link rel=\"canonical\" href=\"https:\/\/www.easydayphuket.com\/de\/phuket-hotels\/\" \/>\n<meta property=\"og:locale\" content=\"de_DE\" \/>\n<meta property=\"og:type\" content=\"article\" \/>\n<meta property=\"og:title\" content=\"Phuket Hotels - Kamala, Patong, Karon und Kata Beach\" \/>\n<meta property=\"og:description\" content=\"Phuket Hotels gehen durch alle Preisklassen und sind rund um die Insel verteilt. Es gibt welche f\u00fcr die Ruhe und andere f\u00fcr den aktiven Phuket Urlaub.\" \/>\n<meta property=\"og:url\" content=\"https:\/\/www.easydayphuket.com\/de\/phuket-hotels\/\" \/>\n<meta property=\"og:site_name\" content=\"Easy Day Phuket\" \/>\n<meta property=\"article:publisher\" content=\"https:\/\/www.facebook.com\/Easydayinthailand\/\" \/>\n<meta property=\"article:modified_time\" content=\"2024-05-14T18:13:53+00:00\" \/>\n<meta property=\"og:image\" content=\"https:\/\/www.easydayphuket.com\/wp-content\/uploads\/2013\/12\/on-on-150x150.jpg\" \/>\n<meta name=\"twitter:label1\" content=\"Gesch\u00e4tzte Lesezeit\" \/>\n\t<meta name=\"twitter:data1\" content=\"5\u00a0Minuten\" \/>\n<script type=\"application\/ld+json\" class=\"yoast-schema-graph\">{\"@context\":\"https:\/\/schema.org\",\"@graph\":[{\"@type\":\"WebPage\",\"@id\":\"https:\/\/www.easydayphuket.com\/de\/phuket-hotels\/\",\"url\":\"https:\/\/www.easydayphuket.com\/de\/phuket-hotels\/\",\"name\":\"Phuket Hotels - Kamala, Patong, Karon und Kata Beach\",\"isPartOf\":{\"@id\":\"https:\/\/www.easydayphuket.com\/#website\"},\"primaryImageOfPage\":{\"@id\":\"https:\/\/www.easydayphuket.com\/de\/phuket-hotels\/#primaryimage\"},\"image\":{\"@id\":\"https:\/\/www.easydayphuket.com\/de\/phuket-hotels\/#primaryimage\"},\"thumbnailUrl\":\"https:\/\/www.easydayphuket.com\/wp-content\/uploads\/2013\/12\/on-on-150x150.jpg\",\"datePublished\":\"2015-06-16T06:45:43+00:00\",\"dateModified\":\"2024-05-14T18:13:53+00:00\",\"description\":\"Phuket Hotels gehen durch alle Preisklassen und sind rund um die Insel verteilt. Es gibt welche f\u00fcr die Ruhe und andere f\u00fcr den aktiven Phuket Urlaub.\",\"breadcrumb\":{\"@id\":\"https:\/\/www.easydayphuket.com\/de\/phuket-hotels\/#breadcrumb\"},\"inLanguage\":\"de\",\"potentialAction\":[{\"@type\":\"ReadAction\",\"target\":[\"https:\/\/www.easydayphuket.com\/de\/phuket-hotels\/\"]}]},{\"@type\":\"ImageObject\",\"inLanguage\":\"de\",\"@id\":\"https:\/\/www.easydayphuket.com\/de\/phuket-hotels\/#primaryimage\",\"url\":\"https:\/\/www.easydayphuket.com\/wp-content\/uploads\/2013\/12\/on-on-150x150.jpg\",\"contentUrl\":\"https:\/\/www.easydayphuket.com\/wp-content\/uploads\/2013\/12\/on-on-150x150.jpg\"},{\"@type\":\"BreadcrumbList\",\"@id\":\"https:\/\/www.easydayphuket.com\/de\/phuket-hotels\/#breadcrumb\",\"itemListElement\":[{\"@type\":\"ListItem\",\"position\":1,\"name\":\"Home\",\"item\":\"https:\/\/www.easydayphuket.com\/de\/\"},{\"@type\":\"ListItem\",\"position\":2,\"name\":\"Phuket Hotel\"}]},{\"@type\":\"WebSite\",\"@id\":\"https:\/\/www.easydayphuket.com\/#website\",\"url\":\"https:\/\/www.easydayphuket.com\/\",\"name\":\"Easy Day Phuket\",\"description\":\"Ihr Phuket Tour & Reise Partner\",\"publisher\":{\"@id\":\"https:\/\/www.easydayphuket.com\/#organization\"},\"potentialAction\":[{\"@type\":\"SearchAction\",\"target\":{\"@type\":\"EntryPoint\",\"urlTemplate\":\"https:\/\/www.easydayphuket.com\/?s={search_term_string}\"},\"query-input\":{\"@type\":\"PropertyValueSpecification\",\"valueRequired\":true,\"valueName\":\"search_term_string\"}}],\"inLanguage\":\"de\"},{\"@type\":\"Organization\",\"@id\":\"https:\/\/www.easydayphuket.com\/#organization\",\"name\":\"Easy Day Thailand\",\"url\":\"https:\/\/www.easydayphuket.com\/\",\"logo\":{\"@type\":\"ImageObject\",\"inLanguage\":\"de\",\"@id\":\"https:\/\/www.easydayphuket.com\/#\/schema\/logo\/image\/\",\"url\":\"https:\/\/www.easydayphuket.com\/wp-content\/uploads\/2013\/07\/Sun-Thaiflag_booking12.gif\",\"contentUrl\":\"https:\/\/www.easydayphuket.com\/wp-content\/uploads\/2013\/07\/Sun-Thaiflag_booking12.gif\",\"width\":100,\"height\":94,\"caption\":\"Easy Day Thailand\"},\"image\":{\"@id\":\"https:\/\/www.easydayphuket.com\/#\/schema\/logo\/image\/\"},\"sameAs\":[\"https:\/\/www.facebook.com\/Easydayinthailand\/\",\"https:\/\/www.instagram.com\/easydaythailand\/\"]}]}<\/script>\n<!-- \/ Yoast SEO plugin. -->","yoast_head_json":{"title":"Phuket Hotels - Kamala, Patong, Karon und Kata Beach","description":"Phuket Hotels gehen durch alle Preisklassen und sind rund um die Insel verteilt. Es gibt welche f\u00fcr die Ruhe und andere f\u00fcr den aktiven Phuket Urlaub.","robots":{"index":"index","follow":"follow","max-snippet":"max-snippet:-1","max-image-preview":"max-image-preview:large","max-video-preview":"max-video-preview:-1"},"canonical":"https:\/\/www.easydayphuket.com\/de\/phuket-hotels\/","og_locale":"de_DE","og_type":"article","og_title":"Phuket Hotels - Kamala, Patong, Karon und Kata Beach","og_description":"Phuket Hotels gehen durch alle Preisklassen und sind rund um die Insel verteilt. Es gibt welche f\u00fcr die Ruhe und andere f\u00fcr den aktiven Phuket Urlaub.","og_url":"https:\/\/www.easydayphuket.com\/de\/phuket-hotels\/","og_site_name":"Easy Day Phuket","article_publisher":"https:\/\/www.facebook.com\/Easydayinthailand\/","article_modified_time":"2024-05-14T18:13:53+00:00","og_image":[{"url":"https:\/\/www.easydayphuket.com\/wp-content\/uploads\/2013\/12\/on-on-150x150.jpg","type":"","width":"","height":""}],"twitter_misc":{"Gesch\u00e4tzte Lesezeit":"5\u00a0Minuten"},"schema":{"@context":"https:\/\/schema.org","@graph":[{"@type":"WebPage","@id":"https:\/\/www.easydayphuket.com\/de\/phuket-hotels\/","url":"https:\/\/www.easydayphuket.com\/de\/phuket-hotels\/","name":"Phuket Hotels - Kamala, Patong, Karon und Kata Beach","isPartOf":{"@id":"https:\/\/www.easydayphuket.com\/#website"},"primaryImageOfPage":{"@id":"https:\/\/www.easydayphuket.com\/de\/phuket-hotels\/#primaryimage"},"image":{"@id":"https:\/\/www.easydayphuket.com\/de\/phuket-hotels\/#primaryimage"},"thumbnailUrl":"https:\/\/www.easydayphuket.com\/wp-content\/uploads\/2013\/12\/on-on-150x150.jpg","datePublished":"2015-06-16T06:45:43+00:00","dateModified":"2024-05-14T18:13:53+00:00","description":"Phuket Hotels gehen durch alle Preisklassen und sind rund um die Insel verteilt. Es gibt welche f\u00fcr die Ruhe und andere f\u00fcr den aktiven Phuket Urlaub.","breadcrumb":{"@id":"https:\/\/www.easydayphuket.com\/de\/phuket-hotels\/#breadcrumb"},"inLanguage":"de","potentialAction":[{"@type":"ReadAction","target":["https:\/\/www.easydayphuket.com\/de\/phuket-hotels\/"]}]},{"@type":"ImageObject","inLanguage":"de","@id":"https:\/\/www.easydayphuket.com\/de\/phuket-hotels\/#primaryimage","url":"https:\/\/www.easydayphuket.com\/wp-content\/uploads\/2013\/12\/on-on-150x150.jpg","contentUrl":"https:\/\/www.easydayphuket.com\/wp-content\/uploads\/2013\/12\/on-on-150x150.jpg"},{"@type":"BreadcrumbList","@id":"https:\/\/www.easydayphuket.com\/de\/phuket-hotels\/#breadcrumb","itemListElement":[{"@type":"ListItem","position":1,"name":"Home","item":"https:\/\/www.easydayphuket.com\/de\/"},{"@type":"ListItem","position":2,"name":"Phuket Hotel"}]},{"@type":"WebSite","@id":"https:\/\/www.easydayphuket.com\/#website","url":"https:\/\/www.easydayphuket.com\/","name":"Easy Day Phuket","description":"Ihr Phuket Tour & Reise Partner","publisher":{"@id":"https:\/\/www.easydayphuket.com\/#organization"},"potentialAction":[{"@type":"SearchAction","target":{"@type":"EntryPoint","urlTemplate":"https:\/\/www.easydayphuket.com\/?s={search_term_string}"},"query-input":{"@type":"PropertyValueSpecification","valueRequired":true,"valueName":"search_term_string"}}],"inLanguage":"de"},{"@type":"Organization","@id":"https:\/\/www.easydayphuket.com\/#organization","name":"Easy Day Thailand","url":"https:\/\/www.easydayphuket.com\/","logo":{"@type":"ImageObject","inLanguage":"de","@id":"https:\/\/www.easydayphuket.com\/#\/schema\/logo\/image\/","url":"https:\/\/www.easydayphuket.com\/wp-content\/uploads\/2013\/07\/Sun-Thaiflag_booking12.gif","contentUrl":"https:\/\/www.easydayphuket.com\/wp-content\/uploads\/2013\/07\/Sun-Thaiflag_booking12.gif","width":100,"height":94,"caption":"Easy Day Thailand"},"image":{"@id":"https:\/\/www.easydayphuket.com\/#\/schema\/logo\/image\/"},"sameAs":["https:\/\/www.facebook.com\/Easydayinthailand\/","https:\/\/www.instagram.com\/easydaythailand\/"]}]}},"_links":{"self":[{"href":"https:\/\/www.easydayphuket.com\/de\/wp-json\/wp\/v2\/pages\/10517","targetHints":{"allow":["GET"]}}],"collection":[{"href":"https:\/\/www.easydayphuket.com\/de\/wp-json\/wp\/v2\/pages"}],"about":[{"href":"https:\/\/www.easydayphuket.com\/de\/wp-json\/wp\/v2\/types\/page"}],"author":[{"embeddable":true,"href":"https:\/\/www.easydayphuket.com\/de\/wp-json\/wp\/v2\/users\/4"}],"replies":[{"embeddable":true,"href":"https:\/\/www.easydayphuket.com\/de\/wp-json\/wp\/v2\/comments?post=10517"}],"version-history":[{"count":0,"href":"https:\/\/www.easydayphuket.com\/de\/wp-json\/wp\/v2\/pages\/10517\/revisions"}],"wp:attachment":[{"href":"https:\/\/www.easydayphuket.com\/de\/wp-json\/wp\/v2\/media?parent=10517"}],"curies":[{"name":"wp","href":"https:\/\/api.w.org\/{rel}","templated":true}]}}