{"id":10516,"date":"2015-06-19T13:55:17","date_gmt":"2015-06-19T06:55:17","guid":{"rendered":"https:\/\/www.easydayphuket.com\/de\/?page_id=10516"},"modified":"2024-05-15T01:06:21","modified_gmt":"2024-05-14T18:06:21","slug":"phuket-boot-charter","status":"publish","type":"page","link":"https:\/\/www.easydayphuket.com\/de\/phuket-boot-charter\/","title":{"rendered":"Phuket Boot Charter"},"content":{"rendered":"\n<p>Phuket Boot Charter &#8211; Die angenehmste M\u00f6glichkeit die Insel Phuket vom Wasser aus zu erkunden, ist mit einem privat gemieteten Boot. Eine Tour die nur auf Sie ausgelegt ist und wo ihre Bed\u00fcrfnisse im Vordergrund stehen. Kommen Sie an Bord und fahren Sie zu den sch\u00f6nsten Inseln rund um Phuket, in die Phang Nga Bay zum James Bond Felsen, zum schnorcheln nach Phi Phi Island oder zum <strong>Tauchen<\/strong> in den <strong>Similan Nationalpark<\/strong>. Schauen Sie sich um und <strong><a href=\"https:\/\/www.easydayphuket.com\/de\/kontakt\/\">Informieren<\/a><\/strong> Sie sich \u00fcber Ihre private Bootstour.<\/p>\n\n\n\n<figure class=\"wp-block-image alignleft\"><a href=\"https:\/\/www.easydayphuket.com\/wp-content\/uploads\/2014\/01\/Cherry-Pie-...-150x150.jpg\"><img loading=\"lazy\" decoding=\"async\" width=\"150\" height=\"150\" src=\"https:\/\/www.easydayphuket.com\/wp-content\/uploads\/2014\/01\/Cherry-Pie-...-150x150.jpg\" alt=\"Cherry Pie -. Phuket Boot Charter\" class=\"wp-image-7278\"\/><\/a><figcaption class=\"wp-element-caption\">Cherry Pie<\/figcaption><\/figure>\n\n\n\n<h2 class=\"wp-block-heading\"><a title=\"Cherry Pie\" href=\"https:\/\/www.easydayphuket.com\/de\/phuket-boot-charter\/cherry-pie\/\">Cherry Pie<\/a><\/h2>\n\n\n\n<p>Das perfekte Boot f\u00fcr eine Tour rund um Phuket, egal ob zum schnorcheln oder von einem zum anderen Strand. Die Cherry Pie ist sehr schnell und verf\u00fcgt \u00fcber einen ordentlichen Komfort. Ideales Boot f\u00fcr Touren in die Phang Nga Bay.<\/p>\n\n\n\n<p class=\"has-text-align-right\"><a title=\"Easy Day Contact Form\" href=\"https:\/\/www.easydayphuket.com\/de\/phuket-boot-charter\/cherry-pie\/#form\">Kontakt<\/a> | <a title=\"Cherry Pie\" href=\"https:\/\/www.easydayphuket.com\/de\/phuket-boot-charter\/cherry-pie\/\">Mehr Infos\u2026<\/a><\/p>\n\n\n<div class=\"divider\"><\/div>\n\n\n\n<figure class=\"wp-block-image alignleft\"><a href=\"https:\/\/www.easydayphuket.com\/phuket-boat-charters\/\"><img decoding=\"async\" src=\"https:\/\/www.easydayphuket.com\/wp-content\/uploads\/2013\/07\/yachts_chom_tawan1-150x121.jpg\" alt=\"Chom Tawan II - Phuket Charter Yacht\" class=\"wp-image-2167\"\/><\/a><figcaption class=\"wp-element-caption\">Chom Tawan II<\/figcaption><\/figure>\n\n\n\n<h2 class=\"wp-block-heading\"><a title=\"Phuket Yacht Charter \u2013 Chom Tawan II\" href=\"https:\/\/www.easydayphuket.com\/phuket-boat-charters\/\">Chom Tawan II<\/a><\/h2>\n\n\n\n<p>Die in Italien gebaute <strong>Azimut<\/strong>, ist eine 15 m lange luxuri\u00f6se Yacht die Gruppen bis zu 10 Personen auf Tagestour mitnehmen kann oder 6 Personen \u00fcber Nacht. Wer das Ausgefallene und <strong>Exklusive<\/strong> sucht, sollte sich das nicht entgehen lassen.<\/p>\n\n\n\n<p class=\"has-text-align-right\"><a title=\"Easy Day Contact Form\" href=\"https:\/\/www.easydayphuket.com\/phuket-boat-charters\/#form\">Kontakt<\/a> | <a title=\"Phuket Yacht Charter \u2013 Chom Tawan II\" href=\"https:\/\/www.easydayphuket.com\/phuket-boat-charters\/\">Mehr Infos\u2026<\/a><\/p>\n\n\n<div class=\"divider\"><\/div>\n\n\n\n<figure class=\"wp-block-image alignleft\"><a href=\"https:\/\/www.easydayphuket.com\/de\/phuket-boot-charter\/adamo\/\"><img loading=\"lazy\" decoding=\"async\" width=\"150\" height=\"150\" src=\"https:\/\/www.easydayphuket.com\/wp-content\/uploads\/2014\/01\/Adamo-150x150.jpg\" alt=\"Adamo\" class=\"wp-image-4259\"\/><\/a><figcaption class=\"wp-element-caption\">Adamo<\/figcaption><\/figure>\n\n\n\n<h2 class=\"wp-block-heading\"><a title=\"Adamo - Phuket Yacht Charter boat\" href=\"https:\/\/www.easydayphuket.com\/de\/phuket-boot-charter\/adamo\/\">Adamo<\/a><\/h2>\n\n\n\n<p>Ein Boot voller Luxus und Komfort mit einer Kapazit\u00e4t bis zu 6 Personen, die mehere Tage die Gew\u00e4sser der Andamanensee befahren m\u00f6chten. Die 16 m lange <strong>Integrity 55&nbsp;<\/strong> ist ausgelegt f\u00fcr Kreuzfahrten bis zu 14 Tagen.<\/p>\n\n\n\n<p class=\"has-text-align-right\"><a title=\"Easy Day Contact Form\" href=\"https:\/\/www.easydayphuket.com\/de\/phuket-boot-charter\/adamo\/#form\">Kontakt&nbsp;<\/a> | <a title=\"Adamo\" href=\"https:\/\/www.easydayphuket.com\/de\/phuket-boot-charter\/adamo\/\">Mehr Infos\u2026<\/a><\/p>\n\n\n<div class=\"divider\"><\/div>\n\n\n\n<figure class=\"wp-block-image alignleft\"><a href=\"https:\/\/www.easydayphuket.com\/phuket-boat-charters\/\"><img decoding=\"async\" src=\"https:\/\/farm8.staticflickr.com\/7301\/9659283959_8cdb1bb306_q.jpg\" alt=\"Maikhao Dream - A luxurios Phuket Charter yacht\"\/><\/a><figcaption class=\"wp-element-caption\">Maikhao Dream<\/figcaption><\/figure>\n\n\n\n<h2 class=\"wp-block-heading\"><a title=\"Maikhao Dream\" href=\"https:\/\/www.easydayphuket.com\/phuket-boat-charters\/\">Maikhao Dream<\/a><\/h2>\n\n\n\n<p>Die schnelle und elegante Maikhao Dream ist eine <strong>20 m<\/strong> lange <strong>Sunseeker <\/strong>und bringt Sie zu den sch\u00f6nsten Inseln der Andamanensee. Kommen Sie an Bord auf einer <strong>Tagestour<\/strong> mit bis zu <strong>12 G\u00e4sten<\/strong> oder auf eine Tour mit \u00dcbernachtung f\u00fcr 6 Personen.<\/p>\n\n\n\n<p class=\"has-text-align-right\"><a title=\"Easy Day Contact Form\" href=\"https:\/\/www.easydayphuket.com\/phuket-boat-charters\/#form\">Kontakt<\/a> | <a title=\"Maikhao Dream\" href=\"https:\/\/www.easydayphuket.com\/phuket-boat-charters\/\">Mehr Infos\u2026<\/a><\/p>\n\n\n<div class=\"divider\"><\/div>\n\n\n\n<h3 class=\"wp-block-heading\" id=\"form\">Phuket Boot Charter<\/h3>\n\n\n\n<p><strong>Die besten Preise f\u00fcr die besten Yachten<\/strong> &#8211; <a href=\"https:\/\/www.easydayphuket.com\/de\/kontakt\/\">Kostenlosen Angebot <strong>!<\/strong><\/a><\/p>\n\n\n\n<script charset=\"utf-8\" type=\"text\/javascript\" src=\"\/\/js.hsforms.net\/forms\/embed\/v2.js\"><\/script>\n<script>\n  hbspt.forms.create({\n    region: \"na1\",\n    portalId: \"3413662\",\n    formId: \"59765d47-ffdf-4452-a315-11081d03c004\"\n  });\n<\/script>\n\n\n\n<p><strong>Beliebte Ausflugsziele f\u00fcr einen Phuket Boot Charter<\/strong><\/p>\n\n\n\n<p>Erkunden Sie die wundersch\u00f6ne Andamanensee von Phuket aus mit einem unserer angebotenen Luxus Yachten. Erwarten tut Sie ein Paradies wie es unterschiedlicher nicht sein k\u00f6nnte. Es gibt wundersch\u00f6ne Str\u00e4nde mit fanatischem Sand und kristallklarem Wasser oder die Inselwelt der Phang Nga Bay mit seinen Mangroven und H\u00f6hlen. Die Phi Phi Inseln mit atemberaubenden Felsformationen gemischt mit Str\u00e4nden und tollen Tauchm\u00f6glichkeiten. Viele Inseln oder andere Sehensw\u00fcrdigkeiten sind durch unsere Yachten leicht zu erreichen. Schreiben Sie uns was Sie sich vorstellen und wir werden dann zusammen mit Ihnen einen Reiseroute ausarbeiten.<\/p>\n\n\n\n<p><strong>Phang Nga Bay<\/strong><\/p>\n\n\n\n<p>Richtung Nordosten von Phuket geht es nach einer kurzen Fahrt in den Nationalpark der Phang Nga Bay. Die 400 <span id=\"result_box\" class=\"\" lang=\"de\"><span class=\"hps\">km\u00b2 gro\u00dfe Landschaft ist ein Meisterwerk der Natur mit einem hauch aus l\u00e4ngst vergessenen Zeiten. Das Zusammenspiel der Inseln mit Ihren gigantischen Formationen und dem smaragdgr\u00fcnen Wasser ist ein wahres Wunder der Natur. Bekannt geworden ist die Gegend erst nach dem man dort den James Bond Film&nbsp; &#8222;Der Mann mit dem goldenen Colt&#8220; gedreht hat. Ein Ausflug der sich mit einer \u00dcbernachtung empfiehlt da es am Abend eine herrliche Stille hat. Einer der beliebtesten Ausfl\u00fcge f\u00fcr einen Phuket Boot Charter.<br><\/span><\/span><\/p>\n\n\n\n<p><strong>Krabi<\/strong><\/p>\n\n\n\n<p>Weiter \u00f6stlich zieht sich dann die Inselwelt in die Provinz von Krabi. Das Wasser wird immer klarer und man f\u00e4hrt hier an fantastischen Str\u00e4nden und beachtlichen Felsen vorbei. Eine Gegend die sehr beliebt bei Bergsteigern genauso wie bei Tauchern ist. Der bekannteste Strand ist der Rai-le Beach und die bekannteste Inselgruppe von Krabi sind die Phi Phi Inseln mit Ihrer bekannten Maya Bay. Dort wurde 1998 der Film <span id=\"result_box\" class=\"\" lang=\"de\"><span class=\"hps\"> &#8222;The Beach&#8220; mit Leonardo Di Caprio gedreht. Phi Phi Island ist nicht nur von der Natur her fantastisch sondern auch am Abend empfiehlt sich dort ein Landgang.<\/span><\/span><span id=\"result_box\" class=\"\" lang=\"de\"><\/span><\/p>\n\n\n\n<p><strong>Similan Inseln<\/strong><\/p>\n\n\n\n<p>Die Similan Inseln geh\u00f6ren zu den sch\u00f6nsten Tauchgebieten der Welt und sind jedes Jahr Ziel zahlreicher Reisenden. Befinden tut sich der Nationalpark 50 km westlich von Phuket und verf\u00fcgt \u00fcber wunderbares blaues Wasser mit subtropischen Inseln. Die Inseln bestehen teilweise aus gigantischen Granitfelsen die sich in das glasklare Wasser runter ziehen und somit perfekt zum schnorcheln oder tauchen sind. Eine tolle Unterwasserwelt bestehend aus \u00fcberwiegend Hartkorallen und einem Leben wie man es so um Phuket eigentlich nicht findet.<\/p>\n\n\n\n<p><strong>Surin Island<\/strong><\/p>\n\n\n\n<p>Eigentlich der entfernteste Nationalpark von Phuket, sind die Surin Inseln die kurz unterhalb der burmesischen Grenze liegen. Bestehend aus 5 Inseln findet man hier traumhafte Str\u00e4nde, klares Wasser in einer Idylle der Abgelegenheit. Die Inselgruppe wird bewohnt von den Mokken, die Mokken sind Seezigeuner die aus Indonesien stammen und sich auf den Surin Inseln niedergelassen haben. Ein wirklich sch\u00f6ner Nationalpark mit dem Unterschied das er eben kaum besucht wird da es doch schon etwas abgelegen ist. Ein idealer Ausflug F\u00fcr einen Phuket Boot Charter.<\/p>\n\n\n\n<p><strong>Koh Lanta<\/strong><\/p>\n\n\n\n<p>An der Westk\u00fcste der Andamanensee zwischen Krabi und Phi Phi Island umfasst das Archipel von Koh Lanta mehr als 70 Inseln. Die Hauptinsel ist 30 km lang und 6 km breit und hat sch\u00f6ne Str\u00e4nde und unterscheidet sich komplett von den anderen Inseln der Region. Dort ist es eher ein Familienurlaub und wirklich ziemlich ruhig im Gegensatz zu Phi Phi Island Krabi oder Phuket. Vor der Insel gibt es zahlreiche Tauch &amp; Schnorchel Pl\u00e4tze die ideal f\u00fcr Anf\u00e4nger und Kinder sind.<\/p>\n","protected":false},"excerpt":{"rendered":"<p>Phuket Boot Charter &#8211; Die angenehmste M\u00f6glichkeit die Insel Phuket vom Wasser aus zu erkunden, ist mit einem privat gemieteten Boot. Eine Tour die nur auf Sie ausgelegt ist und wo ihre Bed\u00fcrfnisse im Vordergrund stehen. Kommen Sie an Bord und fahren Sie zu den sch\u00f6nsten Inseln rund um Phuket, in die Phang Nga Bay [&hellip;]<\/p>\n","protected":false},"author":4,"featured_media":10936,"parent":0,"menu_order":0,"comment_status":"closed","ping_status":"closed","template":"template-fullwidth.php","meta":{"_acf_changed":false,"_et_pb_use_builder":"","_et_pb_old_content":"","_et_gb_content_width":"","footnotes":""},"class_list":["post-10516","page","type-page","status-publish","has-post-thumbnail","hentry"],"acf":[],"yoast_head":"<!-- This site is optimized with the Yoast SEO plugin v25.1 - https:\/\/yoast.com\/wordpress\/plugins\/seo\/ -->\n<title>Phuket Boot Charter - Tauchen, Schnorcheln, Fischen &amp; Geniessen<\/title>\n<meta name=\"description\" content=\"Easy Day Phuket Boot Charter hat eine gro\u00dfe Auswahl an Booten f\u00fcr einen Tages oder aber auch f\u00fcr Mehrtagesausfl\u00fcge im Programm.\" \/>\n<meta name=\"robots\" content=\"index, follow, max-snippet:-1, max-image-preview:large, max-video-preview:-1\" \/>\n<link rel=\"canonical\" href=\"https:\/\/www.easydayphuket.com\/de\/phuket-boot-charter\/\" \/>\n<meta property=\"og:locale\" content=\"de_DE\" \/>\n<meta property=\"og:type\" content=\"article\" \/>\n<meta property=\"og:title\" content=\"Phuket Boot Charter - Tauchen, Schnorcheln, Fischen &amp; Geniessen\" \/>\n<meta property=\"og:description\" content=\"Easy Day Phuket Boot Charter hat eine gro\u00dfe Auswahl an Booten f\u00fcr einen Tages oder aber auch f\u00fcr Mehrtagesausfl\u00fcge im Programm.\" \/>\n<meta property=\"og:url\" content=\"https:\/\/www.easydayphuket.com\/de\/phuket-boot-charter\/\" \/>\n<meta property=\"og:site_name\" content=\"Easy Day Phuket\" \/>\n<meta property=\"article:publisher\" content=\"https:\/\/www.facebook.com\/Easydayinthailand\/\" \/>\n<meta property=\"article:modified_time\" content=\"2024-05-14T18:06:21+00:00\" \/>\n<meta property=\"og:image\" content=\"https:\/\/www.easydayphuket.com\/wp-content\/uploads\/2015\/06\/MY-Victory-cruising.jpg\" \/>\n\t<meta property=\"og:image:width\" content=\"636\" \/>\n\t<meta property=\"og:image:height\" content=\"448\" \/>\n\t<meta property=\"og:image:type\" content=\"image\/jpeg\" \/>\n<meta name=\"twitter:label1\" content=\"Gesch\u00e4tzte Lesezeit\" \/>\n\t<meta name=\"twitter:data1\" content=\"5\u00a0Minuten\" \/>\n<script type=\"application\/ld+json\" class=\"yoast-schema-graph\">{\"@context\":\"https:\/\/schema.org\",\"@graph\":[{\"@type\":\"WebPage\",\"@id\":\"https:\/\/www.easydayphuket.com\/de\/phuket-boot-charter\/\",\"url\":\"https:\/\/www.easydayphuket.com\/de\/phuket-boot-charter\/\",\"name\":\"Phuket Boot Charter - Tauchen, Schnorcheln, Fischen & Geniessen\",\"isPartOf\":{\"@id\":\"https:\/\/www.easydayphuket.com\/#website\"},\"primaryImageOfPage\":{\"@id\":\"https:\/\/www.easydayphuket.com\/de\/phuket-boot-charter\/#primaryimage\"},\"image\":{\"@id\":\"https:\/\/www.easydayphuket.com\/de\/phuket-boot-charter\/#primaryimage\"},\"thumbnailUrl\":\"https:\/\/www.easydayphuket.com\/wp-content\/uploads\/2015\/06\/MY-Victory-cruising.jpg\",\"datePublished\":\"2015-06-19T06:55:17+00:00\",\"dateModified\":\"2024-05-14T18:06:21+00:00\",\"description\":\"Easy Day Phuket Boot Charter hat eine gro\u00dfe Auswahl an Booten f\u00fcr einen Tages oder aber auch f\u00fcr Mehrtagesausfl\u00fcge im Programm.\",\"breadcrumb\":{\"@id\":\"https:\/\/www.easydayphuket.com\/de\/phuket-boot-charter\/#breadcrumb\"},\"inLanguage\":\"de\",\"potentialAction\":[{\"@type\":\"ReadAction\",\"target\":[\"https:\/\/www.easydayphuket.com\/de\/phuket-boot-charter\/\"]}]},{\"@type\":\"ImageObject\",\"inLanguage\":\"de\",\"@id\":\"https:\/\/www.easydayphuket.com\/de\/phuket-boot-charter\/#primaryimage\",\"url\":\"https:\/\/www.easydayphuket.com\/wp-content\/uploads\/2015\/06\/MY-Victory-cruising.jpg\",\"contentUrl\":\"https:\/\/www.easydayphuket.com\/wp-content\/uploads\/2015\/06\/MY-Victory-cruising.jpg\",\"width\":636,\"height\":448,\"caption\":\"MY Victory - Luxus Yacht Charter Phuket\"},{\"@type\":\"BreadcrumbList\",\"@id\":\"https:\/\/www.easydayphuket.com\/de\/phuket-boot-charter\/#breadcrumb\",\"itemListElement\":[{\"@type\":\"ListItem\",\"position\":1,\"name\":\"Home\",\"item\":\"https:\/\/www.easydayphuket.com\/de\/\"},{\"@type\":\"ListItem\",\"position\":2,\"name\":\"Phuket Boot Charter\"}]},{\"@type\":\"WebSite\",\"@id\":\"https:\/\/www.easydayphuket.com\/#website\",\"url\":\"https:\/\/www.easydayphuket.com\/\",\"name\":\"Easy Day Phuket\",\"description\":\"Ihr Phuket Tour & Reise Partner\",\"publisher\":{\"@id\":\"https:\/\/www.easydayphuket.com\/#organization\"},\"potentialAction\":[{\"@type\":\"SearchAction\",\"target\":{\"@type\":\"EntryPoint\",\"urlTemplate\":\"https:\/\/www.easydayphuket.com\/?s={search_term_string}\"},\"query-input\":{\"@type\":\"PropertyValueSpecification\",\"valueRequired\":true,\"valueName\":\"search_term_string\"}}],\"inLanguage\":\"de\"},{\"@type\":\"Organization\",\"@id\":\"https:\/\/www.easydayphuket.com\/#organization\",\"name\":\"Easy Day Thailand\",\"url\":\"https:\/\/www.easydayphuket.com\/\",\"logo\":{\"@type\":\"ImageObject\",\"inLanguage\":\"de\",\"@id\":\"https:\/\/www.easydayphuket.com\/#\/schema\/logo\/image\/\",\"url\":\"https:\/\/www.easydayphuket.com\/wp-content\/uploads\/2013\/07\/Sun-Thaiflag_booking12.gif\",\"contentUrl\":\"https:\/\/www.easydayphuket.com\/wp-content\/uploads\/2013\/07\/Sun-Thaiflag_booking12.gif\",\"width\":100,\"height\":94,\"caption\":\"Easy Day Thailand\"},\"image\":{\"@id\":\"https:\/\/www.easydayphuket.com\/#\/schema\/logo\/image\/\"},\"sameAs\":[\"https:\/\/www.facebook.com\/Easydayinthailand\/\",\"https:\/\/www.instagram.com\/easydaythailand\/\"]}]}<\/script>\n<!-- \/ Yoast SEO plugin. -->","yoast_head_json":{"title":"Phuket Boot Charter - Tauchen, Schnorcheln, Fischen & Geniessen","description":"Easy Day Phuket Boot Charter hat eine gro\u00dfe Auswahl an Booten f\u00fcr einen Tages oder aber auch f\u00fcr Mehrtagesausfl\u00fcge im Programm.","robots":{"index":"index","follow":"follow","max-snippet":"max-snippet:-1","max-image-preview":"max-image-preview:large","max-video-preview":"max-video-preview:-1"},"canonical":"https:\/\/www.easydayphuket.com\/de\/phuket-boot-charter\/","og_locale":"de_DE","og_type":"article","og_title":"Phuket Boot Charter - Tauchen, Schnorcheln, Fischen & Geniessen","og_description":"Easy Day Phuket Boot Charter hat eine gro\u00dfe Auswahl an Booten f\u00fcr einen Tages oder aber auch f\u00fcr Mehrtagesausfl\u00fcge im Programm.","og_url":"https:\/\/www.easydayphuket.com\/de\/phuket-boot-charter\/","og_site_name":"Easy Day Phuket","article_publisher":"https:\/\/www.facebook.com\/Easydayinthailand\/","article_modified_time":"2024-05-14T18:06:21+00:00","og_image":[{"width":636,"height":448,"url":"https:\/\/www.easydayphuket.com\/wp-content\/uploads\/2015\/06\/MY-Victory-cruising.jpg","type":"image\/jpeg"}],"twitter_misc":{"Gesch\u00e4tzte Lesezeit":"5\u00a0Minuten"},"schema":{"@context":"https:\/\/schema.org","@graph":[{"@type":"WebPage","@id":"https:\/\/www.easydayphuket.com\/de\/phuket-boot-charter\/","url":"https:\/\/www.easydayphuket.com\/de\/phuket-boot-charter\/","name":"Phuket Boot Charter - Tauchen, Schnorcheln, Fischen & Geniessen","isPartOf":{"@id":"https:\/\/www.easydayphuket.com\/#website"},"primaryImageOfPage":{"@id":"https:\/\/www.easydayphuket.com\/de\/phuket-boot-charter\/#primaryimage"},"image":{"@id":"https:\/\/www.easydayphuket.com\/de\/phuket-boot-charter\/#primaryimage"},"thumbnailUrl":"https:\/\/www.easydayphuket.com\/wp-content\/uploads\/2015\/06\/MY-Victory-cruising.jpg","datePublished":"2015-06-19T06:55:17+00:00","dateModified":"2024-05-14T18:06:21+00:00","description":"Easy Day Phuket Boot Charter hat eine gro\u00dfe Auswahl an Booten f\u00fcr einen Tages oder aber auch f\u00fcr Mehrtagesausfl\u00fcge im Programm.","breadcrumb":{"@id":"https:\/\/www.easydayphuket.com\/de\/phuket-boot-charter\/#breadcrumb"},"inLanguage":"de","potentialAction":[{"@type":"ReadAction","target":["https:\/\/www.easydayphuket.com\/de\/phuket-boot-charter\/"]}]},{"@type":"ImageObject","inLanguage":"de","@id":"https:\/\/www.easydayphuket.com\/de\/phuket-boot-charter\/#primaryimage","url":"https:\/\/www.easydayphuket.com\/wp-content\/uploads\/2015\/06\/MY-Victory-cruising.jpg","contentUrl":"https:\/\/www.easydayphuket.com\/wp-content\/uploads\/2015\/06\/MY-Victory-cruising.jpg","width":636,"height":448,"caption":"MY Victory - Luxus Yacht Charter Phuket"},{"@type":"BreadcrumbList","@id":"https:\/\/www.easydayphuket.com\/de\/phuket-boot-charter\/#breadcrumb","itemListElement":[{"@type":"ListItem","position":1,"name":"Home","item":"https:\/\/www.easydayphuket.com\/de\/"},{"@type":"ListItem","position":2,"name":"Phuket Boot Charter"}]},{"@type":"WebSite","@id":"https:\/\/www.easydayphuket.com\/#website","url":"https:\/\/www.easydayphuket.com\/","name":"Easy Day Phuket","description":"Ihr Phuket Tour & Reise Partner","publisher":{"@id":"https:\/\/www.easydayphuket.com\/#organization"},"potentialAction":[{"@type":"SearchAction","target":{"@type":"EntryPoint","urlTemplate":"https:\/\/www.easydayphuket.com\/?s={search_term_string}"},"query-input":{"@type":"PropertyValueSpecification","valueRequired":true,"valueName":"search_term_string"}}],"inLanguage":"de"},{"@type":"Organization","@id":"https:\/\/www.easydayphuket.com\/#organization","name":"Easy Day Thailand","url":"https:\/\/www.easydayphuket.com\/","logo":{"@type":"ImageObject","inLanguage":"de","@id":"https:\/\/www.easydayphuket.com\/#\/schema\/logo\/image\/","url":"https:\/\/www.easydayphuket.com\/wp-content\/uploads\/2013\/07\/Sun-Thaiflag_booking12.gif","contentUrl":"https:\/\/www.easydayphuket.com\/wp-content\/uploads\/2013\/07\/Sun-Thaiflag_booking12.gif","width":100,"height":94,"caption":"Easy Day Thailand"},"image":{"@id":"https:\/\/www.easydayphuket.com\/#\/schema\/logo\/image\/"},"sameAs":["https:\/\/www.facebook.com\/Easydayinthailand\/","https:\/\/www.instagram.com\/easydaythailand\/"]}]}},"_links":{"self":[{"href":"https:\/\/www.easydayphuket.com\/de\/wp-json\/wp\/v2\/pages\/10516","targetHints":{"allow":["GET"]}}],"collection":[{"href":"https:\/\/www.easydayphuket.com\/de\/wp-json\/wp\/v2\/pages"}],"about":[{"href":"https:\/\/www.easydayphuket.com\/de\/wp-json\/wp\/v2\/types\/page"}],"author":[{"embeddable":true,"href":"https:\/\/www.easydayphuket.com\/de\/wp-json\/wp\/v2\/users\/4"}],"replies":[{"embeddable":true,"href":"https:\/\/www.easydayphuket.com\/de\/wp-json\/wp\/v2\/comments?post=10516"}],"version-history":[{"count":0,"href":"https:\/\/www.easydayphuket.com\/de\/wp-json\/wp\/v2\/pages\/10516\/revisions"}],"wp:featuredmedia":[{"embeddable":true,"href":"https:\/\/www.easydayphuket.com\/de\/wp-json\/wp\/v2\/media\/10936"}],"wp:attachment":[{"href":"https:\/\/www.easydayphuket.com\/de\/wp-json\/wp\/v2\/media?parent=10516"}],"curies":[{"name":"wp","href":"https:\/\/api.w.org\/{rel}","templated":true}]}}