{"id":10485,"date":"2015-06-07T14:57:45","date_gmt":"2015-06-07T07:57:45","guid":{"rendered":"https:\/\/www.easydayphuket.com\/?page_id=10485"},"modified":"2024-05-25T01:34:15","modified_gmt":"2024-05-24T18:34:15","slug":"phuket-minigolf","status":"publish","type":"page","link":"https:\/\/www.easydayphuket.com\/de\/phuket-unternehmungen\/phuket-minigolf\/","title":{"rendered":"Phuket Minigolf"},"content":{"rendered":"\n<figure class=\"wp-block-image alignright wp-image-2334 size-full\"><img loading=\"lazy\" decoding=\"async\" width=\"240\" height=\"160\" src=\"https:\/\/www.easydayphuket.com\/wp-content\/uploads\/2013\/09\/Boys-playing-Mini-Golf-1-e1378883492698.jpg\" alt=\"Die Kinder beim Phuket Minigolf\" class=\"wp-image-2334\"\/><figcaption class=\"wp-element-caption\">Phuket Minigolf Kurs<\/figcaption><\/figure>\n\n\n\n<p>Das <strong>Phuket Minigolf<\/strong> in Bang Tao Beach ist was f\u00fcr G\u00e4ste die auch mal die Abwechslung zum Strand suchen. Die Anlage verf\u00fcgt \u00fcber 18 Bahnen und ist eine Herausforderung f\u00fcr Jung und Alt. Hier k\u00f6nnen auch richtige Golfer ihre Spielk\u00fcnste unter Beweis stellen.<\/p>\n\n\n\n<ul class=\"wp-block-list\">\n<li>T\u00e4gliche \u00d6ffnungszeiten von 11.00 bis 23.00 Uhr<\/li>\n\n\n\n<li>Das Phuket Minigolf Restaurant hat eine sehr gute thail\u00e4ndische und europ\u00e4ische K\u00fcche mit einer gut sortierten Bar.<\/li>\n\n\n\n<li><strong>Optimal f\u00fcr Gruppen und Familien<\/strong>.<\/li>\n\n\n\n<li>Drei verschiedene gr\u00f6\u00dfen Schl\u00e4ger.<\/li>\n\n\n\n<li>Kindergeburtstag Partyangebot &#8211; <a title=\"Phuket Mini Golf \u2013 Children Birthday Party Special\" href=\"https:\/\/www.easydayphuket.com\/phuket-mini-golf-children-birthday-party-special\/\">Mehr Infos&#8230;<\/a><\/li>\n<\/ul>\n\n\n<p><strong>Preise in Thai Baht pro Person<\/strong>:<strong>\u00a0 700 | Kinder (4-11Jahren) 500\u00a0 <a href=\"#form\">&gt;&gt;\u00a0Buchen \/ Kontakt<\/a><\/strong> <strong>Spasspaket:<\/strong> \u00a0<strong>1,200 | Kinder (4-11Jahren) 1,000<\/strong> <\/p>\n\n\n\n<p><strong>Minigolf inklusive:<\/strong><\/p>\n\n\n<ul>\n<li>Platzgeb\u00fchr<\/li>\n<li>Unbegrenzte Spielzeit<\/li>\n<li>Drei Schl\u00e4gergr\u00f6\u00dfen<\/li>\n<li>1 Flasche Wasser oder alkohlfreies Getr\u00e4nk<\/li>\n<li>1 kaltes Handtuch nach dem Spiel<\/li>\n<li><em><strong>Im Spasspaket enthalten:<\/strong><\/em>\n<ul>\n<li>Hamburger mit Pommes Frites oder eine gro\u00dfe Pizza.<\/li>\n<li>Hoteltransfer in den hier aufgef\u00fchrten Orten;\u00a0Layan, Nai Yang, Cherngtalay, Bangtao, Surin, Laem Sing, Kamala, Kalim, Patong. Von anderen Orten, zus\u00e4tzlich 200 THB pro Person.<\/li>\n<\/ul>\n\n\n\n<p class=\"has-text-align-right\"><a href='#form' class='small-button smallblue'>Buchen \/ Kontakt<\/a><\/p>\n\n\n\n<p class=\"has-text-align-left\">Buchen Sie eine runde Phuket Minigolf als einzelnes oder verbinden Sie es mit einer <a href=\"https:\/\/www.easydayphuket.com\/de\/phuket-ausfluege\/private-phuket-inselrundfahrt\/\">Phuket Inselrundfahrt<\/a>. Wir haben viele M\u00f6glichkeite unsere Touren zu kombinieren. Wir haben auch noch andere Aktivit\u00e4ten die Sie bei uns im Angebot finden. Informieren sie sich hier, <a href=\"https:\/\/www.easydayphuket.com\/de\/phuket-unternehmungen\/\">Mehr Infos<\/a>.<\/p>\n\n\n<p>[wzslider autoplay=&#8220;true&#8220; info=&#8220;true&#8220;]<\/p>\n\n\n\n<p>Mehr zum <a title=\"Phuket Mini Golf Images on Flickr\" href=\"https:\/\/www.flickr.com\/photos\/easydaythailand\/sets\/72157635865800365\/\" target=\"_blank\" rel=\"noopener\">Phuket Minigolf Abenteuer&#8230;<\/a><\/p>\n\n\n\n<h2 class=\"wp-block-heading\" id=\"form\">Kontakt f\u00fcr Ihr Phuket Minigolf Abenteuer<\/h2>\n\n\n\n<script charset=\"utf-8\" type=\"text\/javascript\" src=\"\/\/js.hsforms.net\/forms\/embed\/v2.js\"><\/script>\n<script>\n  hbspt.forms.create({\n    region: \"na1\",\n    portalId: \"3413662\",\n    formId: \"59765d47-ffdf-4452-a315-11081d03c004\"\n  });\n<\/script>\n","protected":false},"excerpt":{"rendered":"<p>Das Phuket Minigolf in Bang Tao Beach ist was f\u00fcr G\u00e4ste die auch mal die Abwechslung zum Strand suchen. Die Anlage verf\u00fcgt \u00fcber 18 Bahnen und ist eine Herausforderung f\u00fcr Jung und Alt. Hier k\u00f6nnen auch richtige Golfer ihre Spielk\u00fcnste unter Beweis stellen. Minigolf inklusive: Buchen Sie eine runde Phuket Minigolf als einzelnes oder verbinden [&hellip;]<\/p>\n","protected":false},"author":4,"featured_media":0,"parent":10326,"menu_order":0,"comment_status":"closed","ping_status":"closed","template":"","meta":{"_acf_changed":false,"_et_pb_use_builder":"","_et_pb_old_content":"","_et_gb_content_width":"","footnotes":""},"class_list":["post-10485","page","type-page","status-publish","hentry"],"acf":[],"yoast_head":"<!-- This site is optimized with the Yoast SEO plugin v25.1 - https:\/\/yoast.com\/wordpress\/plugins\/seo\/ -->\n<title>Phuket Minigolf empfohlen von Easy Day Phuket Tours<\/title>\n<meta name=\"description\" content=\"Das Phuket Minigolf ist ein Spass f\u00fcr die ganze Familie und Freunde. Kommen Sie mit uns auf die Minigolfanlage\" \/>\n<meta name=\"robots\" content=\"index, follow, max-snippet:-1, max-image-preview:large, max-video-preview:-1\" \/>\n<link rel=\"canonical\" href=\"https:\/\/www.easydayphuket.com\/de\/phuket-unternehmungen\/phuket-minigolf\/\" \/>\n<meta property=\"og:locale\" content=\"de_DE\" \/>\n<meta property=\"og:type\" content=\"article\" \/>\n<meta property=\"og:title\" content=\"Phuket Minigolf empfohlen von Easy Day Phuket Tours\" \/>\n<meta property=\"og:description\" content=\"Das Phuket Minigolf ist ein Spass f\u00fcr die ganze Familie und Freunde. Kommen Sie mit uns auf die Minigolfanlage\" \/>\n<meta property=\"og:url\" content=\"https:\/\/www.easydayphuket.com\/de\/phuket-unternehmungen\/phuket-minigolf\/\" \/>\n<meta property=\"og:site_name\" content=\"Easy Day Phuket\" \/>\n<meta property=\"article:publisher\" content=\"https:\/\/www.facebook.com\/Easydayinthailand\/\" \/>\n<meta property=\"article:modified_time\" content=\"2024-05-24T18:34:15+00:00\" \/>\n<meta property=\"og:image\" content=\"https:\/\/www.easydayphuket.com\/wp-content\/uploads\/2013\/09\/Boys-playing-Mini-Golf-1-e1378883492698.jpg\" \/>\n<meta name=\"twitter:label1\" content=\"Gesch\u00e4tzte Lesezeit\" \/>\n\t<meta name=\"twitter:data1\" content=\"2\u00a0Minuten\" \/>\n<script type=\"application\/ld+json\" class=\"yoast-schema-graph\">{\"@context\":\"https:\/\/schema.org\",\"@graph\":[{\"@type\":\"WebPage\",\"@id\":\"https:\/\/www.easydayphuket.com\/de\/phuket-unternehmungen\/phuket-minigolf\/\",\"url\":\"https:\/\/www.easydayphuket.com\/de\/phuket-unternehmungen\/phuket-minigolf\/\",\"name\":\"Phuket Minigolf empfohlen von Easy Day Phuket Tours\",\"isPartOf\":{\"@id\":\"https:\/\/www.easydayphuket.com\/#website\"},\"primaryImageOfPage\":{\"@id\":\"https:\/\/www.easydayphuket.com\/de\/phuket-unternehmungen\/phuket-minigolf\/#primaryimage\"},\"image\":{\"@id\":\"https:\/\/www.easydayphuket.com\/de\/phuket-unternehmungen\/phuket-minigolf\/#primaryimage\"},\"thumbnailUrl\":\"https:\/\/www.easydayphuket.com\/wp-content\/uploads\/2013\/09\/Boys-playing-Mini-Golf-1-e1378883492698.jpg\",\"datePublished\":\"2015-06-07T07:57:45+00:00\",\"dateModified\":\"2024-05-24T18:34:15+00:00\",\"description\":\"Das Phuket Minigolf ist ein Spass f\u00fcr die ganze Familie und Freunde. Kommen Sie mit uns auf die Minigolfanlage\",\"breadcrumb\":{\"@id\":\"https:\/\/www.easydayphuket.com\/de\/phuket-unternehmungen\/phuket-minigolf\/#breadcrumb\"},\"inLanguage\":\"de\",\"potentialAction\":[{\"@type\":\"ReadAction\",\"target\":[\"https:\/\/www.easydayphuket.com\/de\/phuket-unternehmungen\/phuket-minigolf\/\"]}]},{\"@type\":\"ImageObject\",\"inLanguage\":\"de\",\"@id\":\"https:\/\/www.easydayphuket.com\/de\/phuket-unternehmungen\/phuket-minigolf\/#primaryimage\",\"url\":\"https:\/\/www.easydayphuket.com\/wp-content\/uploads\/2013\/09\/Boys-playing-Mini-Golf-1-e1378883492698.jpg\",\"contentUrl\":\"https:\/\/www.easydayphuket.com\/wp-content\/uploads\/2013\/09\/Boys-playing-Mini-Golf-1-e1378883492698.jpg\"},{\"@type\":\"BreadcrumbList\",\"@id\":\"https:\/\/www.easydayphuket.com\/de\/phuket-unternehmungen\/phuket-minigolf\/#breadcrumb\",\"itemListElement\":[{\"@type\":\"ListItem\",\"position\":1,\"name\":\"Home\",\"item\":\"https:\/\/www.easydayphuket.com\/de\/\"},{\"@type\":\"ListItem\",\"position\":2,\"name\":\"Phuket Unternehmungen\",\"item\":\"https:\/\/www.easydayphuket.com\/de\/phuket-unternehmungen\/\"},{\"@type\":\"ListItem\",\"position\":3,\"name\":\"Phuket Minigolf\"}]},{\"@type\":\"WebSite\",\"@id\":\"https:\/\/www.easydayphuket.com\/#website\",\"url\":\"https:\/\/www.easydayphuket.com\/\",\"name\":\"Easy Day Phuket\",\"description\":\"Ihr Phuket Tour & Reise Partner\",\"publisher\":{\"@id\":\"https:\/\/www.easydayphuket.com\/#organization\"},\"potentialAction\":[{\"@type\":\"SearchAction\",\"target\":{\"@type\":\"EntryPoint\",\"urlTemplate\":\"https:\/\/www.easydayphuket.com\/?s={search_term_string}\"},\"query-input\":{\"@type\":\"PropertyValueSpecification\",\"valueRequired\":true,\"valueName\":\"search_term_string\"}}],\"inLanguage\":\"de\"},{\"@type\":\"Organization\",\"@id\":\"https:\/\/www.easydayphuket.com\/#organization\",\"name\":\"Easy Day Thailand\",\"url\":\"https:\/\/www.easydayphuket.com\/\",\"logo\":{\"@type\":\"ImageObject\",\"inLanguage\":\"de\",\"@id\":\"https:\/\/www.easydayphuket.com\/#\/schema\/logo\/image\/\",\"url\":\"https:\/\/www.easydayphuket.com\/wp-content\/uploads\/2013\/07\/Sun-Thaiflag_booking12.gif\",\"contentUrl\":\"https:\/\/www.easydayphuket.com\/wp-content\/uploads\/2013\/07\/Sun-Thaiflag_booking12.gif\",\"width\":100,\"height\":94,\"caption\":\"Easy Day Thailand\"},\"image\":{\"@id\":\"https:\/\/www.easydayphuket.com\/#\/schema\/logo\/image\/\"},\"sameAs\":[\"https:\/\/www.facebook.com\/Easydayinthailand\/\",\"https:\/\/www.instagram.com\/easydaythailand\/\"]}]}<\/script>\n<!-- \/ Yoast SEO plugin. -->","yoast_head_json":{"title":"Phuket Minigolf empfohlen von Easy Day Phuket Tours","description":"Das Phuket Minigolf ist ein Spass f\u00fcr die ganze Familie und Freunde. Kommen Sie mit uns auf die Minigolfanlage","robots":{"index":"index","follow":"follow","max-snippet":"max-snippet:-1","max-image-preview":"max-image-preview:large","max-video-preview":"max-video-preview:-1"},"canonical":"https:\/\/www.easydayphuket.com\/de\/phuket-unternehmungen\/phuket-minigolf\/","og_locale":"de_DE","og_type":"article","og_title":"Phuket Minigolf empfohlen von Easy Day Phuket Tours","og_description":"Das Phuket Minigolf ist ein Spass f\u00fcr die ganze Familie und Freunde. Kommen Sie mit uns auf die Minigolfanlage","og_url":"https:\/\/www.easydayphuket.com\/de\/phuket-unternehmungen\/phuket-minigolf\/","og_site_name":"Easy Day Phuket","article_publisher":"https:\/\/www.facebook.com\/Easydayinthailand\/","article_modified_time":"2024-05-24T18:34:15+00:00","og_image":[{"url":"https:\/\/www.easydayphuket.com\/wp-content\/uploads\/2013\/09\/Boys-playing-Mini-Golf-1-e1378883492698.jpg","type":"","width":"","height":""}],"twitter_misc":{"Gesch\u00e4tzte Lesezeit":"2\u00a0Minuten"},"schema":{"@context":"https:\/\/schema.org","@graph":[{"@type":"WebPage","@id":"https:\/\/www.easydayphuket.com\/de\/phuket-unternehmungen\/phuket-minigolf\/","url":"https:\/\/www.easydayphuket.com\/de\/phuket-unternehmungen\/phuket-minigolf\/","name":"Phuket Minigolf empfohlen von Easy Day Phuket Tours","isPartOf":{"@id":"https:\/\/www.easydayphuket.com\/#website"},"primaryImageOfPage":{"@id":"https:\/\/www.easydayphuket.com\/de\/phuket-unternehmungen\/phuket-minigolf\/#primaryimage"},"image":{"@id":"https:\/\/www.easydayphuket.com\/de\/phuket-unternehmungen\/phuket-minigolf\/#primaryimage"},"thumbnailUrl":"https:\/\/www.easydayphuket.com\/wp-content\/uploads\/2013\/09\/Boys-playing-Mini-Golf-1-e1378883492698.jpg","datePublished":"2015-06-07T07:57:45+00:00","dateModified":"2024-05-24T18:34:15+00:00","description":"Das Phuket Minigolf ist ein Spass f\u00fcr die ganze Familie und Freunde. Kommen Sie mit uns auf die Minigolfanlage","breadcrumb":{"@id":"https:\/\/www.easydayphuket.com\/de\/phuket-unternehmungen\/phuket-minigolf\/#breadcrumb"},"inLanguage":"de","potentialAction":[{"@type":"ReadAction","target":["https:\/\/www.easydayphuket.com\/de\/phuket-unternehmungen\/phuket-minigolf\/"]}]},{"@type":"ImageObject","inLanguage":"de","@id":"https:\/\/www.easydayphuket.com\/de\/phuket-unternehmungen\/phuket-minigolf\/#primaryimage","url":"https:\/\/www.easydayphuket.com\/wp-content\/uploads\/2013\/09\/Boys-playing-Mini-Golf-1-e1378883492698.jpg","contentUrl":"https:\/\/www.easydayphuket.com\/wp-content\/uploads\/2013\/09\/Boys-playing-Mini-Golf-1-e1378883492698.jpg"},{"@type":"BreadcrumbList","@id":"https:\/\/www.easydayphuket.com\/de\/phuket-unternehmungen\/phuket-minigolf\/#breadcrumb","itemListElement":[{"@type":"ListItem","position":1,"name":"Home","item":"https:\/\/www.easydayphuket.com\/de\/"},{"@type":"ListItem","position":2,"name":"Phuket Unternehmungen","item":"https:\/\/www.easydayphuket.com\/de\/phuket-unternehmungen\/"},{"@type":"ListItem","position":3,"name":"Phuket Minigolf"}]},{"@type":"WebSite","@id":"https:\/\/www.easydayphuket.com\/#website","url":"https:\/\/www.easydayphuket.com\/","name":"Easy Day Phuket","description":"Ihr Phuket Tour & Reise Partner","publisher":{"@id":"https:\/\/www.easydayphuket.com\/#organization"},"potentialAction":[{"@type":"SearchAction","target":{"@type":"EntryPoint","urlTemplate":"https:\/\/www.easydayphuket.com\/?s={search_term_string}"},"query-input":{"@type":"PropertyValueSpecification","valueRequired":true,"valueName":"search_term_string"}}],"inLanguage":"de"},{"@type":"Organization","@id":"https:\/\/www.easydayphuket.com\/#organization","name":"Easy Day Thailand","url":"https:\/\/www.easydayphuket.com\/","logo":{"@type":"ImageObject","inLanguage":"de","@id":"https:\/\/www.easydayphuket.com\/#\/schema\/logo\/image\/","url":"https:\/\/www.easydayphuket.com\/wp-content\/uploads\/2013\/07\/Sun-Thaiflag_booking12.gif","contentUrl":"https:\/\/www.easydayphuket.com\/wp-content\/uploads\/2013\/07\/Sun-Thaiflag_booking12.gif","width":100,"height":94,"caption":"Easy Day Thailand"},"image":{"@id":"https:\/\/www.easydayphuket.com\/#\/schema\/logo\/image\/"},"sameAs":["https:\/\/www.facebook.com\/Easydayinthailand\/","https:\/\/www.instagram.com\/easydaythailand\/"]}]}},"_links":{"self":[{"href":"https:\/\/www.easydayphuket.com\/de\/wp-json\/wp\/v2\/pages\/10485","targetHints":{"allow":["GET"]}}],"collection":[{"href":"https:\/\/www.easydayphuket.com\/de\/wp-json\/wp\/v2\/pages"}],"about":[{"href":"https:\/\/www.easydayphuket.com\/de\/wp-json\/wp\/v2\/types\/page"}],"author":[{"embeddable":true,"href":"https:\/\/www.easydayphuket.com\/de\/wp-json\/wp\/v2\/users\/4"}],"replies":[{"embeddable":true,"href":"https:\/\/www.easydayphuket.com\/de\/wp-json\/wp\/v2\/comments?post=10485"}],"version-history":[{"count":0,"href":"https:\/\/www.easydayphuket.com\/de\/wp-json\/wp\/v2\/pages\/10485\/revisions"}],"up":[{"embeddable":true,"href":"https:\/\/www.easydayphuket.com\/de\/wp-json\/wp\/v2\/pages\/10326"}],"wp:attachment":[{"href":"https:\/\/www.easydayphuket.com\/de\/wp-json\/wp\/v2\/media?parent=10485"}],"curies":[{"name":"wp","href":"https:\/\/api.w.org\/{rel}","templated":true}]}}