{"id":10466,"date":"2015-06-05T17:09:07","date_gmt":"2015-06-05T10:09:07","guid":{"rendered":"https:\/\/www.easydayphuket.com\/?page_id=10466"},"modified":"2024-05-15T01:04:56","modified_gmt":"2024-05-14T18:04:56","slug":"tauchen-racha-island","status":"publish","type":"page","link":"https:\/\/www.easydayphuket.com\/de\/phuket-ausfluege\/racha-island-tours\/tauchen-racha-island\/","title":{"rendered":"Tauchen Racha Island"},"content":{"rendered":"\n<figure class=\"wp-block-image alignright\"><a href=\"https:\/\/www.flickr.com\/photos\/easydaythailand\/sets\/72157634723469201\/\" rel=\"noopener noreferrer\"><img decoding=\"async\" src=\"https:\/\/farm6.staticflickr.com\/5517\/9347944490_de30991f67_m.jpg\" alt=\"Tauchen Racha Yai\"\/><\/a><figcaption class=\"wp-element-caption\">Raya Yai, gute Tauchplaetze<\/figcaption><\/figure>\n\n\n\n<p>Tauchen Racha Island mit dem komfortabelsten Tagestourboot von Phuket, findet jeden Dienstag und Samstag statt. Wir haben ein paar gute Argumente warum Sie bei uns an Bord kommen sollten.<\/p>\n\n\n\n<ul class=\"wp-block-list\">\n<li><strong>Kostenlos Nitrox <\/strong>f\u00fcr zertifizierte Taucher.<\/li>\n\n\n\n<li><strong>Max. 20 Taucher<\/strong> an Bord.<\/li>\n\n\n\n<li><strong>Viel Platz und <\/strong><strong>Komfort<\/strong> &#8211; Klimat. Salon, Gro\u00dfes Ober und Sonnendeck.<\/li>\n\n\n\n<li><strong>Grandioser Service.<br><\/strong><\/li>\n\n\n\n<li><strong>Sehr erfahrene Tauchlehrer und Besatzung.<\/strong><\/li>\n<\/ul>\n\n\n<p><strong>Prisee in Thai Baht pro Person: 4,400 | Nichttaucher 2,900 \u00a0<a href=\"#form\">&gt;&gt;\u00a0Buchen \/ Kontakt<\/a><\/strong> <\/p>\n\n\n\n<p><strong>T<\/strong><strong>our Inklusive :<\/strong><\/p>\n\n\n<ul>\n<li>Hotelabholung im klimaisierten Minibus. (Norden oder Ostk\u00fcste Phukets, bei weniger als 3 Personen gegen Aufpreis).<\/li>\n<li>Mahlzeiten und alkoholfreie Getr\u00e4nke an Bord.<\/li>\n<li>Flasche, Gurt und Blei.<\/li>\n<li>Erfahrene Tauchlehrer (PADI Instructor) \u2013 Ratio 4:1<\/li>\n<li>Kostenlos 32% NITROX f\u00fcr zertifizierte Nitrox Taucher. Nicht zertifiziert? <a title=\"Sea Fun Divers - Our partner for Scuba Diving Course in Phuket\" href=\"#form\" target=\"_blank\" rel=\"noopener noreferrer\">Hier melden<\/a> f\u00fcr Ihren Nitrox Kurs.<\/li>\n<li>Steuern &amp; Versicherung.<\/li>\n<\/ul>\n\n\n\n<p><strong>Nicht inklusive:<\/strong> Ausr\u00fcstung f\u00fcr Thai Baht &nbsp;900 \/ Tag und Set.<\/p>\n\n\n\n<p class=\"has-text-align-right\"><a href='#form' class='small-button smallblue'>Buchen \/ Kontakt<\/a><\/p>\n\n\n\n<h2 class=\"wp-block-heading\">Tauchen Racha Island &#8211; Tourablauf:<\/h2>\n\n\n\n<ul class=\"wp-block-list\">\n<li>07.30 \u2013 Hotelabholung im klimat. Minibus und Transfer zur Chalong Bay.<\/li>\n\n\n\n<li>08.15 \u2013 Abfahrt von Chalong und Besprechung mit dem Tauchlehrer. Zusammenbau der Ausr\u00fcstung und danach ein leichtes Fr\u00fchst\u00fcck mit Tee oder Kaffee.<\/li>\n\n\n\n<li>09.30 &#8211; Tauchgangsbesprechung und Zeit die Ausr\u00fcstung anzulegen.<\/li>\n\n\n\n<li>09.45 &#8211; Tauchgang Nr. 1 bei\u00a0 Racha Yai<\/li>\n\n\n\n<li>11.00 &#8211; Zur\u00fcck an Bord gibts leckeres thail\u00e4ndisches Buffet zum Mittagessen.<\/li>\n\n\n\n<li>12.15 &#8211; Nach dem Essen und der Entspannung, steht der Tauchgang Nr.2 auf dem Programm.<\/li>\n\n\n\n<li>15.30 \u2013 Ankunft in Chalong, wo der Minibus schon wartet und Sie zur\u00fcck zum Hotel bringt.<\/li>\n<\/ul>\n\n\n\n<h2 class=\"wp-block-heading\" id=\"form\">Kontakt zum Tauchen Racha Island Ausflug<\/h2>\n\n\n\n<script charset=\"utf-8\" type=\"text\/javascript\" src=\"\/\/js.hsforms.net\/forms\/embed\/v2.js\"><\/script>\n<script>\n  hbspt.forms.create({\n    region: \"na1\",\n    portalId: \"3413662\",\n    formId: \"59765d47-ffdf-4452-a315-11081d03c004\"\n  });\n<\/script>\n\n\n\n<h3 class=\"wp-block-heading\">Tauchen Koh Racha Yai<\/h3>\n\n\n\n<p>Racha Yai Island ist ein sehr beliebtes Tauchziel von Phuket. Hier ist das Tauchen das ganze Jahr \u00fcber m\u00f6glich und wird auch gerne von Nicht-Tauchern begleitet, die hier zum schnorcheln gehen. Die beste Zeit ist zwischen November und April, hier ist das Wasser ruhig und man kann rund um die Insel alle Tauchpl\u00e4tze anfahren. Egal ob Anf\u00e4nger oder Fortgeschrittener, die Tauchpl\u00e4tze sind f\u00fcr jeden ein Highlight.<\/p>\n","protected":false},"excerpt":{"rendered":"<p>Tauchen Racha Island mit dem komfortabelsten Tagestourboot von Phuket, findet jeden Dienstag und Samstag statt. Wir haben ein paar gute Argumente warum Sie bei uns an Bord kommen sollten. Tour Inklusive : Nicht inklusive: Ausr\u00fcstung f\u00fcr Thai Baht &nbsp; \/ Tag und Set. Tauchen Racha Island &#8211; Tourablauf: Kontakt zum Tauchen Racha Island Ausflug Tauchen [&hellip;]<\/p>\n","protected":false},"author":4,"featured_media":0,"parent":8314,"menu_order":0,"comment_status":"closed","ping_status":"closed","template":"","meta":{"_acf_changed":false,"_et_pb_use_builder":"","_et_pb_old_content":"","_et_gb_content_width":"","footnotes":""},"class_list":["post-10466","page","type-page","status-publish","hentry"],"acf":[],"yoast_head":"<!-- This site is optimized with the Yoast SEO plugin v25.1 - https:\/\/yoast.com\/wordpress\/plugins\/seo\/ -->\n<title>Tauchen Racha Island online buchen mit Easy Day Phuket<\/title>\n<meta name=\"description\" content=\"Tauchen Racha Island mit Easy Day Phuket ist ein Tagesausflug mit viel Komfort und limitierter Anzahl an G\u00e4sten auf dem Schiff.\" \/>\n<meta name=\"robots\" content=\"index, follow, max-snippet:-1, max-image-preview:large, max-video-preview:-1\" \/>\n<link rel=\"canonical\" href=\"https:\/\/www.easydayphuket.com\/de\/phuket-ausfluege\/racha-island-tours\/tauchen-racha-island\/\" \/>\n<meta property=\"og:locale\" content=\"de_DE\" \/>\n<meta property=\"og:type\" content=\"article\" \/>\n<meta property=\"og:title\" content=\"Tauchen Racha Island online buchen mit Easy Day Phuket\" \/>\n<meta property=\"og:description\" content=\"Tauchen Racha Island mit Easy Day Phuket ist ein Tagesausflug mit viel Komfort und limitierter Anzahl an G\u00e4sten auf dem Schiff.\" \/>\n<meta property=\"og:url\" content=\"https:\/\/www.easydayphuket.com\/de\/phuket-ausfluege\/racha-island-tours\/tauchen-racha-island\/\" \/>\n<meta property=\"og:site_name\" content=\"Easy Day Phuket\" \/>\n<meta property=\"article:publisher\" content=\"https:\/\/www.facebook.com\/Easydayinthailand\/\" \/>\n<meta property=\"article:modified_time\" content=\"2024-05-14T18:04:56+00:00\" \/>\n<meta property=\"og:image\" content=\"https:\/\/farm6.staticflickr.com\/5517\/9347944490_de30991f67_m.jpg\" \/>\n<meta name=\"twitter:label1\" content=\"Gesch\u00e4tzte Lesezeit\" \/>\n\t<meta name=\"twitter:data1\" content=\"2\u00a0Minuten\" \/>\n<script type=\"application\/ld+json\" class=\"yoast-schema-graph\">{\"@context\":\"https:\/\/schema.org\",\"@graph\":[{\"@type\":\"WebPage\",\"@id\":\"https:\/\/www.easydayphuket.com\/de\/phuket-ausfluege\/racha-island-tours\/tauchen-racha-island\/\",\"url\":\"https:\/\/www.easydayphuket.com\/de\/phuket-ausfluege\/racha-island-tours\/tauchen-racha-island\/\",\"name\":\"Tauchen Racha Island online buchen mit Easy Day Phuket\",\"isPartOf\":{\"@id\":\"https:\/\/www.easydayphuket.com\/#website\"},\"primaryImageOfPage\":{\"@id\":\"https:\/\/www.easydayphuket.com\/de\/phuket-ausfluege\/racha-island-tours\/tauchen-racha-island\/#primaryimage\"},\"image\":{\"@id\":\"https:\/\/www.easydayphuket.com\/de\/phuket-ausfluege\/racha-island-tours\/tauchen-racha-island\/#primaryimage\"},\"thumbnailUrl\":\"https:\/\/farm6.staticflickr.com\/5517\/9347944490_de30991f67_m.jpg\",\"datePublished\":\"2015-06-05T10:09:07+00:00\",\"dateModified\":\"2024-05-14T18:04:56+00:00\",\"description\":\"Tauchen Racha Island mit Easy Day Phuket ist ein Tagesausflug mit viel Komfort und limitierter Anzahl an G\u00e4sten auf dem Schiff.\",\"breadcrumb\":{\"@id\":\"https:\/\/www.easydayphuket.com\/de\/phuket-ausfluege\/racha-island-tours\/tauchen-racha-island\/#breadcrumb\"},\"inLanguage\":\"de\",\"potentialAction\":[{\"@type\":\"ReadAction\",\"target\":[\"https:\/\/www.easydayphuket.com\/de\/phuket-ausfluege\/racha-island-tours\/tauchen-racha-island\/\"]}]},{\"@type\":\"ImageObject\",\"inLanguage\":\"de\",\"@id\":\"https:\/\/www.easydayphuket.com\/de\/phuket-ausfluege\/racha-island-tours\/tauchen-racha-island\/#primaryimage\",\"url\":\"https:\/\/farm6.staticflickr.com\/5517\/9347944490_de30991f67_m.jpg\",\"contentUrl\":\"https:\/\/farm6.staticflickr.com\/5517\/9347944490_de30991f67_m.jpg\"},{\"@type\":\"BreadcrumbList\",\"@id\":\"https:\/\/www.easydayphuket.com\/de\/phuket-ausfluege\/racha-island-tours\/tauchen-racha-island\/#breadcrumb\",\"itemListElement\":[{\"@type\":\"ListItem\",\"position\":1,\"name\":\"Home\",\"item\":\"https:\/\/www.easydayphuket.com\/de\/\"},{\"@type\":\"ListItem\",\"position\":2,\"name\":\"Phuket Ausfl\u00fcge\",\"item\":\"https:\/\/www.easydayphuket.com\/de\/phuket-ausfluege\/\"},{\"@type\":\"ListItem\",\"position\":3,\"name\":\"Racha Island Tour\",\"item\":\"https:\/\/www.easydayphuket.com\/de\/phuket-ausfluege\/racha-island-tours\/\"},{\"@type\":\"ListItem\",\"position\":4,\"name\":\"Tauchen Racha Island\"}]},{\"@type\":\"WebSite\",\"@id\":\"https:\/\/www.easydayphuket.com\/#website\",\"url\":\"https:\/\/www.easydayphuket.com\/\",\"name\":\"Easy Day Phuket\",\"description\":\"Ihr Phuket Tour & Reise Partner\",\"publisher\":{\"@id\":\"https:\/\/www.easydayphuket.com\/#organization\"},\"potentialAction\":[{\"@type\":\"SearchAction\",\"target\":{\"@type\":\"EntryPoint\",\"urlTemplate\":\"https:\/\/www.easydayphuket.com\/?s={search_term_string}\"},\"query-input\":{\"@type\":\"PropertyValueSpecification\",\"valueRequired\":true,\"valueName\":\"search_term_string\"}}],\"inLanguage\":\"de\"},{\"@type\":\"Organization\",\"@id\":\"https:\/\/www.easydayphuket.com\/#organization\",\"name\":\"Easy Day Thailand\",\"url\":\"https:\/\/www.easydayphuket.com\/\",\"logo\":{\"@type\":\"ImageObject\",\"inLanguage\":\"de\",\"@id\":\"https:\/\/www.easydayphuket.com\/#\/schema\/logo\/image\/\",\"url\":\"https:\/\/www.easydayphuket.com\/wp-content\/uploads\/2013\/07\/Sun-Thaiflag_booking12.gif\",\"contentUrl\":\"https:\/\/www.easydayphuket.com\/wp-content\/uploads\/2013\/07\/Sun-Thaiflag_booking12.gif\",\"width\":100,\"height\":94,\"caption\":\"Easy Day Thailand\"},\"image\":{\"@id\":\"https:\/\/www.easydayphuket.com\/#\/schema\/logo\/image\/\"},\"sameAs\":[\"https:\/\/www.facebook.com\/Easydayinthailand\/\",\"https:\/\/www.instagram.com\/easydaythailand\/\"]}]}<\/script>\n<!-- \/ Yoast SEO plugin. -->","yoast_head_json":{"title":"Tauchen Racha Island online buchen mit Easy Day Phuket","description":"Tauchen Racha Island mit Easy Day Phuket ist ein Tagesausflug mit viel Komfort und limitierter Anzahl an G\u00e4sten auf dem Schiff.","robots":{"index":"index","follow":"follow","max-snippet":"max-snippet:-1","max-image-preview":"max-image-preview:large","max-video-preview":"max-video-preview:-1"},"canonical":"https:\/\/www.easydayphuket.com\/de\/phuket-ausfluege\/racha-island-tours\/tauchen-racha-island\/","og_locale":"de_DE","og_type":"article","og_title":"Tauchen Racha Island online buchen mit Easy Day Phuket","og_description":"Tauchen Racha Island mit Easy Day Phuket ist ein Tagesausflug mit viel Komfort und limitierter Anzahl an G\u00e4sten auf dem Schiff.","og_url":"https:\/\/www.easydayphuket.com\/de\/phuket-ausfluege\/racha-island-tours\/tauchen-racha-island\/","og_site_name":"Easy Day Phuket","article_publisher":"https:\/\/www.facebook.com\/Easydayinthailand\/","article_modified_time":"2024-05-14T18:04:56+00:00","og_image":[{"url":"https:\/\/farm6.staticflickr.com\/5517\/9347944490_de30991f67_m.jpg","type":"","width":"","height":""}],"twitter_misc":{"Gesch\u00e4tzte Lesezeit":"2\u00a0Minuten"},"schema":{"@context":"https:\/\/schema.org","@graph":[{"@type":"WebPage","@id":"https:\/\/www.easydayphuket.com\/de\/phuket-ausfluege\/racha-island-tours\/tauchen-racha-island\/","url":"https:\/\/www.easydayphuket.com\/de\/phuket-ausfluege\/racha-island-tours\/tauchen-racha-island\/","name":"Tauchen Racha Island online buchen mit Easy Day Phuket","isPartOf":{"@id":"https:\/\/www.easydayphuket.com\/#website"},"primaryImageOfPage":{"@id":"https:\/\/www.easydayphuket.com\/de\/phuket-ausfluege\/racha-island-tours\/tauchen-racha-island\/#primaryimage"},"image":{"@id":"https:\/\/www.easydayphuket.com\/de\/phuket-ausfluege\/racha-island-tours\/tauchen-racha-island\/#primaryimage"},"thumbnailUrl":"https:\/\/farm6.staticflickr.com\/5517\/9347944490_de30991f67_m.jpg","datePublished":"2015-06-05T10:09:07+00:00","dateModified":"2024-05-14T18:04:56+00:00","description":"Tauchen Racha Island mit Easy Day Phuket ist ein Tagesausflug mit viel Komfort und limitierter Anzahl an G\u00e4sten auf dem Schiff.","breadcrumb":{"@id":"https:\/\/www.easydayphuket.com\/de\/phuket-ausfluege\/racha-island-tours\/tauchen-racha-island\/#breadcrumb"},"inLanguage":"de","potentialAction":[{"@type":"ReadAction","target":["https:\/\/www.easydayphuket.com\/de\/phuket-ausfluege\/racha-island-tours\/tauchen-racha-island\/"]}]},{"@type":"ImageObject","inLanguage":"de","@id":"https:\/\/www.easydayphuket.com\/de\/phuket-ausfluege\/racha-island-tours\/tauchen-racha-island\/#primaryimage","url":"https:\/\/farm6.staticflickr.com\/5517\/9347944490_de30991f67_m.jpg","contentUrl":"https:\/\/farm6.staticflickr.com\/5517\/9347944490_de30991f67_m.jpg"},{"@type":"BreadcrumbList","@id":"https:\/\/www.easydayphuket.com\/de\/phuket-ausfluege\/racha-island-tours\/tauchen-racha-island\/#breadcrumb","itemListElement":[{"@type":"ListItem","position":1,"name":"Home","item":"https:\/\/www.easydayphuket.com\/de\/"},{"@type":"ListItem","position":2,"name":"Phuket Ausfl\u00fcge","item":"https:\/\/www.easydayphuket.com\/de\/phuket-ausfluege\/"},{"@type":"ListItem","position":3,"name":"Racha Island Tour","item":"https:\/\/www.easydayphuket.com\/de\/phuket-ausfluege\/racha-island-tours\/"},{"@type":"ListItem","position":4,"name":"Tauchen Racha Island"}]},{"@type":"WebSite","@id":"https:\/\/www.easydayphuket.com\/#website","url":"https:\/\/www.easydayphuket.com\/","name":"Easy Day Phuket","description":"Ihr Phuket Tour & Reise Partner","publisher":{"@id":"https:\/\/www.easydayphuket.com\/#organization"},"potentialAction":[{"@type":"SearchAction","target":{"@type":"EntryPoint","urlTemplate":"https:\/\/www.easydayphuket.com\/?s={search_term_string}"},"query-input":{"@type":"PropertyValueSpecification","valueRequired":true,"valueName":"search_term_string"}}],"inLanguage":"de"},{"@type":"Organization","@id":"https:\/\/www.easydayphuket.com\/#organization","name":"Easy Day Thailand","url":"https:\/\/www.easydayphuket.com\/","logo":{"@type":"ImageObject","inLanguage":"de","@id":"https:\/\/www.easydayphuket.com\/#\/schema\/logo\/image\/","url":"https:\/\/www.easydayphuket.com\/wp-content\/uploads\/2013\/07\/Sun-Thaiflag_booking12.gif","contentUrl":"https:\/\/www.easydayphuket.com\/wp-content\/uploads\/2013\/07\/Sun-Thaiflag_booking12.gif","width":100,"height":94,"caption":"Easy Day Thailand"},"image":{"@id":"https:\/\/www.easydayphuket.com\/#\/schema\/logo\/image\/"},"sameAs":["https:\/\/www.facebook.com\/Easydayinthailand\/","https:\/\/www.instagram.com\/easydaythailand\/"]}]}},"_links":{"self":[{"href":"https:\/\/www.easydayphuket.com\/de\/wp-json\/wp\/v2\/pages\/10466","targetHints":{"allow":["GET"]}}],"collection":[{"href":"https:\/\/www.easydayphuket.com\/de\/wp-json\/wp\/v2\/pages"}],"about":[{"href":"https:\/\/www.easydayphuket.com\/de\/wp-json\/wp\/v2\/types\/page"}],"author":[{"embeddable":true,"href":"https:\/\/www.easydayphuket.com\/de\/wp-json\/wp\/v2\/users\/4"}],"replies":[{"embeddable":true,"href":"https:\/\/www.easydayphuket.com\/de\/wp-json\/wp\/v2\/comments?post=10466"}],"version-history":[{"count":0,"href":"https:\/\/www.easydayphuket.com\/de\/wp-json\/wp\/v2\/pages\/10466\/revisions"}],"up":[{"embeddable":true,"href":"https:\/\/www.easydayphuket.com\/de\/wp-json\/wp\/v2\/pages\/8314"}],"wp:attachment":[{"href":"https:\/\/www.easydayphuket.com\/de\/wp-json\/wp\/v2\/media?parent=10466"}],"curies":[{"name":"wp","href":"https:\/\/api.w.org\/{rel}","templated":true}]}}