{"id":10325,"date":"2015-06-04T15:35:56","date_gmt":"2015-06-04T08:35:56","guid":{"rendered":"https:\/\/www.easydayphuket.com\/?page_id=10325"},"modified":"2024-05-25T00:48:21","modified_gmt":"2024-05-24T17:48:21","slug":"phuket-unterkunft","status":"publish","type":"page","link":"https:\/\/www.easydayphuket.com\/de\/phuket-unterkunft\/","title":{"rendered":"Phuket Unterkunft"},"content":{"rendered":"\n<p>Phuket Hotels &#8211; Die hier aufgef\u00fchrten Hotels und Villen wurden uns von unseren G\u00e4sten empfohlen und f\u00fcr gut befunden. Die\u00a0<a title=\"Phuket Hotels\" href=\"https:\/\/www.easydayphuket.com\/de\/phuket-hotels\/\">Phuket Hotels<\/a> &amp; <a title=\"Phuket Villa Rentals\" href=\"https:\/\/www.easydayphuket.com\/de\/phuket-villa-vermietung\/\">Phuket Villas<\/a> befinden sich entlang der K\u00fcste von Phuket an verschiedenen, popul\u00e4ren Str\u00e4nden. Schauen Sie sich um und lassen Sie uns wissen was f\u00fcr Sie in Frage kommt.<\/p>\n\n\n\n<h2 class=\"wp-block-heading\"><a title=\"Phuket Hotels\" href=\"https:\/\/www.easydayphuket.com\/de\/phuket-hotels\/\">Phuket Unterkunft &#8211; Hotels in Phuket<\/a><\/h2>\n\n\n\n<figure class=\"wp-block-image alignleft\"><a href=\"https:\/\/www.easydayphuket.com\/de\/phuket-hotels\/patong-beach-hotels\/the-nap-patong-beach\/\"><img loading=\"lazy\" decoding=\"async\" width=\"150\" height=\"150\" src=\"https:\/\/www.easydayphuket.com\/wp-content\/uploads\/2013\/07\/The-Nap-Patong-Daydream-Deluxe-150x150.jpg\" alt=\"Phuket Unterkunft - The Nap Patong\" class=\"wp-image-1109\"\/><\/a><\/figure>\n\n\n\n<h3 class=\"wp-block-heading\"><a title=\"The Nap Patong Beach Hotel\" href=\"https:\/\/www.easydayphuket.com\/de\/phuket-hotels\/patong-beach-hotels\/the-nap-patong-beach\/\">The Nap in Patong Beach<\/a><\/h3>\n\n\n\n<p>The Nap, am Patong Beach liegend ist eines der stilvollsten und komfortabelsten Hotels von Phuket. Nur wenige Meter vom Strand entfernt verf\u00fcgt das Hotel \u00fcber einen <strong>guten Service<\/strong> mit einem Preis Leistungsverh\u00e4ltnis was sich sehen lassen kann.<\/p>\n\n\n\n<p><strong><span style=\"color: #ff0000;\">3 Tage \/ 2 N\u00e4chte<\/span> &#8211; Preise in <\/strong><strong>Thai Baht <\/strong><strong>pro Person ab <\/strong><strong>4,800<\/strong><\/p>\n\n\n\n<p class=\"has-text-align-right\"><strong><a title=\"The Nap Patong Beach Hotel\" href=\"https:\/\/www.easydayphuket.com\/de\/phuket-hotels\/patong-beach-hotels\/the-nap-patong-beach\/\">Mehr Infos&#8230; <\/a><\/strong><\/p>\n\n\n\n<hr class=\"wp-block-separator has-alpha-channel-opacity\"\/>\n\n\n\n<figure class=\"wp-block-image alignleft\"><a href=\"https:\/\/www.easydayphuket.com\/de\/phuket-hotels\/kata-beach-hotels\/sugar-marina-fashion\/\"><img loading=\"lazy\" decoding=\"async\" width=\"150\" height=\"150\" src=\"https:\/\/www.easydayphuket.com\/wp-content\/uploads\/2013\/11\/sugar-marina-fashion-150x150.jpg\" alt=\"Phuket Unterkunft - Sugar Marina Fashion Resort in Kata Beach, Phuket Island. \" class=\"wp-image-3195\"\/><\/a><\/figure>\n\n\n\n<h3 class=\"wp-block-heading\"><a title=\"Sugar Marina Fashion\" href=\"https:\/\/www.easydayphuket.com\/de\/phuket-hotels\/kata-beach-hotels\/sugar-marina-fashion\/\">Sugar Marina Fashion in Kata Beach<\/a><\/h3>\n\n\n\n<p>Das Sugar Marina Fashion befindet sich am&nbsp;<a title=\"Kata Beach \u2013 The Beaches of Phuket\" href=\"https:\/\/www.easydayphuket.com\/kata-beach-beaches-phuket\/\">Kata Beach<\/a> und ist nur 50 m vom Strand entfernt. Das luxuri\u00f6s eingerichtete&nbsp; Hotel verf\u00fcgt \u00fcber eine Swimmingpoolanlage, Fitnessraum und Spa. Die Zimmer sind ausgestattet mit Fernseher, DVD und Wifi.<\/p>\n\n\n\n<p><strong><span style=\"color: #ff0000;\">3 Tage \/ 2 N\u00e4chte<\/span> &#8211; Preise in <\/strong><strong>Thai Baht <\/strong><strong>pro Person ab <\/strong><strong>2,300<\/strong><\/p>\n\n\n\n<p class=\"has-text-align-right\"><strong><a title=\"Sugar Marina Fashion\" href=\"https:\/\/www.easydayphuket.com\/de\/phuket-hotels\/kata-beach-hotels\/sugar-marina-fashion\/\">Mehr Infos&#8230;<\/a><\/strong><\/p>\n\n\n\n<hr class=\"wp-block-separator has-alpha-channel-opacity\"\/>\n\n\n\n<h2 class=\"wp-block-heading\"><a title=\"Phuket Villa Rentals\" href=\"https:\/\/www.easydayphuket.com\/de\/phuket-villa-vermietung\/\">Phuket Villa &#8211; Urlaub im Paradies<\/a><\/h2>\n\n\n\n<figure class=\"wp-block-image alignleft\"><a href=\"https:\/\/www.easydayphuket.com\/phuket-villa-rentals\/the-villas-phuket\/\"><img decoding=\"async\" src=\"https:\/\/www.easydayphuket.com\/wp-content\/uploads\/2014\/02\/amber_gallery_bg-150x150.jpg\" alt=\"Amba Villa - The Villas Phuket - Villa Accommodation with Easy Day Thailand\" class=\"wp-image-4551\"\/><\/a><\/figure>\n\n\n\n<h3 class=\"wp-block-heading\"><a title=\"The Villas Phuket\" href=\"https:\/\/www.easydayphuket.com\/phuket-villa-rentals\/the-villas-phuket\/\">The Villas Phuket &#8211; Nai Harn Beach<\/a><\/h3>\n\n\n\n<p><strong>The<\/strong> <strong>Villas Phuket<\/strong> sind im Privatbesitz und stehen f\u00fcr Familien und Freunde zur Verf\u00fcgung. Die gro\u00dfz\u00fcgig gebauten Villen sind sehr exklusive eingerichtet und lassen nichts vermissen. Die mit Swimmingpool ausgestatteten Villen befinden sich am Nai Harn Beach und ca. 30 Minuten entfernt vom <a title=\"Jung Ceylon Shopping Centre\" href=\"https:\/\/www.easydayphuket.com\/jung-ceylon-shopping-centre\/\" target=\"_blank\" rel=\"noopener\">Shopping Center<\/a> in <a title=\"Patong Beach \u2013 The Beaches of Phuket\" href=\"https:\/\/www.easydayphuket.com\/de\/phukets-straende-patong-beach\/\">Patong Beach.<\/a><\/p>\n\n\n\n<p class=\"has-text-align-right\"><strong><a title=\"The Villas Phuket\" href=\"https:\/\/www.easydayphuket.com\/phuket-villa-rentals\/the-villas-phuket\/\">Mehr Infos&#8230;<\/a><\/strong><\/p>\n\n\n<div class=\"divider\"><\/div>\n\n\n\n<figure class=\"wp-block-image alignleft\"><a href=\"https:\/\/www.easydayphuket.com\/de\/phuket-villa-vermietung\/les-palmares-villas\/\"><img loading=\"lazy\" decoding=\"async\" width=\"150\" height=\"150\" src=\"https:\/\/www.easydayphuket.com\/wp-content\/uploads\/2014\/01\/Palmares006-150x150.jpg\" alt=\"Les Palmares - Phuket Villa accommodation with Easy Day Thailand\" class=\"wp-image-4072\"\/><\/a><\/figure>\n\n\n\n<h3 class=\"wp-block-heading\"><a title=\"Les Palmares Villas\" href=\"https:\/\/www.easydayphuket.com\/de\/phuket-villa-vermietung\/les-palmares-villas\/\">Les Palmares Villas in Bang Tao Beach<\/a><\/h3>\n\n\n\n<p><span style=\"line-height: 1.5em;\"><strong>Les Palmares Villas <\/strong>sind eine 5 Sterneanlage am&nbsp;<a title=\"Bang Tao Beach \u2013 Beaches of Phuket\" href=\"https:\/\/www.easydayphuket.com\/de\/bang-tao-beach-phukets-straende\/\">Bang Tao Beach<\/a> gelegen nur unweit vom Strand entfernt. Die im Balinesischen Stil gebauten Villen verf\u00fcgen \u00fcber sehr luxuri\u00f6se Ausstattung in einer ruhigen, fantastisch eingerichtetten Gartenlandschaft. In der N\u00e4he der Villen, befinden Einkaufsm\u00f6glichkeiten, gute Restaurants und Strandbars.<br><\/span><\/p>\n\n\n\n<p class=\"has-text-align-right\"><strong><a title=\"Les Palmares Villas - Phuket Villa Rentals\" href=\"https:\/\/www.easydayphuket.com\/de\/phuket-villa-vermietung\/les-palmares-villas\/\">Mehr Infos&#8230;<\/a><\/strong><\/p>\n\n\n\n<h3 class=\"wp-block-heading\" id=\"form\">Phuket Hotels Pakete &#8211; Kostenloses Angebot<\/h3>\n\n\n\n<p>Kombinieren Sie Ihre <a href=\"https:\/\/www.easydayphuket.com\/de\/phuket-ausfluege\/\">Phuket Touren <\/a>mit dem Hotel Ihrer Wahl. Lassen Sie uns wissen was Sie gerne unternehmen w\u00fcrden und wir schicken Ihnen ein Angebot was auf Ihre Belange abgestimmt ist.<\/p>\n\n\n\n<script charset=\"utf-8\" type=\"text\/javascript\" src=\"\/\/js.hsforms.net\/forms\/embed\/v2.js\"><\/script>\n<script>\n  hbspt.forms.create({\n    region: \"na1\",\n    portalId: \"3413662\",\n    formId: \"59765d47-ffdf-4452-a315-11081d03c004\"\n  });\n<\/script>\n","protected":false},"excerpt":{"rendered":"<p>Phuket Hotels &#8211; Die hier aufgef\u00fchrten Hotels und Villen wurden uns von unseren G\u00e4sten empfohlen und f\u00fcr gut befunden. Die\u00a0Phuket Hotels &amp; Phuket Villas befinden sich entlang der K\u00fcste von Phuket an verschiedenen, popul\u00e4ren Str\u00e4nden. Schauen Sie sich um und lassen Sie uns wissen was f\u00fcr Sie in Frage kommt. Phuket Unterkunft &#8211; Hotels in [&hellip;]<\/p>\n","protected":false},"author":4,"featured_media":30126,"parent":0,"menu_order":0,"comment_status":"closed","ping_status":"open","template":"template-fullwidth.php","meta":{"_acf_changed":false,"_et_pb_use_builder":"","_et_pb_old_content":"","_et_gb_content_width":"","footnotes":""},"class_list":["post-10325","page","type-page","status-publish","has-post-thumbnail","hentry"],"acf":[],"yoast_head":"<!-- This site is optimized with the Yoast SEO plugin v25.1 - https:\/\/yoast.com\/wordpress\/plugins\/seo\/ -->\n<title>Phuket Unterkunft - Hotels &amp; Villas mit Easy Day Phuket<\/title>\n<meta name=\"description\" content=\"Phuket Unterkunft - Die sch\u00f6nsten Phuket Hotels und Villen stehen Ihnen hier zu Auswahl. Finden Sie jetzt Ihre Unterkunft mit Easy Day Phuket.\" \/>\n<meta name=\"robots\" content=\"index, follow, max-snippet:-1, max-image-preview:large, max-video-preview:-1\" \/>\n<link rel=\"canonical\" href=\"https:\/\/www.easydayphuket.com\/de\/phuket-unterkunft\/\" \/>\n<meta property=\"og:locale\" content=\"de_DE\" \/>\n<meta property=\"og:type\" content=\"article\" \/>\n<meta property=\"og:title\" content=\"Phuket Unterkunft - Hotels &amp; Villas mit Easy Day Phuket\" \/>\n<meta property=\"og:description\" content=\"Phuket Unterkunft - Die sch\u00f6nsten Phuket Hotels und Villen stehen Ihnen hier zu Auswahl. Finden Sie jetzt Ihre Unterkunft mit Easy Day Phuket.\" \/>\n<meta property=\"og:url\" content=\"https:\/\/www.easydayphuket.com\/de\/phuket-unterkunft\/\" \/>\n<meta property=\"og:site_name\" content=\"Easy Day Phuket\" \/>\n<meta property=\"article:publisher\" content=\"https:\/\/www.facebook.com\/Easydayinthailand\/\" \/>\n<meta property=\"article:modified_time\" content=\"2024-05-24T17:48:21+00:00\" \/>\n<meta property=\"og:image\" content=\"https:\/\/www.easydayphuket.com\/wp-content\/uploads\/2019\/02\/Aspery-Hotel-Swimming-Pool.jpg\" \/>\n\t<meta property=\"og:image:width\" content=\"1200\" \/>\n\t<meta property=\"og:image:height\" content=\"600\" \/>\n\t<meta property=\"og:image:type\" content=\"image\/jpeg\" \/>\n<meta name=\"twitter:label1\" content=\"Gesch\u00e4tzte Lesezeit\" \/>\n\t<meta name=\"twitter:data1\" content=\"3\u00a0Minuten\" \/>\n<script type=\"application\/ld+json\" class=\"yoast-schema-graph\">{\"@context\":\"https:\/\/schema.org\",\"@graph\":[{\"@type\":\"WebPage\",\"@id\":\"https:\/\/www.easydayphuket.com\/de\/phuket-unterkunft\/\",\"url\":\"https:\/\/www.easydayphuket.com\/de\/phuket-unterkunft\/\",\"name\":\"Phuket Unterkunft - Hotels & Villas mit Easy Day Phuket\",\"isPartOf\":{\"@id\":\"https:\/\/www.easydayphuket.com\/#website\"},\"primaryImageOfPage\":{\"@id\":\"https:\/\/www.easydayphuket.com\/de\/phuket-unterkunft\/#primaryimage\"},\"image\":{\"@id\":\"https:\/\/www.easydayphuket.com\/de\/phuket-unterkunft\/#primaryimage\"},\"thumbnailUrl\":\"https:\/\/www.easydayphuket.com\/wp-content\/uploads\/2019\/02\/Aspery-Hotel-Swimming-Pool.jpg\",\"datePublished\":\"2015-06-04T08:35:56+00:00\",\"dateModified\":\"2024-05-24T17:48:21+00:00\",\"description\":\"Phuket Unterkunft - Die sch\u00f6nsten Phuket Hotels und Villen stehen Ihnen hier zu Auswahl. Finden Sie jetzt Ihre Unterkunft mit Easy Day Phuket.\",\"breadcrumb\":{\"@id\":\"https:\/\/www.easydayphuket.com\/de\/phuket-unterkunft\/#breadcrumb\"},\"inLanguage\":\"de\",\"potentialAction\":[{\"@type\":\"ReadAction\",\"target\":[\"https:\/\/www.easydayphuket.com\/de\/phuket-unterkunft\/\"]}]},{\"@type\":\"ImageObject\",\"inLanguage\":\"de\",\"@id\":\"https:\/\/www.easydayphuket.com\/de\/phuket-unterkunft\/#primaryimage\",\"url\":\"https:\/\/www.easydayphuket.com\/wp-content\/uploads\/2019\/02\/Aspery-Hotel-Swimming-Pool.jpg\",\"contentUrl\":\"https:\/\/www.easydayphuket.com\/wp-content\/uploads\/2019\/02\/Aspery-Hotel-Swimming-Pool.jpg\",\"width\":1200,\"height\":600,\"caption\":\"Roof Top Swimming Pool\"},{\"@type\":\"BreadcrumbList\",\"@id\":\"https:\/\/www.easydayphuket.com\/de\/phuket-unterkunft\/#breadcrumb\",\"itemListElement\":[{\"@type\":\"ListItem\",\"position\":1,\"name\":\"Home\",\"item\":\"https:\/\/www.easydayphuket.com\/de\/\"},{\"@type\":\"ListItem\",\"position\":2,\"name\":\"Phuket Unterkunft\"}]},{\"@type\":\"WebSite\",\"@id\":\"https:\/\/www.easydayphuket.com\/#website\",\"url\":\"https:\/\/www.easydayphuket.com\/\",\"name\":\"Easy Day Phuket\",\"description\":\"Ihr Phuket Tour & Reise Partner\",\"publisher\":{\"@id\":\"https:\/\/www.easydayphuket.com\/#organization\"},\"potentialAction\":[{\"@type\":\"SearchAction\",\"target\":{\"@type\":\"EntryPoint\",\"urlTemplate\":\"https:\/\/www.easydayphuket.com\/?s={search_term_string}\"},\"query-input\":{\"@type\":\"PropertyValueSpecification\",\"valueRequired\":true,\"valueName\":\"search_term_string\"}}],\"inLanguage\":\"de\"},{\"@type\":\"Organization\",\"@id\":\"https:\/\/www.easydayphuket.com\/#organization\",\"name\":\"Easy Day Thailand\",\"url\":\"https:\/\/www.easydayphuket.com\/\",\"logo\":{\"@type\":\"ImageObject\",\"inLanguage\":\"de\",\"@id\":\"https:\/\/www.easydayphuket.com\/#\/schema\/logo\/image\/\",\"url\":\"https:\/\/www.easydayphuket.com\/wp-content\/uploads\/2013\/07\/Sun-Thaiflag_booking12.gif\",\"contentUrl\":\"https:\/\/www.easydayphuket.com\/wp-content\/uploads\/2013\/07\/Sun-Thaiflag_booking12.gif\",\"width\":100,\"height\":94,\"caption\":\"Easy Day Thailand\"},\"image\":{\"@id\":\"https:\/\/www.easydayphuket.com\/#\/schema\/logo\/image\/\"},\"sameAs\":[\"https:\/\/www.facebook.com\/Easydayinthailand\/\",\"https:\/\/www.instagram.com\/easydaythailand\/\"]}]}<\/script>\n<!-- \/ Yoast SEO plugin. -->","yoast_head_json":{"title":"Phuket Unterkunft - Hotels & Villas mit Easy Day Phuket","description":"Phuket Unterkunft - Die sch\u00f6nsten Phuket Hotels und Villen stehen Ihnen hier zu Auswahl. Finden Sie jetzt Ihre Unterkunft mit Easy Day Phuket.","robots":{"index":"index","follow":"follow","max-snippet":"max-snippet:-1","max-image-preview":"max-image-preview:large","max-video-preview":"max-video-preview:-1"},"canonical":"https:\/\/www.easydayphuket.com\/de\/phuket-unterkunft\/","og_locale":"de_DE","og_type":"article","og_title":"Phuket Unterkunft - Hotels & Villas mit Easy Day Phuket","og_description":"Phuket Unterkunft - Die sch\u00f6nsten Phuket Hotels und Villen stehen Ihnen hier zu Auswahl. Finden Sie jetzt Ihre Unterkunft mit Easy Day Phuket.","og_url":"https:\/\/www.easydayphuket.com\/de\/phuket-unterkunft\/","og_site_name":"Easy Day Phuket","article_publisher":"https:\/\/www.facebook.com\/Easydayinthailand\/","article_modified_time":"2024-05-24T17:48:21+00:00","og_image":[{"width":1200,"height":600,"url":"https:\/\/www.easydayphuket.com\/wp-content\/uploads\/2019\/02\/Aspery-Hotel-Swimming-Pool.jpg","type":"image\/jpeg"}],"twitter_misc":{"Gesch\u00e4tzte Lesezeit":"3\u00a0Minuten"},"schema":{"@context":"https:\/\/schema.org","@graph":[{"@type":"WebPage","@id":"https:\/\/www.easydayphuket.com\/de\/phuket-unterkunft\/","url":"https:\/\/www.easydayphuket.com\/de\/phuket-unterkunft\/","name":"Phuket Unterkunft - Hotels & Villas mit Easy Day Phuket","isPartOf":{"@id":"https:\/\/www.easydayphuket.com\/#website"},"primaryImageOfPage":{"@id":"https:\/\/www.easydayphuket.com\/de\/phuket-unterkunft\/#primaryimage"},"image":{"@id":"https:\/\/www.easydayphuket.com\/de\/phuket-unterkunft\/#primaryimage"},"thumbnailUrl":"https:\/\/www.easydayphuket.com\/wp-content\/uploads\/2019\/02\/Aspery-Hotel-Swimming-Pool.jpg","datePublished":"2015-06-04T08:35:56+00:00","dateModified":"2024-05-24T17:48:21+00:00","description":"Phuket Unterkunft - Die sch\u00f6nsten Phuket Hotels und Villen stehen Ihnen hier zu Auswahl. Finden Sie jetzt Ihre Unterkunft mit Easy Day Phuket.","breadcrumb":{"@id":"https:\/\/www.easydayphuket.com\/de\/phuket-unterkunft\/#breadcrumb"},"inLanguage":"de","potentialAction":[{"@type":"ReadAction","target":["https:\/\/www.easydayphuket.com\/de\/phuket-unterkunft\/"]}]},{"@type":"ImageObject","inLanguage":"de","@id":"https:\/\/www.easydayphuket.com\/de\/phuket-unterkunft\/#primaryimage","url":"https:\/\/www.easydayphuket.com\/wp-content\/uploads\/2019\/02\/Aspery-Hotel-Swimming-Pool.jpg","contentUrl":"https:\/\/www.easydayphuket.com\/wp-content\/uploads\/2019\/02\/Aspery-Hotel-Swimming-Pool.jpg","width":1200,"height":600,"caption":"Roof Top Swimming Pool"},{"@type":"BreadcrumbList","@id":"https:\/\/www.easydayphuket.com\/de\/phuket-unterkunft\/#breadcrumb","itemListElement":[{"@type":"ListItem","position":1,"name":"Home","item":"https:\/\/www.easydayphuket.com\/de\/"},{"@type":"ListItem","position":2,"name":"Phuket Unterkunft"}]},{"@type":"WebSite","@id":"https:\/\/www.easydayphuket.com\/#website","url":"https:\/\/www.easydayphuket.com\/","name":"Easy Day Phuket","description":"Ihr Phuket Tour & Reise Partner","publisher":{"@id":"https:\/\/www.easydayphuket.com\/#organization"},"potentialAction":[{"@type":"SearchAction","target":{"@type":"EntryPoint","urlTemplate":"https:\/\/www.easydayphuket.com\/?s={search_term_string}"},"query-input":{"@type":"PropertyValueSpecification","valueRequired":true,"valueName":"search_term_string"}}],"inLanguage":"de"},{"@type":"Organization","@id":"https:\/\/www.easydayphuket.com\/#organization","name":"Easy Day Thailand","url":"https:\/\/www.easydayphuket.com\/","logo":{"@type":"ImageObject","inLanguage":"de","@id":"https:\/\/www.easydayphuket.com\/#\/schema\/logo\/image\/","url":"https:\/\/www.easydayphuket.com\/wp-content\/uploads\/2013\/07\/Sun-Thaiflag_booking12.gif","contentUrl":"https:\/\/www.easydayphuket.com\/wp-content\/uploads\/2013\/07\/Sun-Thaiflag_booking12.gif","width":100,"height":94,"caption":"Easy Day Thailand"},"image":{"@id":"https:\/\/www.easydayphuket.com\/#\/schema\/logo\/image\/"},"sameAs":["https:\/\/www.facebook.com\/Easydayinthailand\/","https:\/\/www.instagram.com\/easydaythailand\/"]}]}},"_links":{"self":[{"href":"https:\/\/www.easydayphuket.com\/de\/wp-json\/wp\/v2\/pages\/10325","targetHints":{"allow":["GET"]}}],"collection":[{"href":"https:\/\/www.easydayphuket.com\/de\/wp-json\/wp\/v2\/pages"}],"about":[{"href":"https:\/\/www.easydayphuket.com\/de\/wp-json\/wp\/v2\/types\/page"}],"author":[{"embeddable":true,"href":"https:\/\/www.easydayphuket.com\/de\/wp-json\/wp\/v2\/users\/4"}],"replies":[{"embeddable":true,"href":"https:\/\/www.easydayphuket.com\/de\/wp-json\/wp\/v2\/comments?post=10325"}],"version-history":[{"count":0,"href":"https:\/\/www.easydayphuket.com\/de\/wp-json\/wp\/v2\/pages\/10325\/revisions"}],"wp:featuredmedia":[{"embeddable":true,"href":"https:\/\/www.easydayphuket.com\/de\/wp-json\/wp\/v2\/media\/30126"}],"wp:attachment":[{"href":"https:\/\/www.easydayphuket.com\/de\/wp-json\/wp\/v2\/media?parent=10325"}],"curies":[{"name":"wp","href":"https:\/\/api.w.org\/{rel}","templated":true}]}}