{"id":10324,"date":"2015-06-04T18:01:29","date_gmt":"2015-06-04T11:01:29","guid":{"rendered":"https:\/\/www.easydayphuket.com\/?page_id=10324"},"modified":"2024-05-25T01:32:51","modified_gmt":"2024-05-24T18:32:51","slug":"phuket-kochkurs","status":"publish","type":"page","link":"https:\/\/www.easydayphuket.com\/de\/phuket-unternehmungen\/phuket-kochkurs\/","title":{"rendered":"Phuket Kochkurs"},"content":{"rendered":"\n<figure class=\"wp-block-image alignright\"><a href=\"https:\/\/www.easydayphuket.com\/wp-content\/uploads\/2014\/03\/DSC03757.jpg\"><img loading=\"lazy\" decoding=\"async\" width=\"300\" height=\"225\" src=\"https:\/\/www.easydayphuket.com\/wp-content\/uploads\/2014\/03\/DSC03757-300x225.jpg\" alt=\"Privater Phuket Kochkurs\" class=\"wp-image-4965\" srcset=\"https:\/\/www.easydayphuket.com\/wp-content\/uploads\/2014\/03\/DSC03757-300x225.jpg 300w, https:\/\/www.easydayphuket.com\/wp-content\/uploads\/2014\/03\/DSC03757-73x55.jpg 73w, https:\/\/www.easydayphuket.com\/wp-content\/uploads\/2014\/03\/DSC03757.jpg 640w\" sizes=\"(max-width: 300px) 100vw, 300px\" \/><\/a><figcaption class=\"wp-element-caption\">Privater Phuket Kochkurs<\/figcaption><\/figure>\n\n\n\n<p>Phuket Kochkurs a la Carte &#8211; Easy Day Phuket bietet einen <strong>Kochkurs<\/strong> in privater Atmosph\u00e4re an. So k\u00f6nnen Sie die landes\u00fcblichen Gerichte erlernen und die <strong>thail\u00e4ndische Gastfreundschaft<\/strong> geniessen<\/p>\n\n\n\n<ul class=\"wp-block-list\">\n<li>Einkaufen beim <strong>Dorfmarkt.<br><\/strong><\/li>\n\n\n\n<li><strong>Privater Kochkurs.<\/strong><\/li>\n\n\n\n<li>Sie werden Kochen.<\/li>\n\n\n\n<li><strong>Essen und geniessen.<\/strong><\/li>\n\n\n\n<li><strong>Hoteltransfer.<\/strong><\/li>\n\n\n\n<li>T\u00e4gl. Morgens und Nachmittagskurse.<\/li>\n<\/ul>\n\n\n<p><strong>Preise in Thai Baht: 1 Person 6,200 | Extra Person 2,000 \u00a0<a href=\"#form\">&gt;&gt; Buchen \/ Kontakt<br \/>\n<\/a>Hinweis: <\/strong><strong>m<\/strong><strong>ax. 4 Personen<\/strong><\/p>\n\n\n\n<figure class=\"wp-block-image alignright wp-image-4961 size-thumbnail\"><img loading=\"lazy\" decoding=\"async\" width=\"150\" height=\"150\" src=\"https:\/\/www.easydayphuket.com\/wp-content\/uploads\/2014\/03\/Phuket-Cooking-Class-Logo-e1395293130680-150x150.jpg\" alt=\"Logo Phuket Koch Kurse\" class=\"wp-image-4961\"\/><figcaption class=\"wp-element-caption\">Phuket Koch Kurse<\/figcaption><\/figure>\n\n\n\n<p><strong>Kochkurs inklusive :<\/strong><\/p>\n\n\n<ul>\n<li>Hoteltransfer.<\/li>\n<li>Alle Zutaten f\u00fcr max. 4 Gerichte.<\/li>\n<li>Reis<\/li>\n<li>Fr\u00fcchte<\/li>\n<li>Alkoholfreie Getr\u00e4nke.<\/li>\n<li>Thail. Biere.<\/li>\n<li>Steuern<\/li>\n<\/ul>\n\n\n\n<p class=\"has-text-align-right\"><a href='#form' class='small-button smallblue'>Buchen \/ Kontakt<\/a><\/p>\n\n\n\n<h2 class=\"wp-block-heading\">Phuket Kochkurs &#8211; Galerie<\/h2>\n\n\n\n<figure class=\"wp-block-gallery has-nested-images columns-3 is-cropped wp-block-gallery-1 is-layout-flex wp-block-gallery-is-layout-flex\">\n<figure class=\"wp-block-image size-large\"><img loading=\"lazy\" decoding=\"async\" width=\"265\" height=\"246\" data-id=\"7779\" src=\"https:\/\/www.easydayphuket.com\/wp-content\/uploads\/2014\/03\/Phuket-Cooking-Class-Logo-e1395293130680.jpg\" alt=\"Phuket Unternehmungen - Thail\u00e4ndisches Kochen\" class=\"wp-image-7779\"\/><\/figure>\n\n\n\n<figure class=\"wp-block-image size-large\"><img loading=\"lazy\" decoding=\"async\" width=\"1024\" height=\"576\" data-id=\"7782\" src=\"https:\/\/www.easydayphuket.com\/wp-content\/uploads\/2014\/03\/C360_2013-07-05-11-22-52-680-1024x576.jpg\" alt=\"Auf dem Markt mit Easy Day Phuket\" class=\"wp-image-7782\" srcset=\"https:\/\/www.easydayphuket.com\/wp-content\/uploads\/2014\/03\/C360_2013-07-05-11-22-52-680-1024x576.jpg 1024w, https:\/\/www.easydayphuket.com\/wp-content\/uploads\/2014\/03\/C360_2013-07-05-11-22-52-680-300x168.jpg 300w, https:\/\/www.easydayphuket.com\/wp-content\/uploads\/2014\/03\/C360_2013-07-05-11-22-52-680-97x55.jpg 97w, https:\/\/www.easydayphuket.com\/wp-content\/uploads\/2014\/03\/C360_2013-07-05-11-22-52-680.jpg 2048w\" sizes=\"(max-width: 1024px) 100vw, 1024px\" \/><\/figure>\n\n\n\n<figure class=\"wp-block-image size-large\"><img loading=\"lazy\" decoding=\"async\" width=\"1024\" height=\"768\" data-id=\"7785\" src=\"https:\/\/www.easydayphuket.com\/wp-content\/uploads\/2014\/03\/20130705_115829-1024x768.jpg\" alt=\"Phuket Kochstudio - Easy Day Phuket\" class=\"wp-image-7785\"\/><\/figure>\n\n\n\n<figure class=\"wp-block-image size-large\"><img loading=\"lazy\" decoding=\"async\" width=\"640\" height=\"480\" data-id=\"7791\" src=\"https:\/\/www.easydayphuket.com\/wp-content\/uploads\/2014\/03\/DSC03757.jpg\" alt=\"Wetter Phuket\" class=\"wp-image-7791\" srcset=\"https:\/\/www.easydayphuket.com\/wp-content\/uploads\/2014\/03\/DSC03757.jpg 640w, https:\/\/www.easydayphuket.com\/wp-content\/uploads\/2014\/03\/DSC03757-300x225.jpg 300w, https:\/\/www.easydayphuket.com\/wp-content\/uploads\/2014\/03\/DSC03757-73x55.jpg 73w\" sizes=\"(max-width: 640px) 100vw, 640px\" \/><\/figure>\n\n\n\n<figure class=\"wp-block-image size-large\"><img loading=\"lazy\" decoding=\"async\" width=\"640\" height=\"480\" data-id=\"7794\" src=\"https:\/\/www.easydayphuket.com\/wp-content\/uploads\/2014\/03\/DSC03754.jpg\" alt=\"Phuket Unternehmungen bei schlechtem Wetter.\" class=\"wp-image-7794\" srcset=\"https:\/\/www.easydayphuket.com\/wp-content\/uploads\/2014\/03\/DSC03754.jpg 640w, https:\/\/www.easydayphuket.com\/wp-content\/uploads\/2014\/03\/DSC03754-300x225.jpg 300w, https:\/\/www.easydayphuket.com\/wp-content\/uploads\/2014\/03\/DSC03754-73x55.jpg 73w\" sizes=\"(max-width: 640px) 100vw, 640px\" \/><\/figure>\n\n\n\n<figure class=\"wp-block-image size-large\"><img loading=\"lazy\" decoding=\"async\" width=\"640\" height=\"480\" data-id=\"7800\" src=\"https:\/\/www.easydayphuket.com\/wp-content\/uploads\/2014\/03\/DSC03742.jpg\" alt=\"Guten Appetit\" class=\"wp-image-7800\" srcset=\"https:\/\/www.easydayphuket.com\/wp-content\/uploads\/2014\/03\/DSC03742.jpg 640w, https:\/\/www.easydayphuket.com\/wp-content\/uploads\/2014\/03\/DSC03742-300x225.jpg 300w, https:\/\/www.easydayphuket.com\/wp-content\/uploads\/2014\/03\/DSC03742-73x55.jpg 73w\" sizes=\"(max-width: 640px) 100vw, 640px\" \/><\/figure>\n\n\n\n<figure class=\"wp-block-image size-large\"><img loading=\"lazy\" decoding=\"async\" width=\"640\" height=\"480\" data-id=\"7797\" src=\"https:\/\/www.easydayphuket.com\/wp-content\/uploads\/2014\/03\/DSC03748.jpg\" alt=\"Phuket Kochstudio f\u00fcr Freunde der asiatischen K\u00fcche\" class=\"wp-image-7797\" srcset=\"https:\/\/www.easydayphuket.com\/wp-content\/uploads\/2014\/03\/DSC03748.jpg 640w, https:\/\/www.easydayphuket.com\/wp-content\/uploads\/2014\/03\/DSC03748-300x225.jpg 300w, https:\/\/www.easydayphuket.com\/wp-content\/uploads\/2014\/03\/DSC03748-73x55.jpg 73w\" sizes=\"(max-width: 640px) 100vw, 640px\" \/><\/figure>\n<\/figure>\n\n\n\n<h2 class=\"wp-block-heading\">Phuket Kochkurs &#8211; Durchf\u00fchrung<\/h2>\n\n\n\n<ul class=\"wp-block-list\">\n<li>10.00 &#8211; Hotelabholung im klimatisierten Minibus und Transfer nach Kathu.<\/li>\n\n\n\n<li>10.30 &#8211; Treffen des Kochlehrers am Dorfmarkt und einkaufen.<\/li>\n\n\n\n<li>11.15 &#8211; Ankunft im Thaihaus. Vorbereitung und kochen verschiedener Gerichte.<\/li>\n\n\n\n<li>12.30 &#8211; Zeit zum probieren der Kochk\u00fcnste.<\/li>\n\n\n\n<li>13.30 &#8211; R\u00fcckfahrt zum Hotel.<\/li>\n<\/ul>\n\n\n\n<p>* Der oben angegebene Zeitplan ist flexibel und kann sich auf Wunsch \u00e4ndern.<\/p>\n\n\n\n<h3 class=\"wp-block-heading\">Gast Kommentar<\/h3>\n\n\n\n<blockquote class=\"wp-block-quote is-layout-flow wp-block-quote-is-layout-flow\">\n<p>Hi Francesco..! Ich hoffe Dir geht es gut..!<\/p>\n\n\n\n<p>Wir sind jetzt leider wieder zur\u00fcck in Deutschland&nbsp;&#8230; wir hatten eine fantastische Zeit in Thailand.<\/p>\n\n\n\n<p>Wir wollten uns nochmal bei Euch bedanken und werden auch auf Tripadvisor noch eine positive Nachricht hinterlassen.<\/p>\n\n\n\n<p>Der Kurs war wirklich sehr Lehrreich. Wir probieren jetzt nat\u00fcrlich bei uns einige von den leckeren Gerichten anzukochen, was aber doch gar nicht so einfach ist. Wir hatten ja einen guten Lehrer und wir werden es genauso machen wie wir es aufgeschrieben haben.<\/p>\n\n\n\n<p>F\u00fcr mich waren die Satay-Spie\u00dfe das Gr\u00f6\u00dfte, mit der Nusso\u00dfe einfach lecker. Aber auch der Papayasalat und das Green Curry sind wirkich gut. Wir m\u00fcssen jetzt hier erstmal sehen das wir die gleichen Gew\u00fcrze und Zutaten bekommen die wir mit Bee auf dem Markt gekauft haben. Bee war eine wirkliche nette und sehr hilfreiche Lehrerin, bitte gr\u00fc\u00dft sie nochmal recht herzlich von uns.<\/p>\n\n\n\n<p>Auch die andren Touren nach Phi Phi Island und Racha Yai wahren sehr sch\u00f6n und haben uns wirklich gut gefallen. Es lohnt sich wirklich morgens fr\u00fcher aufzustehen damit man schon vor den anderen Touristen am Ziel ist.<\/p>\n\n\n\n<p>Nochmal vielen Dank an das Team von Easy Day Phuket.<\/p>\n\n\n\n<p>Sandra und Michael.<\/p>\n<\/blockquote>\n\n\n\n<h2 class=\"wp-block-heading\" id=\"form\">Kontakt f\u00fcr Ihren Kochkurs<\/h2>\n\n\n\n<script charset=\"utf-8\" type=\"text\/javascript\" src=\"\/\/js.hsforms.net\/forms\/embed\/v2.js\"><\/script>\n<script>\n  hbspt.forms.create({\n    region: \"na1\",\n    portalId: \"3413662\",\n    formId: \"59765d47-ffdf-4452-a315-11081d03c004\"\n  });\n<\/script>\n\n\n\n<h3 class=\"wp-block-heading\">Mehr \u00fcber den Kurs hier:<\/h3>\n\n\n<ul>\n<li><a title=\"Article on Easy Day Thailand Blog\" href=\"https:\/\/easydaythailand.blogspot.com\/2013\/09\/thai-cooking-class-in-kathu-la-carte.html\" target=\"_blank\" rel=\"noopener\">Thai Cooking Class in Kathu<\/a> &#8211; Artikel \u00fcber den Kochkurs auf unserem Easy Day Thailand Blog.<\/li>\n<li><a title=\"More about Cooking Lessons on our Easy Day Thailand Blog \" href=\"https:\/\/easydaythailand.blogspot.com\/2013\/07\/private-thai-cooking-class-by-easy-day.html\" target=\"_blank\" rel=\"noopener\">Private Cooking Class<\/a> &#8211; Weitere Artikel zum Thema von Easy Day Thailand<\/li>\n<li><a title=\"Thai Recipes on Easy Day Thailand Blog\" href=\"https:\/\/easydaythailand.blogspot.com\/p\/thai-cuisine-recipes.html\" target=\"_blank\" rel=\"noopener\">Thai Recipes<\/a> &#8211;\u00a0 Liste von thailandisches Rezepten f\u00fcr den t\u00e4gl. Gebrauch.<\/li>\n<\/ul>\n","protected":false},"excerpt":{"rendered":"<p>Phuket Kochkurs a la Carte &#8211; Easy Day Phuket bietet einen Kochkurs in privater Atmosph\u00e4re an. So k\u00f6nnen Sie die landes\u00fcblichen Gerichte erlernen und die thail\u00e4ndische Gastfreundschaft geniessen Kochkurs inklusive : Phuket Kochkurs &#8211; Galerie Phuket Kochkurs &#8211; Durchf\u00fchrung * Der oben angegebene Zeitplan ist flexibel und kann sich auf Wunsch \u00e4ndern. Gast Kommentar Hi [&hellip;]<\/p>\n","protected":false},"author":4,"featured_media":0,"parent":10326,"menu_order":0,"comment_status":"closed","ping_status":"open","template":"","meta":{"_acf_changed":false,"_et_pb_use_builder":"","_et_pb_old_content":"","_et_gb_content_width":"","footnotes":""},"class_list":["post-10324","page","type-page","status-publish","hentry"],"acf":[],"yoast_head":"<!-- This site is optimized with the Yoast SEO plugin v25.1 - https:\/\/yoast.com\/wordpress\/plugins\/seo\/ -->\n<title>Phuket Kochkurs durchgef\u00fchrt von Easy Day Phuket<\/title>\n<meta name=\"description\" content=\"Der Phuket Kochkurs ist sehr beliebt bei Freunden der asiatischen K\u00fcche. Kochen mit viel Spa\u00df und sehr lehrreich f\u00fcr die K\u00fcche zuhause.\" \/>\n<meta name=\"robots\" content=\"index, follow, max-snippet:-1, max-image-preview:large, max-video-preview:-1\" \/>\n<link rel=\"canonical\" href=\"https:\/\/www.easydayphuket.com\/de\/phuket-unternehmungen\/phuket-kochkurs\/\" \/>\n<meta property=\"og:locale\" content=\"de_DE\" \/>\n<meta property=\"og:type\" content=\"article\" \/>\n<meta property=\"og:title\" content=\"Phuket Kochkurs durchgef\u00fchrt von Easy Day Phuket\" \/>\n<meta property=\"og:description\" content=\"Der Phuket Kochkurs ist sehr beliebt bei Freunden der asiatischen K\u00fcche. Kochen mit viel Spa\u00df und sehr lehrreich f\u00fcr die K\u00fcche zuhause.\" \/>\n<meta property=\"og:url\" content=\"https:\/\/www.easydayphuket.com\/de\/phuket-unternehmungen\/phuket-kochkurs\/\" \/>\n<meta property=\"og:site_name\" content=\"Easy Day Phuket\" \/>\n<meta property=\"article:publisher\" content=\"https:\/\/www.facebook.com\/Easydayinthailand\/\" \/>\n<meta property=\"article:modified_time\" content=\"2024-05-24T18:32:51+00:00\" \/>\n<meta property=\"og:image\" content=\"https:\/\/www.easydayphuket.com\/wp-content\/uploads\/2014\/03\/DSC03757-300x225.jpg\" \/>\n<meta name=\"twitter:label1\" content=\"Gesch\u00e4tzte Lesezeit\" \/>\n\t<meta name=\"twitter:data1\" content=\"3\u00a0Minuten\" \/>\n<script type=\"application\/ld+json\" class=\"yoast-schema-graph\">{\"@context\":\"https:\/\/schema.org\",\"@graph\":[{\"@type\":\"WebPage\",\"@id\":\"https:\/\/www.easydayphuket.com\/de\/phuket-unternehmungen\/phuket-kochkurs\/\",\"url\":\"https:\/\/www.easydayphuket.com\/de\/phuket-unternehmungen\/phuket-kochkurs\/\",\"name\":\"Phuket Kochkurs durchgef\u00fchrt von Easy Day Phuket\",\"isPartOf\":{\"@id\":\"https:\/\/www.easydayphuket.com\/#website\"},\"primaryImageOfPage\":{\"@id\":\"https:\/\/www.easydayphuket.com\/de\/phuket-unternehmungen\/phuket-kochkurs\/#primaryimage\"},\"image\":{\"@id\":\"https:\/\/www.easydayphuket.com\/de\/phuket-unternehmungen\/phuket-kochkurs\/#primaryimage\"},\"thumbnailUrl\":\"https:\/\/www.easydayphuket.com\/wp-content\/uploads\/2014\/03\/DSC03757-300x225.jpg\",\"datePublished\":\"2015-06-04T11:01:29+00:00\",\"dateModified\":\"2024-05-24T18:32:51+00:00\",\"description\":\"Der Phuket Kochkurs ist sehr beliebt bei Freunden der asiatischen K\u00fcche. Kochen mit viel Spa\u00df und sehr lehrreich f\u00fcr die K\u00fcche zuhause.\",\"breadcrumb\":{\"@id\":\"https:\/\/www.easydayphuket.com\/de\/phuket-unternehmungen\/phuket-kochkurs\/#breadcrumb\"},\"inLanguage\":\"de\",\"potentialAction\":[{\"@type\":\"ReadAction\",\"target\":[\"https:\/\/www.easydayphuket.com\/de\/phuket-unternehmungen\/phuket-kochkurs\/\"]}]},{\"@type\":\"ImageObject\",\"inLanguage\":\"de\",\"@id\":\"https:\/\/www.easydayphuket.com\/de\/phuket-unternehmungen\/phuket-kochkurs\/#primaryimage\",\"url\":\"https:\/\/www.easydayphuket.com\/wp-content\/uploads\/2014\/03\/DSC03757-300x225.jpg\",\"contentUrl\":\"https:\/\/www.easydayphuket.com\/wp-content\/uploads\/2014\/03\/DSC03757-300x225.jpg\"},{\"@type\":\"BreadcrumbList\",\"@id\":\"https:\/\/www.easydayphuket.com\/de\/phuket-unternehmungen\/phuket-kochkurs\/#breadcrumb\",\"itemListElement\":[{\"@type\":\"ListItem\",\"position\":1,\"name\":\"Home\",\"item\":\"https:\/\/www.easydayphuket.com\/de\/\"},{\"@type\":\"ListItem\",\"position\":2,\"name\":\"Phuket Unternehmungen\",\"item\":\"https:\/\/www.easydayphuket.com\/de\/phuket-unternehmungen\/\"},{\"@type\":\"ListItem\",\"position\":3,\"name\":\"Phuket Kochkurs\"}]},{\"@type\":\"WebSite\",\"@id\":\"https:\/\/www.easydayphuket.com\/#website\",\"url\":\"https:\/\/www.easydayphuket.com\/\",\"name\":\"Easy Day Phuket\",\"description\":\"Ihr Phuket Tour & Reise Partner\",\"publisher\":{\"@id\":\"https:\/\/www.easydayphuket.com\/#organization\"},\"potentialAction\":[{\"@type\":\"SearchAction\",\"target\":{\"@type\":\"EntryPoint\",\"urlTemplate\":\"https:\/\/www.easydayphuket.com\/?s={search_term_string}\"},\"query-input\":{\"@type\":\"PropertyValueSpecification\",\"valueRequired\":true,\"valueName\":\"search_term_string\"}}],\"inLanguage\":\"de\"},{\"@type\":\"Organization\",\"@id\":\"https:\/\/www.easydayphuket.com\/#organization\",\"name\":\"Easy Day Thailand\",\"url\":\"https:\/\/www.easydayphuket.com\/\",\"logo\":{\"@type\":\"ImageObject\",\"inLanguage\":\"de\",\"@id\":\"https:\/\/www.easydayphuket.com\/#\/schema\/logo\/image\/\",\"url\":\"https:\/\/www.easydayphuket.com\/wp-content\/uploads\/2013\/07\/Sun-Thaiflag_booking12.gif\",\"contentUrl\":\"https:\/\/www.easydayphuket.com\/wp-content\/uploads\/2013\/07\/Sun-Thaiflag_booking12.gif\",\"width\":100,\"height\":94,\"caption\":\"Easy Day Thailand\"},\"image\":{\"@id\":\"https:\/\/www.easydayphuket.com\/#\/schema\/logo\/image\/\"},\"sameAs\":[\"https:\/\/www.facebook.com\/Easydayinthailand\/\",\"https:\/\/www.instagram.com\/easydaythailand\/\"]}]}<\/script>\n<!-- \/ Yoast SEO plugin. -->","yoast_head_json":{"title":"Phuket Kochkurs durchgef\u00fchrt von Easy Day Phuket","description":"Der Phuket Kochkurs ist sehr beliebt bei Freunden der asiatischen K\u00fcche. Kochen mit viel Spa\u00df und sehr lehrreich f\u00fcr die K\u00fcche zuhause.","robots":{"index":"index","follow":"follow","max-snippet":"max-snippet:-1","max-image-preview":"max-image-preview:large","max-video-preview":"max-video-preview:-1"},"canonical":"https:\/\/www.easydayphuket.com\/de\/phuket-unternehmungen\/phuket-kochkurs\/","og_locale":"de_DE","og_type":"article","og_title":"Phuket Kochkurs durchgef\u00fchrt von Easy Day Phuket","og_description":"Der Phuket Kochkurs ist sehr beliebt bei Freunden der asiatischen K\u00fcche. Kochen mit viel Spa\u00df und sehr lehrreich f\u00fcr die K\u00fcche zuhause.","og_url":"https:\/\/www.easydayphuket.com\/de\/phuket-unternehmungen\/phuket-kochkurs\/","og_site_name":"Easy Day Phuket","article_publisher":"https:\/\/www.facebook.com\/Easydayinthailand\/","article_modified_time":"2024-05-24T18:32:51+00:00","og_image":[{"url":"https:\/\/www.easydayphuket.com\/wp-content\/uploads\/2014\/03\/DSC03757-300x225.jpg","type":"","width":"","height":""}],"twitter_misc":{"Gesch\u00e4tzte Lesezeit":"3\u00a0Minuten"},"schema":{"@context":"https:\/\/schema.org","@graph":[{"@type":"WebPage","@id":"https:\/\/www.easydayphuket.com\/de\/phuket-unternehmungen\/phuket-kochkurs\/","url":"https:\/\/www.easydayphuket.com\/de\/phuket-unternehmungen\/phuket-kochkurs\/","name":"Phuket Kochkurs durchgef\u00fchrt von Easy Day Phuket","isPartOf":{"@id":"https:\/\/www.easydayphuket.com\/#website"},"primaryImageOfPage":{"@id":"https:\/\/www.easydayphuket.com\/de\/phuket-unternehmungen\/phuket-kochkurs\/#primaryimage"},"image":{"@id":"https:\/\/www.easydayphuket.com\/de\/phuket-unternehmungen\/phuket-kochkurs\/#primaryimage"},"thumbnailUrl":"https:\/\/www.easydayphuket.com\/wp-content\/uploads\/2014\/03\/DSC03757-300x225.jpg","datePublished":"2015-06-04T11:01:29+00:00","dateModified":"2024-05-24T18:32:51+00:00","description":"Der Phuket Kochkurs ist sehr beliebt bei Freunden der asiatischen K\u00fcche. Kochen mit viel Spa\u00df und sehr lehrreich f\u00fcr die K\u00fcche zuhause.","breadcrumb":{"@id":"https:\/\/www.easydayphuket.com\/de\/phuket-unternehmungen\/phuket-kochkurs\/#breadcrumb"},"inLanguage":"de","potentialAction":[{"@type":"ReadAction","target":["https:\/\/www.easydayphuket.com\/de\/phuket-unternehmungen\/phuket-kochkurs\/"]}]},{"@type":"ImageObject","inLanguage":"de","@id":"https:\/\/www.easydayphuket.com\/de\/phuket-unternehmungen\/phuket-kochkurs\/#primaryimage","url":"https:\/\/www.easydayphuket.com\/wp-content\/uploads\/2014\/03\/DSC03757-300x225.jpg","contentUrl":"https:\/\/www.easydayphuket.com\/wp-content\/uploads\/2014\/03\/DSC03757-300x225.jpg"},{"@type":"BreadcrumbList","@id":"https:\/\/www.easydayphuket.com\/de\/phuket-unternehmungen\/phuket-kochkurs\/#breadcrumb","itemListElement":[{"@type":"ListItem","position":1,"name":"Home","item":"https:\/\/www.easydayphuket.com\/de\/"},{"@type":"ListItem","position":2,"name":"Phuket Unternehmungen","item":"https:\/\/www.easydayphuket.com\/de\/phuket-unternehmungen\/"},{"@type":"ListItem","position":3,"name":"Phuket Kochkurs"}]},{"@type":"WebSite","@id":"https:\/\/www.easydayphuket.com\/#website","url":"https:\/\/www.easydayphuket.com\/","name":"Easy Day Phuket","description":"Ihr Phuket Tour & Reise Partner","publisher":{"@id":"https:\/\/www.easydayphuket.com\/#organization"},"potentialAction":[{"@type":"SearchAction","target":{"@type":"EntryPoint","urlTemplate":"https:\/\/www.easydayphuket.com\/?s={search_term_string}"},"query-input":{"@type":"PropertyValueSpecification","valueRequired":true,"valueName":"search_term_string"}}],"inLanguage":"de"},{"@type":"Organization","@id":"https:\/\/www.easydayphuket.com\/#organization","name":"Easy Day Thailand","url":"https:\/\/www.easydayphuket.com\/","logo":{"@type":"ImageObject","inLanguage":"de","@id":"https:\/\/www.easydayphuket.com\/#\/schema\/logo\/image\/","url":"https:\/\/www.easydayphuket.com\/wp-content\/uploads\/2013\/07\/Sun-Thaiflag_booking12.gif","contentUrl":"https:\/\/www.easydayphuket.com\/wp-content\/uploads\/2013\/07\/Sun-Thaiflag_booking12.gif","width":100,"height":94,"caption":"Easy Day Thailand"},"image":{"@id":"https:\/\/www.easydayphuket.com\/#\/schema\/logo\/image\/"},"sameAs":["https:\/\/www.facebook.com\/Easydayinthailand\/","https:\/\/www.instagram.com\/easydaythailand\/"]}]}},"_links":{"self":[{"href":"https:\/\/www.easydayphuket.com\/de\/wp-json\/wp\/v2\/pages\/10324","targetHints":{"allow":["GET"]}}],"collection":[{"href":"https:\/\/www.easydayphuket.com\/de\/wp-json\/wp\/v2\/pages"}],"about":[{"href":"https:\/\/www.easydayphuket.com\/de\/wp-json\/wp\/v2\/types\/page"}],"author":[{"embeddable":true,"href":"https:\/\/www.easydayphuket.com\/de\/wp-json\/wp\/v2\/users\/4"}],"replies":[{"embeddable":true,"href":"https:\/\/www.easydayphuket.com\/de\/wp-json\/wp\/v2\/comments?post=10324"}],"version-history":[{"count":0,"href":"https:\/\/www.easydayphuket.com\/de\/wp-json\/wp\/v2\/pages\/10324\/revisions"}],"up":[{"embeddable":true,"href":"https:\/\/www.easydayphuket.com\/de\/wp-json\/wp\/v2\/pages\/10326"}],"wp:attachment":[{"href":"https:\/\/www.easydayphuket.com\/de\/wp-json\/wp\/v2\/media?parent=10324"}],"curies":[{"name":"wp","href":"https:\/\/api.w.org\/{rel}","templated":true}]}}