{"id":10321,"date":"2015-06-04T11:25:47","date_gmt":"2015-06-04T04:25:47","guid":{"rendered":"https:\/\/www.easydayphuket.com\/?page_id=10321"},"modified":"2024-05-13T03:22:02","modified_gmt":"2024-05-12T20:22:02","slug":"phi-phi-speedboat-ausflug","status":"publish","type":"page","link":"https:\/\/www.easydayphuket.com\/de\/phuket-ausfluege\/phi-phi-island-touren\/phi-phi-speedboat-ausflug\/","title":{"rendered":"Phi Phi Speedboat Ausflug"},"content":{"rendered":"\n<figure class=\"wp-block-image alignright\"><a href=\"https:\/\/www.easydayphuket.com\/wp-content\/uploads\/2013\/07\/Speed-boats-at-Phi-Phi-Island.jpg\"><img loading=\"lazy\" decoding=\"async\" width=\"300\" height=\"187\" src=\"https:\/\/www.easydayphuket.com\/wp-content\/uploads\/2013\/07\/Speed-boats-at-Phi-Phi-Island-300x187.jpg\" alt=\"Phi Phi Speedboat Ausflug\" class=\"wp-image-5719\" srcset=\"https:\/\/www.easydayphuket.com\/wp-content\/uploads\/2013\/07\/Speed-boats-at-Phi-Phi-Island-300x187.jpg 300w, https:\/\/www.easydayphuket.com\/wp-content\/uploads\/2013\/07\/Speed-boats-at-Phi-Phi-Island-88x55.jpg 88w, https:\/\/www.easydayphuket.com\/wp-content\/uploads\/2013\/07\/Speed-boats-at-Phi-Phi-Island.jpg 800w\" sizes=\"(max-width: 300px) 100vw, 300px\" \/><\/a><figcaption class=\"wp-element-caption\">Phi Phi Speedboat in der Maya Bay<\/figcaption><\/figure>\n\n\n\n<p>Phi Phi Speedboat Ausflug&nbsp;&#8211; Gleich am fr\u00fchen Morgen geht es mit dem Schnellboot nach Phi Phi Island. Sie werden einer der Ersten in der Maya Bay sein, wo ein fantastischer Strand auf Sie wartet.<\/p>\n\n\n\n<ul class=\"wp-block-list\">\n<li><strong>Einer der besten Phi Phi Isl. Ausfl\u00fcge!<\/strong><\/li>\n\n\n\n<li><strong>Komfortables Schnellboat.<\/strong><\/li>\n\n\n\n<li><strong>Begrenzte Anzahl G\u00e4ste.<\/strong><\/li>\n\n\n\n<li>Besuch der<strong> Maya Bay, Viking H\u00f6hle, Ao Nui Beach<\/strong>\u00a0&amp; Bamboo Island.<\/li>\n\n\n\n<li><strong>Schwimmen &amp; Schnorcheln.<\/strong><\/li>\n<\/ul>\n\n\n<p><strong>Preise in Thai Baht pro Person: 3,900 | Kinder (3-12Jahren)\u00a02,900\u00a0 <a href=\"#form\">&gt;&gt;Buchen \/ Kontakt <\/a><\/strong><\/p>\n\n\n\n<p><strong>T<\/strong><strong>our Inklusive :<\/strong><\/p>\n\n\n<ul>\n<li>Transfer von &amp; zum Phuket Hotel.<\/li>\n<li>Maske, Schnorchel, Rettungsweste.<\/li>\n<li>Schnellboot.<\/li>\n<li>Alkoholfreie Getr\u00e4nke, Fr\u00fcchte und Geb\u00e4ck.<\/li>\n<li>Mittagessen im Restaurant in Phi Phi Don.<\/li>\n<li>Englischsprechende Reiseleiter<\/li>\n<li>Deutschsprachige Reiseleiter <strong>auf Anfrage<\/strong>.<\/li>\n<li>Steuern und Versicherung.<\/li>\n<\/ul>\n\n\n\n<p><span style=\"color: #ff0000;\">Nicht im Preis inklusive<\/span>: Phi Phi Island Nationalpark-Geb\u00fchr in Thai Baht pro Person 400 und 200 f\u00fcr Kinder.<\/p>\n\n\n\n<p class=\"has-text-align-right\"><a href='#form' class='small-button smallblue'>Buchen \/ Kontakt<\/a><\/p>\n\n\n\n<h2 class=\"wp-block-heading\">Phi Phi Island Tour &#8211; Galerie<\/h2>\n\n\n\n<figure class=\"wp-block-gallery has-nested-images columns-3 is-cropped wp-block-gallery-1 is-layout-flex wp-block-gallery-is-layout-flex\">\n\n\n\n\n\n\n\n\n\n\n\n\n\n\n\n<\/figure>\n\n\n\n<h2 class=\"wp-block-heading\">Phi Phi Speedboat Ausflug &#8211; Tourablauf<\/h2>\n\n\n\n<ul class=\"wp-block-list\">\n<li>07.30 &#8211; Abholung vom Phuket Hotel und Transfer zum Hafen Royal Phuket Marina.<\/li>\n\n\n\n<li>09.00 &#8211; Abfahrt nach\u00a0 Phi Phi Island mit dem Schnellboot..<\/li>\n\n\n\n<li>10.00 &#8211; Ankunft in\u00a0<b>Phi Phi Island! <\/b>Rundfahrt\u00a0&amp; schnorcheln bei Loh Samah, Pileh Lagoon, Viking Cave, Monkey Beach &amp; Maya Bay<\/li>\n\n\n\n<li>13.00 &#8211; Mittagessen im Restaurant auf Phi Phi Don Island.<\/li>\n\n\n\n<li>14:30 &#8211;\u00a0\u00dcberfahrt, schwimmen &amp; entspannen\u00a0am Strand von Bamboo Island oder Rang Yai Island.<\/li>\n\n\n\n<li>15:30 -R\u00fcckfahrt von Phi Phi Islnad nach Phuket.<\/li>\n\n\n\n<li>16:30 &#8211; Ankunft in der Royal Phuket Marina und Transfer zum Hotel in Phuket.<\/li>\n<\/ul>\n\n\n\n<p><span style=\"color: #ff6600;\"><strong>Anmerkung<\/strong>: <span style=\"color: #000000;\">Die Maya Bay ist 2018 vom 1.Juni bis zum 30.September geschlossen und ist zu der Zeit nicht im Tourplan enthalten.<\/span><\/span><\/p>\n\n\n\n<h3 class=\"wp-block-heading\">Kommentare<\/h3>\n\n\n\n<blockquote class=\"wp-block-quote is-layout-flow wp-block-quote-is-layout-flow\">\n<p>Hallo Andreas,<\/p>\n\n\n\n<p>Der Ausflug war wirklich Weltklasse, hat uns allen 5 super gefallen.<br>Wir haben schon in vielen L\u00e4ndern Ausfl\u00fcge unternommen aber das war bisher wirklich der beste.<br>Nat\u00fcrlich waren die Ziele wundersch\u00f6n aber der Ablauf der Tour und besonders die Mitarbeiter haben es uns angetan, das war 1a &#x1f600;<br>So eine Freundlichkeit gibt es wahrscheinlich nur in Thailand &#x1f600;<\/p>\n\n\n\n<p>Viele Gr\u00fc\u00dfe<\/p>\n\n\n\n<p>Ronny<\/p>\n<\/blockquote>\n\n\n\n<h2 class=\"wp-block-heading\" id=\"form\">Kontakt f\u00fcr Phi Phi Island Speedboat Ausflug<\/h2>\n\n\n\n<script charset=\"utf-8\" type=\"text\/javascript\" src=\"\/\/js.hsforms.net\/forms\/embed\/v2.js\"><\/script>\n<script>\n  hbspt.forms.create({\n    region: \"na1\",\n    portalId: \"3413662\",\n    formId: \"59765d47-ffdf-4452-a315-11081d03c004\"\n  });\n<\/script>\n\n\n\n<p>Mehr \u00fcber Phi Phi Speedboat Ausflug&nbsp;auf Easy Day Thailand Blog. <a title=\"Easy Day Thailand Blog - Phi PHi Speedboat trip report\" href=\"https:\/\/easydaythailand.blogspot.com\/2013\/07\/phi-phi-islands-tour-speedboat-to-phi.html\" target=\"_blank\" rel=\"noopener\">Mehr Infos&#8230;<\/a><\/p>\n","protected":false},"excerpt":{"rendered":"<p>Phi Phi Speedboat Ausflug&nbsp;&#8211; Gleich am fr\u00fchen Morgen geht es mit dem Schnellboot nach Phi Phi Island. Sie werden einer der Ersten in der Maya Bay sein, wo ein fantastischer Strand auf Sie wartet. Tour Inklusive : Nicht im Preis inklusive: Phi Phi Island Nationalpark-Geb\u00fchr in Thai Baht pro Person und f\u00fcr Kinder. Phi Phi [&hellip;]<\/p>\n","protected":false},"author":4,"featured_media":0,"parent":10320,"menu_order":0,"comment_status":"closed","ping_status":"closed","template":"","meta":{"_acf_changed":false,"_et_pb_use_builder":"","_et_pb_old_content":"","_et_gb_content_width":"","footnotes":""},"class_list":["post-10321","page","type-page","status-publish","hentry"],"acf":[],"yoast_head":"<!-- This site is optimized with the Yoast SEO plugin v25.1 - https:\/\/yoast.com\/wordpress\/plugins\/seo\/ -->\n<title>Phi Phi Speedboat Ausflug - Schnorcheln &amp; Schwimmen<\/title>\n<meta name=\"description\" content=\"Phi Phi Speedboat Ausflug startet schon fr\u00fch damit man vor den Massen in der Maya Bay, Monkey Beach und Bamboo Island ankommt. Empfehlenswerter Ausflug.\" \/>\n<meta name=\"robots\" content=\"index, follow, max-snippet:-1, max-image-preview:large, max-video-preview:-1\" \/>\n<link rel=\"canonical\" href=\"https:\/\/www.easydayphuket.com\/de\/phuket-ausfluege\/phi-phi-island-touren\/phi-phi-speedboat-ausflug\/\" \/>\n<meta property=\"og:locale\" content=\"de_DE\" \/>\n<meta property=\"og:type\" content=\"article\" \/>\n<meta property=\"og:title\" content=\"Phi Phi Speedboat Ausflug - Schnorcheln &amp; Schwimmen\" \/>\n<meta property=\"og:description\" content=\"Phi Phi Speedboat Ausflug startet schon fr\u00fch damit man vor den Massen in der Maya Bay, Monkey Beach und Bamboo Island ankommt. Empfehlenswerter Ausflug.\" \/>\n<meta property=\"og:url\" content=\"https:\/\/www.easydayphuket.com\/de\/phuket-ausfluege\/phi-phi-island-touren\/phi-phi-speedboat-ausflug\/\" \/>\n<meta property=\"og:site_name\" content=\"Easy Day Phuket\" \/>\n<meta property=\"article:publisher\" content=\"https:\/\/www.facebook.com\/Easydayinthailand\/\" \/>\n<meta property=\"article:modified_time\" content=\"2024-05-12T20:22:02+00:00\" \/>\n<meta property=\"og:image\" content=\"https:\/\/www.easydayphuket.com\/wp-content\/uploads\/2013\/07\/Speed-boats-at-Phi-Phi-Island-300x187.jpg\" \/>\n<meta name=\"twitter:label1\" content=\"Gesch\u00e4tzte Lesezeit\" \/>\n\t<meta name=\"twitter:data1\" content=\"4\u00a0Minuten\" \/>\n<script type=\"application\/ld+json\" class=\"yoast-schema-graph\">{\"@context\":\"https:\/\/schema.org\",\"@graph\":[{\"@type\":\"WebPage\",\"@id\":\"https:\/\/www.easydayphuket.com\/de\/phuket-ausfluege\/phi-phi-island-touren\/phi-phi-speedboat-ausflug\/\",\"url\":\"https:\/\/www.easydayphuket.com\/de\/phuket-ausfluege\/phi-phi-island-touren\/phi-phi-speedboat-ausflug\/\",\"name\":\"Phi Phi Speedboat Ausflug - Schnorcheln & Schwimmen\",\"isPartOf\":{\"@id\":\"https:\/\/www.easydayphuket.com\/#website\"},\"primaryImageOfPage\":{\"@id\":\"https:\/\/www.easydayphuket.com\/de\/phuket-ausfluege\/phi-phi-island-touren\/phi-phi-speedboat-ausflug\/#primaryimage\"},\"image\":{\"@id\":\"https:\/\/www.easydayphuket.com\/de\/phuket-ausfluege\/phi-phi-island-touren\/phi-phi-speedboat-ausflug\/#primaryimage\"},\"thumbnailUrl\":\"https:\/\/www.easydayphuket.com\/wp-content\/uploads\/2013\/07\/Speed-boats-at-Phi-Phi-Island-300x187.jpg\",\"datePublished\":\"2015-06-04T04:25:47+00:00\",\"dateModified\":\"2024-05-12T20:22:02+00:00\",\"description\":\"Phi Phi Speedboat Ausflug startet schon fr\u00fch damit man vor den Massen in der Maya Bay, Monkey Beach und Bamboo Island ankommt. Empfehlenswerter Ausflug.\",\"breadcrumb\":{\"@id\":\"https:\/\/www.easydayphuket.com\/de\/phuket-ausfluege\/phi-phi-island-touren\/phi-phi-speedboat-ausflug\/#breadcrumb\"},\"inLanguage\":\"de\",\"potentialAction\":[{\"@type\":\"ReadAction\",\"target\":[\"https:\/\/www.easydayphuket.com\/de\/phuket-ausfluege\/phi-phi-island-touren\/phi-phi-speedboat-ausflug\/\"]}]},{\"@type\":\"ImageObject\",\"inLanguage\":\"de\",\"@id\":\"https:\/\/www.easydayphuket.com\/de\/phuket-ausfluege\/phi-phi-island-touren\/phi-phi-speedboat-ausflug\/#primaryimage\",\"url\":\"https:\/\/www.easydayphuket.com\/wp-content\/uploads\/2013\/07\/Speed-boats-at-Phi-Phi-Island-300x187.jpg\",\"contentUrl\":\"https:\/\/www.easydayphuket.com\/wp-content\/uploads\/2013\/07\/Speed-boats-at-Phi-Phi-Island-300x187.jpg\"},{\"@type\":\"BreadcrumbList\",\"@id\":\"https:\/\/www.easydayphuket.com\/de\/phuket-ausfluege\/phi-phi-island-touren\/phi-phi-speedboat-ausflug\/#breadcrumb\",\"itemListElement\":[{\"@type\":\"ListItem\",\"position\":1,\"name\":\"Home\",\"item\":\"https:\/\/www.easydayphuket.com\/de\/\"},{\"@type\":\"ListItem\",\"position\":2,\"name\":\"Phuket Ausfl\u00fcge\",\"item\":\"https:\/\/www.easydayphuket.com\/de\/phuket-ausfluege\/\"},{\"@type\":\"ListItem\",\"position\":3,\"name\":\"Phi Phi Island Touren\",\"item\":\"https:\/\/www.easydayphuket.com\/de\/phuket-ausfluege\/phi-phi-island-touren\/\"},{\"@type\":\"ListItem\",\"position\":4,\"name\":\"Phi Phi Speedboat Ausflug\"}]},{\"@type\":\"WebSite\",\"@id\":\"https:\/\/www.easydayphuket.com\/#website\",\"url\":\"https:\/\/www.easydayphuket.com\/\",\"name\":\"Easy Day Phuket\",\"description\":\"Ihr Phuket Tour & Reise Partner\",\"publisher\":{\"@id\":\"https:\/\/www.easydayphuket.com\/#organization\"},\"potentialAction\":[{\"@type\":\"SearchAction\",\"target\":{\"@type\":\"EntryPoint\",\"urlTemplate\":\"https:\/\/www.easydayphuket.com\/?s={search_term_string}\"},\"query-input\":{\"@type\":\"PropertyValueSpecification\",\"valueRequired\":true,\"valueName\":\"search_term_string\"}}],\"inLanguage\":\"de\"},{\"@type\":\"Organization\",\"@id\":\"https:\/\/www.easydayphuket.com\/#organization\",\"name\":\"Easy Day Thailand\",\"url\":\"https:\/\/www.easydayphuket.com\/\",\"logo\":{\"@type\":\"ImageObject\",\"inLanguage\":\"de\",\"@id\":\"https:\/\/www.easydayphuket.com\/#\/schema\/logo\/image\/\",\"url\":\"https:\/\/www.easydayphuket.com\/wp-content\/uploads\/2013\/07\/Sun-Thaiflag_booking12.gif\",\"contentUrl\":\"https:\/\/www.easydayphuket.com\/wp-content\/uploads\/2013\/07\/Sun-Thaiflag_booking12.gif\",\"width\":100,\"height\":94,\"caption\":\"Easy Day Thailand\"},\"image\":{\"@id\":\"https:\/\/www.easydayphuket.com\/#\/schema\/logo\/image\/\"},\"sameAs\":[\"https:\/\/www.facebook.com\/Easydayinthailand\/\",\"https:\/\/www.instagram.com\/easydaythailand\/\"]}]}<\/script>\n<!-- \/ Yoast SEO plugin. -->","yoast_head_json":{"title":"Phi Phi Speedboat Ausflug - Schnorcheln & Schwimmen","description":"Phi Phi Speedboat Ausflug startet schon fr\u00fch damit man vor den Massen in der Maya Bay, Monkey Beach und Bamboo Island ankommt. Empfehlenswerter Ausflug.","robots":{"index":"index","follow":"follow","max-snippet":"max-snippet:-1","max-image-preview":"max-image-preview:large","max-video-preview":"max-video-preview:-1"},"canonical":"https:\/\/www.easydayphuket.com\/de\/phuket-ausfluege\/phi-phi-island-touren\/phi-phi-speedboat-ausflug\/","og_locale":"de_DE","og_type":"article","og_title":"Phi Phi Speedboat Ausflug - Schnorcheln & Schwimmen","og_description":"Phi Phi Speedboat Ausflug startet schon fr\u00fch damit man vor den Massen in der Maya Bay, Monkey Beach und Bamboo Island ankommt. Empfehlenswerter Ausflug.","og_url":"https:\/\/www.easydayphuket.com\/de\/phuket-ausfluege\/phi-phi-island-touren\/phi-phi-speedboat-ausflug\/","og_site_name":"Easy Day Phuket","article_publisher":"https:\/\/www.facebook.com\/Easydayinthailand\/","article_modified_time":"2024-05-12T20:22:02+00:00","og_image":[{"url":"https:\/\/www.easydayphuket.com\/wp-content\/uploads\/2013\/07\/Speed-boats-at-Phi-Phi-Island-300x187.jpg","type":"","width":"","height":""}],"twitter_misc":{"Gesch\u00e4tzte Lesezeit":"4\u00a0Minuten"},"schema":{"@context":"https:\/\/schema.org","@graph":[{"@type":"WebPage","@id":"https:\/\/www.easydayphuket.com\/de\/phuket-ausfluege\/phi-phi-island-touren\/phi-phi-speedboat-ausflug\/","url":"https:\/\/www.easydayphuket.com\/de\/phuket-ausfluege\/phi-phi-island-touren\/phi-phi-speedboat-ausflug\/","name":"Phi Phi Speedboat Ausflug - Schnorcheln & Schwimmen","isPartOf":{"@id":"https:\/\/www.easydayphuket.com\/#website"},"primaryImageOfPage":{"@id":"https:\/\/www.easydayphuket.com\/de\/phuket-ausfluege\/phi-phi-island-touren\/phi-phi-speedboat-ausflug\/#primaryimage"},"image":{"@id":"https:\/\/www.easydayphuket.com\/de\/phuket-ausfluege\/phi-phi-island-touren\/phi-phi-speedboat-ausflug\/#primaryimage"},"thumbnailUrl":"https:\/\/www.easydayphuket.com\/wp-content\/uploads\/2013\/07\/Speed-boats-at-Phi-Phi-Island-300x187.jpg","datePublished":"2015-06-04T04:25:47+00:00","dateModified":"2024-05-12T20:22:02+00:00","description":"Phi Phi Speedboat Ausflug startet schon fr\u00fch damit man vor den Massen in der Maya Bay, Monkey Beach und Bamboo Island ankommt. Empfehlenswerter Ausflug.","breadcrumb":{"@id":"https:\/\/www.easydayphuket.com\/de\/phuket-ausfluege\/phi-phi-island-touren\/phi-phi-speedboat-ausflug\/#breadcrumb"},"inLanguage":"de","potentialAction":[{"@type":"ReadAction","target":["https:\/\/www.easydayphuket.com\/de\/phuket-ausfluege\/phi-phi-island-touren\/phi-phi-speedboat-ausflug\/"]}]},{"@type":"ImageObject","inLanguage":"de","@id":"https:\/\/www.easydayphuket.com\/de\/phuket-ausfluege\/phi-phi-island-touren\/phi-phi-speedboat-ausflug\/#primaryimage","url":"https:\/\/www.easydayphuket.com\/wp-content\/uploads\/2013\/07\/Speed-boats-at-Phi-Phi-Island-300x187.jpg","contentUrl":"https:\/\/www.easydayphuket.com\/wp-content\/uploads\/2013\/07\/Speed-boats-at-Phi-Phi-Island-300x187.jpg"},{"@type":"BreadcrumbList","@id":"https:\/\/www.easydayphuket.com\/de\/phuket-ausfluege\/phi-phi-island-touren\/phi-phi-speedboat-ausflug\/#breadcrumb","itemListElement":[{"@type":"ListItem","position":1,"name":"Home","item":"https:\/\/www.easydayphuket.com\/de\/"},{"@type":"ListItem","position":2,"name":"Phuket Ausfl\u00fcge","item":"https:\/\/www.easydayphuket.com\/de\/phuket-ausfluege\/"},{"@type":"ListItem","position":3,"name":"Phi Phi Island Touren","item":"https:\/\/www.easydayphuket.com\/de\/phuket-ausfluege\/phi-phi-island-touren\/"},{"@type":"ListItem","position":4,"name":"Phi Phi Speedboat Ausflug"}]},{"@type":"WebSite","@id":"https:\/\/www.easydayphuket.com\/#website","url":"https:\/\/www.easydayphuket.com\/","name":"Easy Day Phuket","description":"Ihr Phuket Tour & Reise Partner","publisher":{"@id":"https:\/\/www.easydayphuket.com\/#organization"},"potentialAction":[{"@type":"SearchAction","target":{"@type":"EntryPoint","urlTemplate":"https:\/\/www.easydayphuket.com\/?s={search_term_string}"},"query-input":{"@type":"PropertyValueSpecification","valueRequired":true,"valueName":"search_term_string"}}],"inLanguage":"de"},{"@type":"Organization","@id":"https:\/\/www.easydayphuket.com\/#organization","name":"Easy Day Thailand","url":"https:\/\/www.easydayphuket.com\/","logo":{"@type":"ImageObject","inLanguage":"de","@id":"https:\/\/www.easydayphuket.com\/#\/schema\/logo\/image\/","url":"https:\/\/www.easydayphuket.com\/wp-content\/uploads\/2013\/07\/Sun-Thaiflag_booking12.gif","contentUrl":"https:\/\/www.easydayphuket.com\/wp-content\/uploads\/2013\/07\/Sun-Thaiflag_booking12.gif","width":100,"height":94,"caption":"Easy Day Thailand"},"image":{"@id":"https:\/\/www.easydayphuket.com\/#\/schema\/logo\/image\/"},"sameAs":["https:\/\/www.facebook.com\/Easydayinthailand\/","https:\/\/www.instagram.com\/easydaythailand\/"]}]}},"_links":{"self":[{"href":"https:\/\/www.easydayphuket.com\/de\/wp-json\/wp\/v2\/pages\/10321","targetHints":{"allow":["GET"]}}],"collection":[{"href":"https:\/\/www.easydayphuket.com\/de\/wp-json\/wp\/v2\/pages"}],"about":[{"href":"https:\/\/www.easydayphuket.com\/de\/wp-json\/wp\/v2\/types\/page"}],"author":[{"embeddable":true,"href":"https:\/\/www.easydayphuket.com\/de\/wp-json\/wp\/v2\/users\/4"}],"replies":[{"embeddable":true,"href":"https:\/\/www.easydayphuket.com\/de\/wp-json\/wp\/v2\/comments?post=10321"}],"version-history":[{"count":0,"href":"https:\/\/www.easydayphuket.com\/de\/wp-json\/wp\/v2\/pages\/10321\/revisions"}],"up":[{"embeddable":true,"href":"https:\/\/www.easydayphuket.com\/de\/wp-json\/wp\/v2\/pages\/10320"}],"wp:attachment":[{"href":"https:\/\/www.easydayphuket.com\/de\/wp-json\/wp\/v2\/media?parent=10321"}],"curies":[{"name":"wp","href":"https:\/\/api.w.org\/{rel}","templated":true}]}}