{"id":10320,"date":"2015-06-04T16:46:22","date_gmt":"2015-06-04T09:46:22","guid":{"rendered":"https:\/\/www.easydayphuket.com\/?page_id=10320"},"modified":"2024-05-13T03:15:25","modified_gmt":"2024-05-12T20:15:25","slug":"phi-phi-island-touren","status":"publish","type":"page","link":"https:\/\/www.easydayphuket.com\/de\/phuket-ausfluege\/phi-phi-island-touren\/","title":{"rendered":"Phi Phi Island Touren"},"content":{"rendered":"\n<p>Phi Phi Island Touren von Easy Day Phuket &#8211; Besuchen Sie <strong>Phi Phi Island<\/strong> mit einer unserer t\u00e4glichen Rundfahrten ins Paradies. Zum schnorcheln in die bekannte Maya Bay wo einer der ber\u00fchmten Hollywood filme,&nbsp; <strong>\u201cThe Beach\u201d<\/strong> gedreht wurde oder zum erkunden ins <strong>Tonsai Dorf<\/strong> auf Phi Phi Don. Wir haben verschiedene Angebote zusammengestellt und f\u00fcr Sie hier aufgef\u00fchrt.<\/p>\n\n\n\n<figure class=\"wp-block-image alignleft\"><a href=\"https:\/\/www.easydayphuket.com\/de\/phuket-ausfluege\/phi-phi-island-touren\/phi-phi-island-premium-tour\/\"><img decoding=\"async\" src=\"https:\/\/farm8.staticflickr.com\/7419\/9484653338_a1a79cc9d2_q.jpg\" alt=\"Einen Ausflug nach Phi Phi Island\"\/><\/a><figcaption class=\"wp-element-caption\">Maya Bay, Phi Phi Island<\/figcaption><\/figure>\n\n\n\n<h2 class=\"wp-block-heading\"><a title=\"Phi Phi Tours \u2013 Premium Tour\" href=\"https:\/\/www.easydayphuket.com\/phi-phi-premium-tour\/\">Phi Phi Premium Tour<\/a><\/h2>\n\n\n\n<p>Eine Phi Phi Island Tour in der ersten Klasse ist die komfortabelste M\u00f6glichkeit diese fantastischen Inseln zu besuchen. Die Phi Phi Premium Tour findet das ganze Jahr statt und ist von einem sehr <strong>guten Preis Leistungsverh\u00e4ltnis<\/strong> gepr\u00e4gt. <strong>Preise in Thai Baht pro Person: 3,500 | Kinder (4-11Jahren) 2,500<\/strong><\/p>\n\n\n\n<p class=\"has-text-align-right\"><a title=\"Easy Day Contact Form\" href=\"https:\/\/www.easydayphuket.com\/de\/kontakt\/\">Kontakt<\/a> | <a title=\"Phi Phi Tours \u2013 Premium Tour\" href=\"https:\/\/www.easydayphuket.com\/phi-phi-premium-tour\/\">Mehr Infos&#8230;<\/a><\/p>\n\n\n\n<p class=\"has-text-align-left\"><div class=\"divider\"><\/div><\/p>\n\n\n\n<figure class=\"wp-block-image alignleft\"><a href=\"https:\/\/www.easydayphuket.com\/de\/phuket-ausfluege\/phi-phi-island-touren\/phi-phi-speedboat-ausflug\/\"><img decoding=\"async\" src=\"https:\/\/farm6.staticflickr.com\/5474\/9347910459_951a571c8d_q.jpg\" alt=\" Phi Phi Island Touren mit Besichtigung der Inselwelt\"\/><\/a><figcaption class=\"wp-element-caption\">Schnorcheln Phi Phi Island<\/figcaption><\/figure>\n\n\n\n<h2 class=\"wp-block-heading\"><a title=\"Phi Phi Speedboat Tour\" href=\"https:\/\/www.easydayphuket.com\/de\/phuket-ausfluege\/phi-phi-island-touren\/phi-phi-speedboat-ausflug\/\">Phi Phi Inselrundfahrt<\/a><\/h2>\n\n\n\n<p>Eine Phi Phi Island Tour mit dem Speedboot verspricht viel Spa\u00df und Spannung. Hier geht es in verschiedene Buchten zum schnorcheln und baden, genauso wie zur Insel Phi Phi Don zum Besuch des Tonai Dorfes. <strong>Preise in Thai Baht pro Person: 3,900 | Kinder (3-11Jahren)&nbsp;2,900 <\/strong><\/p>\n\n\n\n<p class=\"has-text-align-right\"><a title=\"Easy Day Contact Form\" href=\"https:\/\/www.easydayphuket.com\/de\/kontakt\/\">Kontakt<\/a> | <a title=\"Phi Phi Speedboat Tour\" href=\"https:\/\/www.easydayphuket.com\/de\/phuket-ausfluege\/phi-phi-island-touren\/phi-phi-speedboat-ausflug\/\">Mehr Infos&#8230;<\/a><\/p>\n\n\n<div class=\"divider\"><\/div>\n\n\n\n<figure class=\"wp-block-image alignleft\"><a href=\"https:\/\/www.easydayphuket.com\/wp-content\/uploads\/2015\/06\/Giamani_view.jpg\"><img loading=\"lazy\" decoding=\"async\" width=\"150\" height=\"150\" src=\"https:\/\/www.easydayphuket.com\/wp-content\/uploads\/2015\/06\/Giamani_view-150x150.jpg\" alt=\"Bootsausflug Phi Phi Island mit \u00dcbernachtung auf der MV Giamani\" class=\"wp-image-10393\"\/><\/a><figcaption class=\"wp-element-caption\">Phi Phi Island mit \u00dcbernachtung<\/figcaption><\/figure>\n\n\n\n<h2 class=\"wp-block-heading\"><a title=\"Sai Mai Phi Phi Overnight Tour\" href=\"https:\/\/www.easydayphuket.com\/de\/phuket-ausfluege\/phi-phi-island-touren\/phi-phi-overnight-tour\/\">Phi Phi Overnight<\/a><\/h2>\n\n\n\n<p>Phi Phi Island Tour mit \u00dcbernachtung an Bord der MV Giamani. Ein Boot mit luxuri\u00f6ser Ausstattung und erstklassiger Besatzung, besucht mit Ihnen die sch\u00f6nsten Str\u00e4nde und Buchten. Genie\u00dfen Sie die Maya Bay bevor die anderen G\u00e4ste kommen, Sie sind der Erste. <strong>Preise in Thai Baht pro Person:&nbsp;<\/strong><strong>[ppovernight_saimai] <\/strong><\/p>\n\n\n\n<p class=\"has-text-align-right\"><a title=\"Easy Day Contact Form\" href=\"https:\/\/www.easydayphuket.com\/de\/kontakt\/\">Kontakt<\/a> | <a title=\"Sai Mai Phi Phi Overnight Tour\" href=\"https:\/\/www.easydayphuket.com\/de\/phuket-ausfluege\/phi-phi-island-touren\/phi-phi-overnight-tour\/\">Mehr Infos&#8230;<\/a><\/p>\n\n\n<div class=\"divider\"><\/div>\n\n\n\n<figure class=\"wp-block-image alignleft\"><a href=\"https:\/\/www.easydayphuket.com\/de\/phuket-ausfluege\/phi-phi-island-touren\/tauchen-phi-phi-island\/\"><img decoding=\"async\" src=\"https:\/\/farm6.staticflickr.com\/5517\/9347944490_de30991f67_q.jpg\" alt=\"Tauchen auf einer Phi Phi Island Tour\"\/><\/a><figcaption class=\"wp-element-caption\">Tauchen bei Phi Phi Island<\/figcaption><\/figure>\n\n\n\n<h2 class=\"wp-block-heading\"><a title=\"Phi Phi Island Scuba Diving Tour\" href=\"https:\/\/www.easydayphuket.com\/de\/phuket-ausfluege\/phi-phi-island-touren\/tauchen-phi-phi-island\/\">Phi Phi Island Tauchen<\/a><\/h2>\n\n\n\n<p>Zum Tauchen nach Phi Phi Island ist eine der sch\u00f6nsten Urlaubsaktivit\u00e4ten was man sich vorstellen kann. Kommen Sie an Bord unseres Ausflugsbootes MV Seafun, das komfortabelste und am besten ausgestatte Boot von Phuket. <strong>Preise in Thai Baht pro Person:&nbsp;<strong>3,900<\/strong> | Nichttaucher <\/strong><strong>2,900<\/strong><\/p>\n\n\n\n<p class=\"has-text-align-right\"><a title=\"Easy Day Contact Form\" href=\"https:\/\/www.easydayphuket.com\/de\/kontakt\/\">Kontakt<\/a> | <a title=\"Phi Phi Island Scuba Diving Tour\" href=\"https:\/\/www.easydayphuket.com\/de\/phuket-ausfluege\/phi-phi-island-touren\/tauchen-phi-phi-island\/\">Mehr Infos&#8230;<\/a><\/p>\n\n\n\n<p class=\"has-text-align-left\"><div class=\"divider\"><\/div><\/p>\n\n\n\n<h2 class=\"wp-block-heading\">Mehr \u00fcber Phi Phi Island Touren<\/h2>\n\n\n\n<p>Die Phi Phi Inseln sind eine kleine Inselgruppe in der Provinz von Krabi. Von Phuket liegt Phi Phi Island ca. 38km entfernt und kann innerhalb von 90 Minuten erreicht werden.<\/p>\n\n\n\n<p>Der Phi Phi Nopparathara Nationalpark Moo Koh besteht aus folgenden Inseln:<\/p>\n\n\n\n<ul class=\"wp-block-list\">\n<li><strong>Phi Phi Don<\/strong><\/li>\n\n\n\n<li><strong>Phi Phi Ley<\/strong><\/li>\n\n\n\n<li><strong>Bamboo Island<\/strong><\/li>\n\n\n\n<li><strong>Yung Island (Mosquito Island)<\/strong><\/li>\n\n\n\n<li><strong>Bida Nok &amp; Bida Nai<\/strong> (Sehr beliebte Tauchpl\u00e4tze)<\/li>\n<\/ul>\n\n\n\n<p>Bewohnt ist nur die Insel von Koh Phi Phi Don, alle anderen Inseln sind unbebaut und durch ihren Nationalpark-Status gesch\u00fctzt. Durch ihre sch\u00f6nen Str\u00e4nde und das klare Wasser sind diese Inseln h\u00e4ufig das Ziel der Tagestouren von Phuket, Krabi und Phi Phi Don.<\/p>\n\n\n\n<p>Die Insel Koh Phi Phi Leh ist bekannt durch den Hollywood-Film <strong>&#8222;The Beach&#8220;<\/strong> , der in der Maya Bay gedreht wurde. Die Maya Bay hat den sch\u00f6nsten Strand und eine atemberaubende Felslandschaft, was von glasklarem Wasser umgeben ist. Alle Buchten um Phi Phi Leh sind wunderbar zum schnorcheln und tauchen, eine Unterwasserwelt wie sie farblicher nicht sein k\u00f6nnte.<\/p>\n\n\n\n<p>Egal ob Sie die Action suchen oder sich Entspannung m\u00f6chten, die Phi Phi Island Touren bieten genau das was Sie sich davon versprechen. Informieren Sie uns was Ihnen von Phi Phi Island am meisten zusagt und wir werden Ihnen das passende anbieten. <\/p>\n\n\n\n<h2 class=\"wp-block-heading\" id=\"form\">Kontakt f\u00fcr Ihre Phi Phi Island Touren<\/h2>\n\n\n\n<script charset=\"utf-8\" type=\"text\/javascript\" src=\"\/\/js.hsforms.net\/forms\/embed\/v2.js\"><\/script>\n<script>\n  hbspt.forms.create({\n    region: \"na1\",\n    portalId: \"3413662\",\n    formId: \"59765d47-ffdf-4452-a315-11081d03c004\"\n  });\n<\/script>\n","protected":false},"excerpt":{"rendered":"<p>Phi Phi Island Touren von Easy Day Phuket &#8211; Besuchen Sie Phi Phi Island mit einer unserer t\u00e4glichen Rundfahrten ins Paradies. Zum schnorcheln in die bekannte Maya Bay wo einer der ber\u00fchmten Hollywood filme,&nbsp; \u201cThe Beach\u201d gedreht wurde oder zum erkunden ins Tonsai Dorf auf Phi Phi Don. Wir haben verschiedene Angebote zusammengestellt und f\u00fcr [&hellip;]<\/p>\n","protected":false},"author":4,"featured_media":0,"parent":5572,"menu_order":0,"comment_status":"closed","ping_status":"open","template":"","meta":{"_acf_changed":false,"_et_pb_use_builder":"off","_et_pb_old_content":"","_et_gb_content_width":"","footnotes":""},"class_list":["post-10320","page","type-page","status-publish","hentry"],"acf":[],"yoast_head":"<!-- This site is optimized with the Yoast SEO plugin v25.1 - https:\/\/yoast.com\/wordpress\/plugins\/seo\/ -->\n<title>Phi Phi Island Touren mit Easy Day Phuket<\/title>\n<meta name=\"description\" content=\"Die Phi Phi Island Touren ist die komfortabelste Art die Insel zu besuchen. Fahren Sie erster Klasse nach Phi Phi und mit dem Speedboot rund um Phi Phi.\" \/>\n<meta name=\"robots\" content=\"index, follow, max-snippet:-1, max-image-preview:large, max-video-preview:-1\" \/>\n<link rel=\"canonical\" href=\"https:\/\/www.easydayphuket.com\/de\/phuket-ausfluege\/phi-phi-island-touren\/\" \/>\n<meta property=\"og:locale\" content=\"de_DE\" \/>\n<meta property=\"og:type\" content=\"article\" \/>\n<meta property=\"og:title\" content=\"Phi Phi Island Touren mit Easy Day Phuket\" \/>\n<meta property=\"og:description\" content=\"Die Phi Phi Island Touren ist die komfortabelste Art die Insel zu besuchen. Fahren Sie erster Klasse nach Phi Phi und mit dem Speedboot rund um Phi Phi.\" \/>\n<meta property=\"og:url\" content=\"https:\/\/www.easydayphuket.com\/de\/phuket-ausfluege\/phi-phi-island-touren\/\" \/>\n<meta property=\"og:site_name\" content=\"Easy Day Phuket\" \/>\n<meta property=\"article:publisher\" content=\"https:\/\/www.facebook.com\/Easydayinthailand\/\" \/>\n<meta property=\"article:modified_time\" content=\"2024-05-12T20:15:25+00:00\" \/>\n<meta property=\"og:image\" content=\"https:\/\/farm8.staticflickr.com\/7419\/9484653338_a1a79cc9d2_q.jpg\" \/>\n<meta name=\"twitter:label1\" content=\"Gesch\u00e4tzte Lesezeit\" \/>\n\t<meta name=\"twitter:data1\" content=\"4\u00a0Minuten\" \/>\n<script type=\"application\/ld+json\" class=\"yoast-schema-graph\">{\"@context\":\"https:\/\/schema.org\",\"@graph\":[{\"@type\":\"WebPage\",\"@id\":\"https:\/\/www.easydayphuket.com\/de\/phuket-ausfluege\/phi-phi-island-touren\/\",\"url\":\"https:\/\/www.easydayphuket.com\/de\/phuket-ausfluege\/phi-phi-island-touren\/\",\"name\":\"Phi Phi Island Touren mit Easy Day Phuket\",\"isPartOf\":{\"@id\":\"https:\/\/www.easydayphuket.com\/#website\"},\"primaryImageOfPage\":{\"@id\":\"https:\/\/www.easydayphuket.com\/de\/phuket-ausfluege\/phi-phi-island-touren\/#primaryimage\"},\"image\":{\"@id\":\"https:\/\/www.easydayphuket.com\/de\/phuket-ausfluege\/phi-phi-island-touren\/#primaryimage\"},\"thumbnailUrl\":\"https:\/\/farm8.staticflickr.com\/7419\/9484653338_a1a79cc9d2_q.jpg\",\"datePublished\":\"2015-06-04T09:46:22+00:00\",\"dateModified\":\"2024-05-12T20:15:25+00:00\",\"description\":\"Die Phi Phi Island Touren ist die komfortabelste Art die Insel zu besuchen. Fahren Sie erster Klasse nach Phi Phi und mit dem Speedboot rund um Phi Phi.\",\"breadcrumb\":{\"@id\":\"https:\/\/www.easydayphuket.com\/de\/phuket-ausfluege\/phi-phi-island-touren\/#breadcrumb\"},\"inLanguage\":\"de\",\"potentialAction\":[{\"@type\":\"ReadAction\",\"target\":[\"https:\/\/www.easydayphuket.com\/de\/phuket-ausfluege\/phi-phi-island-touren\/\"]}]},{\"@type\":\"ImageObject\",\"inLanguage\":\"de\",\"@id\":\"https:\/\/www.easydayphuket.com\/de\/phuket-ausfluege\/phi-phi-island-touren\/#primaryimage\",\"url\":\"https:\/\/farm8.staticflickr.com\/7419\/9484653338_a1a79cc9d2_q.jpg\",\"contentUrl\":\"https:\/\/farm8.staticflickr.com\/7419\/9484653338_a1a79cc9d2_q.jpg\"},{\"@type\":\"BreadcrumbList\",\"@id\":\"https:\/\/www.easydayphuket.com\/de\/phuket-ausfluege\/phi-phi-island-touren\/#breadcrumb\",\"itemListElement\":[{\"@type\":\"ListItem\",\"position\":1,\"name\":\"Home\",\"item\":\"https:\/\/www.easydayphuket.com\/de\/\"},{\"@type\":\"ListItem\",\"position\":2,\"name\":\"Phuket Ausfl\u00fcge\",\"item\":\"https:\/\/www.easydayphuket.com\/de\/phuket-ausfluege\/\"},{\"@type\":\"ListItem\",\"position\":3,\"name\":\"Phi Phi Island Touren\"}]},{\"@type\":\"WebSite\",\"@id\":\"https:\/\/www.easydayphuket.com\/#website\",\"url\":\"https:\/\/www.easydayphuket.com\/\",\"name\":\"Easy Day Phuket\",\"description\":\"Ihr Phuket Tour & Reise Partner\",\"publisher\":{\"@id\":\"https:\/\/www.easydayphuket.com\/#organization\"},\"potentialAction\":[{\"@type\":\"SearchAction\",\"target\":{\"@type\":\"EntryPoint\",\"urlTemplate\":\"https:\/\/www.easydayphuket.com\/?s={search_term_string}\"},\"query-input\":{\"@type\":\"PropertyValueSpecification\",\"valueRequired\":true,\"valueName\":\"search_term_string\"}}],\"inLanguage\":\"de\"},{\"@type\":\"Organization\",\"@id\":\"https:\/\/www.easydayphuket.com\/#organization\",\"name\":\"Easy Day Thailand\",\"url\":\"https:\/\/www.easydayphuket.com\/\",\"logo\":{\"@type\":\"ImageObject\",\"inLanguage\":\"de\",\"@id\":\"https:\/\/www.easydayphuket.com\/#\/schema\/logo\/image\/\",\"url\":\"https:\/\/www.easydayphuket.com\/wp-content\/uploads\/2013\/07\/Sun-Thaiflag_booking12.gif\",\"contentUrl\":\"https:\/\/www.easydayphuket.com\/wp-content\/uploads\/2013\/07\/Sun-Thaiflag_booking12.gif\",\"width\":100,\"height\":94,\"caption\":\"Easy Day Thailand\"},\"image\":{\"@id\":\"https:\/\/www.easydayphuket.com\/#\/schema\/logo\/image\/\"},\"sameAs\":[\"https:\/\/www.facebook.com\/Easydayinthailand\/\",\"https:\/\/www.instagram.com\/easydaythailand\/\"]}]}<\/script>\n<!-- \/ Yoast SEO plugin. -->","yoast_head_json":{"title":"Phi Phi Island Touren mit Easy Day Phuket","description":"Die Phi Phi Island Touren ist die komfortabelste Art die Insel zu besuchen. Fahren Sie erster Klasse nach Phi Phi und mit dem Speedboot rund um Phi Phi.","robots":{"index":"index","follow":"follow","max-snippet":"max-snippet:-1","max-image-preview":"max-image-preview:large","max-video-preview":"max-video-preview:-1"},"canonical":"https:\/\/www.easydayphuket.com\/de\/phuket-ausfluege\/phi-phi-island-touren\/","og_locale":"de_DE","og_type":"article","og_title":"Phi Phi Island Touren mit Easy Day Phuket","og_description":"Die Phi Phi Island Touren ist die komfortabelste Art die Insel zu besuchen. Fahren Sie erster Klasse nach Phi Phi und mit dem Speedboot rund um Phi Phi.","og_url":"https:\/\/www.easydayphuket.com\/de\/phuket-ausfluege\/phi-phi-island-touren\/","og_site_name":"Easy Day Phuket","article_publisher":"https:\/\/www.facebook.com\/Easydayinthailand\/","article_modified_time":"2024-05-12T20:15:25+00:00","og_image":[{"url":"https:\/\/farm8.staticflickr.com\/7419\/9484653338_a1a79cc9d2_q.jpg","type":"","width":"","height":""}],"twitter_misc":{"Gesch\u00e4tzte Lesezeit":"4\u00a0Minuten"},"schema":{"@context":"https:\/\/schema.org","@graph":[{"@type":"WebPage","@id":"https:\/\/www.easydayphuket.com\/de\/phuket-ausfluege\/phi-phi-island-touren\/","url":"https:\/\/www.easydayphuket.com\/de\/phuket-ausfluege\/phi-phi-island-touren\/","name":"Phi Phi Island Touren mit Easy Day Phuket","isPartOf":{"@id":"https:\/\/www.easydayphuket.com\/#website"},"primaryImageOfPage":{"@id":"https:\/\/www.easydayphuket.com\/de\/phuket-ausfluege\/phi-phi-island-touren\/#primaryimage"},"image":{"@id":"https:\/\/www.easydayphuket.com\/de\/phuket-ausfluege\/phi-phi-island-touren\/#primaryimage"},"thumbnailUrl":"https:\/\/farm8.staticflickr.com\/7419\/9484653338_a1a79cc9d2_q.jpg","datePublished":"2015-06-04T09:46:22+00:00","dateModified":"2024-05-12T20:15:25+00:00","description":"Die Phi Phi Island Touren ist die komfortabelste Art die Insel zu besuchen. Fahren Sie erster Klasse nach Phi Phi und mit dem Speedboot rund um Phi Phi.","breadcrumb":{"@id":"https:\/\/www.easydayphuket.com\/de\/phuket-ausfluege\/phi-phi-island-touren\/#breadcrumb"},"inLanguage":"de","potentialAction":[{"@type":"ReadAction","target":["https:\/\/www.easydayphuket.com\/de\/phuket-ausfluege\/phi-phi-island-touren\/"]}]},{"@type":"ImageObject","inLanguage":"de","@id":"https:\/\/www.easydayphuket.com\/de\/phuket-ausfluege\/phi-phi-island-touren\/#primaryimage","url":"https:\/\/farm8.staticflickr.com\/7419\/9484653338_a1a79cc9d2_q.jpg","contentUrl":"https:\/\/farm8.staticflickr.com\/7419\/9484653338_a1a79cc9d2_q.jpg"},{"@type":"BreadcrumbList","@id":"https:\/\/www.easydayphuket.com\/de\/phuket-ausfluege\/phi-phi-island-touren\/#breadcrumb","itemListElement":[{"@type":"ListItem","position":1,"name":"Home","item":"https:\/\/www.easydayphuket.com\/de\/"},{"@type":"ListItem","position":2,"name":"Phuket Ausfl\u00fcge","item":"https:\/\/www.easydayphuket.com\/de\/phuket-ausfluege\/"},{"@type":"ListItem","position":3,"name":"Phi Phi Island Touren"}]},{"@type":"WebSite","@id":"https:\/\/www.easydayphuket.com\/#website","url":"https:\/\/www.easydayphuket.com\/","name":"Easy Day Phuket","description":"Ihr Phuket Tour & Reise Partner","publisher":{"@id":"https:\/\/www.easydayphuket.com\/#organization"},"potentialAction":[{"@type":"SearchAction","target":{"@type":"EntryPoint","urlTemplate":"https:\/\/www.easydayphuket.com\/?s={search_term_string}"},"query-input":{"@type":"PropertyValueSpecification","valueRequired":true,"valueName":"search_term_string"}}],"inLanguage":"de"},{"@type":"Organization","@id":"https:\/\/www.easydayphuket.com\/#organization","name":"Easy Day Thailand","url":"https:\/\/www.easydayphuket.com\/","logo":{"@type":"ImageObject","inLanguage":"de","@id":"https:\/\/www.easydayphuket.com\/#\/schema\/logo\/image\/","url":"https:\/\/www.easydayphuket.com\/wp-content\/uploads\/2013\/07\/Sun-Thaiflag_booking12.gif","contentUrl":"https:\/\/www.easydayphuket.com\/wp-content\/uploads\/2013\/07\/Sun-Thaiflag_booking12.gif","width":100,"height":94,"caption":"Easy Day Thailand"},"image":{"@id":"https:\/\/www.easydayphuket.com\/#\/schema\/logo\/image\/"},"sameAs":["https:\/\/www.facebook.com\/Easydayinthailand\/","https:\/\/www.instagram.com\/easydaythailand\/"]}]}},"_links":{"self":[{"href":"https:\/\/www.easydayphuket.com\/de\/wp-json\/wp\/v2\/pages\/10320","targetHints":{"allow":["GET"]}}],"collection":[{"href":"https:\/\/www.easydayphuket.com\/de\/wp-json\/wp\/v2\/pages"}],"about":[{"href":"https:\/\/www.easydayphuket.com\/de\/wp-json\/wp\/v2\/types\/page"}],"author":[{"embeddable":true,"href":"https:\/\/www.easydayphuket.com\/de\/wp-json\/wp\/v2\/users\/4"}],"replies":[{"embeddable":true,"href":"https:\/\/www.easydayphuket.com\/de\/wp-json\/wp\/v2\/comments?post=10320"}],"version-history":[{"count":0,"href":"https:\/\/www.easydayphuket.com\/de\/wp-json\/wp\/v2\/pages\/10320\/revisions"}],"up":[{"embeddable":true,"href":"https:\/\/www.easydayphuket.com\/de\/wp-json\/wp\/v2\/pages\/5572"}],"wp:attachment":[{"href":"https:\/\/www.easydayphuket.com\/de\/wp-json\/wp\/v2\/media?parent=10320"}],"curies":[{"name":"wp","href":"https:\/\/api.w.org\/{rel}","templated":true}]}}