{"id":10297,"date":"2015-05-25T17:02:46","date_gmt":"2015-05-25T10:02:46","guid":{"rendered":"https:\/\/www.easydayphuket.com\/?page_id=10297"},"modified":"2024-05-13T02:52:57","modified_gmt":"2024-05-12T19:52:57","slug":"khao-sok-seeausflug","status":"publish","type":"page","link":"https:\/\/www.easydayphuket.com\/de\/phuket-ausfluege\/khao-sok-ausfluege\/khao-sok-seeausflug\/","title":{"rendered":"Khao Sok im Seebungalow"},"content":{"rendered":"\n<figure class=\"wp-block-image alignright size-full\"><img loading=\"lazy\" decoding=\"async\" width=\"1071\" height=\"736\" src=\"https:\/\/www.easydayphuket.com\/wp-content\/uploads\/2023\/03\/KhaoSok_KLLD6.jpg\" alt=\"\" class=\"wp-image-34271\" srcset=\"https:\/\/www.easydayphuket.com\/wp-content\/uploads\/2023\/03\/KhaoSok_KLLD6.jpg 1071w, https:\/\/www.easydayphuket.com\/wp-content\/uploads\/2023\/03\/KhaoSok_KLLD6-768x528.jpg 768w, https:\/\/www.easydayphuket.com\/wp-content\/uploads\/2023\/03\/KhaoSok_KLLD6-80x55.jpg 80w\" sizes=\"(max-width: 1071px) 100vw, 1071px\" \/><figcaption class=\"wp-element-caption\">Seebungalow am Cheow Lan Lake<\/figcaption><\/figure>\n\n\n\n<p>Der Khao Sok Seeausflug f\u00fchrt Sie zum bekannten Chiao-Lan-See wo Sie in einem Bungalow auf dem Wasser \u00fcbernachten werden. Ein abwechlungsreicher Ausflug mit Elefanten-Trekking und der Erkundung des Sees.<\/p>\n\n\n\n<ul class=\"wp-block-list\">\n<li>Fahrt \u00fcber den Chiao-Lan-See mit einem Longtailboot.<\/li>\n\n\n\n<li>Elefanten-Trekking durch den Dschungek vom Khao Sok Nationalpark.<\/li>\n\n\n\n<li>\u00dcbernachtung in Bambus Bungalow auf dem Cheow Lan See.<\/li>\n\n\n\n<li>Erkundung der H\u00f6hle vom &#8222;Coral Cape&#8220;<\/li>\n\n\n\n<li>Spaziergang durch den Dschungel mit erfahrenem Reiseleiter.<\/li>\n<\/ul>\n\n\n<p><strong>Preie in Thai Baht pro Person: 9,550\u00a0| Kinder (5-12Jahren) 6,650\u00a0\u00a0<a href=\"#form\">&gt;&gt;\u00a0Buchen \/ Kontakt<\/a><\/strong> <\/p>\n\n\n\n<p><strong>Tour inklusive:<\/strong><\/p>\n\n\n<ul>\n<li>Phuket Hoteltransfer.<\/li>\n<li>Unterkunft auf zweibett Basis im Seebungalow mit <strong>eigenem Bad\/WC.<\/strong><\/li>\n<li>Alkoholfreie Getr\u00e4nke, Kaffee und Tee.<\/li>\n<li>Thail\u00e4ndisches Mittag und Abendessen.<\/li>\n<li>Erfahrene Reiseleiter.<\/li>\n<li>Versicherung &amp; Nationalpark-Geb\u00fchr<\/li>\n<\/ul>\n\n\n\n<p class=\"has-text-align-right\"><a href='#form' class='small-button smallblue'>Buchen \/ Kontakt<\/a><\/p>\n\n\n\n<h2 class=\"wp-block-heading\">Khao Sok Seeausflug &#8211; Tourablauf<\/h2>\n\n\n\n<figure class=\"wp-block-gallery has-nested-images columns-default is-cropped wp-block-gallery-1 is-layout-flex wp-block-gallery-is-layout-flex\">\n<figure class=\"wp-block-image size-large\"><img loading=\"lazy\" decoding=\"async\" width=\"989\" height=\"622\" data-id=\"34310\" src=\"https:\/\/www.easydayphuket.com\/wp-content\/uploads\/2023\/03\/KhaoSok_KLLD9.jpg\" alt=\"\" class=\"wp-image-34310\" srcset=\"https:\/\/www.easydayphuket.com\/wp-content\/uploads\/2023\/03\/KhaoSok_KLLD9.jpg 989w, https:\/\/www.easydayphuket.com\/wp-content\/uploads\/2023\/03\/KhaoSok_KLLD9-768x483.jpg 768w, https:\/\/www.easydayphuket.com\/wp-content\/uploads\/2023\/03\/KhaoSok_KLLD9-87x55.jpg 87w\" sizes=\"(max-width: 989px) 100vw, 989px\" \/><\/figure>\n\n\n\n<figure class=\"wp-block-image size-large\"><img loading=\"lazy\" decoding=\"async\" width=\"1080\" height=\"608\" data-id=\"34306\" src=\"https:\/\/www.easydayphuket.com\/wp-content\/uploads\/2023\/03\/KhaoSok_KLLD13.jpg\" alt=\"Lake Bamboo Bungalows\" class=\"wp-image-34306\" srcset=\"https:\/\/www.easydayphuket.com\/wp-content\/uploads\/2023\/03\/KhaoSok_KLLD13.jpg 1080w, https:\/\/www.easydayphuket.com\/wp-content\/uploads\/2023\/03\/KhaoSok_KLLD13-768x432.jpg 768w, https:\/\/www.easydayphuket.com\/wp-content\/uploads\/2023\/03\/KhaoSok_KLLD13-98x55.jpg 98w\" sizes=\"(max-width: 1080px) 100vw, 1080px\" \/><\/figure>\n\n\n\n<figure class=\"wp-block-image size-large\"><img loading=\"lazy\" decoding=\"async\" width=\"1054\" height=\"637\" data-id=\"34303\" src=\"https:\/\/www.easydayphuket.com\/wp-content\/uploads\/2023\/03\/KhaoSok_KLLD3.jpg\" alt=\"\" class=\"wp-image-34303\" srcset=\"https:\/\/www.easydayphuket.com\/wp-content\/uploads\/2023\/03\/KhaoSok_KLLD3.jpg 1054w, https:\/\/www.easydayphuket.com\/wp-content\/uploads\/2023\/03\/KhaoSok_KLLD3-768x464.jpg 768w, https:\/\/www.easydayphuket.com\/wp-content\/uploads\/2023\/03\/KhaoSok_KLLD3-91x55.jpg 91w, https:\/\/www.easydayphuket.com\/wp-content\/uploads\/2023\/03\/KhaoSok_KLLD3-140x85.jpg 140w\" sizes=\"(max-width: 1054px) 100vw, 1054px\" \/><\/figure>\n\n\n\n<figure class=\"wp-block-image size-large\"><img loading=\"lazy\" decoding=\"async\" width=\"1004\" height=\"567\" data-id=\"34293\" src=\"https:\/\/www.easydayphuket.com\/wp-content\/uploads\/2023\/03\/KhaoSok_KLLD4.jpg\" alt=\"\" class=\"wp-image-34293\" srcset=\"https:\/\/www.easydayphuket.com\/wp-content\/uploads\/2023\/03\/KhaoSok_KLLD4.jpg 1004w, https:\/\/www.easydayphuket.com\/wp-content\/uploads\/2023\/03\/KhaoSok_KLLD4-768x434.jpg 768w, https:\/\/www.easydayphuket.com\/wp-content\/uploads\/2023\/03\/KhaoSok_KLLD4-97x55.jpg 97w\" sizes=\"(max-width: 1004px) 100vw, 1004px\" \/><\/figure>\n\n\n\n<figure class=\"wp-block-image size-large\"><img loading=\"lazy\" decoding=\"async\" width=\"1080\" height=\"608\" data-id=\"34289\" src=\"https:\/\/www.easydayphuket.com\/wp-content\/uploads\/2023\/03\/KhaoSok_KLLD14.jpg\" alt=\"Lake Bamboo Bungalows\" class=\"wp-image-34289\" srcset=\"https:\/\/www.easydayphuket.com\/wp-content\/uploads\/2023\/03\/KhaoSok_KLLD14.jpg 1080w, https:\/\/www.easydayphuket.com\/wp-content\/uploads\/2023\/03\/KhaoSok_KLLD14-768x432.jpg 768w, https:\/\/www.easydayphuket.com\/wp-content\/uploads\/2023\/03\/KhaoSok_KLLD14-98x55.jpg 98w\" sizes=\"(max-width: 1080px) 100vw, 1080px\" \/><\/figure>\n\n\n\n<figure class=\"wp-block-image size-large\"><img loading=\"lazy\" decoding=\"async\" width=\"1080\" height=\"810\" data-id=\"34281\" src=\"https:\/\/www.easydayphuket.com\/wp-content\/uploads\/2023\/03\/KhaoSok_KLLD12.jpg\" alt=\"\" class=\"wp-image-34281\" srcset=\"https:\/\/www.easydayphuket.com\/wp-content\/uploads\/2023\/03\/KhaoSok_KLLD12.jpg 1080w, https:\/\/www.easydayphuket.com\/wp-content\/uploads\/2023\/03\/KhaoSok_KLLD12-768x576.jpg 768w, https:\/\/www.easydayphuket.com\/wp-content\/uploads\/2023\/03\/KhaoSok_KLLD12-73x55.jpg 73w, https:\/\/www.easydayphuket.com\/wp-content\/uploads\/2023\/03\/KhaoSok_KLLD12-510x382.jpg 510w\" sizes=\"(max-width: 1080px) 100vw, 1080px\" \/><\/figure>\n\n\n\n<figure class=\"wp-block-image size-large\"><img loading=\"lazy\" decoding=\"async\" width=\"1099\" height=\"630\" data-id=\"34277\" src=\"https:\/\/www.easydayphuket.com\/wp-content\/uploads\/2023\/03\/KhaoSok_KLLD8.jpg\" alt=\"\" class=\"wp-image-34277\" srcset=\"https:\/\/www.easydayphuket.com\/wp-content\/uploads\/2023\/03\/KhaoSok_KLLD8.jpg 1099w, https:\/\/www.easydayphuket.com\/wp-content\/uploads\/2023\/03\/KhaoSok_KLLD8-768x440.jpg 768w, https:\/\/www.easydayphuket.com\/wp-content\/uploads\/2023\/03\/KhaoSok_KLLD8-96x55.jpg 96w, https:\/\/www.easydayphuket.com\/wp-content\/uploads\/2023\/03\/KhaoSok_KLLD8-1080x619.jpg 1080w\" sizes=\"(max-width: 1099px) 100vw, 1099px\" \/><\/figure>\n\n\n\n<figure class=\"wp-block-image size-large\"><img loading=\"lazy\" decoding=\"async\" width=\"491\" height=\"794\" data-id=\"34264\" src=\"https:\/\/www.easydayphuket.com\/wp-content\/uploads\/2023\/03\/KhaoSok_KLLD5.jpg\" alt=\"\" class=\"wp-image-34264\" srcset=\"https:\/\/www.easydayphuket.com\/wp-content\/uploads\/2023\/03\/KhaoSok_KLLD5.jpg 491w, https:\/\/www.easydayphuket.com\/wp-content\/uploads\/2023\/03\/KhaoSok_KLLD5-34x55.jpg 34w\" sizes=\"(max-width: 491px) 100vw, 491px\" \/><\/figure>\n\n\n\n<figure class=\"wp-block-image size-large\"><img loading=\"lazy\" decoding=\"async\" width=\"810\" height=\"1080\" data-id=\"34257\" src=\"https:\/\/www.easydayphuket.com\/wp-content\/uploads\/2023\/03\/KhaoSok_KLLD11.jpg\" alt=\"\" class=\"wp-image-34257\" srcset=\"https:\/\/www.easydayphuket.com\/wp-content\/uploads\/2023\/03\/KhaoSok_KLLD11.jpg 810w, https:\/\/www.easydayphuket.com\/wp-content\/uploads\/2023\/03\/KhaoSok_KLLD11-768x1024.jpg 768w, https:\/\/www.easydayphuket.com\/wp-content\/uploads\/2023\/03\/KhaoSok_KLLD11-41x55.jpg 41w\" sizes=\"(max-width: 810px) 100vw, 810px\" \/><\/figure>\n\n\n\n<figure class=\"wp-block-image size-large\"><img loading=\"lazy\" decoding=\"async\" width=\"509\" height=\"769\" data-id=\"34251\" src=\"https:\/\/www.easydayphuket.com\/wp-content\/uploads\/2023\/03\/KhaoSok_KLLD7.jpg\" alt=\"\" class=\"wp-image-34251\" srcset=\"https:\/\/www.easydayphuket.com\/wp-content\/uploads\/2023\/03\/KhaoSok_KLLD7.jpg 509w, https:\/\/www.easydayphuket.com\/wp-content\/uploads\/2023\/03\/KhaoSok_KLLD7-36x55.jpg 36w\" sizes=\"(max-width: 509px) 100vw, 509px\" \/><\/figure>\n\n\n\n<figure class=\"wp-block-image size-large\"><img loading=\"lazy\" decoding=\"async\" width=\"1006\" height=\"763\" data-id=\"34249\" src=\"https:\/\/www.easydayphuket.com\/wp-content\/uploads\/2023\/03\/KhaoSok_KLLD1.jpg\" alt=\"\" class=\"wp-image-34249\" srcset=\"https:\/\/www.easydayphuket.com\/wp-content\/uploads\/2023\/03\/KhaoSok_KLLD1.jpg 1006w, https:\/\/www.easydayphuket.com\/wp-content\/uploads\/2023\/03\/KhaoSok_KLLD1-768x582.jpg 768w, https:\/\/www.easydayphuket.com\/wp-content\/uploads\/2023\/03\/KhaoSok_KLLD1-73x55.jpg 73w\" sizes=\"(max-width: 1006px) 100vw, 1006px\" \/><\/figure>\n\n\n\n<figure class=\"wp-block-image size-large\"><img loading=\"lazy\" decoding=\"async\" width=\"496\" height=\"664\" data-id=\"34239\" src=\"https:\/\/www.easydayphuket.com\/wp-content\/uploads\/2023\/03\/KhaoSok_KLLD2.jpg\" alt=\"\" class=\"wp-image-34239\" srcset=\"https:\/\/www.easydayphuket.com\/wp-content\/uploads\/2023\/03\/KhaoSok_KLLD2.jpg 496w, https:\/\/www.easydayphuket.com\/wp-content\/uploads\/2023\/03\/KhaoSok_KLLD2-41x55.jpg 41w\" sizes=\"(max-width: 496px) 100vw, 496px\" \/><\/figure>\n<\/figure>\n\n\n\n<h3 class=\"wp-block-heading\">Tag 1 &#8211; Khao Sok Seeausflug<\/h3>\n\n\n\n<ul class=\"wp-block-list\">\n<li>07.00 &#8211; Hotelabholung mit klimatisiertem Fahrzeug.<\/li>\n\n\n\n<li>09.00 &#8211; Kaffeepause am Khao Lak Aussichtspunkt.<\/li>\n\n\n\n<li>09.30 &#8211; Besuch der Tsunami Gedenkst\u00e4tte in Khao Lak.<\/li>\n\n\n\n<li>10.30 &#8211; Ankunft im Khao Sok Nationalpark im&nbsp;Elefanten Camp. Zusammen mit dem Mahout werden Sie die Elefanten Baden, F\u00fctter und beim Waschen helfen.<\/li>\n\n\n\n<li>12.15 &#8211; Stop am Khao Sok Aussichtspunkt.<\/li>\n\n\n\n<li>13.00 &#8211; Mittagessen am Khao Sok Discovery Restaurant am Sok Fluss.<\/li>\n\n\n\n<li>14.00 &#8211; Rundfahrt auf dem Cheow Lan See mit dem Longtailboot.<\/li>\n\n\n\n<li>15.30 &#8211; Einchecken im Bungalow.<\/li>\n\n\n\n<li>16.00 &#8211;&nbsp; Zeit zum Entspannen, schwimmen oder mit dem Kanu zu fahren.<\/li>\n\n\n\n<li>19.30 &#8211; Abendessen.<\/li>\n<\/ul>\n\n\n\n<h3 class=\"wp-block-heading\">Tag 2 &#8211; Khao Sok Seeausflug<\/h3>\n\n\n\n<ul class=\"wp-block-list\">\n<li>07.30 &#8211; Fr\u00fchst\u00fcck und Kanuing.<\/li>\n\n\n\n<li>09.30 &#8211; Wanderung durch den Regenwald zum &#8222;Coral Cape&#8220;<\/li>\n\n\n\n<li>13.00 &#8211; Mittagessen im Resort vom Bungalow Resort.<\/li>\n\n\n\n<li>14.00 &#8211; Transfer zum Cheow Lan See Steg und R\u00fcckfahrt nach Phuket.<\/li>\n\n\n\n<li>19.00 &#8211; Ankunft im Hotel auf Phuket.<\/li>\n<\/ul>\n\n\n\n<h2 class=\"wp-block-heading\" id=\"form\">Kontakt f\u00fcr Ihren Khao Sok Seeausflug<\/h2>\n\n\n\n<script charset=\"utf-8\" type=\"text\/javascript\" src=\"\/\/js.hsforms.net\/forms\/embed\/v2.js\"><\/script>\n<script>\n  hbspt.forms.create({\n    region: \"na1\",\n    portalId: \"3413662\",\n    formId: \"59765d47-ffdf-4452-a315-11081d03c004\"\n  });\n<\/script>\n","protected":false},"excerpt":{"rendered":"<p>Der Khao Sok Seeausflug f\u00fchrt Sie zum bekannten Chiao-Lan-See wo Sie in einem Bungalow auf dem Wasser \u00fcbernachten werden. Ein abwechlungsreicher Ausflug mit Elefanten-Trekking und der Erkundung des Sees. Tour inklusive: Khao Sok Seeausflug &#8211; Tourablauf Tag 1 &#8211; Khao Sok Seeausflug Tag 2 &#8211; Khao Sok Seeausflug Kontakt f\u00fcr Ihren Khao Sok Seeausflug<\/p>\n","protected":false},"author":4,"featured_media":0,"parent":10294,"menu_order":0,"comment_status":"closed","ping_status":"open","template":"","meta":{"_acf_changed":false,"_et_pb_use_builder":"","_et_pb_old_content":"","_et_gb_content_width":"","footnotes":""},"class_list":["post-10297","page","type-page","status-publish","hentry"],"acf":[],"yoast_head":"<!-- This site is optimized with the Yoast SEO plugin v25.1 - https:\/\/yoast.com\/wordpress\/plugins\/seo\/ -->\n<title>Khao Sok Seeausflug mit \u00dcbernachtung im Seebungalow<\/title>\n<meta name=\"description\" content=\"Khao Sok Seeausflug mit \u00dcbernachtung und tollen Abenteuern wie Elefantenreiten, Nachtsafari, Cheow lan See Rundfahrt und H\u00f6hlen Erkundung.\" \/>\n<meta name=\"robots\" content=\"index, follow, max-snippet:-1, max-image-preview:large, max-video-preview:-1\" \/>\n<link rel=\"canonical\" href=\"https:\/\/www.easydayphuket.com\/de\/phuket-ausfluege\/khao-sok-ausfluege\/khao-sok-seeausflug\/\" \/>\n<meta property=\"og:locale\" content=\"de_DE\" \/>\n<meta property=\"og:type\" content=\"article\" \/>\n<meta property=\"og:title\" content=\"Khao Sok Seeausflug mit \u00dcbernachtung im Seebungalow\" \/>\n<meta property=\"og:description\" content=\"Khao Sok Seeausflug mit \u00dcbernachtung und tollen Abenteuern wie Elefantenreiten, Nachtsafari, Cheow lan See Rundfahrt und H\u00f6hlen Erkundung.\" \/>\n<meta property=\"og:url\" content=\"https:\/\/www.easydayphuket.com\/de\/phuket-ausfluege\/khao-sok-ausfluege\/khao-sok-seeausflug\/\" \/>\n<meta property=\"og:site_name\" content=\"Easy Day Phuket\" \/>\n<meta property=\"article:publisher\" content=\"https:\/\/www.facebook.com\/Easydayinthailand\/\" \/>\n<meta property=\"article:modified_time\" content=\"2024-05-12T19:52:57+00:00\" \/>\n<meta property=\"og:image\" content=\"https:\/\/www.easydayphuket.com\/wp-content\/uploads\/2023\/03\/KhaoSok_KLLD6.jpg\" \/>\n<meta name=\"twitter:label1\" content=\"Gesch\u00e4tzte Lesezeit\" \/>\n\t<meta name=\"twitter:data1\" content=\"4\u00a0Minuten\" \/>\n<script type=\"application\/ld+json\" class=\"yoast-schema-graph\">{\"@context\":\"https:\/\/schema.org\",\"@graph\":[{\"@type\":\"WebPage\",\"@id\":\"https:\/\/www.easydayphuket.com\/de\/phuket-ausfluege\/khao-sok-ausfluege\/khao-sok-seeausflug\/\",\"url\":\"https:\/\/www.easydayphuket.com\/de\/phuket-ausfluege\/khao-sok-ausfluege\/khao-sok-seeausflug\/\",\"name\":\"Khao Sok Seeausflug mit \u00dcbernachtung im Seebungalow\",\"isPartOf\":{\"@id\":\"https:\/\/www.easydayphuket.com\/#website\"},\"primaryImageOfPage\":{\"@id\":\"https:\/\/www.easydayphuket.com\/de\/phuket-ausfluege\/khao-sok-ausfluege\/khao-sok-seeausflug\/#primaryimage\"},\"image\":{\"@id\":\"https:\/\/www.easydayphuket.com\/de\/phuket-ausfluege\/khao-sok-ausfluege\/khao-sok-seeausflug\/#primaryimage\"},\"thumbnailUrl\":\"https:\/\/www.easydayphuket.com\/wp-content\/uploads\/2023\/03\/KhaoSok_KLLD6.jpg\",\"datePublished\":\"2015-05-25T10:02:46+00:00\",\"dateModified\":\"2024-05-12T19:52:57+00:00\",\"description\":\"Khao Sok Seeausflug mit \u00dcbernachtung und tollen Abenteuern wie Elefantenreiten, Nachtsafari, Cheow lan See Rundfahrt und H\u00f6hlen Erkundung.\",\"breadcrumb\":{\"@id\":\"https:\/\/www.easydayphuket.com\/de\/phuket-ausfluege\/khao-sok-ausfluege\/khao-sok-seeausflug\/#breadcrumb\"},\"inLanguage\":\"de\",\"potentialAction\":[{\"@type\":\"ReadAction\",\"target\":[\"https:\/\/www.easydayphuket.com\/de\/phuket-ausfluege\/khao-sok-ausfluege\/khao-sok-seeausflug\/\"]}]},{\"@type\":\"ImageObject\",\"inLanguage\":\"de\",\"@id\":\"https:\/\/www.easydayphuket.com\/de\/phuket-ausfluege\/khao-sok-ausfluege\/khao-sok-seeausflug\/#primaryimage\",\"url\":\"https:\/\/www.easydayphuket.com\/wp-content\/uploads\/2023\/03\/KhaoSok_KLLD6.jpg\",\"contentUrl\":\"https:\/\/www.easydayphuket.com\/wp-content\/uploads\/2023\/03\/KhaoSok_KLLD6.jpg\"},{\"@type\":\"BreadcrumbList\",\"@id\":\"https:\/\/www.easydayphuket.com\/de\/phuket-ausfluege\/khao-sok-ausfluege\/khao-sok-seeausflug\/#breadcrumb\",\"itemListElement\":[{\"@type\":\"ListItem\",\"position\":1,\"name\":\"Home\",\"item\":\"https:\/\/www.easydayphuket.com\/de\/\"},{\"@type\":\"ListItem\",\"position\":2,\"name\":\"Phuket Ausfl\u00fcge\",\"item\":\"https:\/\/www.easydayphuket.com\/de\/phuket-ausfluege\/\"},{\"@type\":\"ListItem\",\"position\":3,\"name\":\"Khao Sok Ausfl\u00fcge\",\"item\":\"https:\/\/www.easydayphuket.com\/de\/phuket-ausfluege\/khao-sok-ausfluege\/\"},{\"@type\":\"ListItem\",\"position\":4,\"name\":\"Khao Sok im Seebungalow\"}]},{\"@type\":\"WebSite\",\"@id\":\"https:\/\/www.easydayphuket.com\/#website\",\"url\":\"https:\/\/www.easydayphuket.com\/\",\"name\":\"Easy Day Phuket\",\"description\":\"Ihr Phuket Tour & Reise Partner\",\"publisher\":{\"@id\":\"https:\/\/www.easydayphuket.com\/#organization\"},\"potentialAction\":[{\"@type\":\"SearchAction\",\"target\":{\"@type\":\"EntryPoint\",\"urlTemplate\":\"https:\/\/www.easydayphuket.com\/?s={search_term_string}\"},\"query-input\":{\"@type\":\"PropertyValueSpecification\",\"valueRequired\":true,\"valueName\":\"search_term_string\"}}],\"inLanguage\":\"de\"},{\"@type\":\"Organization\",\"@id\":\"https:\/\/www.easydayphuket.com\/#organization\",\"name\":\"Easy Day Thailand\",\"url\":\"https:\/\/www.easydayphuket.com\/\",\"logo\":{\"@type\":\"ImageObject\",\"inLanguage\":\"de\",\"@id\":\"https:\/\/www.easydayphuket.com\/#\/schema\/logo\/image\/\",\"url\":\"https:\/\/www.easydayphuket.com\/wp-content\/uploads\/2013\/07\/Sun-Thaiflag_booking12.gif\",\"contentUrl\":\"https:\/\/www.easydayphuket.com\/wp-content\/uploads\/2013\/07\/Sun-Thaiflag_booking12.gif\",\"width\":100,\"height\":94,\"caption\":\"Easy Day Thailand\"},\"image\":{\"@id\":\"https:\/\/www.easydayphuket.com\/#\/schema\/logo\/image\/\"},\"sameAs\":[\"https:\/\/www.facebook.com\/Easydayinthailand\/\",\"https:\/\/www.instagram.com\/easydaythailand\/\"]}]}<\/script>\n<!-- \/ Yoast SEO plugin. -->","yoast_head_json":{"title":"Khao Sok Seeausflug mit \u00dcbernachtung im Seebungalow","description":"Khao Sok Seeausflug mit \u00dcbernachtung und tollen Abenteuern wie Elefantenreiten, Nachtsafari, Cheow lan See Rundfahrt und H\u00f6hlen Erkundung.","robots":{"index":"index","follow":"follow","max-snippet":"max-snippet:-1","max-image-preview":"max-image-preview:large","max-video-preview":"max-video-preview:-1"},"canonical":"https:\/\/www.easydayphuket.com\/de\/phuket-ausfluege\/khao-sok-ausfluege\/khao-sok-seeausflug\/","og_locale":"de_DE","og_type":"article","og_title":"Khao Sok Seeausflug mit \u00dcbernachtung im Seebungalow","og_description":"Khao Sok Seeausflug mit \u00dcbernachtung und tollen Abenteuern wie Elefantenreiten, Nachtsafari, Cheow lan See Rundfahrt und H\u00f6hlen Erkundung.","og_url":"https:\/\/www.easydayphuket.com\/de\/phuket-ausfluege\/khao-sok-ausfluege\/khao-sok-seeausflug\/","og_site_name":"Easy Day Phuket","article_publisher":"https:\/\/www.facebook.com\/Easydayinthailand\/","article_modified_time":"2024-05-12T19:52:57+00:00","og_image":[{"url":"https:\/\/www.easydayphuket.com\/wp-content\/uploads\/2023\/03\/KhaoSok_KLLD6.jpg","type":"","width":"","height":""}],"twitter_misc":{"Gesch\u00e4tzte Lesezeit":"4\u00a0Minuten"},"schema":{"@context":"https:\/\/schema.org","@graph":[{"@type":"WebPage","@id":"https:\/\/www.easydayphuket.com\/de\/phuket-ausfluege\/khao-sok-ausfluege\/khao-sok-seeausflug\/","url":"https:\/\/www.easydayphuket.com\/de\/phuket-ausfluege\/khao-sok-ausfluege\/khao-sok-seeausflug\/","name":"Khao Sok Seeausflug mit \u00dcbernachtung im Seebungalow","isPartOf":{"@id":"https:\/\/www.easydayphuket.com\/#website"},"primaryImageOfPage":{"@id":"https:\/\/www.easydayphuket.com\/de\/phuket-ausfluege\/khao-sok-ausfluege\/khao-sok-seeausflug\/#primaryimage"},"image":{"@id":"https:\/\/www.easydayphuket.com\/de\/phuket-ausfluege\/khao-sok-ausfluege\/khao-sok-seeausflug\/#primaryimage"},"thumbnailUrl":"https:\/\/www.easydayphuket.com\/wp-content\/uploads\/2023\/03\/KhaoSok_KLLD6.jpg","datePublished":"2015-05-25T10:02:46+00:00","dateModified":"2024-05-12T19:52:57+00:00","description":"Khao Sok Seeausflug mit \u00dcbernachtung und tollen Abenteuern wie Elefantenreiten, Nachtsafari, Cheow lan See Rundfahrt und H\u00f6hlen Erkundung.","breadcrumb":{"@id":"https:\/\/www.easydayphuket.com\/de\/phuket-ausfluege\/khao-sok-ausfluege\/khao-sok-seeausflug\/#breadcrumb"},"inLanguage":"de","potentialAction":[{"@type":"ReadAction","target":["https:\/\/www.easydayphuket.com\/de\/phuket-ausfluege\/khao-sok-ausfluege\/khao-sok-seeausflug\/"]}]},{"@type":"ImageObject","inLanguage":"de","@id":"https:\/\/www.easydayphuket.com\/de\/phuket-ausfluege\/khao-sok-ausfluege\/khao-sok-seeausflug\/#primaryimage","url":"https:\/\/www.easydayphuket.com\/wp-content\/uploads\/2023\/03\/KhaoSok_KLLD6.jpg","contentUrl":"https:\/\/www.easydayphuket.com\/wp-content\/uploads\/2023\/03\/KhaoSok_KLLD6.jpg"},{"@type":"BreadcrumbList","@id":"https:\/\/www.easydayphuket.com\/de\/phuket-ausfluege\/khao-sok-ausfluege\/khao-sok-seeausflug\/#breadcrumb","itemListElement":[{"@type":"ListItem","position":1,"name":"Home","item":"https:\/\/www.easydayphuket.com\/de\/"},{"@type":"ListItem","position":2,"name":"Phuket Ausfl\u00fcge","item":"https:\/\/www.easydayphuket.com\/de\/phuket-ausfluege\/"},{"@type":"ListItem","position":3,"name":"Khao Sok Ausfl\u00fcge","item":"https:\/\/www.easydayphuket.com\/de\/phuket-ausfluege\/khao-sok-ausfluege\/"},{"@type":"ListItem","position":4,"name":"Khao Sok im Seebungalow"}]},{"@type":"WebSite","@id":"https:\/\/www.easydayphuket.com\/#website","url":"https:\/\/www.easydayphuket.com\/","name":"Easy Day Phuket","description":"Ihr Phuket Tour & Reise Partner","publisher":{"@id":"https:\/\/www.easydayphuket.com\/#organization"},"potentialAction":[{"@type":"SearchAction","target":{"@type":"EntryPoint","urlTemplate":"https:\/\/www.easydayphuket.com\/?s={search_term_string}"},"query-input":{"@type":"PropertyValueSpecification","valueRequired":true,"valueName":"search_term_string"}}],"inLanguage":"de"},{"@type":"Organization","@id":"https:\/\/www.easydayphuket.com\/#organization","name":"Easy Day Thailand","url":"https:\/\/www.easydayphuket.com\/","logo":{"@type":"ImageObject","inLanguage":"de","@id":"https:\/\/www.easydayphuket.com\/#\/schema\/logo\/image\/","url":"https:\/\/www.easydayphuket.com\/wp-content\/uploads\/2013\/07\/Sun-Thaiflag_booking12.gif","contentUrl":"https:\/\/www.easydayphuket.com\/wp-content\/uploads\/2013\/07\/Sun-Thaiflag_booking12.gif","width":100,"height":94,"caption":"Easy Day Thailand"},"image":{"@id":"https:\/\/www.easydayphuket.com\/#\/schema\/logo\/image\/"},"sameAs":["https:\/\/www.facebook.com\/Easydayinthailand\/","https:\/\/www.instagram.com\/easydaythailand\/"]}]}},"_links":{"self":[{"href":"https:\/\/www.easydayphuket.com\/de\/wp-json\/wp\/v2\/pages\/10297","targetHints":{"allow":["GET"]}}],"collection":[{"href":"https:\/\/www.easydayphuket.com\/de\/wp-json\/wp\/v2\/pages"}],"about":[{"href":"https:\/\/www.easydayphuket.com\/de\/wp-json\/wp\/v2\/types\/page"}],"author":[{"embeddable":true,"href":"https:\/\/www.easydayphuket.com\/de\/wp-json\/wp\/v2\/users\/4"}],"replies":[{"embeddable":true,"href":"https:\/\/www.easydayphuket.com\/de\/wp-json\/wp\/v2\/comments?post=10297"}],"version-history":[{"count":0,"href":"https:\/\/www.easydayphuket.com\/de\/wp-json\/wp\/v2\/pages\/10297\/revisions"}],"up":[{"embeddable":true,"href":"https:\/\/www.easydayphuket.com\/de\/wp-json\/wp\/v2\/pages\/10294"}],"wp:attachment":[{"href":"https:\/\/www.easydayphuket.com\/de\/wp-json\/wp\/v2\/media?parent=10297"}],"curies":[{"name":"wp","href":"https:\/\/api.w.org\/{rel}","templated":true}]}}