{"id":10289,"date":"2015-05-24T10:13:04","date_gmt":"2015-05-24T03:13:04","guid":{"rendered":"https:\/\/www.easydayphuket.com\/?page_id=10289"},"modified":"2024-05-25T01:42:05","modified_gmt":"2024-05-24T18:42:05","slug":"phuket-schnorchelausflug","status":"publish","type":"page","link":"https:\/\/www.easydayphuket.com\/de\/phuket-unternehmungen\/phuket-schnorchelausflug\/","title":{"rendered":"Phuket Schnorchelausflug"},"content":{"rendered":"\n<p><a href=\"#form\"><img loading=\"lazy\" decoding=\"async\" class=\"size-full wp-image-2832 alignright\" title=\"Contact Us Now!\" alt=\"Mail - Contact Easy Day Phuket Now!\" src=\"https:\/\/easydayphuket.com\/wp-content\/uploads\/2013\/07\/mail.gif\" width=\"48\" height=\"48\" \/><\/a>Ein Phuket Schnorchelausflug z\u00e4hlt zu den beliebtesten Urlaubsaktivit\u00e4ten unserer G\u00e4ste. Ein Spa\u00df f\u00fcr Jung und Alt der keinerlei Vorkenntnisse erfordert. Phuket ist mit seinen zahlrechen Inseln und glasklarem Wasser geradezu pr\u00e4destiniert f\u00fcr einen Schnorchelausflug. Verbringen Sie einen Tag auf einer wundersch\u00f6nen Insel und beobachten die Unterwasserwelt.<\/p>\n\n\n\n<figure class=\"wp-block-image alignleft\"><a href=\"https:\/\/www.easydayphuket.com\/de\/phuket-ausfluege\/racha-island-tours\/premium-racha-island-ausflug\/\"><img loading=\"lazy\" decoding=\"async\" width=\"150\" height=\"150\" src=\"https:\/\/www.easydayphuket.com\/wp-content\/uploads\/2013\/10\/racha-yai-jump-1-150x150.jpg\" alt=\"Spass in der Bungalow Bay mit Schnorchelausflug nach Raya Yai Island\" class=\"wp-image-3116\"\/><\/a><figcaption class=\"wp-element-caption\">Familien Ausflug Racha Yai<\/figcaption><\/figure>\n\n\n\n<h2 class=\"wp-block-heading\"><a title=\"Racha Island Day Trip\" href=\"https:\/\/www.easydayphuket.com\/de\/phuket-ausfluege\/racha-island-tours\/premium-racha-island-ausflug\/\">Easy Days &#8211; Schnorchelausflug<\/a><\/h2>\n\n\n\n<p>Schnorcheln gehen bei Racha Yai dauert nur 30 Minuten mit dem Schnellboot und man hat paradiesische Bedingungen die Unterwasserwelt zu erkunden. Zum entspannen kann man sich im Baan Raya Resort wo auch das Mittagessen serviert wird.<\/p>\n\n\n\n<p><strong>Preise in Thai Baht pro Person: 1,900 | Kinder (3-11Jahren) 1,200<\/strong><\/p>\n\n\n\n<p class=\"has-text-align-right\"><a title=\"Easy Day Contact Form\" href=\"https:\/\/www.easydayphuket.com\/de\/kontakt\/\">Kontakt<\/a> | <a title=\"Racha Island Day Trip\" href=\"https:\/\/www.easydayphuket.com\/de\/phuket-ausfluege\/racha-island-tours\/premium-racha-island-ausflug\/\">Mehr Infos\u2026<\/a><\/p>\n\n\n<div class=\"divider\"><\/div>\n\n\n\n<figure class=\"wp-block-image alignleft\"><a href=\"https:\/\/www.easydayphuket.com\/de\/phuket-ausfluege\/phi-phi-island-touren\/phi-phi-island-premium-tour\/\"><img decoding=\"async\" src=\"https:\/\/farm8.staticflickr.com\/7384\/9481863641_4d19bb0d55_q.jpg\" alt=\"Phi Phi Premium Tour - Snorkeling &amp; Sightseeing\"\/><\/a><figcaption class=\"wp-element-caption\">Phi Phi Islands<\/figcaption><\/figure>\n\n\n\n<h2 class=\"wp-block-heading\"><a title=\"Phi Phi Island Snorkeling Tours\" href=\"https:\/\/www.easydayphuket.com\/de\/phuket-ausfluege\/phi-phi-island-touren\/phi-phi-island-premium-tour\/\">Schnorchelausflug Phi Phi Isl.<\/a><\/h2>\n\n\n\n<p><strong>Phi Phi Island<\/strong> &#8211; Ist nur ca. 1Std von Phuket entfernt und bietet eine atemberaubende Landschaft und eine faszinierende Unterwasserwelt. Ein Phuket Schnorchelausflug nach Phi Phi Isl. ist das ganze Jahr \u00fcber m\u00f6glich. <strong>Preise Thai Baht pro Person: 3,500 | Kinder (4-11Jahren) 2,500<\/strong><\/p>\n\n\n\n<p class=\"has-text-align-right\"><a title=\"Easy Day Contact Form\" href=\"https:\/\/www.easydayphuket.com\/de\/kontakt\/\">Kontakt<\/a> | <a title=\"Phi PHi Island Snorkeling Tour by ferry and Speed boat\" href=\"https:\/\/www.easydayphuket.com\/de\/phuket-ausfluege\/phi-phi-island-touren\/phi-phi-island-premium-tour\/\">Mehr Infos\u2026<\/a><\/p>\n\n\n<div class=\"divider\"><\/div>\n\n\n\n<figure class=\"wp-block-image alignleft\"><a href=\"https:\/\/www.easydayphuket.com\/de\/phuket-ausfluege\/racha-island-tours\/racha-island-tour\/\"><img decoding=\"async\" src=\"https:\/\/farm2.staticflickr.com\/1400\/5134099563_580285c32a_q.jpg\" alt=\"Racha Island - Popular destination for Snorkeling Tours Phuket\"\/><\/a><figcaption class=\"wp-element-caption\">Raya Yai Island<\/figcaption><\/figure>\n\n\n\n<h2 class=\"wp-block-heading\"><a title=\"Snorkel tour to Racha Yai Island\" href=\"https:\/\/www.easydayphuket.com\/de\/phuket-ausfluege\/racha-island-tours\/racha-island-tour\/\">Schnorchelausflug Racha Island<\/a><\/h2>\n\n\n\n<p>Schnorcheln in Racha Yai ist das ganze Jahr \u00fcber m\u00f6glich und wird t\u00e4glich von Phuket aus angeboten. Eine 30 min\u00fctigen \u00dcberfahrt mit dm Schnellboot und schon kann der Spass beginnen. <strong>Preise in Thai Baht pro Person: 1,900 | Kinder (3-12Jahren) 1,200<\/strong><\/p>\n\n\n\n<p class=\"has-text-align-right\"><a title=\"Easy Day Contact Form\" href=\"https:\/\/www.easydayphuket.com\/de\/phuket-ausfluege\/racha-island-tours\/racha-island-tour\/#form\">Kontakt<\/a> | <a title=\"Join-In Racha Island Tour by Speedboat\" href=\"https:\/\/www.easydayphuket.com\/de\/phuket-ausfluege\/racha-island-tours\/racha-island-tour\/\">Mehr Infos\u2026<\/a><\/p>\n\n\n<div class=\"divider\"><\/div>\n\n\n\n<figure class=\"wp-block-image alignleft\"><a href=\"https:\/\/www.easydayphuket.com\/de\/phuket-unternehmungen\/phuket-schnorchelausflug\/koh-hae-insel-ausflug\/\"><img loading=\"lazy\" decoding=\"async\" width=\"150\" height=\"150\" src=\"https:\/\/www.easydayphuket.com\/wp-content\/uploads\/2016\/05\/Snorkeling-at-Banana-Beach-Koh-Hae-150x150.jpg\" alt=\"Schnorcheln am Banana Beach Koh Hae\" class=\"wp-image-13391\"\/><\/a><figcaption class=\"wp-element-caption\">Schnorcheln Koh Hae<\/figcaption><\/figure>\n\n\n\n<h2 class=\"wp-block-heading\"><a href=\"https:\/\/www.easydayphuket.com\/de\/phuket-unternehmungen\/phuket-schnorchelausflug\/koh-hae-insel-ausflug\/\">Schnorcheln bei Coral Island<\/a><\/h2>\n\n\n\n<p>T\u00e4glich zum Koh Hae Insel Ausflug was nur 20 Minuten von Phuket entfernt ist. Der wundersch\u00f6ner wei\u00dfe Strand mit glasklarem Wasser ist perfekt f\u00fcr einen tollen Tagesausflug. Wassersport Aktivit\u00e4ten gibt es auch, so kann man Parasailing, Bananaboot fahren oder auch Tauchen gehen.<\/p>\n\n\n\n<p><strong>Preise in Thai Baht pro Person: [banana_adult] | Kinder (4-12Jahren) 1,900<\/strong><\/p>\n\n\n\n<p class=\"has-text-align-right\"><strong><a href=\"https:\/\/www.easydayphuket.com\/de\/phuket-unternehmungen\/phuket-schnorchelausflug\/koh-hae-insel-ausflug\/#form\">Kontakt<\/a> | <a href=\"https:\/\/www.easydayphuket.com\/de\/phuket-unternehmungen\/phuket-schnorchelausflug\/koh-hae-insel-ausflug\/\">Mehr Infos<\/a><\/strong><\/p>\n\n\n<div class=\"divider\"><\/div>\n\n\n\n<figure class=\"wp-block-image alignleft\"><a href=\"https:\/\/www.easydayphuket.com\/de\/phuket-unternehmungen\/phuket-schnorchelausflug\/schnorcheln-similan-islands\/\"><img decoding=\"async\" src=\"https:\/\/farm3.staticflickr.com\/2463\/4177140577_54e620ea6a_q.jpg\" alt=\"Wundersch\u00f6ne Str\u00e4nde bei Similan Island - Thailands Schnorchel Paradies\"\/><\/a><figcaption class=\"wp-element-caption\">Similan Island Paradise<\/figcaption><\/figure>\n\n\n\n<h2 class=\"wp-block-heading\"><a title=\"Snorkeling tours to Similan Islands\" href=\"https:\/\/www.easydayphuket.com\/de\/phuket-unternehmungen\/phuket-schnorchelausflug\/schnorcheln-similan-islands\/\">Schnorcheln in Similan Islands<\/a><\/h2>\n\n\n\n<p>Von Phuket aus bieten wir Schnorcheltouen in den wundersch\u00f6nen Nationalpark von Similan an. Eine Adresse die man sich im Urlaub merken sollte, Similan z\u00e4hlt zu den zehn sch\u00f6nsten Gebieten f\u00fcr Schnorchler. <strong>Preise in Thai Baht pro Person: 4,300 | Kinder (3-11Jahren) 2,850<\/strong><\/p>\n\n\n\n<p class=\"has-text-align-right\"><a title=\"Easy Day Contact Form\" href=\"https:\/\/www.easydayphuket.com\/de\/kontakt\/\">Kontakt<\/a> | <a title=\"Snorkeling Similan Islands\" href=\"https:\/\/www.easydayphuket.com\/de\/phuket-unternehmungen\/phuket-schnorchelausflug\/schnorcheln-similan-islands\/\">Mehr Infos\u2026<\/a><\/p>\n\n\n<div class=\"divider\"><\/div>\n\n\n\n<figure class=\"wp-block-image alignleft\"><a href=\"https:\/\/www.easydayphuket.com\/de\/phuket-unternehmungen\/phuket-schnorchelausflug\/schnorcheln-surin-islands\/\"><img loading=\"lazy\" decoding=\"async\" width=\"150\" height=\"150\" src=\"https:\/\/www.easydayphuket.com\/wp-content\/uploads\/2013\/07\/surinislandsnorkeling-150x150.jpg\" alt=\"Schnorcheln im Surin Islands National Park\" class=\"wp-image-1894\"\/><\/a><figcaption class=\"wp-element-caption\">Surin Islands<\/figcaption><\/figure>\n\n\n\n<h2 class=\"wp-block-heading\"><a title=\"Snorkeling tours to Surin Islands\" href=\"https:\/\/www.easydayphuket.com\/de\/phuket-unternehmungen\/phuket-schnorchelausflug\/schnorcheln-surin-islands\/\">Surin Island Ausflug<\/a><\/h2>\n\n\n\n<p>Ein unber\u00fchrtes Inselparadies was \u00fcber zahlreiche Str\u00e4nde und glasklares Wasser verf\u00fcgt. Von Phuket aus bieten wir diesen wirklich einmaligen Schnorchelausflug an was mit einer kurzen Anreise nach Khao Lak verbunden ist. <strong>Preise in Thai Baht pro Person: 3,900 | Kinder (3-11Jahren) 2,700 <\/strong><\/p>\n\n\n\n<p class=\"has-text-align-right\"><a title=\"Easy Day Contact Form\" href=\"https:\/\/www.easydayphuket.com\/de\/kontakt\/\">Kontakt<\/a> | <a title=\"Snorkeling Surin Islands\" href=\"https:\/\/www.easydayphuket.com\/de\/phuket-unternehmungen\/phuket-schnorchelausflug\/schnorcheln-surin-islands\/\">Mehr Infos\u2026<\/a><\/p>\n\n\n<div class=\"divider\"><\/div>\n\n\n\n<figure class=\"wp-block-image alignright\"><a href=\"https:\/\/www.easydayphuket.com\/de\/phuket-ausfluege\/phi-phi-island-touren\/phi-phi-overnight-tour\/\"><img decoding=\"async\" src=\"https:\/\/farm6.staticflickr.com\/5003\/5345181047_1692807c80_q.jpg\" alt=\"Sai mai in Phi Phi Island\"\/><\/a><figcaption class=\"wp-element-caption\">Phi Phi \u00dcbernachtung<\/figcaption><\/figure>\n\n\n\n<h2 class=\"wp-block-heading\">Phuket Schnorchelausflug mit \u00dcbernachtung<\/h2>\n\n\n\n<p>Hier eine kurze Liste unserer Angebote: <\/p>\n\n\n<ul>\n<li><a title=\"Phi Phi Overnight Snorkeling &amp; Sightseeing Safari from Phuket\" href=\"https:\/\/www.easydayphuket.com\/de\/phuket-ausfluege\/phi-phi-island-touren\/phi-phi-overnight-tour\/\">Phi Phi Island Overnight cruises<\/a><\/li>\n<li>Raya Yai Island overnights (Demn\u00e4chst &#8230;)<\/li>\n<li>Similan &amp; Surin Island camping Abenteuer<\/li>\n<\/ul>\n\n\n\n<p><a title=\"Easy Day Contact Form\" href=\"https:\/\/www.easydayphuket.com\/de\/kontakt\/\">Kontakt<\/a> f\u00fcr Ihren Phuket Schnorchelausflug. F\u00fcr weitere Angebote bietet unser Partner von <a href=\"https:\/\/www.tauchen-in-thailand.de\/\">Tauchen in Thailand<\/a> seinen Service an.<\/p>\n\n\n\n<h2 class=\"wp-block-heading\">Fragen zum Phuket Schnorchelausflug<\/h2>\n\n\n\n<h3 class=\"wp-block-heading\">Ich m\u00f6chte schnorcheln kann aber nicht schwimmen ?<\/h3>\n\n\n\n<p><strong>JA, <\/strong>die Antwort ist ganz einfach zu erkl\u00e4ren. Auf allen unseren Booten haben wir Schwimmwesten die es Ihnen erlauben, ohne besondere Anstrengung, sich \u00fcber Wasser zu halten. Unsere Besatzung und Reiseleiter werden Ihnen genau erkl\u00e4ren wir die Ausr\u00fcstung zu handhaben ist und werden Sie im Wasser begleiten.<\/p>\n\n\n\n<h3 class=\"wp-block-heading\">Muss ich die Schorchelausr\u00fcstung selbst mitbringen?<\/h3>\n\n\n\n<p><strong>Nein.<\/strong> Die Boote sind mit der Schnorchelausr\u00fcstung ausgestattet, die entweder im Preis inklusive ist oder gemietet werden kann.<\/p>\n\n\n\n<h3 class=\"wp-block-heading\">Was mu\u00df ich mitbringen ?<\/h3>\n\n\n\n<p>Sie ben\u00f6tigen eigentlich nur ein Handtuch, Sonnencreme, einen Hut und eine Sonnenbrille.<\/p>\n\n\n\n<h2 class=\"wp-block-heading\" id=\"form\">Kontakt f\u00fcr Ihren Phuket Schnorchel Ausflug<\/h2>\n\n\n\n<script charset=\"utf-8\" type=\"text\/javascript\" src=\"\/\/js.hsforms.net\/forms\/embed\/v2.js\"><\/script>\n<script>\n  hbspt.forms.create({\n    region: \"na1\",\n    portalId: \"3413662\",\n    formId: \"59765d47-ffdf-4452-a315-11081d03c004\"\n  });\n<\/script>\n","protected":false},"excerpt":{"rendered":"<p>Ein Phuket Schnorchelausflug z\u00e4hlt zu den beliebtesten Urlaubsaktivit\u00e4ten unserer G\u00e4ste. Ein Spa\u00df f\u00fcr Jung und Alt der keinerlei Vorkenntnisse erfordert. Phuket ist mit seinen zahlrechen Inseln und glasklarem Wasser geradezu pr\u00e4destiniert f\u00fcr einen Schnorchelausflug. Verbringen Sie einen Tag auf einer wundersch\u00f6nen Insel und beobachten die Unterwasserwelt. Easy Days &#8211; Schnorchelausflug Schnorcheln gehen bei Racha Yai [&hellip;]<\/p>\n","protected":false},"author":4,"featured_media":10985,"parent":10326,"menu_order":0,"comment_status":"closed","ping_status":"open","template":"","meta":{"_acf_changed":false,"_et_pb_use_builder":"","_et_pb_old_content":"","_et_gb_content_width":"","footnotes":""},"class_list":["post-10289","page","type-page","status-publish","has-post-thumbnail","hentry"],"acf":[],"yoast_head":"<!-- This site is optimized with the Yoast SEO plugin v25.1 - https:\/\/yoast.com\/wordpress\/plugins\/seo\/ -->\n<title>Phuket Schnorchelausflug organisiert von Easy Day Phuket<\/title>\n<meta name=\"description\" content=\"Ein Phuket Schnorchel Ausflug f\u00fchrt sie zu den vorgelagerten Inseln von Phuket, mit traumhafte Str\u00e4nde und glasklarem Wasser\" \/>\n<meta name=\"robots\" content=\"index, follow, max-snippet:-1, max-image-preview:large, max-video-preview:-1\" \/>\n<link rel=\"canonical\" href=\"https:\/\/www.easydayphuket.com\/de\/phuket-unternehmungen\/phuket-schnorchelausflug\/\" \/>\n<meta property=\"og:locale\" content=\"de_DE\" \/>\n<meta property=\"og:type\" content=\"article\" \/>\n<meta property=\"og:title\" content=\"Phuket Schnorchelausflug organisiert von Easy Day Phuket\" \/>\n<meta property=\"og:description\" content=\"Ein Phuket Schnorchel Ausflug f\u00fchrt sie zu den vorgelagerten Inseln von Phuket, mit traumhafte Str\u00e4nde und glasklarem Wasser\" \/>\n<meta property=\"og:url\" content=\"https:\/\/www.easydayphuket.com\/de\/phuket-unternehmungen\/phuket-schnorchelausflug\/\" \/>\n<meta property=\"og:site_name\" content=\"Easy Day Phuket\" \/>\n<meta property=\"article:publisher\" content=\"https:\/\/www.facebook.com\/Easydayinthailand\/\" \/>\n<meta property=\"article:modified_time\" content=\"2024-05-24T18:42:05+00:00\" \/>\n<meta property=\"og:image\" content=\"https:\/\/www.easydayphuket.com\/wp-content\/uploads\/2013\/07\/Snorkeling-Tours-Phuket-Thailand.jpg\" \/>\n\t<meta property=\"og:image:width\" content=\"640\" \/>\n\t<meta property=\"og:image:height\" content=\"302\" \/>\n\t<meta property=\"og:image:type\" content=\"image\/jpeg\" \/>\n<meta name=\"twitter:label1\" content=\"Gesch\u00e4tzte Lesezeit\" \/>\n\t<meta name=\"twitter:data1\" content=\"4\u00a0Minuten\" \/>\n<script type=\"application\/ld+json\" class=\"yoast-schema-graph\">{\"@context\":\"https:\/\/schema.org\",\"@graph\":[{\"@type\":\"WebPage\",\"@id\":\"https:\/\/www.easydayphuket.com\/de\/phuket-unternehmungen\/phuket-schnorchelausflug\/\",\"url\":\"https:\/\/www.easydayphuket.com\/de\/phuket-unternehmungen\/phuket-schnorchelausflug\/\",\"name\":\"Phuket Schnorchelausflug organisiert von Easy Day Phuket\",\"isPartOf\":{\"@id\":\"https:\/\/www.easydayphuket.com\/#website\"},\"primaryImageOfPage\":{\"@id\":\"https:\/\/www.easydayphuket.com\/de\/phuket-unternehmungen\/phuket-schnorchelausflug\/#primaryimage\"},\"image\":{\"@id\":\"https:\/\/www.easydayphuket.com\/de\/phuket-unternehmungen\/phuket-schnorchelausflug\/#primaryimage\"},\"thumbnailUrl\":\"https:\/\/www.easydayphuket.com\/wp-content\/uploads\/2013\/07\/Snorkeling-Tours-Phuket-Thailand.jpg\",\"datePublished\":\"2015-05-24T03:13:04+00:00\",\"dateModified\":\"2024-05-24T18:42:05+00:00\",\"description\":\"Ein Phuket Schnorchel Ausflug f\u00fchrt sie zu den vorgelagerten Inseln von Phuket, mit traumhafte Str\u00e4nde und glasklarem Wasser\",\"breadcrumb\":{\"@id\":\"https:\/\/www.easydayphuket.com\/de\/phuket-unternehmungen\/phuket-schnorchelausflug\/#breadcrumb\"},\"inLanguage\":\"de\",\"potentialAction\":[{\"@type\":\"ReadAction\",\"target\":[\"https:\/\/www.easydayphuket.com\/de\/phuket-unternehmungen\/phuket-schnorchelausflug\/\"]}]},{\"@type\":\"ImageObject\",\"inLanguage\":\"de\",\"@id\":\"https:\/\/www.easydayphuket.com\/de\/phuket-unternehmungen\/phuket-schnorchelausflug\/#primaryimage\",\"url\":\"https:\/\/www.easydayphuket.com\/wp-content\/uploads\/2013\/07\/Snorkeling-Tours-Phuket-Thailand.jpg\",\"contentUrl\":\"https:\/\/www.easydayphuket.com\/wp-content\/uploads\/2013\/07\/Snorkeling-Tours-Phuket-Thailand.jpg\",\"width\":640,\"height\":302},{\"@type\":\"BreadcrumbList\",\"@id\":\"https:\/\/www.easydayphuket.com\/de\/phuket-unternehmungen\/phuket-schnorchelausflug\/#breadcrumb\",\"itemListElement\":[{\"@type\":\"ListItem\",\"position\":1,\"name\":\"Home\",\"item\":\"https:\/\/www.easydayphuket.com\/de\/\"},{\"@type\":\"ListItem\",\"position\":2,\"name\":\"Phuket Unternehmungen\",\"item\":\"https:\/\/www.easydayphuket.com\/de\/phuket-unternehmungen\/\"},{\"@type\":\"ListItem\",\"position\":3,\"name\":\"Phuket Schnorchelausflug\"}]},{\"@type\":\"WebSite\",\"@id\":\"https:\/\/www.easydayphuket.com\/#website\",\"url\":\"https:\/\/www.easydayphuket.com\/\",\"name\":\"Easy Day Phuket\",\"description\":\"Ihr Phuket Tour & Reise Partner\",\"publisher\":{\"@id\":\"https:\/\/www.easydayphuket.com\/#organization\"},\"potentialAction\":[{\"@type\":\"SearchAction\",\"target\":{\"@type\":\"EntryPoint\",\"urlTemplate\":\"https:\/\/www.easydayphuket.com\/?s={search_term_string}\"},\"query-input\":{\"@type\":\"PropertyValueSpecification\",\"valueRequired\":true,\"valueName\":\"search_term_string\"}}],\"inLanguage\":\"de\"},{\"@type\":\"Organization\",\"@id\":\"https:\/\/www.easydayphuket.com\/#organization\",\"name\":\"Easy Day Thailand\",\"url\":\"https:\/\/www.easydayphuket.com\/\",\"logo\":{\"@type\":\"ImageObject\",\"inLanguage\":\"de\",\"@id\":\"https:\/\/www.easydayphuket.com\/#\/schema\/logo\/image\/\",\"url\":\"https:\/\/www.easydayphuket.com\/wp-content\/uploads\/2013\/07\/Sun-Thaiflag_booking12.gif\",\"contentUrl\":\"https:\/\/www.easydayphuket.com\/wp-content\/uploads\/2013\/07\/Sun-Thaiflag_booking12.gif\",\"width\":100,\"height\":94,\"caption\":\"Easy Day Thailand\"},\"image\":{\"@id\":\"https:\/\/www.easydayphuket.com\/#\/schema\/logo\/image\/\"},\"sameAs\":[\"https:\/\/www.facebook.com\/Easydayinthailand\/\",\"https:\/\/www.instagram.com\/easydaythailand\/\"]}]}<\/script>\n<!-- \/ Yoast SEO plugin. -->","yoast_head_json":{"title":"Phuket Schnorchelausflug organisiert von Easy Day Phuket","description":"Ein Phuket Schnorchel Ausflug f\u00fchrt sie zu den vorgelagerten Inseln von Phuket, mit traumhafte Str\u00e4nde und glasklarem Wasser","robots":{"index":"index","follow":"follow","max-snippet":"max-snippet:-1","max-image-preview":"max-image-preview:large","max-video-preview":"max-video-preview:-1"},"canonical":"https:\/\/www.easydayphuket.com\/de\/phuket-unternehmungen\/phuket-schnorchelausflug\/","og_locale":"de_DE","og_type":"article","og_title":"Phuket Schnorchelausflug organisiert von Easy Day Phuket","og_description":"Ein Phuket Schnorchel Ausflug f\u00fchrt sie zu den vorgelagerten Inseln von Phuket, mit traumhafte Str\u00e4nde und glasklarem Wasser","og_url":"https:\/\/www.easydayphuket.com\/de\/phuket-unternehmungen\/phuket-schnorchelausflug\/","og_site_name":"Easy Day Phuket","article_publisher":"https:\/\/www.facebook.com\/Easydayinthailand\/","article_modified_time":"2024-05-24T18:42:05+00:00","og_image":[{"width":640,"height":302,"url":"https:\/\/www.easydayphuket.com\/wp-content\/uploads\/2013\/07\/Snorkeling-Tours-Phuket-Thailand.jpg","type":"image\/jpeg"}],"twitter_misc":{"Gesch\u00e4tzte Lesezeit":"4\u00a0Minuten"},"schema":{"@context":"https:\/\/schema.org","@graph":[{"@type":"WebPage","@id":"https:\/\/www.easydayphuket.com\/de\/phuket-unternehmungen\/phuket-schnorchelausflug\/","url":"https:\/\/www.easydayphuket.com\/de\/phuket-unternehmungen\/phuket-schnorchelausflug\/","name":"Phuket Schnorchelausflug organisiert von Easy Day Phuket","isPartOf":{"@id":"https:\/\/www.easydayphuket.com\/#website"},"primaryImageOfPage":{"@id":"https:\/\/www.easydayphuket.com\/de\/phuket-unternehmungen\/phuket-schnorchelausflug\/#primaryimage"},"image":{"@id":"https:\/\/www.easydayphuket.com\/de\/phuket-unternehmungen\/phuket-schnorchelausflug\/#primaryimage"},"thumbnailUrl":"https:\/\/www.easydayphuket.com\/wp-content\/uploads\/2013\/07\/Snorkeling-Tours-Phuket-Thailand.jpg","datePublished":"2015-05-24T03:13:04+00:00","dateModified":"2024-05-24T18:42:05+00:00","description":"Ein Phuket Schnorchel Ausflug f\u00fchrt sie zu den vorgelagerten Inseln von Phuket, mit traumhafte Str\u00e4nde und glasklarem Wasser","breadcrumb":{"@id":"https:\/\/www.easydayphuket.com\/de\/phuket-unternehmungen\/phuket-schnorchelausflug\/#breadcrumb"},"inLanguage":"de","potentialAction":[{"@type":"ReadAction","target":["https:\/\/www.easydayphuket.com\/de\/phuket-unternehmungen\/phuket-schnorchelausflug\/"]}]},{"@type":"ImageObject","inLanguage":"de","@id":"https:\/\/www.easydayphuket.com\/de\/phuket-unternehmungen\/phuket-schnorchelausflug\/#primaryimage","url":"https:\/\/www.easydayphuket.com\/wp-content\/uploads\/2013\/07\/Snorkeling-Tours-Phuket-Thailand.jpg","contentUrl":"https:\/\/www.easydayphuket.com\/wp-content\/uploads\/2013\/07\/Snorkeling-Tours-Phuket-Thailand.jpg","width":640,"height":302},{"@type":"BreadcrumbList","@id":"https:\/\/www.easydayphuket.com\/de\/phuket-unternehmungen\/phuket-schnorchelausflug\/#breadcrumb","itemListElement":[{"@type":"ListItem","position":1,"name":"Home","item":"https:\/\/www.easydayphuket.com\/de\/"},{"@type":"ListItem","position":2,"name":"Phuket Unternehmungen","item":"https:\/\/www.easydayphuket.com\/de\/phuket-unternehmungen\/"},{"@type":"ListItem","position":3,"name":"Phuket Schnorchelausflug"}]},{"@type":"WebSite","@id":"https:\/\/www.easydayphuket.com\/#website","url":"https:\/\/www.easydayphuket.com\/","name":"Easy Day Phuket","description":"Ihr Phuket Tour & Reise Partner","publisher":{"@id":"https:\/\/www.easydayphuket.com\/#organization"},"potentialAction":[{"@type":"SearchAction","target":{"@type":"EntryPoint","urlTemplate":"https:\/\/www.easydayphuket.com\/?s={search_term_string}"},"query-input":{"@type":"PropertyValueSpecification","valueRequired":true,"valueName":"search_term_string"}}],"inLanguage":"de"},{"@type":"Organization","@id":"https:\/\/www.easydayphuket.com\/#organization","name":"Easy Day Thailand","url":"https:\/\/www.easydayphuket.com\/","logo":{"@type":"ImageObject","inLanguage":"de","@id":"https:\/\/www.easydayphuket.com\/#\/schema\/logo\/image\/","url":"https:\/\/www.easydayphuket.com\/wp-content\/uploads\/2013\/07\/Sun-Thaiflag_booking12.gif","contentUrl":"https:\/\/www.easydayphuket.com\/wp-content\/uploads\/2013\/07\/Sun-Thaiflag_booking12.gif","width":100,"height":94,"caption":"Easy Day Thailand"},"image":{"@id":"https:\/\/www.easydayphuket.com\/#\/schema\/logo\/image\/"},"sameAs":["https:\/\/www.facebook.com\/Easydayinthailand\/","https:\/\/www.instagram.com\/easydaythailand\/"]}]}},"_links":{"self":[{"href":"https:\/\/www.easydayphuket.com\/de\/wp-json\/wp\/v2\/pages\/10289","targetHints":{"allow":["GET"]}}],"collection":[{"href":"https:\/\/www.easydayphuket.com\/de\/wp-json\/wp\/v2\/pages"}],"about":[{"href":"https:\/\/www.easydayphuket.com\/de\/wp-json\/wp\/v2\/types\/page"}],"author":[{"embeddable":true,"href":"https:\/\/www.easydayphuket.com\/de\/wp-json\/wp\/v2\/users\/4"}],"replies":[{"embeddable":true,"href":"https:\/\/www.easydayphuket.com\/de\/wp-json\/wp\/v2\/comments?post=10289"}],"version-history":[{"count":0,"href":"https:\/\/www.easydayphuket.com\/de\/wp-json\/wp\/v2\/pages\/10289\/revisions"}],"up":[{"embeddable":true,"href":"https:\/\/www.easydayphuket.com\/de\/wp-json\/wp\/v2\/pages\/10326"}],"wp:featuredmedia":[{"embeddable":true,"href":"https:\/\/www.easydayphuket.com\/de\/wp-json\/wp\/v2\/media\/10985"}],"wp:attachment":[{"href":"https:\/\/www.easydayphuket.com\/de\/wp-json\/wp\/v2\/media?parent=10289"}],"curies":[{"name":"wp","href":"https:\/\/api.w.org\/{rel}","templated":true}]}}