{"id":10285,"date":"2015-05-25T12:08:08","date_gmt":"2015-05-25T05:08:08","guid":{"rendered":"https:\/\/www.easydayphuket.com\/?page_id=10285"},"modified":"2024-05-15T00:52:05","modified_gmt":"2024-05-14T17:52:05","slug":"privater-phuket-halbtagesausflug","status":"publish","type":"page","link":"https:\/\/www.easydayphuket.com\/de\/phuket-ausfluege\/private-phuket-inselrundfahrt\/privater-phuket-halbtagesausflug\/","title":{"rendered":"Privater Phuket Halbtagesausflug"},"content":{"rendered":"\n<figure class=\"wp-block-image alignright\"><a href=\"https:\/\/www.flickr.com\/photos\/easydaythailand\/sets\/72157634955041828\/\" rel=\"noopener noreferrer\"><img decoding=\"async\" src=\"https:\/\/farm8.staticflickr.com\/7064\/6834526284_00921e837a_m.jpg\" alt=\"Privater Phuket Halbtagesausflug\"\/><\/a><figcaption class=\"wp-element-caption\">Aussicht vom Big Buddha<\/figcaption><\/figure>\n\n\n\n<p>Ein privater Phuket Halbtagesausflug zu den sch\u00f6nsten Pl\u00e4tzen der Insel Phuket. Sie werden viele wunderbare Sachen sehen die ihnen noch lange in Erinnerung bleiben werden.<\/p>\n\n\n\n<ul class=\"wp-block-list\">\n<li><strong>Morgens <\/strong>oder<strong> Nachmittags, <\/strong>entscheiden Sie selbst.<\/li>\n\n\n\n<li>Besuch des <a title=\"Big Buddha\" href=\"https:\/\/www.easydayphuket.com\/big-buddha\/\">Big Buddha<\/a> Tempels.<\/li>\n\n\n\n<li><a title=\"Wat Chalong Phuket\" href=\"https:\/\/www.easydayphuket.com\/de\/wat-chalong-phuket\/\">Wat Chalong Tempel<\/a> &#8211; Der bekannteste Tempel Phukets<\/li>\n\n\n\n<li>Stopps an <strong>Sehensw\u00fcrdigkeiten<\/strong> und Aussichtspunkten<strong>.<\/strong><\/li>\n<\/ul>\n\n\n\n\t\t\t<div class='et-tabs-container et_sliderfx_fade et_sliderauto_false et_sliderauto_speed_5000 et_slidertype_top_tabs'>\n\t\t\t\t<div class='et_slidecontent'>\n\t\t\t<p><strong>Preise in Thai Baht: 1-2 Erwachsene 4,600 | Extra Person 900\n<\/strong>Kinder unter 5 Jahren kostenlos und von 5- 11 Jahren Thai Baht \u00a0300 pro Kind.<strong>\u00a0<\/strong><\/p>\n<p><strong>Tour inklusive:<\/strong><\/p>\n<ul>\n<li>Privater Transfer im klimatisierten Minibus f\u00fcr 5 Std.<\/li>\n<li>Erfahrener Guide<\/li>\n<li>Wasser &amp; alkoholfreie Getr\u00e4nke im Minibus.<\/li>\n<li>Steuern &amp; Versicherung.<\/li>\n<\/ul>\n<p style=\"text-align: right;\"><a href='#form' class='small-button smallblue'>Buchen \/ Kontakt<\/a><\/p>\n\t\t<\/div> \n\t\t<div class='et_slidecontent'>\n\t\t\t<p><strong>Preise in Thai Baht: 1-2 Personen 2,500\u00a0| Extra Person 400\n<\/strong>Kider unter 5 Jahren kostenlos und von 5- 11 Jahren Thai Baht<strong> \u00a0<\/strong>200pro Kind.<strong><strong>\u00a0<\/strong><\/strong><\/p>\n<p><strong>Tour Inklusive:<\/strong><\/p>\n<ul>\n<li>Privater Transfer im klimatisierten Minibus f\u00fcr 4 Std.<\/li>\n<li>Wasser &amp; alkoholfreie Getr\u00e4nke im Minibus.<\/li>\n<li>Steuern &amp; Versicherung<\/li>\n<\/ul>\n<p style=\"text-align: right;\"><a href='#form' class='small-button smallblue'>Buchen \/ Kontakt<\/a><\/p>\n\t\t<\/div>\n\t\t\t<\/div>\n\n\n\n<h2 class=\"wp-block-heading\">Privater Phuket Halbtagesausflug &#8211; Tourablauf<\/h2>\n\n\n\n<ul class=\"wp-block-list\">\n<li>08.30 &#8211; Ihr Fahrer holt Sie von Ihrem Hotel ab.<\/li>\n\n\n\n<li>09.00 &#8211; Besuch des Big Buddha &#8211; Eine riesige Buddha-Statue mit einem spektakul\u00e4ren Ausblick auf Phuket und s\u00fcdlichen Inseln.<\/li>\n\n\n\n<li>10.00 &#8211; Wat Chalong &#8211; Der bekannteste und gr\u00f6\u00dfte Tempel der Insel Phukets.<\/li>\n\n\n\n<li>12.30 &#8211; Besuch der Fabrik f\u00fcr Cashew-N\u00fcssen. Sehr interessante Produktion dieser Nuss.<\/li>\n\n\n\n<li>13.30 &#8211; Ankunft an Ihrem Hotel.<\/li>\n<\/ul>\n\n\n\n<p>Hinweis &#8211; Dieser Ausflug kann am Nachmittag von 13.30 bis 18.30 stattfinden. In den Zeiten sind wir sehr flexibel und richten uns nach Ihnen. Hier noch ein paar M\u00f6glichkeiten die man mit einem Phuket Halbtagesausflug kombinieren k\u00f6nnte.<\/p>\n\n\n<ul>\n<li><strong>Sp\u00e4ter Abflug von Phuket ?<\/strong> Verschwenden Sie nicht Ihren kostbaren Urlaub, nutzen Sie unser Tour Programm und besuchen auf dem Weg zum Flughafen ein Highlight von Phuket.<\/li>\n<li><strong>Besuch der Abendveranstaltungen ?<\/strong> Kombinieren Sie Ihren Phuket Halbtagesausflug am Nachmittag mit einer Nacht im <a title=\"Phuket Fantasea Tour\" href=\"https:\/\/www.easydayphuket.com\/de\/phuket-ausfluege\/phuket-veranstaltungen\/phuket-fantasea-show\/\">Phuket Fantasea<\/a> or <a href=\"https:\/\/www.easydayphuket.com\/de\/phuket-ausfluege\/phuket-veranstaltungen\/siam-niramit-show\/\">Siam Niramit<\/a>.<\/li>\n<li><strong>Aktivit\u00e4ten wie Bungeespringen, <a title=\"Phuket ATV Tour\" href=\"https:\/\/www.easydayphuket.com\/de\/phuket-unternehmungen\/phuket-atv-tour\/\">ATV<\/a>, Spa<\/strong> &#8211; Alles M\u00f6glichkeiten die man in Verbindung mit der Phuket Halbtagestour stattfinden lassen kann.<\/li>\n<\/ul>\n\n\n\n<h2 class=\"wp-block-heading\" id=\"form\">Kontakt f\u00fcr Ihren Phuket Halbtagesausflug<\/h2>\n\n\n\n<script charset=\"utf-8\" type=\"text\/javascript\" src=\"\/\/js.hsforms.net\/forms\/embed\/v2.js\"><\/script>\n<script>\n  hbspt.forms.create({\n    region: \"na1\",\n    portalId: \"3413662\",\n    formId: \"59765d47-ffdf-4452-a315-11081d03c004\"\n  });\n<\/script>\n","protected":false},"excerpt":{"rendered":"<p>Ein privater Phuket Halbtagesausflug zu den sch\u00f6nsten Pl\u00e4tzen der Insel Phuket. Sie werden viele wunderbare Sachen sehen die ihnen noch lange in Erinnerung bleiben werden. Privater Phuket Halbtagesausflug &#8211; Tourablauf Hinweis &#8211; Dieser Ausflug kann am Nachmittag von 13.30 bis 18.30 stattfinden. In den Zeiten sind wir sehr flexibel und richten uns nach Ihnen. Hier [&hellip;]<\/p>\n","protected":false},"author":4,"featured_media":33197,"parent":8307,"menu_order":0,"comment_status":"closed","ping_status":"open","template":"","meta":{"_acf_changed":false,"_et_pb_use_builder":"","_et_pb_old_content":"","_et_gb_content_width":"","footnotes":""},"class_list":["post-10285","page","type-page","status-publish","has-post-thumbnail","hentry"],"acf":[],"yoast_head":"<!-- This site is optimized with the Yoast SEO plugin v25.1 - https:\/\/yoast.com\/wordpress\/plugins\/seo\/ -->\n<title>Privater Phuket Halbtagesausflug und Inselrundfahrt<\/title>\n<meta name=\"description\" content=\"Privater Phuket Halbtagesausflug und Inselrundfahrt ist f\u00fcr G\u00e4ste die mal mehr von Phuket und der Tradition von Thailand erleben m\u00f6chten.\" \/>\n<meta name=\"robots\" content=\"index, follow, max-snippet:-1, max-image-preview:large, max-video-preview:-1\" \/>\n<link rel=\"canonical\" href=\"https:\/\/www.easydayphuket.com\/de\/phuket-ausfluege\/private-phuket-inselrundfahrt\/privater-phuket-halbtagesausflug\/\" \/>\n<meta property=\"og:locale\" content=\"de_DE\" \/>\n<meta property=\"og:type\" content=\"article\" \/>\n<meta property=\"og:title\" content=\"Privater Phuket Halbtagesausflug und Inselrundfahrt\" \/>\n<meta property=\"og:description\" content=\"Privater Phuket Halbtagesausflug und Inselrundfahrt ist f\u00fcr G\u00e4ste die mal mehr von Phuket und der Tradition von Thailand erleben m\u00f6chten.\" \/>\n<meta property=\"og:url\" content=\"https:\/\/www.easydayphuket.com\/de\/phuket-ausfluege\/private-phuket-inselrundfahrt\/privater-phuket-halbtagesausflug\/\" \/>\n<meta property=\"og:site_name\" content=\"Easy Day Phuket\" \/>\n<meta property=\"article:publisher\" content=\"https:\/\/www.facebook.com\/Easydayinthailand\/\" \/>\n<meta property=\"article:modified_time\" content=\"2024-05-14T17:52:05+00:00\" \/>\n<meta property=\"og:image\" content=\"https:\/\/www.easydayphuket.com\/wp-content\/uploads\/2020\/04\/Phuket-Sightseeing-Kata-View-Point-blurb.jpg\" \/>\n\t<meta property=\"og:image:width\" content=\"550\" \/>\n\t<meta property=\"og:image:height\" content=\"309\" \/>\n\t<meta property=\"og:image:type\" content=\"image\/jpeg\" \/>\n<meta name=\"twitter:label1\" content=\"Gesch\u00e4tzte Lesezeit\" \/>\n\t<meta name=\"twitter:data1\" content=\"2\u00a0Minuten\" \/>\n<script type=\"application\/ld+json\" class=\"yoast-schema-graph\">{\"@context\":\"https:\/\/schema.org\",\"@graph\":[{\"@type\":\"WebPage\",\"@id\":\"https:\/\/www.easydayphuket.com\/de\/phuket-ausfluege\/private-phuket-inselrundfahrt\/privater-phuket-halbtagesausflug\/\",\"url\":\"https:\/\/www.easydayphuket.com\/de\/phuket-ausfluege\/private-phuket-inselrundfahrt\/privater-phuket-halbtagesausflug\/\",\"name\":\"Privater Phuket Halbtagesausflug und Inselrundfahrt\",\"isPartOf\":{\"@id\":\"https:\/\/www.easydayphuket.com\/#website\"},\"primaryImageOfPage\":{\"@id\":\"https:\/\/www.easydayphuket.com\/de\/phuket-ausfluege\/private-phuket-inselrundfahrt\/privater-phuket-halbtagesausflug\/#primaryimage\"},\"image\":{\"@id\":\"https:\/\/www.easydayphuket.com\/de\/phuket-ausfluege\/private-phuket-inselrundfahrt\/privater-phuket-halbtagesausflug\/#primaryimage\"},\"thumbnailUrl\":\"https:\/\/www.easydayphuket.com\/wp-content\/uploads\/2020\/04\/Phuket-Sightseeing-Kata-View-Point-blurb.jpg\",\"datePublished\":\"2015-05-25T05:08:08+00:00\",\"dateModified\":\"2024-05-14T17:52:05+00:00\",\"description\":\"Privater Phuket Halbtagesausflug und Inselrundfahrt ist f\u00fcr G\u00e4ste die mal mehr von Phuket und der Tradition von Thailand erleben m\u00f6chten.\",\"breadcrumb\":{\"@id\":\"https:\/\/www.easydayphuket.com\/de\/phuket-ausfluege\/private-phuket-inselrundfahrt\/privater-phuket-halbtagesausflug\/#breadcrumb\"},\"inLanguage\":\"de\",\"potentialAction\":[{\"@type\":\"ReadAction\",\"target\":[\"https:\/\/www.easydayphuket.com\/de\/phuket-ausfluege\/private-phuket-inselrundfahrt\/privater-phuket-halbtagesausflug\/\"]}]},{\"@type\":\"ImageObject\",\"inLanguage\":\"de\",\"@id\":\"https:\/\/www.easydayphuket.com\/de\/phuket-ausfluege\/private-phuket-inselrundfahrt\/privater-phuket-halbtagesausflug\/#primaryimage\",\"url\":\"https:\/\/www.easydayphuket.com\/wp-content\/uploads\/2020\/04\/Phuket-Sightseeing-Kata-View-Point-blurb.jpg\",\"contentUrl\":\"https:\/\/www.easydayphuket.com\/wp-content\/uploads\/2020\/04\/Phuket-Sightseeing-Kata-View-Point-blurb.jpg\",\"width\":550,\"height\":309,\"caption\":\"Phuket Sightseeing - Kata View Point\"},{\"@type\":\"BreadcrumbList\",\"@id\":\"https:\/\/www.easydayphuket.com\/de\/phuket-ausfluege\/private-phuket-inselrundfahrt\/privater-phuket-halbtagesausflug\/#breadcrumb\",\"itemListElement\":[{\"@type\":\"ListItem\",\"position\":1,\"name\":\"Home\",\"item\":\"https:\/\/www.easydayphuket.com\/de\/\"},{\"@type\":\"ListItem\",\"position\":2,\"name\":\"Phuket Ausfl\u00fcge\",\"item\":\"https:\/\/www.easydayphuket.com\/de\/phuket-ausfluege\/\"},{\"@type\":\"ListItem\",\"position\":3,\"name\":\"Private Phuket Inselrundfahrt\",\"item\":\"https:\/\/www.easydayphuket.com\/de\/phuket-ausfluege\/private-phuket-inselrundfahrt\/\"},{\"@type\":\"ListItem\",\"position\":4,\"name\":\"Privater Phuket Halbtagesausflug\"}]},{\"@type\":\"WebSite\",\"@id\":\"https:\/\/www.easydayphuket.com\/#website\",\"url\":\"https:\/\/www.easydayphuket.com\/\",\"name\":\"Easy Day Phuket\",\"description\":\"Ihr Phuket Tour & Reise Partner\",\"publisher\":{\"@id\":\"https:\/\/www.easydayphuket.com\/#organization\"},\"potentialAction\":[{\"@type\":\"SearchAction\",\"target\":{\"@type\":\"EntryPoint\",\"urlTemplate\":\"https:\/\/www.easydayphuket.com\/?s={search_term_string}\"},\"query-input\":{\"@type\":\"PropertyValueSpecification\",\"valueRequired\":true,\"valueName\":\"search_term_string\"}}],\"inLanguage\":\"de\"},{\"@type\":\"Organization\",\"@id\":\"https:\/\/www.easydayphuket.com\/#organization\",\"name\":\"Easy Day Thailand\",\"url\":\"https:\/\/www.easydayphuket.com\/\",\"logo\":{\"@type\":\"ImageObject\",\"inLanguage\":\"de\",\"@id\":\"https:\/\/www.easydayphuket.com\/#\/schema\/logo\/image\/\",\"url\":\"https:\/\/www.easydayphuket.com\/wp-content\/uploads\/2013\/07\/Sun-Thaiflag_booking12.gif\",\"contentUrl\":\"https:\/\/www.easydayphuket.com\/wp-content\/uploads\/2013\/07\/Sun-Thaiflag_booking12.gif\",\"width\":100,\"height\":94,\"caption\":\"Easy Day Thailand\"},\"image\":{\"@id\":\"https:\/\/www.easydayphuket.com\/#\/schema\/logo\/image\/\"},\"sameAs\":[\"https:\/\/www.facebook.com\/Easydayinthailand\/\",\"https:\/\/www.instagram.com\/easydaythailand\/\"]}]}<\/script>\n<!-- \/ Yoast SEO plugin. -->","yoast_head_json":{"title":"Privater Phuket Halbtagesausflug und Inselrundfahrt","description":"Privater Phuket Halbtagesausflug und Inselrundfahrt ist f\u00fcr G\u00e4ste die mal mehr von Phuket und der Tradition von Thailand erleben m\u00f6chten.","robots":{"index":"index","follow":"follow","max-snippet":"max-snippet:-1","max-image-preview":"max-image-preview:large","max-video-preview":"max-video-preview:-1"},"canonical":"https:\/\/www.easydayphuket.com\/de\/phuket-ausfluege\/private-phuket-inselrundfahrt\/privater-phuket-halbtagesausflug\/","og_locale":"de_DE","og_type":"article","og_title":"Privater Phuket Halbtagesausflug und Inselrundfahrt","og_description":"Privater Phuket Halbtagesausflug und Inselrundfahrt ist f\u00fcr G\u00e4ste die mal mehr von Phuket und der Tradition von Thailand erleben m\u00f6chten.","og_url":"https:\/\/www.easydayphuket.com\/de\/phuket-ausfluege\/private-phuket-inselrundfahrt\/privater-phuket-halbtagesausflug\/","og_site_name":"Easy Day Phuket","article_publisher":"https:\/\/www.facebook.com\/Easydayinthailand\/","article_modified_time":"2024-05-14T17:52:05+00:00","og_image":[{"width":550,"height":309,"url":"https:\/\/www.easydayphuket.com\/wp-content\/uploads\/2020\/04\/Phuket-Sightseeing-Kata-View-Point-blurb.jpg","type":"image\/jpeg"}],"twitter_misc":{"Gesch\u00e4tzte Lesezeit":"2\u00a0Minuten"},"schema":{"@context":"https:\/\/schema.org","@graph":[{"@type":"WebPage","@id":"https:\/\/www.easydayphuket.com\/de\/phuket-ausfluege\/private-phuket-inselrundfahrt\/privater-phuket-halbtagesausflug\/","url":"https:\/\/www.easydayphuket.com\/de\/phuket-ausfluege\/private-phuket-inselrundfahrt\/privater-phuket-halbtagesausflug\/","name":"Privater Phuket Halbtagesausflug und Inselrundfahrt","isPartOf":{"@id":"https:\/\/www.easydayphuket.com\/#website"},"primaryImageOfPage":{"@id":"https:\/\/www.easydayphuket.com\/de\/phuket-ausfluege\/private-phuket-inselrundfahrt\/privater-phuket-halbtagesausflug\/#primaryimage"},"image":{"@id":"https:\/\/www.easydayphuket.com\/de\/phuket-ausfluege\/private-phuket-inselrundfahrt\/privater-phuket-halbtagesausflug\/#primaryimage"},"thumbnailUrl":"https:\/\/www.easydayphuket.com\/wp-content\/uploads\/2020\/04\/Phuket-Sightseeing-Kata-View-Point-blurb.jpg","datePublished":"2015-05-25T05:08:08+00:00","dateModified":"2024-05-14T17:52:05+00:00","description":"Privater Phuket Halbtagesausflug und Inselrundfahrt ist f\u00fcr G\u00e4ste die mal mehr von Phuket und der Tradition von Thailand erleben m\u00f6chten.","breadcrumb":{"@id":"https:\/\/www.easydayphuket.com\/de\/phuket-ausfluege\/private-phuket-inselrundfahrt\/privater-phuket-halbtagesausflug\/#breadcrumb"},"inLanguage":"de","potentialAction":[{"@type":"ReadAction","target":["https:\/\/www.easydayphuket.com\/de\/phuket-ausfluege\/private-phuket-inselrundfahrt\/privater-phuket-halbtagesausflug\/"]}]},{"@type":"ImageObject","inLanguage":"de","@id":"https:\/\/www.easydayphuket.com\/de\/phuket-ausfluege\/private-phuket-inselrundfahrt\/privater-phuket-halbtagesausflug\/#primaryimage","url":"https:\/\/www.easydayphuket.com\/wp-content\/uploads\/2020\/04\/Phuket-Sightseeing-Kata-View-Point-blurb.jpg","contentUrl":"https:\/\/www.easydayphuket.com\/wp-content\/uploads\/2020\/04\/Phuket-Sightseeing-Kata-View-Point-blurb.jpg","width":550,"height":309,"caption":"Phuket Sightseeing - Kata View Point"},{"@type":"BreadcrumbList","@id":"https:\/\/www.easydayphuket.com\/de\/phuket-ausfluege\/private-phuket-inselrundfahrt\/privater-phuket-halbtagesausflug\/#breadcrumb","itemListElement":[{"@type":"ListItem","position":1,"name":"Home","item":"https:\/\/www.easydayphuket.com\/de\/"},{"@type":"ListItem","position":2,"name":"Phuket Ausfl\u00fcge","item":"https:\/\/www.easydayphuket.com\/de\/phuket-ausfluege\/"},{"@type":"ListItem","position":3,"name":"Private Phuket Inselrundfahrt","item":"https:\/\/www.easydayphuket.com\/de\/phuket-ausfluege\/private-phuket-inselrundfahrt\/"},{"@type":"ListItem","position":4,"name":"Privater Phuket Halbtagesausflug"}]},{"@type":"WebSite","@id":"https:\/\/www.easydayphuket.com\/#website","url":"https:\/\/www.easydayphuket.com\/","name":"Easy Day Phuket","description":"Ihr Phuket Tour & Reise Partner","publisher":{"@id":"https:\/\/www.easydayphuket.com\/#organization"},"potentialAction":[{"@type":"SearchAction","target":{"@type":"EntryPoint","urlTemplate":"https:\/\/www.easydayphuket.com\/?s={search_term_string}"},"query-input":{"@type":"PropertyValueSpecification","valueRequired":true,"valueName":"search_term_string"}}],"inLanguage":"de"},{"@type":"Organization","@id":"https:\/\/www.easydayphuket.com\/#organization","name":"Easy Day Thailand","url":"https:\/\/www.easydayphuket.com\/","logo":{"@type":"ImageObject","inLanguage":"de","@id":"https:\/\/www.easydayphuket.com\/#\/schema\/logo\/image\/","url":"https:\/\/www.easydayphuket.com\/wp-content\/uploads\/2013\/07\/Sun-Thaiflag_booking12.gif","contentUrl":"https:\/\/www.easydayphuket.com\/wp-content\/uploads\/2013\/07\/Sun-Thaiflag_booking12.gif","width":100,"height":94,"caption":"Easy Day Thailand"},"image":{"@id":"https:\/\/www.easydayphuket.com\/#\/schema\/logo\/image\/"},"sameAs":["https:\/\/www.facebook.com\/Easydayinthailand\/","https:\/\/www.instagram.com\/easydaythailand\/"]}]}},"_links":{"self":[{"href":"https:\/\/www.easydayphuket.com\/de\/wp-json\/wp\/v2\/pages\/10285","targetHints":{"allow":["GET"]}}],"collection":[{"href":"https:\/\/www.easydayphuket.com\/de\/wp-json\/wp\/v2\/pages"}],"about":[{"href":"https:\/\/www.easydayphuket.com\/de\/wp-json\/wp\/v2\/types\/page"}],"author":[{"embeddable":true,"href":"https:\/\/www.easydayphuket.com\/de\/wp-json\/wp\/v2\/users\/4"}],"replies":[{"embeddable":true,"href":"https:\/\/www.easydayphuket.com\/de\/wp-json\/wp\/v2\/comments?post=10285"}],"version-history":[{"count":0,"href":"https:\/\/www.easydayphuket.com\/de\/wp-json\/wp\/v2\/pages\/10285\/revisions"}],"up":[{"embeddable":true,"href":"https:\/\/www.easydayphuket.com\/de\/wp-json\/wp\/v2\/pages\/8307"}],"wp:featuredmedia":[{"embeddable":true,"href":"https:\/\/www.easydayphuket.com\/de\/wp-json\/wp\/v2\/media\/33197"}],"wp:attachment":[{"href":"https:\/\/www.easydayphuket.com\/de\/wp-json\/wp\/v2\/media?parent=10285"}],"curies":[{"name":"wp","href":"https:\/\/api.w.org\/{rel}","templated":true}]}}