{"id":9148,"date":"2015-03-16T00:24:28","date_gmt":"2015-03-15T17:24:28","guid":{"rendered":"https:\/\/www.easydayphuket.com\/?page_id=9148"},"modified":"2024-04-06T11:34:22","modified_gmt":"2024-04-06T04:34:22","slug":"cruise-med-june-bathra-i-phang-nga-bugten","status":"publish","type":"page","link":"https:\/\/www.easydayphuket.com\/da\/bedste-udflugter-og-dagture-phuket\/ture-til-james-bond-oen-phang-nga\/cruise-med-june-bathra-i-phang-nga-bugten\/","title":{"rendered":"Cruise med June Bathra i Phang Nga Bugten"},"content":{"rendered":"\n<figure class=\"wp-block-image alignright\"><a href=\"https:\/\/www.flickr.com\/photos\/easydaythailand\/sets\/72157623584637290\/\" rel=\"noopener noreferrer\"><img decoding=\"async\" src=\"https:\/\/farm5.staticflickr.com\/4003\/4418886187_89159014d5_m.jpg\" alt=\"June Bathra Sightseeing cruises into Phang Nga Bay\"\/><\/a><figcaption class=\"wp-element-caption\">June Bahtra<\/figcaption><\/figure>\n\n\n\n<p>Ta med p\u00e5 et sightseeing cruise i Phang Nga Bugten ombord p\u00e5 June Bathra. En skonnert rigget til som en kinesisk junke, som er en enest\u00e5ende m\u00e5de at udforske dette tropiske \u00f8-hav p\u00e5.<\/p>\n\n\n\n<ul class=\"wp-block-list\">\n<li>Vi g\u00f8r holdt ved den ber\u00f8mte James Bond \u00d8<\/li>\n\n\n\n<li>Koh Panyee, Havsig\u00f8jnernes landsby<\/li>\n\n\n\n<li>Vi bes\u00f8ger Mangrove Deltaet og Grotto Hulen<\/li>\n\n\n\n<li>Engelsktalende guide.<\/li>\n<\/ul>\n\n\n<p><strong>Pris i Thai Baht pr person: 4,200 | B\u00f8rn (2-12 \u00e5r) 3,150\u00a0 <a href=\"#form\">&gt;&gt; Tilmeld her\/ Kontakt Os<\/a><\/strong>\u00a0<\/p>\n\n\n\n<p><strong>T<\/strong><strong>uren Inkluderer :<\/strong><\/p>\n\n\n<ul>\n<li>Transport fra \/ til jeres hoteller i Phuket og til lystb\u00e5dehavnen i Yacht Haven Marina.<\/li>\n<li>Thai frokost ombord med the og kaffe.<\/li>\n<li>Gratis sodavand og drikkevand . (Alkoholiske drikkevarer koster ekstra)<\/li>\n<li>Frugt og N\u00f8dder.<\/li>\n<li>Tur med long-tail b\u00e5d.<\/li>\n<li>Turpriser inkluderer skatter og afgifter.<\/li>\n<\/ul>\n\n\n\n<p class=\"has-text-align-right\"><a href='#form' class='small-button smallblue'>Tilmeld her\/ Kontakt<\/a><\/p>\n\n\n\n<h2 class=\"wp-block-heading\">Photo Galleri fra June Bahtra<\/h2>\n\n\n<p>[wzslider autoplay=&#8221;true&#8221; info=&#8221;true&#8221; lightbox=&#8221;true&#8221;]<\/p>\n\n\n\n<h2 class=\"wp-block-heading\">Turprogram for Eventyr i Phang Nga Bugten<\/h2>\n\n\n\n<ul class=\"wp-block-list\">\n<li>07.30 &#8211; Vi henter jer p\u00e5 jeres hotel i Phuket og k\u00f8rer jer til lystb\u00e5dehavnen Yacht Haven Marina i vores air conditionerede bus.<\/li>\n\n\n\n<li>08.30 &#8211; G\u00e5 ombord p\u00e5 June Bathra og start jeres eventyrlige cruise i Phang Nga Bugten. (Husk jeres kamera)<\/li>\n\n\n\n<li>11.15 &#8211; Ankomst til James Bond \u00d8en, hvor vi tager en long tail b\u00e5d for at bes\u00f8ge Havsig\u00f8jnernes landsby <a title=\"Koh Panyee Floating Fishing Village\" href=\"https:\/\/www.easydayphuket.com\/koh-panyee-floating-fishing-village\/\">Koh Panyee<\/a>, Mangrove Deltaet Grotto Hulen.<\/li>\n\n\n\n<li>13.00 &#8211; En uds\u00f8gt Thai buffet bliver serveret ombord p\u00e5 June Bathra. Vi sejler tilbage til Phuket med stop ved Lawa \u00d8en hvor vi slapper af og f\u00e5r en dukkert.<\/li>\n\n\n\n<li>16.15 &#8211; Retur til Yacht haven lystb\u00e5dehavn og transport tilbage til jeres hotel i Phuket<\/li>\n<\/ul>\n\n\n\n<p>* Der tages forbehold for ovenn\u00e6vnte turprogam og tider afh\u00e6ngig af tilmeldinger og vejr og vindforhold. De smukke og stolte June Bahtra Sejlb\u00e5de er en fl\u00e5de af fuldst\u00e6ndig autentiske junker med Malaysisk &amp; Hollandsk inflydelse. De har denne aura af pirater og smuglerb\u00e5de over sig fra en svunden tid. Alle b\u00e5de er fuldt udstyret med moderne komfort og fuldt forsikret med plads til henholdsvis 20 og 40. <br clear=\"all\" \/><a name=\"form\"><\/a><\/p>\n\n\n\n<h2 class=\"wp-block-heading\">Kontakt Os Nu for jeres Cruise i Phang Nga Bugten<\/h2>\n\n\n\n<script charset=\"utf-8\" type=\"text\/javascript\" src=\"\/\/js.hsforms.net\/forms\/embed\/v2.js\"><\/script>\n<script>\n  hbspt.forms.create({\n    region: \"na1\",\n    portalId: \"3413662\",\n    formId: \"754fb1c1-f3a8-443f-b140-4c5c6ce7ba68\"\n  });\n<\/script>\n\n\n\n<p>Easy Day Thailand s\u00f8rger for l\u00f8bende at inspicere og checke at alt er i sk\u00f8nneste orden p\u00e5 vores ture som garanti for at vi holder hvad vi lover. Sidste inspektion: <a title=\"June Bahtra Inspection on 20 Jun 2014\" href=\"https:\/\/www.easydayphuket.com\/june-bahtra-inspection-20-jun-2014\/\" target=\"_blank\" rel=\"noopener noreferrer\">20 Juni 2014\u00a0 <\/a><\/p>\n","protected":false},"excerpt":{"rendered":"<p>Ta med p\u00e5 et sightseeing cruise i Phang Nga Bugten ombord p\u00e5 June Bathra. En skonnert rigget til som en kinesisk junke, som er en enest\u00e5ende m\u00e5de at udforske dette tropiske \u00f8-hav p\u00e5. Turen Inkluderer : Photo Galleri fra June Bahtra Turprogram for Eventyr i Phang Nga Bugten * Der tages forbehold for ovenn\u00e6vnte turprogam [&hellip;]<\/p>\n","protected":false},"author":12,"featured_media":9150,"parent":8650,"menu_order":0,"comment_status":"closed","ping_status":"open","template":"","meta":{"_acf_changed":false,"_et_pb_use_builder":"","_et_pb_old_content":"","_et_gb_content_width":"","footnotes":""},"class_list":["post-9148","page","type-page","status-publish","has-post-thumbnail","hentry"],"acf":[],"yoast_head":"<!-- This site is optimized with the Yoast SEO plugin v25.1 - https:\/\/yoast.com\/wordpress\/plugins\/seo\/ -->\n<title>Cruise med June Bathra i Phang Nga<\/title>\n<meta name=\"description\" content=\"Cruise med June Bathra i Phang Nga Bugten er et magisk eventyr ombord p\u00e5 en skonnert i kinesisk junke stil med en aura fra en svunden tid\" \/>\n<meta name=\"robots\" content=\"index, follow, max-snippet:-1, max-image-preview:large, max-video-preview:-1\" \/>\n<link rel=\"canonical\" href=\"https:\/\/www.easydayphuket.com\/da\/bedste-udflugter-og-dagture-phuket\/ture-til-james-bond-oen-phang-nga\/cruise-med-june-bathra-i-phang-nga-bugten\/\" \/>\n<meta property=\"og:locale\" content=\"da_DK\" \/>\n<meta property=\"og:type\" content=\"article\" \/>\n<meta property=\"og:title\" content=\"Cruise med June Bathra i Phang Nga\" \/>\n<meta property=\"og:description\" content=\"Cruise med June Bathra i Phang Nga Bugten er et magisk eventyr ombord p\u00e5 en skonnert i kinesisk junke stil med en aura fra en svunden tid\" \/>\n<meta property=\"og:url\" content=\"https:\/\/www.easydayphuket.com\/da\/bedste-udflugter-og-dagture-phuket\/ture-til-james-bond-oen-phang-nga\/cruise-med-june-bathra-i-phang-nga-bugten\/\" \/>\n<meta property=\"og:site_name\" content=\"Easy Day Phuket Tours\" \/>\n<meta property=\"article:publisher\" content=\"https:\/\/www.facebook.com\/Easydayinthailand\/\" \/>\n<meta property=\"article:modified_time\" content=\"2024-04-06T04:34:22+00:00\" \/>\n<meta property=\"og:image\" content=\"https:\/\/www.easydayphuket.com\/wp-content\/uploads\/2013\/07\/June-Bahtra-Phuket-Thailand-5.jpg\" \/>\n\t<meta property=\"og:image:width\" content=\"600\" \/>\n\t<meta property=\"og:image:height\" content=\"400\" \/>\n\t<meta property=\"og:image:type\" content=\"image\/jpeg\" \/>\n<meta name=\"twitter:label1\" content=\"Estimeret l\u00e6setid\" \/>\n\t<meta name=\"twitter:data1\" content=\"2 minutter\" \/>\n<script type=\"application\/ld+json\" class=\"yoast-schema-graph\">{\"@context\":\"https:\/\/schema.org\",\"@graph\":[{\"@type\":\"WebPage\",\"@id\":\"https:\/\/www.easydayphuket.com\/da\/bedste-udflugter-og-dagture-phuket\/ture-til-james-bond-oen-phang-nga\/cruise-med-june-bathra-i-phang-nga-bugten\/\",\"url\":\"https:\/\/www.easydayphuket.com\/da\/bedste-udflugter-og-dagture-phuket\/ture-til-james-bond-oen-phang-nga\/cruise-med-june-bathra-i-phang-nga-bugten\/\",\"name\":\"Cruise med June Bathra i Phang Nga\",\"isPartOf\":{\"@id\":\"https:\/\/www.easydayphuket.com\/#website\"},\"primaryImageOfPage\":{\"@id\":\"https:\/\/www.easydayphuket.com\/da\/bedste-udflugter-og-dagture-phuket\/ture-til-james-bond-oen-phang-nga\/cruise-med-june-bathra-i-phang-nga-bugten\/#primaryimage\"},\"image\":{\"@id\":\"https:\/\/www.easydayphuket.com\/da\/bedste-udflugter-og-dagture-phuket\/ture-til-james-bond-oen-phang-nga\/cruise-med-june-bathra-i-phang-nga-bugten\/#primaryimage\"},\"thumbnailUrl\":\"https:\/\/www.easydayphuket.com\/wp-content\/uploads\/2013\/07\/June-Bahtra-Phuket-Thailand-5.jpg\",\"datePublished\":\"2015-03-15T17:24:28+00:00\",\"dateModified\":\"2024-04-06T04:34:22+00:00\",\"description\":\"Cruise med June Bathra i Phang Nga Bugten er et magisk eventyr ombord p\u00e5 en skonnert i kinesisk junke stil med en aura fra en svunden tid\",\"breadcrumb\":{\"@id\":\"https:\/\/www.easydayphuket.com\/da\/bedste-udflugter-og-dagture-phuket\/ture-til-james-bond-oen-phang-nga\/cruise-med-june-bathra-i-phang-nga-bugten\/#breadcrumb\"},\"inLanguage\":\"da-DK\",\"potentialAction\":[{\"@type\":\"ReadAction\",\"target\":[\"https:\/\/www.easydayphuket.com\/da\/bedste-udflugter-og-dagture-phuket\/ture-til-james-bond-oen-phang-nga\/cruise-med-june-bathra-i-phang-nga-bugten\/\"]}]},{\"@type\":\"ImageObject\",\"inLanguage\":\"da-DK\",\"@id\":\"https:\/\/www.easydayphuket.com\/da\/bedste-udflugter-og-dagture-phuket\/ture-til-james-bond-oen-phang-nga\/cruise-med-june-bathra-i-phang-nga-bugten\/#primaryimage\",\"url\":\"https:\/\/www.easydayphuket.com\/wp-content\/uploads\/2013\/07\/June-Bahtra-Phuket-Thailand-5.jpg\",\"contentUrl\":\"https:\/\/www.easydayphuket.com\/wp-content\/uploads\/2013\/07\/June-Bahtra-Phuket-Thailand-5.jpg\",\"width\":600,\"height\":400,\"caption\":\"June Bahtra's\"},{\"@type\":\"BreadcrumbList\",\"@id\":\"https:\/\/www.easydayphuket.com\/da\/bedste-udflugter-og-dagture-phuket\/ture-til-james-bond-oen-phang-nga\/cruise-med-june-bathra-i-phang-nga-bugten\/#breadcrumb\",\"itemListElement\":[{\"@type\":\"ListItem\",\"position\":1,\"name\":\"Home\",\"item\":\"https:\/\/www.easydayphuket.com\/da\/\"},{\"@type\":\"ListItem\",\"position\":2,\"name\":\"Bedste Udflugter i Phuket\",\"item\":\"https:\/\/www.easydayphuket.com\/da\/bedste-udflugter-og-dagture-phuket\/\"},{\"@type\":\"ListItem\",\"position\":3,\"name\":\"James Bond \u00d8en &amp; Phang Nga\",\"item\":\"https:\/\/www.easydayphuket.com\/da\/bedste-udflugter-og-dagture-phuket\/ture-til-james-bond-oen-phang-nga\/\"},{\"@type\":\"ListItem\",\"position\":4,\"name\":\"Cruise med June Bathra i Phang Nga Bugten\"}]},{\"@type\":\"WebSite\",\"@id\":\"https:\/\/www.easydayphuket.com\/#website\",\"url\":\"https:\/\/www.easydayphuket.com\/\",\"name\":\"Easy Day Phuket Tours\",\"description\":\"Din Tur & Rejse Partner i Phuket\",\"publisher\":{\"@id\":\"https:\/\/www.easydayphuket.com\/#organization\"},\"potentialAction\":[{\"@type\":\"SearchAction\",\"target\":{\"@type\":\"EntryPoint\",\"urlTemplate\":\"https:\/\/www.easydayphuket.com\/?s={search_term_string}\"},\"query-input\":{\"@type\":\"PropertyValueSpecification\",\"valueRequired\":true,\"valueName\":\"search_term_string\"}}],\"inLanguage\":\"da-DK\"},{\"@type\":\"Organization\",\"@id\":\"https:\/\/www.easydayphuket.com\/#organization\",\"name\":\"Easy Day Thailand\",\"url\":\"https:\/\/www.easydayphuket.com\/\",\"logo\":{\"@type\":\"ImageObject\",\"inLanguage\":\"da-DK\",\"@id\":\"https:\/\/www.easydayphuket.com\/#\/schema\/logo\/image\/\",\"url\":\"https:\/\/www.easydayphuket.com\/wp-content\/uploads\/2013\/07\/Sun-Thaiflag_booking12.gif\",\"contentUrl\":\"https:\/\/www.easydayphuket.com\/wp-content\/uploads\/2013\/07\/Sun-Thaiflag_booking12.gif\",\"width\":100,\"height\":94,\"caption\":\"Easy Day Thailand\"},\"image\":{\"@id\":\"https:\/\/www.easydayphuket.com\/#\/schema\/logo\/image\/\"},\"sameAs\":[\"https:\/\/www.facebook.com\/Easydayinthailand\/\",\"https:\/\/www.instagram.com\/easydaythailand\/\"]}]}<\/script>\n<!-- \/ Yoast SEO plugin. -->","yoast_head_json":{"title":"Cruise med June Bathra i Phang Nga","description":"Cruise med June Bathra i Phang Nga Bugten er et magisk eventyr ombord p\u00e5 en skonnert i kinesisk junke stil med en aura fra en svunden tid","robots":{"index":"index","follow":"follow","max-snippet":"max-snippet:-1","max-image-preview":"max-image-preview:large","max-video-preview":"max-video-preview:-1"},"canonical":"https:\/\/www.easydayphuket.com\/da\/bedste-udflugter-og-dagture-phuket\/ture-til-james-bond-oen-phang-nga\/cruise-med-june-bathra-i-phang-nga-bugten\/","og_locale":"da_DK","og_type":"article","og_title":"Cruise med June Bathra i Phang Nga","og_description":"Cruise med June Bathra i Phang Nga Bugten er et magisk eventyr ombord p\u00e5 en skonnert i kinesisk junke stil med en aura fra en svunden tid","og_url":"https:\/\/www.easydayphuket.com\/da\/bedste-udflugter-og-dagture-phuket\/ture-til-james-bond-oen-phang-nga\/cruise-med-june-bathra-i-phang-nga-bugten\/","og_site_name":"Easy Day Phuket Tours","article_publisher":"https:\/\/www.facebook.com\/Easydayinthailand\/","article_modified_time":"2024-04-06T04:34:22+00:00","og_image":[{"width":600,"height":400,"url":"https:\/\/www.easydayphuket.com\/wp-content\/uploads\/2013\/07\/June-Bahtra-Phuket-Thailand-5.jpg","type":"image\/jpeg"}],"twitter_misc":{"Estimeret l\u00e6setid":"2 minutter"},"schema":{"@context":"https:\/\/schema.org","@graph":[{"@type":"WebPage","@id":"https:\/\/www.easydayphuket.com\/da\/bedste-udflugter-og-dagture-phuket\/ture-til-james-bond-oen-phang-nga\/cruise-med-june-bathra-i-phang-nga-bugten\/","url":"https:\/\/www.easydayphuket.com\/da\/bedste-udflugter-og-dagture-phuket\/ture-til-james-bond-oen-phang-nga\/cruise-med-june-bathra-i-phang-nga-bugten\/","name":"Cruise med June Bathra i Phang Nga","isPartOf":{"@id":"https:\/\/www.easydayphuket.com\/#website"},"primaryImageOfPage":{"@id":"https:\/\/www.easydayphuket.com\/da\/bedste-udflugter-og-dagture-phuket\/ture-til-james-bond-oen-phang-nga\/cruise-med-june-bathra-i-phang-nga-bugten\/#primaryimage"},"image":{"@id":"https:\/\/www.easydayphuket.com\/da\/bedste-udflugter-og-dagture-phuket\/ture-til-james-bond-oen-phang-nga\/cruise-med-june-bathra-i-phang-nga-bugten\/#primaryimage"},"thumbnailUrl":"https:\/\/www.easydayphuket.com\/wp-content\/uploads\/2013\/07\/June-Bahtra-Phuket-Thailand-5.jpg","datePublished":"2015-03-15T17:24:28+00:00","dateModified":"2024-04-06T04:34:22+00:00","description":"Cruise med June Bathra i Phang Nga Bugten er et magisk eventyr ombord p\u00e5 en skonnert i kinesisk junke stil med en aura fra en svunden tid","breadcrumb":{"@id":"https:\/\/www.easydayphuket.com\/da\/bedste-udflugter-og-dagture-phuket\/ture-til-james-bond-oen-phang-nga\/cruise-med-june-bathra-i-phang-nga-bugten\/#breadcrumb"},"inLanguage":"da-DK","potentialAction":[{"@type":"ReadAction","target":["https:\/\/www.easydayphuket.com\/da\/bedste-udflugter-og-dagture-phuket\/ture-til-james-bond-oen-phang-nga\/cruise-med-june-bathra-i-phang-nga-bugten\/"]}]},{"@type":"ImageObject","inLanguage":"da-DK","@id":"https:\/\/www.easydayphuket.com\/da\/bedste-udflugter-og-dagture-phuket\/ture-til-james-bond-oen-phang-nga\/cruise-med-june-bathra-i-phang-nga-bugten\/#primaryimage","url":"https:\/\/www.easydayphuket.com\/wp-content\/uploads\/2013\/07\/June-Bahtra-Phuket-Thailand-5.jpg","contentUrl":"https:\/\/www.easydayphuket.com\/wp-content\/uploads\/2013\/07\/June-Bahtra-Phuket-Thailand-5.jpg","width":600,"height":400,"caption":"June Bahtra's"},{"@type":"BreadcrumbList","@id":"https:\/\/www.easydayphuket.com\/da\/bedste-udflugter-og-dagture-phuket\/ture-til-james-bond-oen-phang-nga\/cruise-med-june-bathra-i-phang-nga-bugten\/#breadcrumb","itemListElement":[{"@type":"ListItem","position":1,"name":"Home","item":"https:\/\/www.easydayphuket.com\/da\/"},{"@type":"ListItem","position":2,"name":"Bedste Udflugter i Phuket","item":"https:\/\/www.easydayphuket.com\/da\/bedste-udflugter-og-dagture-phuket\/"},{"@type":"ListItem","position":3,"name":"James Bond \u00d8en &amp; Phang Nga","item":"https:\/\/www.easydayphuket.com\/da\/bedste-udflugter-og-dagture-phuket\/ture-til-james-bond-oen-phang-nga\/"},{"@type":"ListItem","position":4,"name":"Cruise med June Bathra i Phang Nga Bugten"}]},{"@type":"WebSite","@id":"https:\/\/www.easydayphuket.com\/#website","url":"https:\/\/www.easydayphuket.com\/","name":"Easy Day Phuket Tours","description":"Din Tur & Rejse Partner i Phuket","publisher":{"@id":"https:\/\/www.easydayphuket.com\/#organization"},"potentialAction":[{"@type":"SearchAction","target":{"@type":"EntryPoint","urlTemplate":"https:\/\/www.easydayphuket.com\/?s={search_term_string}"},"query-input":{"@type":"PropertyValueSpecification","valueRequired":true,"valueName":"search_term_string"}}],"inLanguage":"da-DK"},{"@type":"Organization","@id":"https:\/\/www.easydayphuket.com\/#organization","name":"Easy Day Thailand","url":"https:\/\/www.easydayphuket.com\/","logo":{"@type":"ImageObject","inLanguage":"da-DK","@id":"https:\/\/www.easydayphuket.com\/#\/schema\/logo\/image\/","url":"https:\/\/www.easydayphuket.com\/wp-content\/uploads\/2013\/07\/Sun-Thaiflag_booking12.gif","contentUrl":"https:\/\/www.easydayphuket.com\/wp-content\/uploads\/2013\/07\/Sun-Thaiflag_booking12.gif","width":100,"height":94,"caption":"Easy Day Thailand"},"image":{"@id":"https:\/\/www.easydayphuket.com\/#\/schema\/logo\/image\/"},"sameAs":["https:\/\/www.facebook.com\/Easydayinthailand\/","https:\/\/www.instagram.com\/easydaythailand\/"]}]}},"_links":{"self":[{"href":"https:\/\/www.easydayphuket.com\/da\/wp-json\/wp\/v2\/pages\/9148","targetHints":{"allow":["GET"]}}],"collection":[{"href":"https:\/\/www.easydayphuket.com\/da\/wp-json\/wp\/v2\/pages"}],"about":[{"href":"https:\/\/www.easydayphuket.com\/da\/wp-json\/wp\/v2\/types\/page"}],"author":[{"embeddable":true,"href":"https:\/\/www.easydayphuket.com\/da\/wp-json\/wp\/v2\/users\/12"}],"replies":[{"embeddable":true,"href":"https:\/\/www.easydayphuket.com\/da\/wp-json\/wp\/v2\/comments?post=9148"}],"version-history":[{"count":0,"href":"https:\/\/www.easydayphuket.com\/da\/wp-json\/wp\/v2\/pages\/9148\/revisions"}],"up":[{"embeddable":true,"href":"https:\/\/www.easydayphuket.com\/da\/wp-json\/wp\/v2\/pages\/8650"}],"wp:featuredmedia":[{"embeddable":true,"href":"https:\/\/www.easydayphuket.com\/da\/wp-json\/wp\/v2\/media\/9150"}],"wp:attachment":[{"href":"https:\/\/www.easydayphuket.com\/da\/wp-json\/wp\/v2\/media?parent=9148"}],"curies":[{"name":"wp","href":"https:\/\/api.w.org\/{rel}","templated":true}]}}