{"id":9139,"date":"2015-03-16T05:39:58","date_gmt":"2015-03-15T22:39:58","guid":{"rendered":"https:\/\/www.easydayphuket.com\/?page_id=9139"},"modified":"2024-04-06T11:39:14","modified_gmt":"2024-04-06T04:39:14","slug":"havkajak-dagstur-i-phuket","status":"publish","type":"page","link":"https:\/\/www.easydayphuket.com\/da\/bedste-udflugter-og-dagture-phuket\/ture-til-james-bond-oen-phang-nga\/havkajak-dagstur-i-phuket\/","title":{"rendered":"Phuket Havkajak Dagstur"},"content":{"rendered":"\n<figure class=\"wp-block-image alignright\"><a href=\"https:\/\/www.easydayphuket.com\/wp-content\/uploads\/2013\/07\/Phuket-Sea-Canoe-Tour-Phang-Nga-canoeing.jpg\"><img loading=\"lazy\" decoding=\"async\" width=\"300\" height=\"194\" src=\"https:\/\/www.easydayphuket.com\/wp-content\/uploads\/2013\/07\/Phuket-Sea-Canoe-Tour-Phang-Nga-canoeing-300x194.jpg\" alt=\"Phuket Sea Canoe Tour Phan Nga canoeing\" class=\"wp-image-9093\" srcset=\"https:\/\/www.easydayphuket.com\/wp-content\/uploads\/2013\/07\/Phuket-Sea-Canoe-Tour-Phang-Nga-canoeing-300x194.jpg 300w, https:\/\/www.easydayphuket.com\/wp-content\/uploads\/2013\/07\/Phuket-Sea-Canoe-Tour-Phang-Nga-canoeing-1024x661.jpg 1024w, https:\/\/www.easydayphuket.com\/wp-content\/uploads\/2013\/07\/Phuket-Sea-Canoe-Tour-Phang-Nga-canoeing-85x55.jpg 85w, https:\/\/www.easydayphuket.com\/wp-content\/uploads\/2013\/07\/Phuket-Sea-Canoe-Tour-Phang-Nga-canoeing.jpg 1200w\" sizes=\"(max-width: 300px) 100vw, 300px\" \/><\/a><figcaption class=\"wp-element-caption\">Phuket Havkajaktur i Phan Nga<\/figcaption><\/figure>\n\n\n\n<p>Vores Havkajak Dagstur til Phang Nga Bugten er en fin sightseeing tur for hele familien og giver jer en masse goe minder.<\/p>\n\n\n\n<ul class=\"wp-block-list\">\n<li>I kommer til at opleve at padle gennem huler og mangrove bekl\u00e6dte laguner i jeres havkajak.<\/li>\n\n\n\n<li>Man kan se flagermus i hulerne og aber p\u00e5 \u00f8erne i Phang Nga Bugten.<\/li>\n\n\n\n<li>Hav\u00f8rne f\u00f8lger os i luften h\u00f8jt over vores kajakker.<\/li>\n\n\n\n<li>Go tid til en dukkert og afslapning p\u00e5 hvide strande.<\/li>\n\n\n\n<li>Dagsturen inkluderer en hurtig afstikker til James Bond \u00d8en.<\/li>\n<\/ul>\n\n\n<p><strong>Pris i Thai Baht pr person:\u00a01,800 | B\u00f8rn (3-10 \u00e5r) 1,400\u00a0 <a title=\"Easy Day Contact Form\" href=\"#form\">&gt;&gt;Tilmeld her\/ Kontakt Os<\/a><\/strong>\u00a0<\/p>\n\n\n\n<p><strong>T<\/strong><strong>uren Inkluderer :<\/strong><\/p>\n\n\n<ul>\n<li>Transport fra og til jeres hotel i Phuket med air con mini bus<\/li>\n<li>Dejlig Thai buffet frokost, snacks, sodavand og frisk frugt<\/li>\n<li>Ulykkesforsikring, sikkerhedsveste og erfarne havkajak guider<\/li>\n<\/ul>\n\n\n\n<p class=\"has-text-align-right\"><a href='#form' class='small-button smallblue'>Tilmeld her\/ Kontakt<\/a><\/p>\n\n\n\n<h2 class=\"wp-block-heading\">Photo Galleri fra Havkajak Dagstur<\/h2>\n\n\n<p>[wzslider autoplay=&#8221;true&#8221; info=&#8221;true&#8221; lightbox=&#8221;true&#8221;]<\/p>\n\n\n\n<h2 class=\"wp-block-heading\">Eksempel p\u00e5 program for Havkajak Dagstur i Phuket:<\/h2>\n\n\n\n<ul class=\"wp-block-list\">\n<li>07.30 &#8211; I bliver hentet p\u00e5 jeres hotel i Phuket og bliver k\u00f8rt i vores air con mini bus til Klong Kian havnen p\u00e5 nord \u00f8st kysten af Phuket. P\u00e5 vejen passerer vi Sarasin Bridge med den smukkeste udsigt.<\/li>\n\n\n\n<li>09.00 &#8211; Vi g\u00e5r ombord og sejler til Phang Nga Bugten. En fantastisk smuk tur med masser af muligheder for at ta nogle goe billeder.<\/li>\n\n\n\n<li>10.00 &#8211; Stop ved Panak \u00f8en og udforsker omr\u00e5det i havkajak.<\/li>\n\n\n\n<li>11.30 &#8211; Bes\u00f8ger James Bond \u00d8en, efterfulgt af frokost.\u00a0 En herlig Thai buffet serveret ombord.<\/li>\n\n\n\n<li>14.00 &#8211; Vi g\u00f8r holdt ved Hong \u00d8en for en tur mere i havkajakken og g\u00e5r p\u00e5 opdagelse i hulerne&#8221;hongs&#8221;<\/li>\n\n\n\n<li>15.30 &#8211;\u00a0 Nyd eftermiddagen p\u00e5 en af strandene i Phang Nga Bugten. Padl lidt rundt eller ta en dukkert eller slap af p\u00e5 stranden.<\/li>\n\n\n\n<li>16.30 &#8211; Tilbage til Klong Kian havnen og transport tilbage til jeres hotel i Phuket.<\/li>\n<\/ul>\n\n\n\n<p>* Der tages forbehold for \u00e6ndringer i ovenn\u00e6vnte turprogram afh\u00e6ngig af tilmeldinger og vejr og vindforhold.<\/p>\n\n\n\n<p class=\"has-text-align-left\">Hvis du gerne vil v\u00e6k fra m\u00e6ngden og pr\u00f8ve noget unikt s\u00e5 anbefaler vi&nbsp; <a title=\"John Gray\u2019s Hong By Starlight Tour\" href=\"https:\/\/www.easydayphuket.com\/da\/bedste-udflugter-og-dagture-phuket\/ture-til-james-bond-oen-phang-nga\/udflugt-til-john-grays-hong-by-starlight\/\">John Gray&#8217;s Hong By Starlight Tour.&nbsp;<\/a><\/p>\n\n\n\n<h2 class=\"wp-block-heading\" id=\"form\">Kontakt Os Nu for jeres Havkajak Dagstur<\/h2>\n\n\n\n<script charset=\"utf-8\" type=\"text\/javascript\" src=\"\/\/js.hsforms.net\/forms\/embed\/v2.js\"><\/script>\n<script>\n  hbspt.forms.create({\n    region: \"na1\",\n    portalId: \"3413662\",\n    formId: \"754fb1c1-f3a8-443f-b140-4c5c6ce7ba68\"\n  });\n<\/script>\n","protected":false},"excerpt":{"rendered":"<p>Vores Havkajak Dagstur til Phang Nga Bugten er en fin sightseeing tur for hele familien og giver jer en masse goe minder. Turen Inkluderer : Photo Galleri fra Havkajak Dagstur Eksempel p\u00e5 program for Havkajak Dagstur i Phuket: * Der tages forbehold for \u00e6ndringer i ovenn\u00e6vnte turprogram afh\u00e6ngig af tilmeldinger og vejr og vindforhold. Hvis [&hellip;]<\/p>\n","protected":false},"author":4,"featured_media":0,"parent":8650,"menu_order":0,"comment_status":"closed","ping_status":"open","template":"","meta":{"_acf_changed":false,"_et_pb_use_builder":"","_et_pb_old_content":"","_et_gb_content_width":"","footnotes":""},"class_list":["post-9139","page","type-page","status-publish","hentry"],"acf":[],"yoast_head":"<!-- This site is optimized with the Yoast SEO plugin v25.1 - https:\/\/yoast.com\/wordpress\/plugins\/seo\/ -->\n<title>Phuket Hav Kajak - Sightseeing &amp; Havkajaktur i Phang Nga<\/title>\n<meta name=\"description\" content=\"Phuket Havkajaktur til Phang Nga Bugten &amp; James Bond \u00d8en. Havkajak &amp; Sightseeing med Easy Day Phuket - En Udflugt for hele familien. Tilmelding her!\" \/>\n<meta name=\"robots\" content=\"index, follow, max-snippet:-1, max-image-preview:large, max-video-preview:-1\" \/>\n<link rel=\"canonical\" href=\"https:\/\/www.easydayphuket.com\/da\/bedste-udflugter-og-dagture-phuket\/ture-til-james-bond-oen-phang-nga\/havkajak-dagstur-i-phuket\/\" \/>\n<meta property=\"og:locale\" content=\"da_DK\" \/>\n<meta property=\"og:type\" content=\"article\" \/>\n<meta property=\"og:title\" content=\"Phuket Hav Kajak - Sightseeing &amp; Havkajaktur i Phang Nga\" \/>\n<meta property=\"og:description\" content=\"Phuket Havkajaktur til Phang Nga Bugten &amp; James Bond \u00d8en. Havkajak &amp; Sightseeing med Easy Day Phuket - En Udflugt for hele familien. Tilmelding her!\" \/>\n<meta property=\"og:url\" content=\"https:\/\/www.easydayphuket.com\/da\/bedste-udflugter-og-dagture-phuket\/ture-til-james-bond-oen-phang-nga\/havkajak-dagstur-i-phuket\/\" \/>\n<meta property=\"og:site_name\" content=\"Easy Day Phuket Tours\" \/>\n<meta property=\"article:publisher\" content=\"https:\/\/www.facebook.com\/Easydayinthailand\/\" \/>\n<meta property=\"article:modified_time\" content=\"2024-04-06T04:39:14+00:00\" \/>\n<meta property=\"og:image\" content=\"https:\/\/www.easydayphuket.com\/wp-content\/uploads\/2013\/07\/Phuket-Sea-Canoe-Tour-Phang-Nga-canoeing-300x194.jpg\" \/>\n<meta name=\"twitter:label1\" content=\"Estimeret l\u00e6setid\" \/>\n\t<meta name=\"twitter:data1\" content=\"2 minutter\" \/>\n<script type=\"application\/ld+json\" class=\"yoast-schema-graph\">{\"@context\":\"https:\/\/schema.org\",\"@graph\":[{\"@type\":\"WebPage\",\"@id\":\"https:\/\/www.easydayphuket.com\/da\/bedste-udflugter-og-dagture-phuket\/ture-til-james-bond-oen-phang-nga\/havkajak-dagstur-i-phuket\/\",\"url\":\"https:\/\/www.easydayphuket.com\/da\/bedste-udflugter-og-dagture-phuket\/ture-til-james-bond-oen-phang-nga\/havkajak-dagstur-i-phuket\/\",\"name\":\"Phuket Hav Kajak - Sightseeing & Havkajaktur i Phang Nga\",\"isPartOf\":{\"@id\":\"https:\/\/www.easydayphuket.com\/#website\"},\"primaryImageOfPage\":{\"@id\":\"https:\/\/www.easydayphuket.com\/da\/bedste-udflugter-og-dagture-phuket\/ture-til-james-bond-oen-phang-nga\/havkajak-dagstur-i-phuket\/#primaryimage\"},\"image\":{\"@id\":\"https:\/\/www.easydayphuket.com\/da\/bedste-udflugter-og-dagture-phuket\/ture-til-james-bond-oen-phang-nga\/havkajak-dagstur-i-phuket\/#primaryimage\"},\"thumbnailUrl\":\"https:\/\/www.easydayphuket.com\/wp-content\/uploads\/2013\/07\/Phuket-Sea-Canoe-Tour-Phang-Nga-canoeing-300x194.jpg\",\"datePublished\":\"2015-03-15T22:39:58+00:00\",\"dateModified\":\"2024-04-06T04:39:14+00:00\",\"description\":\"Phuket Havkajaktur til Phang Nga Bugten & James Bond \u00d8en. Havkajak & Sightseeing med Easy Day Phuket - En Udflugt for hele familien. Tilmelding her!\",\"breadcrumb\":{\"@id\":\"https:\/\/www.easydayphuket.com\/da\/bedste-udflugter-og-dagture-phuket\/ture-til-james-bond-oen-phang-nga\/havkajak-dagstur-i-phuket\/#breadcrumb\"},\"inLanguage\":\"da-DK\",\"potentialAction\":[{\"@type\":\"ReadAction\",\"target\":[\"https:\/\/www.easydayphuket.com\/da\/bedste-udflugter-og-dagture-phuket\/ture-til-james-bond-oen-phang-nga\/havkajak-dagstur-i-phuket\/\"]}]},{\"@type\":\"ImageObject\",\"inLanguage\":\"da-DK\",\"@id\":\"https:\/\/www.easydayphuket.com\/da\/bedste-udflugter-og-dagture-phuket\/ture-til-james-bond-oen-phang-nga\/havkajak-dagstur-i-phuket\/#primaryimage\",\"url\":\"https:\/\/www.easydayphuket.com\/wp-content\/uploads\/2013\/07\/Phuket-Sea-Canoe-Tour-Phang-Nga-canoeing-300x194.jpg\",\"contentUrl\":\"https:\/\/www.easydayphuket.com\/wp-content\/uploads\/2013\/07\/Phuket-Sea-Canoe-Tour-Phang-Nga-canoeing-300x194.jpg\"},{\"@type\":\"BreadcrumbList\",\"@id\":\"https:\/\/www.easydayphuket.com\/da\/bedste-udflugter-og-dagture-phuket\/ture-til-james-bond-oen-phang-nga\/havkajak-dagstur-i-phuket\/#breadcrumb\",\"itemListElement\":[{\"@type\":\"ListItem\",\"position\":1,\"name\":\"Home\",\"item\":\"https:\/\/www.easydayphuket.com\/da\/\"},{\"@type\":\"ListItem\",\"position\":2,\"name\":\"Bedste Udflugter i Phuket\",\"item\":\"https:\/\/www.easydayphuket.com\/da\/bedste-udflugter-og-dagture-phuket\/\"},{\"@type\":\"ListItem\",\"position\":3,\"name\":\"James Bond \u00d8en &amp; Phang Nga\",\"item\":\"https:\/\/www.easydayphuket.com\/da\/bedste-udflugter-og-dagture-phuket\/ture-til-james-bond-oen-phang-nga\/\"},{\"@type\":\"ListItem\",\"position\":4,\"name\":\"Phuket Havkajak Dagstur\"}]},{\"@type\":\"WebSite\",\"@id\":\"https:\/\/www.easydayphuket.com\/#website\",\"url\":\"https:\/\/www.easydayphuket.com\/\",\"name\":\"Easy Day Phuket Tours\",\"description\":\"Din Tur & Rejse Partner i Phuket\",\"publisher\":{\"@id\":\"https:\/\/www.easydayphuket.com\/#organization\"},\"potentialAction\":[{\"@type\":\"SearchAction\",\"target\":{\"@type\":\"EntryPoint\",\"urlTemplate\":\"https:\/\/www.easydayphuket.com\/?s={search_term_string}\"},\"query-input\":{\"@type\":\"PropertyValueSpecification\",\"valueRequired\":true,\"valueName\":\"search_term_string\"}}],\"inLanguage\":\"da-DK\"},{\"@type\":\"Organization\",\"@id\":\"https:\/\/www.easydayphuket.com\/#organization\",\"name\":\"Easy Day Thailand\",\"url\":\"https:\/\/www.easydayphuket.com\/\",\"logo\":{\"@type\":\"ImageObject\",\"inLanguage\":\"da-DK\",\"@id\":\"https:\/\/www.easydayphuket.com\/#\/schema\/logo\/image\/\",\"url\":\"https:\/\/www.easydayphuket.com\/wp-content\/uploads\/2013\/07\/Sun-Thaiflag_booking12.gif\",\"contentUrl\":\"https:\/\/www.easydayphuket.com\/wp-content\/uploads\/2013\/07\/Sun-Thaiflag_booking12.gif\",\"width\":100,\"height\":94,\"caption\":\"Easy Day Thailand\"},\"image\":{\"@id\":\"https:\/\/www.easydayphuket.com\/#\/schema\/logo\/image\/\"},\"sameAs\":[\"https:\/\/www.facebook.com\/Easydayinthailand\/\",\"https:\/\/www.instagram.com\/easydaythailand\/\"]}]}<\/script>\n<!-- \/ Yoast SEO plugin. -->","yoast_head_json":{"title":"Phuket Hav Kajak - Sightseeing & Havkajaktur i Phang Nga","description":"Phuket Havkajaktur til Phang Nga Bugten & James Bond \u00d8en. Havkajak & Sightseeing med Easy Day Phuket - En Udflugt for hele familien. Tilmelding her!","robots":{"index":"index","follow":"follow","max-snippet":"max-snippet:-1","max-image-preview":"max-image-preview:large","max-video-preview":"max-video-preview:-1"},"canonical":"https:\/\/www.easydayphuket.com\/da\/bedste-udflugter-og-dagture-phuket\/ture-til-james-bond-oen-phang-nga\/havkajak-dagstur-i-phuket\/","og_locale":"da_DK","og_type":"article","og_title":"Phuket Hav Kajak - Sightseeing & Havkajaktur i Phang Nga","og_description":"Phuket Havkajaktur til Phang Nga Bugten & James Bond \u00d8en. Havkajak & Sightseeing med Easy Day Phuket - En Udflugt for hele familien. Tilmelding her!","og_url":"https:\/\/www.easydayphuket.com\/da\/bedste-udflugter-og-dagture-phuket\/ture-til-james-bond-oen-phang-nga\/havkajak-dagstur-i-phuket\/","og_site_name":"Easy Day Phuket Tours","article_publisher":"https:\/\/www.facebook.com\/Easydayinthailand\/","article_modified_time":"2024-04-06T04:39:14+00:00","og_image":[{"url":"https:\/\/www.easydayphuket.com\/wp-content\/uploads\/2013\/07\/Phuket-Sea-Canoe-Tour-Phang-Nga-canoeing-300x194.jpg","type":"","width":"","height":""}],"twitter_misc":{"Estimeret l\u00e6setid":"2 minutter"},"schema":{"@context":"https:\/\/schema.org","@graph":[{"@type":"WebPage","@id":"https:\/\/www.easydayphuket.com\/da\/bedste-udflugter-og-dagture-phuket\/ture-til-james-bond-oen-phang-nga\/havkajak-dagstur-i-phuket\/","url":"https:\/\/www.easydayphuket.com\/da\/bedste-udflugter-og-dagture-phuket\/ture-til-james-bond-oen-phang-nga\/havkajak-dagstur-i-phuket\/","name":"Phuket Hav Kajak - Sightseeing & Havkajaktur i Phang Nga","isPartOf":{"@id":"https:\/\/www.easydayphuket.com\/#website"},"primaryImageOfPage":{"@id":"https:\/\/www.easydayphuket.com\/da\/bedste-udflugter-og-dagture-phuket\/ture-til-james-bond-oen-phang-nga\/havkajak-dagstur-i-phuket\/#primaryimage"},"image":{"@id":"https:\/\/www.easydayphuket.com\/da\/bedste-udflugter-og-dagture-phuket\/ture-til-james-bond-oen-phang-nga\/havkajak-dagstur-i-phuket\/#primaryimage"},"thumbnailUrl":"https:\/\/www.easydayphuket.com\/wp-content\/uploads\/2013\/07\/Phuket-Sea-Canoe-Tour-Phang-Nga-canoeing-300x194.jpg","datePublished":"2015-03-15T22:39:58+00:00","dateModified":"2024-04-06T04:39:14+00:00","description":"Phuket Havkajaktur til Phang Nga Bugten & James Bond \u00d8en. Havkajak & Sightseeing med Easy Day Phuket - En Udflugt for hele familien. Tilmelding her!","breadcrumb":{"@id":"https:\/\/www.easydayphuket.com\/da\/bedste-udflugter-og-dagture-phuket\/ture-til-james-bond-oen-phang-nga\/havkajak-dagstur-i-phuket\/#breadcrumb"},"inLanguage":"da-DK","potentialAction":[{"@type":"ReadAction","target":["https:\/\/www.easydayphuket.com\/da\/bedste-udflugter-og-dagture-phuket\/ture-til-james-bond-oen-phang-nga\/havkajak-dagstur-i-phuket\/"]}]},{"@type":"ImageObject","inLanguage":"da-DK","@id":"https:\/\/www.easydayphuket.com\/da\/bedste-udflugter-og-dagture-phuket\/ture-til-james-bond-oen-phang-nga\/havkajak-dagstur-i-phuket\/#primaryimage","url":"https:\/\/www.easydayphuket.com\/wp-content\/uploads\/2013\/07\/Phuket-Sea-Canoe-Tour-Phang-Nga-canoeing-300x194.jpg","contentUrl":"https:\/\/www.easydayphuket.com\/wp-content\/uploads\/2013\/07\/Phuket-Sea-Canoe-Tour-Phang-Nga-canoeing-300x194.jpg"},{"@type":"BreadcrumbList","@id":"https:\/\/www.easydayphuket.com\/da\/bedste-udflugter-og-dagture-phuket\/ture-til-james-bond-oen-phang-nga\/havkajak-dagstur-i-phuket\/#breadcrumb","itemListElement":[{"@type":"ListItem","position":1,"name":"Home","item":"https:\/\/www.easydayphuket.com\/da\/"},{"@type":"ListItem","position":2,"name":"Bedste Udflugter i Phuket","item":"https:\/\/www.easydayphuket.com\/da\/bedste-udflugter-og-dagture-phuket\/"},{"@type":"ListItem","position":3,"name":"James Bond \u00d8en &amp; Phang Nga","item":"https:\/\/www.easydayphuket.com\/da\/bedste-udflugter-og-dagture-phuket\/ture-til-james-bond-oen-phang-nga\/"},{"@type":"ListItem","position":4,"name":"Phuket Havkajak Dagstur"}]},{"@type":"WebSite","@id":"https:\/\/www.easydayphuket.com\/#website","url":"https:\/\/www.easydayphuket.com\/","name":"Easy Day Phuket Tours","description":"Din Tur & Rejse Partner i Phuket","publisher":{"@id":"https:\/\/www.easydayphuket.com\/#organization"},"potentialAction":[{"@type":"SearchAction","target":{"@type":"EntryPoint","urlTemplate":"https:\/\/www.easydayphuket.com\/?s={search_term_string}"},"query-input":{"@type":"PropertyValueSpecification","valueRequired":true,"valueName":"search_term_string"}}],"inLanguage":"da-DK"},{"@type":"Organization","@id":"https:\/\/www.easydayphuket.com\/#organization","name":"Easy Day Thailand","url":"https:\/\/www.easydayphuket.com\/","logo":{"@type":"ImageObject","inLanguage":"da-DK","@id":"https:\/\/www.easydayphuket.com\/#\/schema\/logo\/image\/","url":"https:\/\/www.easydayphuket.com\/wp-content\/uploads\/2013\/07\/Sun-Thaiflag_booking12.gif","contentUrl":"https:\/\/www.easydayphuket.com\/wp-content\/uploads\/2013\/07\/Sun-Thaiflag_booking12.gif","width":100,"height":94,"caption":"Easy Day Thailand"},"image":{"@id":"https:\/\/www.easydayphuket.com\/#\/schema\/logo\/image\/"},"sameAs":["https:\/\/www.facebook.com\/Easydayinthailand\/","https:\/\/www.instagram.com\/easydaythailand\/"]}]}},"_links":{"self":[{"href":"https:\/\/www.easydayphuket.com\/da\/wp-json\/wp\/v2\/pages\/9139","targetHints":{"allow":["GET"]}}],"collection":[{"href":"https:\/\/www.easydayphuket.com\/da\/wp-json\/wp\/v2\/pages"}],"about":[{"href":"https:\/\/www.easydayphuket.com\/da\/wp-json\/wp\/v2\/types\/page"}],"author":[{"embeddable":true,"href":"https:\/\/www.easydayphuket.com\/da\/wp-json\/wp\/v2\/users\/4"}],"replies":[{"embeddable":true,"href":"https:\/\/www.easydayphuket.com\/da\/wp-json\/wp\/v2\/comments?post=9139"}],"version-history":[{"count":0,"href":"https:\/\/www.easydayphuket.com\/da\/wp-json\/wp\/v2\/pages\/9139\/revisions"}],"up":[{"embeddable":true,"href":"https:\/\/www.easydayphuket.com\/da\/wp-json\/wp\/v2\/pages\/8650"}],"wp:attachment":[{"href":"https:\/\/www.easydayphuket.com\/da\/wp-json\/wp\/v2\/media?parent=9139"}],"curies":[{"name":"wp","href":"https:\/\/api.w.org\/{rel}","templated":true}]}}