{"id":9077,"date":"2015-03-16T04:46:00","date_gmt":"2015-03-15T21:46:00","guid":{"rendered":"https:\/\/www.easydayphuket.com\/?page_id=9077"},"modified":"2024-04-06T11:38:02","modified_gmt":"2024-04-06T04:38:02","slug":"eventyrlig-havkajak-udflugt-i-krabi","status":"publish","type":"page","link":"https:\/\/www.easydayphuket.com\/da\/bedste-udflugter-og-dagture-phuket\/ture-til-james-bond-oen-phang-nga\/eventyrlig-havkajak-udflugt-i-krabi\/","title":{"rendered":"Eventyrlig Havkajak Udflugt i Krabi"},"content":{"rendered":"\n<figure class=\"wp-block-image alignright wp-image-2232\"><img loading=\"lazy\" decoding=\"async\" width=\"300\" height=\"199\" src=\"https:\/\/www.easydayphuket.com\/wp-content\/uploads\/2013\/09\/Krabi030-300x199.jpg\" alt=\"Krabi kayaking Adventure Tour\" class=\"wp-image-2232\"\/><figcaption class=\"wp-element-caption\">Krabi Havkajak Udflugt<\/figcaption><\/figure>\n\n\n\n<p>Vores eventyrlige Havjajak Udflugt og Sightseeing i Krabi bringer jer til det uber\u00f8rte Thambok Koranee National Park i Krabi Provinsen. I vil se og opleve ting som I ikke oplever p\u00e5 de andre ture i samme omr\u00e5de.<\/p>\n\n\n\n<ul class=\"wp-block-list\">\n<li>En smuk Udflugt v\u00e6k fra Alfarvej<\/li>\n\n\n\n<li>Uspoleret Nationalpark oplevelse<\/li>\n\n\n\n<li>Fascinerende kanaler omgivet af mangrove tr\u00e6er &amp; kalkstens huler<\/li>\n\n\n\n<li>3 timers magisk og eventyrlig tur i Havkajak<\/li>\n\n\n\n<li>Bes\u00f8g det spektakul\u00e6re Tempel &#8220;Wat Bang Rieng&#8221;<\/li>\n<\/ul>\n\n\n<p><strong>Pris i Thai Baht pr person: [pnb_krabi_adult] | B\u00f8rn (4-11 \u00e5r) [pnb_krabi_child]\u00a0\u00a0<\/strong><a title=\"Easy Day Contact Form\" href=\"#form\">&gt;&gt; Tilmeld\/ Kontakt Os<\/a> <\/p>\n\n\n\n<p><strong>T<\/strong><strong>uren Inkluderer :<\/strong><\/p>\n\n\n<ul>\n<li>Transport fra \/ til jeres hotel ( Phuket Town , <a title=\"Patong Beach \u2013 The Beaches of Phuket\" href=\"https:\/\/www.easydayphuket.com\/patong-beach\/\">Patong Beach<\/a>, <a title=\"Kata Beach \u2013 The Beaches of Phuket\" href=\"https:\/\/www.easydayphuket.com\/kata-beach-beaches-phuket\/\">Kata Beach<\/a> or <a title=\"Karon Beach \u2013 The Beaches of Phuket\" href=\"https:\/\/www.easydayphuket.com\/karon-beach\/\">Karon Beach<\/a> )<\/li>\n<li>Velsmagende Thai Menu Frokost (osse for vegetarer)<\/li>\n<li>Forfriskninger<\/li>\n<li>Billetter til Nationalparken og Tempel<\/li>\n<li>Erfaren Engelsktalende guide<\/li>\n<li>Havkajak udstyr og vandt\u00e6tte poser<\/li>\n<li>Skatter, afgifter og forsikring<\/li>\n<\/ul>\n\n\n\n<p class=\"has-text-align-right\"><a href='#form' class='small-button smallblue'>Tilmeld her\/ Kontakt<\/a><\/p>\n\n\n\n<h2 class=\"wp-block-heading\">Photo Galleri fra Havkajak Udflugt til Krabi<\/h2>\n\n\n<p>[wzslider autoplay=&#8221;true&#8221; info=&#8221;true&#8221; lightbox=&#8221;true&#8221;]<\/p>\n\n\n\n<h2 class=\"wp-block-heading\">Eksempel p\u00e5 Udflugtsprogram for Havkajaktur til Krabi:<\/h2>\n\n\n\n<ul class=\"wp-block-list\">\n<li>07.00 &#8211; Opsamling fra jeres hotel i Phuket og transport til Krabi Provinsen<\/li>\n\n\n\n<li>09.30 &#8211; Kaffepause p\u00e5 en restaurant<\/li>\n\n\n\n<li>10.00 &#8211; Ca. 3 timers Havkajakudflugt gennem mangrovetr\u00e6er og laguner, og hulerne &#8220;Tham Lod&#8221; and &#8220;Tham Pi Hua To&#8221;. Du kan v\u00e6lge selv at padle rundt eller lade en af de venlige guider g\u00f8re det for dig.<\/li>\n\n\n\n<li>13.00 &#8211; Tilbage til udgangspunktet og indtag en dejlig frokost p\u00e5 den idylliske t\u00f8mmerfl\u00e5de restaurant.<\/li>\n\n\n\n<li>14.00 &#8211; Vi bruger noget tid ved\u00a0 de smukke vandfald, bare 10 minutter derfra i Thambok Koranee National Park. Slap af her i en times tid ved vandfaldende<\/li>\n\n\n\n<li>15.00 &#8211; Sidste stop er det spektakul\u00e6re tempel &#8220;Wat Bang Rieng&#8221; (a.k.a. Patronage Temple) hvor der er fine photo muligheder og med lidt held f\u00e5 \u00f8je p\u00e5 det lokale &#8221; Sorte K\u00e6mpe Egern&#8221;.<\/li>\n\n\n\n<li>16.30 &#8211; Tilbage til Phuket.<\/li>\n\n\n\n<li>18.00 &#8211; Ankomst til jeres hotel i Phuket.<\/li>\n<\/ul>\n\n\n\n<p>* Der tages forbehold for \u00e6ndringer i ovenn\u00e6vnte Havkajak Udflugtsprogram til Krabi afh\u00e6ngig af tilmeldinger og vejr og vind forhold. <br clear=\"all\" \/><a name=\"form\"><\/a><\/p>\n\n\n\n<h2 class=\"wp-block-heading\">Kontakt Os Nu for jeres Havkajak Udflugt til Krabi<\/h2>\n\n\n\n<script charset=\"utf-8\" type=\"text\/javascript\" src=\"\/\/js.hsforms.net\/forms\/embed\/v2.js\"><\/script>\n<script>\n  hbspt.forms.create({\n    region: \"na1\",\n    portalId: \"3413662\",\n    formId: \"754fb1c1-f3a8-443f-b140-4c5c6ce7ba68\"\n  });\n<\/script>\n","protected":false},"excerpt":{"rendered":"<p>Vores eventyrlige Havjajak Udflugt og Sightseeing i Krabi bringer jer til det uber\u00f8rte Thambok Koranee National Park i Krabi Provinsen. I vil se og opleve ting som I ikke oplever p\u00e5 de andre ture i samme omr\u00e5de. Turen Inkluderer : Photo Galleri fra Havkajak Udflugt til Krabi Eksempel p\u00e5 Udflugtsprogram for Havkajaktur til Krabi: * [&hellip;]<\/p>\n","protected":false},"author":12,"featured_media":0,"parent":8650,"menu_order":0,"comment_status":"closed","ping_status":"open","template":"","meta":{"_acf_changed":false,"_et_pb_use_builder":"","_et_pb_old_content":"","_et_gb_content_width":"","footnotes":""},"class_list":["post-9077","page","type-page","status-publish","hentry"],"acf":[],"yoast_head":"<!-- This site is optimized with the Yoast SEO plugin v25.1 - https:\/\/yoast.com\/wordpress\/plugins\/seo\/ -->\n<title>Eventyrlig Havkajak Udflugt i Krabi<\/title>\n<meta name=\"description\" content=\"Eventyrlig Havkajak Udflugt i Krabi er en enest\u00e5ende mulighed for at se og opleve noget anderledes end de g\u00e6ngse turtilbud i Phuket\" \/>\n<meta name=\"robots\" content=\"index, follow, max-snippet:-1, max-image-preview:large, max-video-preview:-1\" \/>\n<link rel=\"canonical\" href=\"https:\/\/www.easydayphuket.com\/da\/bedste-udflugter-og-dagture-phuket\/ture-til-james-bond-oen-phang-nga\/eventyrlig-havkajak-udflugt-i-krabi\/\" \/>\n<meta property=\"og:locale\" content=\"da_DK\" \/>\n<meta property=\"og:type\" content=\"article\" \/>\n<meta property=\"og:title\" content=\"Eventyrlig Havkajak Udflugt i Krabi\" \/>\n<meta property=\"og:description\" content=\"Eventyrlig Havkajak Udflugt i Krabi er en enest\u00e5ende mulighed for at se og opleve noget anderledes end de g\u00e6ngse turtilbud i Phuket\" \/>\n<meta property=\"og:url\" content=\"https:\/\/www.easydayphuket.com\/da\/bedste-udflugter-og-dagture-phuket\/ture-til-james-bond-oen-phang-nga\/eventyrlig-havkajak-udflugt-i-krabi\/\" \/>\n<meta property=\"og:site_name\" content=\"Easy Day Phuket Tours\" \/>\n<meta property=\"article:publisher\" content=\"https:\/\/www.facebook.com\/Easydayinthailand\/\" \/>\n<meta property=\"article:modified_time\" content=\"2024-04-06T04:38:02+00:00\" \/>\n<meta property=\"og:image\" content=\"https:\/\/www.easydayphuket.com\/wp-content\/uploads\/2013\/09\/Krabi030-300x199.jpg\" \/>\n<meta name=\"twitter:label1\" content=\"Estimeret l\u00e6setid\" \/>\n\t<meta name=\"twitter:data1\" content=\"2 minutter\" \/>\n<script type=\"application\/ld+json\" class=\"yoast-schema-graph\">{\"@context\":\"https:\/\/schema.org\",\"@graph\":[{\"@type\":\"WebPage\",\"@id\":\"https:\/\/www.easydayphuket.com\/da\/bedste-udflugter-og-dagture-phuket\/ture-til-james-bond-oen-phang-nga\/eventyrlig-havkajak-udflugt-i-krabi\/\",\"url\":\"https:\/\/www.easydayphuket.com\/da\/bedste-udflugter-og-dagture-phuket\/ture-til-james-bond-oen-phang-nga\/eventyrlig-havkajak-udflugt-i-krabi\/\",\"name\":\"Eventyrlig Havkajak Udflugt i Krabi\",\"isPartOf\":{\"@id\":\"https:\/\/www.easydayphuket.com\/#website\"},\"primaryImageOfPage\":{\"@id\":\"https:\/\/www.easydayphuket.com\/da\/bedste-udflugter-og-dagture-phuket\/ture-til-james-bond-oen-phang-nga\/eventyrlig-havkajak-udflugt-i-krabi\/#primaryimage\"},\"image\":{\"@id\":\"https:\/\/www.easydayphuket.com\/da\/bedste-udflugter-og-dagture-phuket\/ture-til-james-bond-oen-phang-nga\/eventyrlig-havkajak-udflugt-i-krabi\/#primaryimage\"},\"thumbnailUrl\":\"https:\/\/www.easydayphuket.com\/wp-content\/uploads\/2013\/09\/Krabi030-300x199.jpg\",\"datePublished\":\"2015-03-15T21:46:00+00:00\",\"dateModified\":\"2024-04-06T04:38:02+00:00\",\"description\":\"Eventyrlig Havkajak Udflugt i Krabi er en enest\u00e5ende mulighed for at se og opleve noget anderledes end de g\u00e6ngse turtilbud i Phuket\",\"breadcrumb\":{\"@id\":\"https:\/\/www.easydayphuket.com\/da\/bedste-udflugter-og-dagture-phuket\/ture-til-james-bond-oen-phang-nga\/eventyrlig-havkajak-udflugt-i-krabi\/#breadcrumb\"},\"inLanguage\":\"da-DK\",\"potentialAction\":[{\"@type\":\"ReadAction\",\"target\":[\"https:\/\/www.easydayphuket.com\/da\/bedste-udflugter-og-dagture-phuket\/ture-til-james-bond-oen-phang-nga\/eventyrlig-havkajak-udflugt-i-krabi\/\"]}]},{\"@type\":\"ImageObject\",\"inLanguage\":\"da-DK\",\"@id\":\"https:\/\/www.easydayphuket.com\/da\/bedste-udflugter-og-dagture-phuket\/ture-til-james-bond-oen-phang-nga\/eventyrlig-havkajak-udflugt-i-krabi\/#primaryimage\",\"url\":\"https:\/\/www.easydayphuket.com\/wp-content\/uploads\/2013\/09\/Krabi030-300x199.jpg\",\"contentUrl\":\"https:\/\/www.easydayphuket.com\/wp-content\/uploads\/2013\/09\/Krabi030-300x199.jpg\"},{\"@type\":\"BreadcrumbList\",\"@id\":\"https:\/\/www.easydayphuket.com\/da\/bedste-udflugter-og-dagture-phuket\/ture-til-james-bond-oen-phang-nga\/eventyrlig-havkajak-udflugt-i-krabi\/#breadcrumb\",\"itemListElement\":[{\"@type\":\"ListItem\",\"position\":1,\"name\":\"Home\",\"item\":\"https:\/\/www.easydayphuket.com\/da\/\"},{\"@type\":\"ListItem\",\"position\":2,\"name\":\"Bedste Udflugter i Phuket\",\"item\":\"https:\/\/www.easydayphuket.com\/da\/bedste-udflugter-og-dagture-phuket\/\"},{\"@type\":\"ListItem\",\"position\":3,\"name\":\"James Bond \u00d8en &amp; Phang Nga\",\"item\":\"https:\/\/www.easydayphuket.com\/da\/bedste-udflugter-og-dagture-phuket\/ture-til-james-bond-oen-phang-nga\/\"},{\"@type\":\"ListItem\",\"position\":4,\"name\":\"Eventyrlig Havkajak Udflugt i Krabi\"}]},{\"@type\":\"WebSite\",\"@id\":\"https:\/\/www.easydayphuket.com\/#website\",\"url\":\"https:\/\/www.easydayphuket.com\/\",\"name\":\"Easy Day Phuket Tours\",\"description\":\"Din Tur & Rejse Partner i Phuket\",\"publisher\":{\"@id\":\"https:\/\/www.easydayphuket.com\/#organization\"},\"potentialAction\":[{\"@type\":\"SearchAction\",\"target\":{\"@type\":\"EntryPoint\",\"urlTemplate\":\"https:\/\/www.easydayphuket.com\/?s={search_term_string}\"},\"query-input\":{\"@type\":\"PropertyValueSpecification\",\"valueRequired\":true,\"valueName\":\"search_term_string\"}}],\"inLanguage\":\"da-DK\"},{\"@type\":\"Organization\",\"@id\":\"https:\/\/www.easydayphuket.com\/#organization\",\"name\":\"Easy Day Thailand\",\"url\":\"https:\/\/www.easydayphuket.com\/\",\"logo\":{\"@type\":\"ImageObject\",\"inLanguage\":\"da-DK\",\"@id\":\"https:\/\/www.easydayphuket.com\/#\/schema\/logo\/image\/\",\"url\":\"https:\/\/www.easydayphuket.com\/wp-content\/uploads\/2013\/07\/Sun-Thaiflag_booking12.gif\",\"contentUrl\":\"https:\/\/www.easydayphuket.com\/wp-content\/uploads\/2013\/07\/Sun-Thaiflag_booking12.gif\",\"width\":100,\"height\":94,\"caption\":\"Easy Day Thailand\"},\"image\":{\"@id\":\"https:\/\/www.easydayphuket.com\/#\/schema\/logo\/image\/\"},\"sameAs\":[\"https:\/\/www.facebook.com\/Easydayinthailand\/\",\"https:\/\/www.instagram.com\/easydaythailand\/\"]}]}<\/script>\n<!-- \/ Yoast SEO plugin. -->","yoast_head_json":{"title":"Eventyrlig Havkajak Udflugt i Krabi","description":"Eventyrlig Havkajak Udflugt i Krabi er en enest\u00e5ende mulighed for at se og opleve noget anderledes end de g\u00e6ngse turtilbud i Phuket","robots":{"index":"index","follow":"follow","max-snippet":"max-snippet:-1","max-image-preview":"max-image-preview:large","max-video-preview":"max-video-preview:-1"},"canonical":"https:\/\/www.easydayphuket.com\/da\/bedste-udflugter-og-dagture-phuket\/ture-til-james-bond-oen-phang-nga\/eventyrlig-havkajak-udflugt-i-krabi\/","og_locale":"da_DK","og_type":"article","og_title":"Eventyrlig Havkajak Udflugt i Krabi","og_description":"Eventyrlig Havkajak Udflugt i Krabi er en enest\u00e5ende mulighed for at se og opleve noget anderledes end de g\u00e6ngse turtilbud i Phuket","og_url":"https:\/\/www.easydayphuket.com\/da\/bedste-udflugter-og-dagture-phuket\/ture-til-james-bond-oen-phang-nga\/eventyrlig-havkajak-udflugt-i-krabi\/","og_site_name":"Easy Day Phuket Tours","article_publisher":"https:\/\/www.facebook.com\/Easydayinthailand\/","article_modified_time":"2024-04-06T04:38:02+00:00","og_image":[{"url":"https:\/\/www.easydayphuket.com\/wp-content\/uploads\/2013\/09\/Krabi030-300x199.jpg","type":"","width":"","height":""}],"twitter_misc":{"Estimeret l\u00e6setid":"2 minutter"},"schema":{"@context":"https:\/\/schema.org","@graph":[{"@type":"WebPage","@id":"https:\/\/www.easydayphuket.com\/da\/bedste-udflugter-og-dagture-phuket\/ture-til-james-bond-oen-phang-nga\/eventyrlig-havkajak-udflugt-i-krabi\/","url":"https:\/\/www.easydayphuket.com\/da\/bedste-udflugter-og-dagture-phuket\/ture-til-james-bond-oen-phang-nga\/eventyrlig-havkajak-udflugt-i-krabi\/","name":"Eventyrlig Havkajak Udflugt i Krabi","isPartOf":{"@id":"https:\/\/www.easydayphuket.com\/#website"},"primaryImageOfPage":{"@id":"https:\/\/www.easydayphuket.com\/da\/bedste-udflugter-og-dagture-phuket\/ture-til-james-bond-oen-phang-nga\/eventyrlig-havkajak-udflugt-i-krabi\/#primaryimage"},"image":{"@id":"https:\/\/www.easydayphuket.com\/da\/bedste-udflugter-og-dagture-phuket\/ture-til-james-bond-oen-phang-nga\/eventyrlig-havkajak-udflugt-i-krabi\/#primaryimage"},"thumbnailUrl":"https:\/\/www.easydayphuket.com\/wp-content\/uploads\/2013\/09\/Krabi030-300x199.jpg","datePublished":"2015-03-15T21:46:00+00:00","dateModified":"2024-04-06T04:38:02+00:00","description":"Eventyrlig Havkajak Udflugt i Krabi er en enest\u00e5ende mulighed for at se og opleve noget anderledes end de g\u00e6ngse turtilbud i Phuket","breadcrumb":{"@id":"https:\/\/www.easydayphuket.com\/da\/bedste-udflugter-og-dagture-phuket\/ture-til-james-bond-oen-phang-nga\/eventyrlig-havkajak-udflugt-i-krabi\/#breadcrumb"},"inLanguage":"da-DK","potentialAction":[{"@type":"ReadAction","target":["https:\/\/www.easydayphuket.com\/da\/bedste-udflugter-og-dagture-phuket\/ture-til-james-bond-oen-phang-nga\/eventyrlig-havkajak-udflugt-i-krabi\/"]}]},{"@type":"ImageObject","inLanguage":"da-DK","@id":"https:\/\/www.easydayphuket.com\/da\/bedste-udflugter-og-dagture-phuket\/ture-til-james-bond-oen-phang-nga\/eventyrlig-havkajak-udflugt-i-krabi\/#primaryimage","url":"https:\/\/www.easydayphuket.com\/wp-content\/uploads\/2013\/09\/Krabi030-300x199.jpg","contentUrl":"https:\/\/www.easydayphuket.com\/wp-content\/uploads\/2013\/09\/Krabi030-300x199.jpg"},{"@type":"BreadcrumbList","@id":"https:\/\/www.easydayphuket.com\/da\/bedste-udflugter-og-dagture-phuket\/ture-til-james-bond-oen-phang-nga\/eventyrlig-havkajak-udflugt-i-krabi\/#breadcrumb","itemListElement":[{"@type":"ListItem","position":1,"name":"Home","item":"https:\/\/www.easydayphuket.com\/da\/"},{"@type":"ListItem","position":2,"name":"Bedste Udflugter i Phuket","item":"https:\/\/www.easydayphuket.com\/da\/bedste-udflugter-og-dagture-phuket\/"},{"@type":"ListItem","position":3,"name":"James Bond \u00d8en &amp; Phang Nga","item":"https:\/\/www.easydayphuket.com\/da\/bedste-udflugter-og-dagture-phuket\/ture-til-james-bond-oen-phang-nga\/"},{"@type":"ListItem","position":4,"name":"Eventyrlig Havkajak Udflugt i Krabi"}]},{"@type":"WebSite","@id":"https:\/\/www.easydayphuket.com\/#website","url":"https:\/\/www.easydayphuket.com\/","name":"Easy Day Phuket Tours","description":"Din Tur & Rejse Partner i Phuket","publisher":{"@id":"https:\/\/www.easydayphuket.com\/#organization"},"potentialAction":[{"@type":"SearchAction","target":{"@type":"EntryPoint","urlTemplate":"https:\/\/www.easydayphuket.com\/?s={search_term_string}"},"query-input":{"@type":"PropertyValueSpecification","valueRequired":true,"valueName":"search_term_string"}}],"inLanguage":"da-DK"},{"@type":"Organization","@id":"https:\/\/www.easydayphuket.com\/#organization","name":"Easy Day Thailand","url":"https:\/\/www.easydayphuket.com\/","logo":{"@type":"ImageObject","inLanguage":"da-DK","@id":"https:\/\/www.easydayphuket.com\/#\/schema\/logo\/image\/","url":"https:\/\/www.easydayphuket.com\/wp-content\/uploads\/2013\/07\/Sun-Thaiflag_booking12.gif","contentUrl":"https:\/\/www.easydayphuket.com\/wp-content\/uploads\/2013\/07\/Sun-Thaiflag_booking12.gif","width":100,"height":94,"caption":"Easy Day Thailand"},"image":{"@id":"https:\/\/www.easydayphuket.com\/#\/schema\/logo\/image\/"},"sameAs":["https:\/\/www.facebook.com\/Easydayinthailand\/","https:\/\/www.instagram.com\/easydaythailand\/"]}]}},"_links":{"self":[{"href":"https:\/\/www.easydayphuket.com\/da\/wp-json\/wp\/v2\/pages\/9077","targetHints":{"allow":["GET"]}}],"collection":[{"href":"https:\/\/www.easydayphuket.com\/da\/wp-json\/wp\/v2\/pages"}],"about":[{"href":"https:\/\/www.easydayphuket.com\/da\/wp-json\/wp\/v2\/types\/page"}],"author":[{"embeddable":true,"href":"https:\/\/www.easydayphuket.com\/da\/wp-json\/wp\/v2\/users\/12"}],"replies":[{"embeddable":true,"href":"https:\/\/www.easydayphuket.com\/da\/wp-json\/wp\/v2\/comments?post=9077"}],"version-history":[{"count":0,"href":"https:\/\/www.easydayphuket.com\/da\/wp-json\/wp\/v2\/pages\/9077\/revisions"}],"up":[{"embeddable":true,"href":"https:\/\/www.easydayphuket.com\/da\/wp-json\/wp\/v2\/pages\/8650"}],"wp:attachment":[{"href":"https:\/\/www.easydayphuket.com\/da\/wp-json\/wp\/v2\/media?parent=9077"}],"curies":[{"name":"wp","href":"https:\/\/api.w.org\/{rel}","templated":true}]}}