{"id":9067,"date":"2015-03-15T21:16:35","date_gmt":"2015-03-15T14:16:35","guid":{"rendered":"https:\/\/www.easydayphuket.com\/?page_id=9067"},"modified":"2024-04-06T11:44:47","modified_gmt":"2024-04-06T04:44:47","slug":"udflugt-til-john-grays-hong-by-starlight","status":"publish","type":"page","link":"https:\/\/www.easydayphuket.com\/da\/bedste-udflugter-og-dagture-phuket\/ture-til-james-bond-oen-phang-nga\/udflugt-til-john-grays-hong-by-starlight\/","title":{"rendered":"Udflugt til John Gray&#8217;s Hong By Starlight"},"content":{"rendered":"\n<figure class=\"wp-block-image alignright wp-image-9071\"><img loading=\"lazy\" decoding=\"async\" width=\"300\" height=\"194\" src=\"https:\/\/www.easydayphuket.com\/wp-content\/uploads\/2013\/07\/sunset-300x194.jpg\" alt=\"Sunset at Phang Nga bay during a Hong By Starlight Tour\" class=\"wp-image-1284\"\/><figcaption class=\"wp-element-caption\">Solnedgang i Phang Nga Bugten<\/figcaption><\/figure>\n\n\n\n<p>Udflugt til John &#8220;Hulemand&#8221; Gray&#8217;s Hong By Starlight bliver stadig udf\u00f8rt af den mand som f\u00f8rst udforskede Phang Nga Bugten med kajak tilbage i firserne.<\/p>\n\n\n\n<ul class=\"wp-block-list\">\n<li><span style=\"font-size: 13px\">Bedste hav kajak oplevelse i Phang-Nga Bugten.<\/span><\/li>\n\n\n\n<li><span style=\"font-size: 13px\">Kombinerer enest\u00e5ende naturoplevelser, fascinerende kultur og velsmagende Thai mad.<\/span><\/li>\n\n\n\n<li><span style=\"font-size: 13px\">Vi starter sent! S\u00e5 I undg\u00e5r det store menneske mylder om morgenen i Phang Nga bugten.<\/span><\/li>\n\n\n\n<li><span style=\"font-size: 13px\">Fantastisk mulighed for at se noget h\u00f8jst us\u00e6dvanligt.<\/span><\/li>\n<\/ul>\n\n\n<p><strong>Pris i Thai Baht pr person: 3,950\u00a0| B\u00f8rn (7-12 \u00e5r) 1,975 <a title=\"Easy Day Contact Form\" href=\"#form\">&gt;&gt; Tilmeld her\/ Kontakt Os<\/a><\/strong>\u00a0<\/p>\n\n\n\n<p><strong>Turen inkluderer:<\/strong><\/p>\n\n\n<ul>\n<li>Transport fra\/til hoteller eller lufthavnen i Phuket<\/li>\n<li>Guidet havkajak tur<\/li>\n<li>Frokost, middag &amp; forfriskninger<\/li>\n<\/ul>\n\n\n\n<p class=\"has-text-align-right\"><a href='#form' class='small-button smallblue'>Tilmeld her \/ Kontakt<\/a><\/p>\n\n\n\n<h2 class=\"wp-block-heading\">Photo Galleri fra Hong By Starlight<\/h2>\n\n\n<p>[wzslider autoplay=&#8221;true&#8221; info=&#8221;true&#8221; lightbox=&#8221;true&#8221;]<\/p>\n\n\n\n<h2 class=\"wp-block-heading\">Udflugtsprogram for John Gray&#8217;s Hong By Starlight<\/h2>\n\n\n\n<ul class=\"wp-block-list\">\n<li>12.30-13.00 &#8211; Vi henter jer p\u00e5 jeres hotel i Phuket<\/li>\n\n\n\n<li>13.30 &#8211; Ankomst til Ao Po molen og g\u00e5r ombord p\u00e5 John Gray&#8217;s f\u00f8lgeb\u00e5d, hvor I f\u00e5r en let frokost Thai-style og info om udflugten.<\/li>\n\n\n\n<li>14.30 &#8211; Ankomst til den f\u00f8rste \u00f8 i Phang Nga Bugten. Tid til at udforske huler &amp; &#8220;hongs&#8221;<\/li>\n\n\n\n<li>15.30 &#8211; Vi returnerer til f\u00f8lgeb\u00e5den og sejler videre til den n\u00e6ste \u00f8<\/li>\n\n\n\n<li>16.00 &#8211; G\u00e5r p\u00e5 opdagelse i flere huler &amp; &#8220;hongs&#8221;<\/li>\n\n\n\n<li>18.00 &#8211; Tid til at padle lidt rundt p\u00e5 egen h\u00e5nd og en dukkert og l\u00e6r hvordan I laver jeres egen &#8220;Kratong&#8221;. Middagen er alt godt fra havet Thai-style i str\u00e5lerne fra solnedgangen i Phang Nga Bugten.<\/li>\n\n\n\n<li>19.00 &#8211; Vi returnerer til et af de tidligere &#8220;Hongs&#8221; for en Loi Kratong ceremoni.<\/li>\n\n\n\n<li>20.00 &#8211; Sejler tilbage til Ao Po molen. En let Thai buffet p\u00e5 vej tilbage. Spil Stjernespil p\u00e5 Stjernehimmel d\u00e6kket.<\/li>\n\n\n\n<li>21.00 &#8211; Ankomst til Ao Po molen og transport tilbage til jeres hotel en stor oplevelse rigere<\/li>\n<\/ul>\n\n\n\n<p class=\"has-text-align-right\"><a href='#form' class='small-button smallblue'>Book \/ Contact<\/a><\/p>\n\n\n\n<h3 class=\"wp-block-heading\">Lidt om John Gray og &#8220;Hongs&#8221;<\/h3>\n\n\n\n<p>John Gray er m\u00e6rmest en legende i Phuket. Han kom til Thailand fra Hawaii, hvor han allerede var ber\u00f8mt for hans havkajak opdagelser. Han var den f\u00f8rste til at udforske det sydlige Thailand med kajak og de fleste vesterl\u00e6ndinge kalder ham &#8220;hulemanden&#8221;. De lokale kalder ham &#8220;Ling Yai&#8221;, som betyder store abe. &#8220;Hongs&#8221; er huler som er eroderet af vejr og vind i disse kalkstensklipper men som kun er tilg\u00e6ngelig med havkajakken s\u00e5 nogle steder er der h\u00f8jt til loftet og andre steder ska man ligge halvt ned n\u00e5r man glider igennem med havkajakken. <br clear=\"all\" \/><a name=\"form\"><\/a><\/p>\n\n\n\n<h2 class=\"wp-block-heading\">Kontakt Os NU for jeres Udflugt til Hong By Starlight Tour<\/h2>\n\n\n\n<script charset=\"utf-8\" type=\"text\/javascript\" src=\"\/\/js.hsforms.net\/forms\/embed\/v2.js\"><\/script>\n<script>\n  hbspt.forms.create({\n    region: \"na1\",\n    portalId: \"3413662\",\n    formId: \"754fb1c1-f3a8-443f-b140-4c5c6ce7ba68\"\n  });\n<\/script>\n","protected":false},"excerpt":{"rendered":"<p>Udflugt til John &#8220;Hulemand&#8221; Gray&#8217;s Hong By Starlight bliver stadig udf\u00f8rt af den mand som f\u00f8rst udforskede Phang Nga Bugten med kajak tilbage i firserne. Turen inkluderer: Photo Galleri fra Hong By Starlight Udflugtsprogram for John Gray&#8217;s Hong By Starlight Lidt om John Gray og &#8220;Hongs&#8221; John Gray er m\u00e6rmest en legende i Phuket. Han [&hellip;]<\/p>\n","protected":false},"author":12,"featured_media":0,"parent":8650,"menu_order":0,"comment_status":"closed","ping_status":"open","template":"","meta":{"_acf_changed":false,"_et_pb_use_builder":"","_et_pb_old_content":"","_et_gb_content_width":"","footnotes":""},"class_list":["post-9067","page","type-page","status-publish","hentry"],"acf":[],"yoast_head":"<!-- This site is optimized with the Yoast SEO plugin v25.1 - https:\/\/yoast.com\/wordpress\/plugins\/seo\/ -->\n<title>Udflugt til John Gray&#039;s Hong By Starlight<\/title>\n<meta name=\"description\" content=\"Udflugt til John Gray&#039;s Hong By Starlight er nok noget af det mest eventyrlige og magiske man kan opleve i Phuket. Som at v\u00e6re med i &quot;Indiana Jones light&quot;\" \/>\n<meta name=\"robots\" content=\"index, follow, max-snippet:-1, max-image-preview:large, max-video-preview:-1\" \/>\n<link rel=\"canonical\" href=\"https:\/\/www.easydayphuket.com\/da\/bedste-udflugter-og-dagture-phuket\/ture-til-james-bond-oen-phang-nga\/udflugt-til-john-grays-hong-by-starlight\/\" \/>\n<meta property=\"og:locale\" content=\"da_DK\" \/>\n<meta property=\"og:type\" content=\"article\" \/>\n<meta property=\"og:title\" content=\"Udflugt til John Gray&#039;s Hong By Starlight\" \/>\n<meta property=\"og:description\" content=\"Udflugt til John Gray&#039;s Hong By Starlight er nok noget af det mest eventyrlige og magiske man kan opleve i Phuket. Som at v\u00e6re med i &quot;Indiana Jones light&quot;\" \/>\n<meta property=\"og:url\" content=\"https:\/\/www.easydayphuket.com\/da\/bedste-udflugter-og-dagture-phuket\/ture-til-james-bond-oen-phang-nga\/udflugt-til-john-grays-hong-by-starlight\/\" \/>\n<meta property=\"og:site_name\" content=\"Easy Day Phuket Tours\" \/>\n<meta property=\"article:publisher\" content=\"https:\/\/www.facebook.com\/Easydayinthailand\/\" \/>\n<meta property=\"article:modified_time\" content=\"2024-04-06T04:44:47+00:00\" \/>\n<meta property=\"og:image\" content=\"https:\/\/www.easydayphuket.com\/wp-content\/uploads\/2013\/07\/sunset-300x194.jpg\" \/>\n<meta name=\"twitter:label1\" content=\"Estimeret l\u00e6setid\" \/>\n\t<meta name=\"twitter:data1\" content=\"2 minutter\" \/>\n<script type=\"application\/ld+json\" class=\"yoast-schema-graph\">{\"@context\":\"https:\/\/schema.org\",\"@graph\":[{\"@type\":\"WebPage\",\"@id\":\"https:\/\/www.easydayphuket.com\/da\/bedste-udflugter-og-dagture-phuket\/ture-til-james-bond-oen-phang-nga\/udflugt-til-john-grays-hong-by-starlight\/\",\"url\":\"https:\/\/www.easydayphuket.com\/da\/bedste-udflugter-og-dagture-phuket\/ture-til-james-bond-oen-phang-nga\/udflugt-til-john-grays-hong-by-starlight\/\",\"name\":\"Udflugt til John Gray's Hong By Starlight\",\"isPartOf\":{\"@id\":\"https:\/\/www.easydayphuket.com\/#website\"},\"primaryImageOfPage\":{\"@id\":\"https:\/\/www.easydayphuket.com\/da\/bedste-udflugter-og-dagture-phuket\/ture-til-james-bond-oen-phang-nga\/udflugt-til-john-grays-hong-by-starlight\/#primaryimage\"},\"image\":{\"@id\":\"https:\/\/www.easydayphuket.com\/da\/bedste-udflugter-og-dagture-phuket\/ture-til-james-bond-oen-phang-nga\/udflugt-til-john-grays-hong-by-starlight\/#primaryimage\"},\"thumbnailUrl\":\"https:\/\/www.easydayphuket.com\/wp-content\/uploads\/2013\/07\/sunset-300x194.jpg\",\"datePublished\":\"2015-03-15T14:16:35+00:00\",\"dateModified\":\"2024-04-06T04:44:47+00:00\",\"description\":\"Udflugt til John Gray's Hong By Starlight er nok noget af det mest eventyrlige og magiske man kan opleve i Phuket. Som at v\u00e6re med i \\\"Indiana Jones light\\\"\",\"breadcrumb\":{\"@id\":\"https:\/\/www.easydayphuket.com\/da\/bedste-udflugter-og-dagture-phuket\/ture-til-james-bond-oen-phang-nga\/udflugt-til-john-grays-hong-by-starlight\/#breadcrumb\"},\"inLanguage\":\"da-DK\",\"potentialAction\":[{\"@type\":\"ReadAction\",\"target\":[\"https:\/\/www.easydayphuket.com\/da\/bedste-udflugter-og-dagture-phuket\/ture-til-james-bond-oen-phang-nga\/udflugt-til-john-grays-hong-by-starlight\/\"]}]},{\"@type\":\"ImageObject\",\"inLanguage\":\"da-DK\",\"@id\":\"https:\/\/www.easydayphuket.com\/da\/bedste-udflugter-og-dagture-phuket\/ture-til-james-bond-oen-phang-nga\/udflugt-til-john-grays-hong-by-starlight\/#primaryimage\",\"url\":\"https:\/\/www.easydayphuket.com\/wp-content\/uploads\/2013\/07\/sunset-300x194.jpg\",\"contentUrl\":\"https:\/\/www.easydayphuket.com\/wp-content\/uploads\/2013\/07\/sunset-300x194.jpg\"},{\"@type\":\"BreadcrumbList\",\"@id\":\"https:\/\/www.easydayphuket.com\/da\/bedste-udflugter-og-dagture-phuket\/ture-til-james-bond-oen-phang-nga\/udflugt-til-john-grays-hong-by-starlight\/#breadcrumb\",\"itemListElement\":[{\"@type\":\"ListItem\",\"position\":1,\"name\":\"Home\",\"item\":\"https:\/\/www.easydayphuket.com\/da\/\"},{\"@type\":\"ListItem\",\"position\":2,\"name\":\"Bedste Udflugter i Phuket\",\"item\":\"https:\/\/www.easydayphuket.com\/da\/bedste-udflugter-og-dagture-phuket\/\"},{\"@type\":\"ListItem\",\"position\":3,\"name\":\"James Bond \u00d8en &amp; Phang Nga\",\"item\":\"https:\/\/www.easydayphuket.com\/da\/bedste-udflugter-og-dagture-phuket\/ture-til-james-bond-oen-phang-nga\/\"},{\"@type\":\"ListItem\",\"position\":4,\"name\":\"Udflugt til John Gray&#8217;s Hong By Starlight\"}]},{\"@type\":\"WebSite\",\"@id\":\"https:\/\/www.easydayphuket.com\/#website\",\"url\":\"https:\/\/www.easydayphuket.com\/\",\"name\":\"Easy Day Phuket Tours\",\"description\":\"Din Tur & Rejse Partner i Phuket\",\"publisher\":{\"@id\":\"https:\/\/www.easydayphuket.com\/#organization\"},\"potentialAction\":[{\"@type\":\"SearchAction\",\"target\":{\"@type\":\"EntryPoint\",\"urlTemplate\":\"https:\/\/www.easydayphuket.com\/?s={search_term_string}\"},\"query-input\":{\"@type\":\"PropertyValueSpecification\",\"valueRequired\":true,\"valueName\":\"search_term_string\"}}],\"inLanguage\":\"da-DK\"},{\"@type\":\"Organization\",\"@id\":\"https:\/\/www.easydayphuket.com\/#organization\",\"name\":\"Easy Day Thailand\",\"url\":\"https:\/\/www.easydayphuket.com\/\",\"logo\":{\"@type\":\"ImageObject\",\"inLanguage\":\"da-DK\",\"@id\":\"https:\/\/www.easydayphuket.com\/#\/schema\/logo\/image\/\",\"url\":\"https:\/\/www.easydayphuket.com\/wp-content\/uploads\/2013\/07\/Sun-Thaiflag_booking12.gif\",\"contentUrl\":\"https:\/\/www.easydayphuket.com\/wp-content\/uploads\/2013\/07\/Sun-Thaiflag_booking12.gif\",\"width\":100,\"height\":94,\"caption\":\"Easy Day Thailand\"},\"image\":{\"@id\":\"https:\/\/www.easydayphuket.com\/#\/schema\/logo\/image\/\"},\"sameAs\":[\"https:\/\/www.facebook.com\/Easydayinthailand\/\",\"https:\/\/www.instagram.com\/easydaythailand\/\"]}]}<\/script>\n<!-- \/ Yoast SEO plugin. -->","yoast_head_json":{"title":"Udflugt til John Gray's Hong By Starlight","description":"Udflugt til John Gray's Hong By Starlight er nok noget af det mest eventyrlige og magiske man kan opleve i Phuket. Som at v\u00e6re med i \"Indiana Jones light\"","robots":{"index":"index","follow":"follow","max-snippet":"max-snippet:-1","max-image-preview":"max-image-preview:large","max-video-preview":"max-video-preview:-1"},"canonical":"https:\/\/www.easydayphuket.com\/da\/bedste-udflugter-og-dagture-phuket\/ture-til-james-bond-oen-phang-nga\/udflugt-til-john-grays-hong-by-starlight\/","og_locale":"da_DK","og_type":"article","og_title":"Udflugt til John Gray's Hong By Starlight","og_description":"Udflugt til John Gray's Hong By Starlight er nok noget af det mest eventyrlige og magiske man kan opleve i Phuket. Som at v\u00e6re med i \"Indiana Jones light\"","og_url":"https:\/\/www.easydayphuket.com\/da\/bedste-udflugter-og-dagture-phuket\/ture-til-james-bond-oen-phang-nga\/udflugt-til-john-grays-hong-by-starlight\/","og_site_name":"Easy Day Phuket Tours","article_publisher":"https:\/\/www.facebook.com\/Easydayinthailand\/","article_modified_time":"2024-04-06T04:44:47+00:00","og_image":[{"url":"https:\/\/www.easydayphuket.com\/wp-content\/uploads\/2013\/07\/sunset-300x194.jpg","type":"","width":"","height":""}],"twitter_misc":{"Estimeret l\u00e6setid":"2 minutter"},"schema":{"@context":"https:\/\/schema.org","@graph":[{"@type":"WebPage","@id":"https:\/\/www.easydayphuket.com\/da\/bedste-udflugter-og-dagture-phuket\/ture-til-james-bond-oen-phang-nga\/udflugt-til-john-grays-hong-by-starlight\/","url":"https:\/\/www.easydayphuket.com\/da\/bedste-udflugter-og-dagture-phuket\/ture-til-james-bond-oen-phang-nga\/udflugt-til-john-grays-hong-by-starlight\/","name":"Udflugt til John Gray's Hong By Starlight","isPartOf":{"@id":"https:\/\/www.easydayphuket.com\/#website"},"primaryImageOfPage":{"@id":"https:\/\/www.easydayphuket.com\/da\/bedste-udflugter-og-dagture-phuket\/ture-til-james-bond-oen-phang-nga\/udflugt-til-john-grays-hong-by-starlight\/#primaryimage"},"image":{"@id":"https:\/\/www.easydayphuket.com\/da\/bedste-udflugter-og-dagture-phuket\/ture-til-james-bond-oen-phang-nga\/udflugt-til-john-grays-hong-by-starlight\/#primaryimage"},"thumbnailUrl":"https:\/\/www.easydayphuket.com\/wp-content\/uploads\/2013\/07\/sunset-300x194.jpg","datePublished":"2015-03-15T14:16:35+00:00","dateModified":"2024-04-06T04:44:47+00:00","description":"Udflugt til John Gray's Hong By Starlight er nok noget af det mest eventyrlige og magiske man kan opleve i Phuket. Som at v\u00e6re med i \"Indiana Jones light\"","breadcrumb":{"@id":"https:\/\/www.easydayphuket.com\/da\/bedste-udflugter-og-dagture-phuket\/ture-til-james-bond-oen-phang-nga\/udflugt-til-john-grays-hong-by-starlight\/#breadcrumb"},"inLanguage":"da-DK","potentialAction":[{"@type":"ReadAction","target":["https:\/\/www.easydayphuket.com\/da\/bedste-udflugter-og-dagture-phuket\/ture-til-james-bond-oen-phang-nga\/udflugt-til-john-grays-hong-by-starlight\/"]}]},{"@type":"ImageObject","inLanguage":"da-DK","@id":"https:\/\/www.easydayphuket.com\/da\/bedste-udflugter-og-dagture-phuket\/ture-til-james-bond-oen-phang-nga\/udflugt-til-john-grays-hong-by-starlight\/#primaryimage","url":"https:\/\/www.easydayphuket.com\/wp-content\/uploads\/2013\/07\/sunset-300x194.jpg","contentUrl":"https:\/\/www.easydayphuket.com\/wp-content\/uploads\/2013\/07\/sunset-300x194.jpg"},{"@type":"BreadcrumbList","@id":"https:\/\/www.easydayphuket.com\/da\/bedste-udflugter-og-dagture-phuket\/ture-til-james-bond-oen-phang-nga\/udflugt-til-john-grays-hong-by-starlight\/#breadcrumb","itemListElement":[{"@type":"ListItem","position":1,"name":"Home","item":"https:\/\/www.easydayphuket.com\/da\/"},{"@type":"ListItem","position":2,"name":"Bedste Udflugter i Phuket","item":"https:\/\/www.easydayphuket.com\/da\/bedste-udflugter-og-dagture-phuket\/"},{"@type":"ListItem","position":3,"name":"James Bond \u00d8en &amp; Phang Nga","item":"https:\/\/www.easydayphuket.com\/da\/bedste-udflugter-og-dagture-phuket\/ture-til-james-bond-oen-phang-nga\/"},{"@type":"ListItem","position":4,"name":"Udflugt til John Gray&#8217;s Hong By Starlight"}]},{"@type":"WebSite","@id":"https:\/\/www.easydayphuket.com\/#website","url":"https:\/\/www.easydayphuket.com\/","name":"Easy Day Phuket Tours","description":"Din Tur & Rejse Partner i Phuket","publisher":{"@id":"https:\/\/www.easydayphuket.com\/#organization"},"potentialAction":[{"@type":"SearchAction","target":{"@type":"EntryPoint","urlTemplate":"https:\/\/www.easydayphuket.com\/?s={search_term_string}"},"query-input":{"@type":"PropertyValueSpecification","valueRequired":true,"valueName":"search_term_string"}}],"inLanguage":"da-DK"},{"@type":"Organization","@id":"https:\/\/www.easydayphuket.com\/#organization","name":"Easy Day Thailand","url":"https:\/\/www.easydayphuket.com\/","logo":{"@type":"ImageObject","inLanguage":"da-DK","@id":"https:\/\/www.easydayphuket.com\/#\/schema\/logo\/image\/","url":"https:\/\/www.easydayphuket.com\/wp-content\/uploads\/2013\/07\/Sun-Thaiflag_booking12.gif","contentUrl":"https:\/\/www.easydayphuket.com\/wp-content\/uploads\/2013\/07\/Sun-Thaiflag_booking12.gif","width":100,"height":94,"caption":"Easy Day Thailand"},"image":{"@id":"https:\/\/www.easydayphuket.com\/#\/schema\/logo\/image\/"},"sameAs":["https:\/\/www.facebook.com\/Easydayinthailand\/","https:\/\/www.instagram.com\/easydaythailand\/"]}]}},"_links":{"self":[{"href":"https:\/\/www.easydayphuket.com\/da\/wp-json\/wp\/v2\/pages\/9067","targetHints":{"allow":["GET"]}}],"collection":[{"href":"https:\/\/www.easydayphuket.com\/da\/wp-json\/wp\/v2\/pages"}],"about":[{"href":"https:\/\/www.easydayphuket.com\/da\/wp-json\/wp\/v2\/types\/page"}],"author":[{"embeddable":true,"href":"https:\/\/www.easydayphuket.com\/da\/wp-json\/wp\/v2\/users\/12"}],"replies":[{"embeddable":true,"href":"https:\/\/www.easydayphuket.com\/da\/wp-json\/wp\/v2\/comments?post=9067"}],"version-history":[{"count":0,"href":"https:\/\/www.easydayphuket.com\/da\/wp-json\/wp\/v2\/pages\/9067\/revisions"}],"up":[{"embeddable":true,"href":"https:\/\/www.easydayphuket.com\/da\/wp-json\/wp\/v2\/pages\/8650"}],"wp:attachment":[{"href":"https:\/\/www.easydayphuket.com\/da\/wp-json\/wp\/v2\/media?parent=9067"}],"curies":[{"name":"wp","href":"https:\/\/api.w.org\/{rel}","templated":true}]}}