{"id":9056,"date":"2015-03-11T20:50:41","date_gmt":"2015-03-11T13:50:41","guid":{"rendered":"https:\/\/www.easydayphuket.com\/?page_id=9056"},"modified":"2024-04-06T11:43:40","modified_gmt":"2024-04-06T04:43:40","slug":"udflugt-til-james-bond-oen-med-speedbad","status":"publish","type":"page","link":"https:\/\/www.easydayphuket.com\/da\/bedste-udflugter-og-dagture-phuket\/ture-til-james-bond-oen-phang-nga\/udflugt-til-james-bond-oen-med-speedbad\/","title":{"rendered":"Udflugt til James Bond \u00d8en med Speedb\u00e5d"},"content":{"rendered":"\n<figure class=\"wp-block-image alignright\"><a href=\"https:\/\/www.easydayphuket.com\/wp-content\/uploads\/2014\/08\/Phang-Nga-Bay-Tour.jpg\"><img loading=\"lazy\" decoding=\"async\" width=\"300\" height=\"241\" src=\"https:\/\/www.easydayphuket.com\/wp-content\/uploads\/2014\/08\/Phang-Nga-Bay-Tour-e1409295999203-300x241.jpg\" alt=\"Phang Nga Bay &amp; James Bond Island Tour\" class=\"wp-image-5779\" srcset=\"https:\/\/www.easydayphuket.com\/wp-content\/uploads\/2014\/08\/Phang-Nga-Bay-Tour-e1409295999203-300x241.jpg 300w, https:\/\/www.easydayphuket.com\/wp-content\/uploads\/2014\/08\/Phang-Nga-Bay-Tour-e1409295999203-68x55.jpg 68w, https:\/\/www.easydayphuket.com\/wp-content\/uploads\/2014\/08\/Phang-Nga-Bay-Tour-e1409295999203.jpg 763w\" sizes=\"(max-width: 300px) 100vw, 300px\" \/><\/a><figcaption class=\"wp-element-caption\">Phang Nga Bugten<\/figcaption><\/figure>\n\n\n\n<p>Udflugt til James Bond \u00d8en med Speedb\u00e5d &#8211; Udforsk Phang Nga Bugtens &amp; James Bond \u00d8ens sk\u00f8nhed med en hurtig &amp; komfortabel Speedb\u00e5d.<\/p>\n\n\n\n<ul class=\"wp-block-list\">\n<li><strong>Hurtig og komfortabel Speed B\u00e5d<\/strong><\/li>\n\n\n\n<li><strong>Begr\u00e6nset antal af g\u00e6ster<\/strong><\/li>\n\n\n\n<li><strong>Bes\u00f8g James Bond \u00d8en <\/strong><\/li>\n\n\n\n<li><strong>Koh Panyee Landsbyen<br><\/strong><\/li>\n\n\n\n<li><strong>Havkajak<\/strong><\/li>\n\n\n\n<li><strong>Sv\u00f8mme &amp;\u00a0Sightseeing <\/strong><\/li>\n\n\n\n<li><strong>Flersprogede Tur Guider<\/strong> &#8211; English, German, French, Italian &amp; Spanish<\/li>\n<\/ul>\n\n\n<p><strong>Pris i Thai Baht pr person: 3,900 | B\u00f8rn (3-12 \u00e5r)\u00a02,450\u00a0 <a href=\"#form\">&gt;&gt;Tilmeld her\/ Kontakt os <\/a><\/strong><\/p>\n\n\n\n<p><strong>T<\/strong><strong>uren Inkluderer :<\/strong><\/p>\n\n\n<ul>\n<li>Afhentning og retur af vores A\/C mini bus fra alle hoteller i Phuket<\/li>\n<li>Leje af Speedb\u00e5d<\/li>\n<li>Sodavand, drikkevand, s\u00e6sonens frugter, snacks,<\/li>\n<li>Redningsvest<\/li>\n<li>Thai Frokost i Koh Panyee Fisker landsbyen<\/li>\n<li>Erfaren Engelsktalende Tur Guide<\/li>\n<li>Ulykkesforsikring<\/li>\n<\/ul>\n\n\n\n<p class=\"has-text-align-right\"><a href='#form' class='small-button smallblue'>Tilmeld her\/ Kontakt<\/a><\/p>\n\n\n\n<h2 class=\"wp-block-heading\">Photo Galleri fra Udflugt til James Bond \u00d8en<\/h2>\n\n\n<p>[wzslider autoplay=&#8221;true&#8221; info=&#8221;true&#8221; lightbox=&#8221;true&#8221;]<\/p>\n\n\n\n<h2 class=\"wp-block-heading\">Eksempel p\u00e5 program for Udflugt til James Bond \u00d8en<\/h2>\n\n\n\n<ul class=\"wp-block-list\">\n<li>08.30 &#8211; Afhentning p\u00e5 jeres Hotel i Phuket og k\u00f8rsel til marinaen i Royal Phuket Marina i vores A\/C minibus . (Det n\u00f8jagtige afhentnings tidspunkt bliver oplyst n\u00e5r I tilmelder jer)<\/li>\n\n\n\n<li>10.00 &#8211; Jeres Speedb\u00e5d sejler jer til<a title=\"Phang Nga Bay &amp; James Bond Island\" href=\"https:\/\/www.easydayphuket.com\/phang-nga-bay-james-bond-island\/\" target=\"_blank\" rel=\"noopener\"> Phang Nga Bugten<\/a> &amp; James Bond \u00d8en<\/li>\n\n\n\n<li>10.40 &#8211; Ankomst til Phang Nga Bay National Park og starten p\u00e5 James Bond \u00d8ens Tur aktiviteter:\n<ul class=\"wp-block-list\">\n<li><b>Vi bes\u00f8ger James Bond \u00d8en<br><\/b><\/li>\n\n\n\n<li><b>Vi udforsker Iskage Grotten og Mangrove Grotten<\/b><\/li>\n\n\n\n<li><b>En tur med havkajak i Phang Nga Bugten i ca. 40 minutter, mens vi glider gennem mangrovetr\u00e6er og huler<\/b><\/li>\n\n\n\n<li><b>Thai frokost i <a title=\"Koh Panyee Floating Fishing Village\" href=\"https:\/\/www.easydayphuket.com\/koh-panyee-floating-fishing-village\/\">Koh Panyee Fisker landsbyen<\/a><\/b><\/li>\n\n\n\n<li><strong>Tid til at udforske Panyee landsbyen<br><\/strong><\/li>\n\n\n\n<li><strong>Tid til en sv\u00f8mmetur &amp; Afslapning p\u00e5 en skjult strand udenom menneskemylderet<\/strong><\/li>\n<\/ul>\n<\/li>\n\n\n\n<li>16:30 &#8211; Speedb\u00e5den sejler tilbage til Phuket<\/li>\n\n\n\n<li>17:30 &#8211; Ankomst til Royal Phuket Marina og transport tilbage til jeres hotel i Phuket<\/li>\n\n\n\n<li>18:30 &#8211; Ankomst til jeres Hotel<\/li>\n<\/ul>\n\n\n\n<h2 class=\"wp-block-heading\">Kontakt Os Nu for jeres Udflugt til James Bond \u00d8en<\/h2>\n\n\n\n<script charset=\"utf-8\" type=\"text\/javascript\" src=\"\/\/js.hsforms.net\/forms\/embed\/v2.js\"><\/script>\n<script>\n  hbspt.forms.create({\n    region: \"na1\",\n    portalId: \"3413662\",\n    formId: \"754fb1c1-f3a8-443f-b140-4c5c6ce7ba68\"\n  });\n<\/script>\n\n\n\n<p><strong>Her er et interessant Link om Phang Nga Bugten:<\/strong><\/p>\n\n\n\n<ul class=\"wp-block-list\">\n<li><a title=\"A day at Koh Panyee with Easy Day Thailand\" href=\"https:\/\/easydaythailand.blogspot.com\/2013\/09\/panyee-bungalow-restaurant-phang-nga-bay.html\" target=\"_blank\" rel=\"noopener\">Koh Panyee Fisker Landsby<\/a><\/li>\n<\/ul>\n","protected":false},"excerpt":{"rendered":"<p>Udflugt til James Bond \u00d8en med Speedb\u00e5d &#8211; Udforsk Phang Nga Bugtens &amp; James Bond \u00d8ens sk\u00f8nhed med en hurtig &amp; komfortabel Speedb\u00e5d. Turen Inkluderer : Photo Galleri fra Udflugt til James Bond \u00d8en Eksempel p\u00e5 program for Udflugt til James Bond \u00d8en Kontakt Os Nu for jeres Udflugt til James Bond \u00d8en Her er [&hellip;]<\/p>\n","protected":false},"author":12,"featured_media":0,"parent":8650,"menu_order":0,"comment_status":"closed","ping_status":"open","template":"","meta":{"_acf_changed":false,"_et_pb_use_builder":"","_et_pb_old_content":"","_et_gb_content_width":"","footnotes":""},"class_list":["post-9056","page","type-page","status-publish","hentry"],"acf":[],"yoast_head":"<!-- This site is optimized with the Yoast SEO plugin v25.1 - https:\/\/yoast.com\/wordpress\/plugins\/seo\/ -->\n<title>Udflugt til James Bond \u00d8en med Speedb\u00e5d<\/title>\n<meta name=\"description\" content=\"Udflugt til James Bond \u00d8en med Speedb\u00e5d er en hurtig, nem og behagelig m\u00e5de at udforske Phanga Bugten &amp; James Bond \u00d8ens natur perler og aktiviteter\" \/>\n<meta name=\"robots\" content=\"index, follow, max-snippet:-1, max-image-preview:large, max-video-preview:-1\" \/>\n<link rel=\"canonical\" href=\"https:\/\/www.easydayphuket.com\/da\/bedste-udflugter-og-dagture-phuket\/ture-til-james-bond-oen-phang-nga\/udflugt-til-james-bond-oen-med-speedbad\/\" \/>\n<meta property=\"og:locale\" content=\"da_DK\" \/>\n<meta property=\"og:type\" content=\"article\" \/>\n<meta property=\"og:title\" content=\"Udflugt til James Bond \u00d8en med Speedb\u00e5d\" \/>\n<meta property=\"og:description\" content=\"Udflugt til James Bond \u00d8en med Speedb\u00e5d er en hurtig, nem og behagelig m\u00e5de at udforske Phanga Bugten &amp; James Bond \u00d8ens natur perler og aktiviteter\" \/>\n<meta property=\"og:url\" content=\"https:\/\/www.easydayphuket.com\/da\/bedste-udflugter-og-dagture-phuket\/ture-til-james-bond-oen-phang-nga\/udflugt-til-james-bond-oen-med-speedbad\/\" \/>\n<meta property=\"og:site_name\" content=\"Easy Day Phuket Tours\" \/>\n<meta property=\"article:publisher\" content=\"https:\/\/www.facebook.com\/Easydayinthailand\/\" \/>\n<meta property=\"article:modified_time\" content=\"2024-04-06T04:43:40+00:00\" \/>\n<meta property=\"og:image\" content=\"https:\/\/www.easydayphuket.com\/wp-content\/uploads\/2014\/08\/Phang-Nga-Bay-Tour-e1409295999203-300x241.jpg\" \/>\n<meta name=\"twitter:label1\" content=\"Estimeret l\u00e6setid\" \/>\n\t<meta name=\"twitter:data1\" content=\"2 minutter\" \/>\n<script type=\"application\/ld+json\" class=\"yoast-schema-graph\">{\"@context\":\"https:\/\/schema.org\",\"@graph\":[{\"@type\":\"WebPage\",\"@id\":\"https:\/\/www.easydayphuket.com\/da\/bedste-udflugter-og-dagture-phuket\/ture-til-james-bond-oen-phang-nga\/udflugt-til-james-bond-oen-med-speedbad\/\",\"url\":\"https:\/\/www.easydayphuket.com\/da\/bedste-udflugter-og-dagture-phuket\/ture-til-james-bond-oen-phang-nga\/udflugt-til-james-bond-oen-med-speedbad\/\",\"name\":\"Udflugt til James Bond \u00d8en med Speedb\u00e5d\",\"isPartOf\":{\"@id\":\"https:\/\/www.easydayphuket.com\/#website\"},\"primaryImageOfPage\":{\"@id\":\"https:\/\/www.easydayphuket.com\/da\/bedste-udflugter-og-dagture-phuket\/ture-til-james-bond-oen-phang-nga\/udflugt-til-james-bond-oen-med-speedbad\/#primaryimage\"},\"image\":{\"@id\":\"https:\/\/www.easydayphuket.com\/da\/bedste-udflugter-og-dagture-phuket\/ture-til-james-bond-oen-phang-nga\/udflugt-til-james-bond-oen-med-speedbad\/#primaryimage\"},\"thumbnailUrl\":\"https:\/\/www.easydayphuket.com\/wp-content\/uploads\/2014\/08\/Phang-Nga-Bay-Tour-e1409295999203-300x241.jpg\",\"datePublished\":\"2015-03-11T13:50:41+00:00\",\"dateModified\":\"2024-04-06T04:43:40+00:00\",\"description\":\"Udflugt til James Bond \u00d8en med Speedb\u00e5d er en hurtig, nem og behagelig m\u00e5de at udforske Phanga Bugten & James Bond \u00d8ens natur perler og aktiviteter\",\"breadcrumb\":{\"@id\":\"https:\/\/www.easydayphuket.com\/da\/bedste-udflugter-og-dagture-phuket\/ture-til-james-bond-oen-phang-nga\/udflugt-til-james-bond-oen-med-speedbad\/#breadcrumb\"},\"inLanguage\":\"da-DK\",\"potentialAction\":[{\"@type\":\"ReadAction\",\"target\":[\"https:\/\/www.easydayphuket.com\/da\/bedste-udflugter-og-dagture-phuket\/ture-til-james-bond-oen-phang-nga\/udflugt-til-james-bond-oen-med-speedbad\/\"]}]},{\"@type\":\"ImageObject\",\"inLanguage\":\"da-DK\",\"@id\":\"https:\/\/www.easydayphuket.com\/da\/bedste-udflugter-og-dagture-phuket\/ture-til-james-bond-oen-phang-nga\/udflugt-til-james-bond-oen-med-speedbad\/#primaryimage\",\"url\":\"https:\/\/www.easydayphuket.com\/wp-content\/uploads\/2014\/08\/Phang-Nga-Bay-Tour-e1409295999203-300x241.jpg\",\"contentUrl\":\"https:\/\/www.easydayphuket.com\/wp-content\/uploads\/2014\/08\/Phang-Nga-Bay-Tour-e1409295999203-300x241.jpg\"},{\"@type\":\"BreadcrumbList\",\"@id\":\"https:\/\/www.easydayphuket.com\/da\/bedste-udflugter-og-dagture-phuket\/ture-til-james-bond-oen-phang-nga\/udflugt-til-james-bond-oen-med-speedbad\/#breadcrumb\",\"itemListElement\":[{\"@type\":\"ListItem\",\"position\":1,\"name\":\"Home\",\"item\":\"https:\/\/www.easydayphuket.com\/da\/\"},{\"@type\":\"ListItem\",\"position\":2,\"name\":\"Bedste Udflugter i Phuket\",\"item\":\"https:\/\/www.easydayphuket.com\/da\/bedste-udflugter-og-dagture-phuket\/\"},{\"@type\":\"ListItem\",\"position\":3,\"name\":\"James Bond \u00d8en &amp; Phang Nga\",\"item\":\"https:\/\/www.easydayphuket.com\/da\/bedste-udflugter-og-dagture-phuket\/ture-til-james-bond-oen-phang-nga\/\"},{\"@type\":\"ListItem\",\"position\":4,\"name\":\"Udflugt til James Bond \u00d8en med Speedb\u00e5d\"}]},{\"@type\":\"WebSite\",\"@id\":\"https:\/\/www.easydayphuket.com\/#website\",\"url\":\"https:\/\/www.easydayphuket.com\/\",\"name\":\"Easy Day Phuket Tours\",\"description\":\"Din Tur & Rejse Partner i Phuket\",\"publisher\":{\"@id\":\"https:\/\/www.easydayphuket.com\/#organization\"},\"potentialAction\":[{\"@type\":\"SearchAction\",\"target\":{\"@type\":\"EntryPoint\",\"urlTemplate\":\"https:\/\/www.easydayphuket.com\/?s={search_term_string}\"},\"query-input\":{\"@type\":\"PropertyValueSpecification\",\"valueRequired\":true,\"valueName\":\"search_term_string\"}}],\"inLanguage\":\"da-DK\"},{\"@type\":\"Organization\",\"@id\":\"https:\/\/www.easydayphuket.com\/#organization\",\"name\":\"Easy Day Thailand\",\"url\":\"https:\/\/www.easydayphuket.com\/\",\"logo\":{\"@type\":\"ImageObject\",\"inLanguage\":\"da-DK\",\"@id\":\"https:\/\/www.easydayphuket.com\/#\/schema\/logo\/image\/\",\"url\":\"https:\/\/www.easydayphuket.com\/wp-content\/uploads\/2013\/07\/Sun-Thaiflag_booking12.gif\",\"contentUrl\":\"https:\/\/www.easydayphuket.com\/wp-content\/uploads\/2013\/07\/Sun-Thaiflag_booking12.gif\",\"width\":100,\"height\":94,\"caption\":\"Easy Day Thailand\"},\"image\":{\"@id\":\"https:\/\/www.easydayphuket.com\/#\/schema\/logo\/image\/\"},\"sameAs\":[\"https:\/\/www.facebook.com\/Easydayinthailand\/\",\"https:\/\/www.instagram.com\/easydaythailand\/\"]}]}<\/script>\n<!-- \/ Yoast SEO plugin. -->","yoast_head_json":{"title":"Udflugt til James Bond \u00d8en med Speedb\u00e5d","description":"Udflugt til James Bond \u00d8en med Speedb\u00e5d er en hurtig, nem og behagelig m\u00e5de at udforske Phanga Bugten & James Bond \u00d8ens natur perler og aktiviteter","robots":{"index":"index","follow":"follow","max-snippet":"max-snippet:-1","max-image-preview":"max-image-preview:large","max-video-preview":"max-video-preview:-1"},"canonical":"https:\/\/www.easydayphuket.com\/da\/bedste-udflugter-og-dagture-phuket\/ture-til-james-bond-oen-phang-nga\/udflugt-til-james-bond-oen-med-speedbad\/","og_locale":"da_DK","og_type":"article","og_title":"Udflugt til James Bond \u00d8en med Speedb\u00e5d","og_description":"Udflugt til James Bond \u00d8en med Speedb\u00e5d er en hurtig, nem og behagelig m\u00e5de at udforske Phanga Bugten & James Bond \u00d8ens natur perler og aktiviteter","og_url":"https:\/\/www.easydayphuket.com\/da\/bedste-udflugter-og-dagture-phuket\/ture-til-james-bond-oen-phang-nga\/udflugt-til-james-bond-oen-med-speedbad\/","og_site_name":"Easy Day Phuket Tours","article_publisher":"https:\/\/www.facebook.com\/Easydayinthailand\/","article_modified_time":"2024-04-06T04:43:40+00:00","og_image":[{"url":"https:\/\/www.easydayphuket.com\/wp-content\/uploads\/2014\/08\/Phang-Nga-Bay-Tour-e1409295999203-300x241.jpg","type":"","width":"","height":""}],"twitter_misc":{"Estimeret l\u00e6setid":"2 minutter"},"schema":{"@context":"https:\/\/schema.org","@graph":[{"@type":"WebPage","@id":"https:\/\/www.easydayphuket.com\/da\/bedste-udflugter-og-dagture-phuket\/ture-til-james-bond-oen-phang-nga\/udflugt-til-james-bond-oen-med-speedbad\/","url":"https:\/\/www.easydayphuket.com\/da\/bedste-udflugter-og-dagture-phuket\/ture-til-james-bond-oen-phang-nga\/udflugt-til-james-bond-oen-med-speedbad\/","name":"Udflugt til James Bond \u00d8en med Speedb\u00e5d","isPartOf":{"@id":"https:\/\/www.easydayphuket.com\/#website"},"primaryImageOfPage":{"@id":"https:\/\/www.easydayphuket.com\/da\/bedste-udflugter-og-dagture-phuket\/ture-til-james-bond-oen-phang-nga\/udflugt-til-james-bond-oen-med-speedbad\/#primaryimage"},"image":{"@id":"https:\/\/www.easydayphuket.com\/da\/bedste-udflugter-og-dagture-phuket\/ture-til-james-bond-oen-phang-nga\/udflugt-til-james-bond-oen-med-speedbad\/#primaryimage"},"thumbnailUrl":"https:\/\/www.easydayphuket.com\/wp-content\/uploads\/2014\/08\/Phang-Nga-Bay-Tour-e1409295999203-300x241.jpg","datePublished":"2015-03-11T13:50:41+00:00","dateModified":"2024-04-06T04:43:40+00:00","description":"Udflugt til James Bond \u00d8en med Speedb\u00e5d er en hurtig, nem og behagelig m\u00e5de at udforske Phanga Bugten & James Bond \u00d8ens natur perler og aktiviteter","breadcrumb":{"@id":"https:\/\/www.easydayphuket.com\/da\/bedste-udflugter-og-dagture-phuket\/ture-til-james-bond-oen-phang-nga\/udflugt-til-james-bond-oen-med-speedbad\/#breadcrumb"},"inLanguage":"da-DK","potentialAction":[{"@type":"ReadAction","target":["https:\/\/www.easydayphuket.com\/da\/bedste-udflugter-og-dagture-phuket\/ture-til-james-bond-oen-phang-nga\/udflugt-til-james-bond-oen-med-speedbad\/"]}]},{"@type":"ImageObject","inLanguage":"da-DK","@id":"https:\/\/www.easydayphuket.com\/da\/bedste-udflugter-og-dagture-phuket\/ture-til-james-bond-oen-phang-nga\/udflugt-til-james-bond-oen-med-speedbad\/#primaryimage","url":"https:\/\/www.easydayphuket.com\/wp-content\/uploads\/2014\/08\/Phang-Nga-Bay-Tour-e1409295999203-300x241.jpg","contentUrl":"https:\/\/www.easydayphuket.com\/wp-content\/uploads\/2014\/08\/Phang-Nga-Bay-Tour-e1409295999203-300x241.jpg"},{"@type":"BreadcrumbList","@id":"https:\/\/www.easydayphuket.com\/da\/bedste-udflugter-og-dagture-phuket\/ture-til-james-bond-oen-phang-nga\/udflugt-til-james-bond-oen-med-speedbad\/#breadcrumb","itemListElement":[{"@type":"ListItem","position":1,"name":"Home","item":"https:\/\/www.easydayphuket.com\/da\/"},{"@type":"ListItem","position":2,"name":"Bedste Udflugter i Phuket","item":"https:\/\/www.easydayphuket.com\/da\/bedste-udflugter-og-dagture-phuket\/"},{"@type":"ListItem","position":3,"name":"James Bond \u00d8en &amp; Phang Nga","item":"https:\/\/www.easydayphuket.com\/da\/bedste-udflugter-og-dagture-phuket\/ture-til-james-bond-oen-phang-nga\/"},{"@type":"ListItem","position":4,"name":"Udflugt til James Bond \u00d8en med Speedb\u00e5d"}]},{"@type":"WebSite","@id":"https:\/\/www.easydayphuket.com\/#website","url":"https:\/\/www.easydayphuket.com\/","name":"Easy Day Phuket Tours","description":"Din Tur & Rejse Partner i Phuket","publisher":{"@id":"https:\/\/www.easydayphuket.com\/#organization"},"potentialAction":[{"@type":"SearchAction","target":{"@type":"EntryPoint","urlTemplate":"https:\/\/www.easydayphuket.com\/?s={search_term_string}"},"query-input":{"@type":"PropertyValueSpecification","valueRequired":true,"valueName":"search_term_string"}}],"inLanguage":"da-DK"},{"@type":"Organization","@id":"https:\/\/www.easydayphuket.com\/#organization","name":"Easy Day Thailand","url":"https:\/\/www.easydayphuket.com\/","logo":{"@type":"ImageObject","inLanguage":"da-DK","@id":"https:\/\/www.easydayphuket.com\/#\/schema\/logo\/image\/","url":"https:\/\/www.easydayphuket.com\/wp-content\/uploads\/2013\/07\/Sun-Thaiflag_booking12.gif","contentUrl":"https:\/\/www.easydayphuket.com\/wp-content\/uploads\/2013\/07\/Sun-Thaiflag_booking12.gif","width":100,"height":94,"caption":"Easy Day Thailand"},"image":{"@id":"https:\/\/www.easydayphuket.com\/#\/schema\/logo\/image\/"},"sameAs":["https:\/\/www.facebook.com\/Easydayinthailand\/","https:\/\/www.instagram.com\/easydaythailand\/"]}]}},"_links":{"self":[{"href":"https:\/\/www.easydayphuket.com\/da\/wp-json\/wp\/v2\/pages\/9056","targetHints":{"allow":["GET"]}}],"collection":[{"href":"https:\/\/www.easydayphuket.com\/da\/wp-json\/wp\/v2\/pages"}],"about":[{"href":"https:\/\/www.easydayphuket.com\/da\/wp-json\/wp\/v2\/types\/page"}],"author":[{"embeddable":true,"href":"https:\/\/www.easydayphuket.com\/da\/wp-json\/wp\/v2\/users\/12"}],"replies":[{"embeddable":true,"href":"https:\/\/www.easydayphuket.com\/da\/wp-json\/wp\/v2\/comments?post=9056"}],"version-history":[{"count":0,"href":"https:\/\/www.easydayphuket.com\/da\/wp-json\/wp\/v2\/pages\/9056\/revisions"}],"up":[{"embeddable":true,"href":"https:\/\/www.easydayphuket.com\/da\/wp-json\/wp\/v2\/pages\/8650"}],"wp:attachment":[{"href":"https:\/\/www.easydayphuket.com\/da\/wp-json\/wp\/v2\/media?parent=9056"}],"curies":[{"name":"wp","href":"https:\/\/api.w.org\/{rel}","templated":true}]}}