{"id":8716,"date":"2015-02-26T16:27:58","date_gmt":"2015-02-26T09:27:58","guid":{"rendered":"https:\/\/www.easydayphuket.com\/?page_id=8716"},"modified":"2022-05-21T05:29:13","modified_gmt":"2022-05-20T22:29:13","slug":"weekend-markedet-phuket","status":"publish","type":"page","link":"https:\/\/www.easydayphuket.com\/da\/bedste-udflugter-og-dagture-phuket\/udflugter-dagsture-phuket\/weekend-markedet-phuket\/","title":{"rendered":"Weekend Markedet i Phuket"},"content":{"rendered":"<div id=\"attachment_5364\" style=\"width: 310px\" class=\"wp-caption alignright\"><a href=\"https:\/\/www.easydayphuket.com\/wp-content\/uploads\/2013\/08\/Naka-Weekend-Market-Phuket.jpg\"><img loading=\"lazy\" decoding=\"async\" aria-describedby=\"caption-attachment-5364\" class=\"wp-image-5364 size-medium\" title=\"Weekend Market Phuket at Naka Temple\" src=\"https:\/\/www.easydayphuket.com\/wp-content\/uploads\/2013\/08\/Naka-Weekend-Market-Phuket-300x220.jpg\" alt=\"Weekend Market Phuket at Naka Temple\" width=\"300\" height=\"220\" srcset=\"https:\/\/www.easydayphuket.com\/wp-content\/uploads\/2013\/08\/Naka-Weekend-Market-Phuket-300x220.jpg 300w, https:\/\/www.easydayphuket.com\/wp-content\/uploads\/2013\/08\/Naka-Weekend-Market-Phuket-74x55.jpg 74w, https:\/\/www.easydayphuket.com\/wp-content\/uploads\/2013\/08\/Naka-Weekend-Market-Phuket.jpg 500w\" sizes=\"(max-width: 300px) 100vw, 300px\" \/><\/a><p id=\"caption-attachment-5364\" class=\"wp-caption-text\">Weekend\u00a0 Markedet<\/p><\/div>\n<p>Weekend Markedet i Phuket i n\u00e6rheden af Naka Temple er bestemt et bes\u00f8g v\u00e6rd hvis I ka li at shoppe. Hver L\u00f8rdag og S\u00f8ndag fra 17:00 &#8211; 23:00 kan man k\u00f8be alt mulige varer her, lige fra billigt t\u00f8j, sko og elektronik til souvenirs I alle afskygninger og pr\u00f8v endelig det lokale gadek\u00f8kken.<\/p>\n<ul>\n<li><a title=\"Naka Night Market\" href=\"https:\/\/www.easydayphuket.com\/naka-night-market\/\" target=\"_blank\" rel=\"noopener\">Naka Weekend Marked<\/a><\/li>\n<li>Nyd\u00a0 Solnedgangen ved Kata Udsigtspunkt &amp; <a title=\"Promthep Cape\" href=\"https:\/\/www.easydayphuket.com\/promthep-cape\/\">Cape Phromthep<\/a><\/li>\n<li>Lokal Middag &#8220;Phuket Style&#8221; p\u00e5 Naka Weekend marked!<\/li>\n<li>Det er Jeres Udflugt! S\u00e5 ta jer endelig go tid.<\/li>\n<\/ul>\n<p><strong> Pris i Thai Baht: 1-2 voksne 5,600 Ekstra Person 1,500 <\/strong>B\u00f8rn under 5 gratis. B\u00f8rn 5- 11 \u00e5r Thai Baht \u00a0900\u00a0pr barn.<strong>\u00a0<a title=\"Easy Day Contact Form\" href=\"#form\">&gt;&gt; Gratis Foresp\u00f8rgsel Her!<\/a><\/strong> <strong>Turen inkluderer:<\/strong> <\/p>\n<ul>\n<li>Eksklusiv Udflugt i en a\/c minibus i 6 timer<\/li>\n<li>Engelsktalende Phuket Tur Guide<\/li>\n<li>Drikkevand &amp; sodavand i vores minibus<\/li>\n<li>Lokal Middag Thai Style<\/li>\n<li>Skatter &amp; Forsikringer<\/li>\n<\/ul>\n<p style=\"text-align: right\"><a href='#form' class='small-button smallblue'>Bestil her \/ Kontakt<\/a><\/p>\n<h2>Eksempel p\u00e5 Program for Weekend Marked i Phuket<\/h2>\n<ul>\n<li>16.30 &#8211; I bliver hentet p\u00e5 jeres hotel i Phuket af vores a\/c minibus<\/li>\n<li>17.00 -Stop ved Kata Udsigtspunkt, og derefter videre til Promthep Cape, den absolut sydligste del af Phuket eller det ka v\u00e6re k\u00e6mpe statuen Big Buddha. Alle disse udsigtspunkter har eminente solnedgange.<\/li>\n<li>18.30 &#8211; Ankomst til Naka Weekend marked og tid til at g\u00e5 p\u00e5 opdagelse i de lokale gadek\u00f8kkener og pr\u00f8ve de forskellige smagsoplevelser Phuket style.<\/li>\n<li>19.30 &#8211; S\u00e5 er det tid til at udforske selve weekend markedet i Phuket town med de goe tilbud p\u00e5 t\u00f8j, sko, kasketter, smykker og elektronik og diverse souvenirs. Men osse masser af snacks og forfriskninger undervejs hvis I skulle ha lyst til mere.<\/li>\n<li>22:00-22:30 &#8211; Er vi tilbage p\u00e5 jeres hotel i Phuket.<\/li>\n<\/ul>\n<p>NOTE &#8211; Denne udflugt er kun tilg\u00e6ngelig p\u00e5 L\u00f8rdage &amp; S\u00f8ndage da Naka Markedet (Weekend Markedet) kun er \u00e5bent i weekenden. Kombiner din Weekend Marked Phuket udflugt med andre af vores eksklusive Easy Day Thailand udflugter, dagsture &amp; sightseeing ture. <br clear=\"all\" \/><a name=\"form\"><\/a><\/p>\n<h2>Kontakt Os Nu for Jeres Udflugt til Weekend Markedet<\/h2>\n<p>[vfb id=16]<\/p>\n","protected":false},"excerpt":{"rendered":"<p>Weekend Markedet i Phuket i n\u00e6rheden af Naka Temple er bestemt et bes\u00f8g v\u00e6rd hvis I ka li at shoppe. Hver L\u00f8rdag og S\u00f8ndag fra 17:00 &#8211; 23:00 kan man k\u00f8be alt mulige varer her, lige fra billigt t\u00f8j, sko og elektronik til souvenirs I alle afskygninger og pr\u00f8v endelig det lokale gadek\u00f8kken. Naka Weekend [&hellip;]<\/p>\n","protected":false},"author":12,"featured_media":0,"parent":8657,"menu_order":0,"comment_status":"closed","ping_status":"closed","template":"","meta":{"_acf_changed":false,"_et_pb_use_builder":"","_et_pb_old_content":"","_et_gb_content_width":"","footnotes":""},"class_list":["post-8716","page","type-page","status-publish","hentry"],"acf":[],"yoast_head":"<!-- This site is optimized with the Yoast SEO plugin v25.1 - https:\/\/yoast.com\/wordpress\/plugins\/seo\/ -->\n<title>Weekend Markedet i Phuket - Easy Day Phuket<\/title>\n<meta name=\"description\" content=\"Weekend Markedet i Phuket byder p\u00e5 et lokalt loppemarked med rimelige priser med alt lige t\u00f8j, sko, tasker, smykker og elektronik til boder med lokal mad\" \/>\n<meta name=\"robots\" content=\"index, follow, max-snippet:-1, max-image-preview:large, max-video-preview:-1\" \/>\n<link rel=\"canonical\" href=\"https:\/\/www.easydayphuket.com\/da\/bedste-udflugter-og-dagture-phuket\/udflugter-dagsture-phuket\/weekend-markedet-phuket\/\" \/>\n<meta property=\"og:locale\" content=\"da_DK\" \/>\n<meta property=\"og:type\" content=\"article\" \/>\n<meta property=\"og:title\" content=\"Weekend Markedet i Phuket - Easy Day Phuket\" \/>\n<meta property=\"og:description\" content=\"Weekend Markedet i Phuket byder p\u00e5 et lokalt loppemarked med rimelige priser med alt lige t\u00f8j, sko, tasker, smykker og elektronik til boder med lokal mad\" \/>\n<meta property=\"og:url\" content=\"https:\/\/www.easydayphuket.com\/da\/bedste-udflugter-og-dagture-phuket\/udflugter-dagsture-phuket\/weekend-markedet-phuket\/\" \/>\n<meta property=\"og:site_name\" content=\"Easy Day Phuket Tours\" \/>\n<meta property=\"article:publisher\" content=\"https:\/\/www.facebook.com\/Easydayinthailand\/\" \/>\n<meta property=\"article:modified_time\" content=\"2022-05-20T22:29:13+00:00\" \/>\n<meta property=\"og:image\" content=\"https:\/\/www.easydayphuket.com\/wp-content\/uploads\/2013\/08\/Naka-Weekend-Market-Phuket-300x220.jpg\" \/>\n<meta name=\"twitter:label1\" content=\"Estimeret l\u00e6setid\" \/>\n\t<meta name=\"twitter:data1\" content=\"2 minutter\" \/>\n<script type=\"application\/ld+json\" class=\"yoast-schema-graph\">{\"@context\":\"https:\/\/schema.org\",\"@graph\":[{\"@type\":\"WebPage\",\"@id\":\"https:\/\/www.easydayphuket.com\/da\/bedste-udflugter-og-dagture-phuket\/udflugter-dagsture-phuket\/weekend-markedet-phuket\/\",\"url\":\"https:\/\/www.easydayphuket.com\/da\/bedste-udflugter-og-dagture-phuket\/udflugter-dagsture-phuket\/weekend-markedet-phuket\/\",\"name\":\"Weekend Markedet i Phuket - Easy Day Phuket\",\"isPartOf\":{\"@id\":\"https:\/\/www.easydayphuket.com\/#website\"},\"primaryImageOfPage\":{\"@id\":\"https:\/\/www.easydayphuket.com\/da\/bedste-udflugter-og-dagture-phuket\/udflugter-dagsture-phuket\/weekend-markedet-phuket\/#primaryimage\"},\"image\":{\"@id\":\"https:\/\/www.easydayphuket.com\/da\/bedste-udflugter-og-dagture-phuket\/udflugter-dagsture-phuket\/weekend-markedet-phuket\/#primaryimage\"},\"thumbnailUrl\":\"https:\/\/www.easydayphuket.com\/wp-content\/uploads\/2013\/08\/Naka-Weekend-Market-Phuket-300x220.jpg\",\"datePublished\":\"2015-02-26T09:27:58+00:00\",\"dateModified\":\"2022-05-20T22:29:13+00:00\",\"description\":\"Weekend Markedet i Phuket byder p\u00e5 et lokalt loppemarked med rimelige priser med alt lige t\u00f8j, sko, tasker, smykker og elektronik til boder med lokal mad\",\"breadcrumb\":{\"@id\":\"https:\/\/www.easydayphuket.com\/da\/bedste-udflugter-og-dagture-phuket\/udflugter-dagsture-phuket\/weekend-markedet-phuket\/#breadcrumb\"},\"inLanguage\":\"da-DK\",\"potentialAction\":[{\"@type\":\"ReadAction\",\"target\":[\"https:\/\/www.easydayphuket.com\/da\/bedste-udflugter-og-dagture-phuket\/udflugter-dagsture-phuket\/weekend-markedet-phuket\/\"]}]},{\"@type\":\"ImageObject\",\"inLanguage\":\"da-DK\",\"@id\":\"https:\/\/www.easydayphuket.com\/da\/bedste-udflugter-og-dagture-phuket\/udflugter-dagsture-phuket\/weekend-markedet-phuket\/#primaryimage\",\"url\":\"https:\/\/www.easydayphuket.com\/wp-content\/uploads\/2013\/08\/Naka-Weekend-Market-Phuket-300x220.jpg\",\"contentUrl\":\"https:\/\/www.easydayphuket.com\/wp-content\/uploads\/2013\/08\/Naka-Weekend-Market-Phuket-300x220.jpg\"},{\"@type\":\"BreadcrumbList\",\"@id\":\"https:\/\/www.easydayphuket.com\/da\/bedste-udflugter-og-dagture-phuket\/udflugter-dagsture-phuket\/weekend-markedet-phuket\/#breadcrumb\",\"itemListElement\":[{\"@type\":\"ListItem\",\"position\":1,\"name\":\"Home\",\"item\":\"https:\/\/www.easydayphuket.com\/da\/\"},{\"@type\":\"ListItem\",\"position\":2,\"name\":\"Bedste Udflugter i Phuket\",\"item\":\"https:\/\/www.easydayphuket.com\/da\/bedste-udflugter-og-dagture-phuket\/\"},{\"@type\":\"ListItem\",\"position\":3,\"name\":\"Udflugter &amp; Dagsture i Phuket\",\"item\":\"https:\/\/www.easydayphuket.com\/da\/bedste-udflugter-og-dagture-phuket\/udflugter-dagsture-phuket\/\"},{\"@type\":\"ListItem\",\"position\":4,\"name\":\"Weekend Markedet i Phuket\"}]},{\"@type\":\"WebSite\",\"@id\":\"https:\/\/www.easydayphuket.com\/#website\",\"url\":\"https:\/\/www.easydayphuket.com\/\",\"name\":\"Easy Day Phuket Tours\",\"description\":\"Din Tur & Rejse Partner i Phuket\",\"publisher\":{\"@id\":\"https:\/\/www.easydayphuket.com\/#organization\"},\"potentialAction\":[{\"@type\":\"SearchAction\",\"target\":{\"@type\":\"EntryPoint\",\"urlTemplate\":\"https:\/\/www.easydayphuket.com\/?s={search_term_string}\"},\"query-input\":{\"@type\":\"PropertyValueSpecification\",\"valueRequired\":true,\"valueName\":\"search_term_string\"}}],\"inLanguage\":\"da-DK\"},{\"@type\":\"Organization\",\"@id\":\"https:\/\/www.easydayphuket.com\/#organization\",\"name\":\"Easy Day Thailand\",\"url\":\"https:\/\/www.easydayphuket.com\/\",\"logo\":{\"@type\":\"ImageObject\",\"inLanguage\":\"da-DK\",\"@id\":\"https:\/\/www.easydayphuket.com\/#\/schema\/logo\/image\/\",\"url\":\"https:\/\/www.easydayphuket.com\/wp-content\/uploads\/2013\/07\/Sun-Thaiflag_booking12.gif\",\"contentUrl\":\"https:\/\/www.easydayphuket.com\/wp-content\/uploads\/2013\/07\/Sun-Thaiflag_booking12.gif\",\"width\":100,\"height\":94,\"caption\":\"Easy Day Thailand\"},\"image\":{\"@id\":\"https:\/\/www.easydayphuket.com\/#\/schema\/logo\/image\/\"},\"sameAs\":[\"https:\/\/www.facebook.com\/Easydayinthailand\/\",\"https:\/\/www.instagram.com\/easydaythailand\/\"]}]}<\/script>\n<!-- \/ Yoast SEO plugin. -->","yoast_head_json":{"title":"Weekend Markedet i Phuket - Easy Day Phuket","description":"Weekend Markedet i Phuket byder p\u00e5 et lokalt loppemarked med rimelige priser med alt lige t\u00f8j, sko, tasker, smykker og elektronik til boder med lokal mad","robots":{"index":"index","follow":"follow","max-snippet":"max-snippet:-1","max-image-preview":"max-image-preview:large","max-video-preview":"max-video-preview:-1"},"canonical":"https:\/\/www.easydayphuket.com\/da\/bedste-udflugter-og-dagture-phuket\/udflugter-dagsture-phuket\/weekend-markedet-phuket\/","og_locale":"da_DK","og_type":"article","og_title":"Weekend Markedet i Phuket - Easy Day Phuket","og_description":"Weekend Markedet i Phuket byder p\u00e5 et lokalt loppemarked med rimelige priser med alt lige t\u00f8j, sko, tasker, smykker og elektronik til boder med lokal mad","og_url":"https:\/\/www.easydayphuket.com\/da\/bedste-udflugter-og-dagture-phuket\/udflugter-dagsture-phuket\/weekend-markedet-phuket\/","og_site_name":"Easy Day Phuket Tours","article_publisher":"https:\/\/www.facebook.com\/Easydayinthailand\/","article_modified_time":"2022-05-20T22:29:13+00:00","og_image":[{"url":"https:\/\/www.easydayphuket.com\/wp-content\/uploads\/2013\/08\/Naka-Weekend-Market-Phuket-300x220.jpg","type":"","width":"","height":""}],"twitter_misc":{"Estimeret l\u00e6setid":"2 minutter"},"schema":{"@context":"https:\/\/schema.org","@graph":[{"@type":"WebPage","@id":"https:\/\/www.easydayphuket.com\/da\/bedste-udflugter-og-dagture-phuket\/udflugter-dagsture-phuket\/weekend-markedet-phuket\/","url":"https:\/\/www.easydayphuket.com\/da\/bedste-udflugter-og-dagture-phuket\/udflugter-dagsture-phuket\/weekend-markedet-phuket\/","name":"Weekend Markedet i Phuket - Easy Day Phuket","isPartOf":{"@id":"https:\/\/www.easydayphuket.com\/#website"},"primaryImageOfPage":{"@id":"https:\/\/www.easydayphuket.com\/da\/bedste-udflugter-og-dagture-phuket\/udflugter-dagsture-phuket\/weekend-markedet-phuket\/#primaryimage"},"image":{"@id":"https:\/\/www.easydayphuket.com\/da\/bedste-udflugter-og-dagture-phuket\/udflugter-dagsture-phuket\/weekend-markedet-phuket\/#primaryimage"},"thumbnailUrl":"https:\/\/www.easydayphuket.com\/wp-content\/uploads\/2013\/08\/Naka-Weekend-Market-Phuket-300x220.jpg","datePublished":"2015-02-26T09:27:58+00:00","dateModified":"2022-05-20T22:29:13+00:00","description":"Weekend Markedet i Phuket byder p\u00e5 et lokalt loppemarked med rimelige priser med alt lige t\u00f8j, sko, tasker, smykker og elektronik til boder med lokal mad","breadcrumb":{"@id":"https:\/\/www.easydayphuket.com\/da\/bedste-udflugter-og-dagture-phuket\/udflugter-dagsture-phuket\/weekend-markedet-phuket\/#breadcrumb"},"inLanguage":"da-DK","potentialAction":[{"@type":"ReadAction","target":["https:\/\/www.easydayphuket.com\/da\/bedste-udflugter-og-dagture-phuket\/udflugter-dagsture-phuket\/weekend-markedet-phuket\/"]}]},{"@type":"ImageObject","inLanguage":"da-DK","@id":"https:\/\/www.easydayphuket.com\/da\/bedste-udflugter-og-dagture-phuket\/udflugter-dagsture-phuket\/weekend-markedet-phuket\/#primaryimage","url":"https:\/\/www.easydayphuket.com\/wp-content\/uploads\/2013\/08\/Naka-Weekend-Market-Phuket-300x220.jpg","contentUrl":"https:\/\/www.easydayphuket.com\/wp-content\/uploads\/2013\/08\/Naka-Weekend-Market-Phuket-300x220.jpg"},{"@type":"BreadcrumbList","@id":"https:\/\/www.easydayphuket.com\/da\/bedste-udflugter-og-dagture-phuket\/udflugter-dagsture-phuket\/weekend-markedet-phuket\/#breadcrumb","itemListElement":[{"@type":"ListItem","position":1,"name":"Home","item":"https:\/\/www.easydayphuket.com\/da\/"},{"@type":"ListItem","position":2,"name":"Bedste Udflugter i Phuket","item":"https:\/\/www.easydayphuket.com\/da\/bedste-udflugter-og-dagture-phuket\/"},{"@type":"ListItem","position":3,"name":"Udflugter &amp; Dagsture i Phuket","item":"https:\/\/www.easydayphuket.com\/da\/bedste-udflugter-og-dagture-phuket\/udflugter-dagsture-phuket\/"},{"@type":"ListItem","position":4,"name":"Weekend Markedet i Phuket"}]},{"@type":"WebSite","@id":"https:\/\/www.easydayphuket.com\/#website","url":"https:\/\/www.easydayphuket.com\/","name":"Easy Day Phuket Tours","description":"Din Tur & Rejse Partner i Phuket","publisher":{"@id":"https:\/\/www.easydayphuket.com\/#organization"},"potentialAction":[{"@type":"SearchAction","target":{"@type":"EntryPoint","urlTemplate":"https:\/\/www.easydayphuket.com\/?s={search_term_string}"},"query-input":{"@type":"PropertyValueSpecification","valueRequired":true,"valueName":"search_term_string"}}],"inLanguage":"da-DK"},{"@type":"Organization","@id":"https:\/\/www.easydayphuket.com\/#organization","name":"Easy Day Thailand","url":"https:\/\/www.easydayphuket.com\/","logo":{"@type":"ImageObject","inLanguage":"da-DK","@id":"https:\/\/www.easydayphuket.com\/#\/schema\/logo\/image\/","url":"https:\/\/www.easydayphuket.com\/wp-content\/uploads\/2013\/07\/Sun-Thaiflag_booking12.gif","contentUrl":"https:\/\/www.easydayphuket.com\/wp-content\/uploads\/2013\/07\/Sun-Thaiflag_booking12.gif","width":100,"height":94,"caption":"Easy Day Thailand"},"image":{"@id":"https:\/\/www.easydayphuket.com\/#\/schema\/logo\/image\/"},"sameAs":["https:\/\/www.facebook.com\/Easydayinthailand\/","https:\/\/www.instagram.com\/easydaythailand\/"]}]}},"_links":{"self":[{"href":"https:\/\/www.easydayphuket.com\/da\/wp-json\/wp\/v2\/pages\/8716","targetHints":{"allow":["GET"]}}],"collection":[{"href":"https:\/\/www.easydayphuket.com\/da\/wp-json\/wp\/v2\/pages"}],"about":[{"href":"https:\/\/www.easydayphuket.com\/da\/wp-json\/wp\/v2\/types\/page"}],"author":[{"embeddable":true,"href":"https:\/\/www.easydayphuket.com\/da\/wp-json\/wp\/v2\/users\/12"}],"replies":[{"embeddable":true,"href":"https:\/\/www.easydayphuket.com\/da\/wp-json\/wp\/v2\/comments?post=8716"}],"version-history":[{"count":0,"href":"https:\/\/www.easydayphuket.com\/da\/wp-json\/wp\/v2\/pages\/8716\/revisions"}],"up":[{"embeddable":true,"href":"https:\/\/www.easydayphuket.com\/da\/wp-json\/wp\/v2\/pages\/8657"}],"wp:attachment":[{"href":"https:\/\/www.easydayphuket.com\/da\/wp-json\/wp\/v2\/media?parent=8716"}],"curies":[{"name":"wp","href":"https:\/\/api.w.org\/{rel}","templated":true}]}}