{"id":8710,"date":"2015-02-26T16:30:02","date_gmt":"2015-02-26T09:30:02","guid":{"rendered":"https:\/\/www.easydayphuket.com\/?page_id=8710"},"modified":"2024-04-06T11:56:43","modified_gmt":"2024-04-06T04:56:43","slug":"udflugt-til-den-gamle-bydel-phuket-town","status":"publish","type":"page","link":"https:\/\/www.easydayphuket.com\/da\/bedste-udflugter-og-dagture-phuket\/udflugter-dagsture-phuket\/udflugt-til-den-gamle-bydel-phuket-town\/","title":{"rendered":"Udflugt til Den Gamle Bydel i Phuket Town"},"content":{"rendered":"\n<figure class=\"wp-block-image alignright\"><a href=\"https:\/\/www.easydayphuket.com\/wp-content\/uploads\/2014\/03\/House-on-Thalang-Road-Old-Phuket-Town.jpg\"><img loading=\"lazy\" decoding=\"async\" width=\"300\" height=\"199\" src=\"https:\/\/www.easydayphuket.com\/wp-content\/uploads\/2014\/03\/House-on-Thalang-Road-Old-Phuket-Town-300x199.jpg\" alt=\"House on Thalang Road, Old Phuket Town\" class=\"wp-image-5366\" srcset=\"https:\/\/www.easydayphuket.com\/wp-content\/uploads\/2014\/03\/House-on-Thalang-Road-Old-Phuket-Town-300x199.jpg 300w, https:\/\/www.easydayphuket.com\/wp-content\/uploads\/2014\/03\/House-on-Thalang-Road-Old-Phuket-Town-82x55.jpg 82w, https:\/\/www.easydayphuket.com\/wp-content\/uploads\/2014\/03\/House-on-Thalang-Road-Old-Phuket-Town-180x120.jpg 180w, https:\/\/www.easydayphuket.com\/wp-content\/uploads\/2014\/03\/House-on-Thalang-Road-Old-Phuket-Town.jpg 1024w\" sizes=\"(max-width: 300px) 100vw, 300px\" \/><\/a><figcaption class=\"wp-element-caption\">Hus p\u00e5 Thalang Road<\/figcaption><\/figure>\n\n\n\n<p><strong>Udflugt til Den Gamle Bydel i Phuket Town <\/strong>vil introducere dig til omr\u00e5der i Phuket som du ikke anede eksistensen af. Phuket towns gamle bydel er rig p\u00e5 traditioner og er fyldt med interessant historie side om side med dens charmerende karakter. Der er templer, Kinesiske Altre, lokale markeder og masser af mindre barer, cafeer og butikker som bare venter p\u00e5 at blive opdaget nede i de smalle gader og str\u00e6der.<\/p>\n\n\n\n<ul class=\"wp-block-list\">\n<li><strong>Fantastisk Familie Udflugt <\/strong><\/li>\n\n\n\n<li><strong>Erfaren Engelsktalende guide <\/strong><\/li>\n\n\n\n<li>Airkonditioneret Mini Bus<\/li>\n\n\n\n<li><strong>Fascinerende Arkitektur <\/strong><\/li>\n<\/ul>\n\n\n\n<p><strong>Pris i Thai Baht: 1-2 voksne 4,600 | Ekstra Person&nbsp;900 <\/strong>B\u00f8rn under 5 gratis. B\u00f8rn 5- 11 \u00e5r Thai Baht &nbsp;400&nbsp;pr barn.<strong><a href=\"#form\">&gt;&gt; Bestil her \/ Kontakt Os<\/a><\/strong>  <strong>T<\/strong><strong>uren Inkluderer :<\/strong> <\/p>\n\n\n\n<ul class=\"wp-block-list\">\n<li>Opsamling fra jeres hotel i Phuket<\/li>\n\n\n\n<li>Sightseeing i Den Gamle Bydel i Phuket Town<\/li>\n\n\n\n<li>Fantastiske udsigter<\/li>\n\n\n\n<li>Drikkevarer<\/li>\n\n\n\n<li>Shoppetur<\/li>\n<\/ul>\n\n\n\n<p><\/p>\n\n\n\n<p class=\"has-text-align-right\"><a href='#form' class='small-button smallblue'>Bestil her \/ Kontakt<\/a><\/p>\n\n\n\n<h2 class=\"wp-block-heading\">Photo Galleri fra Den Gamle Bydel i Phuket Town<\/h2>\n\n\n\n<figure class=\"wp-block-gallery has-nested-images columns-3 is-cropped wp-block-gallery-1 is-layout-flex wp-block-gallery-is-layout-flex\"><\/figure>\n\n\n\n<h2 class=\"wp-block-heading\">Eksempel p\u00e5 Turprogram I Den Gamle Bydel i Phuket Town<\/h2>\n\n\n\n<ul class=\"wp-block-list\">\n<li>Opsamling fra jeres hotel<\/li>\n\n\n\n<li>M\u00f8de med Guiden<\/li>\n\n\n\n<li>Udflugt til Phuket Town<\/li>\n\n\n\n<li>Frokost p\u00e5 en restaurant (Frivilligt)<\/li>\n\n\n\n<li>Shoppetur<\/li>\n\n\n\n<li>Retur til Hotel<\/li>\n<\/ul>\n\n\n\n<p>Programlagt transport er inkluderet og tilg\u00e6ngeligt fra:<\/p>\n\n\n\n<ul class=\"wp-block-list\">\n<li><strong>Opsamlingstiderne kan variere<\/strong><\/li>\n<\/ul>\n\n\n\n<h2 class=\"wp-block-heading\" id=\"form\">Kontakt Os Nu for tur til Den Gamle Bydel i Phuket Town<\/h2>\n\n\n\n<script charset=\"utf-8\" type=\"text\/javascript\" src=\"\/\/js.hsforms.net\/forms\/embed\/v2.js\"><\/script>\n<script>\n  hbspt.forms.create({\n    region: \"na1\",\n    portalId: \"3413662\",\n    formId: \"754fb1c1-f3a8-443f-b140-4c5c6ce7ba68\"\n  });\n<\/script>\n\n\n\n<p><strong>Et par ting som er en go ide at medbringe er:<\/strong><\/p>\n\n\n\n<ul class=\"wp-block-list\">\n<li>Kamera<\/li>\n\n\n\n<li>Sol Creme<\/li>\n\n\n\n<li>SolHat<\/li>\n\n\n\n<li>Penge til Shoppeturen<\/li>\n<\/ul>\n\n\n\n<p>Afh\u00e6ngigt af hvilket tempo I \u00f8nsker at turen skal afvikles i er der m\u00e5ske ekstra tid til r\u00e5dighed til at bes\u00f8ge nogle flere steder i omr\u00e5det, eller hvis I er sultne spiser vi frokost p\u00e5 den lokale restaurant (Tunk Ka Cafe) p\u00e5 toppen af Rang Hill med fantastisk udsigt udover Phuket Town. Her st\u00f8der vi ofte p\u00e5 de vilde Makak aber som leger i tr\u00e6erne i n\u00e6rheden. Efter frokost tager vi til den Gamle Bydel i Phuket Town for at nyde denne kulturarv og den Sino-Portugisiske arkitektur som er i s\u00e6rklasse, og de mange gamle Kinesiske butikker. Der er muligvis tid til at nyde andre interessante steder i n\u00e6rheden, vi er meget fleksible. Den Gamle Bydel i Phuket Town er ikke p\u00e5 de flestes program og I vil v\u00e6re glade for at det er p\u00e5 vores program da det er et fantastisk blik tilbage i tiden, lige fra gamle Kinesiske Bygninger blandet med Portugisisk arkitektur i flere af de smalle gader og str\u00e6der. Du vil opleve hvordan det var p\u00e5 den tid i de goe gamle dage da Tin Minerne k\u00f8rte for fuld damp og Phuket var den ledende producent p\u00e5 det asiatiske marked.<\/p>\n","protected":false},"excerpt":{"rendered":"<p>Udflugt til Den Gamle Bydel i Phuket Town vil introducere dig til omr\u00e5der i Phuket som du ikke anede eksistensen af. Phuket towns gamle bydel er rig p\u00e5 traditioner og er fyldt med interessant historie side om side med dens charmerende karakter. Der er templer, Kinesiske Altre, lokale markeder og masser af mindre barer, cafeer [&hellip;]<\/p>\n","protected":false},"author":12,"featured_media":8715,"parent":8657,"menu_order":0,"comment_status":"closed","ping_status":"open","template":"","meta":{"_acf_changed":false,"_et_pb_use_builder":"","_et_pb_old_content":"","_et_gb_content_width":"","footnotes":""},"class_list":["post-8710","page","type-page","status-publish","has-post-thumbnail","hentry"],"acf":[],"yoast_head":"<!-- This site is optimized with the Yoast SEO plugin v25.1 - https:\/\/yoast.com\/wordpress\/plugins\/seo\/ -->\n<title>Udflugt til Den Gamle Bydel i Phuket Town - Easy Day Phuket<\/title>\n<meta name=\"description\" content=\"Udflugt til Den Gamle Bydel i Phuket Town bringer jer tilbage til en svunden tid med unik arkitektur, kinesiske templer og smalle str\u00e6der\" \/>\n<meta name=\"robots\" content=\"index, follow, max-snippet:-1, max-image-preview:large, max-video-preview:-1\" \/>\n<link rel=\"canonical\" href=\"https:\/\/www.easydayphuket.com\/da\/bedste-udflugter-og-dagture-phuket\/udflugter-dagsture-phuket\/udflugt-til-den-gamle-bydel-phuket-town\/\" \/>\n<meta property=\"og:locale\" content=\"da_DK\" \/>\n<meta property=\"og:type\" content=\"article\" \/>\n<meta property=\"og:title\" content=\"Udflugt til Den Gamle Bydel i Phuket Town - Easy Day Phuket\" \/>\n<meta property=\"og:description\" content=\"Udflugt til Den Gamle Bydel i Phuket Town bringer jer tilbage til en svunden tid med unik arkitektur, kinesiske templer og smalle str\u00e6der\" \/>\n<meta property=\"og:url\" content=\"https:\/\/www.easydayphuket.com\/da\/bedste-udflugter-og-dagture-phuket\/udflugter-dagsture-phuket\/udflugt-til-den-gamle-bydel-phuket-town\/\" \/>\n<meta property=\"og:site_name\" content=\"Easy Day Phuket Tours\" \/>\n<meta property=\"article:publisher\" content=\"https:\/\/www.facebook.com\/Easydayinthailand\/\" \/>\n<meta property=\"article:modified_time\" content=\"2024-04-06T04:56:43+00:00\" \/>\n<meta property=\"og:image\" content=\"https:\/\/www.easydayphuket.com\/wp-content\/uploads\/2014\/03\/House-on-Thalang-Road-Old-Phuket-Town.jpg\" \/>\n\t<meta property=\"og:image:width\" content=\"1024\" \/>\n\t<meta property=\"og:image:height\" content=\"680\" \/>\n\t<meta property=\"og:image:type\" content=\"image\/jpeg\" \/>\n<meta name=\"twitter:label1\" content=\"Estimeret l\u00e6setid\" \/>\n\t<meta name=\"twitter:data1\" content=\"3 minutter\" \/>\n<script type=\"application\/ld+json\" class=\"yoast-schema-graph\">{\"@context\":\"https:\/\/schema.org\",\"@graph\":[{\"@type\":\"WebPage\",\"@id\":\"https:\/\/www.easydayphuket.com\/da\/bedste-udflugter-og-dagture-phuket\/udflugter-dagsture-phuket\/udflugt-til-den-gamle-bydel-phuket-town\/\",\"url\":\"https:\/\/www.easydayphuket.com\/da\/bedste-udflugter-og-dagture-phuket\/udflugter-dagsture-phuket\/udflugt-til-den-gamle-bydel-phuket-town\/\",\"name\":\"Udflugt til Den Gamle Bydel i Phuket Town - Easy Day Phuket\",\"isPartOf\":{\"@id\":\"https:\/\/www.easydayphuket.com\/#website\"},\"primaryImageOfPage\":{\"@id\":\"https:\/\/www.easydayphuket.com\/da\/bedste-udflugter-og-dagture-phuket\/udflugter-dagsture-phuket\/udflugt-til-den-gamle-bydel-phuket-town\/#primaryimage\"},\"image\":{\"@id\":\"https:\/\/www.easydayphuket.com\/da\/bedste-udflugter-og-dagture-phuket\/udflugter-dagsture-phuket\/udflugt-til-den-gamle-bydel-phuket-town\/#primaryimage\"},\"thumbnailUrl\":\"https:\/\/www.easydayphuket.com\/wp-content\/uploads\/2014\/03\/House-on-Thalang-Road-Old-Phuket-Town.jpg\",\"datePublished\":\"2015-02-26T09:30:02+00:00\",\"dateModified\":\"2024-04-06T04:56:43+00:00\",\"description\":\"Udflugt til Den Gamle Bydel i Phuket Town bringer jer tilbage til en svunden tid med unik arkitektur, kinesiske templer og smalle str\u00e6der\",\"breadcrumb\":{\"@id\":\"https:\/\/www.easydayphuket.com\/da\/bedste-udflugter-og-dagture-phuket\/udflugter-dagsture-phuket\/udflugt-til-den-gamle-bydel-phuket-town\/#breadcrumb\"},\"inLanguage\":\"da-DK\",\"potentialAction\":[{\"@type\":\"ReadAction\",\"target\":[\"https:\/\/www.easydayphuket.com\/da\/bedste-udflugter-og-dagture-phuket\/udflugter-dagsture-phuket\/udflugt-til-den-gamle-bydel-phuket-town\/\"]}]},{\"@type\":\"ImageObject\",\"inLanguage\":\"da-DK\",\"@id\":\"https:\/\/www.easydayphuket.com\/da\/bedste-udflugter-og-dagture-phuket\/udflugter-dagsture-phuket\/udflugt-til-den-gamle-bydel-phuket-town\/#primaryimage\",\"url\":\"https:\/\/www.easydayphuket.com\/wp-content\/uploads\/2014\/03\/House-on-Thalang-Road-Old-Phuket-Town.jpg\",\"contentUrl\":\"https:\/\/www.easydayphuket.com\/wp-content\/uploads\/2014\/03\/House-on-Thalang-Road-Old-Phuket-Town.jpg\",\"width\":1024,\"height\":680,\"caption\":\"House on Thalang Road\"},{\"@type\":\"BreadcrumbList\",\"@id\":\"https:\/\/www.easydayphuket.com\/da\/bedste-udflugter-og-dagture-phuket\/udflugter-dagsture-phuket\/udflugt-til-den-gamle-bydel-phuket-town\/#breadcrumb\",\"itemListElement\":[{\"@type\":\"ListItem\",\"position\":1,\"name\":\"Home\",\"item\":\"https:\/\/www.easydayphuket.com\/da\/\"},{\"@type\":\"ListItem\",\"position\":2,\"name\":\"Bedste Udflugter i Phuket\",\"item\":\"https:\/\/www.easydayphuket.com\/da\/bedste-udflugter-og-dagture-phuket\/\"},{\"@type\":\"ListItem\",\"position\":3,\"name\":\"Udflugter &amp; Dagsture i Phuket\",\"item\":\"https:\/\/www.easydayphuket.com\/da\/bedste-udflugter-og-dagture-phuket\/udflugter-dagsture-phuket\/\"},{\"@type\":\"ListItem\",\"position\":4,\"name\":\"Udflugt til Den Gamle Bydel i Phuket Town\"}]},{\"@type\":\"WebSite\",\"@id\":\"https:\/\/www.easydayphuket.com\/#website\",\"url\":\"https:\/\/www.easydayphuket.com\/\",\"name\":\"Easy Day Phuket Tours\",\"description\":\"Din Tur & Rejse Partner i Phuket\",\"publisher\":{\"@id\":\"https:\/\/www.easydayphuket.com\/#organization\"},\"potentialAction\":[{\"@type\":\"SearchAction\",\"target\":{\"@type\":\"EntryPoint\",\"urlTemplate\":\"https:\/\/www.easydayphuket.com\/?s={search_term_string}\"},\"query-input\":{\"@type\":\"PropertyValueSpecification\",\"valueRequired\":true,\"valueName\":\"search_term_string\"}}],\"inLanguage\":\"da-DK\"},{\"@type\":\"Organization\",\"@id\":\"https:\/\/www.easydayphuket.com\/#organization\",\"name\":\"Easy Day Thailand\",\"url\":\"https:\/\/www.easydayphuket.com\/\",\"logo\":{\"@type\":\"ImageObject\",\"inLanguage\":\"da-DK\",\"@id\":\"https:\/\/www.easydayphuket.com\/#\/schema\/logo\/image\/\",\"url\":\"https:\/\/www.easydayphuket.com\/wp-content\/uploads\/2013\/07\/Sun-Thaiflag_booking12.gif\",\"contentUrl\":\"https:\/\/www.easydayphuket.com\/wp-content\/uploads\/2013\/07\/Sun-Thaiflag_booking12.gif\",\"width\":100,\"height\":94,\"caption\":\"Easy Day Thailand\"},\"image\":{\"@id\":\"https:\/\/www.easydayphuket.com\/#\/schema\/logo\/image\/\"},\"sameAs\":[\"https:\/\/www.facebook.com\/Easydayinthailand\/\",\"https:\/\/www.instagram.com\/easydaythailand\/\"]}]}<\/script>\n<!-- \/ Yoast SEO plugin. -->","yoast_head_json":{"title":"Udflugt til Den Gamle Bydel i Phuket Town - Easy Day Phuket","description":"Udflugt til Den Gamle Bydel i Phuket Town bringer jer tilbage til en svunden tid med unik arkitektur, kinesiske templer og smalle str\u00e6der","robots":{"index":"index","follow":"follow","max-snippet":"max-snippet:-1","max-image-preview":"max-image-preview:large","max-video-preview":"max-video-preview:-1"},"canonical":"https:\/\/www.easydayphuket.com\/da\/bedste-udflugter-og-dagture-phuket\/udflugter-dagsture-phuket\/udflugt-til-den-gamle-bydel-phuket-town\/","og_locale":"da_DK","og_type":"article","og_title":"Udflugt til Den Gamle Bydel i Phuket Town - Easy Day Phuket","og_description":"Udflugt til Den Gamle Bydel i Phuket Town bringer jer tilbage til en svunden tid med unik arkitektur, kinesiske templer og smalle str\u00e6der","og_url":"https:\/\/www.easydayphuket.com\/da\/bedste-udflugter-og-dagture-phuket\/udflugter-dagsture-phuket\/udflugt-til-den-gamle-bydel-phuket-town\/","og_site_name":"Easy Day Phuket Tours","article_publisher":"https:\/\/www.facebook.com\/Easydayinthailand\/","article_modified_time":"2024-04-06T04:56:43+00:00","og_image":[{"width":1024,"height":680,"url":"https:\/\/www.easydayphuket.com\/wp-content\/uploads\/2014\/03\/House-on-Thalang-Road-Old-Phuket-Town.jpg","type":"image\/jpeg"}],"twitter_misc":{"Estimeret l\u00e6setid":"3 minutter"},"schema":{"@context":"https:\/\/schema.org","@graph":[{"@type":"WebPage","@id":"https:\/\/www.easydayphuket.com\/da\/bedste-udflugter-og-dagture-phuket\/udflugter-dagsture-phuket\/udflugt-til-den-gamle-bydel-phuket-town\/","url":"https:\/\/www.easydayphuket.com\/da\/bedste-udflugter-og-dagture-phuket\/udflugter-dagsture-phuket\/udflugt-til-den-gamle-bydel-phuket-town\/","name":"Udflugt til Den Gamle Bydel i Phuket Town - Easy Day Phuket","isPartOf":{"@id":"https:\/\/www.easydayphuket.com\/#website"},"primaryImageOfPage":{"@id":"https:\/\/www.easydayphuket.com\/da\/bedste-udflugter-og-dagture-phuket\/udflugter-dagsture-phuket\/udflugt-til-den-gamle-bydel-phuket-town\/#primaryimage"},"image":{"@id":"https:\/\/www.easydayphuket.com\/da\/bedste-udflugter-og-dagture-phuket\/udflugter-dagsture-phuket\/udflugt-til-den-gamle-bydel-phuket-town\/#primaryimage"},"thumbnailUrl":"https:\/\/www.easydayphuket.com\/wp-content\/uploads\/2014\/03\/House-on-Thalang-Road-Old-Phuket-Town.jpg","datePublished":"2015-02-26T09:30:02+00:00","dateModified":"2024-04-06T04:56:43+00:00","description":"Udflugt til Den Gamle Bydel i Phuket Town bringer jer tilbage til en svunden tid med unik arkitektur, kinesiske templer og smalle str\u00e6der","breadcrumb":{"@id":"https:\/\/www.easydayphuket.com\/da\/bedste-udflugter-og-dagture-phuket\/udflugter-dagsture-phuket\/udflugt-til-den-gamle-bydel-phuket-town\/#breadcrumb"},"inLanguage":"da-DK","potentialAction":[{"@type":"ReadAction","target":["https:\/\/www.easydayphuket.com\/da\/bedste-udflugter-og-dagture-phuket\/udflugter-dagsture-phuket\/udflugt-til-den-gamle-bydel-phuket-town\/"]}]},{"@type":"ImageObject","inLanguage":"da-DK","@id":"https:\/\/www.easydayphuket.com\/da\/bedste-udflugter-og-dagture-phuket\/udflugter-dagsture-phuket\/udflugt-til-den-gamle-bydel-phuket-town\/#primaryimage","url":"https:\/\/www.easydayphuket.com\/wp-content\/uploads\/2014\/03\/House-on-Thalang-Road-Old-Phuket-Town.jpg","contentUrl":"https:\/\/www.easydayphuket.com\/wp-content\/uploads\/2014\/03\/House-on-Thalang-Road-Old-Phuket-Town.jpg","width":1024,"height":680,"caption":"House on Thalang Road"},{"@type":"BreadcrumbList","@id":"https:\/\/www.easydayphuket.com\/da\/bedste-udflugter-og-dagture-phuket\/udflugter-dagsture-phuket\/udflugt-til-den-gamle-bydel-phuket-town\/#breadcrumb","itemListElement":[{"@type":"ListItem","position":1,"name":"Home","item":"https:\/\/www.easydayphuket.com\/da\/"},{"@type":"ListItem","position":2,"name":"Bedste Udflugter i Phuket","item":"https:\/\/www.easydayphuket.com\/da\/bedste-udflugter-og-dagture-phuket\/"},{"@type":"ListItem","position":3,"name":"Udflugter &amp; Dagsture i Phuket","item":"https:\/\/www.easydayphuket.com\/da\/bedste-udflugter-og-dagture-phuket\/udflugter-dagsture-phuket\/"},{"@type":"ListItem","position":4,"name":"Udflugt til Den Gamle Bydel i Phuket Town"}]},{"@type":"WebSite","@id":"https:\/\/www.easydayphuket.com\/#website","url":"https:\/\/www.easydayphuket.com\/","name":"Easy Day Phuket Tours","description":"Din Tur & Rejse Partner i Phuket","publisher":{"@id":"https:\/\/www.easydayphuket.com\/#organization"},"potentialAction":[{"@type":"SearchAction","target":{"@type":"EntryPoint","urlTemplate":"https:\/\/www.easydayphuket.com\/?s={search_term_string}"},"query-input":{"@type":"PropertyValueSpecification","valueRequired":true,"valueName":"search_term_string"}}],"inLanguage":"da-DK"},{"@type":"Organization","@id":"https:\/\/www.easydayphuket.com\/#organization","name":"Easy Day Thailand","url":"https:\/\/www.easydayphuket.com\/","logo":{"@type":"ImageObject","inLanguage":"da-DK","@id":"https:\/\/www.easydayphuket.com\/#\/schema\/logo\/image\/","url":"https:\/\/www.easydayphuket.com\/wp-content\/uploads\/2013\/07\/Sun-Thaiflag_booking12.gif","contentUrl":"https:\/\/www.easydayphuket.com\/wp-content\/uploads\/2013\/07\/Sun-Thaiflag_booking12.gif","width":100,"height":94,"caption":"Easy Day Thailand"},"image":{"@id":"https:\/\/www.easydayphuket.com\/#\/schema\/logo\/image\/"},"sameAs":["https:\/\/www.facebook.com\/Easydayinthailand\/","https:\/\/www.instagram.com\/easydaythailand\/"]}]}},"_links":{"self":[{"href":"https:\/\/www.easydayphuket.com\/da\/wp-json\/wp\/v2\/pages\/8710","targetHints":{"allow":["GET"]}}],"collection":[{"href":"https:\/\/www.easydayphuket.com\/da\/wp-json\/wp\/v2\/pages"}],"about":[{"href":"https:\/\/www.easydayphuket.com\/da\/wp-json\/wp\/v2\/types\/page"}],"author":[{"embeddable":true,"href":"https:\/\/www.easydayphuket.com\/da\/wp-json\/wp\/v2\/users\/12"}],"replies":[{"embeddable":true,"href":"https:\/\/www.easydayphuket.com\/da\/wp-json\/wp\/v2\/comments?post=8710"}],"version-history":[{"count":0,"href":"https:\/\/www.easydayphuket.com\/da\/wp-json\/wp\/v2\/pages\/8710\/revisions"}],"up":[{"embeddable":true,"href":"https:\/\/www.easydayphuket.com\/da\/wp-json\/wp\/v2\/pages\/8657"}],"wp:featuredmedia":[{"embeddable":true,"href":"https:\/\/www.easydayphuket.com\/da\/wp-json\/wp\/v2\/media\/8715"}],"wp:attachment":[{"href":"https:\/\/www.easydayphuket.com\/da\/wp-json\/wp\/v2\/media?parent=8710"}],"curies":[{"name":"wp","href":"https:\/\/api.w.org\/{rel}","templated":true}]}}