{"id":8707,"date":"2015-02-26T16:32:10","date_gmt":"2015-02-26T09:32:10","guid":{"rendered":"https:\/\/www.easydayphuket.com\/?page_id=8707"},"modified":"2024-04-06T11:54:42","modified_gmt":"2024-04-06T04:54:42","slug":"heldags-sightseeing-tur-phuket","status":"publish","type":"page","link":"https:\/\/www.easydayphuket.com\/da\/bedste-udflugter-og-dagture-phuket\/udflugter-dagsture-phuket\/heldags-sightseeing-tur-phuket\/","title":{"rendered":"Heldags Sightseeing Tur i Phuket"},"content":{"rendered":"\n<figure class=\"wp-block-image alignright\"><a href=\"https:\/\/www.easydayphuket.com\/wp-content\/uploads\/2013\/08\/old-phuket-town-soi-romanee.jpg\"><img loading=\"lazy\" decoding=\"async\" width=\"300\" height=\"199\" src=\"https:\/\/www.easydayphuket.com\/wp-content\/uploads\/2013\/08\/old-phuket-town-soi-romanee-300x199.jpg\" alt=\"Discover side street in Old Phuket Town on a full day tour Phuket \" class=\"wp-image-5361\" srcset=\"https:\/\/www.easydayphuket.com\/wp-content\/uploads\/2013\/08\/old-phuket-town-soi-romanee-300x199.jpg 300w, https:\/\/www.easydayphuket.com\/wp-content\/uploads\/2013\/08\/old-phuket-town-soi-romanee-82x55.jpg 82w, https:\/\/www.easydayphuket.com\/wp-content\/uploads\/2013\/08\/old-phuket-town-soi-romanee-180x120.jpg 180w, https:\/\/www.easydayphuket.com\/wp-content\/uploads\/2013\/08\/old-phuket-town-soi-romanee.jpg 1024w\" sizes=\"(max-width: 300px) 100vw, 300px\" \/><\/a><figcaption class=\"wp-element-caption\">Soi Romanee &#8211; Det Gamle Phuket Town<\/figcaption><\/figure>\n\n\n\n<p><strong>Eksklusiv guidet <\/strong>heldagstur i Phuket vil ta dig rundt til alle h\u00f8jdepunkterne i Phuket. Man kan ikke n\u00e5 at se det hele p\u00e5 en dag men vi vil vise jer de bedste og de mest s\u00f8gte steder.<\/p>\n\n\n\n<ul class=\"wp-block-list\">\n<li><a title=\"Wat Chalong Phuket\" href=\"https:\/\/www.easydayphuket.com\/wat-chalong-phuket\/\" target=\"_blank\" rel=\"noopener\">Wat Chalong<\/a>, det mest ber\u00f8mte Buddhistiske Tempel i Phuket<\/li>\n\n\n\n<li><a title=\"Big Buddha\" href=\"https:\/\/www.easydayphuket.com\/big-buddha\/\">Big Buddha<\/a>, et tempel med en fantastisk udsigt<\/li>\n\n\n\n<li><a title=\"Rang Hill, Phuket Town\" href=\"https:\/\/www.easydayphuket.com\/rang-hill-phuket-town\/\">Rang Hill <\/a>udsigtpunkt og romantisk getaway<\/li>\n\n\n\n<li><a title=\"Old Phuket Town\" href=\"https:\/\/www.easydayphuket.com\/old-phuket-town\/\">Den Gamle Bydel i Phuket <\/a>Town<\/li>\n<\/ul>\n\n\n<p> Pris i Thai Baht: 1-2 voksne 8,200 | Ekstra Person 1,500 <\/strong>B\u00f8rn under 5 gratis. B\u00f8rn 5- 11 \u00e5r Thai Baht \u00a01200\u00a0pr barn.<strong>\u00a0<a title=\"Easy Day Contact Form\" href=\"#form\">&gt;&gt; Gratis foresp\u00f8rgsel her !<\/a><\/p>\n\n\n\n<p><strong>Turen inkluderer:<\/strong><\/p>\n\n\n<ul>\n<li>Privat transport i en a\/c minibus i 9 timer<\/li>\n<li>Erfaren Engelsktalende Phuket Turguide<\/li>\n<li>Drikkevand &amp; sodavand i vores minibus<\/li>\n<li>Thai frokost<\/li>\n<li>Skatter, Afgifter &amp; Forsikring<\/li>\n<\/ul>\n\n\n\n<p class=\"has-text-align-right\"><a href='#form' class='small-button smallblue'>Bestil her \/ Kontakt<\/a><\/p>\n\n\n\n<h2 class=\"wp-block-heading\">Eksempel p\u00e5 et Program for en Heldagstur i Phuket<\/h2>\n\n\n\n<ul class=\"wp-block-list\">\n<li>08.30 &#8211; I bliver hentet p\u00e5 jeres hotel i Phuket<\/li>\n\n\n\n<li>09:30 &#8211; 1. stop ved Big Buddha.\u00a0 En imponerende 45m h\u00f8j Buddha statue og et vigtigt og helligt sted. Der er osse en fantastisk udsigt ud over de sydlige kyster i Phuket.<\/li>\n\n\n\n<li>11.00 &#8211; Wat Chalong det mest ber\u00f8mte og st\u00f8rste tempel i Phuket.<\/li>\n\n\n\n<li>12.00 &#8211; Bes\u00f8g p\u00e5 en Cashew N\u00f8d fabrik. Oplev de\u00a0 interessante processer af en cashew n\u00f8d produktion.<\/li>\n\n\n\n<li>12.30 &#8211; Stop ved Rang Hill med super udsigt udover Phuket Town og osse vores stop for frokost. Tunk Ka Cafe tilbyder autentiske retter fra Phuket kombineret med en fantastisk udsigt. Her m\u00f8der vi ofte vilde Makak aber som leger i tr\u00e6erne i n\u00e6rheden.<\/li>\n\n\n\n<li>14.00 &#8211; Det Gamle Phuket Town har en kultur arv og gamle traditioner som m\u00f8des med historiens vingesus og her kan man opleve Sino-Portugisisk arkitektur. Ta en g\u00e5tur her i ro og mag og opdag flere specielle gamle kinesiske butikker. Flere interessante steder findes i n\u00e6rheden.<\/li>\n\n\n\n<li>16.00 &#8211; S\u00e5 er det blevet tid til at k\u00f8re tilbage til jeres hotel men stopper naturligvis undervejs hvis der er noget sp\u00e6ndende p\u00e5 vejen eller noget\u00a0 I gerne vil se.<\/li>\n\n\n\n<li>17.30 &#8211; S\u00e5 er vi tilbage p\u00e5 jeres hotel i Phuket<\/li>\n<\/ul>\n\n\n\n<p>Note: Dette er bare et eksempel p\u00e5 et program for en heldagstur som mange af vores g\u00e6ster \u00f8nsker. Men vi er klar til at s\u00e6tte et program sammen som I m\u00e5tte \u00f8nske.<\/p>\n\n\n\n<h3 class=\"wp-block-heading\">Kommentar fra en Kunde<\/h3>\n\n\n\n<blockquote class=\"wp-block-quote is-layout-flow wp-block-quote-is-layout-flow\">\n<p>Tak for et super udflugtsprogram. Min kone og jeg havde en fantastisk dag. Bee var osse en super guide ! Vi vil helt sikkert anbefale jer til vores venner ! Mvh, David<\/p>\n<\/blockquote>\n\n\n\n<h2 class=\"wp-block-heading\" id=\"form\">Kontakt Os Nu for jeres Sightseeing Tur i Phuket<\/h2>\n\n\n\n<script charset=\"utf-8\" type=\"text\/javascript\" src=\"\/\/js.hsforms.net\/forms\/embed\/v2.js\"><\/script>\n<script>\n  hbspt.forms.create({\n    region: \"na1\",\n    portalId: \"3413662\",\n    formId: \"754fb1c1-f3a8-443f-b140-4c5c6ce7ba68\"\n  });\n<\/script>\n","protected":false},"excerpt":{"rendered":"<p>Eksklusiv guidet heldagstur i Phuket vil ta dig rundt til alle h\u00f8jdepunkterne i Phuket. Man kan ikke n\u00e5 at se det hele p\u00e5 en dag men vi vil vise jer de bedste og de mest s\u00f8gte steder. Turen inkluderer: Eksempel p\u00e5 et Program for en Heldagstur i Phuket Note: Dette er bare et eksempel p\u00e5 [&hellip;]<\/p>\n","protected":false},"author":12,"featured_media":0,"parent":8657,"menu_order":0,"comment_status":"closed","ping_status":"open","template":"","meta":{"_acf_changed":false,"_et_pb_use_builder":"","_et_pb_old_content":"","_et_gb_content_width":"","footnotes":""},"class_list":["post-8707","page","type-page","status-publish","hentry"],"acf":[],"yoast_head":"<!-- This site is optimized with the Yoast SEO plugin v25.1 - https:\/\/yoast.com\/wordpress\/plugins\/seo\/ -->\n<title>Heldags Sightseeing Tur i Phuket - Easy Day Phuket<\/title>\n<meta name=\"description\" content=\"Heldags Sightseeing Tur i Phuket giver jer go tid til at opleve en masse lige fra smukke sev\u00e6rdigheder til magel\u00f8se udsigtspunkter og templer\" \/>\n<meta name=\"robots\" content=\"index, follow, max-snippet:-1, max-image-preview:large, max-video-preview:-1\" \/>\n<link rel=\"canonical\" href=\"https:\/\/www.easydayphuket.com\/da\/bedste-udflugter-og-dagture-phuket\/udflugter-dagsture-phuket\/heldags-sightseeing-tur-phuket\/\" \/>\n<meta property=\"og:locale\" content=\"da_DK\" \/>\n<meta property=\"og:type\" content=\"article\" \/>\n<meta property=\"og:title\" content=\"Heldags Sightseeing Tur i Phuket - Easy Day Phuket\" \/>\n<meta property=\"og:description\" content=\"Heldags Sightseeing Tur i Phuket giver jer go tid til at opleve en masse lige fra smukke sev\u00e6rdigheder til magel\u00f8se udsigtspunkter og templer\" \/>\n<meta property=\"og:url\" content=\"https:\/\/www.easydayphuket.com\/da\/bedste-udflugter-og-dagture-phuket\/udflugter-dagsture-phuket\/heldags-sightseeing-tur-phuket\/\" \/>\n<meta property=\"og:site_name\" content=\"Easy Day Phuket Tours\" \/>\n<meta property=\"article:publisher\" content=\"https:\/\/www.facebook.com\/Easydayinthailand\/\" \/>\n<meta property=\"article:modified_time\" content=\"2024-04-06T04:54:42+00:00\" \/>\n<meta property=\"og:image\" content=\"https:\/\/www.easydayphuket.com\/wp-content\/uploads\/2013\/08\/old-phuket-town-soi-romanee-300x199.jpg\" \/>\n<meta name=\"twitter:label1\" content=\"Estimeret l\u00e6setid\" \/>\n\t<meta name=\"twitter:data1\" content=\"2 minutter\" \/>\n<script type=\"application\/ld+json\" class=\"yoast-schema-graph\">{\"@context\":\"https:\/\/schema.org\",\"@graph\":[{\"@type\":\"WebPage\",\"@id\":\"https:\/\/www.easydayphuket.com\/da\/bedste-udflugter-og-dagture-phuket\/udflugter-dagsture-phuket\/heldags-sightseeing-tur-phuket\/\",\"url\":\"https:\/\/www.easydayphuket.com\/da\/bedste-udflugter-og-dagture-phuket\/udflugter-dagsture-phuket\/heldags-sightseeing-tur-phuket\/\",\"name\":\"Heldags Sightseeing Tur i Phuket - Easy Day Phuket\",\"isPartOf\":{\"@id\":\"https:\/\/www.easydayphuket.com\/#website\"},\"primaryImageOfPage\":{\"@id\":\"https:\/\/www.easydayphuket.com\/da\/bedste-udflugter-og-dagture-phuket\/udflugter-dagsture-phuket\/heldags-sightseeing-tur-phuket\/#primaryimage\"},\"image\":{\"@id\":\"https:\/\/www.easydayphuket.com\/da\/bedste-udflugter-og-dagture-phuket\/udflugter-dagsture-phuket\/heldags-sightseeing-tur-phuket\/#primaryimage\"},\"thumbnailUrl\":\"https:\/\/www.easydayphuket.com\/wp-content\/uploads\/2013\/08\/old-phuket-town-soi-romanee-300x199.jpg\",\"datePublished\":\"2015-02-26T09:32:10+00:00\",\"dateModified\":\"2024-04-06T04:54:42+00:00\",\"description\":\"Heldags Sightseeing Tur i Phuket giver jer go tid til at opleve en masse lige fra smukke sev\u00e6rdigheder til magel\u00f8se udsigtspunkter og templer\",\"breadcrumb\":{\"@id\":\"https:\/\/www.easydayphuket.com\/da\/bedste-udflugter-og-dagture-phuket\/udflugter-dagsture-phuket\/heldags-sightseeing-tur-phuket\/#breadcrumb\"},\"inLanguage\":\"da-DK\",\"potentialAction\":[{\"@type\":\"ReadAction\",\"target\":[\"https:\/\/www.easydayphuket.com\/da\/bedste-udflugter-og-dagture-phuket\/udflugter-dagsture-phuket\/heldags-sightseeing-tur-phuket\/\"]}]},{\"@type\":\"ImageObject\",\"inLanguage\":\"da-DK\",\"@id\":\"https:\/\/www.easydayphuket.com\/da\/bedste-udflugter-og-dagture-phuket\/udflugter-dagsture-phuket\/heldags-sightseeing-tur-phuket\/#primaryimage\",\"url\":\"https:\/\/www.easydayphuket.com\/wp-content\/uploads\/2013\/08\/old-phuket-town-soi-romanee-300x199.jpg\",\"contentUrl\":\"https:\/\/www.easydayphuket.com\/wp-content\/uploads\/2013\/08\/old-phuket-town-soi-romanee-300x199.jpg\"},{\"@type\":\"BreadcrumbList\",\"@id\":\"https:\/\/www.easydayphuket.com\/da\/bedste-udflugter-og-dagture-phuket\/udflugter-dagsture-phuket\/heldags-sightseeing-tur-phuket\/#breadcrumb\",\"itemListElement\":[{\"@type\":\"ListItem\",\"position\":1,\"name\":\"Home\",\"item\":\"https:\/\/www.easydayphuket.com\/da\/\"},{\"@type\":\"ListItem\",\"position\":2,\"name\":\"Bedste Udflugter i Phuket\",\"item\":\"https:\/\/www.easydayphuket.com\/da\/bedste-udflugter-og-dagture-phuket\/\"},{\"@type\":\"ListItem\",\"position\":3,\"name\":\"Udflugter &amp; Dagsture i Phuket\",\"item\":\"https:\/\/www.easydayphuket.com\/da\/bedste-udflugter-og-dagture-phuket\/udflugter-dagsture-phuket\/\"},{\"@type\":\"ListItem\",\"position\":4,\"name\":\"Heldags Sightseeing Tur i Phuket\"}]},{\"@type\":\"WebSite\",\"@id\":\"https:\/\/www.easydayphuket.com\/#website\",\"url\":\"https:\/\/www.easydayphuket.com\/\",\"name\":\"Easy Day Phuket Tours\",\"description\":\"Din Tur & Rejse Partner i Phuket\",\"publisher\":{\"@id\":\"https:\/\/www.easydayphuket.com\/#organization\"},\"potentialAction\":[{\"@type\":\"SearchAction\",\"target\":{\"@type\":\"EntryPoint\",\"urlTemplate\":\"https:\/\/www.easydayphuket.com\/?s={search_term_string}\"},\"query-input\":{\"@type\":\"PropertyValueSpecification\",\"valueRequired\":true,\"valueName\":\"search_term_string\"}}],\"inLanguage\":\"da-DK\"},{\"@type\":\"Organization\",\"@id\":\"https:\/\/www.easydayphuket.com\/#organization\",\"name\":\"Easy Day Thailand\",\"url\":\"https:\/\/www.easydayphuket.com\/\",\"logo\":{\"@type\":\"ImageObject\",\"inLanguage\":\"da-DK\",\"@id\":\"https:\/\/www.easydayphuket.com\/#\/schema\/logo\/image\/\",\"url\":\"https:\/\/www.easydayphuket.com\/wp-content\/uploads\/2013\/07\/Sun-Thaiflag_booking12.gif\",\"contentUrl\":\"https:\/\/www.easydayphuket.com\/wp-content\/uploads\/2013\/07\/Sun-Thaiflag_booking12.gif\",\"width\":100,\"height\":94,\"caption\":\"Easy Day Thailand\"},\"image\":{\"@id\":\"https:\/\/www.easydayphuket.com\/#\/schema\/logo\/image\/\"},\"sameAs\":[\"https:\/\/www.facebook.com\/Easydayinthailand\/\",\"https:\/\/www.instagram.com\/easydaythailand\/\"]}]}<\/script>\n<!-- \/ Yoast SEO plugin. -->","yoast_head_json":{"title":"Heldags Sightseeing Tur i Phuket - Easy Day Phuket","description":"Heldags Sightseeing Tur i Phuket giver jer go tid til at opleve en masse lige fra smukke sev\u00e6rdigheder til magel\u00f8se udsigtspunkter og templer","robots":{"index":"index","follow":"follow","max-snippet":"max-snippet:-1","max-image-preview":"max-image-preview:large","max-video-preview":"max-video-preview:-1"},"canonical":"https:\/\/www.easydayphuket.com\/da\/bedste-udflugter-og-dagture-phuket\/udflugter-dagsture-phuket\/heldags-sightseeing-tur-phuket\/","og_locale":"da_DK","og_type":"article","og_title":"Heldags Sightseeing Tur i Phuket - Easy Day Phuket","og_description":"Heldags Sightseeing Tur i Phuket giver jer go tid til at opleve en masse lige fra smukke sev\u00e6rdigheder til magel\u00f8se udsigtspunkter og templer","og_url":"https:\/\/www.easydayphuket.com\/da\/bedste-udflugter-og-dagture-phuket\/udflugter-dagsture-phuket\/heldags-sightseeing-tur-phuket\/","og_site_name":"Easy Day Phuket Tours","article_publisher":"https:\/\/www.facebook.com\/Easydayinthailand\/","article_modified_time":"2024-04-06T04:54:42+00:00","og_image":[{"url":"https:\/\/www.easydayphuket.com\/wp-content\/uploads\/2013\/08\/old-phuket-town-soi-romanee-300x199.jpg","type":"","width":"","height":""}],"twitter_misc":{"Estimeret l\u00e6setid":"2 minutter"},"schema":{"@context":"https:\/\/schema.org","@graph":[{"@type":"WebPage","@id":"https:\/\/www.easydayphuket.com\/da\/bedste-udflugter-og-dagture-phuket\/udflugter-dagsture-phuket\/heldags-sightseeing-tur-phuket\/","url":"https:\/\/www.easydayphuket.com\/da\/bedste-udflugter-og-dagture-phuket\/udflugter-dagsture-phuket\/heldags-sightseeing-tur-phuket\/","name":"Heldags Sightseeing Tur i Phuket - Easy Day Phuket","isPartOf":{"@id":"https:\/\/www.easydayphuket.com\/#website"},"primaryImageOfPage":{"@id":"https:\/\/www.easydayphuket.com\/da\/bedste-udflugter-og-dagture-phuket\/udflugter-dagsture-phuket\/heldags-sightseeing-tur-phuket\/#primaryimage"},"image":{"@id":"https:\/\/www.easydayphuket.com\/da\/bedste-udflugter-og-dagture-phuket\/udflugter-dagsture-phuket\/heldags-sightseeing-tur-phuket\/#primaryimage"},"thumbnailUrl":"https:\/\/www.easydayphuket.com\/wp-content\/uploads\/2013\/08\/old-phuket-town-soi-romanee-300x199.jpg","datePublished":"2015-02-26T09:32:10+00:00","dateModified":"2024-04-06T04:54:42+00:00","description":"Heldags Sightseeing Tur i Phuket giver jer go tid til at opleve en masse lige fra smukke sev\u00e6rdigheder til magel\u00f8se udsigtspunkter og templer","breadcrumb":{"@id":"https:\/\/www.easydayphuket.com\/da\/bedste-udflugter-og-dagture-phuket\/udflugter-dagsture-phuket\/heldags-sightseeing-tur-phuket\/#breadcrumb"},"inLanguage":"da-DK","potentialAction":[{"@type":"ReadAction","target":["https:\/\/www.easydayphuket.com\/da\/bedste-udflugter-og-dagture-phuket\/udflugter-dagsture-phuket\/heldags-sightseeing-tur-phuket\/"]}]},{"@type":"ImageObject","inLanguage":"da-DK","@id":"https:\/\/www.easydayphuket.com\/da\/bedste-udflugter-og-dagture-phuket\/udflugter-dagsture-phuket\/heldags-sightseeing-tur-phuket\/#primaryimage","url":"https:\/\/www.easydayphuket.com\/wp-content\/uploads\/2013\/08\/old-phuket-town-soi-romanee-300x199.jpg","contentUrl":"https:\/\/www.easydayphuket.com\/wp-content\/uploads\/2013\/08\/old-phuket-town-soi-romanee-300x199.jpg"},{"@type":"BreadcrumbList","@id":"https:\/\/www.easydayphuket.com\/da\/bedste-udflugter-og-dagture-phuket\/udflugter-dagsture-phuket\/heldags-sightseeing-tur-phuket\/#breadcrumb","itemListElement":[{"@type":"ListItem","position":1,"name":"Home","item":"https:\/\/www.easydayphuket.com\/da\/"},{"@type":"ListItem","position":2,"name":"Bedste Udflugter i Phuket","item":"https:\/\/www.easydayphuket.com\/da\/bedste-udflugter-og-dagture-phuket\/"},{"@type":"ListItem","position":3,"name":"Udflugter &amp; Dagsture i Phuket","item":"https:\/\/www.easydayphuket.com\/da\/bedste-udflugter-og-dagture-phuket\/udflugter-dagsture-phuket\/"},{"@type":"ListItem","position":4,"name":"Heldags Sightseeing Tur i Phuket"}]},{"@type":"WebSite","@id":"https:\/\/www.easydayphuket.com\/#website","url":"https:\/\/www.easydayphuket.com\/","name":"Easy Day Phuket Tours","description":"Din Tur & Rejse Partner i Phuket","publisher":{"@id":"https:\/\/www.easydayphuket.com\/#organization"},"potentialAction":[{"@type":"SearchAction","target":{"@type":"EntryPoint","urlTemplate":"https:\/\/www.easydayphuket.com\/?s={search_term_string}"},"query-input":{"@type":"PropertyValueSpecification","valueRequired":true,"valueName":"search_term_string"}}],"inLanguage":"da-DK"},{"@type":"Organization","@id":"https:\/\/www.easydayphuket.com\/#organization","name":"Easy Day Thailand","url":"https:\/\/www.easydayphuket.com\/","logo":{"@type":"ImageObject","inLanguage":"da-DK","@id":"https:\/\/www.easydayphuket.com\/#\/schema\/logo\/image\/","url":"https:\/\/www.easydayphuket.com\/wp-content\/uploads\/2013\/07\/Sun-Thaiflag_booking12.gif","contentUrl":"https:\/\/www.easydayphuket.com\/wp-content\/uploads\/2013\/07\/Sun-Thaiflag_booking12.gif","width":100,"height":94,"caption":"Easy Day Thailand"},"image":{"@id":"https:\/\/www.easydayphuket.com\/#\/schema\/logo\/image\/"},"sameAs":["https:\/\/www.facebook.com\/Easydayinthailand\/","https:\/\/www.instagram.com\/easydaythailand\/"]}]}},"_links":{"self":[{"href":"https:\/\/www.easydayphuket.com\/da\/wp-json\/wp\/v2\/pages\/8707","targetHints":{"allow":["GET"]}}],"collection":[{"href":"https:\/\/www.easydayphuket.com\/da\/wp-json\/wp\/v2\/pages"}],"about":[{"href":"https:\/\/www.easydayphuket.com\/da\/wp-json\/wp\/v2\/types\/page"}],"author":[{"embeddable":true,"href":"https:\/\/www.easydayphuket.com\/da\/wp-json\/wp\/v2\/users\/12"}],"replies":[{"embeddable":true,"href":"https:\/\/www.easydayphuket.com\/da\/wp-json\/wp\/v2\/comments?post=8707"}],"version-history":[{"count":0,"href":"https:\/\/www.easydayphuket.com\/da\/wp-json\/wp\/v2\/pages\/8707\/revisions"}],"up":[{"embeddable":true,"href":"https:\/\/www.easydayphuket.com\/da\/wp-json\/wp\/v2\/pages\/8657"}],"wp:attachment":[{"href":"https:\/\/www.easydayphuket.com\/da\/wp-json\/wp\/v2\/media?parent=8707"}],"curies":[{"name":"wp","href":"https:\/\/api.w.org\/{rel}","templated":true}]}}