{"id":8705,"date":"2015-02-26T16:33:29","date_gmt":"2015-02-26T09:33:29","guid":{"rendered":"https:\/\/www.easydayphuket.com\/?page_id=8705"},"modified":"2024-04-06T11:53:12","modified_gmt":"2024-04-06T04:53:12","slug":"halvdags-sightseeing-tur-phuket","status":"publish","type":"page","link":"https:\/\/www.easydayphuket.com\/da\/bedste-udflugter-og-dagture-phuket\/udflugter-dagsture-phuket\/halvdags-sightseeing-tur-phuket\/","title":{"rendered":"Halvdags Sightseeing Tur i Phuket"},"content":{"rendered":"\n<figure class=\"wp-block-image alignright\"><a href=\"https:\/\/www.flickr.com\/photos\/easydaythailand\/sets\/72157634955041828\/\" rel=\"noopener noreferrer\"><img decoding=\"async\" src=\"https:\/\/farm8.staticflickr.com\/7064\/6834526284_00921e837a_m.jpg\" alt=\"View from Big Buddha - Enjoy a Half day tour Phuket Sightseeing\"\/><\/a><figcaption class=\"wp-element-caption\">Udsigten fra Big Buddha<\/figcaption><\/figure>\n\n\n\n<p>Nyd en Eksklusiv Halvdagstur i Phuket hvor vi bes\u00f8ger de mest ber\u00f8mte steder og attraktioner. G\u00e5 p\u00e5 opdagelse i Phuket med vores AC minibus, nemt og behageligt.<\/p>\n\n\n\n<ul class=\"wp-block-list\">\n<li><strong>V\u00e6lg<\/strong> mellem <strong>Morgen<\/strong> eller <strong>Eftermiddagstur<\/strong><\/li>\n\n\n\n<li>Bes\u00f8g <a title=\"Big Buddha\" href=\"https:\/\/www.easydayphuket.com\/big-buddha\/\">Big Buddha<\/a> Templet<\/li>\n\n\n\n<li><a title=\"Wat Chalong Phuket\" href=\"https:\/\/www.easydayphuket.com\/wat-chalong-phuket\/\">Wat Chalong Templet<\/a> &#8211; Phukets st\u00f8rste og vigtigste tempel<\/li>\n\n\n\n<li>Stop ved <strong>lokale attraktioner<\/strong> eller <strong>udsigtspunkter<\/strong><\/li>\n\n\n\n<li>Oplev de bedste <strong>Solopgange<\/strong> eller <strong>Solnedgange<\/strong><\/li>\n<\/ul>\n\n\n<p> Pris i Thai Baht: 1-2 voksne 4,600 | Ekstra Person 900 <\/strong>B\u00f8rns under 5 gratis. B\u00f8rn 5- 11 \u00e5r Thai Baht \u00a0300\u00a0pr barn.<strong>\u00a0<a title=\"Easy Day Contact Form\" href=\"#form\">&gt;&gt; Hent din Gratis Foresp\u00f8rgsel her!<\/a><\/p>\n\n\n\n<p><strong>Turen inkluderer:<\/strong><\/p>\n\n\n<ul>\n<li>Eksklusiv transport i vores a\/c minibus i 5 timer<\/li>\n<li>Erfaren Engelsktalende guide (andre sprog tilg\u00e6ngelige efter behov)<\/li>\n<li>Drikkevand &amp; sodavand i vores minibus<\/li>\n<li>Skatter, afgifter &amp; forsikring<\/li>\n<\/ul>\n\n\n\n<p class=\"has-text-align-right\"><a href='#form' class='small-button smallblue'>Bestil her \/ Kontakt<\/a><\/p>\n\n\n\n<h2 class=\"wp-block-heading\">Eksempel p\u00e5 vores Program for Halv Dags Tur i Phuket<\/h2>\n\n\n\n<ul class=\"wp-block-list\">\n<li>08.30 &#8211; I bliver hentet p\u00e5 jeres hotel af vores chaff\u00f8r i vores a\/c minibus.<\/li>\n\n\n\n<li>09.00 &#8211; Ankomst til Chalong hvor vi bes\u00f8ger <strong>Big Buddha<\/strong>, en imponerende 45m h\u00f8j Buddha statue. Templet er en vigtig helligdom, men kan osse prale af en fantastisk udsigt udover de sydlige kyster i Phuket.<\/li>\n\n\n\n<li>10.00 &#8211; Vi g\u00f8r holdt ved Wat Chalong det st\u00f8rste tempel i Phuket.<\/li>\n\n\n\n<li>12.30 &#8211; Bes\u00f8g p\u00e5 den lokale Cashew N\u00f8d fabrik.\u00a0 L\u00e6r mere om de interessante processer i en cashew n\u00f8d produktion. Afh\u00e6ngigt af jeres tempo, er der muligvis ekstra tid til r\u00e5dighed til at se andre ting i omr\u00e5det.<\/li>\n\n\n\n<li>13.30 &#8211; Tilbage til jeres hotel i Phuket<\/li>\n<\/ul>\n\n\n\n<p>Note &#8211; Dette program kan osse g\u00f8res med starttidspunkt efter middag&nbsp; ca. 13:30 og slut omkring 18:30 En halvdagstur i Phuket er en popul\u00e6r mulighed for at kombinere med andre ture og aktiviteter i Phuket. Her er et par eksempler: <\/p>\n\n\n<ul>\n<li><strong>Sen afgang fra Phuket ?<\/strong> Ingen grund til at spilde din v\u00e6rdifulde tid p\u00e5 ferien og n\u00e5 mere af Phuket p\u00e5 vej til lufthavnen.<\/li>\n<li><strong>Bes\u00f8g et Aften Show i Phuket ?<\/strong> Kombiner en eftermiddags sightseeing tur med en aften p\u00e5 <a title=\"Phuket Fantasea Tour\" href=\"https:\/\/www.easydayphuket.com\/phuket-tours\/phuket-shows\/phuket-fantasea-tour\/\">Phuket Fantasea<\/a> eller Siam Niramit.<\/li>\n<li><strong>Aktiviteter som Bungy Jump, <a title=\"Phuket ATV Tour\" href=\"https:\/\/www.easydayphuket.com\/phuket-activities\/phuket-atv-tour\/\">ATV<\/a>, Spa<\/strong> &#8211; Kombiner dem med jeres sightseeing tur<\/li>\n<\/ul>\n\n\n\n<h2 class=\"wp-block-heading\" id=\"form\">Kontakt Os Nu for jeres Eksklusive Udflugt i Phuket<\/h2>\n\n\n\n<script charset=\"utf-8\" type=\"text\/javascript\" src=\"\/\/js.hsforms.net\/forms\/embed\/v2.js\"><\/script>\n<script>\n  hbspt.forms.create({\n    region: \"na1\",\n    portalId: \"3413662\",\n    formId: \"754fb1c1-f3a8-443f-b140-4c5c6ce7ba68\"\n  });\n<\/script>\n","protected":false},"excerpt":{"rendered":"<p>Nyd en Eksklusiv Halvdagstur i Phuket hvor vi bes\u00f8ger de mest ber\u00f8mte steder og attraktioner. G\u00e5 p\u00e5 opdagelse i Phuket med vores AC minibus, nemt og behageligt. Turen inkluderer: Eksempel p\u00e5 vores Program for Halv Dags Tur i Phuket Note &#8211; Dette program kan osse g\u00f8res med starttidspunkt efter middag&nbsp; ca. 13:30 og slut omkring [&hellip;]<\/p>\n","protected":false},"author":12,"featured_media":33195,"parent":8657,"menu_order":0,"comment_status":"closed","ping_status":"open","template":"","meta":{"_acf_changed":false,"_et_pb_use_builder":"","_et_pb_old_content":"","_et_gb_content_width":"","footnotes":""},"class_list":["post-8705","page","type-page","status-publish","has-post-thumbnail","hentry"],"acf":[],"yoast_head":"<!-- This site is optimized with the Yoast SEO plugin v25.1 - https:\/\/yoast.com\/wordpress\/plugins\/seo\/ -->\n<title>Halvdags Sightseeing Tur i Phuket - Easy Day Phuket<\/title>\n<meta name=\"description\" content=\"Halvdags Sightseeing Tur i Phuket - Easy Day Phuket bringer jer til mindst 2 h\u00f8jdepunkter p\u00e5 \u00d8en, Big Buddha og Chalong templet. Kan kombineres med andet\" \/>\n<meta name=\"robots\" content=\"index, follow, max-snippet:-1, max-image-preview:large, max-video-preview:-1\" \/>\n<link rel=\"canonical\" href=\"https:\/\/www.easydayphuket.com\/da\/bedste-udflugter-og-dagture-phuket\/udflugter-dagsture-phuket\/halvdags-sightseeing-tur-phuket\/\" \/>\n<meta property=\"og:locale\" content=\"da_DK\" \/>\n<meta property=\"og:type\" content=\"article\" \/>\n<meta property=\"og:title\" content=\"Halvdags Sightseeing Tur i Phuket - Easy Day Phuket\" \/>\n<meta property=\"og:description\" content=\"Halvdags Sightseeing Tur i Phuket - Easy Day Phuket bringer jer til mindst 2 h\u00f8jdepunkter p\u00e5 \u00d8en, Big Buddha og Chalong templet. Kan kombineres med andet\" \/>\n<meta property=\"og:url\" content=\"https:\/\/www.easydayphuket.com\/da\/bedste-udflugter-og-dagture-phuket\/udflugter-dagsture-phuket\/halvdags-sightseeing-tur-phuket\/\" \/>\n<meta property=\"og:site_name\" content=\"Easy Day Phuket Tours\" \/>\n<meta property=\"article:publisher\" content=\"https:\/\/www.facebook.com\/Easydayinthailand\/\" \/>\n<meta property=\"article:modified_time\" content=\"2024-04-06T04:53:12+00:00\" \/>\n<meta property=\"og:image\" content=\"https:\/\/www.easydayphuket.com\/wp-content\/uploads\/2020\/04\/Phuket-Sightseeing-Kata-View-Point-blurb.jpg\" \/>\n\t<meta property=\"og:image:width\" content=\"550\" \/>\n\t<meta property=\"og:image:height\" content=\"309\" \/>\n\t<meta property=\"og:image:type\" content=\"image\/jpeg\" \/>\n<meta name=\"twitter:label1\" content=\"Estimeret l\u00e6setid\" \/>\n\t<meta name=\"twitter:data1\" content=\"2 minutter\" \/>\n<script type=\"application\/ld+json\" class=\"yoast-schema-graph\">{\"@context\":\"https:\/\/schema.org\",\"@graph\":[{\"@type\":\"WebPage\",\"@id\":\"https:\/\/www.easydayphuket.com\/da\/bedste-udflugter-og-dagture-phuket\/udflugter-dagsture-phuket\/halvdags-sightseeing-tur-phuket\/\",\"url\":\"https:\/\/www.easydayphuket.com\/da\/bedste-udflugter-og-dagture-phuket\/udflugter-dagsture-phuket\/halvdags-sightseeing-tur-phuket\/\",\"name\":\"Halvdags Sightseeing Tur i Phuket - Easy Day Phuket\",\"isPartOf\":{\"@id\":\"https:\/\/www.easydayphuket.com\/#website\"},\"primaryImageOfPage\":{\"@id\":\"https:\/\/www.easydayphuket.com\/da\/bedste-udflugter-og-dagture-phuket\/udflugter-dagsture-phuket\/halvdags-sightseeing-tur-phuket\/#primaryimage\"},\"image\":{\"@id\":\"https:\/\/www.easydayphuket.com\/da\/bedste-udflugter-og-dagture-phuket\/udflugter-dagsture-phuket\/halvdags-sightseeing-tur-phuket\/#primaryimage\"},\"thumbnailUrl\":\"https:\/\/www.easydayphuket.com\/wp-content\/uploads\/2020\/04\/Phuket-Sightseeing-Kata-View-Point-blurb.jpg\",\"datePublished\":\"2015-02-26T09:33:29+00:00\",\"dateModified\":\"2024-04-06T04:53:12+00:00\",\"description\":\"Halvdags Sightseeing Tur i Phuket - Easy Day Phuket bringer jer til mindst 2 h\u00f8jdepunkter p\u00e5 \u00d8en, Big Buddha og Chalong templet. Kan kombineres med andet\",\"breadcrumb\":{\"@id\":\"https:\/\/www.easydayphuket.com\/da\/bedste-udflugter-og-dagture-phuket\/udflugter-dagsture-phuket\/halvdags-sightseeing-tur-phuket\/#breadcrumb\"},\"inLanguage\":\"da-DK\",\"potentialAction\":[{\"@type\":\"ReadAction\",\"target\":[\"https:\/\/www.easydayphuket.com\/da\/bedste-udflugter-og-dagture-phuket\/udflugter-dagsture-phuket\/halvdags-sightseeing-tur-phuket\/\"]}]},{\"@type\":\"ImageObject\",\"inLanguage\":\"da-DK\",\"@id\":\"https:\/\/www.easydayphuket.com\/da\/bedste-udflugter-og-dagture-phuket\/udflugter-dagsture-phuket\/halvdags-sightseeing-tur-phuket\/#primaryimage\",\"url\":\"https:\/\/www.easydayphuket.com\/wp-content\/uploads\/2020\/04\/Phuket-Sightseeing-Kata-View-Point-blurb.jpg\",\"contentUrl\":\"https:\/\/www.easydayphuket.com\/wp-content\/uploads\/2020\/04\/Phuket-Sightseeing-Kata-View-Point-blurb.jpg\",\"width\":550,\"height\":309,\"caption\":\"Phuket Sightseeing - Kata View Point\"},{\"@type\":\"BreadcrumbList\",\"@id\":\"https:\/\/www.easydayphuket.com\/da\/bedste-udflugter-og-dagture-phuket\/udflugter-dagsture-phuket\/halvdags-sightseeing-tur-phuket\/#breadcrumb\",\"itemListElement\":[{\"@type\":\"ListItem\",\"position\":1,\"name\":\"Home\",\"item\":\"https:\/\/www.easydayphuket.com\/da\/\"},{\"@type\":\"ListItem\",\"position\":2,\"name\":\"Bedste Udflugter i Phuket\",\"item\":\"https:\/\/www.easydayphuket.com\/da\/bedste-udflugter-og-dagture-phuket\/\"},{\"@type\":\"ListItem\",\"position\":3,\"name\":\"Udflugter &amp; Dagsture i Phuket\",\"item\":\"https:\/\/www.easydayphuket.com\/da\/bedste-udflugter-og-dagture-phuket\/udflugter-dagsture-phuket\/\"},{\"@type\":\"ListItem\",\"position\":4,\"name\":\"Halvdags Sightseeing Tur i Phuket\"}]},{\"@type\":\"WebSite\",\"@id\":\"https:\/\/www.easydayphuket.com\/#website\",\"url\":\"https:\/\/www.easydayphuket.com\/\",\"name\":\"Easy Day Phuket Tours\",\"description\":\"Din Tur & Rejse Partner i Phuket\",\"publisher\":{\"@id\":\"https:\/\/www.easydayphuket.com\/#organization\"},\"potentialAction\":[{\"@type\":\"SearchAction\",\"target\":{\"@type\":\"EntryPoint\",\"urlTemplate\":\"https:\/\/www.easydayphuket.com\/?s={search_term_string}\"},\"query-input\":{\"@type\":\"PropertyValueSpecification\",\"valueRequired\":true,\"valueName\":\"search_term_string\"}}],\"inLanguage\":\"da-DK\"},{\"@type\":\"Organization\",\"@id\":\"https:\/\/www.easydayphuket.com\/#organization\",\"name\":\"Easy Day Thailand\",\"url\":\"https:\/\/www.easydayphuket.com\/\",\"logo\":{\"@type\":\"ImageObject\",\"inLanguage\":\"da-DK\",\"@id\":\"https:\/\/www.easydayphuket.com\/#\/schema\/logo\/image\/\",\"url\":\"https:\/\/www.easydayphuket.com\/wp-content\/uploads\/2013\/07\/Sun-Thaiflag_booking12.gif\",\"contentUrl\":\"https:\/\/www.easydayphuket.com\/wp-content\/uploads\/2013\/07\/Sun-Thaiflag_booking12.gif\",\"width\":100,\"height\":94,\"caption\":\"Easy Day Thailand\"},\"image\":{\"@id\":\"https:\/\/www.easydayphuket.com\/#\/schema\/logo\/image\/\"},\"sameAs\":[\"https:\/\/www.facebook.com\/Easydayinthailand\/\",\"https:\/\/www.instagram.com\/easydaythailand\/\"]}]}<\/script>\n<!-- \/ Yoast SEO plugin. -->","yoast_head_json":{"title":"Halvdags Sightseeing Tur i Phuket - Easy Day Phuket","description":"Halvdags Sightseeing Tur i Phuket - Easy Day Phuket bringer jer til mindst 2 h\u00f8jdepunkter p\u00e5 \u00d8en, Big Buddha og Chalong templet. Kan kombineres med andet","robots":{"index":"index","follow":"follow","max-snippet":"max-snippet:-1","max-image-preview":"max-image-preview:large","max-video-preview":"max-video-preview:-1"},"canonical":"https:\/\/www.easydayphuket.com\/da\/bedste-udflugter-og-dagture-phuket\/udflugter-dagsture-phuket\/halvdags-sightseeing-tur-phuket\/","og_locale":"da_DK","og_type":"article","og_title":"Halvdags Sightseeing Tur i Phuket - Easy Day Phuket","og_description":"Halvdags Sightseeing Tur i Phuket - Easy Day Phuket bringer jer til mindst 2 h\u00f8jdepunkter p\u00e5 \u00d8en, Big Buddha og Chalong templet. Kan kombineres med andet","og_url":"https:\/\/www.easydayphuket.com\/da\/bedste-udflugter-og-dagture-phuket\/udflugter-dagsture-phuket\/halvdags-sightseeing-tur-phuket\/","og_site_name":"Easy Day Phuket Tours","article_publisher":"https:\/\/www.facebook.com\/Easydayinthailand\/","article_modified_time":"2024-04-06T04:53:12+00:00","og_image":[{"width":550,"height":309,"url":"https:\/\/www.easydayphuket.com\/wp-content\/uploads\/2020\/04\/Phuket-Sightseeing-Kata-View-Point-blurb.jpg","type":"image\/jpeg"}],"twitter_misc":{"Estimeret l\u00e6setid":"2 minutter"},"schema":{"@context":"https:\/\/schema.org","@graph":[{"@type":"WebPage","@id":"https:\/\/www.easydayphuket.com\/da\/bedste-udflugter-og-dagture-phuket\/udflugter-dagsture-phuket\/halvdags-sightseeing-tur-phuket\/","url":"https:\/\/www.easydayphuket.com\/da\/bedste-udflugter-og-dagture-phuket\/udflugter-dagsture-phuket\/halvdags-sightseeing-tur-phuket\/","name":"Halvdags Sightseeing Tur i Phuket - Easy Day Phuket","isPartOf":{"@id":"https:\/\/www.easydayphuket.com\/#website"},"primaryImageOfPage":{"@id":"https:\/\/www.easydayphuket.com\/da\/bedste-udflugter-og-dagture-phuket\/udflugter-dagsture-phuket\/halvdags-sightseeing-tur-phuket\/#primaryimage"},"image":{"@id":"https:\/\/www.easydayphuket.com\/da\/bedste-udflugter-og-dagture-phuket\/udflugter-dagsture-phuket\/halvdags-sightseeing-tur-phuket\/#primaryimage"},"thumbnailUrl":"https:\/\/www.easydayphuket.com\/wp-content\/uploads\/2020\/04\/Phuket-Sightseeing-Kata-View-Point-blurb.jpg","datePublished":"2015-02-26T09:33:29+00:00","dateModified":"2024-04-06T04:53:12+00:00","description":"Halvdags Sightseeing Tur i Phuket - Easy Day Phuket bringer jer til mindst 2 h\u00f8jdepunkter p\u00e5 \u00d8en, Big Buddha og Chalong templet. Kan kombineres med andet","breadcrumb":{"@id":"https:\/\/www.easydayphuket.com\/da\/bedste-udflugter-og-dagture-phuket\/udflugter-dagsture-phuket\/halvdags-sightseeing-tur-phuket\/#breadcrumb"},"inLanguage":"da-DK","potentialAction":[{"@type":"ReadAction","target":["https:\/\/www.easydayphuket.com\/da\/bedste-udflugter-og-dagture-phuket\/udflugter-dagsture-phuket\/halvdags-sightseeing-tur-phuket\/"]}]},{"@type":"ImageObject","inLanguage":"da-DK","@id":"https:\/\/www.easydayphuket.com\/da\/bedste-udflugter-og-dagture-phuket\/udflugter-dagsture-phuket\/halvdags-sightseeing-tur-phuket\/#primaryimage","url":"https:\/\/www.easydayphuket.com\/wp-content\/uploads\/2020\/04\/Phuket-Sightseeing-Kata-View-Point-blurb.jpg","contentUrl":"https:\/\/www.easydayphuket.com\/wp-content\/uploads\/2020\/04\/Phuket-Sightseeing-Kata-View-Point-blurb.jpg","width":550,"height":309,"caption":"Phuket Sightseeing - Kata View Point"},{"@type":"BreadcrumbList","@id":"https:\/\/www.easydayphuket.com\/da\/bedste-udflugter-og-dagture-phuket\/udflugter-dagsture-phuket\/halvdags-sightseeing-tur-phuket\/#breadcrumb","itemListElement":[{"@type":"ListItem","position":1,"name":"Home","item":"https:\/\/www.easydayphuket.com\/da\/"},{"@type":"ListItem","position":2,"name":"Bedste Udflugter i Phuket","item":"https:\/\/www.easydayphuket.com\/da\/bedste-udflugter-og-dagture-phuket\/"},{"@type":"ListItem","position":3,"name":"Udflugter &amp; Dagsture i Phuket","item":"https:\/\/www.easydayphuket.com\/da\/bedste-udflugter-og-dagture-phuket\/udflugter-dagsture-phuket\/"},{"@type":"ListItem","position":4,"name":"Halvdags Sightseeing Tur i Phuket"}]},{"@type":"WebSite","@id":"https:\/\/www.easydayphuket.com\/#website","url":"https:\/\/www.easydayphuket.com\/","name":"Easy Day Phuket Tours","description":"Din Tur & Rejse Partner i Phuket","publisher":{"@id":"https:\/\/www.easydayphuket.com\/#organization"},"potentialAction":[{"@type":"SearchAction","target":{"@type":"EntryPoint","urlTemplate":"https:\/\/www.easydayphuket.com\/?s={search_term_string}"},"query-input":{"@type":"PropertyValueSpecification","valueRequired":true,"valueName":"search_term_string"}}],"inLanguage":"da-DK"},{"@type":"Organization","@id":"https:\/\/www.easydayphuket.com\/#organization","name":"Easy Day Thailand","url":"https:\/\/www.easydayphuket.com\/","logo":{"@type":"ImageObject","inLanguage":"da-DK","@id":"https:\/\/www.easydayphuket.com\/#\/schema\/logo\/image\/","url":"https:\/\/www.easydayphuket.com\/wp-content\/uploads\/2013\/07\/Sun-Thaiflag_booking12.gif","contentUrl":"https:\/\/www.easydayphuket.com\/wp-content\/uploads\/2013\/07\/Sun-Thaiflag_booking12.gif","width":100,"height":94,"caption":"Easy Day Thailand"},"image":{"@id":"https:\/\/www.easydayphuket.com\/#\/schema\/logo\/image\/"},"sameAs":["https:\/\/www.facebook.com\/Easydayinthailand\/","https:\/\/www.instagram.com\/easydaythailand\/"]}]}},"_links":{"self":[{"href":"https:\/\/www.easydayphuket.com\/da\/wp-json\/wp\/v2\/pages\/8705","targetHints":{"allow":["GET"]}}],"collection":[{"href":"https:\/\/www.easydayphuket.com\/da\/wp-json\/wp\/v2\/pages"}],"about":[{"href":"https:\/\/www.easydayphuket.com\/da\/wp-json\/wp\/v2\/types\/page"}],"author":[{"embeddable":true,"href":"https:\/\/www.easydayphuket.com\/da\/wp-json\/wp\/v2\/users\/12"}],"replies":[{"embeddable":true,"href":"https:\/\/www.easydayphuket.com\/da\/wp-json\/wp\/v2\/comments?post=8705"}],"version-history":[{"count":0,"href":"https:\/\/www.easydayphuket.com\/da\/wp-json\/wp\/v2\/pages\/8705\/revisions"}],"up":[{"embeddable":true,"href":"https:\/\/www.easydayphuket.com\/da\/wp-json\/wp\/v2\/pages\/8657"}],"wp:featuredmedia":[{"embeddable":true,"href":"https:\/\/www.easydayphuket.com\/da\/wp-json\/wp\/v2\/media\/33195"}],"wp:attachment":[{"href":"https:\/\/www.easydayphuket.com\/da\/wp-json\/wp\/v2\/media?parent=8705"}],"curies":[{"name":"wp","href":"https:\/\/api.w.org\/{rel}","templated":true}]}}