{"id":8663,"date":"2015-02-26T16:39:52","date_gmt":"2015-02-26T09:39:52","guid":{"rendered":"https:\/\/www.easydayphuket.com\/?page_id=8663"},"modified":"2024-04-06T11:52:06","modified_gmt":"2024-04-06T04:52:06","slug":"middagscruise-solnedgangen-phuket","status":"publish","type":"page","link":"https:\/\/www.easydayphuket.com\/da\/bedste-udflugter-og-dagture-phuket\/phuket-middags-cruise\/middagscruise-solnedgangen-phuket\/","title":{"rendered":"Middagscruise i Solnedgangen i Phuket"},"content":{"rendered":"\n<figure class=\"wp-block-image alignright\"><img decoding=\"async\" src=\"https:\/\/farm3.staticflickr.com\/2860\/9462580175_50ac327878_m.jpg\" alt=\"MV Sai Mai Sunset Dinner Cruise Phuket\"\/><figcaption class=\"wp-element-caption\">Solnedgang p\u00e5 MV Sai Mai<\/figcaption><\/figure>\n\n\n\n<p>Gl\u00e6d jer til et Middagscruise i Solnedgangen i Phuket med MV Sai Mai. Nyd en romantisk solnedgang i Phuket og en f\u00f8rsteklasses middag ombord p\u00e5 MV Sai Mai.<\/p>\n\n\n\n<ul class=\"wp-block-list\">\n<li>Max 10 g\u00e6ster ombord p\u00e5 vores middags cruises<\/li>\n\n\n\n<li>Vi cruiser rundt i den sydlige del af Phuket<\/li>\n\n\n\n<li><a title=\"Sunset Cruise Menu with MV Sai Mai\" href=\"https:\/\/easydaythailand.blogspot.com\/2014\/02\/sunset-dinner-cruise.html#menu\" target=\"_blank\" rel=\"noopener noreferrer\">Eksklusiv Thai Middags Menu<\/a> &#8211; Rigtig Thai mad (med skiftende menuer p\u00e5 programmet)<\/li>\n\n\n\n<li>Alt Inkluderet<\/li>\n\n\n\n<li>Kan arrangeres p\u00e5 dagligt basis<\/li>\n\n\n\n<li>En afslappende massage tilbydes ombord under solnedgangen ( mod ekstra betaling )<\/li>\n<\/ul>\n\n\n<p><strong>Pris i Thai Baht pr person: [sc_saimai_adult] | B\u00f8rn (3-11 \u00e5r) [sc_saimai_child] <a href=\"#form\">&gt;&gt; Tilmeld her \/ Kontakt Os<\/a><\/strong> <\/p>\n\n\n\n<p><strong>Middags cruise<\/strong><strong> inkluderer :<\/strong><\/p>\n\n\n<ul>\n<li><span style=\"font-size: 13px\">Transport fra \/ til jeres hoteller i Phuket <\/span><\/li>\n<li><span style=\"font-size: 13px\">Velkomst drink &amp; Snack n\u00e5r I ankommer ombord p\u00e5 MV Sai Mai <\/span><\/li>\n<li><span style=\"font-size: 13px\">Thai Middags Menu ombord.<\/span><\/li>\n<li><span style=\"font-size: 13px\">Sodavand,\u00a0 drikkevand, lokale \u00f8l &amp; vine, snacks<\/span><\/li>\n<li>Snorkel udstyr<\/li>\n<li><span style=\"font-size: 13px\">Middags Cruise priser inkluderer skatter &amp; forsikring.<\/span><\/li>\n<\/ul>\n\n\n\n<p class=\"has-text-align-right\"><a href='#form' class='small-button smallblue'>Tilmeld her \/ Kontakt<\/a><\/p>\n\n\n\n<h2 class=\"wp-block-heading\">Photogalleri fra Middagscruise i Solnedgangen<\/h2>\n\n\n\n<p>Flere billeder p\u00e5 vores <a title=\"Phuket Sunset Dinner Cruise gallery\" href=\"https:\/\/www.easydayphuket.com\/phuket-sunset-dinner-cruise-gallery\/\">Photogalleri fra Middagscruise i Solnedgangen<\/a>, <a title=\"Phuket Sunset Dinner cruise Images on Easy Day Thailands Flickr Account\" href=\"https:\/\/www.flickr.com\/photos\/easydaythailand\/sets\/72157641192918404\/\" target=\"_blank\" rel=\"noopener noreferrer\">Flickr<\/a> og <a title=\"Images on MV Sai Mai Facebook page\" href=\"https:\/\/www.facebook.com\/MVSaiMai\" target=\"_blank\" rel=\"noopener noreferrer\">Facebook<\/a>!<\/p>\n\n\n\n<figure class=\"wp-block-gallery has-nested-images columns-3 is-cropped wp-block-gallery-1 is-layout-flex wp-block-gallery-is-layout-flex\">\n\n\n\n<\/figure>\n\n\n\n<h2 class=\"wp-block-heading\">Program for Middagscruise i Solnedgangen med MV Sai Mai<\/h2>\n\n\n\n<ul class=\"wp-block-list\">\n<li>16.00 &#8211; Vi henter jer p\u00e5 jeres hotel i Phuket og k\u00f8rer jer til Chalong i en airconditioneret mini bus.<\/li>\n\n\n\n<li>17.00 &#8211; Afgang til Koh Keaow Yai &amp; Koh Bon \u00f8en for sightseeing og snorkeling<\/li>\n\n\n\n<li>19.00 &#8211; En autentisk Thai Middag blir serveret ombord.<\/li>\n\n\n\n<li>19.30 &#8211;\u00a0 Vi cruiser tilbage til Chalong<\/li>\n\n\n\n<li>20.00 &#8211; Ankomst til Chalong og transport tilbage til jeres hotel i Phuket<\/li>\n<\/ul>\n\n\n\n<p>* Der tages forbehold overfor for \u00e6ndringer i ovenn\u00e6vnte program afh\u00e6ngig af tilmeldinger, og vejr &amp; vindforhold.<\/p>\n\n\n\n<p class=\"has-text-align-left\"><br clear=\"all\" \/><a name=\"form\"><\/a><\/p>\n\n\n\n<h2 class=\"wp-block-heading\">Tilmeld jer nu til jeres Middagscruise i Solnedgangen<\/h2>\n\n\n\n<p><\/p>\n","protected":false},"excerpt":{"rendered":"<p>Gl\u00e6d jer til et Middagscruise i Solnedgangen i Phuket med MV Sai Mai. Nyd en romantisk solnedgang i Phuket og en f\u00f8rsteklasses middag ombord p\u00e5 MV Sai Mai. Middags cruise inkluderer : Photogalleri fra Middagscruise i Solnedgangen Flere billeder p\u00e5 vores Photogalleri fra Middagscruise i Solnedgangen, Flickr og Facebook! Program for Middagscruise i Solnedgangen med [&hellip;]<\/p>\n","protected":false},"author":12,"featured_media":32751,"parent":8660,"menu_order":1,"comment_status":"closed","ping_status":"closed","template":"","meta":{"_acf_changed":false,"_et_pb_use_builder":"","_et_pb_old_content":"","_et_gb_content_width":"","footnotes":""},"class_list":["post-8663","page","type-page","status-publish","has-post-thumbnail","hentry"],"acf":[],"yoast_head":"<!-- This site is optimized with the Yoast SEO plugin v25.1 - https:\/\/yoast.com\/wordpress\/plugins\/seo\/ -->\n<title>Middagscruise i Solnedgangen<\/title>\n<meta name=\"description\" content=\"Middagscruise i Solnedgangen ombord p\u00e5 den charmerende MV Sai Mai med alt inkluderet er en sk\u00f8n m\u00e5de at tilbringe en aften p\u00e5 i vandende syd for Phuket\" \/>\n<meta name=\"robots\" content=\"index, follow, max-snippet:-1, max-image-preview:large, max-video-preview:-1\" \/>\n<link rel=\"canonical\" href=\"https:\/\/www.easydayphuket.com\/da\/bedste-udflugter-og-dagture-phuket\/phuket-middags-cruise\/middagscruise-solnedgangen-phuket\/\" \/>\n<meta property=\"og:locale\" content=\"da_DK\" \/>\n<meta property=\"og:type\" content=\"article\" \/>\n<meta property=\"og:title\" content=\"Middagscruise i Solnedgangen\" \/>\n<meta property=\"og:description\" content=\"Middagscruise i Solnedgangen ombord p\u00e5 den charmerende MV Sai Mai med alt inkluderet er en sk\u00f8n m\u00e5de at tilbringe en aften p\u00e5 i vandende syd for Phuket\" \/>\n<meta property=\"og:url\" content=\"https:\/\/www.easydayphuket.com\/da\/bedste-udflugter-og-dagture-phuket\/phuket-middags-cruise\/middagscruise-solnedgangen-phuket\/\" \/>\n<meta property=\"og:site_name\" content=\"Easy Day Phuket Tours\" \/>\n<meta property=\"article:publisher\" content=\"https:\/\/www.facebook.com\/Easydayinthailand\/\" \/>\n<meta property=\"article:modified_time\" content=\"2024-04-06T04:52:06+00:00\" \/>\n<meta property=\"og:image\" content=\"https:\/\/www.easydayphuket.com\/wp-content\/uploads\/2020\/02\/Sunset-Dinner-Cruise-Phuket.jpg\" \/>\n\t<meta property=\"og:image:width\" content=\"1568\" \/>\n\t<meta property=\"og:image:height\" content=\"1046\" \/>\n\t<meta property=\"og:image:type\" content=\"image\/jpeg\" \/>\n<meta name=\"twitter:label1\" content=\"Estimeret l\u00e6setid\" \/>\n\t<meta name=\"twitter:data1\" content=\"3 minutter\" \/>\n<script type=\"application\/ld+json\" class=\"yoast-schema-graph\">{\"@context\":\"https:\/\/schema.org\",\"@graph\":[{\"@type\":\"WebPage\",\"@id\":\"https:\/\/www.easydayphuket.com\/da\/bedste-udflugter-og-dagture-phuket\/phuket-middags-cruise\/middagscruise-solnedgangen-phuket\/\",\"url\":\"https:\/\/www.easydayphuket.com\/da\/bedste-udflugter-og-dagture-phuket\/phuket-middags-cruise\/middagscruise-solnedgangen-phuket\/\",\"name\":\"Middagscruise i Solnedgangen\",\"isPartOf\":{\"@id\":\"https:\/\/www.easydayphuket.com\/#website\"},\"primaryImageOfPage\":{\"@id\":\"https:\/\/www.easydayphuket.com\/da\/bedste-udflugter-og-dagture-phuket\/phuket-middags-cruise\/middagscruise-solnedgangen-phuket\/#primaryimage\"},\"image\":{\"@id\":\"https:\/\/www.easydayphuket.com\/da\/bedste-udflugter-og-dagture-phuket\/phuket-middags-cruise\/middagscruise-solnedgangen-phuket\/#primaryimage\"},\"thumbnailUrl\":\"https:\/\/www.easydayphuket.com\/wp-content\/uploads\/2020\/02\/Sunset-Dinner-Cruise-Phuket.jpg\",\"datePublished\":\"2015-02-26T09:39:52+00:00\",\"dateModified\":\"2024-04-06T04:52:06+00:00\",\"description\":\"Middagscruise i Solnedgangen ombord p\u00e5 den charmerende MV Sai Mai med alt inkluderet er en sk\u00f8n m\u00e5de at tilbringe en aften p\u00e5 i vandende syd for Phuket\",\"breadcrumb\":{\"@id\":\"https:\/\/www.easydayphuket.com\/da\/bedste-udflugter-og-dagture-phuket\/phuket-middags-cruise\/middagscruise-solnedgangen-phuket\/#breadcrumb\"},\"inLanguage\":\"da-DK\",\"potentialAction\":[{\"@type\":\"ReadAction\",\"target\":[\"https:\/\/www.easydayphuket.com\/da\/bedste-udflugter-og-dagture-phuket\/phuket-middags-cruise\/middagscruise-solnedgangen-phuket\/\"]}]},{\"@type\":\"ImageObject\",\"inLanguage\":\"da-DK\",\"@id\":\"https:\/\/www.easydayphuket.com\/da\/bedste-udflugter-og-dagture-phuket\/phuket-middags-cruise\/middagscruise-solnedgangen-phuket\/#primaryimage\",\"url\":\"https:\/\/www.easydayphuket.com\/wp-content\/uploads\/2020\/02\/Sunset-Dinner-Cruise-Phuket.jpg\",\"contentUrl\":\"https:\/\/www.easydayphuket.com\/wp-content\/uploads\/2020\/02\/Sunset-Dinner-Cruise-Phuket.jpg\",\"width\":1568,\"height\":1046,\"caption\":\"Sunset Dinner Cruise Phuket\"},{\"@type\":\"BreadcrumbList\",\"@id\":\"https:\/\/www.easydayphuket.com\/da\/bedste-udflugter-og-dagture-phuket\/phuket-middags-cruise\/middagscruise-solnedgangen-phuket\/#breadcrumb\",\"itemListElement\":[{\"@type\":\"ListItem\",\"position\":1,\"name\":\"Home\",\"item\":\"https:\/\/www.easydayphuket.com\/da\/\"},{\"@type\":\"ListItem\",\"position\":2,\"name\":\"Bedste Udflugter i Phuket\",\"item\":\"https:\/\/www.easydayphuket.com\/da\/bedste-udflugter-og-dagture-phuket\/\"},{\"@type\":\"ListItem\",\"position\":3,\"name\":\"Phuket Middags Cruise\",\"item\":\"https:\/\/www.easydayphuket.com\/da\/bedste-udflugter-og-dagture-phuket\/phuket-middags-cruise\/\"},{\"@type\":\"ListItem\",\"position\":4,\"name\":\"Middagscruise i Solnedgangen i Phuket\"}]},{\"@type\":\"WebSite\",\"@id\":\"https:\/\/www.easydayphuket.com\/#website\",\"url\":\"https:\/\/www.easydayphuket.com\/\",\"name\":\"Easy Day Phuket Tours\",\"description\":\"Din Tur & Rejse Partner i Phuket\",\"publisher\":{\"@id\":\"https:\/\/www.easydayphuket.com\/#organization\"},\"potentialAction\":[{\"@type\":\"SearchAction\",\"target\":{\"@type\":\"EntryPoint\",\"urlTemplate\":\"https:\/\/www.easydayphuket.com\/?s={search_term_string}\"},\"query-input\":{\"@type\":\"PropertyValueSpecification\",\"valueRequired\":true,\"valueName\":\"search_term_string\"}}],\"inLanguage\":\"da-DK\"},{\"@type\":\"Organization\",\"@id\":\"https:\/\/www.easydayphuket.com\/#organization\",\"name\":\"Easy Day Thailand\",\"url\":\"https:\/\/www.easydayphuket.com\/\",\"logo\":{\"@type\":\"ImageObject\",\"inLanguage\":\"da-DK\",\"@id\":\"https:\/\/www.easydayphuket.com\/#\/schema\/logo\/image\/\",\"url\":\"https:\/\/www.easydayphuket.com\/wp-content\/uploads\/2013\/07\/Sun-Thaiflag_booking12.gif\",\"contentUrl\":\"https:\/\/www.easydayphuket.com\/wp-content\/uploads\/2013\/07\/Sun-Thaiflag_booking12.gif\",\"width\":100,\"height\":94,\"caption\":\"Easy Day Thailand\"},\"image\":{\"@id\":\"https:\/\/www.easydayphuket.com\/#\/schema\/logo\/image\/\"},\"sameAs\":[\"https:\/\/www.facebook.com\/Easydayinthailand\/\",\"https:\/\/www.instagram.com\/easydaythailand\/\"]}]}<\/script>\n<!-- \/ Yoast SEO plugin. -->","yoast_head_json":{"title":"Middagscruise i Solnedgangen","description":"Middagscruise i Solnedgangen ombord p\u00e5 den charmerende MV Sai Mai med alt inkluderet er en sk\u00f8n m\u00e5de at tilbringe en aften p\u00e5 i vandende syd for Phuket","robots":{"index":"index","follow":"follow","max-snippet":"max-snippet:-1","max-image-preview":"max-image-preview:large","max-video-preview":"max-video-preview:-1"},"canonical":"https:\/\/www.easydayphuket.com\/da\/bedste-udflugter-og-dagture-phuket\/phuket-middags-cruise\/middagscruise-solnedgangen-phuket\/","og_locale":"da_DK","og_type":"article","og_title":"Middagscruise i Solnedgangen","og_description":"Middagscruise i Solnedgangen ombord p\u00e5 den charmerende MV Sai Mai med alt inkluderet er en sk\u00f8n m\u00e5de at tilbringe en aften p\u00e5 i vandende syd for Phuket","og_url":"https:\/\/www.easydayphuket.com\/da\/bedste-udflugter-og-dagture-phuket\/phuket-middags-cruise\/middagscruise-solnedgangen-phuket\/","og_site_name":"Easy Day Phuket Tours","article_publisher":"https:\/\/www.facebook.com\/Easydayinthailand\/","article_modified_time":"2024-04-06T04:52:06+00:00","og_image":[{"width":1568,"height":1046,"url":"https:\/\/www.easydayphuket.com\/wp-content\/uploads\/2020\/02\/Sunset-Dinner-Cruise-Phuket.jpg","type":"image\/jpeg"}],"twitter_misc":{"Estimeret l\u00e6setid":"3 minutter"},"schema":{"@context":"https:\/\/schema.org","@graph":[{"@type":"WebPage","@id":"https:\/\/www.easydayphuket.com\/da\/bedste-udflugter-og-dagture-phuket\/phuket-middags-cruise\/middagscruise-solnedgangen-phuket\/","url":"https:\/\/www.easydayphuket.com\/da\/bedste-udflugter-og-dagture-phuket\/phuket-middags-cruise\/middagscruise-solnedgangen-phuket\/","name":"Middagscruise i Solnedgangen","isPartOf":{"@id":"https:\/\/www.easydayphuket.com\/#website"},"primaryImageOfPage":{"@id":"https:\/\/www.easydayphuket.com\/da\/bedste-udflugter-og-dagture-phuket\/phuket-middags-cruise\/middagscruise-solnedgangen-phuket\/#primaryimage"},"image":{"@id":"https:\/\/www.easydayphuket.com\/da\/bedste-udflugter-og-dagture-phuket\/phuket-middags-cruise\/middagscruise-solnedgangen-phuket\/#primaryimage"},"thumbnailUrl":"https:\/\/www.easydayphuket.com\/wp-content\/uploads\/2020\/02\/Sunset-Dinner-Cruise-Phuket.jpg","datePublished":"2015-02-26T09:39:52+00:00","dateModified":"2024-04-06T04:52:06+00:00","description":"Middagscruise i Solnedgangen ombord p\u00e5 den charmerende MV Sai Mai med alt inkluderet er en sk\u00f8n m\u00e5de at tilbringe en aften p\u00e5 i vandende syd for Phuket","breadcrumb":{"@id":"https:\/\/www.easydayphuket.com\/da\/bedste-udflugter-og-dagture-phuket\/phuket-middags-cruise\/middagscruise-solnedgangen-phuket\/#breadcrumb"},"inLanguage":"da-DK","potentialAction":[{"@type":"ReadAction","target":["https:\/\/www.easydayphuket.com\/da\/bedste-udflugter-og-dagture-phuket\/phuket-middags-cruise\/middagscruise-solnedgangen-phuket\/"]}]},{"@type":"ImageObject","inLanguage":"da-DK","@id":"https:\/\/www.easydayphuket.com\/da\/bedste-udflugter-og-dagture-phuket\/phuket-middags-cruise\/middagscruise-solnedgangen-phuket\/#primaryimage","url":"https:\/\/www.easydayphuket.com\/wp-content\/uploads\/2020\/02\/Sunset-Dinner-Cruise-Phuket.jpg","contentUrl":"https:\/\/www.easydayphuket.com\/wp-content\/uploads\/2020\/02\/Sunset-Dinner-Cruise-Phuket.jpg","width":1568,"height":1046,"caption":"Sunset Dinner Cruise Phuket"},{"@type":"BreadcrumbList","@id":"https:\/\/www.easydayphuket.com\/da\/bedste-udflugter-og-dagture-phuket\/phuket-middags-cruise\/middagscruise-solnedgangen-phuket\/#breadcrumb","itemListElement":[{"@type":"ListItem","position":1,"name":"Home","item":"https:\/\/www.easydayphuket.com\/da\/"},{"@type":"ListItem","position":2,"name":"Bedste Udflugter i Phuket","item":"https:\/\/www.easydayphuket.com\/da\/bedste-udflugter-og-dagture-phuket\/"},{"@type":"ListItem","position":3,"name":"Phuket Middags Cruise","item":"https:\/\/www.easydayphuket.com\/da\/bedste-udflugter-og-dagture-phuket\/phuket-middags-cruise\/"},{"@type":"ListItem","position":4,"name":"Middagscruise i Solnedgangen i Phuket"}]},{"@type":"WebSite","@id":"https:\/\/www.easydayphuket.com\/#website","url":"https:\/\/www.easydayphuket.com\/","name":"Easy Day Phuket Tours","description":"Din Tur & Rejse Partner i Phuket","publisher":{"@id":"https:\/\/www.easydayphuket.com\/#organization"},"potentialAction":[{"@type":"SearchAction","target":{"@type":"EntryPoint","urlTemplate":"https:\/\/www.easydayphuket.com\/?s={search_term_string}"},"query-input":{"@type":"PropertyValueSpecification","valueRequired":true,"valueName":"search_term_string"}}],"inLanguage":"da-DK"},{"@type":"Organization","@id":"https:\/\/www.easydayphuket.com\/#organization","name":"Easy Day Thailand","url":"https:\/\/www.easydayphuket.com\/","logo":{"@type":"ImageObject","inLanguage":"da-DK","@id":"https:\/\/www.easydayphuket.com\/#\/schema\/logo\/image\/","url":"https:\/\/www.easydayphuket.com\/wp-content\/uploads\/2013\/07\/Sun-Thaiflag_booking12.gif","contentUrl":"https:\/\/www.easydayphuket.com\/wp-content\/uploads\/2013\/07\/Sun-Thaiflag_booking12.gif","width":100,"height":94,"caption":"Easy Day Thailand"},"image":{"@id":"https:\/\/www.easydayphuket.com\/#\/schema\/logo\/image\/"},"sameAs":["https:\/\/www.facebook.com\/Easydayinthailand\/","https:\/\/www.instagram.com\/easydaythailand\/"]}]}},"_links":{"self":[{"href":"https:\/\/www.easydayphuket.com\/da\/wp-json\/wp\/v2\/pages\/8663","targetHints":{"allow":["GET"]}}],"collection":[{"href":"https:\/\/www.easydayphuket.com\/da\/wp-json\/wp\/v2\/pages"}],"about":[{"href":"https:\/\/www.easydayphuket.com\/da\/wp-json\/wp\/v2\/types\/page"}],"author":[{"embeddable":true,"href":"https:\/\/www.easydayphuket.com\/da\/wp-json\/wp\/v2\/users\/12"}],"replies":[{"embeddable":true,"href":"https:\/\/www.easydayphuket.com\/da\/wp-json\/wp\/v2\/comments?post=8663"}],"version-history":[{"count":0,"href":"https:\/\/www.easydayphuket.com\/da\/wp-json\/wp\/v2\/pages\/8663\/revisions"}],"up":[{"embeddable":true,"href":"https:\/\/www.easydayphuket.com\/da\/wp-json\/wp\/v2\/pages\/8660"}],"wp:featuredmedia":[{"embeddable":true,"href":"https:\/\/www.easydayphuket.com\/da\/wp-json\/wp\/v2\/media\/32751"}],"wp:attachment":[{"href":"https:\/\/www.easydayphuket.com\/da\/wp-json\/wp\/v2\/media?parent=8663"}],"curies":[{"name":"wp","href":"https:\/\/api.w.org\/{rel}","templated":true}]}}