{"id":8660,"date":"2015-02-26T16:37:21","date_gmt":"2015-02-26T09:37:21","guid":{"rendered":"https:\/\/www.easydayphuket.com\/?page_id=8660"},"modified":"2024-04-06T11:50:42","modified_gmt":"2024-04-06T04:50:42","slug":"phuket-middags-cruise","status":"publish","type":"page","link":"https:\/\/www.easydayphuket.com\/da\/bedste-udflugter-og-dagture-phuket\/phuket-middags-cruise\/","title":{"rendered":"Phuket Middags Cruise"},"content":{"rendered":"\n<p><a href=\"#form\"><img loading=\"lazy\" decoding=\"async\" class=\"size-full wp-image-2832 alignright\" title=\"Contact Us Now!\" alt=\"Mail - Contact Easy Day Phuket Now!\" src=\"https:\/\/easydayphuket.com\/wp-content\/uploads\/2013\/07\/mail.gif\" width=\"48\" height=\"48\" \/><\/a>Udvalgte Phuket Middags Cruise ture fra Phuket. Afgang fra Chalong Bugten hvor man cruiser rundt syd for Phuket og osse ture i Phang Nga Bugten. Oplev uforglemmelige \u00f8jeblikke med vores Phuket Middags Cruises i den smukke solnedgang.<\/p>\n\n\n\n<figure class=\"wp-block-image alignleft\"><a href=\"https:\/\/www.easydayphuket.com\/da\/bedste-udflugter-og-dagture-phuket\/phuket-middags-cruise\/middagscruise-solnedgangen-phuket\/\"><img loading=\"lazy\" decoding=\"async\" width=\"150\" height=\"150\" src=\"https:\/\/www.easydayphuket.com\/wp-content\/uploads\/2013\/07\/top-phuket-tours-sunset-150x150.jpg\" alt=\"Phuket Dinner Cruise on board MV Sai Mai\" class=\"wp-image-2835\"\/><\/a><figcaption class=\"wp-element-caption\">MV Sai Mai Cruise i Solnedgangen<\/figcaption><\/figure>\n\n\n\n<h2 class=\"wp-block-heading\"><a title=\"Sunset Dinner Cruise Phuket\" href=\"https:\/\/www.easydayphuket.com\/da\/bedste-udflugter-og-dagture-phuket\/phuket-middags-cruise\/middagscruise-solnedgangen-phuket\/\">Ekslusiv Middags Cruise i Solnedgangen<\/a><\/h2>\n\n\n\n<p>Nyd en afslappet eftermiddag &amp; aften<strong> middags cruise<\/strong> ombord p\u00e5 vores b\u00e5d MV Sai Mai. Med h\u00f8jst <strong>10 g\u00e6ster ombord<\/strong> blir det en fantastisk aften hvor vi cruiser rundt i solnedgangen syd for Phuket mens&nbsp; I nyder en herlig middag ombord. <strong>Pris i Thai Baht pr person: [sc_saimai_adult] | B\u00f8rn (3-11 \u00e5r) [sc_saimai_child] <\/strong><\/p>\n\n\n\n<p class=\"has-text-align-right\"><strong><a title=\"Easy Day Contact Form\" href=\"https:\/\/www.easydayphuket.com\/da\/bedste-udflugter-og-dagture-phuket\/phuket-middags-cruise\/middagscruise-solnedgangen-phuket\/#form\">Kontakt Os<\/a><\/strong> | <strong><a title=\"Sunset Dinner cruise on board MV Sai Mai\" href=\"https:\/\/www.easydayphuket.com\/da\/bedste-udflugter-og-dagture-phuket\/phuket-middags-cruise\/middagscruise-solnedgangen-phuket\/\">L\u00e6s mere&#8230;<\/a><\/strong><\/p>\n\n\n<div class=\"divider\"><\/div>\n\n\n\n<figure class=\"wp-block-image alignleft\"><a href=\"https:\/\/www.easydayphuket.com\/phuket-tours\/phuket-dinner-cruise\/sunset-cruise-phuket-phang-nga\/\"><img loading=\"lazy\" decoding=\"async\" width=\"150\" height=\"150\" src=\"https:\/\/www.easydayphuket.com\/wp-content\/uploads\/2013\/10\/4418886187_89159014d5_q.jpg\" alt=\"June Bathra Sunset Dinner Cruise\" class=\"wp-image-3154\" srcset=\"https:\/\/www.easydayphuket.com\/wp-content\/uploads\/2013\/10\/4418886187_89159014d5_q.jpg 150w, https:\/\/www.easydayphuket.com\/wp-content\/uploads\/2013\/10\/4418886187_89159014d5_q-54x55.jpg 54w\" sizes=\"(max-width: 150px) 100vw, 150px\" \/><\/a><figcaption class=\"wp-element-caption\">June Bathra Cruise<\/figcaption><\/figure>\n\n\n\n<h2 class=\"wp-block-heading\"><a title=\"Sunset Cruise Phuket\" href=\"https:\/\/www.easydayphuket.com\/phuket-tours\/phuket-dinner-cruise\/sunset-cruise-phuket-phang-nga\/\">Cruise i Solnedgangen i Phang Nga Bugten<\/a><\/h2>\n\n\n\n<p>Et romantisk cruise i Solnedgangen rundt i den ber\u00f8mte Phang Nga Bugten ombord p\u00e5 den unikke sejlb\u00e5d i kinesisk Junke stil &#8220;June Bahtra&#8221;.&nbsp; <strong>Hver Onsdag &amp; L\u00f8rdag<\/strong> 16.00 &#8211; 21.00 <strong>Pris i Thai Baht pr person:&nbsp;3,600 | B\u00f8rn (2-12 \u00e5r) 2,700<\/strong><\/p>\n\n\n\n<p class=\"has-text-align-right\"><strong><a title=\"Easy Day Contact Form\" href=\"https:\/\/www.easydayphuket.com\/phuket-tours\/phuket-dinner-cruise\/sunset-cruise-phuket-phang-nga\/#form\">Kontakt Os<\/a><\/strong> | <strong>L\u00e6s mere&#8230;<\/strong><\/p>\n\n\n<div class=\"divider\"><\/div>\n\n\n\n\n\n<h2 class=\"wp-block-heading\"><a title=\"Phuket Party Boat Cruise\" href=\"https:\/\/www.easydayphuket.com\/phuket-tours\/phuket-dinner-cruise\/phuket-party-boat-cruise\/\">Phuket Party Cruise<\/a><\/h2>\n\n\n\n<p>Hver Tirsdag tilbyder &#8220;Phuket Party B\u00e5d&#8221; en festlig aften&nbsp; for alle. Party, dans, DJ og en herlig middag med Thai Buffet. <strong>Kun fra November &#8211; April!<\/strong> <strong>Pris i Thai Baht pr person: [sc_party_adult]<\/strong><\/p>\n\n\n\n<p class=\"has-text-align-right\"><strong><a title=\"Easy Day Contact Form\" href=\"https:\/\/www.easydayphuket.com\/phuket-tours\/phuket-dinner-cruise\/phuket-party-boat-cruise\/#form\">Kontakt Os<\/a><\/strong> | <strong><a title=\"Party Boat cruise\" href=\"https:\/\/www.easydayphuket.com\/phuket-tours\/phuket-dinner-cruise\/phuket-party-boat-cruise\/\">L\u00e6s mere&#8230;<\/a><\/strong><\/p>\n\n\n\n<p><div class=\"divider\"><\/div> <br clear=\"all\" \/><a name=\"form\"><\/a><\/p>\n\n\n\n<h2 class=\"wp-block-heading\">Kontakt Os Nu for dit Phuket Middags Cruise<\/h2>\n\n\n\n<script charset=\"utf-8\" type=\"text\/javascript\" src=\"\/\/js.hsforms.net\/forms\/embed\/v2.js\"><\/script>\n<script>\n  hbspt.forms.create({\n    region: \"na1\",\n    portalId: \"3413662\",\n    formId: \"754fb1c1-f3a8-443f-b140-4c5c6ce7ba68\"\n  });\n<\/script>\n","protected":false},"excerpt":{"rendered":"<p>Udvalgte Phuket Middags Cruise ture fra Phuket. Afgang fra Chalong Bugten hvor man cruiser rundt syd for Phuket og osse ture i Phang Nga Bugten. Oplev uforglemmelige \u00f8jeblikke med vores Phuket Middags Cruises i den smukke solnedgang. Ekslusiv Middags Cruise i Solnedgangen Nyd en afslappet eftermiddag &amp; aften middags cruise ombord p\u00e5 vores b\u00e5d MV [&hellip;]<\/p>\n","protected":false},"author":12,"featured_media":0,"parent":8572,"menu_order":0,"comment_status":"closed","ping_status":"closed","template":"template-fullwidth.php","meta":{"_acf_changed":false,"_et_pb_use_builder":"","_et_pb_old_content":"","_et_gb_content_width":"","footnotes":""},"class_list":["post-8660","page","type-page","status-publish","hentry"],"acf":[],"yoast_head":"<!-- This site is optimized with the Yoast SEO plugin v25.1 - https:\/\/yoast.com\/wordpress\/plugins\/seo\/ -->\n<title>Phuket Middags Cruise - Easy Day Phuket<\/title>\n<meta name=\"description\" content=\"Phuket Middags Cruise gir jer en go mulighed for en romantisk aften eller familietur med go mad og drikke i solnedgangens sk\u00e6r eller ta med til tirsdagsfest\" \/>\n<meta name=\"robots\" content=\"index, follow, max-snippet:-1, max-image-preview:large, max-video-preview:-1\" \/>\n<link rel=\"canonical\" href=\"https:\/\/www.easydayphuket.com\/da\/bedste-udflugter-og-dagture-phuket\/phuket-middags-cruise\/\" \/>\n<meta property=\"og:locale\" content=\"da_DK\" \/>\n<meta property=\"og:type\" content=\"article\" \/>\n<meta property=\"og:title\" content=\"Phuket Middags Cruise - Easy Day Phuket\" \/>\n<meta property=\"og:description\" content=\"Phuket Middags Cruise gir jer en go mulighed for en romantisk aften eller familietur med go mad og drikke i solnedgangens sk\u00e6r eller ta med til tirsdagsfest\" \/>\n<meta property=\"og:url\" content=\"https:\/\/www.easydayphuket.com\/da\/bedste-udflugter-og-dagture-phuket\/phuket-middags-cruise\/\" \/>\n<meta property=\"og:site_name\" content=\"Easy Day Phuket Tours\" \/>\n<meta property=\"article:publisher\" content=\"https:\/\/www.facebook.com\/Easydayinthailand\/\" \/>\n<meta property=\"article:modified_time\" content=\"2024-04-06T04:50:42+00:00\" \/>\n<meta property=\"og:image\" content=\"https:\/\/www.easydayphuket.com\/wp-content\/uploads\/2013\/07\/top-phuket-tours-sunset-150x150.jpg\" \/>\n<meta name=\"twitter:label1\" content=\"Estimeret l\u00e6setid\" \/>\n\t<meta name=\"twitter:data1\" content=\"2 minutter\" \/>\n<script type=\"application\/ld+json\" class=\"yoast-schema-graph\">{\"@context\":\"https:\/\/schema.org\",\"@graph\":[{\"@type\":\"WebPage\",\"@id\":\"https:\/\/www.easydayphuket.com\/da\/bedste-udflugter-og-dagture-phuket\/phuket-middags-cruise\/\",\"url\":\"https:\/\/www.easydayphuket.com\/da\/bedste-udflugter-og-dagture-phuket\/phuket-middags-cruise\/\",\"name\":\"Phuket Middags Cruise - Easy Day Phuket\",\"isPartOf\":{\"@id\":\"https:\/\/www.easydayphuket.com\/#website\"},\"primaryImageOfPage\":{\"@id\":\"https:\/\/www.easydayphuket.com\/da\/bedste-udflugter-og-dagture-phuket\/phuket-middags-cruise\/#primaryimage\"},\"image\":{\"@id\":\"https:\/\/www.easydayphuket.com\/da\/bedste-udflugter-og-dagture-phuket\/phuket-middags-cruise\/#primaryimage\"},\"thumbnailUrl\":\"https:\/\/www.easydayphuket.com\/wp-content\/uploads\/2013\/07\/top-phuket-tours-sunset-150x150.jpg\",\"datePublished\":\"2015-02-26T09:37:21+00:00\",\"dateModified\":\"2024-04-06T04:50:42+00:00\",\"description\":\"Phuket Middags Cruise gir jer en go mulighed for en romantisk aften eller familietur med go mad og drikke i solnedgangens sk\u00e6r eller ta med til tirsdagsfest\",\"breadcrumb\":{\"@id\":\"https:\/\/www.easydayphuket.com\/da\/bedste-udflugter-og-dagture-phuket\/phuket-middags-cruise\/#breadcrumb\"},\"inLanguage\":\"da-DK\",\"potentialAction\":[{\"@type\":\"ReadAction\",\"target\":[\"https:\/\/www.easydayphuket.com\/da\/bedste-udflugter-og-dagture-phuket\/phuket-middags-cruise\/\"]}]},{\"@type\":\"ImageObject\",\"inLanguage\":\"da-DK\",\"@id\":\"https:\/\/www.easydayphuket.com\/da\/bedste-udflugter-og-dagture-phuket\/phuket-middags-cruise\/#primaryimage\",\"url\":\"https:\/\/www.easydayphuket.com\/wp-content\/uploads\/2013\/07\/top-phuket-tours-sunset-150x150.jpg\",\"contentUrl\":\"https:\/\/www.easydayphuket.com\/wp-content\/uploads\/2013\/07\/top-phuket-tours-sunset-150x150.jpg\"},{\"@type\":\"BreadcrumbList\",\"@id\":\"https:\/\/www.easydayphuket.com\/da\/bedste-udflugter-og-dagture-phuket\/phuket-middags-cruise\/#breadcrumb\",\"itemListElement\":[{\"@type\":\"ListItem\",\"position\":1,\"name\":\"Home\",\"item\":\"https:\/\/www.easydayphuket.com\/da\/\"},{\"@type\":\"ListItem\",\"position\":2,\"name\":\"Bedste Udflugter i Phuket\",\"item\":\"https:\/\/www.easydayphuket.com\/da\/bedste-udflugter-og-dagture-phuket\/\"},{\"@type\":\"ListItem\",\"position\":3,\"name\":\"Phuket Middags Cruise\"}]},{\"@type\":\"WebSite\",\"@id\":\"https:\/\/www.easydayphuket.com\/#website\",\"url\":\"https:\/\/www.easydayphuket.com\/\",\"name\":\"Easy Day Phuket Tours\",\"description\":\"Din Tur & Rejse Partner i Phuket\",\"publisher\":{\"@id\":\"https:\/\/www.easydayphuket.com\/#organization\"},\"potentialAction\":[{\"@type\":\"SearchAction\",\"target\":{\"@type\":\"EntryPoint\",\"urlTemplate\":\"https:\/\/www.easydayphuket.com\/?s={search_term_string}\"},\"query-input\":{\"@type\":\"PropertyValueSpecification\",\"valueRequired\":true,\"valueName\":\"search_term_string\"}}],\"inLanguage\":\"da-DK\"},{\"@type\":\"Organization\",\"@id\":\"https:\/\/www.easydayphuket.com\/#organization\",\"name\":\"Easy Day Thailand\",\"url\":\"https:\/\/www.easydayphuket.com\/\",\"logo\":{\"@type\":\"ImageObject\",\"inLanguage\":\"da-DK\",\"@id\":\"https:\/\/www.easydayphuket.com\/#\/schema\/logo\/image\/\",\"url\":\"https:\/\/www.easydayphuket.com\/wp-content\/uploads\/2013\/07\/Sun-Thaiflag_booking12.gif\",\"contentUrl\":\"https:\/\/www.easydayphuket.com\/wp-content\/uploads\/2013\/07\/Sun-Thaiflag_booking12.gif\",\"width\":100,\"height\":94,\"caption\":\"Easy Day Thailand\"},\"image\":{\"@id\":\"https:\/\/www.easydayphuket.com\/#\/schema\/logo\/image\/\"},\"sameAs\":[\"https:\/\/www.facebook.com\/Easydayinthailand\/\",\"https:\/\/www.instagram.com\/easydaythailand\/\"]}]}<\/script>\n<!-- \/ Yoast SEO plugin. -->","yoast_head_json":{"title":"Phuket Middags Cruise - Easy Day Phuket","description":"Phuket Middags Cruise gir jer en go mulighed for en romantisk aften eller familietur med go mad og drikke i solnedgangens sk\u00e6r eller ta med til tirsdagsfest","robots":{"index":"index","follow":"follow","max-snippet":"max-snippet:-1","max-image-preview":"max-image-preview:large","max-video-preview":"max-video-preview:-1"},"canonical":"https:\/\/www.easydayphuket.com\/da\/bedste-udflugter-og-dagture-phuket\/phuket-middags-cruise\/","og_locale":"da_DK","og_type":"article","og_title":"Phuket Middags Cruise - Easy Day Phuket","og_description":"Phuket Middags Cruise gir jer en go mulighed for en romantisk aften eller familietur med go mad og drikke i solnedgangens sk\u00e6r eller ta med til tirsdagsfest","og_url":"https:\/\/www.easydayphuket.com\/da\/bedste-udflugter-og-dagture-phuket\/phuket-middags-cruise\/","og_site_name":"Easy Day Phuket Tours","article_publisher":"https:\/\/www.facebook.com\/Easydayinthailand\/","article_modified_time":"2024-04-06T04:50:42+00:00","og_image":[{"url":"https:\/\/www.easydayphuket.com\/wp-content\/uploads\/2013\/07\/top-phuket-tours-sunset-150x150.jpg","type":"","width":"","height":""}],"twitter_misc":{"Estimeret l\u00e6setid":"2 minutter"},"schema":{"@context":"https:\/\/schema.org","@graph":[{"@type":"WebPage","@id":"https:\/\/www.easydayphuket.com\/da\/bedste-udflugter-og-dagture-phuket\/phuket-middags-cruise\/","url":"https:\/\/www.easydayphuket.com\/da\/bedste-udflugter-og-dagture-phuket\/phuket-middags-cruise\/","name":"Phuket Middags Cruise - Easy Day Phuket","isPartOf":{"@id":"https:\/\/www.easydayphuket.com\/#website"},"primaryImageOfPage":{"@id":"https:\/\/www.easydayphuket.com\/da\/bedste-udflugter-og-dagture-phuket\/phuket-middags-cruise\/#primaryimage"},"image":{"@id":"https:\/\/www.easydayphuket.com\/da\/bedste-udflugter-og-dagture-phuket\/phuket-middags-cruise\/#primaryimage"},"thumbnailUrl":"https:\/\/www.easydayphuket.com\/wp-content\/uploads\/2013\/07\/top-phuket-tours-sunset-150x150.jpg","datePublished":"2015-02-26T09:37:21+00:00","dateModified":"2024-04-06T04:50:42+00:00","description":"Phuket Middags Cruise gir jer en go mulighed for en romantisk aften eller familietur med go mad og drikke i solnedgangens sk\u00e6r eller ta med til tirsdagsfest","breadcrumb":{"@id":"https:\/\/www.easydayphuket.com\/da\/bedste-udflugter-og-dagture-phuket\/phuket-middags-cruise\/#breadcrumb"},"inLanguage":"da-DK","potentialAction":[{"@type":"ReadAction","target":["https:\/\/www.easydayphuket.com\/da\/bedste-udflugter-og-dagture-phuket\/phuket-middags-cruise\/"]}]},{"@type":"ImageObject","inLanguage":"da-DK","@id":"https:\/\/www.easydayphuket.com\/da\/bedste-udflugter-og-dagture-phuket\/phuket-middags-cruise\/#primaryimage","url":"https:\/\/www.easydayphuket.com\/wp-content\/uploads\/2013\/07\/top-phuket-tours-sunset-150x150.jpg","contentUrl":"https:\/\/www.easydayphuket.com\/wp-content\/uploads\/2013\/07\/top-phuket-tours-sunset-150x150.jpg"},{"@type":"BreadcrumbList","@id":"https:\/\/www.easydayphuket.com\/da\/bedste-udflugter-og-dagture-phuket\/phuket-middags-cruise\/#breadcrumb","itemListElement":[{"@type":"ListItem","position":1,"name":"Home","item":"https:\/\/www.easydayphuket.com\/da\/"},{"@type":"ListItem","position":2,"name":"Bedste Udflugter i Phuket","item":"https:\/\/www.easydayphuket.com\/da\/bedste-udflugter-og-dagture-phuket\/"},{"@type":"ListItem","position":3,"name":"Phuket Middags Cruise"}]},{"@type":"WebSite","@id":"https:\/\/www.easydayphuket.com\/#website","url":"https:\/\/www.easydayphuket.com\/","name":"Easy Day Phuket Tours","description":"Din Tur & Rejse Partner i Phuket","publisher":{"@id":"https:\/\/www.easydayphuket.com\/#organization"},"potentialAction":[{"@type":"SearchAction","target":{"@type":"EntryPoint","urlTemplate":"https:\/\/www.easydayphuket.com\/?s={search_term_string}"},"query-input":{"@type":"PropertyValueSpecification","valueRequired":true,"valueName":"search_term_string"}}],"inLanguage":"da-DK"},{"@type":"Organization","@id":"https:\/\/www.easydayphuket.com\/#organization","name":"Easy Day Thailand","url":"https:\/\/www.easydayphuket.com\/","logo":{"@type":"ImageObject","inLanguage":"da-DK","@id":"https:\/\/www.easydayphuket.com\/#\/schema\/logo\/image\/","url":"https:\/\/www.easydayphuket.com\/wp-content\/uploads\/2013\/07\/Sun-Thaiflag_booking12.gif","contentUrl":"https:\/\/www.easydayphuket.com\/wp-content\/uploads\/2013\/07\/Sun-Thaiflag_booking12.gif","width":100,"height":94,"caption":"Easy Day Thailand"},"image":{"@id":"https:\/\/www.easydayphuket.com\/#\/schema\/logo\/image\/"},"sameAs":["https:\/\/www.facebook.com\/Easydayinthailand\/","https:\/\/www.instagram.com\/easydaythailand\/"]}]}},"_links":{"self":[{"href":"https:\/\/www.easydayphuket.com\/da\/wp-json\/wp\/v2\/pages\/8660","targetHints":{"allow":["GET"]}}],"collection":[{"href":"https:\/\/www.easydayphuket.com\/da\/wp-json\/wp\/v2\/pages"}],"about":[{"href":"https:\/\/www.easydayphuket.com\/da\/wp-json\/wp\/v2\/types\/page"}],"author":[{"embeddable":true,"href":"https:\/\/www.easydayphuket.com\/da\/wp-json\/wp\/v2\/users\/12"}],"replies":[{"embeddable":true,"href":"https:\/\/www.easydayphuket.com\/da\/wp-json\/wp\/v2\/comments?post=8660"}],"version-history":[{"count":0,"href":"https:\/\/www.easydayphuket.com\/da\/wp-json\/wp\/v2\/pages\/8660\/revisions"}],"up":[{"embeddable":true,"href":"https:\/\/www.easydayphuket.com\/da\/wp-json\/wp\/v2\/pages\/8572"}],"wp:attachment":[{"href":"https:\/\/www.easydayphuket.com\/da\/wp-json\/wp\/v2\/media?parent=8660"}],"curies":[{"name":"wp","href":"https:\/\/api.w.org\/{rel}","templated":true}]}}