{"id":8657,"date":"2015-02-26T16:24:01","date_gmt":"2015-02-26T09:24:01","guid":{"rendered":"https:\/\/www.easydayphuket.com\/?page_id=8657"},"modified":"2024-04-06T11:25:29","modified_gmt":"2024-04-06T04:25:29","slug":"udflugter-dagsture-phuket","status":"publish","type":"page","link":"https:\/\/www.easydayphuket.com\/da\/bedste-udflugter-og-dagture-phuket\/udflugter-dagsture-phuket\/","title":{"rendered":"Udflugter &amp; Dagsture i Phuket"},"content":{"rendered":"\n<p>En Eksklusiv Udflugt eller Dagstur i&nbsp; Phuket er jeres bedste valg hvis I gerne vil opleve de bedste steder og attraktioner i Phuket. Vores Eksklusive Udflugter &amp; Dagsture er skr\u00e6ddersyede til jeres behov, s\u00e5 selv om I ikke har s\u00e5 meget tid eller masser af tid til r\u00e5dighed s\u00e6tter vi et godt program sammen som lige passer til jer.<\/p>\n\n\n\n<h2 class=\"wp-block-heading\">Eksklusiv Udflugt\/Dagstur p\u00e5 Phuket \u00d8en<\/h2>\n\n\n\n<figure class=\"wp-block-image alignleft is-resized is-style-rounded\"><a href=\"https:\/\/www.easydayphuket.com\/da\/bedste-udflugter-og-dagture-phuket\/udflugter-dagsture-phuket\/halvdags-sightseeing-tur-phuket\/\"><img loading=\"lazy\" decoding=\"async\" width=\"150\" height=\"150\" src=\"https:\/\/www.easydayphuket.com\/wp-content\/uploads\/2013\/07\/kata-noi-view-point-phuket-150x150.jpg\" alt=\"A visit at Kata  Noi View Point with Phuket Sightseeing Tours\" class=\"wp-image-5360\" style=\"width:150px;height:auto\"\/><\/a><\/figure>\n\n\n\n<h3 class=\"wp-block-heading\"><a title=\"Half Day Tour Phuket Sightseeing\" href=\"https:\/\/www.easydayphuket.com\/da\/bedste-udflugter-og-dagture-phuket\/udflugter-dagsture-phuket\/halvdags-sightseeing-tur-phuket\/\">Halvdagstur p\u00e5 \u00d8en<\/a><\/h3>\n\n\n\n<p>Nyd en Eksklusiv Halvdagstur rundt p\u00e5 Phuket \u00d8en og oplev de mest ber\u00f8mte steder og attraktioner p\u00e5 \u00d8en. G\u00e5 p\u00e5 opdagelse p\u00e5 denne sk\u00f8nne \u00d8 med masser af tid til at stoppe op og ta billeder i ro og mag &#8211; vores chauff\u00f8r k\u00f8rer os sikkert rundt p\u00e5 \u00d8en i vores AC minibus . <strong> Pris i Thai Baht: 1-2 voksne 4,600 | Ekstra Person 900<\/strong><\/p>\n\n\n\n<p class=\"has-text-align-right\"><a title=\"Half Day Tour Phuket Sightseeing\" href=\"https:\/\/www.easydayphuket.com\/da\/bedste-udflugter-og-dagture-phuket\/udflugter-dagsture-phuket\/halvdags-sightseeing-tur-phuket\/\"><strong>L\u00e6se mere&#8230;<\/strong><\/a><\/p>\n\n\n\n<hr class=\"wp-block-separator aligncenter has-alpha-channel-opacity is-style-dots\"\/>\n\n\n\n<figure class=\"wp-block-image alignleft is-style-rounded\"><a href=\"https:\/\/www.easydayphuket.com\/da\/bedste-udflugter-og-dagture-phuket\/udflugter-dagsture-phuket\/heldags-sightseeing-tur-phuket\/\"><img loading=\"lazy\" decoding=\"async\" width=\"150\" height=\"150\" src=\"https:\/\/www.easydayphuket.com\/wp-content\/uploads\/2013\/08\/old-phuket-town-soi-romanee-150x150.jpg\" alt=\"Discover side street in Old Phuket Town on a full day tour Phuket\" class=\"wp-image-5361\"\/><\/a><figcaption class=\"wp-element-caption\">Soi Romanee &#8211; Den gamle bydel<\/figcaption><\/figure>\n\n\n\n<h3 class=\"wp-block-heading\"><a title=\"Full Day Tour Phuket Sightseeing\" href=\"https:\/\/www.easydayphuket.com\/da\/bedste-udflugter-og-dagture-phuket\/udflugter-dagsture-phuket\/heldags-sightseeing-tur-phuket\/\">Heldagstur p\u00e5 \u00d8en<\/a><\/h3>\n\n\n\n<p>P\u00e5 vores Eksklusive Heldagstur p\u00e5 Phuket kommer I til at opleve en hel del mere end p\u00e5 halvdagsturen da vi har mere tid til r\u00e5dighed. Vi kan stadigv\u00e6k ikke n\u00e5 det hele p\u00e5 en dag men vi g\u00f8r vores bedste for at vise jer h\u00f8jdepunterne og de mest interessante steder. <strong> Pris i Thai Baht: 1-2 voksne 8,200 | Ekstra Person 1,500<\/strong><\/p>\n\n\n\n<p class=\"has-text-align-right\"><a title=\"Full Day Tour Phuket Sightseeing\" href=\"https:\/\/www.easydayphuket.com\/da\/bedste-udflugter-og-dagture-phuket\/udflugter-dagsture-phuket\/heldags-sightseeing-tur-phuket\/\"><strong>L\u00e6se Mere&#8230;<\/strong><\/a><\/p>\n\n\n\n<hr class=\"wp-block-separator has-alpha-channel-opacity\"\/>\n\n\n\n<figure class=\"wp-block-image alignleft is-style-rounded\"><a href=\"https:\/\/www.easydayphuket.com\/da\/bedste-udflugter-og-dagture-phuket\/udflugter-dagsture-phuket\/weekend-markedet-phuket\/\"><img loading=\"lazy\" decoding=\"async\" width=\"150\" height=\"150\" src=\"https:\/\/www.easydayphuket.com\/wp-content\/uploads\/2013\/08\/Naka-Weekend-Market-Phuket-150x150.jpg\" alt=\"Weekend Market Phuket at Naka Temple\" class=\"wp-image-5364\"\/><\/a><figcaption class=\"wp-element-caption\">Weekend Markedet<\/figcaption><\/figure>\n\n\n\n<h3 class=\"wp-block-heading\"><a title=\"Weekend Market Phuket\" href=\"https:\/\/www.easydayphuket.com\/da\/bedste-udflugter-og-dagture-phuket\/udflugter-dagsture-phuket\/weekend-markedet-phuket\/\">Udflugt til Weekend Markedet<\/a><\/h3>\n\n\n\n<p>Det er bestemt et bes\u00f8g v\u00e6rd p\u00e5 Weekend markedet som er det lokale loppemarked i Phuket Town t\u00e6t p\u00e5 Naka Temple hvis I ka li at shoppe. Hver L\u00f8rdag &amp; S\u00f8ndag fra 17:00 \u2013 23:00 ka I finde alt lige fra t\u00f8j, elektronik, smykker, tasker, sko, dvd&#8217;er og en masse andet tingel tangel og pr\u00f8v endelig det lokale gadek\u00f8kken. <strong>Pris i Thai Baht: 1-2 voksne 5,600 | Ekstra Person 1,500<\/strong><\/p>\n\n\n\n<p class=\"has-text-align-right\"><a title=\"Weekend Market Phuket\" href=\"https:\/\/www.easydayphuket.com\/da\/bedste-udflugter-og-dagture-phuket\/udflugter-dagsture-phuket\/weekend-markedet-phuket\/\"><strong>L\u00e6s mere&#8230;<\/strong><\/a><\/p>\n\n\n\n<hr class=\"wp-block-separator has-alpha-channel-opacity\"\/>\n\n\n\n<figure class=\"wp-block-image alignleft is-style-rounded\"><a href=\"https:\/\/www.easydayphuket.com\/da\/bedste-udflugter-og-dagture-phuket\/udflugter-dagsture-phuket\/udflugt-til-den-gamle-bydel-phuket-town\/\"><img loading=\"lazy\" decoding=\"async\" width=\"150\" height=\"150\" src=\"https:\/\/www.easydayphuket.com\/wp-content\/uploads\/2014\/03\/House-on-Thalang-Road-Old-Phuket-Town-150x150.jpg\" alt=\"House on Thalang Road, Old Phuket Town\" class=\"wp-image-5366\"\/><\/a><figcaption class=\"wp-element-caption\">Hus i Thalang Road<\/figcaption><\/figure>\n\n\n\n<h3 class=\"wp-block-heading\"><a title=\"Phuket Old Town Tour\" href=\"https:\/\/www.easydayphuket.com\/da\/bedste-udflugter-og-dagture-phuket\/udflugter-dagsture-phuket\/udflugt-til-den-gamle-bydel-phuket-town\/\">Udflugt til Den Gamle Bydel i Phuket Town<\/a><\/h3>\n\n\n\n<p><strong>Turen til Den Gamle Bydel i Phuket Town <\/strong>vil introducere jer til omr\u00e5der i Phuket som man normalt ikke lige ville kunne finde p\u00e5 egen h\u00e5nd. Den gamle bydel i Phuket town er rig p\u00e5 gammel histore, traditioner og atmosf\u00e6re og oplev de flotte gader og str\u00e6der med bygninger i oldportugisisk stil side om side med kinesiske templer og altre, lokale markeder og masser af mindre barer,cafeer og butikker gemt v\u00e6k i de smalle gader. <strong>Pris i Thai Baht: 1-2 voksne 4,600 | Ekstra Person&nbsp;900<\/strong><\/p>\n\n\n\n<p class=\"has-text-align-right\"><a title=\"Phuket Old Town Tour\" href=\"https:\/\/www.easydayphuket.com\/da\/bedste-udflugter-og-dagture-phuket\/udflugter-dagsture-phuket\/udflugt-til-den-gamle-bydel-phuket-town\/\"><strong>L\u00e6se mere&#8230;<\/strong><\/a><\/p>\n\n\n\n<hr class=\"wp-block-separator has-alpha-channel-opacity\"\/>\n\n\n\n<p><a href=\"#form\"><img loading=\"lazy\" decoding=\"async\" class=\"size-full wp-image-2832 alignright\" title=\"Contact Us Now!\" alt=\"Mail - Contact Easy Day Phuket Now!\" src=\"https:\/\/easydayphuket.com\/wp-content\/uploads\/2013\/07\/mail.gif\" width=\"48\" height=\"48\" \/><\/a>Der er en masse at opleve og se i Phuket. Som mange andre turist destinationer er mange sev\u00e6rdigheder godt bes\u00f8gt, men der er osse masser af steder hvor der ikke kommer s\u00e5 mange turister. Lad os vise jer de bedste Attraktioner &amp; Sev\u00e6rdigheder uden de Store Menneskem\u00e6ngder og vi bringer jer til steder som er sv\u00e6re at finde med mindre man er lokal kendt og som de fleste turister g\u00e5r glip af.<\/p>\n\n\n\n<h2 class=\"wp-block-heading\">Top 3 Attraktioner for Udflugter\/Ture i Phuket<\/h2>\n\n\n\n<h3 class=\"wp-block-heading\">Den Gamle Bydel i Phuket Town<\/h3>\n\n\n\n<p>Den del af Phuket town som har karakter, historie og nogle interessante arkitektoniske perler som b\u00f8r udforskes. Kinesiske altre, lokale markeder, Buddhistiske Templer, sm\u00e5 butikker godt gemt v\u00e6k i de smalle gader og str\u00e6der. Her findes det autentiske Thailand. <a title=\"Old Phuket Town\" href=\"https:\/\/www.easydayphuket.com\/old-phuket-town\/\">Den Gamle Bydel i Phuket Town<\/a><\/p>\n\n\n\n<h3 class=\"wp-block-heading\">Udsigtspunkter i Phuket<\/h3>\n\n\n\n<p><a title=\"Promthep Cape\" href=\"https:\/\/www.easydayphuket.com\/promthep-cape\/\">Promthep Cape<\/a>, Kata Udsigtspunkt og&nbsp; <a title=\"Big Buddha\" href=\"https:\/\/www.easydayphuket.com\/big-buddha\/\">Big Buddha<\/a> b\u00f8r v\u00e6re p\u00e5 jeres liste over steder som b\u00f8r opleves. og der er masser af mindre udsigtspunkter spredt rundt p\u00e5 \u00f8en som vi vil vise jer p\u00e5 vores udflugter &amp; ture.<\/p>\n\n\n\n<h3 class=\"wp-block-heading\">Templer &amp; Altre<\/h3>\n\n\n\n<p>Oplev Buddhistiske Templer s\u00e5 som <a title=\"Wat Chalong Phuket\" href=\"https:\/\/www.easydayphuket.com\/wat-chalong-phuket\/\">Wat Chalong<\/a>, Big Buddha, eller lad os vise jer de mindre templer som ikke er s\u00e5 overrendt og hvor man kan opleve den lokale atmosf\u00e6re og historie. G\u00e5 ikke glip af de mange Kinesiske Templer &amp; Altre som er s\u00e6rligt vigtige i oktober&nbsp; under den \u00e5rlige Vegetariske Festival i Phuket. Festivalen har v\u00e6ret en tradition i Phuket siden 1825.<\/p>\n\n\n\n<h2 class=\"wp-block-heading\">Andre popul\u00e6re attraktioner<\/h2>\n\n\n\n<h3 class=\"wp-block-heading\">Strande<\/h3>\n\n\n\n<p>Phuket \u00f8en er ber\u00f8mt for sine fine strande. Langs hele vestkysten ka man finde den ene bounty strand efter den anden, lige fra <a title=\"Mai Khao Beach \u2013 Beaches of Phuket\" href=\"https:\/\/www.easydayphuket.com\/mai-khao-beach-beaches-phuket\/\">Mai Khao Stranden <\/a>i det nordlige <a title=\"Rawai Beach \u2013 The Beaches of Phuket\" href=\"https:\/\/www.easydayphuket.com\/rawai-beach\/\">Rawai Stranden<\/a> p\u00e5 den sydlige del af \u00f8en. Men mest ber\u00f8mt er Patong, Karon &amp; Kata strandende, men osse Kamala, Laem Sing, &amp; Surin er et bes\u00f8g v\u00e6rd<\/p>\n\n\n\n<h3 class=\"wp-block-heading\">Vandfald<\/h3>\n\n\n\n<p>Man finder ikke k\u00e6mpe fossende vandfald i hvert fald i h\u00f8js\u00e6sonen, men her er en del mindre vandfald s\u00e5 som Ton Sai, Bang Pae &amp; Kathu Vandfald. Herligt sted at k\u00f8le af da der er masser af muligheder for at f\u00e5 en dukkert i de sm\u00e5 s\u00f8er som dannes nedenfor vandfaldende og frisk luft v\u00e6k fra byens &#8220;r\u00f8g og st\u00f8j&#8221; &#8211; Bare et herligt stop p\u00e5 jeres videre f\u00e6rd rundt p\u00e5 \u00f8en.<\/p>\n\n\n\n<h3 class=\"wp-block-heading\">Museer<\/h3>\n\n\n\n<p>Vil I gerne l\u00e6re mere om Phukets historie ? S\u00e5 bes\u00f8g et af Phuket&#8217;s Museer s\u00e5 som Thalang National Museum, Tin Minedrifts Museet eller det ber\u00f8mte Thai Hua Museum.<\/p>\n\n\n\n<h3 class=\"wp-block-heading\">Andre \u00d8er &amp; Sev\u00e6rdigheder i N\u00e6rheden<\/h3>\n\n\n\n<p>Phuket har mange fantastiske steder, men lige p\u00e5 den anden side af Phuket \u00f8en er der f.eks disse utrolige kalkstensklipper i Phang Nga Bugten,&nbsp; <a title=\"Koh Phi Phi Island \u2013 The Jewel of Krabi Province\" href=\"https:\/\/www.easydayphuket.com\/koh-phi-phi-island-juwel-krabi-province\/\">Phi Phi Island<\/a> og Khao Sok National Park. Vi arranger private ture eller gruppe ture til alle disse steder.<\/p>\n\n\n\n<script charset=\"utf-8\" type=\"text\/javascript\" src=\"\/\/js.hsforms.net\/forms\/embed\/v2.js\"><\/script>\n<script>\n  hbspt.forms.create({\n    region: \"na1\",\n    portalId: \"3413662\",\n    formId: \"754fb1c1-f3a8-443f-b140-4c5c6ce7ba68\"\n  });\n<\/script>\n","protected":false},"excerpt":{"rendered":"<p>En Eksklusiv Udflugt eller Dagstur i&nbsp; Phuket er jeres bedste valg hvis I gerne vil opleve de bedste steder og attraktioner i Phuket. Vores Eksklusive Udflugter &amp; Dagsture er skr\u00e6ddersyede til jeres behov, s\u00e5 selv om I ikke har s\u00e5 meget tid eller masser af tid til r\u00e5dighed s\u00e6tter vi et godt program sammen som [&hellip;]<\/p>\n","protected":false},"author":12,"featured_media":8659,"parent":8572,"menu_order":0,"comment_status":"closed","ping_status":"closed","template":"","meta":{"_acf_changed":false,"_et_pb_use_builder":"","_et_pb_old_content":"","_et_gb_content_width":"","footnotes":""},"class_list":["post-8657","page","type-page","status-publish","has-post-thumbnail","hentry"],"acf":[],"yoast_head":"<!-- This site is optimized with the Yoast SEO plugin v25.1 - https:\/\/yoast.com\/wordpress\/plugins\/seo\/ -->\n<title>Udflugter &amp; Dagsture i Phuket - Easy Day Phuket<\/title>\n<meta name=\"description\" content=\"Udflugter &amp; Dagsture i Phuket giver jer mulighed for at pr\u00f8ve lidt af hver, strandture, b\u00e5dture, dykning, byture, sev\u00e6rdigheder, markeder eller shows\" \/>\n<meta name=\"robots\" content=\"index, follow, max-snippet:-1, max-image-preview:large, max-video-preview:-1\" \/>\n<link rel=\"canonical\" href=\"https:\/\/www.easydayphuket.com\/da\/bedste-udflugter-og-dagture-phuket\/udflugter-dagsture-phuket\/\" \/>\n<meta property=\"og:locale\" content=\"da_DK\" \/>\n<meta property=\"og:type\" content=\"article\" \/>\n<meta property=\"og:title\" content=\"Udflugter &amp; Dagsture i Phuket - Easy Day Phuket\" \/>\n<meta property=\"og:description\" content=\"Udflugter &amp; Dagsture i Phuket giver jer mulighed for at pr\u00f8ve lidt af hver, strandture, b\u00e5dture, dykning, byture, sev\u00e6rdigheder, markeder eller shows\" \/>\n<meta property=\"og:url\" content=\"https:\/\/www.easydayphuket.com\/da\/bedste-udflugter-og-dagture-phuket\/udflugter-dagsture-phuket\/\" \/>\n<meta property=\"og:site_name\" content=\"Easy Day Phuket Tours\" \/>\n<meta property=\"article:publisher\" content=\"https:\/\/www.facebook.com\/Easydayinthailand\/\" \/>\n<meta property=\"article:modified_time\" content=\"2024-04-06T04:25:29+00:00\" \/>\n<meta property=\"og:image\" content=\"https:\/\/www.easydayphuket.com\/wp-content\/uploads\/2013\/07\/kata-noi-view-point-phuket.jpg\" \/>\n\t<meta property=\"og:image:width\" content=\"1024\" \/>\n\t<meta property=\"og:image:height\" content=\"680\" \/>\n\t<meta property=\"og:image:type\" content=\"image\/jpeg\" \/>\n<meta name=\"twitter:label1\" content=\"Estimeret l\u00e6setid\" \/>\n\t<meta name=\"twitter:data1\" content=\"5 minutter\" \/>\n<script type=\"application\/ld+json\" class=\"yoast-schema-graph\">{\"@context\":\"https:\/\/schema.org\",\"@graph\":[{\"@type\":\"WebPage\",\"@id\":\"https:\/\/www.easydayphuket.com\/da\/bedste-udflugter-og-dagture-phuket\/udflugter-dagsture-phuket\/\",\"url\":\"https:\/\/www.easydayphuket.com\/da\/bedste-udflugter-og-dagture-phuket\/udflugter-dagsture-phuket\/\",\"name\":\"Udflugter & Dagsture i Phuket - Easy Day Phuket\",\"isPartOf\":{\"@id\":\"https:\/\/www.easydayphuket.com\/#website\"},\"primaryImageOfPage\":{\"@id\":\"https:\/\/www.easydayphuket.com\/da\/bedste-udflugter-og-dagture-phuket\/udflugter-dagsture-phuket\/#primaryimage\"},\"image\":{\"@id\":\"https:\/\/www.easydayphuket.com\/da\/bedste-udflugter-og-dagture-phuket\/udflugter-dagsture-phuket\/#primaryimage\"},\"thumbnailUrl\":\"https:\/\/www.easydayphuket.com\/wp-content\/uploads\/2013\/07\/kata-noi-view-point-phuket.jpg\",\"datePublished\":\"2015-02-26T09:24:01+00:00\",\"dateModified\":\"2024-04-06T04:25:29+00:00\",\"description\":\"Udflugter & Dagsture i Phuket giver jer mulighed for at pr\u00f8ve lidt af hver, strandture, b\u00e5dture, dykning, byture, sev\u00e6rdigheder, markeder eller shows\",\"breadcrumb\":{\"@id\":\"https:\/\/www.easydayphuket.com\/da\/bedste-udflugter-og-dagture-phuket\/udflugter-dagsture-phuket\/#breadcrumb\"},\"inLanguage\":\"da-DK\",\"potentialAction\":[{\"@type\":\"ReadAction\",\"target\":[\"https:\/\/www.easydayphuket.com\/da\/bedste-udflugter-og-dagture-phuket\/udflugter-dagsture-phuket\/\"]}]},{\"@type\":\"ImageObject\",\"inLanguage\":\"da-DK\",\"@id\":\"https:\/\/www.easydayphuket.com\/da\/bedste-udflugter-og-dagture-phuket\/udflugter-dagsture-phuket\/#primaryimage\",\"url\":\"https:\/\/www.easydayphuket.com\/wp-content\/uploads\/2013\/07\/kata-noi-view-point-phuket.jpg\",\"contentUrl\":\"https:\/\/www.easydayphuket.com\/wp-content\/uploads\/2013\/07\/kata-noi-view-point-phuket.jpg\",\"width\":1024,\"height\":680,\"caption\":\"Kata Noi View Point\"},{\"@type\":\"BreadcrumbList\",\"@id\":\"https:\/\/www.easydayphuket.com\/da\/bedste-udflugter-og-dagture-phuket\/udflugter-dagsture-phuket\/#breadcrumb\",\"itemListElement\":[{\"@type\":\"ListItem\",\"position\":1,\"name\":\"Home\",\"item\":\"https:\/\/www.easydayphuket.com\/da\/\"},{\"@type\":\"ListItem\",\"position\":2,\"name\":\"Bedste Udflugter i Phuket\",\"item\":\"https:\/\/www.easydayphuket.com\/da\/bedste-udflugter-og-dagture-phuket\/\"},{\"@type\":\"ListItem\",\"position\":3,\"name\":\"Udflugter &amp; Dagsture i Phuket\"}]},{\"@type\":\"WebSite\",\"@id\":\"https:\/\/www.easydayphuket.com\/#website\",\"url\":\"https:\/\/www.easydayphuket.com\/\",\"name\":\"Easy Day Phuket Tours\",\"description\":\"Din Tur & Rejse Partner i Phuket\",\"publisher\":{\"@id\":\"https:\/\/www.easydayphuket.com\/#organization\"},\"potentialAction\":[{\"@type\":\"SearchAction\",\"target\":{\"@type\":\"EntryPoint\",\"urlTemplate\":\"https:\/\/www.easydayphuket.com\/?s={search_term_string}\"},\"query-input\":{\"@type\":\"PropertyValueSpecification\",\"valueRequired\":true,\"valueName\":\"search_term_string\"}}],\"inLanguage\":\"da-DK\"},{\"@type\":\"Organization\",\"@id\":\"https:\/\/www.easydayphuket.com\/#organization\",\"name\":\"Easy Day Thailand\",\"url\":\"https:\/\/www.easydayphuket.com\/\",\"logo\":{\"@type\":\"ImageObject\",\"inLanguage\":\"da-DK\",\"@id\":\"https:\/\/www.easydayphuket.com\/#\/schema\/logo\/image\/\",\"url\":\"https:\/\/www.easydayphuket.com\/wp-content\/uploads\/2013\/07\/Sun-Thaiflag_booking12.gif\",\"contentUrl\":\"https:\/\/www.easydayphuket.com\/wp-content\/uploads\/2013\/07\/Sun-Thaiflag_booking12.gif\",\"width\":100,\"height\":94,\"caption\":\"Easy Day Thailand\"},\"image\":{\"@id\":\"https:\/\/www.easydayphuket.com\/#\/schema\/logo\/image\/\"},\"sameAs\":[\"https:\/\/www.facebook.com\/Easydayinthailand\/\",\"https:\/\/www.instagram.com\/easydaythailand\/\"]}]}<\/script>\n<!-- \/ Yoast SEO plugin. -->","yoast_head_json":{"title":"Udflugter & Dagsture i Phuket - Easy Day Phuket","description":"Udflugter & Dagsture i Phuket giver jer mulighed for at pr\u00f8ve lidt af hver, strandture, b\u00e5dture, dykning, byture, sev\u00e6rdigheder, markeder eller shows","robots":{"index":"index","follow":"follow","max-snippet":"max-snippet:-1","max-image-preview":"max-image-preview:large","max-video-preview":"max-video-preview:-1"},"canonical":"https:\/\/www.easydayphuket.com\/da\/bedste-udflugter-og-dagture-phuket\/udflugter-dagsture-phuket\/","og_locale":"da_DK","og_type":"article","og_title":"Udflugter & Dagsture i Phuket - Easy Day Phuket","og_description":"Udflugter & Dagsture i Phuket giver jer mulighed for at pr\u00f8ve lidt af hver, strandture, b\u00e5dture, dykning, byture, sev\u00e6rdigheder, markeder eller shows","og_url":"https:\/\/www.easydayphuket.com\/da\/bedste-udflugter-og-dagture-phuket\/udflugter-dagsture-phuket\/","og_site_name":"Easy Day Phuket Tours","article_publisher":"https:\/\/www.facebook.com\/Easydayinthailand\/","article_modified_time":"2024-04-06T04:25:29+00:00","og_image":[{"width":1024,"height":680,"url":"https:\/\/www.easydayphuket.com\/wp-content\/uploads\/2013\/07\/kata-noi-view-point-phuket.jpg","type":"image\/jpeg"}],"twitter_misc":{"Estimeret l\u00e6setid":"5 minutter"},"schema":{"@context":"https:\/\/schema.org","@graph":[{"@type":"WebPage","@id":"https:\/\/www.easydayphuket.com\/da\/bedste-udflugter-og-dagture-phuket\/udflugter-dagsture-phuket\/","url":"https:\/\/www.easydayphuket.com\/da\/bedste-udflugter-og-dagture-phuket\/udflugter-dagsture-phuket\/","name":"Udflugter & Dagsture i Phuket - Easy Day Phuket","isPartOf":{"@id":"https:\/\/www.easydayphuket.com\/#website"},"primaryImageOfPage":{"@id":"https:\/\/www.easydayphuket.com\/da\/bedste-udflugter-og-dagture-phuket\/udflugter-dagsture-phuket\/#primaryimage"},"image":{"@id":"https:\/\/www.easydayphuket.com\/da\/bedste-udflugter-og-dagture-phuket\/udflugter-dagsture-phuket\/#primaryimage"},"thumbnailUrl":"https:\/\/www.easydayphuket.com\/wp-content\/uploads\/2013\/07\/kata-noi-view-point-phuket.jpg","datePublished":"2015-02-26T09:24:01+00:00","dateModified":"2024-04-06T04:25:29+00:00","description":"Udflugter & Dagsture i Phuket giver jer mulighed for at pr\u00f8ve lidt af hver, strandture, b\u00e5dture, dykning, byture, sev\u00e6rdigheder, markeder eller shows","breadcrumb":{"@id":"https:\/\/www.easydayphuket.com\/da\/bedste-udflugter-og-dagture-phuket\/udflugter-dagsture-phuket\/#breadcrumb"},"inLanguage":"da-DK","potentialAction":[{"@type":"ReadAction","target":["https:\/\/www.easydayphuket.com\/da\/bedste-udflugter-og-dagture-phuket\/udflugter-dagsture-phuket\/"]}]},{"@type":"ImageObject","inLanguage":"da-DK","@id":"https:\/\/www.easydayphuket.com\/da\/bedste-udflugter-og-dagture-phuket\/udflugter-dagsture-phuket\/#primaryimage","url":"https:\/\/www.easydayphuket.com\/wp-content\/uploads\/2013\/07\/kata-noi-view-point-phuket.jpg","contentUrl":"https:\/\/www.easydayphuket.com\/wp-content\/uploads\/2013\/07\/kata-noi-view-point-phuket.jpg","width":1024,"height":680,"caption":"Kata Noi View Point"},{"@type":"BreadcrumbList","@id":"https:\/\/www.easydayphuket.com\/da\/bedste-udflugter-og-dagture-phuket\/udflugter-dagsture-phuket\/#breadcrumb","itemListElement":[{"@type":"ListItem","position":1,"name":"Home","item":"https:\/\/www.easydayphuket.com\/da\/"},{"@type":"ListItem","position":2,"name":"Bedste Udflugter i Phuket","item":"https:\/\/www.easydayphuket.com\/da\/bedste-udflugter-og-dagture-phuket\/"},{"@type":"ListItem","position":3,"name":"Udflugter &amp; Dagsture i Phuket"}]},{"@type":"WebSite","@id":"https:\/\/www.easydayphuket.com\/#website","url":"https:\/\/www.easydayphuket.com\/","name":"Easy Day Phuket Tours","description":"Din Tur & Rejse Partner i Phuket","publisher":{"@id":"https:\/\/www.easydayphuket.com\/#organization"},"potentialAction":[{"@type":"SearchAction","target":{"@type":"EntryPoint","urlTemplate":"https:\/\/www.easydayphuket.com\/?s={search_term_string}"},"query-input":{"@type":"PropertyValueSpecification","valueRequired":true,"valueName":"search_term_string"}}],"inLanguage":"da-DK"},{"@type":"Organization","@id":"https:\/\/www.easydayphuket.com\/#organization","name":"Easy Day Thailand","url":"https:\/\/www.easydayphuket.com\/","logo":{"@type":"ImageObject","inLanguage":"da-DK","@id":"https:\/\/www.easydayphuket.com\/#\/schema\/logo\/image\/","url":"https:\/\/www.easydayphuket.com\/wp-content\/uploads\/2013\/07\/Sun-Thaiflag_booking12.gif","contentUrl":"https:\/\/www.easydayphuket.com\/wp-content\/uploads\/2013\/07\/Sun-Thaiflag_booking12.gif","width":100,"height":94,"caption":"Easy Day Thailand"},"image":{"@id":"https:\/\/www.easydayphuket.com\/#\/schema\/logo\/image\/"},"sameAs":["https:\/\/www.facebook.com\/Easydayinthailand\/","https:\/\/www.instagram.com\/easydaythailand\/"]}]}},"_links":{"self":[{"href":"https:\/\/www.easydayphuket.com\/da\/wp-json\/wp\/v2\/pages\/8657","targetHints":{"allow":["GET"]}}],"collection":[{"href":"https:\/\/www.easydayphuket.com\/da\/wp-json\/wp\/v2\/pages"}],"about":[{"href":"https:\/\/www.easydayphuket.com\/da\/wp-json\/wp\/v2\/types\/page"}],"author":[{"embeddable":true,"href":"https:\/\/www.easydayphuket.com\/da\/wp-json\/wp\/v2\/users\/12"}],"replies":[{"embeddable":true,"href":"https:\/\/www.easydayphuket.com\/da\/wp-json\/wp\/v2\/comments?post=8657"}],"version-history":[{"count":0,"href":"https:\/\/www.easydayphuket.com\/da\/wp-json\/wp\/v2\/pages\/8657\/revisions"}],"up":[{"embeddable":true,"href":"https:\/\/www.easydayphuket.com\/da\/wp-json\/wp\/v2\/pages\/8572"}],"wp:featuredmedia":[{"embeddable":true,"href":"https:\/\/www.easydayphuket.com\/da\/wp-json\/wp\/v2\/media\/8659"}],"wp:attachment":[{"href":"https:\/\/www.easydayphuket.com\/da\/wp-json\/wp\/v2\/media?parent=8657"}],"curies":[{"name":"wp","href":"https:\/\/api.w.org\/{rel}","templated":true}]}}