{"id":8654,"date":"2015-02-26T16:20:02","date_gmt":"2015-02-26T09:20:02","guid":{"rendered":"https:\/\/www.easydayphuket.com\/?page_id=8654"},"modified":"2024-04-06T11:37:08","modified_gmt":"2024-04-06T04:37:08","slug":"eksklusiv-udflugt-til-phang-nga-bugten","status":"publish","type":"page","link":"https:\/\/www.easydayphuket.com\/da\/bedste-udflugter-og-dagture-phuket\/ture-til-james-bond-oen-phang-nga\/eksklusiv-udflugt-til-phang-nga-bugten\/","title":{"rendered":"Eksklusiv Udflugt til Phang Nga Bugten"},"content":{"rendered":"\n<figure class=\"wp-block-image alignright\"><a href=\"https:\/\/www.flickr.com\/photos\/easydaythailand\/sets\/72157626950310909\/\" rel=\"noopener noreferrer\"><img decoding=\"async\" src=\"https:\/\/farm6.staticflickr.com\/5226\/5884060954_7b81037416_m.jpg\" alt=\"Phang Nga Bay Tour - Sightseeing at James Bond Island\"\/><\/a><figcaption class=\"wp-element-caption\">James Bond \u00d8en<\/figcaption><\/figure>\n\n\n\n<p>Easy Day&#8217;s Eksklusive Udflugt til Phang Nga Bugten er vores mest popul\u00e6re udflugt til Phang Nga Bugten.&nbsp; Vi vil tage jer til alle h\u00f8jdepunkterne i Phang Nga uden om den v\u00e6rste turist str\u00f8m.<\/p>\n\n\n\n<ul class=\"wp-block-list\">\n<li><strong>Eksklusiv Udflugten&nbsp;<\/strong> er ideel for familier eller mindre grupper som gerne vil se det rigtige og unikke Phang Nga.<\/li>\n\n\n\n<li>Long tail b\u00e5dture gennem<strong> mangrovetr\u00e6erne<\/strong> til den ber\u00f8mte <strong>James Bond \u00d8<\/strong> og <strong>Havsig\u00f8jnernes landsby<\/strong> Koh Panyee<\/li>\n\n\n\n<li>Nyd Phang Nga Bugtens smukke scenerier i jeres eget tempo.<\/li>\n\n\n\n<li>Bes\u00f8g abetemplet <strong>Wat&nbsp;Sawan Kuha<\/strong><\/li>\n\n\n\n<li>Se mere om vores Udflugt p\u00e5 <a title=\"Easy Days private Phang Nga Tour on Youtube\" href=\"http:\/\/www.youtube.com\/watch?v=Wf8ZFZh-olg\" target=\"_blank\" rel=\"noopener noreferrer\">YouTube<\/a><\/li>\n<\/ul>\n\n\n<p> Pris i Thai Baht pr gruppe: 1-3 voksne 10,400 | Ekstra Person\u00a02,400 <\/strong>B\u00f8rn under 5 gratis. B\u00f8rn p\u00e5 5- 11 \u00e5r Thai Baht \u00a01,200\u00a0pr barn.<strong>\u00a0<a title=\"Easy Day Contact Form\" href=\"#form\">&gt;&gt; Klik her for en gratis foresp\u00f8rgsel ! <\/a><\/p>\n\n\n\n<p class=\"has-text-align-left\"><strong>Udflugten inkluderer:<\/strong><\/p>\n\n\n\n<p class=\"has-text-align-left\"><\/p>\n\n\n<ul>\n<li>Al transport, adgangsbilletter og forsikring til Nationalparken<\/li>\n<li>Sodavand og drikkevand ombord og i vores minibus.<\/li>\n<li>En dejlig frokost p\u00e5 <a title=\"Panyee Bungalow restaurant \" href=\"https:\/\/easydaythailand.blogspot.com\/2013\/09\/panyee-bungalow-restaurant-phang-nga-bay.html\" target=\"_blank\" rel=\"noopener noreferrer\">Panyee Bungalow Restaurant<\/a><\/li>\n<li>Vi s\u00f8rger for at I f\u00e5r en dygtig og venlig engelsktalende turguide med lokalkendskab.<\/li>\n<\/ul>\n\n\n\n<p class=\"has-text-align-right\"><a href='#form' class='small-button smallblue'>Bestil her \/ Kontakt<\/a><\/p>\n\n\n\n<h2 class=\"wp-block-heading\">Plan for Udflugt til Phang Nga Bugten<\/h2>\n\n\n\n<p>Der er ikke nogen fast plan for vores udflugt til Phang Nga Bugten, da vi designer udflugten efter hvad I \u00f8nsker. Men nedenfor er der et eksempel p\u00e5 hvordan det kunne forl\u00f8be.<\/p>\n\n\n\n<ul class=\"wp-block-list\">\n<li>07:00 &#8211; Vores engelsktalende turguide vil hente jer p\u00e5 jeres hotel i Phuket. Transport til Phang Nga provinsen hvor vores long tail b\u00e5d venter p\u00e5 jer. Alt efter hvor jeres hotel er vil transporten tage ca. 1 &#8211; 1.5 time.<\/li>\n\n\n\n<li>08:30 &#8211;&nbsp;Long tailb\u00e5d tur igennem floden som er omgivet af mangrovetr\u00e6er ud i Phang Nga Bugten. F\u00f8rste stop er James Bond Island for at undg\u00e5 de st\u00f8rste turist m\u00e6ngder. Denne enkeltst\u00e5ende kalkstensklippe er en imponerende naturlig statue. Vi cruiser forbi flere andre &#8220;Hong&#8221; \u00f8er og gennem nogle huler p\u00e5 vores vej til havsig\u00f8jner landsbyen <a title=\"Koh Panyee Floating Fishing Village\" href=\"https:\/\/www.easydayphuket.com\/koh-panyee-floating-fishing-village\/\">Koh Panyee<\/a>, en landsby p\u00e5 p\u00e6le ude i vandet. Koh Panyee har f\u00e5et et pr\u00e6dikat som turist f\u00e6lde men bag ved souvenirboderne er et stolt folk som har boet her i over 200 \u00e5r men de har altid et smil p\u00e5 l\u00e6ben og er virkelig et bes\u00f8g v\u00e6rd.<\/li>\n\n\n\n<li>12.00 &#8211; Efter jeres udflugt til Phang Nga bugten er det tid til en dejlig frokost hos Panyee Bungalow Restauranten. Placeringen af denne restaurant er helt unik. Den flyder p\u00e5 vandet i kanalen og n\u00e5s via en lille tr\u00e6bro. Den friske fisk er fantastisk og der er nok mad til alle.<\/li>\n\n\n\n<li>13.30 &#8211; N\u00e6ste stop er ved Sawan Kuha Templet, et tempel i en hule med en liggende Buddha statue inde i hulen.<\/li>\n\n\n\n<li>14:30 &#8211;&nbsp; S\u00e5 k\u00f8rer vi jer tilbage til Phuket. Har I lyst til en tur til strandende p\u00e5 vestkysten i Phuket? Eller har I lyst til at bes\u00f8ge Phuket Town eller en shoppetur ? I bestemmer, bare gi besked til vores guide.<\/li>\n<\/ul>\n\n\n\n<p class=\"has-text-align-right\"><a href='#form' class='small-button smallblue'>Tilmeld her \/ Kontakt<\/a><\/p>\n\n\n\n<h3 class=\"wp-block-heading\">Sammens\u00e6t Jeres egen Udflugt til Phang Nga Bugten<\/h3>\n\n\n\n<p>Vi er stolte af at kunne tilbyde og arrangere lige det I har brug for. Phang Nga Bugten har meget at byde p\u00e5. Hvis vores turprogram ikke har lige det I s\u00f8ger eller hvis der er steder som I ikke er interesserede i eller allerede har set, s\u00e5 fort\u00e6l os hvad I har lyst til at se eller g\u00f8re s\u00e5 laver vi et program til jer. Mens I slapper af s\u00f8rger vi for alt det praktiske.<\/p>\n\n\n\n<h3 class=\"wp-block-heading\">Kommentar fra en kunde<\/h3>\n\n\n\n<blockquote class=\"wp-block-quote is-layout-flow wp-block-quote-is-layout-flow\">\n<p>Tak for en dejlig udflugt og for den s\u00f8de guide til Phang Nga + James Bond \u00d8en . Vi n\u00f8d virkelig denne tur, is\u00e6r min lille datter. Havkajakturen var en fantastisk oplevelse. Vi vil varmt anbefale jeres super service til folk omkring os. Endnu en gang tusind tak for en dejlig tur ! Mvh., Jethro Teo<\/p>\n<\/blockquote>\n\n\n\n<h2 class=\"wp-block-heading\" id=\"FORM\">Kontakt Os Nu for din Eksklusive Udflugt til Phang Nga<\/h2>\n\n\n\n<script charset=\"utf-8\" type=\"text\/javascript\" src=\"\/\/js.hsforms.net\/forms\/embed\/v2.js\"><\/script>\n<script>\n  hbspt.forms.create({\n    region: \"na1\",\n    portalId: \"3413662\",\n    formId: \"754fb1c1-f3a8-443f-b140-4c5c6ce7ba68\"\n  });\n<\/script>\n\n\n\n<p>Blogger Artikler omkring vores udflugter til Phang Nga skrevet af Easy Day Thailands kunder:<\/p>\n\n\n\n<ul class=\"wp-block-list\">\n<li>Sippy Cup Sojourner<\/li>\n<\/ul>\n","protected":false},"excerpt":{"rendered":"<p>Easy Day&#8217;s Eksklusive Udflugt til Phang Nga Bugten er vores mest popul\u00e6re udflugt til Phang Nga Bugten.&nbsp; Vi vil tage jer til alle h\u00f8jdepunkterne i Phang Nga uden om den v\u00e6rste turist str\u00f8m. Udflugten inkluderer: Plan for Udflugt til Phang Nga Bugten Der er ikke nogen fast plan for vores udflugt til Phang Nga Bugten, [&hellip;]<\/p>\n","protected":false},"author":12,"featured_media":0,"parent":8650,"menu_order":0,"comment_status":"closed","ping_status":"open","template":"","meta":{"_acf_changed":false,"_et_pb_use_builder":"","_et_pb_old_content":"","_et_gb_content_width":"","footnotes":""},"class_list":["post-8654","page","type-page","status-publish","hentry"],"acf":[],"yoast_head":"<!-- This site is optimized with the Yoast SEO plugin v25.1 - https:\/\/yoast.com\/wordpress\/plugins\/seo\/ -->\n<title>Eksklusiv Udflugt til Phang Nga Bugten<\/title>\n<meta name=\"description\" content=\"Eksklusiv Udflugt til Phang Nga bugten gir en go mulighed for at se noget sp\u00e6ndende og eventyrligt i jeres eget tempo og uden om den st\u00f8rste tr\u00e6ngsel\" \/>\n<meta name=\"robots\" content=\"index, follow, max-snippet:-1, max-image-preview:large, max-video-preview:-1\" \/>\n<link rel=\"canonical\" href=\"https:\/\/www.easydayphuket.com\/da\/bedste-udflugter-og-dagture-phuket\/ture-til-james-bond-oen-phang-nga\/eksklusiv-udflugt-til-phang-nga-bugten\/\" \/>\n<meta property=\"og:locale\" content=\"da_DK\" \/>\n<meta property=\"og:type\" content=\"article\" \/>\n<meta property=\"og:title\" content=\"Eksklusiv Udflugt til Phang Nga Bugten\" \/>\n<meta property=\"og:description\" content=\"Eksklusiv Udflugt til Phang Nga bugten gir en go mulighed for at se noget sp\u00e6ndende og eventyrligt i jeres eget tempo og uden om den st\u00f8rste tr\u00e6ngsel\" \/>\n<meta property=\"og:url\" content=\"https:\/\/www.easydayphuket.com\/da\/bedste-udflugter-og-dagture-phuket\/ture-til-james-bond-oen-phang-nga\/eksklusiv-udflugt-til-phang-nga-bugten\/\" \/>\n<meta property=\"og:site_name\" content=\"Easy Day Phuket Tours\" \/>\n<meta property=\"article:publisher\" content=\"https:\/\/www.facebook.com\/Easydayinthailand\/\" \/>\n<meta property=\"article:modified_time\" content=\"2024-04-06T04:37:08+00:00\" \/>\n<meta property=\"og:image\" content=\"https:\/\/farm6.staticflickr.com\/5226\/5884060954_7b81037416_m.jpg\" \/>\n<meta name=\"twitter:label1\" content=\"Estimeret l\u00e6setid\" \/>\n\t<meta name=\"twitter:data1\" content=\"3 minutter\" \/>\n<script type=\"application\/ld+json\" class=\"yoast-schema-graph\">{\"@context\":\"https:\/\/schema.org\",\"@graph\":[{\"@type\":\"WebPage\",\"@id\":\"https:\/\/www.easydayphuket.com\/da\/bedste-udflugter-og-dagture-phuket\/ture-til-james-bond-oen-phang-nga\/eksklusiv-udflugt-til-phang-nga-bugten\/\",\"url\":\"https:\/\/www.easydayphuket.com\/da\/bedste-udflugter-og-dagture-phuket\/ture-til-james-bond-oen-phang-nga\/eksklusiv-udflugt-til-phang-nga-bugten\/\",\"name\":\"Eksklusiv Udflugt til Phang Nga Bugten\",\"isPartOf\":{\"@id\":\"https:\/\/www.easydayphuket.com\/#website\"},\"primaryImageOfPage\":{\"@id\":\"https:\/\/www.easydayphuket.com\/da\/bedste-udflugter-og-dagture-phuket\/ture-til-james-bond-oen-phang-nga\/eksklusiv-udflugt-til-phang-nga-bugten\/#primaryimage\"},\"image\":{\"@id\":\"https:\/\/www.easydayphuket.com\/da\/bedste-udflugter-og-dagture-phuket\/ture-til-james-bond-oen-phang-nga\/eksklusiv-udflugt-til-phang-nga-bugten\/#primaryimage\"},\"thumbnailUrl\":\"https:\/\/farm6.staticflickr.com\/5226\/5884060954_7b81037416_m.jpg\",\"datePublished\":\"2015-02-26T09:20:02+00:00\",\"dateModified\":\"2024-04-06T04:37:08+00:00\",\"description\":\"Eksklusiv Udflugt til Phang Nga bugten gir en go mulighed for at se noget sp\u00e6ndende og eventyrligt i jeres eget tempo og uden om den st\u00f8rste tr\u00e6ngsel\",\"breadcrumb\":{\"@id\":\"https:\/\/www.easydayphuket.com\/da\/bedste-udflugter-og-dagture-phuket\/ture-til-james-bond-oen-phang-nga\/eksklusiv-udflugt-til-phang-nga-bugten\/#breadcrumb\"},\"inLanguage\":\"da-DK\",\"potentialAction\":[{\"@type\":\"ReadAction\",\"target\":[\"https:\/\/www.easydayphuket.com\/da\/bedste-udflugter-og-dagture-phuket\/ture-til-james-bond-oen-phang-nga\/eksklusiv-udflugt-til-phang-nga-bugten\/\"]}]},{\"@type\":\"ImageObject\",\"inLanguage\":\"da-DK\",\"@id\":\"https:\/\/www.easydayphuket.com\/da\/bedste-udflugter-og-dagture-phuket\/ture-til-james-bond-oen-phang-nga\/eksklusiv-udflugt-til-phang-nga-bugten\/#primaryimage\",\"url\":\"https:\/\/farm6.staticflickr.com\/5226\/5884060954_7b81037416_m.jpg\",\"contentUrl\":\"https:\/\/farm6.staticflickr.com\/5226\/5884060954_7b81037416_m.jpg\"},{\"@type\":\"BreadcrumbList\",\"@id\":\"https:\/\/www.easydayphuket.com\/da\/bedste-udflugter-og-dagture-phuket\/ture-til-james-bond-oen-phang-nga\/eksklusiv-udflugt-til-phang-nga-bugten\/#breadcrumb\",\"itemListElement\":[{\"@type\":\"ListItem\",\"position\":1,\"name\":\"Home\",\"item\":\"https:\/\/www.easydayphuket.com\/da\/\"},{\"@type\":\"ListItem\",\"position\":2,\"name\":\"Bedste Udflugter i Phuket\",\"item\":\"https:\/\/www.easydayphuket.com\/da\/bedste-udflugter-og-dagture-phuket\/\"},{\"@type\":\"ListItem\",\"position\":3,\"name\":\"James Bond \u00d8en &amp; Phang Nga\",\"item\":\"https:\/\/www.easydayphuket.com\/da\/bedste-udflugter-og-dagture-phuket\/ture-til-james-bond-oen-phang-nga\/\"},{\"@type\":\"ListItem\",\"position\":4,\"name\":\"Eksklusiv Udflugt til Phang Nga Bugten\"}]},{\"@type\":\"WebSite\",\"@id\":\"https:\/\/www.easydayphuket.com\/#website\",\"url\":\"https:\/\/www.easydayphuket.com\/\",\"name\":\"Easy Day Phuket Tours\",\"description\":\"Din Tur & Rejse Partner i Phuket\",\"publisher\":{\"@id\":\"https:\/\/www.easydayphuket.com\/#organization\"},\"potentialAction\":[{\"@type\":\"SearchAction\",\"target\":{\"@type\":\"EntryPoint\",\"urlTemplate\":\"https:\/\/www.easydayphuket.com\/?s={search_term_string}\"},\"query-input\":{\"@type\":\"PropertyValueSpecification\",\"valueRequired\":true,\"valueName\":\"search_term_string\"}}],\"inLanguage\":\"da-DK\"},{\"@type\":\"Organization\",\"@id\":\"https:\/\/www.easydayphuket.com\/#organization\",\"name\":\"Easy Day Thailand\",\"url\":\"https:\/\/www.easydayphuket.com\/\",\"logo\":{\"@type\":\"ImageObject\",\"inLanguage\":\"da-DK\",\"@id\":\"https:\/\/www.easydayphuket.com\/#\/schema\/logo\/image\/\",\"url\":\"https:\/\/www.easydayphuket.com\/wp-content\/uploads\/2013\/07\/Sun-Thaiflag_booking12.gif\",\"contentUrl\":\"https:\/\/www.easydayphuket.com\/wp-content\/uploads\/2013\/07\/Sun-Thaiflag_booking12.gif\",\"width\":100,\"height\":94,\"caption\":\"Easy Day Thailand\"},\"image\":{\"@id\":\"https:\/\/www.easydayphuket.com\/#\/schema\/logo\/image\/\"},\"sameAs\":[\"https:\/\/www.facebook.com\/Easydayinthailand\/\",\"https:\/\/www.instagram.com\/easydaythailand\/\"]}]}<\/script>\n<!-- \/ Yoast SEO plugin. -->","yoast_head_json":{"title":"Eksklusiv Udflugt til Phang Nga Bugten","description":"Eksklusiv Udflugt til Phang Nga bugten gir en go mulighed for at se noget sp\u00e6ndende og eventyrligt i jeres eget tempo og uden om den st\u00f8rste tr\u00e6ngsel","robots":{"index":"index","follow":"follow","max-snippet":"max-snippet:-1","max-image-preview":"max-image-preview:large","max-video-preview":"max-video-preview:-1"},"canonical":"https:\/\/www.easydayphuket.com\/da\/bedste-udflugter-og-dagture-phuket\/ture-til-james-bond-oen-phang-nga\/eksklusiv-udflugt-til-phang-nga-bugten\/","og_locale":"da_DK","og_type":"article","og_title":"Eksklusiv Udflugt til Phang Nga Bugten","og_description":"Eksklusiv Udflugt til Phang Nga bugten gir en go mulighed for at se noget sp\u00e6ndende og eventyrligt i jeres eget tempo og uden om den st\u00f8rste tr\u00e6ngsel","og_url":"https:\/\/www.easydayphuket.com\/da\/bedste-udflugter-og-dagture-phuket\/ture-til-james-bond-oen-phang-nga\/eksklusiv-udflugt-til-phang-nga-bugten\/","og_site_name":"Easy Day Phuket Tours","article_publisher":"https:\/\/www.facebook.com\/Easydayinthailand\/","article_modified_time":"2024-04-06T04:37:08+00:00","og_image":[{"url":"https:\/\/farm6.staticflickr.com\/5226\/5884060954_7b81037416_m.jpg","type":"","width":"","height":""}],"twitter_misc":{"Estimeret l\u00e6setid":"3 minutter"},"schema":{"@context":"https:\/\/schema.org","@graph":[{"@type":"WebPage","@id":"https:\/\/www.easydayphuket.com\/da\/bedste-udflugter-og-dagture-phuket\/ture-til-james-bond-oen-phang-nga\/eksklusiv-udflugt-til-phang-nga-bugten\/","url":"https:\/\/www.easydayphuket.com\/da\/bedste-udflugter-og-dagture-phuket\/ture-til-james-bond-oen-phang-nga\/eksklusiv-udflugt-til-phang-nga-bugten\/","name":"Eksklusiv Udflugt til Phang Nga Bugten","isPartOf":{"@id":"https:\/\/www.easydayphuket.com\/#website"},"primaryImageOfPage":{"@id":"https:\/\/www.easydayphuket.com\/da\/bedste-udflugter-og-dagture-phuket\/ture-til-james-bond-oen-phang-nga\/eksklusiv-udflugt-til-phang-nga-bugten\/#primaryimage"},"image":{"@id":"https:\/\/www.easydayphuket.com\/da\/bedste-udflugter-og-dagture-phuket\/ture-til-james-bond-oen-phang-nga\/eksklusiv-udflugt-til-phang-nga-bugten\/#primaryimage"},"thumbnailUrl":"https:\/\/farm6.staticflickr.com\/5226\/5884060954_7b81037416_m.jpg","datePublished":"2015-02-26T09:20:02+00:00","dateModified":"2024-04-06T04:37:08+00:00","description":"Eksklusiv Udflugt til Phang Nga bugten gir en go mulighed for at se noget sp\u00e6ndende og eventyrligt i jeres eget tempo og uden om den st\u00f8rste tr\u00e6ngsel","breadcrumb":{"@id":"https:\/\/www.easydayphuket.com\/da\/bedste-udflugter-og-dagture-phuket\/ture-til-james-bond-oen-phang-nga\/eksklusiv-udflugt-til-phang-nga-bugten\/#breadcrumb"},"inLanguage":"da-DK","potentialAction":[{"@type":"ReadAction","target":["https:\/\/www.easydayphuket.com\/da\/bedste-udflugter-og-dagture-phuket\/ture-til-james-bond-oen-phang-nga\/eksklusiv-udflugt-til-phang-nga-bugten\/"]}]},{"@type":"ImageObject","inLanguage":"da-DK","@id":"https:\/\/www.easydayphuket.com\/da\/bedste-udflugter-og-dagture-phuket\/ture-til-james-bond-oen-phang-nga\/eksklusiv-udflugt-til-phang-nga-bugten\/#primaryimage","url":"https:\/\/farm6.staticflickr.com\/5226\/5884060954_7b81037416_m.jpg","contentUrl":"https:\/\/farm6.staticflickr.com\/5226\/5884060954_7b81037416_m.jpg"},{"@type":"BreadcrumbList","@id":"https:\/\/www.easydayphuket.com\/da\/bedste-udflugter-og-dagture-phuket\/ture-til-james-bond-oen-phang-nga\/eksklusiv-udflugt-til-phang-nga-bugten\/#breadcrumb","itemListElement":[{"@type":"ListItem","position":1,"name":"Home","item":"https:\/\/www.easydayphuket.com\/da\/"},{"@type":"ListItem","position":2,"name":"Bedste Udflugter i Phuket","item":"https:\/\/www.easydayphuket.com\/da\/bedste-udflugter-og-dagture-phuket\/"},{"@type":"ListItem","position":3,"name":"James Bond \u00d8en &amp; Phang Nga","item":"https:\/\/www.easydayphuket.com\/da\/bedste-udflugter-og-dagture-phuket\/ture-til-james-bond-oen-phang-nga\/"},{"@type":"ListItem","position":4,"name":"Eksklusiv Udflugt til Phang Nga Bugten"}]},{"@type":"WebSite","@id":"https:\/\/www.easydayphuket.com\/#website","url":"https:\/\/www.easydayphuket.com\/","name":"Easy Day Phuket Tours","description":"Din Tur & Rejse Partner i Phuket","publisher":{"@id":"https:\/\/www.easydayphuket.com\/#organization"},"potentialAction":[{"@type":"SearchAction","target":{"@type":"EntryPoint","urlTemplate":"https:\/\/www.easydayphuket.com\/?s={search_term_string}"},"query-input":{"@type":"PropertyValueSpecification","valueRequired":true,"valueName":"search_term_string"}}],"inLanguage":"da-DK"},{"@type":"Organization","@id":"https:\/\/www.easydayphuket.com\/#organization","name":"Easy Day Thailand","url":"https:\/\/www.easydayphuket.com\/","logo":{"@type":"ImageObject","inLanguage":"da-DK","@id":"https:\/\/www.easydayphuket.com\/#\/schema\/logo\/image\/","url":"https:\/\/www.easydayphuket.com\/wp-content\/uploads\/2013\/07\/Sun-Thaiflag_booking12.gif","contentUrl":"https:\/\/www.easydayphuket.com\/wp-content\/uploads\/2013\/07\/Sun-Thaiflag_booking12.gif","width":100,"height":94,"caption":"Easy Day Thailand"},"image":{"@id":"https:\/\/www.easydayphuket.com\/#\/schema\/logo\/image\/"},"sameAs":["https:\/\/www.facebook.com\/Easydayinthailand\/","https:\/\/www.instagram.com\/easydaythailand\/"]}]}},"_links":{"self":[{"href":"https:\/\/www.easydayphuket.com\/da\/wp-json\/wp\/v2\/pages\/8654","targetHints":{"allow":["GET"]}}],"collection":[{"href":"https:\/\/www.easydayphuket.com\/da\/wp-json\/wp\/v2\/pages"}],"about":[{"href":"https:\/\/www.easydayphuket.com\/da\/wp-json\/wp\/v2\/types\/page"}],"author":[{"embeddable":true,"href":"https:\/\/www.easydayphuket.com\/da\/wp-json\/wp\/v2\/users\/12"}],"replies":[{"embeddable":true,"href":"https:\/\/www.easydayphuket.com\/da\/wp-json\/wp\/v2\/comments?post=8654"}],"version-history":[{"count":0,"href":"https:\/\/www.easydayphuket.com\/da\/wp-json\/wp\/v2\/pages\/8654\/revisions"}],"up":[{"embeddable":true,"href":"https:\/\/www.easydayphuket.com\/da\/wp-json\/wp\/v2\/pages\/8650"}],"wp:attachment":[{"href":"https:\/\/www.easydayphuket.com\/da\/wp-json\/wp\/v2\/media?parent=8654"}],"curies":[{"name":"wp","href":"https:\/\/api.w.org\/{rel}","templated":true}]}}