{"id":8605,"date":"2015-02-26T16:17:13","date_gmt":"2015-02-26T09:17:13","guid":{"rendered":"https:\/\/www.easydayphuket.com\/?page_id=8605"},"modified":"2024-04-06T20:55:08","modified_gmt":"2024-04-06T13:55:08","slug":"dykning-ved-racha-oen","status":"publish","type":"page","link":"https:\/\/www.easydayphuket.com\/da\/bedste-udflugter-og-dagture-phuket\/ture-til-racha-oerne\/dykning-ved-racha-oen\/","title":{"rendered":"Dykning ved Racha \u00d8en"},"content":{"rendered":"\n<figure class=\"wp-block-image alignright\"><a href=\"https:\/\/www.flickr.com\/photos\/easydaythailand\/sets\/72157634723469201\/\" rel=\"noopener noreferrer\"><img decoding=\"async\" src=\"https:\/\/farm6.staticflickr.com\/5517\/9347944490_de30991f67_m.jpg\" alt=\"Scuba Diving Raya Island - Image by Adriano Trapani \"\/><\/a><figcaption class=\"wp-element-caption\">Dykker ved Racha Yai<\/figcaption><\/figure>\n\n\n\n<p>Dykkerture ved <a title=\"Raya Island\" href=\"https:\/\/www.easydayphuket.com\/raya-island\/\">Racha \u00d8en<\/a> arrangeres hver Tirsdag &amp; L\u00f8rdag ombord p\u00e5 en af&nbsp; Phukets bedste dykker b\u00e5de. Her er et par af de goe grunde til at dykke med os<\/p>\n\n\n\n<ul class=\"wp-block-list\">\n<li><strong>GRATIS Nitrox <\/strong>til alle certificerede Nitrox-Dykkere<\/li>\n\n\n\n<li><strong>H\u00f8jst 20 Dykkere<\/strong> ombord p\u00e5 vores dagturs dykkerb\u00e5d<\/li>\n\n\n\n<li><strong>God plads og komfortabilitet <\/strong>&#8211; AC Salon, K\u00e6mpe overd\u00e6kket overetage og solterasse.<\/li>\n\n\n\n<li><strong>Fantastisk Personlig Service\u00a0<\/strong><\/li>\n\n\n\n<li><strong>Erfarne dykker guider &amp; bes\u00e6tning<\/strong><\/li>\n<\/ul>\n\n\n<p><strong>Pris i Thai Baht pr person: 4,400 | Ikke-dykker 2,900 \u00a0<a href=\"#form\">&gt;&gt; Tilmeld \/ Kontakt Os<\/a><\/strong>\u00a0<\/p>\n\n\n\n<p><strong>T<\/strong><strong>uren Inkluderer :<\/strong><\/p>\n\n\n<ul>\n<li>Retur transport fra alle Phuket hoteller.( Undtagen hvis man bor p\u00e5 hoteller p\u00e5 nordkysten eller \u00f8stkysten i Phuket og der er mindre en 3 personer. Her kan en merudgift p\u00e5regnes)<\/li>\n<li>Mad &amp; Drikke p\u00e5 hele turen<\/li>\n<li>Dykkerflasker, v\u00e6gtb\u00e6lter og lodder<\/li>\n<li>Erfaren guide (PADI Instrukt\u00f8r) \u2013 ratio 4:1<\/li>\n<li>GRATIS 32% NITROX for certificerede Nitrox dykkere. Ikke certificeret endnu ? <a title=\"Sea Fun Divers - Our partner for Scuba Diving Course in Phuket\" href=\"#form\" target=\"_blank\" rel=\"noopener noreferrer\">Tilmeld jer her<\/a> til jeres Nitrox kursus<\/li>\n<li>Alle skatter &amp; gebyrer<\/li>\n<\/ul>\n\n\n\n<p><strong>Ikke inkluderet<\/strong> er resten af dykker udstyret hvilket ka lejes for Thai Baht &nbsp;900 \/ pr. dag for fuldt set.<\/p>\n\n\n\n<p class=\"has-text-align-right\"><a href='#form' class='small-button smallblue'>Tilmeld \/ Kontakt<\/a><\/p>\n\n\n\n<h2 class=\"wp-block-heading\">Eksempel p\u00e5 Dykkertur til Racha \u00d8en:<\/h2>\n\n\n\n<ul class=\"wp-block-list\">\n<li>07.30 \u2013 Blir hentet p\u00e5 jeres hotel i Phuket &amp; transport i air-con minibus til Chalong Bay<\/li>\n\n\n\n<li>08.15 \u2013 Tar afsted fra Chalong bugten og info om turen. G\u00f8r dykkerudstyret klart, og derefter en let morgenmad med the og kaffe<\/li>\n\n\n\n<li>09.30 &#8211; Klar til at <a title=\"Racha Yai Diving Sites\" href=\"https:\/\/www.easydayphuket.com\/racha-yai-diving\/\">Dykke ved Racha \u00d8en<\/a>.<\/li>\n\n\n\n<li>09.45 &#8211; F\u00f8rste dyk ved Racha Yai<\/li>\n\n\n\n<li>11.00 &#8211; Efter dykket er det frokost tid med en dejlig thai buffet.<\/li>\n\n\n\n<li>12.15 \u2013 Efter en times overflade interval, er det tid til jeres andet dyk .<\/li>\n\n\n\n<li>15.30 \u2013 Tilbage i Chalong Bugten. Minibussen venter allerede p\u00e5 os og bringer jer tilbage til jeres hotel.<\/li>\n<\/ul>\n\n\n\n<h2 class=\"wp-block-heading\" id=\"form\">Kontakt Os Nu for tilmelding til jeres Dykkertur til Racha \u00d8en<\/h2>\n\n\n\n<script charset=\"utf-8\" type=\"text\/javascript\" src=\"\/\/js.hsforms.net\/forms\/embed\/v2.js\"><\/script>\n<script>\n  hbspt.forms.create({\n    region: \"na1\",\n    portalId: \"3413662\",\n    formId: \"754fb1c1-f3a8-443f-b140-4c5c6ce7ba68\"\n  });\n<\/script>\n\n\n\n<h3 class=\"wp-block-heading\">Dykning ved Koh Racha Yai<\/h3>\n\n\n\n<p>Racha Yai \u00d8en er en popul\u00e6r dykkerdestination fra Phuket. Her kan dykkes hele \u00e5ret rundt. I h\u00f8js\u00e6sonen (November &#8211; April) har man de bedste betingelser is\u00e6r for begyndere. Popul\u00e6re dykkesteder er&nbsp; Bungalow Bugten og Siam Bugten hvor der osse er et tropisk rev og det bl\u00f8deste sand p\u00e5 stranden. Fra Maj til Oktober dykker man osse p\u00e5 \u00f8st siden da vest siden er eksponeret for Sydvest monsunen. Alle dykkersteder ved Racha Yai tilg\u00e6ngelige for b\u00e5de \u00f8vede og begyndere. <a title=\"Easy Day Contact Form\" href=\"#form\">Tilmeld dig Nu !&nbsp;<\/a><\/p>\n","protected":false},"excerpt":{"rendered":"<p>Dykkerture ved Racha \u00d8en arrangeres hver Tirsdag &amp; L\u00f8rdag ombord p\u00e5 en af&nbsp; Phukets bedste dykker b\u00e5de. Her er et par af de goe grunde til at dykke med os Turen Inkluderer : Ikke inkluderet er resten af dykker udstyret hvilket ka lejes for Thai Baht &nbsp; \/ pr. dag for fuldt set. Eksempel p\u00e5 [&hellip;]<\/p>\n","protected":false},"author":12,"featured_media":0,"parent":8595,"menu_order":0,"comment_status":"closed","ping_status":"closed","template":"","meta":{"_acf_changed":false,"_et_pb_use_builder":"","_et_pb_old_content":"","_et_gb_content_width":"","footnotes":""},"class_list":["post-8605","page","type-page","status-publish","hentry"],"acf":[],"yoast_head":"<!-- This site is optimized with the Yoast SEO plugin v25.1 - https:\/\/yoast.com\/wordpress\/plugins\/seo\/ -->\n<title>Dykning ved Racha \u00d8en - Easy Day Phuket<\/title>\n<meta name=\"description\" content=\"Dykning ved Racha \u00d8en er et godt sted at starte hvor alle kan v\u00e6re med og go plads ombord p\u00e5 vores dagtursb\u00e5d og bare halvanden time fra Chalong\" \/>\n<meta name=\"robots\" content=\"index, follow, max-snippet:-1, max-image-preview:large, max-video-preview:-1\" \/>\n<link rel=\"canonical\" href=\"https:\/\/www.easydayphuket.com\/da\/bedste-udflugter-og-dagture-phuket\/ture-til-racha-oerne\/dykning-ved-racha-oen\/\" \/>\n<meta property=\"og:locale\" content=\"da_DK\" \/>\n<meta property=\"og:type\" content=\"article\" \/>\n<meta property=\"og:title\" content=\"Dykning ved Racha \u00d8en - Easy Day Phuket\" \/>\n<meta property=\"og:description\" content=\"Dykning ved Racha \u00d8en er et godt sted at starte hvor alle kan v\u00e6re med og go plads ombord p\u00e5 vores dagtursb\u00e5d og bare halvanden time fra Chalong\" \/>\n<meta property=\"og:url\" content=\"https:\/\/www.easydayphuket.com\/da\/bedste-udflugter-og-dagture-phuket\/ture-til-racha-oerne\/dykning-ved-racha-oen\/\" \/>\n<meta property=\"og:site_name\" content=\"Easy Day Phuket Tours\" \/>\n<meta property=\"article:publisher\" content=\"https:\/\/www.facebook.com\/Easydayinthailand\/\" \/>\n<meta property=\"article:modified_time\" content=\"2024-04-06T13:55:08+00:00\" \/>\n<meta property=\"og:image\" content=\"https:\/\/farm6.staticflickr.com\/5517\/9347944490_de30991f67_m.jpg\" \/>\n<meta name=\"twitter:label1\" content=\"Estimeret l\u00e6setid\" \/>\n\t<meta name=\"twitter:data1\" content=\"2 minutter\" \/>\n<script type=\"application\/ld+json\" class=\"yoast-schema-graph\">{\"@context\":\"https:\/\/schema.org\",\"@graph\":[{\"@type\":\"WebPage\",\"@id\":\"https:\/\/www.easydayphuket.com\/da\/bedste-udflugter-og-dagture-phuket\/ture-til-racha-oerne\/dykning-ved-racha-oen\/\",\"url\":\"https:\/\/www.easydayphuket.com\/da\/bedste-udflugter-og-dagture-phuket\/ture-til-racha-oerne\/dykning-ved-racha-oen\/\",\"name\":\"Dykning ved Racha \u00d8en - Easy Day Phuket\",\"isPartOf\":{\"@id\":\"https:\/\/www.easydayphuket.com\/#website\"},\"primaryImageOfPage\":{\"@id\":\"https:\/\/www.easydayphuket.com\/da\/bedste-udflugter-og-dagture-phuket\/ture-til-racha-oerne\/dykning-ved-racha-oen\/#primaryimage\"},\"image\":{\"@id\":\"https:\/\/www.easydayphuket.com\/da\/bedste-udflugter-og-dagture-phuket\/ture-til-racha-oerne\/dykning-ved-racha-oen\/#primaryimage\"},\"thumbnailUrl\":\"https:\/\/farm6.staticflickr.com\/5517\/9347944490_de30991f67_m.jpg\",\"datePublished\":\"2015-02-26T09:17:13+00:00\",\"dateModified\":\"2024-04-06T13:55:08+00:00\",\"description\":\"Dykning ved Racha \u00d8en er et godt sted at starte hvor alle kan v\u00e6re med og go plads ombord p\u00e5 vores dagtursb\u00e5d og bare halvanden time fra Chalong\",\"breadcrumb\":{\"@id\":\"https:\/\/www.easydayphuket.com\/da\/bedste-udflugter-og-dagture-phuket\/ture-til-racha-oerne\/dykning-ved-racha-oen\/#breadcrumb\"},\"inLanguage\":\"da-DK\",\"potentialAction\":[{\"@type\":\"ReadAction\",\"target\":[\"https:\/\/www.easydayphuket.com\/da\/bedste-udflugter-og-dagture-phuket\/ture-til-racha-oerne\/dykning-ved-racha-oen\/\"]}]},{\"@type\":\"ImageObject\",\"inLanguage\":\"da-DK\",\"@id\":\"https:\/\/www.easydayphuket.com\/da\/bedste-udflugter-og-dagture-phuket\/ture-til-racha-oerne\/dykning-ved-racha-oen\/#primaryimage\",\"url\":\"https:\/\/farm6.staticflickr.com\/5517\/9347944490_de30991f67_m.jpg\",\"contentUrl\":\"https:\/\/farm6.staticflickr.com\/5517\/9347944490_de30991f67_m.jpg\"},{\"@type\":\"BreadcrumbList\",\"@id\":\"https:\/\/www.easydayphuket.com\/da\/bedste-udflugter-og-dagture-phuket\/ture-til-racha-oerne\/dykning-ved-racha-oen\/#breadcrumb\",\"itemListElement\":[{\"@type\":\"ListItem\",\"position\":1,\"name\":\"Home\",\"item\":\"https:\/\/www.easydayphuket.com\/da\/\"},{\"@type\":\"ListItem\",\"position\":2,\"name\":\"Bedste Udflugter i Phuket\",\"item\":\"https:\/\/www.easydayphuket.com\/da\/bedste-udflugter-og-dagture-phuket\/\"},{\"@type\":\"ListItem\",\"position\":3,\"name\":\"Udflugter til Racha \u00d8en\",\"item\":\"https:\/\/www.easydayphuket.com\/da\/bedste-udflugter-og-dagture-phuket\/ture-til-racha-oerne\/\"},{\"@type\":\"ListItem\",\"position\":4,\"name\":\"Dykning ved Racha \u00d8en\"}]},{\"@type\":\"WebSite\",\"@id\":\"https:\/\/www.easydayphuket.com\/#website\",\"url\":\"https:\/\/www.easydayphuket.com\/\",\"name\":\"Easy Day Phuket Tours\",\"description\":\"Din Tur & Rejse Partner i Phuket\",\"publisher\":{\"@id\":\"https:\/\/www.easydayphuket.com\/#organization\"},\"potentialAction\":[{\"@type\":\"SearchAction\",\"target\":{\"@type\":\"EntryPoint\",\"urlTemplate\":\"https:\/\/www.easydayphuket.com\/?s={search_term_string}\"},\"query-input\":{\"@type\":\"PropertyValueSpecification\",\"valueRequired\":true,\"valueName\":\"search_term_string\"}}],\"inLanguage\":\"da-DK\"},{\"@type\":\"Organization\",\"@id\":\"https:\/\/www.easydayphuket.com\/#organization\",\"name\":\"Easy Day Thailand\",\"url\":\"https:\/\/www.easydayphuket.com\/\",\"logo\":{\"@type\":\"ImageObject\",\"inLanguage\":\"da-DK\",\"@id\":\"https:\/\/www.easydayphuket.com\/#\/schema\/logo\/image\/\",\"url\":\"https:\/\/www.easydayphuket.com\/wp-content\/uploads\/2013\/07\/Sun-Thaiflag_booking12.gif\",\"contentUrl\":\"https:\/\/www.easydayphuket.com\/wp-content\/uploads\/2013\/07\/Sun-Thaiflag_booking12.gif\",\"width\":100,\"height\":94,\"caption\":\"Easy Day Thailand\"},\"image\":{\"@id\":\"https:\/\/www.easydayphuket.com\/#\/schema\/logo\/image\/\"},\"sameAs\":[\"https:\/\/www.facebook.com\/Easydayinthailand\/\",\"https:\/\/www.instagram.com\/easydaythailand\/\"]}]}<\/script>\n<!-- \/ Yoast SEO plugin. -->","yoast_head_json":{"title":"Dykning ved Racha \u00d8en - Easy Day Phuket","description":"Dykning ved Racha \u00d8en er et godt sted at starte hvor alle kan v\u00e6re med og go plads ombord p\u00e5 vores dagtursb\u00e5d og bare halvanden time fra Chalong","robots":{"index":"index","follow":"follow","max-snippet":"max-snippet:-1","max-image-preview":"max-image-preview:large","max-video-preview":"max-video-preview:-1"},"canonical":"https:\/\/www.easydayphuket.com\/da\/bedste-udflugter-og-dagture-phuket\/ture-til-racha-oerne\/dykning-ved-racha-oen\/","og_locale":"da_DK","og_type":"article","og_title":"Dykning ved Racha \u00d8en - Easy Day Phuket","og_description":"Dykning ved Racha \u00d8en er et godt sted at starte hvor alle kan v\u00e6re med og go plads ombord p\u00e5 vores dagtursb\u00e5d og bare halvanden time fra Chalong","og_url":"https:\/\/www.easydayphuket.com\/da\/bedste-udflugter-og-dagture-phuket\/ture-til-racha-oerne\/dykning-ved-racha-oen\/","og_site_name":"Easy Day Phuket Tours","article_publisher":"https:\/\/www.facebook.com\/Easydayinthailand\/","article_modified_time":"2024-04-06T13:55:08+00:00","og_image":[{"url":"https:\/\/farm6.staticflickr.com\/5517\/9347944490_de30991f67_m.jpg","type":"","width":"","height":""}],"twitter_misc":{"Estimeret l\u00e6setid":"2 minutter"},"schema":{"@context":"https:\/\/schema.org","@graph":[{"@type":"WebPage","@id":"https:\/\/www.easydayphuket.com\/da\/bedste-udflugter-og-dagture-phuket\/ture-til-racha-oerne\/dykning-ved-racha-oen\/","url":"https:\/\/www.easydayphuket.com\/da\/bedste-udflugter-og-dagture-phuket\/ture-til-racha-oerne\/dykning-ved-racha-oen\/","name":"Dykning ved Racha \u00d8en - Easy Day Phuket","isPartOf":{"@id":"https:\/\/www.easydayphuket.com\/#website"},"primaryImageOfPage":{"@id":"https:\/\/www.easydayphuket.com\/da\/bedste-udflugter-og-dagture-phuket\/ture-til-racha-oerne\/dykning-ved-racha-oen\/#primaryimage"},"image":{"@id":"https:\/\/www.easydayphuket.com\/da\/bedste-udflugter-og-dagture-phuket\/ture-til-racha-oerne\/dykning-ved-racha-oen\/#primaryimage"},"thumbnailUrl":"https:\/\/farm6.staticflickr.com\/5517\/9347944490_de30991f67_m.jpg","datePublished":"2015-02-26T09:17:13+00:00","dateModified":"2024-04-06T13:55:08+00:00","description":"Dykning ved Racha \u00d8en er et godt sted at starte hvor alle kan v\u00e6re med og go plads ombord p\u00e5 vores dagtursb\u00e5d og bare halvanden time fra Chalong","breadcrumb":{"@id":"https:\/\/www.easydayphuket.com\/da\/bedste-udflugter-og-dagture-phuket\/ture-til-racha-oerne\/dykning-ved-racha-oen\/#breadcrumb"},"inLanguage":"da-DK","potentialAction":[{"@type":"ReadAction","target":["https:\/\/www.easydayphuket.com\/da\/bedste-udflugter-og-dagture-phuket\/ture-til-racha-oerne\/dykning-ved-racha-oen\/"]}]},{"@type":"ImageObject","inLanguage":"da-DK","@id":"https:\/\/www.easydayphuket.com\/da\/bedste-udflugter-og-dagture-phuket\/ture-til-racha-oerne\/dykning-ved-racha-oen\/#primaryimage","url":"https:\/\/farm6.staticflickr.com\/5517\/9347944490_de30991f67_m.jpg","contentUrl":"https:\/\/farm6.staticflickr.com\/5517\/9347944490_de30991f67_m.jpg"},{"@type":"BreadcrumbList","@id":"https:\/\/www.easydayphuket.com\/da\/bedste-udflugter-og-dagture-phuket\/ture-til-racha-oerne\/dykning-ved-racha-oen\/#breadcrumb","itemListElement":[{"@type":"ListItem","position":1,"name":"Home","item":"https:\/\/www.easydayphuket.com\/da\/"},{"@type":"ListItem","position":2,"name":"Bedste Udflugter i Phuket","item":"https:\/\/www.easydayphuket.com\/da\/bedste-udflugter-og-dagture-phuket\/"},{"@type":"ListItem","position":3,"name":"Udflugter til Racha \u00d8en","item":"https:\/\/www.easydayphuket.com\/da\/bedste-udflugter-og-dagture-phuket\/ture-til-racha-oerne\/"},{"@type":"ListItem","position":4,"name":"Dykning ved Racha \u00d8en"}]},{"@type":"WebSite","@id":"https:\/\/www.easydayphuket.com\/#website","url":"https:\/\/www.easydayphuket.com\/","name":"Easy Day Phuket Tours","description":"Din Tur & Rejse Partner i Phuket","publisher":{"@id":"https:\/\/www.easydayphuket.com\/#organization"},"potentialAction":[{"@type":"SearchAction","target":{"@type":"EntryPoint","urlTemplate":"https:\/\/www.easydayphuket.com\/?s={search_term_string}"},"query-input":{"@type":"PropertyValueSpecification","valueRequired":true,"valueName":"search_term_string"}}],"inLanguage":"da-DK"},{"@type":"Organization","@id":"https:\/\/www.easydayphuket.com\/#organization","name":"Easy Day Thailand","url":"https:\/\/www.easydayphuket.com\/","logo":{"@type":"ImageObject","inLanguage":"da-DK","@id":"https:\/\/www.easydayphuket.com\/#\/schema\/logo\/image\/","url":"https:\/\/www.easydayphuket.com\/wp-content\/uploads\/2013\/07\/Sun-Thaiflag_booking12.gif","contentUrl":"https:\/\/www.easydayphuket.com\/wp-content\/uploads\/2013\/07\/Sun-Thaiflag_booking12.gif","width":100,"height":94,"caption":"Easy Day Thailand"},"image":{"@id":"https:\/\/www.easydayphuket.com\/#\/schema\/logo\/image\/"},"sameAs":["https:\/\/www.facebook.com\/Easydayinthailand\/","https:\/\/www.instagram.com\/easydaythailand\/"]}]}},"_links":{"self":[{"href":"https:\/\/www.easydayphuket.com\/da\/wp-json\/wp\/v2\/pages\/8605","targetHints":{"allow":["GET"]}}],"collection":[{"href":"https:\/\/www.easydayphuket.com\/da\/wp-json\/wp\/v2\/pages"}],"about":[{"href":"https:\/\/www.easydayphuket.com\/da\/wp-json\/wp\/v2\/types\/page"}],"author":[{"embeddable":true,"href":"https:\/\/www.easydayphuket.com\/da\/wp-json\/wp\/v2\/users\/12"}],"replies":[{"embeddable":true,"href":"https:\/\/www.easydayphuket.com\/da\/wp-json\/wp\/v2\/comments?post=8605"}],"version-history":[{"count":0,"href":"https:\/\/www.easydayphuket.com\/da\/wp-json\/wp\/v2\/pages\/8605\/revisions"}],"up":[{"embeddable":true,"href":"https:\/\/www.easydayphuket.com\/da\/wp-json\/wp\/v2\/pages\/8595"}],"wp:attachment":[{"href":"https:\/\/www.easydayphuket.com\/da\/wp-json\/wp\/v2\/media?parent=8605"}],"curies":[{"name":"wp","href":"https:\/\/api.w.org\/{rel}","templated":true}]}}