{"id":8597,"date":"2015-02-16T15:24:57","date_gmt":"2015-02-16T08:24:57","guid":{"rendered":"https:\/\/www.easydayphuket.com\/?page_id=8597"},"modified":"2024-04-06T20:56:52","modified_gmt":"2024-04-06T13:56:52","slug":"premium-dagstur-til-racha-oen","status":"publish","type":"page","link":"https:\/\/www.easydayphuket.com\/da\/bedste-udflugter-og-dagture-phuket\/ture-til-racha-oerne\/premium-dagstur-til-racha-oen\/","title":{"rendered":"Premium Dagstur til Racha \u00d8en"},"content":{"rendered":"\n<figure class=\"wp-block-image alignright size-full wp-image-8600\"><img loading=\"lazy\" decoding=\"async\" width=\"240\" height=\"179\" src=\"https:\/\/www.easydayphuket.com\/wp-content\/uploads\/2013\/10\/Raya-Yai-Island-snorkeling.jpg\" alt=\"Racha Island Day Trip\" class=\"wp-image-3118\" srcset=\"https:\/\/www.easydayphuket.com\/wp-content\/uploads\/2013\/10\/Raya-Yai-Island-snorkeling.jpg 240w, https:\/\/www.easydayphuket.com\/wp-content\/uploads\/2013\/10\/Raya-Yai-Island-snorkeling-73x55.jpg 73w\" sizes=\"(max-width: 240px) 100vw, 240px\" \/><figcaption class=\"wp-element-caption\">Dagtur til Racha \u00f8en<\/figcaption><\/figure>\n\n\n\n<p>Easy Day&#8217;s <strong>Premium Dagstur til<\/strong> <strong>Racha \u00d8en<\/strong> &#8211; Nyd en dagstur med vores speedb\u00e5d til&nbsp; <strong>sk\u00f8nne Racha Yai <\/strong>i en lille gruppe for at undg\u00e5 et st\u00f8rre menneskemylder.<\/p>\n\n\n\n<ul class=\"wp-block-list\">\n<li><strong>Senere afgang !<\/strong> Undg\u00e5 myldretiden p\u00e5 \u00f8en og ingen morgen stress<\/li>\n\n\n\n<li><strong>Mulighed for at benytte resortets faciliteter !<\/strong><\/li>\n\n\n\n<li><strong>H\u00e5ndkl\u00e6der til fri afbenyttelse !<\/strong><\/li>\n\n\n\n<li><strong>Rimelige tur priser<\/strong> &#8211; <a title=\"Prapaht Sea Adventure\" href=\"https:\/\/www.easydayphuket.com\/phuket-boat-charters\/\" target=\"_blank\" rel=\"noopener noreferrer\">L\u00e6s mere her!<\/a><\/li>\n<\/ul>\n\n\n<p><strong>Pris i Thai Baht pr person: 1,900 | B\u00f8rn (3-10 \u00e5r) 1,200\u00a0\u00a0<a href=\"#form\">&gt;&gt; Tilmelding \/ Kontakt Os<\/a><\/strong> <\/p>\n\n\n\n<p><strong>T<\/strong><strong>uren Inkluderer :<\/strong><\/p>\n\n\n<ul>\n<li>Transport fra\/til jeres hotel i Kata Beach, Karon Beach &amp; Patong Beach i vores airconditionerede minibus. ( Transport fra andre omr\u00e5der end de ovenn\u00e6vnte koster ekstra)<\/li>\n<li>Maske, snorkel og finner<\/li>\n<li>Redningsvest for Snorklere (og n\u00f8dstilf\u00e6lde)<\/li>\n<li>Dejlig Thai frokost p\u00e5 Racha \u00f8en<\/li>\n<li>Forfriskninger ombord &#8211; sodavand, drikkevand &amp; frisk frugt<\/li>\n<li>Erfaren og im\u00f8dekommende turguide<\/li>\n<\/ul>\n\n\n\n<p class=\"has-text-align-right\"><a href='#form' class='small-button smallblue'>Tilmeld \/ Kontakt<\/a><\/p>\n\n\n\n<h2 class=\"wp-block-heading\">Racha Yai \u00d8en &#8211; Snorkeling &amp; Sjov<\/h2>\n\n\n\n<p>Du finder flere billeder her: <a title=\"Premium Racha Island Tour Gallery\" href=\"https:\/\/www.easydayphuket.com\/premium-racha-island-tour-gallery\/\">Racha Premium Gallery<\/a> | <a title=\"Premium racha Island tour Facebook page\" href=\"https:\/\/www.facebook.com\/login\/?next=https%3A%2F%2Fwww.facebook.com%2Frayayaipremiumtour\" target=\"_blank\" rel=\"noopener noreferrer\">Facebook<\/a> | <a title=\"Premium racha Tour on Flickr\" href=\"https:\/\/www.flickr.com\/photos\/easydaythailand\/sets\/72157641152074275\/\" target=\"_blank\" rel=\"noopener noreferrer\">Flickr<\/a><\/p>\n\n\n\n<figure class=\"wp-block-gallery has-nested-images columns-3 is-cropped wp-block-gallery-1 is-layout-flex wp-block-gallery-is-layout-flex\">\n\n\n\n<\/figure>\n\n\n\n<h2 class=\"wp-block-heading\">Anmeldelser fra vores Kunder<\/h2>\n\n\n\n<blockquote class=\"wp-block-quote is-layout-flow wp-block-quote-is-layout-flow\">\n<p>Lige en hurtig besked som Tak for at arrangere denne her tur for os i dag &#8211; Fantastisk snorkel tur ! Vi hyggede os gevaldigt og jeres guider bare s\u00e5 goe ! Meget hj\u00e6lpsomme overfor mig og mine b\u00f8rn ! Ville bare \u00f8nske vi havde haft mere tid til nogle flere ture med jer &#8211; men desv\u00e6rre ! S\u00e5 det m\u00e5 blie en anden go gang ! Og vi vil helt sikkert anbefale Easy Day Thailand til andre- og skrive en go anmeldelse p\u00e5 Trip Advisor! Endnu en gang &#8211; Mange Tak !&nbsp; Anders<\/p>\n<\/blockquote>\n\n\n\n<h2 class=\"wp-block-heading\">Dagstursskema til Racha Yai \u00d8en<\/h2>\n\n\n\n<ul class=\"wp-block-list\">\n<li>09.00 &#8211; Afhentning p\u00e5 jeres Phuket hotel og transport med A\/C minibus til Chalong bugten syd for Phuket.<\/li>\n\n\n\n<li>10.00 &#8211; Info om turen og sikkershedsprocedurer af jeres tur guide hos Easy Day i Chalong<\/li>\n\n\n\n<li>10.30 &#8211; En halv times speedb\u00e5dstur til Racha Yai \u00f8en<\/li>\n\n\n\n<li>11.00 &#8211; Nyd en snorkeltur eller sv\u00f8mmetur i det tropiske vand omkring Racha Yai \u00f8en. Jeres guide vil g\u00f8re sit bedste for at undg\u00e5 det v\u00e6rste menneskemylder.<\/li>\n\n\n\n<li>12.30 &#8211; S\u00e5 er det spisetid med en dejlig Thai frokost p\u00e5 Racha Yai og tid til at g\u00e5 en tur p\u00e5 stranden eller udforske \u00f8en eller bare ligge og dase i skyggen ved poolen p\u00e5 Ban Raya Resortet.<\/li>\n\n\n\n<li>13.30 &#8211; Ubegr\u00e6nset snorkling p\u00e5 revet ude foran bugt nr. 3 eller nyd en tur i p\u00f8len p\u00e5 Raya Resortet.<\/li>\n\n\n\n<li>16.00 &#8211; Ankomst til Chalong Bugten og transport tilbage til jeres hotel i Phuket.<\/li>\n<\/ul>\n\n\n\n<p>* Vi tager forbehold overfor ovenn\u00e6vnte turprogram og tidsplan til Racha \u00d8en afh\u00e6ngig af tilmeldinger og vejr og vind forhold. <br clear=\"all\" \/><a name=\"form\"><\/a><\/p>\n\n\n\n<h2 class=\"wp-block-heading\">Kontakt Os nu for tilmelding til jeres Dagtur til Racha<\/h2>\n\n\n\n<script charset=\"utf-8\" type=\"text\/javascript\" src=\"\/\/js.hsforms.net\/forms\/embed\/v2.js\"><\/script>\n<script>\n  hbspt.forms.create({\n    region: \"na1\",\n    portalId: \"3413662\",\n    formId: \"754fb1c1-f3a8-443f-b140-4c5c6ce7ba68\"\n  });\n<\/script>\n\n\n\n<p>Mere om Racha \u00d8en:<\/p>\n\n\n\n<ul class=\"wp-block-list\">\n<li>Ferie p\u00e5 <a title=\"More about Racha Yai Island on our Easy Day Thailand Blog\" href=\"https:\/\/easydaythailand.blogspot.com\/2013\/08\/racha-yai-island-phuket-holiday.html\" target=\"_blank\" rel=\"noopener noreferrer\">Racha \u00d8en<\/a> p\u00e5 vores Easy Day Thailand Blog<\/li>\n\n\n\n<li>Info om <a title=\"Raya Island\" href=\"https:\/\/www.easydayphuket.com\/raya-island\/\" target=\"_blank\" rel=\"noopener noreferrer\">Raya \u00d8en\u00a0<\/a> p\u00e5 Easy Day Phuket<\/li>\n<\/ul>\n","protected":false},"excerpt":{"rendered":"<p>Easy Day&#8217;s Premium Dagstur til Racha \u00d8en &#8211; Nyd en dagstur med vores speedb\u00e5d til&nbsp; sk\u00f8nne Racha Yai i en lille gruppe for at undg\u00e5 et st\u00f8rre menneskemylder. Turen Inkluderer : Racha Yai \u00d8en &#8211; Snorkeling &amp; Sjov Du finder flere billeder her: Racha Premium Gallery | Facebook | Flickr Anmeldelser fra vores Kunder Lige [&hellip;]<\/p>\n","protected":false},"author":4,"featured_media":29995,"parent":8595,"menu_order":0,"comment_status":"closed","ping_status":"closed","template":"","meta":{"_acf_changed":false,"_et_pb_use_builder":"","_et_pb_old_content":"","_et_gb_content_width":"","footnotes":""},"class_list":["post-8597","page","type-page","status-publish","has-post-thumbnail","hentry"],"acf":[],"yoast_head":"<!-- This site is optimized with the Yoast SEO plugin v25.1 - https:\/\/yoast.com\/wordpress\/plugins\/seo\/ -->\n<title>Premium Dagstur til Racha - Easy Day Phuket<\/title>\n<meta name=\"description\" content=\"Premium Dagstur til Racha bringer jer hurtigt og sikkert til Racha \u00d8en uden om det v\u00e6rste morgen mylder s\u00e5 I kan nyde jeres dyrebare ferie tid p\u00e5 \u00f8en\" \/>\n<meta name=\"robots\" content=\"index, follow, max-snippet:-1, max-image-preview:large, max-video-preview:-1\" \/>\n<link rel=\"canonical\" href=\"https:\/\/www.easydayphuket.com\/da\/bedste-udflugter-og-dagture-phuket\/ture-til-racha-oerne\/premium-dagstur-til-racha-oen\/\" \/>\n<meta property=\"og:locale\" content=\"da_DK\" \/>\n<meta property=\"og:type\" content=\"article\" \/>\n<meta property=\"og:title\" content=\"Premium Dagstur til Racha - Easy Day Phuket\" \/>\n<meta property=\"og:description\" content=\"Premium Dagstur til Racha bringer jer hurtigt og sikkert til Racha \u00d8en uden om det v\u00e6rste morgen mylder s\u00e5 I kan nyde jeres dyrebare ferie tid p\u00e5 \u00f8en\" \/>\n<meta property=\"og:url\" content=\"https:\/\/www.easydayphuket.com\/da\/bedste-udflugter-og-dagture-phuket\/ture-til-racha-oerne\/premium-dagstur-til-racha-oen\/\" \/>\n<meta property=\"og:site_name\" content=\"Easy Day Phuket Tours\" \/>\n<meta property=\"article:publisher\" content=\"https:\/\/www.facebook.com\/Easydayinthailand\/\" \/>\n<meta property=\"article:modified_time\" content=\"2024-04-06T13:56:52+00:00\" \/>\n<meta property=\"og:image\" content=\"https:\/\/www.easydayphuket.com\/wp-content\/uploads\/2019\/02\/Racha-Island-Tour-Areal-View.jpg\" \/>\n\t<meta property=\"og:image:width\" content=\"1080\" \/>\n\t<meta property=\"og:image:height\" content=\"720\" \/>\n\t<meta property=\"og:image:type\" content=\"image\/jpeg\" \/>\n<meta name=\"twitter:label1\" content=\"Estimeret l\u00e6setid\" \/>\n\t<meta name=\"twitter:data1\" content=\"3 minutter\" \/>\n<script type=\"application\/ld+json\" class=\"yoast-schema-graph\">{\"@context\":\"https:\/\/schema.org\",\"@graph\":[{\"@type\":\"WebPage\",\"@id\":\"https:\/\/www.easydayphuket.com\/da\/bedste-udflugter-og-dagture-phuket\/ture-til-racha-oerne\/premium-dagstur-til-racha-oen\/\",\"url\":\"https:\/\/www.easydayphuket.com\/da\/bedste-udflugter-og-dagture-phuket\/ture-til-racha-oerne\/premium-dagstur-til-racha-oen\/\",\"name\":\"Premium Dagstur til Racha - Easy Day Phuket\",\"isPartOf\":{\"@id\":\"https:\/\/www.easydayphuket.com\/#website\"},\"primaryImageOfPage\":{\"@id\":\"https:\/\/www.easydayphuket.com\/da\/bedste-udflugter-og-dagture-phuket\/ture-til-racha-oerne\/premium-dagstur-til-racha-oen\/#primaryimage\"},\"image\":{\"@id\":\"https:\/\/www.easydayphuket.com\/da\/bedste-udflugter-og-dagture-phuket\/ture-til-racha-oerne\/premium-dagstur-til-racha-oen\/#primaryimage\"},\"thumbnailUrl\":\"https:\/\/www.easydayphuket.com\/wp-content\/uploads\/2019\/02\/Racha-Island-Tour-Areal-View.jpg\",\"datePublished\":\"2015-02-16T08:24:57+00:00\",\"dateModified\":\"2024-04-06T13:56:52+00:00\",\"description\":\"Premium Dagstur til Racha bringer jer hurtigt og sikkert til Racha \u00d8en uden om det v\u00e6rste morgen mylder s\u00e5 I kan nyde jeres dyrebare ferie tid p\u00e5 \u00f8en\",\"breadcrumb\":{\"@id\":\"https:\/\/www.easydayphuket.com\/da\/bedste-udflugter-og-dagture-phuket\/ture-til-racha-oerne\/premium-dagstur-til-racha-oen\/#breadcrumb\"},\"inLanguage\":\"da-DK\",\"potentialAction\":[{\"@type\":\"ReadAction\",\"target\":[\"https:\/\/www.easydayphuket.com\/da\/bedste-udflugter-og-dagture-phuket\/ture-til-racha-oerne\/premium-dagstur-til-racha-oen\/\"]}]},{\"@type\":\"ImageObject\",\"inLanguage\":\"da-DK\",\"@id\":\"https:\/\/www.easydayphuket.com\/da\/bedste-udflugter-og-dagture-phuket\/ture-til-racha-oerne\/premium-dagstur-til-racha-oen\/#primaryimage\",\"url\":\"https:\/\/www.easydayphuket.com\/wp-content\/uploads\/2019\/02\/Racha-Island-Tour-Areal-View.jpg\",\"contentUrl\":\"https:\/\/www.easydayphuket.com\/wp-content\/uploads\/2019\/02\/Racha-Island-Tour-Areal-View.jpg\",\"width\":1080,\"height\":720,\"caption\":\"Racha Island Tour - Areal View\"},{\"@type\":\"BreadcrumbList\",\"@id\":\"https:\/\/www.easydayphuket.com\/da\/bedste-udflugter-og-dagture-phuket\/ture-til-racha-oerne\/premium-dagstur-til-racha-oen\/#breadcrumb\",\"itemListElement\":[{\"@type\":\"ListItem\",\"position\":1,\"name\":\"Home\",\"item\":\"https:\/\/www.easydayphuket.com\/da\/\"},{\"@type\":\"ListItem\",\"position\":2,\"name\":\"Bedste Udflugter i Phuket\",\"item\":\"https:\/\/www.easydayphuket.com\/da\/bedste-udflugter-og-dagture-phuket\/\"},{\"@type\":\"ListItem\",\"position\":3,\"name\":\"Udflugter til Racha \u00d8en\",\"item\":\"https:\/\/www.easydayphuket.com\/da\/bedste-udflugter-og-dagture-phuket\/ture-til-racha-oerne\/\"},{\"@type\":\"ListItem\",\"position\":4,\"name\":\"Premium Dagstur til Racha \u00d8en\"}]},{\"@type\":\"WebSite\",\"@id\":\"https:\/\/www.easydayphuket.com\/#website\",\"url\":\"https:\/\/www.easydayphuket.com\/\",\"name\":\"Easy Day Phuket Tours\",\"description\":\"Din Tur & Rejse Partner i Phuket\",\"publisher\":{\"@id\":\"https:\/\/www.easydayphuket.com\/#organization\"},\"potentialAction\":[{\"@type\":\"SearchAction\",\"target\":{\"@type\":\"EntryPoint\",\"urlTemplate\":\"https:\/\/www.easydayphuket.com\/?s={search_term_string}\"},\"query-input\":{\"@type\":\"PropertyValueSpecification\",\"valueRequired\":true,\"valueName\":\"search_term_string\"}}],\"inLanguage\":\"da-DK\"},{\"@type\":\"Organization\",\"@id\":\"https:\/\/www.easydayphuket.com\/#organization\",\"name\":\"Easy Day Thailand\",\"url\":\"https:\/\/www.easydayphuket.com\/\",\"logo\":{\"@type\":\"ImageObject\",\"inLanguage\":\"da-DK\",\"@id\":\"https:\/\/www.easydayphuket.com\/#\/schema\/logo\/image\/\",\"url\":\"https:\/\/www.easydayphuket.com\/wp-content\/uploads\/2013\/07\/Sun-Thaiflag_booking12.gif\",\"contentUrl\":\"https:\/\/www.easydayphuket.com\/wp-content\/uploads\/2013\/07\/Sun-Thaiflag_booking12.gif\",\"width\":100,\"height\":94,\"caption\":\"Easy Day Thailand\"},\"image\":{\"@id\":\"https:\/\/www.easydayphuket.com\/#\/schema\/logo\/image\/\"},\"sameAs\":[\"https:\/\/www.facebook.com\/Easydayinthailand\/\",\"https:\/\/www.instagram.com\/easydaythailand\/\"]}]}<\/script>\n<!-- \/ Yoast SEO plugin. -->","yoast_head_json":{"title":"Premium Dagstur til Racha - Easy Day Phuket","description":"Premium Dagstur til Racha bringer jer hurtigt og sikkert til Racha \u00d8en uden om det v\u00e6rste morgen mylder s\u00e5 I kan nyde jeres dyrebare ferie tid p\u00e5 \u00f8en","robots":{"index":"index","follow":"follow","max-snippet":"max-snippet:-1","max-image-preview":"max-image-preview:large","max-video-preview":"max-video-preview:-1"},"canonical":"https:\/\/www.easydayphuket.com\/da\/bedste-udflugter-og-dagture-phuket\/ture-til-racha-oerne\/premium-dagstur-til-racha-oen\/","og_locale":"da_DK","og_type":"article","og_title":"Premium Dagstur til Racha - Easy Day Phuket","og_description":"Premium Dagstur til Racha bringer jer hurtigt og sikkert til Racha \u00d8en uden om det v\u00e6rste morgen mylder s\u00e5 I kan nyde jeres dyrebare ferie tid p\u00e5 \u00f8en","og_url":"https:\/\/www.easydayphuket.com\/da\/bedste-udflugter-og-dagture-phuket\/ture-til-racha-oerne\/premium-dagstur-til-racha-oen\/","og_site_name":"Easy Day Phuket Tours","article_publisher":"https:\/\/www.facebook.com\/Easydayinthailand\/","article_modified_time":"2024-04-06T13:56:52+00:00","og_image":[{"width":1080,"height":720,"url":"https:\/\/www.easydayphuket.com\/wp-content\/uploads\/2019\/02\/Racha-Island-Tour-Areal-View.jpg","type":"image\/jpeg"}],"twitter_misc":{"Estimeret l\u00e6setid":"3 minutter"},"schema":{"@context":"https:\/\/schema.org","@graph":[{"@type":"WebPage","@id":"https:\/\/www.easydayphuket.com\/da\/bedste-udflugter-og-dagture-phuket\/ture-til-racha-oerne\/premium-dagstur-til-racha-oen\/","url":"https:\/\/www.easydayphuket.com\/da\/bedste-udflugter-og-dagture-phuket\/ture-til-racha-oerne\/premium-dagstur-til-racha-oen\/","name":"Premium Dagstur til Racha - Easy Day Phuket","isPartOf":{"@id":"https:\/\/www.easydayphuket.com\/#website"},"primaryImageOfPage":{"@id":"https:\/\/www.easydayphuket.com\/da\/bedste-udflugter-og-dagture-phuket\/ture-til-racha-oerne\/premium-dagstur-til-racha-oen\/#primaryimage"},"image":{"@id":"https:\/\/www.easydayphuket.com\/da\/bedste-udflugter-og-dagture-phuket\/ture-til-racha-oerne\/premium-dagstur-til-racha-oen\/#primaryimage"},"thumbnailUrl":"https:\/\/www.easydayphuket.com\/wp-content\/uploads\/2019\/02\/Racha-Island-Tour-Areal-View.jpg","datePublished":"2015-02-16T08:24:57+00:00","dateModified":"2024-04-06T13:56:52+00:00","description":"Premium Dagstur til Racha bringer jer hurtigt og sikkert til Racha \u00d8en uden om det v\u00e6rste morgen mylder s\u00e5 I kan nyde jeres dyrebare ferie tid p\u00e5 \u00f8en","breadcrumb":{"@id":"https:\/\/www.easydayphuket.com\/da\/bedste-udflugter-og-dagture-phuket\/ture-til-racha-oerne\/premium-dagstur-til-racha-oen\/#breadcrumb"},"inLanguage":"da-DK","potentialAction":[{"@type":"ReadAction","target":["https:\/\/www.easydayphuket.com\/da\/bedste-udflugter-og-dagture-phuket\/ture-til-racha-oerne\/premium-dagstur-til-racha-oen\/"]}]},{"@type":"ImageObject","inLanguage":"da-DK","@id":"https:\/\/www.easydayphuket.com\/da\/bedste-udflugter-og-dagture-phuket\/ture-til-racha-oerne\/premium-dagstur-til-racha-oen\/#primaryimage","url":"https:\/\/www.easydayphuket.com\/wp-content\/uploads\/2019\/02\/Racha-Island-Tour-Areal-View.jpg","contentUrl":"https:\/\/www.easydayphuket.com\/wp-content\/uploads\/2019\/02\/Racha-Island-Tour-Areal-View.jpg","width":1080,"height":720,"caption":"Racha Island Tour - Areal View"},{"@type":"BreadcrumbList","@id":"https:\/\/www.easydayphuket.com\/da\/bedste-udflugter-og-dagture-phuket\/ture-til-racha-oerne\/premium-dagstur-til-racha-oen\/#breadcrumb","itemListElement":[{"@type":"ListItem","position":1,"name":"Home","item":"https:\/\/www.easydayphuket.com\/da\/"},{"@type":"ListItem","position":2,"name":"Bedste Udflugter i Phuket","item":"https:\/\/www.easydayphuket.com\/da\/bedste-udflugter-og-dagture-phuket\/"},{"@type":"ListItem","position":3,"name":"Udflugter til Racha \u00d8en","item":"https:\/\/www.easydayphuket.com\/da\/bedste-udflugter-og-dagture-phuket\/ture-til-racha-oerne\/"},{"@type":"ListItem","position":4,"name":"Premium Dagstur til Racha \u00d8en"}]},{"@type":"WebSite","@id":"https:\/\/www.easydayphuket.com\/#website","url":"https:\/\/www.easydayphuket.com\/","name":"Easy Day Phuket Tours","description":"Din Tur & Rejse Partner i Phuket","publisher":{"@id":"https:\/\/www.easydayphuket.com\/#organization"},"potentialAction":[{"@type":"SearchAction","target":{"@type":"EntryPoint","urlTemplate":"https:\/\/www.easydayphuket.com\/?s={search_term_string}"},"query-input":{"@type":"PropertyValueSpecification","valueRequired":true,"valueName":"search_term_string"}}],"inLanguage":"da-DK"},{"@type":"Organization","@id":"https:\/\/www.easydayphuket.com\/#organization","name":"Easy Day Thailand","url":"https:\/\/www.easydayphuket.com\/","logo":{"@type":"ImageObject","inLanguage":"da-DK","@id":"https:\/\/www.easydayphuket.com\/#\/schema\/logo\/image\/","url":"https:\/\/www.easydayphuket.com\/wp-content\/uploads\/2013\/07\/Sun-Thaiflag_booking12.gif","contentUrl":"https:\/\/www.easydayphuket.com\/wp-content\/uploads\/2013\/07\/Sun-Thaiflag_booking12.gif","width":100,"height":94,"caption":"Easy Day Thailand"},"image":{"@id":"https:\/\/www.easydayphuket.com\/#\/schema\/logo\/image\/"},"sameAs":["https:\/\/www.facebook.com\/Easydayinthailand\/","https:\/\/www.instagram.com\/easydaythailand\/"]}]}},"_links":{"self":[{"href":"https:\/\/www.easydayphuket.com\/da\/wp-json\/wp\/v2\/pages\/8597","targetHints":{"allow":["GET"]}}],"collection":[{"href":"https:\/\/www.easydayphuket.com\/da\/wp-json\/wp\/v2\/pages"}],"about":[{"href":"https:\/\/www.easydayphuket.com\/da\/wp-json\/wp\/v2\/types\/page"}],"author":[{"embeddable":true,"href":"https:\/\/www.easydayphuket.com\/da\/wp-json\/wp\/v2\/users\/4"}],"replies":[{"embeddable":true,"href":"https:\/\/www.easydayphuket.com\/da\/wp-json\/wp\/v2\/comments?post=8597"}],"version-history":[{"count":0,"href":"https:\/\/www.easydayphuket.com\/da\/wp-json\/wp\/v2\/pages\/8597\/revisions"}],"up":[{"embeddable":true,"href":"https:\/\/www.easydayphuket.com\/da\/wp-json\/wp\/v2\/pages\/8595"}],"wp:featuredmedia":[{"embeddable":true,"href":"https:\/\/www.easydayphuket.com\/da\/wp-json\/wp\/v2\/media\/29995"}],"wp:attachment":[{"href":"https:\/\/www.easydayphuket.com\/da\/wp-json\/wp\/v2\/media?parent=8597"}],"curies":[{"name":"wp","href":"https:\/\/api.w.org\/{rel}","templated":true}]}}