{"id":28745,"date":"2018-09-23T14:55:06","date_gmt":"2018-09-23T07:55:06","guid":{"rendered":"https:\/\/www.easydayphuket.com\/phuket-oen-det-bedste-udvalg-af-udflugter-dagture-aktiviteter\/"},"modified":"2018-09-23T15:23:49","modified_gmt":"2018-09-23T08:23:49","slug":"phuket-oen-det-bedste-udvalg-af-udflugter-dagture-aktiviteter","status":"publish","type":"page","link":"https:\/\/www.easydayphuket.com\/da\/","title":{"rendered":"Phuket \u00d8en, det bedste udvalg af Udflugter, Dagture &#038; Aktiviteter"},"content":{"rendered":"<p>[et_pb_section fb_built=&#8221;1&#8243; _builder_version=&#8221;3.0.47&#8243;][et_pb_row _builder_version=&#8221;3.12.2&#8243;][et_pb_column type=&#8221;4_4&#8243; _builder_version=&#8221;3.0.47&#8243; parallax=&#8221;off&#8221; parallax_method=&#8221;on&#8221;][et_pb_text disabled_on=&#8221;off|off|off&#8221; _builder_version=&#8221;3.15&#8243; text_orientation=&#8221;center&#8221;]<\/p>\n<div id=\"welcome-message\">\n<p>Vi f\u00f8ler os forpligtede til aldrig at g\u00e5 p\u00e5 kompromis med Kvalitet &amp; Sikkerhed overfor Pris b\u00e5de for vores Kunder og for Os selv: Vi er ikke de Billigste&#8230; men de Bedste.<br \/>\n<br clear=\"all\" \/>Send en E-mail nu til\u00a0<a>Info@easydaythailand.com<\/a>\u00a0eller ring p\u00e5 +66 95 848 6433.<br \/>\n<br clear=\"all\" \/>Easy Day Udflugter &amp; Dagsture for hele Familien, Venner, Par og Singler. Oplev forskellen med vores Private og Gruppe ture. Skriv til os og meddel os hvad slags udflugt eller tur I er interesseret i s\u00e5 vi kan organisere det og booke det for jer.<\/p>\n<\/div>\n<div class=\"divider\"><\/div>\n<p>[\/et_pb_text][\/et_pb_column][\/et_pb_row][et_pb_row _builder_version=&#8221;3.0.48&#8243; background_size=&#8221;initial&#8221; background_position=&#8221;top_left&#8221; background_repeat=&#8221;repeat&#8221;][et_pb_column type=&#8221;1_3&#8243; _builder_version=&#8221;3.0.47&#8243; parallax=&#8221;off&#8221; parallax_method=&#8221;on&#8221;][et_pb_blurb title=&#8221;Bedste Udflugter i Phuket&#8221; url=&#8221;https:\/\/www.easydayphuket.com\/phuket-tours\/&#8221; image=&#8221;https:\/\/www.easydayphuket.com\/wp-content\/uploads\/2018\/08\/James-Bond-Island.jpg&#8221; image_max_width_last_edited=&#8221;on|phone&#8221; content_max_width_last_edited=&#8221;on|desktop&#8221; _builder_version=&#8221;3.15&#8243; header_text_align=&#8221;center&#8221; header_text_shadow_style=&#8221;preset2&#8243; body_text_align=&#8221;center&#8221; background_color=&#8221;rgba(226,226,226,0.62)&#8221; box_shadow_style=&#8221;preset2&#8243; custom_margin=&#8221;|||&#8221; custom_padding=&#8221;0px||4px|&#8221; saved_tabs=&#8221;all&#8221;]<\/p>\n<p><span>Phuket \u00f8en er den perfekte ferie destination med masser af udflugter og ture. Palme bekl\u00e6dte strande, tropisk klima, krystal klart vand og masser af sol. Easy Day Top Phuket udflugter og ture viser jer det rigtige\u00a0 Phuket Island.<\/span><\/p>\n<p>[\/et_pb_blurb][\/et_pb_column][et_pb_column type=&#8221;1_3&#8243; _builder_version=&#8221;3.0.47&#8243; parallax=&#8221;off&#8221; parallax_method=&#8221;on&#8221;][et_pb_blurb title=&#8221;Snorkel Tur Phuket&#8221; url=&#8221;https:\/\/www.easydayphuket.com\/phuket-activities\/snorkeling-tours-phuket\/&#8221; image=&#8221;https:\/\/www.easydayphuket.com\/wp-content\/uploads\/2018\/08\/Snorkeling-Thailand.jpg&#8221; image_max_width_last_edited=&#8221;on|phone&#8221; content_max_width_last_edited=&#8221;on|desktop&#8221; _builder_version=&#8221;3.12.2&#8243; header_text_align=&#8221;center&#8221; header_text_shadow_style=&#8221;preset2&#8243; body_text_align=&#8221;center&#8221; background_color=&#8221;rgba(226,226,226,0.62)&#8221; box_shadow_style=&#8221;preset2&#8243; custom_margin=&#8221;|||&#8221; custom_padding=&#8221;0px||4px|&#8221; saved_tabs=&#8221;all&#8221;]<\/p>\n<p><span>Bestil nu ! Vores Snorkel Ture er for b\u00e5de unge &amp; \u00e6ldre. Snorkeling er efterh\u00e5nden den mest popul\u00e6re vandsports aktivitet i Phuket.\u00a0Vi arrangerer snorkel ture hele \u00e5ret rundt og det er osse for nybegyndere. Dit snorkel eventyr starter her !<\/span><\/p>\n<p>[\/et_pb_blurb][\/et_pb_column][et_pb_column type=&#8221;1_3&#8243; _builder_version=&#8221;3.0.47&#8243; parallax=&#8221;off&#8221; parallax_method=&#8221;on&#8221;][et_pb_blurb title=&#8221;Phuket Airport Transfer&#8221; url=&#8221;https:\/\/www.easydayphuket.com\/phuket-transfers\/phuket-airport-transfer\/&#8221; image=&#8221;https:\/\/www.easydayphuket.com\/wp-content\/uploads\/2018\/08\/Phuket-Airport-Transfers.jpg&#8221; image_max_width_last_edited=&#8221;on|phone&#8221; content_max_width_last_edited=&#8221;on|desktop&#8221; _builder_version=&#8221;3.15&#8243; header_text_align=&#8221;center&#8221; header_text_shadow_style=&#8221;preset2&#8243; body_text_align=&#8221;center&#8221; background_color=&#8221;rgba(226,226,226,0.62)&#8221; box_shadow_style=&#8221;preset2&#8243; custom_margin=&#8221;|||&#8221; custom_padding=&#8221;0px||4px|&#8221; saved_tabs=&#8221;all&#8221;]<\/p>\n<p>Phuket Lufthavn Overf\u00f8rsel &#8211; Book din transfer fra Phuket lufthavn til \/ fra Phuket Hoteller nu. Book nemt og sikkert p\u00e5 forh\u00e5nd. Vi garanterer at du kan komme til, hvor du vil g\u00e5 i tide.\u00a0<\/p>\n<p>[\/et_pb_blurb][\/et_pb_column][\/et_pb_row][et_pb_row _builder_version=&#8221;3.0.48&#8243; background_size=&#8221;initial&#8221; background_position=&#8221;top_left&#8221; background_repeat=&#8221;repeat&#8221;][et_pb_column type=&#8221;1_3&#8243; _builder_version=&#8221;3.0.47&#8243; parallax=&#8221;off&#8221; parallax_method=&#8221;on&#8221;][et_pb_blurb title=&#8221;Private Phuket Tours&#8221; url=&#8221;https:\/\/www.easydayphuket.com\/private-phuket-day-tours\/&#8221; image=&#8221;https:\/\/www.easydayphuket.com\/wp-content\/uploads\/2018\/08\/Phi-Phi-Island-Tour-Speedboat-at-Maya-Bay.jpg&#8221; image_max_width_last_edited=&#8221;on|phone&#8221; content_max_width_last_edited=&#8221;on|desktop&#8221; _builder_version=&#8221;3.15&#8243; header_text_align=&#8221;center&#8221; header_text_shadow_style=&#8221;preset2&#8243; body_text_align=&#8221;center&#8221; background_color=&#8221;rgba(226,226,226,0.62)&#8221; box_shadow_style=&#8221;preset2&#8243; custom_margin=&#8221;|||&#8221; custom_padding=&#8221;0px||4px|&#8221; saved_tabs=&#8221;all&#8221;]<\/p>\n<p>Private Phuket Day Tours drives af din Phuket Tour partner Easy Day Thailand Tours. Phuket Sightseeing Tours, Private Tours til Phang Nga Bay herunder bes\u00f8g p\u00e5 James Bond Island.<\/p>\n<p>[\/et_pb_blurb][\/et_pb_column][et_pb_column type=&#8221;1_3&#8243; _builder_version=&#8221;3.0.47&#8243; parallax=&#8221;off&#8221; parallax_method=&#8221;on&#8221;][et_pb_blurb title=&#8221;Island Hopping&#8221; url=&#8221;https:\/\/www.easydayphuket.com\/phuket-island-hopping-tour\/&#8221; image=&#8221;https:\/\/www.easydayphuket.com\/wp-content\/uploads\/2018\/08\/Koh-Rok-Islands.jpg&#8221; image_max_width_last_edited=&#8221;on|phone&#8221; content_max_width_last_edited=&#8221;on|desktop&#8221; _builder_version=&#8221;3.15&#8243; header_text_align=&#8221;center&#8221; header_text_shadow_style=&#8221;preset2&#8243; body_text_align=&#8221;center&#8221; background_color=&#8221;rgba(226,226,226,0.62)&#8221; box_shadow_style=&#8221;preset2&#8243; custom_margin=&#8221;|||&#8221; custom_padding=&#8221;0px||4px|&#8221; saved_tabs=&#8221;all&#8221;]<\/p>\n<p>Phuket Island Hopping Tour med Easy Day Thailand. Se de smukkeste steder og \u00f8er omkring Phuket Island med Private Tours eller Join-In Island Hopping tours.<\/p>\n<p>[\/et_pb_blurb][\/et_pb_column][et_pb_column type=&#8221;1_3&#8243; _builder_version=&#8221;3.0.47&#8243; parallax=&#8221;off&#8221; parallax_method=&#8221;on&#8221;][et_pb_blurb title=&#8221;Full Moon Party&#8221; url=&#8221;https:\/\/www.easydayphuket.com\/phuket-transfers\/how-to-get-from-phuket-to-koh-phangan\/&#8221; image=&#8221;https:\/\/www.easydayphuket.com\/wp-content\/uploads\/2018\/08\/Lomprayah-High-Speed-Ferry.jpg&#8221; image_max_width_last_edited=&#8221;on|phone&#8221; content_max_width_last_edited=&#8221;on|desktop&#8221; _builder_version=&#8221;3.15&#8243; header_text_align=&#8221;center&#8221; header_text_shadow_style=&#8221;preset2&#8243; body_text_align=&#8221;center&#8221; background_color=&#8221;rgba(226,226,226,0.62)&#8221; box_shadow_style=&#8221;preset2&#8243; custom_margin=&#8221;|||&#8221; custom_padding=&#8221;0px||4px|&#8221; saved_tabs=&#8221;all&#8221;]<\/p>\n<p>Hvordan kommer man fra Phuket til Koh Phangan? &#8211; Daglige overf\u00f8rsler via Join-In bus &amp; Hi-Speed \u200b\u200bf\u00e6rge, eller med fly fra Phuket Lufthavn til Koh Samui Lufthavn og forbindende F\u00e6rge til Koh Phangan.<\/p>\n<p>[\/et_pb_blurb][\/et_pb_column][\/et_pb_row][\/et_pb_section][et_pb_section fb_built=&#8221;1&#8243; _builder_version=&#8221;3.12.2&#8243; custom_padding=&#8221;0|0px|37.5938px|0px|false|false&#8221;][et_pb_row _builder_version=&#8221;3.12.2&#8243;][et_pb_column type=&#8221;4_4&#8243; _builder_version=&#8221;3.0.47&#8243; parallax=&#8221;off&#8221; parallax_method=&#8221;on&#8221;][et_pb_text _builder_version=&#8221;3.15&#8243;]<\/p>\n<h2><span>Artikler om Phuket Island<\/span><\/h2>\n<p>[\/et_pb_text][et_pb_post_slider posts_number=&#8221;5&#8243; orderby=&#8221;date_asc&#8221; show_meta=&#8221;off&#8221; _builder_version=&#8221;3.15&#8243;]&nbsp;<br \/>\n[\/et_pb_post_slider][\/et_pb_column][\/et_pb_row][\/et_pb_section][et_pb_section fb_built=&#8221;1&#8243; module_id=&#8221;form&#8221; _builder_version=&#8221;3.12.2&#8243; custom_padding=&#8221;0|0px|37.5938px|0px|false|false&#8221;][et_pb_row _builder_version=&#8221;3.12.2&#8243;][et_pb_column type=&#8221;4_4&#8243; _builder_version=&#8221;3.0.47&#8243; parallax=&#8221;off&#8221; parallax_method=&#8221;on&#8221;][et_pb_cta title=&#8221;Kom i kontakt&#8221; button_url=&#8221;https:\/\/www.easydayphuket.com\/contact\/&#8221; url_new_window=&#8221;on&#8221; button_text=&#8221;Kontakt os&#8221; _builder_version=&#8221;3.15&#8243; background_color=&#8221;rgba(249,104,0,0.99)&#8221; border_width_all=&#8221;1px&#8221; box_shadow_style=&#8221;preset2&#8243;]<\/p>\n<p>ContaQuestions om ture eller aktiviteter i Phuket Island? Drop os en linje og sp\u00f8rg nu.ct os<\/p>\n<p>[\/et_pb_cta][\/et_pb_column][\/et_pb_row][\/et_pb_section]<\/p>\n","protected":false},"excerpt":{"rendered":"<p>Vi f\u00f8ler os forpligtede til aldrig at g\u00e5 p\u00e5 kompromis med Kvalitet &amp; Sikkerhed overfor Pris b\u00e5de for vores Kunder og for Os selv: Vi er ikke de Billigste&#8230; men de Bedste. Send en E-mail nu til\u00a0Info@easydaythailand.com\u00a0eller ring p\u00e5 +66 95 848 6433. Easy Day Udflugter &amp; Dagsture for hele Familien, Venner, Par og Singler. [&hellip;]<\/p>\n","protected":false},"author":1,"featured_media":28563,"parent":0,"menu_order":0,"comment_status":"closed","ping_status":"closed","template":"","meta":{"_acf_changed":false,"_et_pb_use_builder":"on","_et_pb_old_content":"","_et_gb_content_width":"","footnotes":""},"class_list":["post-28745","page","type-page","status-publish","has-post-thumbnail","hentry"],"acf":[],"yoast_head":"<!-- This site is optimized with the Yoast SEO plugin v25.1 - https:\/\/yoast.com\/wordpress\/plugins\/seo\/ -->\n<title>Phuket \u00d8en, det bedste udvalg af Udflugter, Dagture &amp; Aktiviteter - Easy Day Phuket Tours<\/title>\n<meta name=\"robots\" content=\"index, follow, max-snippet:-1, max-image-preview:large, max-video-preview:-1\" \/>\n<link rel=\"canonical\" href=\"https:\/\/www.easydayphuket.com\/da\/\" \/>\n<meta property=\"og:locale\" content=\"da_DK\" \/>\n<meta property=\"og:type\" content=\"article\" \/>\n<meta property=\"og:title\" content=\"Phuket \u00d8en, det bedste udvalg af Udflugter, Dagture &amp; Aktiviteter - Easy Day Phuket Tours\" \/>\n<meta property=\"og:description\" content=\"Vi f\u00f8ler os forpligtede til aldrig at g\u00e5 p\u00e5 kompromis med Kvalitet &amp; Sikkerhed overfor Pris b\u00e5de for vores Kunder og for Os selv: Vi er ikke de Billigste... men de Bedste. Send en E-mail nu til\u00a0Info@easydaythailand.com\u00a0eller ring p\u00e5 +66 95 848 6433. Easy Day Udflugter &amp; Dagsture for hele Familien, Venner, Par og Singler. [&hellip;]\" \/>\n<meta property=\"og:url\" content=\"https:\/\/www.easydayphuket.com\/da\/\" \/>\n<meta property=\"og:site_name\" content=\"Easy Day Phuket Tours\" \/>\n<meta property=\"article:publisher\" content=\"https:\/\/www.facebook.com\/Easydayinthailand\/\" \/>\n<meta property=\"article:modified_time\" content=\"2018-09-23T08:23:49+00:00\" \/>\n<meta property=\"og:image\" content=\"https:\/\/www.easydayphuket.com\/wp-content\/uploads\/2018\/08\/James-Bond-Island.jpg\" \/>\n\t<meta property=\"og:image:width\" content=\"550\" \/>\n\t<meta property=\"og:image:height\" content=\"310\" \/>\n\t<meta property=\"og:image:type\" content=\"image\/jpeg\" \/>\n<meta name=\"twitter:label1\" content=\"Estimeret l\u00e6setid\" \/>\n\t<meta name=\"twitter:data1\" content=\"5 minutter\" \/>\n<script type=\"application\/ld+json\" class=\"yoast-schema-graph\">{\"@context\":\"https:\/\/schema.org\",\"@graph\":[{\"@type\":\"WebPage\",\"@id\":\"https:\/\/www.easydayphuket.com\/da\/\",\"url\":\"https:\/\/www.easydayphuket.com\/da\/\",\"name\":\"Phuket \u00d8en, det bedste udvalg af Udflugter, Dagture & Aktiviteter - Easy Day Phuket Tours\",\"isPartOf\":{\"@id\":\"https:\/\/www.easydayphuket.com\/#website\"},\"primaryImageOfPage\":{\"@id\":\"https:\/\/www.easydayphuket.com\/da\/#primaryimage\"},\"image\":{\"@id\":\"https:\/\/www.easydayphuket.com\/da\/#primaryimage\"},\"thumbnailUrl\":\"https:\/\/www.easydayphuket.com\/wp-content\/uploads\/2018\/08\/James-Bond-Island.jpg\",\"datePublished\":\"2018-09-23T07:55:06+00:00\",\"dateModified\":\"2018-09-23T08:23:49+00:00\",\"breadcrumb\":{\"@id\":\"https:\/\/www.easydayphuket.com\/da\/#breadcrumb\"},\"inLanguage\":\"da-DK\",\"potentialAction\":[{\"@type\":\"ReadAction\",\"target\":[\"https:\/\/www.easydayphuket.com\/da\/\"]}]},{\"@type\":\"ImageObject\",\"inLanguage\":\"da-DK\",\"@id\":\"https:\/\/www.easydayphuket.com\/da\/#primaryimage\",\"url\":\"https:\/\/www.easydayphuket.com\/wp-content\/uploads\/2018\/08\/James-Bond-Island.jpg\",\"contentUrl\":\"https:\/\/www.easydayphuket.com\/wp-content\/uploads\/2018\/08\/James-Bond-Island.jpg\",\"width\":550,\"height\":310,\"caption\":\"James Bond Island\"},{\"@type\":\"BreadcrumbList\",\"@id\":\"https:\/\/www.easydayphuket.com\/da\/#breadcrumb\",\"itemListElement\":[{\"@type\":\"ListItem\",\"position\":1,\"name\":\"Home\",\"item\":\"https:\/\/www.easydayphuket.com\/da\/\"},{\"@type\":\"ListItem\",\"position\":2,\"name\":\"Phuket \u00d8en, det bedste udvalg af Udflugter, Dagture &#038; Aktiviteter\"}]},{\"@type\":\"WebSite\",\"@id\":\"https:\/\/www.easydayphuket.com\/#website\",\"url\":\"https:\/\/www.easydayphuket.com\/\",\"name\":\"Easy Day Phuket Tours\",\"description\":\"Din Tur & Rejse Partner i Phuket\",\"publisher\":{\"@id\":\"https:\/\/www.easydayphuket.com\/#organization\"},\"potentialAction\":[{\"@type\":\"SearchAction\",\"target\":{\"@type\":\"EntryPoint\",\"urlTemplate\":\"https:\/\/www.easydayphuket.com\/?s={search_term_string}\"},\"query-input\":{\"@type\":\"PropertyValueSpecification\",\"valueRequired\":true,\"valueName\":\"search_term_string\"}}],\"inLanguage\":\"da-DK\"},{\"@type\":\"Organization\",\"@id\":\"https:\/\/www.easydayphuket.com\/#organization\",\"name\":\"Easy Day Thailand\",\"url\":\"https:\/\/www.easydayphuket.com\/\",\"logo\":{\"@type\":\"ImageObject\",\"inLanguage\":\"da-DK\",\"@id\":\"https:\/\/www.easydayphuket.com\/#\/schema\/logo\/image\/\",\"url\":\"https:\/\/www.easydayphuket.com\/wp-content\/uploads\/2013\/07\/Sun-Thaiflag_booking12.gif\",\"contentUrl\":\"https:\/\/www.easydayphuket.com\/wp-content\/uploads\/2013\/07\/Sun-Thaiflag_booking12.gif\",\"width\":100,\"height\":94,\"caption\":\"Easy Day Thailand\"},\"image\":{\"@id\":\"https:\/\/www.easydayphuket.com\/#\/schema\/logo\/image\/\"},\"sameAs\":[\"https:\/\/www.facebook.com\/Easydayinthailand\/\",\"https:\/\/www.instagram.com\/easydaythailand\/\"]}]}<\/script>\n<!-- \/ Yoast SEO plugin. -->","yoast_head_json":{"title":"Phuket \u00d8en, det bedste udvalg af Udflugter, Dagture & Aktiviteter - Easy Day Phuket Tours","robots":{"index":"index","follow":"follow","max-snippet":"max-snippet:-1","max-image-preview":"max-image-preview:large","max-video-preview":"max-video-preview:-1"},"canonical":"https:\/\/www.easydayphuket.com\/da\/","og_locale":"da_DK","og_type":"article","og_title":"Phuket \u00d8en, det bedste udvalg af Udflugter, Dagture & Aktiviteter - Easy Day Phuket Tours","og_description":"Vi f\u00f8ler os forpligtede til aldrig at g\u00e5 p\u00e5 kompromis med Kvalitet &amp; Sikkerhed overfor Pris b\u00e5de for vores Kunder og for Os selv: Vi er ikke de Billigste... men de Bedste. Send en E-mail nu til\u00a0Info@easydaythailand.com\u00a0eller ring p\u00e5 +66 95 848 6433. Easy Day Udflugter &amp; Dagsture for hele Familien, Venner, Par og Singler. [&hellip;]","og_url":"https:\/\/www.easydayphuket.com\/da\/","og_site_name":"Easy Day Phuket Tours","article_publisher":"https:\/\/www.facebook.com\/Easydayinthailand\/","article_modified_time":"2018-09-23T08:23:49+00:00","og_image":[{"width":550,"height":310,"url":"https:\/\/www.easydayphuket.com\/wp-content\/uploads\/2018\/08\/James-Bond-Island.jpg","type":"image\/jpeg"}],"twitter_misc":{"Estimeret l\u00e6setid":"5 minutter"},"schema":{"@context":"https:\/\/schema.org","@graph":[{"@type":"WebPage","@id":"https:\/\/www.easydayphuket.com\/da\/","url":"https:\/\/www.easydayphuket.com\/da\/","name":"Phuket \u00d8en, det bedste udvalg af Udflugter, Dagture & Aktiviteter - Easy Day Phuket Tours","isPartOf":{"@id":"https:\/\/www.easydayphuket.com\/#website"},"primaryImageOfPage":{"@id":"https:\/\/www.easydayphuket.com\/da\/#primaryimage"},"image":{"@id":"https:\/\/www.easydayphuket.com\/da\/#primaryimage"},"thumbnailUrl":"https:\/\/www.easydayphuket.com\/wp-content\/uploads\/2018\/08\/James-Bond-Island.jpg","datePublished":"2018-09-23T07:55:06+00:00","dateModified":"2018-09-23T08:23:49+00:00","breadcrumb":{"@id":"https:\/\/www.easydayphuket.com\/da\/#breadcrumb"},"inLanguage":"da-DK","potentialAction":[{"@type":"ReadAction","target":["https:\/\/www.easydayphuket.com\/da\/"]}]},{"@type":"ImageObject","inLanguage":"da-DK","@id":"https:\/\/www.easydayphuket.com\/da\/#primaryimage","url":"https:\/\/www.easydayphuket.com\/wp-content\/uploads\/2018\/08\/James-Bond-Island.jpg","contentUrl":"https:\/\/www.easydayphuket.com\/wp-content\/uploads\/2018\/08\/James-Bond-Island.jpg","width":550,"height":310,"caption":"James Bond Island"},{"@type":"BreadcrumbList","@id":"https:\/\/www.easydayphuket.com\/da\/#breadcrumb","itemListElement":[{"@type":"ListItem","position":1,"name":"Home","item":"https:\/\/www.easydayphuket.com\/da\/"},{"@type":"ListItem","position":2,"name":"Phuket \u00d8en, det bedste udvalg af Udflugter, Dagture &#038; Aktiviteter"}]},{"@type":"WebSite","@id":"https:\/\/www.easydayphuket.com\/#website","url":"https:\/\/www.easydayphuket.com\/","name":"Easy Day Phuket Tours","description":"Din Tur & Rejse Partner i Phuket","publisher":{"@id":"https:\/\/www.easydayphuket.com\/#organization"},"potentialAction":[{"@type":"SearchAction","target":{"@type":"EntryPoint","urlTemplate":"https:\/\/www.easydayphuket.com\/?s={search_term_string}"},"query-input":{"@type":"PropertyValueSpecification","valueRequired":true,"valueName":"search_term_string"}}],"inLanguage":"da-DK"},{"@type":"Organization","@id":"https:\/\/www.easydayphuket.com\/#organization","name":"Easy Day Thailand","url":"https:\/\/www.easydayphuket.com\/","logo":{"@type":"ImageObject","inLanguage":"da-DK","@id":"https:\/\/www.easydayphuket.com\/#\/schema\/logo\/image\/","url":"https:\/\/www.easydayphuket.com\/wp-content\/uploads\/2013\/07\/Sun-Thaiflag_booking12.gif","contentUrl":"https:\/\/www.easydayphuket.com\/wp-content\/uploads\/2013\/07\/Sun-Thaiflag_booking12.gif","width":100,"height":94,"caption":"Easy Day Thailand"},"image":{"@id":"https:\/\/www.easydayphuket.com\/#\/schema\/logo\/image\/"},"sameAs":["https:\/\/www.facebook.com\/Easydayinthailand\/","https:\/\/www.instagram.com\/easydaythailand\/"]}]}},"_links":{"self":[{"href":"https:\/\/www.easydayphuket.com\/da\/wp-json\/wp\/v2\/pages\/28745","targetHints":{"allow":["GET"]}}],"collection":[{"href":"https:\/\/www.easydayphuket.com\/da\/wp-json\/wp\/v2\/pages"}],"about":[{"href":"https:\/\/www.easydayphuket.com\/da\/wp-json\/wp\/v2\/types\/page"}],"author":[{"embeddable":true,"href":"https:\/\/www.easydayphuket.com\/da\/wp-json\/wp\/v2\/users\/1"}],"replies":[{"embeddable":true,"href":"https:\/\/www.easydayphuket.com\/da\/wp-json\/wp\/v2\/comments?post=28745"}],"version-history":[{"count":0,"href":"https:\/\/www.easydayphuket.com\/da\/wp-json\/wp\/v2\/pages\/28745\/revisions"}],"wp:featuredmedia":[{"embeddable":true,"href":"https:\/\/www.easydayphuket.com\/da\/wp-json\/wp\/v2\/media\/28563"}],"wp:attachment":[{"href":"https:\/\/www.easydayphuket.com\/da\/wp-json\/wp\/v2\/media?parent=28745"}],"curies":[{"name":"wp","href":"https:\/\/api.w.org\/{rel}","templated":true}]}}