{"id":24733,"date":"2017-05-17T12:24:53","date_gmt":"2017-05-17T05:24:53","guid":{"rendered":"https:\/\/www.easydayphuket.com\/snorkel-tur-phuket\/"},"modified":"2024-04-06T21:19:32","modified_gmt":"2024-04-06T14:19:32","slug":"snorkel-tur-phuket","status":"publish","type":"page","link":"https:\/\/www.easydayphuket.com\/da\/snorkel-tur-phuket\/","title":{"rendered":"Snorkel Tur Phuket"},"content":{"rendered":"\n<p><a href=\"#form\"><img loading=\"lazy\" decoding=\"async\" class=\"size-full wp-image-2832 alignright\" title=\"Contact Us Now!\" alt=\"Mail - Contact Easy Day Phuket Now!\" src=\"https:\/\/easydayphuket.com\/wp-content\/uploads\/2013\/07\/mail.gif\" width=\"48\" height=\"48\" \/><\/a>Bestil nu ! Vores Snorkel Ture er for b\u00e5de unge &amp; \u00e6ldre. Snorkeling er efterh\u00e5nden den mest popul\u00e6re vandsports aktivitet i Phuket . Vi arrangerer snorkel ture hele \u00e5ret rundt og det er osse for nybegyndere. Dit snorkel eventyr starter her !<\/p>\n\n\n\n<figure class=\"wp-block-image\"><a href=\"https:\/\/www.easydayphuket.com\/da\/bedste-udflugter-og-dagture-phuket\/ture-til-racha-oerne\/premium-dagstur-til-racha-oen\/\"><img loading=\"lazy\" decoding=\"async\" width=\"150\" height=\"150\" src=\"https:\/\/www.easydayphuket.com\/wp-content\/uploads\/2013\/10\/racha-yai-jump-1-150x150.jpg\" alt=\"Freedom at Bungalow Bay with Snorkeling Tours Phuket to Raya Yai Island\" class=\"wp-image-3116\" title=\"Freedom at Bungalow Bay with Snorkeling trips to Raya Yai Island\"\/><\/a><\/figure>\n\n\n\n<p>Afslapning ved Racha Yai&nbsp;<\/p>\n\n\n\n<h2 class=\"wp-block-heading\"><a title=\"Racha Island Day Trip\" href=\"https:\/\/www.easydayphuket.com\/da\/bedste-udflugter-og-dagture-phuket\/ture-til-racha-oerne\/premium-dagstur-til-racha-oen\/\">Snorkel Tur til Racha&nbsp;\u00d8en Dags Tur<\/a><\/h2>\n\n\n\n<p>Snorkel tur til Raya Yai \u00d8en er bare en halv time med speedb\u00e5d fra Phuket. Udforsk de lokale Rev og mulighed for at benytte faciliteterne og frokost p\u00e5 Baan Raya Resort. <strong>Pris i Thai Baht pr. person: 1,900 | B\u00f8rn (3-11\u00e5r) 1,200<\/strong><\/p>\n\n\n\n<p class=\"has-text-align-right\"><strong><a title=\"Easy Day Contact Form\" href=\"https:\/\/www.easydayphuket.com\/da\/bedste-udflugter-og-dagture-phuket\/ture-til-racha-oerne\/premium-dagstur-til-racha-oen\/#form\">Kontakt Os<\/a> |&nbsp;<a title=\"Racha Island Day Trip\" href=\"https:\/\/www.easydayphuket.com\/da\/bedste-udflugter-og-dagture-phuket\/ture-til-racha-oerne\/premium-dagstur-til-racha-oen\/\"> L\u00e6s mere her\u2026<\/a><\/strong><\/p>\n\n\n<div class=\"divider\"><\/div>\n\n\n\n<figure class=\"wp-block-image alignleft\"><img decoding=\"async\" src=\"https:\/\/farm8.staticflickr.com\/7384\/9481863641_4d19bb0d55_q.jpg\" alt=\"Phi Phi Premium Tour - Snorkeling Tours Phuket\"\/><figcaption class=\"wp-element-caption\">Phi Phi<\/figcaption><\/figure>\n\n\n\n<h2 class=\"wp-block-heading\">Snorkel Ture til Phi Phi \u00d8erne<\/h2>\n\n\n\n<p><strong>Phi Phi&nbsp;\u00d8erne<\/strong> &#8211; Bare 1 times sejlads med speedb\u00e5d fra Phuket. Fantastiske kalkstensformationer former disse \u00f8er og en forunderlig verden under vand venter jer. Dette g\u00f8r Phi Phi til en af de mest popul\u00e6re Sightseeing og snorkel destinationer fra Phuket og er muligt hele \u00e5ret rundt. <strong>Pris i Thai Baht pr. person: 3,900 | B\u00f8rn (3-12\u00e5r)&nbsp;2,900<\/strong><\/p>\n\n\n\n<p class=\"has-text-align-right\"><strong>Kontakt Os | L\u00e6s mere her\u2026<\/strong><\/p>\n\n\n<div class=\"divider\"><\/div>\n\n\n\n<figure class=\"wp-block-image alignleft\"><a href=\"https:\/\/www.easydayphuket.com\/da\/bedste-udflugter-og-dagture-phuket\/ture-til-racha-oerne\/udflugt-til-racha-oen\/\"><img decoding=\"async\" src=\"https:\/\/farm2.staticflickr.com\/1400\/5134099563_580285c32a_q.jpg\" alt=\"Racha Island - Popular destination for Snorkeling Tours Phuket\"\/><\/a><figcaption class=\"wp-element-caption\">Raya Yai<\/figcaption><\/figure>\n\n\n\n<h2 class=\"wp-block-heading\"><a title=\"Snorkel tour to Racha Yai Island\" href=\"https:\/\/www.easydayphuket.com\/da\/bedste-udflugter-og-dagture-phuket\/ture-til-racha-oerne\/udflugt-til-racha-oen\/\">Snorkel Ture fra Phuket til Racha<\/a><\/h2>\n\n\n\n<p><strong>Snorkel Ture<\/strong> fra Phuket to <strong>Raya Yai&nbsp;\u00f8en<\/strong> er tilg\u00e6ngelige hele \u00e5ret rundt.<strong>&nbsp;<\/strong> Det er b\u00e5de for unge og \u00e6ldre. Racha Yai er bare 30 min. med speedb\u00e5d fra Phuket, hvilket g\u00f8r det til vores mest tilg\u00e6ngelige snorkelturs destination. <strong>Pris i Thai Baht pr. person: 1,900 | B\u00f8rn (3-12\u00e5r) 1,200<\/strong><\/p>\n\n\n\n<p class=\"has-text-align-right\"><strong><a title=\"Easy Day Contact Form\" href=\"https:\/\/www.easydayphuket.com\/da\/bedste-udflugter-og-dagture-phuket\/ture-til-racha-oerne\/udflugt-til-racha-oen\/#form\">Kontakt Os<\/a> | <a title=\"Join-In Racha Island Tour by Speedboat\" href=\"https:\/\/www.easydayphuket.com\/da\/bedste-udflugter-og-dagture-phuket\/ture-til-racha-oerne\/udflugt-til-racha-oen\/\">L\u00e6s mere her\u2026<\/a><\/strong><\/p>\n\n\n<div class=\"divider\"><\/div>\n\n\n\n<figure class=\"wp-block-image alignleft\"><a href=\"https:\/\/www.easydayphuket.com\/phuket-activities\/snorkeling-tours-phuket\/koh-hae-island-tour\/\"><img loading=\"lazy\" decoding=\"async\" width=\"150\" height=\"150\" src=\"https:\/\/www.easydayphuket.com\/wp-content\/uploads\/2016\/05\/Snorkeling-at-Banana-Beach-Koh-Hae-150x150.jpg\" alt=\"Snorkeling at Banana Beach Koh Hae\" class=\"wp-image-13391\"\/><\/a><figcaption class=\"wp-element-caption\">Snorkel Tur til Koh Hae<\/figcaption><\/figure>\n\n\n\n<h2 class=\"wp-block-heading\"><a href=\"https:\/\/www.easydayphuket.com\/phuket-activities\/snorkeling-tours-phuket\/koh-hae-island-tour\/\">Snorkel Tur til Coral Island<\/a><\/h2>\n\n\n\n<p>Daglige Snorkel ture til Koh Hae \u00d8en, bare 20 min. fra syd\u00f8st kysten af Phuket. Det syder af vandsportsaktiviteter her s\u00e5 som ParaSailing, Banana Boat, Dykning og Snorkeling&#8230; <strong>Pris i Thai Baht pr. person: [banana_adult] | B\u00f8rn (4-12\u00e5r) 1,900<\/strong><\/p>\n\n\n\n<p class=\"has-text-align-right\"><strong><a href=\"https:\/\/www.easydayphuket.com\/phuket-activities\/snorkeling-tours-phuket\/koh-hae-island-tour\/#form\">Kontakt Os<\/a> | <a href=\"https:\/\/www.easydayphuket.com\/phuket-activities\/snorkeling-tours-phuket\/koh-hae-island-tour\/\">L\u00e6s mere her&#8230;<\/a><\/strong><\/p>\n\n\n\n<p><strong><div class=\"divider\"><\/div><\/strong><\/p>\n\n\n\n<h2 class=\"wp-block-heading\">&nbsp;<\/h2>\n\n\n\n<figure class=\"wp-block-image alignleft\"><a href=\"https:\/\/www.easydayphuket.com\/phuket-activities\/snorkeling-tours-phuket\/snorkeling-similan-islands\/\"><img decoding=\"async\" src=\"https:\/\/farm3.staticflickr.com\/2463\/4177140577_54e620ea6a_q.jpg\" alt=\"Snorkeling Tours Phuket to Similan Islands - Thailands Snorkeling Paradise\"\/><\/a><figcaption class=\"wp-element-caption\">Paradis ved Similan<\/figcaption><\/figure>\n\n\n\n<h2 class=\"wp-block-heading\"><a title=\"Snorkeling tours to Similan Islands\" href=\"https:\/\/www.easydayphuket.com\/phuket-activities\/snorkeling-tours-phuket\/snorkeling-similan-islands\/\">Snorkelture til Similan \u00d8erne<\/a><\/h2>\n\n\n\n<p>Fra&nbsp; <strong>November til April<\/strong>, tilbyder vi Snorkel Ture med afgang fra Phuket til denne fantastiske perler\u00e6kke af \u00f8er i Andamaner havet. Similan National Parken h\u00f8rer til Top-Ti p\u00e5 listen over destinationer for Snorkelere og dykkere. <strong>Pris i Thai Baht pr. person: 4,300 | B\u00f8rn (3-11\u00e5r) 2,850<\/strong><\/p>\n\n\n\n<p class=\"has-text-align-right\"><strong><a title=\"Easy Day Contact Form\" href=\"https:\/\/www.easydayphuket.com\/phuket-activities\/snorkeling-tours-phuket\/snorkeling-similan-islands\/#form\">Kontakt Os<\/a> | <a title=\"Snorkeling Similan Islands\" href=\"https:\/\/www.easydayphuket.com\/phuket-activities\/snorkeling-tours-phuket\/snorkeling-similan-islands\/\">L\u00e6s mere her\u2026<\/a><\/strong><\/p>\n\n\n<div class=\"divider\"><\/div>\n\n\n\n<h2 class=\"wp-block-heading\"><a href=\"https:\/\/www.easydayphuket.com\/phuket-activities\/snorkeling-tours-phuket\/similan-overnight\/\">Similan Snorkeltur med&nbsp; Overnatning <\/a><a href=\"https:\/\/www.easydayphuket.com\/phuket-activities\/snorkeling-tours-phuket\/similan-overnight\/\"><img loading=\"lazy\" decoding=\"async\" class=\"alignleft wp-image-15043 size-thumbnail\" src=\"https:\/\/www.easydayphuket.com\/wp-content\/uploads\/2016\/09\/Similan-Islands-Snorkeling-Overnight-Tours-150x150.jpg\" alt=\"Similan Islands Snorkeling Overnight Tours\" width=\"150\" height=\"150\"><\/a><\/h2>\n\n\n\n<p>Fra November til April kan I komme med p\u00e5 vores Snorkeltur til Similan \u00d8erne med overnatning inkluderet fra Phuket. I kan v\u00e6lge mellem overnatning i Telt p\u00e5 en af&nbsp;\u00f8erne eller ombord p\u00e5 vores Live Aboard b\u00e5d MV Pansa Queen. <strong>Pris i Thai Baht pr. person fra: 6,200&nbsp;<\/strong><\/p>\n\n\n\n<p class=\"has-text-align-right\"><a href=\"https:\/\/www.easydayphuket.com\/phuket-activities\/snorkeling-tours-phuket\/similan-overnight\/#form\"><strong>Kontakt Os<\/strong><\/a> | <a href=\"https:\/\/www.easydayphuket.com\/phuket-activities\/snorkeling-tours-phuket\/similan-overnight\/\"><strong>L\u00e6s mere her&#8230;<\/strong><\/a><\/p>\n\n\n<div class=\"divider\"><\/div>\n\n\n\n<figure class=\"wp-block-image alignleft\"><a href=\"https:\/\/www.easydayphuket.com\/phuket-activities\/snorkeling-tours-phuket\/snorkeling-surin-islands\/\"><img loading=\"lazy\" decoding=\"async\" width=\"150\" height=\"150\" src=\"https:\/\/www.easydayphuket.com\/wp-content\/uploads\/2013\/07\/surinislandsnorkeling-150x150.jpg\" alt=\"Snorkeling at Surin Islands National Park\" class=\"wp-image-1894\"\/><\/a><figcaption class=\"wp-element-caption\">Surin<\/figcaption><\/figure>\n\n\n\n<h2 class=\"wp-block-heading\"><a title=\"Snorkeling tours to Surin Islands\" href=\"https:\/\/www.easydayphuket.com\/phuket-activities\/snorkeling-tours-phuket\/snorkeling-surin-islands\/\">Snorkeltur til Surin \u00d8erne<\/a><\/h2>\n\n\n\n<p>Fra <strong>November til April<\/strong> kan I g\u00e5 p\u00e5 opdagelse p\u00e5 denne n\u00e6sten uber\u00f8rte \u00d8. De smukkeste bounty strande, krystalklart vand, tropisk regn skov og fantastiske koral rev venter jer. <strong>Pris i Thai Baht pr. person: 3,900 | B\u00f8rn (3-11\u00e5r) 2,700 <\/strong><\/p>\n\n\n\n<p class=\"has-text-align-right\"><strong><a title=\"Easy Day Contact Form\" href=\"https:\/\/www.easydayphuket.com\/phuket-activities\/snorkeling-tours-phuket\/snorkeling-surin-islands\/#form\">Kontakt Os<\/a> | <a title=\"Snorkeling Surin Islands\" href=\"https:\/\/www.easydayphuket.com\/phuket-activities\/snorkeling-tours-phuket\/snorkeling-surin-islands\/\">L\u00e6s mere her\u2026<\/a><\/strong><\/p>\n\n\n<div class=\"divider\"><\/div>\n\n\n\n<figure class=\"wp-block-image alignright\"><img decoding=\"async\" src=\"https:\/\/farm6.staticflickr.com\/5003\/5345181047_1692807c80_q.jpg\" alt=\"Sai mai in Phi Phi Island\"\/><figcaption class=\"wp-element-caption\">Phi Phi med overnatning<\/figcaption><\/figure>\n\n\n\n<h2 class=\"wp-block-heading\">Snorkelture med Overnatning<\/h2>\n\n\n\n<p>Her er en liste over udvalgte ture med overnatning: <\/p>\n\n\n\n<ul class=\"wp-block-list\">\n<li>Phi Phi Tur med Overnatning<\/li>\n\n\n\n<li>Raya Yai med Overnatning (kommer snart&#8230;)<\/li>\n\n\n\n<li>Similan &amp; Surin \u00d8erne med Overnatning<\/li>\n<\/ul>\n\n\n\n<h2 class=\"wp-block-heading\">Phuket Snorkelture &#8211; FAQ<\/h2>\n\n\n\n<h3 class=\"wp-block-heading\">Jeg kan ikke sv\u00f8mme. Kan jeg komme med p\u00e5 jeres snorkelture ?<\/h3>\n\n\n\n<p><strong>Ja,<\/strong> det kan du. Alle vores Snorkelture fra Phuket er inklusive sv\u00f8mmevest og en grundig indf\u00f8ring i hvordan man bruger snorkeludstyret og overv\u00e5gning af snorklerne.<\/p>\n\n\n\n<h3 class=\"wp-block-heading\">Skal jeg medbringe mit eget Snorkeludstyr ?<\/h3>\n\n\n\n<p><strong>Nej,<\/strong> alle vores snorkelture er inklusive maske og snorkel. Afh\u00e6ngig af hvilken tur I har bestilt er finner osse inkluderet eller mulighed for leje af finner.<\/p>\n\n\n\n<h3 class=\"wp-block-heading\">Hvad skal vi tage med ?<\/h3>\n\n\n\n<p>H\u00e5ndkl\u00e6de, solcreme med h\u00f8j beskyttelses faktor, kasket, hat og solbriller. Det er de vigtigste ting I skal medbringe p\u00e5 vores Snorkelture fra Phuket. <br clear=\"all\" \/><a name=\"form\"><\/a><\/p>\n\n\n\n<h2 class=\"wp-block-heading\">Kontakt Os Nu for jeres Phuket Snorkeltur<\/h2>\n\n\n\n<script charset=\"utf-8\" type=\"text\/javascript\" src=\"\/\/js.hsforms.net\/forms\/embed\/v2.js\"><\/script>\n<script>\n  hbspt.forms.create({\n    region: \"na1\",\n    portalId: \"3413662\",\n    formId: \"754fb1c1-f3a8-443f-b140-4c5c6ce7ba68\"\n  });\n<\/script>\n","protected":false},"excerpt":{"rendered":"<p>Bestil nu ! Vores Snorkel Ture er for b\u00e5de unge &amp; \u00e6ldre. Snorkeling er efterh\u00e5nden den mest popul\u00e6re vandsports aktivitet i Phuket . Vi arrangerer snorkel ture hele \u00e5ret rundt og det er osse for nybegyndere. Dit snorkel eventyr starter her ! Afslapning ved Racha Yai&nbsp; Snorkel Tur til Racha&nbsp;\u00d8en Dags Tur Snorkel tur til [&hellip;]<\/p>\n","protected":false},"author":4,"featured_media":10984,"parent":0,"menu_order":0,"comment_status":"closed","ping_status":"open","template":"","meta":{"_acf_changed":false,"_et_pb_use_builder":"","_et_pb_old_content":"","_et_gb_content_width":"","footnotes":""},"class_list":["post-24733","page","type-page","status-publish","has-post-thumbnail","hentry"],"acf":[],"yoast_head":"<!-- This site is optimized with the Yoast SEO plugin v25.1 - https:\/\/yoast.com\/wordpress\/plugins\/seo\/ -->\n<title>Phuket Snorkelture til Racha, Phi Phi &amp; Similan \u00d8erne<\/title>\n<meta name=\"description\" content=\"Phuket Snorkelture er tilbydes hele \u00e5ret rundt. Skriv til os nu for jeres Snorkeltur til Phi Phi \u00d8erne, Racha \u00f8erne og Similan &amp; Surin \u00d8erne.\" \/>\n<meta name=\"robots\" content=\"index, follow, max-snippet:-1, max-image-preview:large, max-video-preview:-1\" \/>\n<link rel=\"canonical\" href=\"https:\/\/www.easydayphuket.com\/da\/snorkel-tur-phuket\/\" \/>\n<meta property=\"og:locale\" content=\"da_DK\" \/>\n<meta property=\"og:type\" content=\"article\" \/>\n<meta property=\"og:title\" content=\"Phuket Snorkelture til Racha, Phi Phi &amp; Similan \u00d8erne\" \/>\n<meta property=\"og:description\" content=\"Phuket Snorkelture er tilbydes hele \u00e5ret rundt. Skriv til os nu for jeres Snorkeltur til Phi Phi \u00d8erne, Racha \u00f8erne og Similan &amp; Surin \u00d8erne.\" \/>\n<meta property=\"og:url\" content=\"https:\/\/www.easydayphuket.com\/da\/snorkel-tur-phuket\/\" \/>\n<meta property=\"og:site_name\" content=\"Easy Day Phuket Tours\" \/>\n<meta property=\"article:publisher\" content=\"https:\/\/www.facebook.com\/Easydayinthailand\/\" \/>\n<meta property=\"article:modified_time\" content=\"2024-04-06T14:19:32+00:00\" \/>\n<meta property=\"og:image\" content=\"https:\/\/www.easydayphuket.com\/wp-content\/uploads\/2013\/07\/Snorkeling-Tours-Phuket-Thailand.jpg\" \/>\n\t<meta property=\"og:image:width\" content=\"640\" \/>\n\t<meta property=\"og:image:height\" content=\"302\" \/>\n\t<meta property=\"og:image:type\" content=\"image\/jpeg\" \/>\n<meta name=\"twitter:label1\" content=\"Estimeret l\u00e6setid\" \/>\n\t<meta name=\"twitter:data1\" content=\"5 minutter\" \/>\n<script type=\"application\/ld+json\" class=\"yoast-schema-graph\">{\"@context\":\"https:\/\/schema.org\",\"@graph\":[{\"@type\":\"WebPage\",\"@id\":\"https:\/\/www.easydayphuket.com\/da\/snorkel-tur-phuket\/\",\"url\":\"https:\/\/www.easydayphuket.com\/da\/snorkel-tur-phuket\/\",\"name\":\"Phuket Snorkelture til Racha, Phi Phi & Similan \u00d8erne\",\"isPartOf\":{\"@id\":\"https:\/\/www.easydayphuket.com\/#website\"},\"primaryImageOfPage\":{\"@id\":\"https:\/\/www.easydayphuket.com\/da\/snorkel-tur-phuket\/#primaryimage\"},\"image\":{\"@id\":\"https:\/\/www.easydayphuket.com\/da\/snorkel-tur-phuket\/#primaryimage\"},\"thumbnailUrl\":\"https:\/\/www.easydayphuket.com\/wp-content\/uploads\/2013\/07\/Snorkeling-Tours-Phuket-Thailand.jpg\",\"datePublished\":\"2017-05-17T05:24:53+00:00\",\"dateModified\":\"2024-04-06T14:19:32+00:00\",\"description\":\"Phuket Snorkelture er tilbydes hele \u00e5ret rundt. Skriv til os nu for jeres Snorkeltur til Phi Phi \u00d8erne, Racha \u00f8erne og Similan & Surin \u00d8erne.\",\"breadcrumb\":{\"@id\":\"https:\/\/www.easydayphuket.com\/da\/snorkel-tur-phuket\/#breadcrumb\"},\"inLanguage\":\"da-DK\",\"potentialAction\":[{\"@type\":\"ReadAction\",\"target\":[\"https:\/\/www.easydayphuket.com\/da\/snorkel-tur-phuket\/\"]}]},{\"@type\":\"ImageObject\",\"inLanguage\":\"da-DK\",\"@id\":\"https:\/\/www.easydayphuket.com\/da\/snorkel-tur-phuket\/#primaryimage\",\"url\":\"https:\/\/www.easydayphuket.com\/wp-content\/uploads\/2013\/07\/Snorkeling-Tours-Phuket-Thailand.jpg\",\"contentUrl\":\"https:\/\/www.easydayphuket.com\/wp-content\/uploads\/2013\/07\/Snorkeling-Tours-Phuket-Thailand.jpg\",\"width\":640,\"height\":302,\"caption\":\"Snorkel Tur Phuket Thailand\"},{\"@type\":\"BreadcrumbList\",\"@id\":\"https:\/\/www.easydayphuket.com\/da\/snorkel-tur-phuket\/#breadcrumb\",\"itemListElement\":[{\"@type\":\"ListItem\",\"position\":1,\"name\":\"Home\",\"item\":\"https:\/\/www.easydayphuket.com\/da\/\"},{\"@type\":\"ListItem\",\"position\":2,\"name\":\"Snorkel Tur Phuket\"}]},{\"@type\":\"WebSite\",\"@id\":\"https:\/\/www.easydayphuket.com\/#website\",\"url\":\"https:\/\/www.easydayphuket.com\/\",\"name\":\"Easy Day Phuket Tours\",\"description\":\"Din Tur & Rejse Partner i Phuket\",\"publisher\":{\"@id\":\"https:\/\/www.easydayphuket.com\/#organization\"},\"potentialAction\":[{\"@type\":\"SearchAction\",\"target\":{\"@type\":\"EntryPoint\",\"urlTemplate\":\"https:\/\/www.easydayphuket.com\/?s={search_term_string}\"},\"query-input\":{\"@type\":\"PropertyValueSpecification\",\"valueRequired\":true,\"valueName\":\"search_term_string\"}}],\"inLanguage\":\"da-DK\"},{\"@type\":\"Organization\",\"@id\":\"https:\/\/www.easydayphuket.com\/#organization\",\"name\":\"Easy Day Thailand\",\"url\":\"https:\/\/www.easydayphuket.com\/\",\"logo\":{\"@type\":\"ImageObject\",\"inLanguage\":\"da-DK\",\"@id\":\"https:\/\/www.easydayphuket.com\/#\/schema\/logo\/image\/\",\"url\":\"https:\/\/www.easydayphuket.com\/wp-content\/uploads\/2013\/07\/Sun-Thaiflag_booking12.gif\",\"contentUrl\":\"https:\/\/www.easydayphuket.com\/wp-content\/uploads\/2013\/07\/Sun-Thaiflag_booking12.gif\",\"width\":100,\"height\":94,\"caption\":\"Easy Day Thailand\"},\"image\":{\"@id\":\"https:\/\/www.easydayphuket.com\/#\/schema\/logo\/image\/\"},\"sameAs\":[\"https:\/\/www.facebook.com\/Easydayinthailand\/\",\"https:\/\/www.instagram.com\/easydaythailand\/\"]}]}<\/script>\n<!-- \/ Yoast SEO plugin. -->","yoast_head_json":{"title":"Phuket Snorkelture til Racha, Phi Phi & Similan \u00d8erne","description":"Phuket Snorkelture er tilbydes hele \u00e5ret rundt. Skriv til os nu for jeres Snorkeltur til Phi Phi \u00d8erne, Racha \u00f8erne og Similan & Surin \u00d8erne.","robots":{"index":"index","follow":"follow","max-snippet":"max-snippet:-1","max-image-preview":"max-image-preview:large","max-video-preview":"max-video-preview:-1"},"canonical":"https:\/\/www.easydayphuket.com\/da\/snorkel-tur-phuket\/","og_locale":"da_DK","og_type":"article","og_title":"Phuket Snorkelture til Racha, Phi Phi & Similan \u00d8erne","og_description":"Phuket Snorkelture er tilbydes hele \u00e5ret rundt. Skriv til os nu for jeres Snorkeltur til Phi Phi \u00d8erne, Racha \u00f8erne og Similan & Surin \u00d8erne.","og_url":"https:\/\/www.easydayphuket.com\/da\/snorkel-tur-phuket\/","og_site_name":"Easy Day Phuket Tours","article_publisher":"https:\/\/www.facebook.com\/Easydayinthailand\/","article_modified_time":"2024-04-06T14:19:32+00:00","og_image":[{"width":640,"height":302,"url":"https:\/\/www.easydayphuket.com\/wp-content\/uploads\/2013\/07\/Snorkeling-Tours-Phuket-Thailand.jpg","type":"image\/jpeg"}],"twitter_misc":{"Estimeret l\u00e6setid":"5 minutter"},"schema":{"@context":"https:\/\/schema.org","@graph":[{"@type":"WebPage","@id":"https:\/\/www.easydayphuket.com\/da\/snorkel-tur-phuket\/","url":"https:\/\/www.easydayphuket.com\/da\/snorkel-tur-phuket\/","name":"Phuket Snorkelture til Racha, Phi Phi & Similan \u00d8erne","isPartOf":{"@id":"https:\/\/www.easydayphuket.com\/#website"},"primaryImageOfPage":{"@id":"https:\/\/www.easydayphuket.com\/da\/snorkel-tur-phuket\/#primaryimage"},"image":{"@id":"https:\/\/www.easydayphuket.com\/da\/snorkel-tur-phuket\/#primaryimage"},"thumbnailUrl":"https:\/\/www.easydayphuket.com\/wp-content\/uploads\/2013\/07\/Snorkeling-Tours-Phuket-Thailand.jpg","datePublished":"2017-05-17T05:24:53+00:00","dateModified":"2024-04-06T14:19:32+00:00","description":"Phuket Snorkelture er tilbydes hele \u00e5ret rundt. Skriv til os nu for jeres Snorkeltur til Phi Phi \u00d8erne, Racha \u00f8erne og Similan & Surin \u00d8erne.","breadcrumb":{"@id":"https:\/\/www.easydayphuket.com\/da\/snorkel-tur-phuket\/#breadcrumb"},"inLanguage":"da-DK","potentialAction":[{"@type":"ReadAction","target":["https:\/\/www.easydayphuket.com\/da\/snorkel-tur-phuket\/"]}]},{"@type":"ImageObject","inLanguage":"da-DK","@id":"https:\/\/www.easydayphuket.com\/da\/snorkel-tur-phuket\/#primaryimage","url":"https:\/\/www.easydayphuket.com\/wp-content\/uploads\/2013\/07\/Snorkeling-Tours-Phuket-Thailand.jpg","contentUrl":"https:\/\/www.easydayphuket.com\/wp-content\/uploads\/2013\/07\/Snorkeling-Tours-Phuket-Thailand.jpg","width":640,"height":302,"caption":"Snorkel Tur Phuket Thailand"},{"@type":"BreadcrumbList","@id":"https:\/\/www.easydayphuket.com\/da\/snorkel-tur-phuket\/#breadcrumb","itemListElement":[{"@type":"ListItem","position":1,"name":"Home","item":"https:\/\/www.easydayphuket.com\/da\/"},{"@type":"ListItem","position":2,"name":"Snorkel Tur Phuket"}]},{"@type":"WebSite","@id":"https:\/\/www.easydayphuket.com\/#website","url":"https:\/\/www.easydayphuket.com\/","name":"Easy Day Phuket Tours","description":"Din Tur & Rejse Partner i Phuket","publisher":{"@id":"https:\/\/www.easydayphuket.com\/#organization"},"potentialAction":[{"@type":"SearchAction","target":{"@type":"EntryPoint","urlTemplate":"https:\/\/www.easydayphuket.com\/?s={search_term_string}"},"query-input":{"@type":"PropertyValueSpecification","valueRequired":true,"valueName":"search_term_string"}}],"inLanguage":"da-DK"},{"@type":"Organization","@id":"https:\/\/www.easydayphuket.com\/#organization","name":"Easy Day Thailand","url":"https:\/\/www.easydayphuket.com\/","logo":{"@type":"ImageObject","inLanguage":"da-DK","@id":"https:\/\/www.easydayphuket.com\/#\/schema\/logo\/image\/","url":"https:\/\/www.easydayphuket.com\/wp-content\/uploads\/2013\/07\/Sun-Thaiflag_booking12.gif","contentUrl":"https:\/\/www.easydayphuket.com\/wp-content\/uploads\/2013\/07\/Sun-Thaiflag_booking12.gif","width":100,"height":94,"caption":"Easy Day Thailand"},"image":{"@id":"https:\/\/www.easydayphuket.com\/#\/schema\/logo\/image\/"},"sameAs":["https:\/\/www.facebook.com\/Easydayinthailand\/","https:\/\/www.instagram.com\/easydaythailand\/"]}]}},"_links":{"self":[{"href":"https:\/\/www.easydayphuket.com\/da\/wp-json\/wp\/v2\/pages\/24733","targetHints":{"allow":["GET"]}}],"collection":[{"href":"https:\/\/www.easydayphuket.com\/da\/wp-json\/wp\/v2\/pages"}],"about":[{"href":"https:\/\/www.easydayphuket.com\/da\/wp-json\/wp\/v2\/types\/page"}],"author":[{"embeddable":true,"href":"https:\/\/www.easydayphuket.com\/da\/wp-json\/wp\/v2\/users\/4"}],"replies":[{"embeddable":true,"href":"https:\/\/www.easydayphuket.com\/da\/wp-json\/wp\/v2\/comments?post=24733"}],"version-history":[{"count":0,"href":"https:\/\/www.easydayphuket.com\/da\/wp-json\/wp\/v2\/pages\/24733\/revisions"}],"wp:featuredmedia":[{"embeddable":true,"href":"https:\/\/www.easydayphuket.com\/da\/wp-json\/wp\/v2\/media\/10984"}],"wp:attachment":[{"href":"https:\/\/www.easydayphuket.com\/da\/wp-json\/wp\/v2\/media?parent=24733"}],"curies":[{"name":"wp","href":"https:\/\/api.w.org\/{rel}","templated":true}]}}