{"id":15630,"date":"2016-12-03T21:58:37","date_gmt":"2016-12-03T14:58:37","guid":{"rendered":"https:\/\/www.easydayphuket.com\/da\/kapong-jungle-safari-tour\/"},"modified":"2024-04-06T21:00:28","modified_gmt":"2024-04-06T14:00:28","slug":"kapong-jungle-safari-tour","status":"publish","type":"page","link":"https:\/\/www.easydayphuket.com\/da\/kapong-jungle-safari-tour\/","title":{"rendered":"Kapong Jungle Safari Tour"},"content":{"rendered":"\n<figure class=\"wp-block-image alignright\"><a href=\"https:\/\/www.easydayphuket.com\/wp-content\/uploads\/2014\/03\/Kapong-Adriano-e1394077724730.jpg\"><img loading=\"lazy\" decoding=\"async\" width=\"300\" height=\"200\" src=\"https:\/\/www.easydayphuket.com\/wp-content\/uploads\/2014\/03\/Kapong-Adriano-300x200.jpg\" alt=\"Kapong Safari Tour - River Tubing Tour from Phuket Island\" class=\"wp-image-4831\"\/><\/a><figcaption class=\"wp-element-caption\">River Tubing<\/figcaption><\/figure>\n\n\n\n<p><strong>Kapong Safari Tour<\/strong> er med garanti noget af det sjoveste du kommer til at pr\u00f8ve. Det er en af de mest actionfyldte pakketure med et strejf af magi over sig, kom og se hvad vi tilbyder.Her er Offroad ture, Elefant badning &amp; Trekking, flotte Vandfald og River Tubing.<\/p>\n\n\n\n<ul class=\"wp-block-list\">\n<li><strong>Elefant Badning eller Trekking <\/strong><\/li>\n\n\n\n<li><strong>Tubing<\/strong><\/li>\n\n\n\n<li><strong>Spas for hele Familien<\/strong><\/li>\n\n\n\n<li><strong>Fantastisk Natur &amp; Dyreliv<br><\/strong><\/li>\n\n\n\n<li><em>Hent Brochure<\/em><\/li>\n<\/ul>\n\n\n\n\t\t\t<div class='et-tabs-container et_sliderfx_fade et_sliderauto_false et_sliderauto_speed_5000 et_slidertype_top_tabs'>\n\t\t\t\t<p>\n\t\t<div class='et_slidecontent'>\n\t\t\t<strong>Pris i Thai Baht per person: 3,000 | B\u00f8rn (4-12 \u00e5r) 2,100<\/strong><\/p>\n\n\n\n<p><strong>Kapong Tour A3 Inkluderer:<\/strong><\/p>\n\n\n\n<figure class=\"wp-block-image alignright\"><a href=\"https:\/\/www.easydayphuket.com\/wp-content\/uploads\/2014\/03\/Elephant-Bathing-in-Kapong-5.jpg\"><img loading=\"lazy\" decoding=\"async\" width=\"150\" height=\"150\" src=\"https:\/\/www.easydayphuket.com\/wp-content\/uploads\/2014\/03\/Elephant-Bathing-in-Kapong-5-150x150.jpg\" alt=\"Baby Elephant Bathing with our Kapong Safari Tour\" class=\"wp-image-10381\"\/><\/a><figcaption class=\"wp-element-caption\">Baby Elefant Badning i Kapong<\/figcaption><\/figure>\n\n\n<ul>\n<li>Phuket Hotel Transfers<\/li>\n<li><strong>Elefant badning\u00a0<\/strong><\/li>\n<li><strong>30 minuters Elefant Trekking<\/strong>.<\/li>\n<li>Tubing &amp; Trekking til Vandfaldet<\/li>\n<li>Sv\u00f8mmetur ved Kapong Vandfaldet<\/li>\n<li>4X4 Off Road<\/li>\n<li>Thai Frokost<\/li>\n<li>Engelsktalende tour guide<\/li>\n<\/ul>\n<a href='#form' class='small-button smallgreen'>Book \/ Foresp\u00f8rgsel<\/a>\n\t\t<\/div><br><\/p>\n\n\n\n\t\t<div class='et_slidecontent'>\n\t\t\t<p><strong>Pris i Thai Baht per person: 3,200 | B\u00f8rn (4-12 \u00e5r) 2,000<\/strong><\/p>\n<p><strong>Kapong Tour A1 Inkluderer :<\/strong><\/p>\n<ul>\n<li>Phuket Hotel Transfers<\/li>\n<li><strong>Elefant badning <\/strong>(ingen Trekking)<\/li>\n<li>Tubing &amp; Trekking til Vandfald<\/li>\n<li>Sv\u00f8mmetur ved Kapong Vandfaldet<\/li>\n<li>4X4 Off Road<\/li>\n<li>Thai Frokost<\/li>\n<li>Engelsktalende tour guide<\/li>\n<\/ul>\n<p style=\"text-align: right;\"><a href='#form' class='small-button smallgreen'>Book \/ Foresp\u00f8rgsel<\/a><\/p>\n\t\t<\/div>\n\n\n\n<p>\n\t\t<div class='et_slidecontent'>\n\t\t\t<strong>Pris i Thai Baht per person: 2,700 | B\u00f8rn (4-12 \u00e5r) 1,800<\/strong><\/p>\n\n\n\n<p><strong>Kapong T<\/strong><strong>our A2 Inkluderer :<\/strong><\/p>\n\n\n\n<figure class=\"wp-block-image alignright\"><a href=\"https:\/\/www.easydayphuket.com\/wp-content\/uploads\/2014\/03\/01.jpg\"><img loading=\"lazy\" decoding=\"async\" width=\"150\" height=\"150\" src=\"https:\/\/www.easydayphuket.com\/wp-content\/uploads\/2014\/03\/01-150x150.jpg\" alt=\"Elephant Trekking in Kapong, Thailand\" class=\"wp-image-4920\"\/><\/a><figcaption class=\"wp-element-caption\">Elefant Trekking<\/figcaption><\/figure>\n\n\n<ul>\n<li>Phuket Hotel Transfers,<\/li>\n<li>Tubing &amp; Trekking,<\/li>\n<li>30 min Elefant Trek,<\/li>\n<li>Sv\u00f8mmetur,<\/li>\n<li>4X4 Off Road,<\/li>\n<li>Thai Frokost,<\/li>\n<li>Engelsktalende tour guide.<\/li>\n<\/ul>\n<p style=\"text-align: right;\"><a href='#form' class='small-button smallgreen'>Book \/ Foresp\u00f8rgsel<\/a><\/p>\n\t\t<\/div>\n\t\t\t<\/div>\n\n\n\n<h2 class=\"wp-block-heading\">Kapong Safari Tour Billedgalleri<\/h2>\n\n\n<p>[wzslider autoplay=&#8221;true&#8221; info=&#8221;true&#8221; lightbox=&#8221;true&#8221;]<\/p>\n\n\n\n<h2 class=\"wp-block-heading\">Kapong Safari oversigt<\/h2>\n\n\n\n<h2 class=\"wp-block-heading\">07.00 &#8211; Pick up at your hotel in Phuket.<\/h2>\n\n\n\n<ul class=\"wp-block-list\">\n<li>09.00 &#8211; <a href=\"https:\/\/www.easydayphuket.com\/phuket-activities\/elephant-trekking-phuket\/\" target=\"_blank\" rel=\"noopener noreferrer\">Elefant Trekking<\/a> eller Elefant Badning i Kapong, \u00a0Phang Nga Province.<\/li>\n\n\n\n<li>11.00 &#8211; Bes\u00f8g p\u00e5 Gummi Plantage &amp; Risfarm.<\/li>\n\n\n\n<li>12.00 &#8211; Thai Frokost (Tom Yam, Fisk i Sur s\u00f8d sovs, Gr\u00f8ntsager, stegt kylling, Tempura, s\u00e6sonens frugter, ris).<\/li>\n\n\n\n<li>13.00 &#8211; 4&#215;4 off road.<\/li>\n\n\n\n<li>13.30 &#8211; Tubing &amp; g\u00e5tur gennem junglen til det sk\u00f8nneste Vandfald.<\/li>\n\n\n\n<li>16.30 &#8211; Transfer tilbage til jeres Phuket Hotel.<\/li>\n<\/ul>\n\n\n\n<h3 class=\"wp-block-heading\">Kommentarer og Anmeldelser<\/h3>\n\n\n\n<blockquote class=\"wp-block-quote is-layout-flow wp-block-quote-is-layout-flow\">\n<p>Hej Francesco,<br>Ville lige fort\u00e6lle dig at til trods for den lange k\u00f8retur (kommer helt fra Panwa som er en ekstra time), at det var det v\u00e6rd ! Vi havde alle en fantastisk tur. Og jeres ansatte er osse super!<br>Jeg vil helt sikkert skrive en anmeldelse p\u00e5 Tripadvisor.<br>Endnu en gang tak!<br>Henrik og resten af n\u00e6sten thai familien&#8230;<img decoding=\"async\" class=\"CToWUd\" src=\"https:\/\/mail.google.com\/mail\/e\/1f60a\" alt=\"&#x1f60a;\" data-goomoji=\"1f60a\"><\/p>\n<\/blockquote>\n\n\n\n<p><strong>L\u00e6s mere her&#8230;.<\/strong><\/p>\n\n\n\n<ul class=\"wp-block-list\">\n<li><a href=\"https:\/\/www.easydayphuket.com\/wp-content\/uploads\/2015\/06\/Feed-Back-Kapoog.pdf\" target=\"_blank\" rel=\"noopener noreferrer\">Denver &amp; Melissa &#8211; 25 May 2015<\/a><\/li>\n\n\n\n<li><a href=\"https:\/\/easydaythailand.blogspot.com\/2013\/02\/a-day-at-kapong-nature-and-great-fun.html\" target=\"_blank\" rel=\"noopener noreferrer\">Francesco &#8211; Easy Day Thailand<\/a><\/li>\n<\/ul>\n\n\n\n<h2 class=\"wp-block-heading\" id=\"form\">Kontakt Os Nu for jeres Kapong tur<\/h2>\n\n\n\n<script charset=\"utf-8\" type=\"text\/javascript\" src=\"\/\/js.hsforms.net\/forms\/embed\/v2.js\"><\/script>\n<script>\n  hbspt.forms.create({\n    region: \"na1\",\n    portalId: \"3413662\",\n    formId: \"754fb1c1-f3a8-443f-b140-4c5c6ce7ba68\"\n  });\n<\/script>\n\n\n\n<p><strong>Vigtige ting at medbringe:<\/strong><\/p>\n\n\n\n<ul class=\"wp-block-list\">\n<li>Kamera.<\/li>\n\n\n\n<li>Sol Creme.<\/li>\n\n\n\n<li>Hat.<\/li>\n\n\n\n<li>H\u00e5ndkl\u00e6de.<\/li>\n\n\n\n<li>Sv\u00f8mmet\u00f8j.<\/li>\n\n\n\n<li>Mosquito Spray.<\/li>\n<\/ul>\n\n\n\n<p>I vil blive hentet omkring kl. 7:30 for jeres Kapong Safari Tour hvor I vil blive m\u00f8dt af vores smilende chauff\u00f8r og guide som vil tage sig godt af jer og jeres familie og venner resten af dagen. K\u00f8returen vil tage os over <a title=\"Sarasin Bridge\" href=\"https:\/\/www.easydayphuket.com\/sarasin-bridge\/\">Sarasin Broen<\/a> og ud af Phuket mod Khao lak. Det er en go ide at have kameraet klart n\u00e5r vi krydser broen, som har sin helt egen historie.<\/p>\n\n\n\n<p>Kapong udflugten er en helt s\u00e6rlig udflugt for hele familien.<\/p>\n\n\n\n<p>Vi tager forbehold for \u00e6ndringer i planen alt efter vejrforholdende. Udflugten frar\u00e5des til gravide og personer med sv\u00e6re handicap, pga. action elementerne, b\u00f8r en hvis forsigtighed udvises.<\/p>\n","protected":false},"excerpt":{"rendered":"<p>Kapong Safari Tour er med garanti noget af det sjoveste du kommer til at pr\u00f8ve. Det er en af de mest actionfyldte pakketure med et strejf af magi over sig, kom og se hvad vi tilbyder.Her er Offroad ture, Elefant badning &amp; Trekking, flotte Vandfald og River Tubing. Kapong Safari Tour Billedgalleri Kapong Safari oversigt [&hellip;]<\/p>\n","protected":false},"author":4,"featured_media":0,"parent":0,"menu_order":0,"comment_status":"closed","ping_status":"open","template":"","meta":{"_acf_changed":false,"_et_pb_use_builder":"","_et_pb_old_content":"","_et_gb_content_width":"","footnotes":""},"class_list":["post-15630","page","type-page","status-publish","hentry"],"acf":[],"yoast_head":"<!-- This site is optimized with the Yoast SEO plugin v25.1 - https:\/\/yoast.com\/wordpress\/plugins\/seo\/ -->\n<title>Phuket til Kapong Safari Tour - Tubing, Elefanter &amp; Jungle<\/title>\n<meta name=\"description\" content=\"Kapong Safari Tour - Tubing, Jungle, Elefant Badning &amp; Trekking, Waterfall. Great Action &amp; Sightseeing Tour from Phuket Island to Phang Nga Province.\" \/>\n<meta name=\"robots\" content=\"index, follow, max-snippet:-1, max-image-preview:large, max-video-preview:-1\" \/>\n<link rel=\"canonical\" href=\"https:\/\/www.easydayphuket.com\/da\/kapong-jungle-safari-tour\/\" \/>\n<meta property=\"og:locale\" content=\"da_DK\" \/>\n<meta property=\"og:type\" content=\"article\" \/>\n<meta property=\"og:title\" content=\"Phuket til Kapong Safari Tour - Tubing, Elefanter &amp; Jungle\" \/>\n<meta property=\"og:description\" content=\"Kapong Safari Tour - Tubing, Jungle, Elefant Badning &amp; Trekking, Waterfall. Great Action &amp; Sightseeing Tour from Phuket Island to Phang Nga Province.\" \/>\n<meta property=\"og:url\" content=\"https:\/\/www.easydayphuket.com\/da\/kapong-jungle-safari-tour\/\" \/>\n<meta property=\"og:site_name\" content=\"Easy Day Phuket Tours\" \/>\n<meta property=\"article:publisher\" content=\"https:\/\/www.facebook.com\/Easydayinthailand\/\" \/>\n<meta property=\"article:modified_time\" content=\"2024-04-06T14:00:28+00:00\" \/>\n<meta property=\"og:image\" content=\"https:\/\/www.easydayphuket.com\/wp-content\/uploads\/2014\/03\/Kapong-Adriano-300x200.jpg\" \/>\n<meta name=\"twitter:label1\" content=\"Estimeret l\u00e6setid\" \/>\n\t<meta name=\"twitter:data1\" content=\"3 minutter\" \/>\n<script type=\"application\/ld+json\" class=\"yoast-schema-graph\">{\"@context\":\"https:\/\/schema.org\",\"@graph\":[{\"@type\":\"WebPage\",\"@id\":\"https:\/\/www.easydayphuket.com\/da\/kapong-jungle-safari-tour\/\",\"url\":\"https:\/\/www.easydayphuket.com\/da\/kapong-jungle-safari-tour\/\",\"name\":\"Phuket til Kapong Safari Tour - Tubing, Elefanter & Jungle\",\"isPartOf\":{\"@id\":\"https:\/\/www.easydayphuket.com\/#website\"},\"primaryImageOfPage\":{\"@id\":\"https:\/\/www.easydayphuket.com\/da\/kapong-jungle-safari-tour\/#primaryimage\"},\"image\":{\"@id\":\"https:\/\/www.easydayphuket.com\/da\/kapong-jungle-safari-tour\/#primaryimage\"},\"thumbnailUrl\":\"https:\/\/www.easydayphuket.com\/wp-content\/uploads\/2014\/03\/Kapong-Adriano-300x200.jpg\",\"datePublished\":\"2016-12-03T14:58:37+00:00\",\"dateModified\":\"2024-04-06T14:00:28+00:00\",\"description\":\"Kapong Safari Tour - Tubing, Jungle, Elefant Badning & Trekking, Waterfall. Great Action & Sightseeing Tour from Phuket Island to Phang Nga Province.\",\"breadcrumb\":{\"@id\":\"https:\/\/www.easydayphuket.com\/da\/kapong-jungle-safari-tour\/#breadcrumb\"},\"inLanguage\":\"da-DK\",\"potentialAction\":[{\"@type\":\"ReadAction\",\"target\":[\"https:\/\/www.easydayphuket.com\/da\/kapong-jungle-safari-tour\/\"]}]},{\"@type\":\"ImageObject\",\"inLanguage\":\"da-DK\",\"@id\":\"https:\/\/www.easydayphuket.com\/da\/kapong-jungle-safari-tour\/#primaryimage\",\"url\":\"https:\/\/www.easydayphuket.com\/wp-content\/uploads\/2014\/03\/Kapong-Adriano-300x200.jpg\",\"contentUrl\":\"https:\/\/www.easydayphuket.com\/wp-content\/uploads\/2014\/03\/Kapong-Adriano-300x200.jpg\"},{\"@type\":\"BreadcrumbList\",\"@id\":\"https:\/\/www.easydayphuket.com\/da\/kapong-jungle-safari-tour\/#breadcrumb\",\"itemListElement\":[{\"@type\":\"ListItem\",\"position\":1,\"name\":\"Home\",\"item\":\"https:\/\/www.easydayphuket.com\/da\/\"},{\"@type\":\"ListItem\",\"position\":2,\"name\":\"Kapong Jungle Safari Tour\"}]},{\"@type\":\"WebSite\",\"@id\":\"https:\/\/www.easydayphuket.com\/#website\",\"url\":\"https:\/\/www.easydayphuket.com\/\",\"name\":\"Easy Day Phuket Tours\",\"description\":\"Din Tur & Rejse Partner i Phuket\",\"publisher\":{\"@id\":\"https:\/\/www.easydayphuket.com\/#organization\"},\"potentialAction\":[{\"@type\":\"SearchAction\",\"target\":{\"@type\":\"EntryPoint\",\"urlTemplate\":\"https:\/\/www.easydayphuket.com\/?s={search_term_string}\"},\"query-input\":{\"@type\":\"PropertyValueSpecification\",\"valueRequired\":true,\"valueName\":\"search_term_string\"}}],\"inLanguage\":\"da-DK\"},{\"@type\":\"Organization\",\"@id\":\"https:\/\/www.easydayphuket.com\/#organization\",\"name\":\"Easy Day Thailand\",\"url\":\"https:\/\/www.easydayphuket.com\/\",\"logo\":{\"@type\":\"ImageObject\",\"inLanguage\":\"da-DK\",\"@id\":\"https:\/\/www.easydayphuket.com\/#\/schema\/logo\/image\/\",\"url\":\"https:\/\/www.easydayphuket.com\/wp-content\/uploads\/2013\/07\/Sun-Thaiflag_booking12.gif\",\"contentUrl\":\"https:\/\/www.easydayphuket.com\/wp-content\/uploads\/2013\/07\/Sun-Thaiflag_booking12.gif\",\"width\":100,\"height\":94,\"caption\":\"Easy Day Thailand\"},\"image\":{\"@id\":\"https:\/\/www.easydayphuket.com\/#\/schema\/logo\/image\/\"},\"sameAs\":[\"https:\/\/www.facebook.com\/Easydayinthailand\/\",\"https:\/\/www.instagram.com\/easydaythailand\/\"]}]}<\/script>\n<!-- \/ Yoast SEO plugin. -->","yoast_head_json":{"title":"Phuket til Kapong Safari Tour - Tubing, Elefanter & Jungle","description":"Kapong Safari Tour - Tubing, Jungle, Elefant Badning & Trekking, Waterfall. Great Action & Sightseeing Tour from Phuket Island to Phang Nga Province.","robots":{"index":"index","follow":"follow","max-snippet":"max-snippet:-1","max-image-preview":"max-image-preview:large","max-video-preview":"max-video-preview:-1"},"canonical":"https:\/\/www.easydayphuket.com\/da\/kapong-jungle-safari-tour\/","og_locale":"da_DK","og_type":"article","og_title":"Phuket til Kapong Safari Tour - Tubing, Elefanter & Jungle","og_description":"Kapong Safari Tour - Tubing, Jungle, Elefant Badning & Trekking, Waterfall. Great Action & Sightseeing Tour from Phuket Island to Phang Nga Province.","og_url":"https:\/\/www.easydayphuket.com\/da\/kapong-jungle-safari-tour\/","og_site_name":"Easy Day Phuket Tours","article_publisher":"https:\/\/www.facebook.com\/Easydayinthailand\/","article_modified_time":"2024-04-06T14:00:28+00:00","og_image":[{"url":"https:\/\/www.easydayphuket.com\/wp-content\/uploads\/2014\/03\/Kapong-Adriano-300x200.jpg","type":"","width":"","height":""}],"twitter_misc":{"Estimeret l\u00e6setid":"3 minutter"},"schema":{"@context":"https:\/\/schema.org","@graph":[{"@type":"WebPage","@id":"https:\/\/www.easydayphuket.com\/da\/kapong-jungle-safari-tour\/","url":"https:\/\/www.easydayphuket.com\/da\/kapong-jungle-safari-tour\/","name":"Phuket til Kapong Safari Tour - Tubing, Elefanter & Jungle","isPartOf":{"@id":"https:\/\/www.easydayphuket.com\/#website"},"primaryImageOfPage":{"@id":"https:\/\/www.easydayphuket.com\/da\/kapong-jungle-safari-tour\/#primaryimage"},"image":{"@id":"https:\/\/www.easydayphuket.com\/da\/kapong-jungle-safari-tour\/#primaryimage"},"thumbnailUrl":"https:\/\/www.easydayphuket.com\/wp-content\/uploads\/2014\/03\/Kapong-Adriano-300x200.jpg","datePublished":"2016-12-03T14:58:37+00:00","dateModified":"2024-04-06T14:00:28+00:00","description":"Kapong Safari Tour - Tubing, Jungle, Elefant Badning & Trekking, Waterfall. Great Action & Sightseeing Tour from Phuket Island to Phang Nga Province.","breadcrumb":{"@id":"https:\/\/www.easydayphuket.com\/da\/kapong-jungle-safari-tour\/#breadcrumb"},"inLanguage":"da-DK","potentialAction":[{"@type":"ReadAction","target":["https:\/\/www.easydayphuket.com\/da\/kapong-jungle-safari-tour\/"]}]},{"@type":"ImageObject","inLanguage":"da-DK","@id":"https:\/\/www.easydayphuket.com\/da\/kapong-jungle-safari-tour\/#primaryimage","url":"https:\/\/www.easydayphuket.com\/wp-content\/uploads\/2014\/03\/Kapong-Adriano-300x200.jpg","contentUrl":"https:\/\/www.easydayphuket.com\/wp-content\/uploads\/2014\/03\/Kapong-Adriano-300x200.jpg"},{"@type":"BreadcrumbList","@id":"https:\/\/www.easydayphuket.com\/da\/kapong-jungle-safari-tour\/#breadcrumb","itemListElement":[{"@type":"ListItem","position":1,"name":"Home","item":"https:\/\/www.easydayphuket.com\/da\/"},{"@type":"ListItem","position":2,"name":"Kapong Jungle Safari Tour"}]},{"@type":"WebSite","@id":"https:\/\/www.easydayphuket.com\/#website","url":"https:\/\/www.easydayphuket.com\/","name":"Easy Day Phuket Tours","description":"Din Tur & Rejse Partner i Phuket","publisher":{"@id":"https:\/\/www.easydayphuket.com\/#organization"},"potentialAction":[{"@type":"SearchAction","target":{"@type":"EntryPoint","urlTemplate":"https:\/\/www.easydayphuket.com\/?s={search_term_string}"},"query-input":{"@type":"PropertyValueSpecification","valueRequired":true,"valueName":"search_term_string"}}],"inLanguage":"da-DK"},{"@type":"Organization","@id":"https:\/\/www.easydayphuket.com\/#organization","name":"Easy Day Thailand","url":"https:\/\/www.easydayphuket.com\/","logo":{"@type":"ImageObject","inLanguage":"da-DK","@id":"https:\/\/www.easydayphuket.com\/#\/schema\/logo\/image\/","url":"https:\/\/www.easydayphuket.com\/wp-content\/uploads\/2013\/07\/Sun-Thaiflag_booking12.gif","contentUrl":"https:\/\/www.easydayphuket.com\/wp-content\/uploads\/2013\/07\/Sun-Thaiflag_booking12.gif","width":100,"height":94,"caption":"Easy Day Thailand"},"image":{"@id":"https:\/\/www.easydayphuket.com\/#\/schema\/logo\/image\/"},"sameAs":["https:\/\/www.facebook.com\/Easydayinthailand\/","https:\/\/www.instagram.com\/easydaythailand\/"]}]}},"_links":{"self":[{"href":"https:\/\/www.easydayphuket.com\/da\/wp-json\/wp\/v2\/pages\/15630","targetHints":{"allow":["GET"]}}],"collection":[{"href":"https:\/\/www.easydayphuket.com\/da\/wp-json\/wp\/v2\/pages"}],"about":[{"href":"https:\/\/www.easydayphuket.com\/da\/wp-json\/wp\/v2\/types\/page"}],"author":[{"embeddable":true,"href":"https:\/\/www.easydayphuket.com\/da\/wp-json\/wp\/v2\/users\/4"}],"replies":[{"embeddable":true,"href":"https:\/\/www.easydayphuket.com\/da\/wp-json\/wp\/v2\/comments?post=15630"}],"version-history":[{"count":0,"href":"https:\/\/www.easydayphuket.com\/da\/wp-json\/wp\/v2\/pages\/15630\/revisions"}],"wp:attachment":[{"href":"https:\/\/www.easydayphuket.com\/da\/wp-json\/wp\/v2\/media?parent=15630"}],"curies":[{"name":"wp","href":"https:\/\/api.w.org\/{rel}","templated":true}]}}